{"id":1997,"date":"2022-04-20T11:22:14","date_gmt":"2022-04-20T09:22:14","guid":{"rendered":"https:\/\/www.verdieditions.com\/equilibre-de-vie\/?post_type=product&#038;p=1997"},"modified":"2024-02-06T11:25:50","modified_gmt":"2024-02-06T10:25:50","slug":"waddell-vies-interieures","status":"publish","type":"product","link":"https:\/\/www.verdieditions.com\/equilibre-de-vie\/produit\/waddell-vies-interieures\/","title":{"rendered":"Vies int\u00e9rieures &#8211; Margot WADDELL"},"content":{"rendered":"<p>Auteur : Margot WADDELL<br \/>\nTitre : Vies int\u00e9rieures, Psychanalyse et D\u00e9veloppement de la Personnalit\u00e9<br \/>\n\u00c9diteur : Editions du Hublot, collection Tavistock Clinic, Regards sur les Sciences Humaines, 2002<br \/>\n1\u00e8re \u00e9dition originale<br \/>\nDim. 16 x 24<br \/>\n222 pages <\/p>\n<p>Vies Int\u00e9rieures est un livre de la nouvelle s\u00e9rie d&rsquo;ouvrages publi\u00e9s par la Tavistock Clinic, le c\u00e9l\u00e8bre centre de consultations, de formation et de recherche londonien. Ces ouvrages, destin\u00e9s \u00e0 un large public, couvrent l&rsquo;ensemble des activit\u00e9s de ses d\u00e9partements, groupes de travail et s\u00e9minaires de recherche.<\/p>\n<p>Vies Int\u00e9rieures est au coeur de la r\u00e9flexion et du travail de la Tavistock Clinic. Ce livre a aussi pour dessein de rendre la th\u00e9orie psychanalytique plus vivante et accessible \u00e0 un plus grand nombre de lecteurs que ceux qui en sont familiers. Ainsi nous est cont\u00e9e dans les termes les plus simples la plus complexe des histoires : celle du d\u00e9veloppement int\u00e9rieur de l&rsquo;\u00eatre humain au cours de sa vie.<br \/>\nEn suivant les phases essentielles du d\u00e9veloppement depuis les tout premiers jours de la petite enfance jusqu&rsquo;\u00e0 ceux v\u00e9n\u00e9rables de la vieillesse, Margot Waddell explore avec beaucoup de clart\u00e9 ce qui, dans l&rsquo;exp\u00e9rience de l&rsquo;\u00eatre humain, lui est indispensable pour sa croissance psychique et \u00e9motionnelle, et ce qui au contraire va aller \u00e0 l&rsquo;encontre de cette croissance.<\/p>\n<p>M\u00ealant tour \u00e0 tour exemples cliniques et illustrations non cliniques de la litt\u00e9rature g\u00e9n\u00e9rale, Vies Int\u00e9rieures offre une introduction \u00e0 la pens\u00e9e psychanalytique contemporaine et propose une approche vivante et personnelle de la question difficile du d\u00e9veloppement de la personnalit\u00e9.<\/p>\n<p>L&rsquo;auteur : Psychanalyste et psychoth\u00e9rapeute d&rsquo;enfants, Margot Waddell consulte au D\u00e9partement Adolescent de la Tavistock Clinic. Avec Nicholas Temple, elle co-dirige la nouvelle collection d&rsquo;ouvrages de la Tavistock (Tavistock Clinic Series).<\/p>\n","protected":false},"excerpt":{"rendered":"<p>Auteur : Margot WADDELL<br \/>\nTitre : Vies int\u00e9rieures, Psychanalyse et D\u00e9veloppement de la Personnalit\u00e9<br \/>\n\u00c9diteur : Editions du Hublot, collection Tavistock Clinic, Regards sur les Sciences Humaines, 2002<br \/>\n1\u00e8re \u00e9dition originale<br \/>\nDim. 16 x 24<br \/>\n222 pages <\/p>\n","protected":false},"featured_media":1999,"template":"","meta":[],"product_brand":[],"product_cat":[22],"product_tag":[134,171],"class_list":{"0":"post-1997","1":"product","2":"type-product","3":"status-publish","4":"has-post-thumbnail","6":"product_cat-developpement-personnel","7":"product_tag-psychanalyse","8":"product_tag-vie","10":"first","11":"instock","12":"shipping-taxable","13":"product-type-simple"},"yoast_head":"<!-- This site is optimized with the Yoast SEO plugin v27.4 - https:\/\/yoast.com\/product\/yoast-seo-wordpress\/ -->\n<title>Vies int\u00e9rieures - Margot WADDELL - Equilibre de Vie<\/title>\n<meta name=\"description\" content=\"Margot WADDELL - Vies int\u00e9rieures, Psychanalyse &amp; D\u00e9veloppement de la Personnalit\u00e9 - Hublot, coll Tavistock Clinic, 2002 Dim. 16 x 24 222 p\" \/>\n<meta name=\"robots\" content=\"index, follow, max-snippet:-1, max-image-preview:large, max-video-preview:-1\" \/>\n<link rel=\"canonical\" href=\"https:\/\/www.verdieditions.com\/equilibre-de-vie\/produit\/waddell-vies-interieures\/\" \/>\n<meta property=\"og:locale\" content=\"fr_FR\" \/>\n<meta property=\"og:type\" content=\"article\" \/>\n<meta property=\"og:title\" content=\"Vies int\u00e9rieures - Margot WADDELL - Equilibre de Vie\" \/>\n<meta property=\"og:description\" content=\"Margot WADDELL - Vies int\u00e9rieures, Psychanalyse &amp; D\u00e9veloppement de la Personnalit\u00e9 - Hublot, coll Tavistock Clinic, 2002 Dim. 16 x 24 222 p\" \/>\n<meta property=\"og:url\" content=\"https:\/\/www.verdieditions.com\/equilibre-de-vie\/produit\/waddell-vies-interieures\/\" \/>\n<meta property=\"og:site_name\" content=\"Equilibre de Vie\" \/>\n<meta property=\"article:modified_time\" content=\"2024-02-06T10:25:50+00:00\" \/>\n<meta property=\"og:image\" content=\"https:\/\/www.verdieditions.com\/equilibre-de-vie\/wp-content\/uploads\/2022\/04\/vies-interieures-waddell.jpg\" \/>\n\t<meta property=\"og:image:width\" content=\"548\" \/>\n\t<meta property=\"og:image:height\" content=\"800\" \/>\n\t<meta property=\"og:image:type\" content=\"image\/jpeg\" \/>\n<meta name=\"twitter:card\" content=\"summary_large_image\" \/>\n<meta name=\"twitter:label1\" content=\"Dur\u00e9e de lecture estim\u00e9e\" \/>\n\t<meta name=\"twitter:data1\" content=\"2 minutes\" \/>\n<script type=\"application\/ld+json\" class=\"yoast-schema-graph\">{\"@context\":\"https:\\\/\\\/schema.org\",\"@graph\":[{\"@type\":\"WebPage\",\"@id\":\"https:\\\/\\\/www.verdieditions.com\\\/equilibre-de-vie\\\/produit\\\/waddell-vies-interieures\\\/\",\"url\":\"https:\\\/\\\/www.verdieditions.com\\\/equilibre-de-vie\\\/produit\\\/waddell-vies-interieures\\\/\",\"name\":\"Vies int\u00e9rieures - Margot WADDELL - Equilibre de Vie\",\"isPartOf\":{\"@id\":\"https:\\\/\\\/www.verdieditions.com\\\/equilibre-de-vie\\\/#website\"},\"primaryImageOfPage\":{\"@id\":\"https:\\\/\\\/www.verdieditions.com\\\/equilibre-de-vie\\\/produit\\\/waddell-vies-interieures\\\/#primaryimage\"},\"image\":{\"@id\":\"https:\\\/\\\/www.verdieditions.com\\\/equilibre-de-vie\\\/produit\\\/waddell-vies-interieures\\\/#primaryimage\"},\"thumbnailUrl\":\"https:\\\/\\\/www.verdieditions.com\\\/equilibre-de-vie\\\/wp-content\\\/uploads\\\/2022\\\/04\\\/vies-interieures-waddell.jpg\",\"datePublished\":\"2022-04-20T09:22:14+00:00\",\"dateModified\":\"2024-02-06T10:25:50+00:00\",\"description\":\"Margot WADDELL - Vies int\u00e9rieures, Psychanalyse & D\u00e9veloppement de la Personnalit\u00e9 - Hublot, coll Tavistock Clinic, 2002 Dim. 16 x 24 222 p\",\"breadcrumb\":{\"@id\":\"https:\\\/\\\/www.verdieditions.com\\\/equilibre-de-vie\\\/produit\\\/waddell-vies-interieures\\\/#breadcrumb\"},\"inLanguage\":\"fr-FR\",\"potentialAction\":[{\"@type\":\"ReadAction\",\"target\":[\"https:\\\/\\\/www.verdieditions.com\\\/equilibre-de-vie\\\/produit\\\/waddell-vies-interieures\\\/\"]}]},{\"@type\":\"ImageObject\",\"inLanguage\":\"fr-FR\",\"@id\":\"https:\\\/\\\/www.verdieditions.com\\\/equilibre-de-vie\\\/produit\\\/waddell-vies-interieures\\\/#primaryimage\",\"url\":\"https:\\\/\\\/www.verdieditions.com\\\/equilibre-de-vie\\\/wp-content\\\/uploads\\\/2022\\\/04\\\/vies-interieures-waddell.jpg\",\"contentUrl\":\"https:\\\/\\\/www.verdieditions.com\\\/equilibre-de-vie\\\/wp-content\\\/uploads\\\/2022\\\/04\\\/vies-interieures-waddell.jpg\",\"width\":548,\"height\":800,\"caption\":\"vies-interieures-waddell\"},{\"@type\":\"BreadcrumbList\",\"@id\":\"https:\\\/\\\/www.verdieditions.com\\\/equilibre-de-vie\\\/produit\\\/waddell-vies-interieures\\\/#breadcrumb\",\"itemListElement\":[{\"@type\":\"ListItem\",\"position\":1,\"name\":\"Accueil\",\"item\":\"https:\\\/\\\/www.verdieditions.com\\\/equilibre-de-vie\\\/\"},{\"@type\":\"ListItem\",\"position\":2,\"name\":\"La boutique\",\"item\":\"https:\\\/\\\/www.verdieditions.com\\\/equilibre-de-vie\\\/boutique\\\/\"},{\"@type\":\"ListItem\",\"position\":3,\"name\":\"Vies int\u00e9rieures &#8211; Margot WADDELL\"}]},{\"@type\":\"WebSite\",\"@id\":\"https:\\\/\\\/www.verdieditions.com\\\/equilibre-de-vie\\\/#website\",\"url\":\"https:\\\/\\\/www.verdieditions.com\\\/equilibre-de-vie\\\/\",\"name\":\"Equilibre de Vie\",\"description\":\"Ma boutique livres sant\u00e9, \u00e9sot\u00e9risme et d\u00e9veloppement personnel\",\"publisher\":{\"@id\":\"https:\\\/\\\/www.verdieditions.com\\\/equilibre-de-vie\\\/#\\\/schema\\\/person\\\/9dcb2a6759f2f5fbf43ac0b44649cecb\"},\"potentialAction\":[{\"@type\":\"SearchAction\",\"target\":{\"@type\":\"EntryPoint\",\"urlTemplate\":\"https:\\\/\\\/www.verdieditions.com\\\/equilibre-de-vie\\\/?s={search_term_string}\"},\"query-input\":{\"@type\":\"PropertyValueSpecification\",\"valueRequired\":true,\"valueName\":\"search_term_string\"}}],\"inLanguage\":\"fr-FR\"},{\"@type\":[\"Person\",\"Organization\"],\"@id\":\"https:\\\/\\\/www.verdieditions.com\\\/equilibre-de-vie\\\/#\\\/schema\\\/person\\\/9dcb2a6759f2f5fbf43ac0b44649cecb\",\"name\":\"Sylvie VERDI\",\"image\":{\"@type\":\"ImageObject\",\"inLanguage\":\"fr-FR\",\"@id\":\"https:\\\/\\\/www.verdieditions.com\\\/equilibre-de-vie\\\/wp-content\\\/uploads\\\/2020\\\/04\\\/livres-occasion-sante-esoterisme-developpement-personnel-2.jpg\",\"url\":\"https:\\\/\\\/www.verdieditions.com\\\/equilibre-de-vie\\\/wp-content\\\/uploads\\\/2020\\\/04\\\/livres-occasion-sante-esoterisme-developpement-personnel-2.jpg\",\"contentUrl\":\"https:\\\/\\\/www.verdieditions.com\\\/equilibre-de-vie\\\/wp-content\\\/uploads\\\/2020\\\/04\\\/livres-occasion-sante-esoterisme-developpement-personnel-2.jpg\",\"width\":800,\"height\":572,\"caption\":\"Sylvie VERDI\"},\"logo\":{\"@id\":\"https:\\\/\\\/www.verdieditions.com\\\/equilibre-de-vie\\\/wp-content\\\/uploads\\\/2020\\\/04\\\/livres-occasion-sante-esoterisme-developpement-personnel-2.jpg\"},\"sameAs\":[\"https:\\\/\\\/www.verdieditions.com\\\/equilibre-de-vie\"]}]}<\/script>\n<!-- \/ Yoast SEO plugin. -->","yoast_head_json":{"title":"Vies int\u00e9rieures - Margot WADDELL - Equilibre de Vie","description":"Margot WADDELL - Vies int\u00e9rieures, Psychanalyse & D\u00e9veloppement de la Personnalit\u00e9 - Hublot, coll Tavistock Clinic, 2002 Dim. 16 x 24 222 p","robots":{"index":"index","follow":"follow","max-snippet":"max-snippet:-1","max-image-preview":"max-image-preview:large","max-video-preview":"max-video-preview:-1"},"canonical":"https:\/\/www.verdieditions.com\/equilibre-de-vie\/produit\/waddell-vies-interieures\/","og_locale":"fr_FR","og_type":"article","og_title":"Vies int\u00e9rieures - Margot WADDELL - Equilibre de Vie","og_description":"Margot WADDELL - Vies int\u00e9rieures, Psychanalyse & D\u00e9veloppement de la Personnalit\u00e9 - Hublot, coll Tavistock Clinic, 2002 Dim. 16 x 24 222 p","og_url":"https:\/\/www.verdieditions.com\/equilibre-de-vie\/produit\/waddell-vies-interieures\/","og_site_name":"Equilibre de Vie","article_modified_time":"2024-02-06T10:25:50+00:00","og_image":[{"width":548,"height":800,"url":"https:\/\/www.verdieditions.com\/equilibre-de-vie\/wp-content\/uploads\/2022\/04\/vies-interieures-waddell.jpg","type":"image\/jpeg"}],"twitter_card":"summary_large_image","twitter_misc":{"Dur\u00e9e de lecture estim\u00e9e":"2 minutes"},"schema":{"@context":"https:\/\/schema.org","@graph":[{"@type":"WebPage","@id":"https:\/\/www.verdieditions.com\/equilibre-de-vie\/produit\/waddell-vies-interieures\/","url":"https:\/\/www.verdieditions.com\/equilibre-de-vie\/produit\/waddell-vies-interieures\/","name":"Vies int\u00e9rieures - Margot WADDELL - Equilibre de Vie","isPartOf":{"@id":"https:\/\/www.verdieditions.com\/equilibre-de-vie\/#website"},"primaryImageOfPage":{"@id":"https:\/\/www.verdieditions.com\/equilibre-de-vie\/produit\/waddell-vies-interieures\/#primaryimage"},"image":{"@id":"https:\/\/www.verdieditions.com\/equilibre-de-vie\/produit\/waddell-vies-interieures\/#primaryimage"},"thumbnailUrl":"https:\/\/www.verdieditions.com\/equilibre-de-vie\/wp-content\/uploads\/2022\/04\/vies-interieures-waddell.jpg","datePublished":"2022-04-20T09:22:14+00:00","dateModified":"2024-02-06T10:25:50+00:00","description":"Margot WADDELL - Vies int\u00e9rieures, Psychanalyse & D\u00e9veloppement de la Personnalit\u00e9 - Hublot, coll Tavistock Clinic, 2002 Dim. 16 x 24 222 p","breadcrumb":{"@id":"https:\/\/www.verdieditions.com\/equilibre-de-vie\/produit\/waddell-vies-interieures\/#breadcrumb"},"inLanguage":"fr-FR","potentialAction":[{"@type":"ReadAction","target":["https:\/\/www.verdieditions.com\/equilibre-de-vie\/produit\/waddell-vies-interieures\/"]}]},{"@type":"ImageObject","inLanguage":"fr-FR","@id":"https:\/\/www.verdieditions.com\/equilibre-de-vie\/produit\/waddell-vies-interieures\/#primaryimage","url":"https:\/\/www.verdieditions.com\/equilibre-de-vie\/wp-content\/uploads\/2022\/04\/vies-interieures-waddell.jpg","contentUrl":"https:\/\/www.verdieditions.com\/equilibre-de-vie\/wp-content\/uploads\/2022\/04\/vies-interieures-waddell.jpg","width":548,"height":800,"caption":"vies-interieures-waddell"},{"@type":"BreadcrumbList","@id":"https:\/\/www.verdieditions.com\/equilibre-de-vie\/produit\/waddell-vies-interieures\/#breadcrumb","itemListElement":[{"@type":"ListItem","position":1,"name":"Accueil","item":"https:\/\/www.verdieditions.com\/equilibre-de-vie\/"},{"@type":"ListItem","position":2,"name":"La boutique","item":"https:\/\/www.verdieditions.com\/equilibre-de-vie\/boutique\/"},{"@type":"ListItem","position":3,"name":"Vies int\u00e9rieures &#8211; Margot WADDELL"}]},{"@type":"WebSite","@id":"https:\/\/www.verdieditions.com\/equilibre-de-vie\/#website","url":"https:\/\/www.verdieditions.com\/equilibre-de-vie\/","name":"Equilibre de Vie","description":"Ma boutique livres sant\u00e9, \u00e9sot\u00e9risme et d\u00e9veloppement personnel","publisher":{"@id":"https:\/\/www.verdieditions.com\/equilibre-de-vie\/#\/schema\/person\/9dcb2a6759f2f5fbf43ac0b44649cecb"},"potentialAction":[{"@type":"SearchAction","target":{"@type":"EntryPoint","urlTemplate":"https:\/\/www.verdieditions.com\/equilibre-de-vie\/?s={search_term_string}"},"query-input":{"@type":"PropertyValueSpecification","valueRequired":true,"valueName":"search_term_string"}}],"inLanguage":"fr-FR"},{"@type":["Person","Organization"],"@id":"https:\/\/www.verdieditions.com\/equilibre-de-vie\/#\/schema\/person\/9dcb2a6759f2f5fbf43ac0b44649cecb","name":"Sylvie VERDI","image":{"@type":"ImageObject","inLanguage":"fr-FR","@id":"https:\/\/www.verdieditions.com\/equilibre-de-vie\/wp-content\/uploads\/2020\/04\/livres-occasion-sante-esoterisme-developpement-personnel-2.jpg","url":"https:\/\/www.verdieditions.com\/equilibre-de-vie\/wp-content\/uploads\/2020\/04\/livres-occasion-sante-esoterisme-developpement-personnel-2.jpg","contentUrl":"https:\/\/www.verdieditions.com\/equilibre-de-vie\/wp-content\/uploads\/2020\/04\/livres-occasion-sante-esoterisme-developpement-personnel-2.jpg","width":800,"height":572,"caption":"Sylvie VERDI"},"logo":{"@id":"https:\/\/www.verdieditions.com\/equilibre-de-vie\/wp-content\/uploads\/2020\/04\/livres-occasion-sante-esoterisme-developpement-personnel-2.jpg"},"sameAs":["https:\/\/www.verdieditions.com\/equilibre-de-vie"]}]}},"_links":{"self":[{"href":"https:\/\/www.verdieditions.com\/equilibre-de-vie\/wp-json\/wp\/v2\/product\/1997","targetHints":{"allow":["GET"]}}],"collection":[{"href":"https:\/\/www.verdieditions.com\/equilibre-de-vie\/wp-json\/wp\/v2\/product"}],"about":[{"href":"https:\/\/www.verdieditions.com\/equilibre-de-vie\/wp-json\/wp\/v2\/types\/product"}],"wp:featuredmedia":[{"embeddable":true,"href":"https:\/\/www.verdieditions.com\/equilibre-de-vie\/wp-json\/wp\/v2\/media\/1999"}],"wp:attachment":[{"href":"https:\/\/www.verdieditions.com\/equilibre-de-vie\/wp-json\/wp\/v2\/media?parent=1997"}],"wp:term":[{"taxonomy":"product_brand","embeddable":true,"href":"https:\/\/www.verdieditions.com\/equilibre-de-vie\/wp-json\/wp\/v2\/product_brand?post=1997"},{"taxonomy":"product_cat","embeddable":true,"href":"https:\/\/www.verdieditions.com\/equilibre-de-vie\/wp-json\/wp\/v2\/product_cat?post=1997"},{"taxonomy":"product_tag","embeddable":true,"href":"https:\/\/www.verdieditions.com\/equilibre-de-vie\/wp-json\/wp\/v2\/product_tag?post=1997"}],"curies":[{"name":"wp","href":"https:\/\/api.w.org\/{rel}","templated":true}]}}