{"id":1977,"date":"2022-03-31T15:33:29","date_gmt":"2022-03-31T13:33:29","guid":{"rendered":"https:\/\/www.verdieditions.com\/equilibre-de-vie\/?post_type=product&#038;p=1977"},"modified":"2024-02-06T13:22:35","modified_gmt":"2024-02-06T12:22:35","slug":"bulliet-civilisation-islamo-chretienne","status":"publish","type":"product","link":"https:\/\/www.verdieditions.com\/equilibre-de-vie\/produit\/bulliet-civilisation-islamo-chretienne\/","title":{"rendered":"La civilisation islamo-chr\u00e9tienne &#8211; Richard W. BULLIET"},"content":{"rendered":"<p>Auteur : Richard W. BULLIET<br \/>\nTitre : La civilisation islamo-chr\u00e9tienne, son pass\u00e9, son avenir<br \/>\n\u00c9diteur : L Club, 2006<br \/>\nDim. 14 x 22,5<br \/>\n240 pages <\/p>\n<p>Les relations entre l&rsquo;Occident et le monde arabo-musulman de fin de la Guerre froide ont \u00e9t\u00e9 largement d\u00e9termin\u00e9es par un mod\u00e8le catastrophiste fond\u00e9 sur la th\u00e8se du \u00a0\u00bb choc des civilisations \u00ab\u00a0. De Bernard Lewis \u00e0 Samuel Huntington, des g\u00e9n\u00e9rations de chercheurs am\u00e9ricains n&rsquo;ont vu et soulign\u00e9 que l&rsquo;aspect conflictuel des rapports entre ces deux r\u00e9gions du monde. C&rsquo;est une tout autre histoire qu&rsquo;\u00e9crit ici Richard W. Bulliet. S&rsquo;appuyant sur deux arguments forts, il vise \u00e0 saper les th\u00e8ses qui ont servi de support id\u00e9ologique \u00e0 l&rsquo;administration am\u00e9ricaine pour ses interventions dans le monde arabe, et notamment en Irak. D&rsquo;une part, contre l&rsquo;histoire d&rsquo;une continuelle opposition, il r\u00e9concilie l&rsquo;Occident et le monde arabo-musulman en les pr\u00e9sentant comme les deux branches, culturellement proches, d&rsquo;une m\u00eame \u00a0\u00bb civilisation islamo-chr\u00e9tienne \u00ab\u00a0. D&rsquo;autre part, il r\u00e9fute l&rsquo;id\u00e9e d&rsquo;un islam essentiellement archa\u00efque et int\u00e9griste qui ferait obstacle \u00e0 tout progr\u00e8s politiques et social : l&rsquo;islam qui a accompagn\u00e9 l&rsquo;histoire moderne du monde arabe est un islam pluraliste et progressiste, au sein duquel les \u00a0\u00bb fous d&rsquo;Allah \u00a0\u00bb ne sont que des marginaux. Au lieu d&rsquo;un choc des civilisations, Bulliet croit donc \u00e0 la possibilit\u00e9 d&rsquo;une coexistence entre les deux r\u00e9gions et \u00e0 l&rsquo;\u00e9mergence de r\u00e9gimes politiques d\u00e9mocratiques avec un islam mod\u00e9r\u00e9.<\/p>\n","protected":false},"excerpt":{"rendered":"<p>Auteur : Richard W. BULLIET<br \/>\nTitre : La civilisation islamo-chr\u00e9tienne, son pass\u00e9, son avenir<br \/>\n\u00c9diteur : L Club, 2006<br \/>\nDim. 14 x 22,5<br \/>\n240 pages <\/p>\n","protected":false},"featured_media":1979,"template":"","meta":[],"product_brand":[],"product_cat":[22],"product_tag":[141],"class_list":{"0":"post-1977","1":"product","2":"type-product","3":"status-publish","4":"has-post-thumbnail","6":"product_cat-developpement-personnel","7":"product_tag-religion","9":"first","10":"instock","11":"shipping-taxable","12":"product-type-simple"},"yoast_head":"<!-- This site is optimized with the Yoast SEO plugin v27.4 - https:\/\/yoast.com\/product\/yoast-seo-wordpress\/ -->\n<title>La civilisation islamo-chr\u00e9tienne - Richard W. BULLIET<\/title>\n<meta name=\"description\" content=\"Auteur : Richard W. BULLIET Titre : La civilisation islamo-chr\u00e9tienne, son pass\u00e9, son avenir \u00c9diteur : L Club, 2006 Dim. 14 x 22,5 240 pages\" \/>\n<meta name=\"robots\" content=\"index, follow, max-snippet:-1, max-image-preview:large, max-video-preview:-1\" \/>\n<link rel=\"canonical\" href=\"https:\/\/www.verdieditions.com\/equilibre-de-vie\/produit\/bulliet-civilisation-islamo-chretienne\/\" \/>\n<meta property=\"og:locale\" content=\"fr_FR\" \/>\n<meta property=\"og:type\" content=\"article\" \/>\n<meta property=\"og:title\" content=\"La civilisation islamo-chr\u00e9tienne - Richard W. BULLIET\" \/>\n<meta property=\"og:description\" content=\"Auteur : Richard W. BULLIET Titre : La civilisation islamo-chr\u00e9tienne, son pass\u00e9, son avenir \u00c9diteur : L Club, 2006 Dim. 14 x 22,5 240 pages\" \/>\n<meta property=\"og:url\" content=\"https:\/\/www.verdieditions.com\/equilibre-de-vie\/produit\/bulliet-civilisation-islamo-chretienne\/\" \/>\n<meta property=\"og:site_name\" content=\"Equilibre de Vie\" \/>\n<meta property=\"article:modified_time\" content=\"2024-02-06T12:22:35+00:00\" \/>\n<meta property=\"og:image\" content=\"https:\/\/www.verdieditions.com\/equilibre-de-vie\/wp-content\/uploads\/2022\/03\/bulliet-civilisation-islamo-chretienne.jpg\" \/>\n\t<meta property=\"og:image:width\" content=\"507\" \/>\n\t<meta property=\"og:image:height\" content=\"800\" \/>\n\t<meta property=\"og:image:type\" content=\"image\/jpeg\" \/>\n<meta name=\"twitter:card\" content=\"summary_large_image\" \/>\n<meta name=\"twitter:label1\" content=\"Dur\u00e9e de lecture estim\u00e9e\" \/>\n\t<meta name=\"twitter:data1\" content=\"1 minute\" \/>\n<script type=\"application\/ld+json\" class=\"yoast-schema-graph\">{\"@context\":\"https:\\\/\\\/schema.org\",\"@graph\":[{\"@type\":\"WebPage\",\"@id\":\"https:\\\/\\\/www.verdieditions.com\\\/equilibre-de-vie\\\/produit\\\/bulliet-civilisation-islamo-chretienne\\\/\",\"url\":\"https:\\\/\\\/www.verdieditions.com\\\/equilibre-de-vie\\\/produit\\\/bulliet-civilisation-islamo-chretienne\\\/\",\"name\":\"La civilisation islamo-chr\u00e9tienne - Richard W. BULLIET\",\"isPartOf\":{\"@id\":\"https:\\\/\\\/www.verdieditions.com\\\/equilibre-de-vie\\\/#website\"},\"primaryImageOfPage\":{\"@id\":\"https:\\\/\\\/www.verdieditions.com\\\/equilibre-de-vie\\\/produit\\\/bulliet-civilisation-islamo-chretienne\\\/#primaryimage\"},\"image\":{\"@id\":\"https:\\\/\\\/www.verdieditions.com\\\/equilibre-de-vie\\\/produit\\\/bulliet-civilisation-islamo-chretienne\\\/#primaryimage\"},\"thumbnailUrl\":\"https:\\\/\\\/www.verdieditions.com\\\/equilibre-de-vie\\\/wp-content\\\/uploads\\\/2022\\\/03\\\/bulliet-civilisation-islamo-chretienne.jpg\",\"datePublished\":\"2022-03-31T13:33:29+00:00\",\"dateModified\":\"2024-02-06T12:22:35+00:00\",\"description\":\"Auteur : Richard W. BULLIET Titre : La civilisation islamo-chr\u00e9tienne, son pass\u00e9, son avenir \u00c9diteur : L Club, 2006 Dim. 14 x 22,5 240 pages\",\"breadcrumb\":{\"@id\":\"https:\\\/\\\/www.verdieditions.com\\\/equilibre-de-vie\\\/produit\\\/bulliet-civilisation-islamo-chretienne\\\/#breadcrumb\"},\"inLanguage\":\"fr-FR\",\"potentialAction\":[{\"@type\":\"ReadAction\",\"target\":[\"https:\\\/\\\/www.verdieditions.com\\\/equilibre-de-vie\\\/produit\\\/bulliet-civilisation-islamo-chretienne\\\/\"]}]},{\"@type\":\"ImageObject\",\"inLanguage\":\"fr-FR\",\"@id\":\"https:\\\/\\\/www.verdieditions.com\\\/equilibre-de-vie\\\/produit\\\/bulliet-civilisation-islamo-chretienne\\\/#primaryimage\",\"url\":\"https:\\\/\\\/www.verdieditions.com\\\/equilibre-de-vie\\\/wp-content\\\/uploads\\\/2022\\\/03\\\/bulliet-civilisation-islamo-chretienne.jpg\",\"contentUrl\":\"https:\\\/\\\/www.verdieditions.com\\\/equilibre-de-vie\\\/wp-content\\\/uploads\\\/2022\\\/03\\\/bulliet-civilisation-islamo-chretienne.jpg\",\"width\":507,\"height\":800,\"caption\":\"bulliet-civilisation-islamo-chretienne\"},{\"@type\":\"BreadcrumbList\",\"@id\":\"https:\\\/\\\/www.verdieditions.com\\\/equilibre-de-vie\\\/produit\\\/bulliet-civilisation-islamo-chretienne\\\/#breadcrumb\",\"itemListElement\":[{\"@type\":\"ListItem\",\"position\":1,\"name\":\"Accueil\",\"item\":\"https:\\\/\\\/www.verdieditions.com\\\/equilibre-de-vie\\\/\"},{\"@type\":\"ListItem\",\"position\":2,\"name\":\"La boutique\",\"item\":\"https:\\\/\\\/www.verdieditions.com\\\/equilibre-de-vie\\\/boutique\\\/\"},{\"@type\":\"ListItem\",\"position\":3,\"name\":\"La civilisation islamo-chr\u00e9tienne &#8211; Richard W. BULLIET\"}]},{\"@type\":\"WebSite\",\"@id\":\"https:\\\/\\\/www.verdieditions.com\\\/equilibre-de-vie\\\/#website\",\"url\":\"https:\\\/\\\/www.verdieditions.com\\\/equilibre-de-vie\\\/\",\"name\":\"Equilibre de Vie\",\"description\":\"Ma boutique livres sant\u00e9, \u00e9sot\u00e9risme et d\u00e9veloppement personnel\",\"publisher\":{\"@id\":\"https:\\\/\\\/www.verdieditions.com\\\/equilibre-de-vie\\\/#\\\/schema\\\/person\\\/9dcb2a6759f2f5fbf43ac0b44649cecb\"},\"potentialAction\":[{\"@type\":\"SearchAction\",\"target\":{\"@type\":\"EntryPoint\",\"urlTemplate\":\"https:\\\/\\\/www.verdieditions.com\\\/equilibre-de-vie\\\/?s={search_term_string}\"},\"query-input\":{\"@type\":\"PropertyValueSpecification\",\"valueRequired\":true,\"valueName\":\"search_term_string\"}}],\"inLanguage\":\"fr-FR\"},{\"@type\":[\"Person\",\"Organization\"],\"@id\":\"https:\\\/\\\/www.verdieditions.com\\\/equilibre-de-vie\\\/#\\\/schema\\\/person\\\/9dcb2a6759f2f5fbf43ac0b44649cecb\",\"name\":\"Sylvie VERDI\",\"image\":{\"@type\":\"ImageObject\",\"inLanguage\":\"fr-FR\",\"@id\":\"https:\\\/\\\/www.verdieditions.com\\\/equilibre-de-vie\\\/wp-content\\\/uploads\\\/2020\\\/04\\\/livres-occasion-sante-esoterisme-developpement-personnel-2.jpg\",\"url\":\"https:\\\/\\\/www.verdieditions.com\\\/equilibre-de-vie\\\/wp-content\\\/uploads\\\/2020\\\/04\\\/livres-occasion-sante-esoterisme-developpement-personnel-2.jpg\",\"contentUrl\":\"https:\\\/\\\/www.verdieditions.com\\\/equilibre-de-vie\\\/wp-content\\\/uploads\\\/2020\\\/04\\\/livres-occasion-sante-esoterisme-developpement-personnel-2.jpg\",\"width\":800,\"height\":572,\"caption\":\"Sylvie VERDI\"},\"logo\":{\"@id\":\"https:\\\/\\\/www.verdieditions.com\\\/equilibre-de-vie\\\/wp-content\\\/uploads\\\/2020\\\/04\\\/livres-occasion-sante-esoterisme-developpement-personnel-2.jpg\"},\"sameAs\":[\"https:\\\/\\\/www.verdieditions.com\\\/equilibre-de-vie\"]}]}<\/script>\n<!-- \/ Yoast SEO plugin. -->","yoast_head_json":{"title":"La civilisation islamo-chr\u00e9tienne - Richard W. BULLIET","description":"Auteur : Richard W. BULLIET Titre : La civilisation islamo-chr\u00e9tienne, son pass\u00e9, son avenir \u00c9diteur : L Club, 2006 Dim. 14 x 22,5 240 pages","robots":{"index":"index","follow":"follow","max-snippet":"max-snippet:-1","max-image-preview":"max-image-preview:large","max-video-preview":"max-video-preview:-1"},"canonical":"https:\/\/www.verdieditions.com\/equilibre-de-vie\/produit\/bulliet-civilisation-islamo-chretienne\/","og_locale":"fr_FR","og_type":"article","og_title":"La civilisation islamo-chr\u00e9tienne - Richard W. BULLIET","og_description":"Auteur : Richard W. BULLIET Titre : La civilisation islamo-chr\u00e9tienne, son pass\u00e9, son avenir \u00c9diteur : L Club, 2006 Dim. 14 x 22,5 240 pages","og_url":"https:\/\/www.verdieditions.com\/equilibre-de-vie\/produit\/bulliet-civilisation-islamo-chretienne\/","og_site_name":"Equilibre de Vie","article_modified_time":"2024-02-06T12:22:35+00:00","og_image":[{"width":507,"height":800,"url":"https:\/\/www.verdieditions.com\/equilibre-de-vie\/wp-content\/uploads\/2022\/03\/bulliet-civilisation-islamo-chretienne.jpg","type":"image\/jpeg"}],"twitter_card":"summary_large_image","twitter_misc":{"Dur\u00e9e de lecture estim\u00e9e":"1 minute"},"schema":{"@context":"https:\/\/schema.org","@graph":[{"@type":"WebPage","@id":"https:\/\/www.verdieditions.com\/equilibre-de-vie\/produit\/bulliet-civilisation-islamo-chretienne\/","url":"https:\/\/www.verdieditions.com\/equilibre-de-vie\/produit\/bulliet-civilisation-islamo-chretienne\/","name":"La civilisation islamo-chr\u00e9tienne - Richard W. BULLIET","isPartOf":{"@id":"https:\/\/www.verdieditions.com\/equilibre-de-vie\/#website"},"primaryImageOfPage":{"@id":"https:\/\/www.verdieditions.com\/equilibre-de-vie\/produit\/bulliet-civilisation-islamo-chretienne\/#primaryimage"},"image":{"@id":"https:\/\/www.verdieditions.com\/equilibre-de-vie\/produit\/bulliet-civilisation-islamo-chretienne\/#primaryimage"},"thumbnailUrl":"https:\/\/www.verdieditions.com\/equilibre-de-vie\/wp-content\/uploads\/2022\/03\/bulliet-civilisation-islamo-chretienne.jpg","datePublished":"2022-03-31T13:33:29+00:00","dateModified":"2024-02-06T12:22:35+00:00","description":"Auteur : Richard W. BULLIET Titre : La civilisation islamo-chr\u00e9tienne, son pass\u00e9, son avenir \u00c9diteur : L Club, 2006 Dim. 14 x 22,5 240 pages","breadcrumb":{"@id":"https:\/\/www.verdieditions.com\/equilibre-de-vie\/produit\/bulliet-civilisation-islamo-chretienne\/#breadcrumb"},"inLanguage":"fr-FR","potentialAction":[{"@type":"ReadAction","target":["https:\/\/www.verdieditions.com\/equilibre-de-vie\/produit\/bulliet-civilisation-islamo-chretienne\/"]}]},{"@type":"ImageObject","inLanguage":"fr-FR","@id":"https:\/\/www.verdieditions.com\/equilibre-de-vie\/produit\/bulliet-civilisation-islamo-chretienne\/#primaryimage","url":"https:\/\/www.verdieditions.com\/equilibre-de-vie\/wp-content\/uploads\/2022\/03\/bulliet-civilisation-islamo-chretienne.jpg","contentUrl":"https:\/\/www.verdieditions.com\/equilibre-de-vie\/wp-content\/uploads\/2022\/03\/bulliet-civilisation-islamo-chretienne.jpg","width":507,"height":800,"caption":"bulliet-civilisation-islamo-chretienne"},{"@type":"BreadcrumbList","@id":"https:\/\/www.verdieditions.com\/equilibre-de-vie\/produit\/bulliet-civilisation-islamo-chretienne\/#breadcrumb","itemListElement":[{"@type":"ListItem","position":1,"name":"Accueil","item":"https:\/\/www.verdieditions.com\/equilibre-de-vie\/"},{"@type":"ListItem","position":2,"name":"La boutique","item":"https:\/\/www.verdieditions.com\/equilibre-de-vie\/boutique\/"},{"@type":"ListItem","position":3,"name":"La civilisation islamo-chr\u00e9tienne &#8211; Richard W. BULLIET"}]},{"@type":"WebSite","@id":"https:\/\/www.verdieditions.com\/equilibre-de-vie\/#website","url":"https:\/\/www.verdieditions.com\/equilibre-de-vie\/","name":"Equilibre de Vie","description":"Ma boutique livres sant\u00e9, \u00e9sot\u00e9risme et d\u00e9veloppement personnel","publisher":{"@id":"https:\/\/www.verdieditions.com\/equilibre-de-vie\/#\/schema\/person\/9dcb2a6759f2f5fbf43ac0b44649cecb"},"potentialAction":[{"@type":"SearchAction","target":{"@type":"EntryPoint","urlTemplate":"https:\/\/www.verdieditions.com\/equilibre-de-vie\/?s={search_term_string}"},"query-input":{"@type":"PropertyValueSpecification","valueRequired":true,"valueName":"search_term_string"}}],"inLanguage":"fr-FR"},{"@type":["Person","Organization"],"@id":"https:\/\/www.verdieditions.com\/equilibre-de-vie\/#\/schema\/person\/9dcb2a6759f2f5fbf43ac0b44649cecb","name":"Sylvie VERDI","image":{"@type":"ImageObject","inLanguage":"fr-FR","@id":"https:\/\/www.verdieditions.com\/equilibre-de-vie\/wp-content\/uploads\/2020\/04\/livres-occasion-sante-esoterisme-developpement-personnel-2.jpg","url":"https:\/\/www.verdieditions.com\/equilibre-de-vie\/wp-content\/uploads\/2020\/04\/livres-occasion-sante-esoterisme-developpement-personnel-2.jpg","contentUrl":"https:\/\/www.verdieditions.com\/equilibre-de-vie\/wp-content\/uploads\/2020\/04\/livres-occasion-sante-esoterisme-developpement-personnel-2.jpg","width":800,"height":572,"caption":"Sylvie VERDI"},"logo":{"@id":"https:\/\/www.verdieditions.com\/equilibre-de-vie\/wp-content\/uploads\/2020\/04\/livres-occasion-sante-esoterisme-developpement-personnel-2.jpg"},"sameAs":["https:\/\/www.verdieditions.com\/equilibre-de-vie"]}]}},"_links":{"self":[{"href":"https:\/\/www.verdieditions.com\/equilibre-de-vie\/wp-json\/wp\/v2\/product\/1977","targetHints":{"allow":["GET"]}}],"collection":[{"href":"https:\/\/www.verdieditions.com\/equilibre-de-vie\/wp-json\/wp\/v2\/product"}],"about":[{"href":"https:\/\/www.verdieditions.com\/equilibre-de-vie\/wp-json\/wp\/v2\/types\/product"}],"wp:featuredmedia":[{"embeddable":true,"href":"https:\/\/www.verdieditions.com\/equilibre-de-vie\/wp-json\/wp\/v2\/media\/1979"}],"wp:attachment":[{"href":"https:\/\/www.verdieditions.com\/equilibre-de-vie\/wp-json\/wp\/v2\/media?parent=1977"}],"wp:term":[{"taxonomy":"product_brand","embeddable":true,"href":"https:\/\/www.verdieditions.com\/equilibre-de-vie\/wp-json\/wp\/v2\/product_brand?post=1977"},{"taxonomy":"product_cat","embeddable":true,"href":"https:\/\/www.verdieditions.com\/equilibre-de-vie\/wp-json\/wp\/v2\/product_cat?post=1977"},{"taxonomy":"product_tag","embeddable":true,"href":"https:\/\/www.verdieditions.com\/equilibre-de-vie\/wp-json\/wp\/v2\/product_tag?post=1977"}],"curies":[{"name":"wp","href":"https:\/\/api.w.org\/{rel}","templated":true}]}}