{"id":197,"date":"2020-04-23T09:30:30","date_gmt":"2020-04-23T07:30:30","guid":{"rendered":"https:\/\/www.verdieditions.com\/equilibre-de-vie\/?post_type=product&#038;p=197"},"modified":"2023-02-09T11:14:28","modified_gmt":"2023-02-09T10:14:28","slug":"guide-interpretation-nombres-nombrologie-milleville","status":"publish","type":"product","link":"https:\/\/www.verdieditions.com\/equilibre-de-vie\/produit\/guide-interpretation-nombres-nombrologie-milleville\/","title":{"rendered":"L&rsquo;interpr\u00e9tation des nombres, la nombrologie &#8211; Claude de MILLEVILLE"},"content":{"rendered":"<p>Auteur : Claude de MILLEVILLE<br \/>\nTitre : Guide de l&rsquo;interpr\u00e9tation des nombres, la nombrologie<br \/>\n\u00c9diteur : Solar, 1996<br \/>\nEdition originale<br \/>\nDim. 14 x 22,5<br \/>\n160 pages<\/p>\n<p>Claude de Milleville a invent\u00e9 un art divinatoire impressionnant. D&rsquo;abord, elle vous demande de prononcer, au hasard, un nombre form\u00e9 au moins de trois chiffres ; ensuite vous la regardez r\u00e9duire vos nombres avec une rigueur pythagoricienne ; enfin, elle interpr\u00e8te, suivant les vingt-deux arcanes du Tarot, et vous en restez baba : c&rsquo;est magistral. Claude demande \u00e0 votre bouche de laisser s&rsquo;\u00e9chapper les chiffres secrets de votre \u00e2me, qu&rsquo;elle note sur une feuille d&rsquo;une grande \u00e9criture \u00e9nergique. Ensuite, elle r\u00e9pond \u00e0 vos questions en passant successivement en revue les origines du probl\u00e8me, vos atouts, vos handicaps, les voies de transformation, vos chances de r\u00e9ussite, le temps que cela va vous prendre&#8230; avec une justesse invraisemblable. Comment votre inconscient parvient-il \u00e0 utiliser le langage des nombres pour exprimer un grand myst\u00e8re. Voil\u00e0 ce que Claude en dit elle-m\u00eame : formuler un nombre au hasard, c&rsquo;est exprimer ici et maintenant notre Etre profond, dans un d\u00e9conditionnement total. Nous avons appris \u00e0 tricher, \u00e0 nous camoufler derri\u00e8re les mots ; en disant un nombre au hasard, nous parlons avec notre v\u00e9ritable langage<\/p>\n","protected":false},"excerpt":{"rendered":"<p>Auteur : Claude de MILLEVILLE<br \/>\nTitre : Guide de l&rsquo;interpr\u00e9tation des nombres, la nombrologie<br \/>\n\u00c9diteur : Solar, 1996<br \/>\nEdition originale<br \/>\nDim. 14 x 22,5<br \/>\n160 pages<\/p>\n","protected":false},"featured_media":198,"template":"","meta":[],"product_brand":[],"product_cat":[23],"product_tag":[32,113,114,115,139,162],"class_list":{"0":"post-197","1":"product","2":"type-product","3":"status-publish","4":"has-post-thumbnail","6":"product_cat-esoterisme","7":"product_tag-arts-divinatoires","8":"product_tag-nombres","9":"product_tag-nombrologie","10":"product_tag-numerologie","11":"product_tag-relations-humaines","12":"product_tag-tarot","14":"first","15":"outofstock","16":"featured","17":"shipping-taxable","18":"product-type-simple"},"yoast_head":"<!-- This site is optimized with the Yoast SEO plugin v27.4 - https:\/\/yoast.com\/product\/yoast-seo-wordpress\/ -->\n<title>L&#039;interpr\u00e9tation des nombres, la nombrologie - Claude de MILLEVILLE - Equilibre de Vie<\/title>\n<meta name=\"description\" content=\"Auteur : Claude de MILLEVILLE Titre : Guide de l\u2019interpr\u00e9tation des nombres, la nombrologie \u00c9diteur : Solar, 1996 Edition originale Dim. 14 x 22,5 160 pages\" \/>\n<meta name=\"robots\" content=\"index, follow, max-snippet:-1, max-image-preview:large, max-video-preview:-1\" \/>\n<link rel=\"canonical\" href=\"https:\/\/www.verdieditions.com\/equilibre-de-vie\/produit\/guide-interpretation-nombres-nombrologie-milleville\/\" \/>\n<meta property=\"og:locale\" content=\"fr_FR\" \/>\n<meta property=\"og:type\" content=\"article\" \/>\n<meta property=\"og:title\" content=\"L&#039;interpr\u00e9tation des nombres, la nombrologie - Claude de MILLEVILLE - Equilibre de Vie\" \/>\n<meta property=\"og:description\" content=\"Auteur : Claude de MILLEVILLE Titre : Guide de l\u2019interpr\u00e9tation des nombres, la nombrologie \u00c9diteur : Solar, 1996 Edition originale Dim. 14 x 22,5 160 pages\" \/>\n<meta property=\"og:url\" content=\"https:\/\/www.verdieditions.com\/equilibre-de-vie\/produit\/guide-interpretation-nombres-nombrologie-milleville\/\" \/>\n<meta property=\"og:site_name\" content=\"Equilibre de Vie\" \/>\n<meta property=\"article:modified_time\" content=\"2023-02-09T10:14:28+00:00\" \/>\n<meta property=\"og:image\" content=\"https:\/\/www.verdieditions.com\/equilibre-de-vie\/wp-content\/uploads\/2020\/04\/guide-interpretation-nombres-nombrologie-Milleville.jpg\" \/>\n\t<meta property=\"og:image:width\" content=\"777\" \/>\n\t<meta property=\"og:image:height\" content=\"1196\" \/>\n\t<meta property=\"og:image:type\" content=\"image\/jpeg\" \/>\n<meta name=\"twitter:card\" content=\"summary_large_image\" \/>\n<meta name=\"twitter:label1\" content=\"Dur\u00e9e de lecture estim\u00e9e\" \/>\n\t<meta name=\"twitter:data1\" content=\"1 minute\" \/>\n<script type=\"application\/ld+json\" class=\"yoast-schema-graph\">{\"@context\":\"https:\\\/\\\/schema.org\",\"@graph\":[{\"@type\":\"WebPage\",\"@id\":\"https:\\\/\\\/www.verdieditions.com\\\/equilibre-de-vie\\\/produit\\\/guide-interpretation-nombres-nombrologie-milleville\\\/\",\"url\":\"https:\\\/\\\/www.verdieditions.com\\\/equilibre-de-vie\\\/produit\\\/guide-interpretation-nombres-nombrologie-milleville\\\/\",\"name\":\"L'interpr\u00e9tation des nombres, la nombrologie - Claude de MILLEVILLE - Equilibre de Vie\",\"isPartOf\":{\"@id\":\"https:\\\/\\\/www.verdieditions.com\\\/equilibre-de-vie\\\/#website\"},\"primaryImageOfPage\":{\"@id\":\"https:\\\/\\\/www.verdieditions.com\\\/equilibre-de-vie\\\/produit\\\/guide-interpretation-nombres-nombrologie-milleville\\\/#primaryimage\"},\"image\":{\"@id\":\"https:\\\/\\\/www.verdieditions.com\\\/equilibre-de-vie\\\/produit\\\/guide-interpretation-nombres-nombrologie-milleville\\\/#primaryimage\"},\"thumbnailUrl\":\"https:\\\/\\\/www.verdieditions.com\\\/equilibre-de-vie\\\/wp-content\\\/uploads\\\/2020\\\/04\\\/guide-interpretation-nombres-nombrologie-Milleville.jpg\",\"datePublished\":\"2020-04-23T07:30:30+00:00\",\"dateModified\":\"2023-02-09T10:14:28+00:00\",\"description\":\"Auteur : Claude de MILLEVILLE Titre : Guide de l\u2019interpr\u00e9tation des nombres, la nombrologie \u00c9diteur : Solar, 1996 Edition originale Dim. 14 x 22,5 160 pages\",\"breadcrumb\":{\"@id\":\"https:\\\/\\\/www.verdieditions.com\\\/equilibre-de-vie\\\/produit\\\/guide-interpretation-nombres-nombrologie-milleville\\\/#breadcrumb\"},\"inLanguage\":\"fr-FR\",\"potentialAction\":[{\"@type\":\"ReadAction\",\"target\":[\"https:\\\/\\\/www.verdieditions.com\\\/equilibre-de-vie\\\/produit\\\/guide-interpretation-nombres-nombrologie-milleville\\\/\"]}]},{\"@type\":\"ImageObject\",\"inLanguage\":\"fr-FR\",\"@id\":\"https:\\\/\\\/www.verdieditions.com\\\/equilibre-de-vie\\\/produit\\\/guide-interpretation-nombres-nombrologie-milleville\\\/#primaryimage\",\"url\":\"https:\\\/\\\/www.verdieditions.com\\\/equilibre-de-vie\\\/wp-content\\\/uploads\\\/2020\\\/04\\\/guide-interpretation-nombres-nombrologie-Milleville.jpg\",\"contentUrl\":\"https:\\\/\\\/www.verdieditions.com\\\/equilibre-de-vie\\\/wp-content\\\/uploads\\\/2020\\\/04\\\/guide-interpretation-nombres-nombrologie-Milleville.jpg\",\"width\":777,\"height\":1196,\"caption\":\"guide-interpretation-nombres-nombrologie-Milleville\"},{\"@type\":\"BreadcrumbList\",\"@id\":\"https:\\\/\\\/www.verdieditions.com\\\/equilibre-de-vie\\\/produit\\\/guide-interpretation-nombres-nombrologie-milleville\\\/#breadcrumb\",\"itemListElement\":[{\"@type\":\"ListItem\",\"position\":1,\"name\":\"Accueil\",\"item\":\"https:\\\/\\\/www.verdieditions.com\\\/equilibre-de-vie\\\/\"},{\"@type\":\"ListItem\",\"position\":2,\"name\":\"La boutique\",\"item\":\"https:\\\/\\\/www.verdieditions.com\\\/equilibre-de-vie\\\/boutique\\\/\"},{\"@type\":\"ListItem\",\"position\":3,\"name\":\"L&#8217;interpr\u00e9tation des nombres, la nombrologie &#8211; Claude de MILLEVILLE\"}]},{\"@type\":\"WebSite\",\"@id\":\"https:\\\/\\\/www.verdieditions.com\\\/equilibre-de-vie\\\/#website\",\"url\":\"https:\\\/\\\/www.verdieditions.com\\\/equilibre-de-vie\\\/\",\"name\":\"Equilibre de Vie\",\"description\":\"Ma boutique livres sant\u00e9, \u00e9sot\u00e9risme et d\u00e9veloppement personnel\",\"publisher\":{\"@id\":\"https:\\\/\\\/www.verdieditions.com\\\/equilibre-de-vie\\\/#\\\/schema\\\/person\\\/9dcb2a6759f2f5fbf43ac0b44649cecb\"},\"potentialAction\":[{\"@type\":\"SearchAction\",\"target\":{\"@type\":\"EntryPoint\",\"urlTemplate\":\"https:\\\/\\\/www.verdieditions.com\\\/equilibre-de-vie\\\/?s={search_term_string}\"},\"query-input\":{\"@type\":\"PropertyValueSpecification\",\"valueRequired\":true,\"valueName\":\"search_term_string\"}}],\"inLanguage\":\"fr-FR\"},{\"@type\":[\"Person\",\"Organization\"],\"@id\":\"https:\\\/\\\/www.verdieditions.com\\\/equilibre-de-vie\\\/#\\\/schema\\\/person\\\/9dcb2a6759f2f5fbf43ac0b44649cecb\",\"name\":\"Sylvie VERDI\",\"image\":{\"@type\":\"ImageObject\",\"inLanguage\":\"fr-FR\",\"@id\":\"https:\\\/\\\/www.verdieditions.com\\\/equilibre-de-vie\\\/wp-content\\\/uploads\\\/2020\\\/04\\\/livres-occasion-sante-esoterisme-developpement-personnel-2.jpg\",\"url\":\"https:\\\/\\\/www.verdieditions.com\\\/equilibre-de-vie\\\/wp-content\\\/uploads\\\/2020\\\/04\\\/livres-occasion-sante-esoterisme-developpement-personnel-2.jpg\",\"contentUrl\":\"https:\\\/\\\/www.verdieditions.com\\\/equilibre-de-vie\\\/wp-content\\\/uploads\\\/2020\\\/04\\\/livres-occasion-sante-esoterisme-developpement-personnel-2.jpg\",\"width\":800,\"height\":572,\"caption\":\"Sylvie VERDI\"},\"logo\":{\"@id\":\"https:\\\/\\\/www.verdieditions.com\\\/equilibre-de-vie\\\/wp-content\\\/uploads\\\/2020\\\/04\\\/livres-occasion-sante-esoterisme-developpement-personnel-2.jpg\"},\"sameAs\":[\"https:\\\/\\\/www.verdieditions.com\\\/equilibre-de-vie\"]}]}<\/script>\n<!-- \/ Yoast SEO plugin. -->","yoast_head_json":{"title":"L'interpr\u00e9tation des nombres, la nombrologie - Claude de MILLEVILLE - Equilibre de Vie","description":"Auteur : Claude de MILLEVILLE Titre : Guide de l\u2019interpr\u00e9tation des nombres, la nombrologie \u00c9diteur : Solar, 1996 Edition originale Dim. 14 x 22,5 160 pages","robots":{"index":"index","follow":"follow","max-snippet":"max-snippet:-1","max-image-preview":"max-image-preview:large","max-video-preview":"max-video-preview:-1"},"canonical":"https:\/\/www.verdieditions.com\/equilibre-de-vie\/produit\/guide-interpretation-nombres-nombrologie-milleville\/","og_locale":"fr_FR","og_type":"article","og_title":"L'interpr\u00e9tation des nombres, la nombrologie - Claude de MILLEVILLE - Equilibre de Vie","og_description":"Auteur : Claude de MILLEVILLE Titre : Guide de l\u2019interpr\u00e9tation des nombres, la nombrologie \u00c9diteur : Solar, 1996 Edition originale Dim. 14 x 22,5 160 pages","og_url":"https:\/\/www.verdieditions.com\/equilibre-de-vie\/produit\/guide-interpretation-nombres-nombrologie-milleville\/","og_site_name":"Equilibre de Vie","article_modified_time":"2023-02-09T10:14:28+00:00","og_image":[{"width":777,"height":1196,"url":"https:\/\/www.verdieditions.com\/equilibre-de-vie\/wp-content\/uploads\/2020\/04\/guide-interpretation-nombres-nombrologie-Milleville.jpg","type":"image\/jpeg"}],"twitter_card":"summary_large_image","twitter_misc":{"Dur\u00e9e de lecture estim\u00e9e":"1 minute"},"schema":{"@context":"https:\/\/schema.org","@graph":[{"@type":"WebPage","@id":"https:\/\/www.verdieditions.com\/equilibre-de-vie\/produit\/guide-interpretation-nombres-nombrologie-milleville\/","url":"https:\/\/www.verdieditions.com\/equilibre-de-vie\/produit\/guide-interpretation-nombres-nombrologie-milleville\/","name":"L'interpr\u00e9tation des nombres, la nombrologie - Claude de MILLEVILLE - Equilibre de Vie","isPartOf":{"@id":"https:\/\/www.verdieditions.com\/equilibre-de-vie\/#website"},"primaryImageOfPage":{"@id":"https:\/\/www.verdieditions.com\/equilibre-de-vie\/produit\/guide-interpretation-nombres-nombrologie-milleville\/#primaryimage"},"image":{"@id":"https:\/\/www.verdieditions.com\/equilibre-de-vie\/produit\/guide-interpretation-nombres-nombrologie-milleville\/#primaryimage"},"thumbnailUrl":"https:\/\/www.verdieditions.com\/equilibre-de-vie\/wp-content\/uploads\/2020\/04\/guide-interpretation-nombres-nombrologie-Milleville.jpg","datePublished":"2020-04-23T07:30:30+00:00","dateModified":"2023-02-09T10:14:28+00:00","description":"Auteur : Claude de MILLEVILLE Titre : Guide de l\u2019interpr\u00e9tation des nombres, la nombrologie \u00c9diteur : Solar, 1996 Edition originale Dim. 14 x 22,5 160 pages","breadcrumb":{"@id":"https:\/\/www.verdieditions.com\/equilibre-de-vie\/produit\/guide-interpretation-nombres-nombrologie-milleville\/#breadcrumb"},"inLanguage":"fr-FR","potentialAction":[{"@type":"ReadAction","target":["https:\/\/www.verdieditions.com\/equilibre-de-vie\/produit\/guide-interpretation-nombres-nombrologie-milleville\/"]}]},{"@type":"ImageObject","inLanguage":"fr-FR","@id":"https:\/\/www.verdieditions.com\/equilibre-de-vie\/produit\/guide-interpretation-nombres-nombrologie-milleville\/#primaryimage","url":"https:\/\/www.verdieditions.com\/equilibre-de-vie\/wp-content\/uploads\/2020\/04\/guide-interpretation-nombres-nombrologie-Milleville.jpg","contentUrl":"https:\/\/www.verdieditions.com\/equilibre-de-vie\/wp-content\/uploads\/2020\/04\/guide-interpretation-nombres-nombrologie-Milleville.jpg","width":777,"height":1196,"caption":"guide-interpretation-nombres-nombrologie-Milleville"},{"@type":"BreadcrumbList","@id":"https:\/\/www.verdieditions.com\/equilibre-de-vie\/produit\/guide-interpretation-nombres-nombrologie-milleville\/#breadcrumb","itemListElement":[{"@type":"ListItem","position":1,"name":"Accueil","item":"https:\/\/www.verdieditions.com\/equilibre-de-vie\/"},{"@type":"ListItem","position":2,"name":"La boutique","item":"https:\/\/www.verdieditions.com\/equilibre-de-vie\/boutique\/"},{"@type":"ListItem","position":3,"name":"L&#8217;interpr\u00e9tation des nombres, la nombrologie &#8211; Claude de MILLEVILLE"}]},{"@type":"WebSite","@id":"https:\/\/www.verdieditions.com\/equilibre-de-vie\/#website","url":"https:\/\/www.verdieditions.com\/equilibre-de-vie\/","name":"Equilibre de Vie","description":"Ma boutique livres sant\u00e9, \u00e9sot\u00e9risme et d\u00e9veloppement personnel","publisher":{"@id":"https:\/\/www.verdieditions.com\/equilibre-de-vie\/#\/schema\/person\/9dcb2a6759f2f5fbf43ac0b44649cecb"},"potentialAction":[{"@type":"SearchAction","target":{"@type":"EntryPoint","urlTemplate":"https:\/\/www.verdieditions.com\/equilibre-de-vie\/?s={search_term_string}"},"query-input":{"@type":"PropertyValueSpecification","valueRequired":true,"valueName":"search_term_string"}}],"inLanguage":"fr-FR"},{"@type":["Person","Organization"],"@id":"https:\/\/www.verdieditions.com\/equilibre-de-vie\/#\/schema\/person\/9dcb2a6759f2f5fbf43ac0b44649cecb","name":"Sylvie VERDI","image":{"@type":"ImageObject","inLanguage":"fr-FR","@id":"https:\/\/www.verdieditions.com\/equilibre-de-vie\/wp-content\/uploads\/2020\/04\/livres-occasion-sante-esoterisme-developpement-personnel-2.jpg","url":"https:\/\/www.verdieditions.com\/equilibre-de-vie\/wp-content\/uploads\/2020\/04\/livres-occasion-sante-esoterisme-developpement-personnel-2.jpg","contentUrl":"https:\/\/www.verdieditions.com\/equilibre-de-vie\/wp-content\/uploads\/2020\/04\/livres-occasion-sante-esoterisme-developpement-personnel-2.jpg","width":800,"height":572,"caption":"Sylvie VERDI"},"logo":{"@id":"https:\/\/www.verdieditions.com\/equilibre-de-vie\/wp-content\/uploads\/2020\/04\/livres-occasion-sante-esoterisme-developpement-personnel-2.jpg"},"sameAs":["https:\/\/www.verdieditions.com\/equilibre-de-vie"]}]}},"_links":{"self":[{"href":"https:\/\/www.verdieditions.com\/equilibre-de-vie\/wp-json\/wp\/v2\/product\/197","targetHints":{"allow":["GET"]}}],"collection":[{"href":"https:\/\/www.verdieditions.com\/equilibre-de-vie\/wp-json\/wp\/v2\/product"}],"about":[{"href":"https:\/\/www.verdieditions.com\/equilibre-de-vie\/wp-json\/wp\/v2\/types\/product"}],"wp:featuredmedia":[{"embeddable":true,"href":"https:\/\/www.verdieditions.com\/equilibre-de-vie\/wp-json\/wp\/v2\/media\/198"}],"wp:attachment":[{"href":"https:\/\/www.verdieditions.com\/equilibre-de-vie\/wp-json\/wp\/v2\/media?parent=197"}],"wp:term":[{"taxonomy":"product_brand","embeddable":true,"href":"https:\/\/www.verdieditions.com\/equilibre-de-vie\/wp-json\/wp\/v2\/product_brand?post=197"},{"taxonomy":"product_cat","embeddable":true,"href":"https:\/\/www.verdieditions.com\/equilibre-de-vie\/wp-json\/wp\/v2\/product_cat?post=197"},{"taxonomy":"product_tag","embeddable":true,"href":"https:\/\/www.verdieditions.com\/equilibre-de-vie\/wp-json\/wp\/v2\/product_tag?post=197"}],"curies":[{"name":"wp","href":"https:\/\/api.w.org\/{rel}","templated":true}]}}