{"id":1966,"date":"2022-03-31T14:59:58","date_gmt":"2022-03-31T12:59:58","guid":{"rendered":"https:\/\/www.verdieditions.com\/equilibre-de-vie\/?post_type=product&#038;p=1966"},"modified":"2024-02-06T14:41:09","modified_gmt":"2024-02-06T13:41:09","slug":"jesuites-conquerants-lacouture","status":"publish","type":"product","link":"https:\/\/www.verdieditions.com\/equilibre-de-vie\/produit\/jesuites-conquerants-lacouture\/","title":{"rendered":"J\u00e9suites 1. Les conqu\u00e9rants &#8211; Jean LACOUTURE"},"content":{"rendered":"<p>Auteur : Jean LACOUTURE<br \/>\nTitre : J\u00e9suites 1. Les conqu\u00e9rants<br \/>\n\u00c9diteur : Seuil, 1991<br \/>\nAvec 2 livrets internets de photos N&#038;B<br \/>\nDim. 15,5 x 24<br \/>\n510 pages <\/p>\n<p>Peu d&rsquo;aventures collectives auront marqu\u00e9 notre civilisation aussi puissamment que celle de la Compagnie de J\u00e9sus, traversant pr\u00e8s d&rsquo;un demi-mill\u00e9naire, d\u00e9ploy\u00e9e sur l&rsquo;ensemble de la plan\u00e8te, aur\u00e9ol\u00e9e de vrais et faux myst\u00e8res, de soup\u00e7ons et d&rsquo;intrigues, mais port\u00e9e par une foi et une \u00e9nergie invincibles.<\/p>\n<p>R\u00e9formateurs tenus en suspicion par l&rsquo;Inquisition, \u00e9vang\u00e9lisateurs intr\u00e9pides du Japon, de la Chine ou du Vietnam, r\u00e9alisateurs d&rsquo;utopie au Paraguay, agents universels du papisme, confesseurs des princes, ennemis des jans\u00e9nistes, \u00e9ducateurs des \u00ab\u00a0\u00e9lites\u00a0\u00bb, les j\u00e9suites ont incarn\u00e9, \u00e0 travers les si\u00e8cles, un christianisme adapt\u00e9 au monde, ouvert \u00e0 la science profane et audacieusement engag\u00e9 dans le d\u00e9bat politique, pour le meilleur et pour le pire.<\/p>\n<p>De la fondation de l&rsquo;ordre par Ignace de Loyola en 1540 \u00e0 sa suppression en 1773 par le pape Cl\u00e9ment XIV, Jean Lacouture propose ici, avec Les Conqu\u00e9rants, le premier volet d&rsquo;un dyptique multicolore que compl\u00e8tera l&rsquo;\u00e9vocation des Revenants de 1814 \u00e0 nos jours. En quatorze s\u00e9quences, il retrace les principaux \u00e9pisodes de cette histoire prodigieuse et fait surtout revivre les acteurs d&rsquo;une croisade inlassablement recommenc\u00e9e \u00ab\u00a0pour une plus grande gloire de Dieu\u00a0\u00bb.<\/p>\n<p>Une multi-biographie monumentale par l&rsquo;un des plus grands biographes de ce temps.<\/p>\n","protected":false},"excerpt":{"rendered":"<p>Auteur : Jean LACOUTURE<br \/>\nTitre : J\u00e9suites 1. Les conqu\u00e9rants<br \/>\n\u00c9diteur : Seuil, 1991<br \/>\nAvec 2 livrets internets de photos N&#038;B<br \/>\nDim. 15,5 x 24<br \/>\n510 pages <\/p>\n","protected":false},"featured_media":1968,"template":"","meta":[],"product_brand":[],"product_cat":[22],"product_tag":[141],"class_list":{"0":"post-1966","1":"product","2":"type-product","3":"status-publish","4":"has-post-thumbnail","6":"product_cat-developpement-personnel","7":"product_tag-religion","9":"first","10":"instock","11":"shipping-taxable","12":"product-type-simple"},"yoast_head":"<!-- This site is optimized with the Yoast SEO plugin v27.4 - https:\/\/yoast.com\/product\/yoast-seo-wordpress\/ -->\n<title>J\u00e9suites 1. Les conqu\u00e9rants - Jean LACOUTURE<\/title>\n<meta name=\"description\" content=\"Jean LACOUTURE Titre : J\u00e9suites 1. Les conqu\u00e9rants \u00c9diteur : Seuil, 1991 Avec 2 livrets internets de photos N&amp;B Dim. 15,5 x 24 510 p\" \/>\n<meta name=\"robots\" content=\"index, follow, max-snippet:-1, max-image-preview:large, max-video-preview:-1\" \/>\n<link rel=\"canonical\" href=\"https:\/\/www.verdieditions.com\/equilibre-de-vie\/produit\/jesuites-conquerants-lacouture\/\" \/>\n<meta property=\"og:locale\" content=\"fr_FR\" \/>\n<meta property=\"og:type\" content=\"article\" \/>\n<meta property=\"og:title\" content=\"J\u00e9suites 1. Les conqu\u00e9rants - Jean LACOUTURE\" \/>\n<meta property=\"og:description\" content=\"Jean LACOUTURE Titre : J\u00e9suites 1. Les conqu\u00e9rants \u00c9diteur : Seuil, 1991 Avec 2 livrets internets de photos N&amp;B Dim. 15,5 x 24 510 p\" \/>\n<meta property=\"og:url\" content=\"https:\/\/www.verdieditions.com\/equilibre-de-vie\/produit\/jesuites-conquerants-lacouture\/\" \/>\n<meta property=\"og:site_name\" content=\"Equilibre de Vie\" \/>\n<meta property=\"article:modified_time\" content=\"2024-02-06T13:41:09+00:00\" \/>\n<meta property=\"og:image\" content=\"https:\/\/www.verdieditions.com\/equilibre-de-vie\/wp-content\/uploads\/2022\/03\/lacouture-jesuites-conquerants.jpg\" \/>\n\t<meta property=\"og:image:width\" content=\"517\" \/>\n\t<meta property=\"og:image:height\" content=\"800\" \/>\n\t<meta property=\"og:image:type\" content=\"image\/jpeg\" \/>\n<meta name=\"twitter:card\" content=\"summary_large_image\" \/>\n<meta name=\"twitter:label1\" content=\"Dur\u00e9e de lecture estim\u00e9e\" \/>\n\t<meta name=\"twitter:data1\" content=\"1 minute\" \/>\n<script type=\"application\/ld+json\" class=\"yoast-schema-graph\">{\"@context\":\"https:\\\/\\\/schema.org\",\"@graph\":[{\"@type\":\"WebPage\",\"@id\":\"https:\\\/\\\/www.verdieditions.com\\\/equilibre-de-vie\\\/produit\\\/jesuites-conquerants-lacouture\\\/\",\"url\":\"https:\\\/\\\/www.verdieditions.com\\\/equilibre-de-vie\\\/produit\\\/jesuites-conquerants-lacouture\\\/\",\"name\":\"J\u00e9suites 1. Les conqu\u00e9rants - Jean LACOUTURE\",\"isPartOf\":{\"@id\":\"https:\\\/\\\/www.verdieditions.com\\\/equilibre-de-vie\\\/#website\"},\"primaryImageOfPage\":{\"@id\":\"https:\\\/\\\/www.verdieditions.com\\\/equilibre-de-vie\\\/produit\\\/jesuites-conquerants-lacouture\\\/#primaryimage\"},\"image\":{\"@id\":\"https:\\\/\\\/www.verdieditions.com\\\/equilibre-de-vie\\\/produit\\\/jesuites-conquerants-lacouture\\\/#primaryimage\"},\"thumbnailUrl\":\"https:\\\/\\\/www.verdieditions.com\\\/equilibre-de-vie\\\/wp-content\\\/uploads\\\/2022\\\/03\\\/lacouture-jesuites-conquerants.jpg\",\"datePublished\":\"2022-03-31T12:59:58+00:00\",\"dateModified\":\"2024-02-06T13:41:09+00:00\",\"description\":\"Jean LACOUTURE Titre : J\u00e9suites 1. Les conqu\u00e9rants \u00c9diteur : Seuil, 1991 Avec 2 livrets internets de photos N&B Dim. 15,5 x 24 510 p\",\"breadcrumb\":{\"@id\":\"https:\\\/\\\/www.verdieditions.com\\\/equilibre-de-vie\\\/produit\\\/jesuites-conquerants-lacouture\\\/#breadcrumb\"},\"inLanguage\":\"fr-FR\",\"potentialAction\":[{\"@type\":\"ReadAction\",\"target\":[\"https:\\\/\\\/www.verdieditions.com\\\/equilibre-de-vie\\\/produit\\\/jesuites-conquerants-lacouture\\\/\"]}]},{\"@type\":\"ImageObject\",\"inLanguage\":\"fr-FR\",\"@id\":\"https:\\\/\\\/www.verdieditions.com\\\/equilibre-de-vie\\\/produit\\\/jesuites-conquerants-lacouture\\\/#primaryimage\",\"url\":\"https:\\\/\\\/www.verdieditions.com\\\/equilibre-de-vie\\\/wp-content\\\/uploads\\\/2022\\\/03\\\/lacouture-jesuites-conquerants.jpg\",\"contentUrl\":\"https:\\\/\\\/www.verdieditions.com\\\/equilibre-de-vie\\\/wp-content\\\/uploads\\\/2022\\\/03\\\/lacouture-jesuites-conquerants.jpg\",\"width\":517,\"height\":800,\"caption\":\"lacouture-jesuites-conquerants\"},{\"@type\":\"BreadcrumbList\",\"@id\":\"https:\\\/\\\/www.verdieditions.com\\\/equilibre-de-vie\\\/produit\\\/jesuites-conquerants-lacouture\\\/#breadcrumb\",\"itemListElement\":[{\"@type\":\"ListItem\",\"position\":1,\"name\":\"Accueil\",\"item\":\"https:\\\/\\\/www.verdieditions.com\\\/equilibre-de-vie\\\/\"},{\"@type\":\"ListItem\",\"position\":2,\"name\":\"La boutique\",\"item\":\"https:\\\/\\\/www.verdieditions.com\\\/equilibre-de-vie\\\/boutique\\\/\"},{\"@type\":\"ListItem\",\"position\":3,\"name\":\"J\u00e9suites 1. Les conqu\u00e9rants &#8211; Jean LACOUTURE\"}]},{\"@type\":\"WebSite\",\"@id\":\"https:\\\/\\\/www.verdieditions.com\\\/equilibre-de-vie\\\/#website\",\"url\":\"https:\\\/\\\/www.verdieditions.com\\\/equilibre-de-vie\\\/\",\"name\":\"Equilibre de Vie\",\"description\":\"Ma boutique livres sant\u00e9, \u00e9sot\u00e9risme et d\u00e9veloppement personnel\",\"publisher\":{\"@id\":\"https:\\\/\\\/www.verdieditions.com\\\/equilibre-de-vie\\\/#\\\/schema\\\/person\\\/9dcb2a6759f2f5fbf43ac0b44649cecb\"},\"potentialAction\":[{\"@type\":\"SearchAction\",\"target\":{\"@type\":\"EntryPoint\",\"urlTemplate\":\"https:\\\/\\\/www.verdieditions.com\\\/equilibre-de-vie\\\/?s={search_term_string}\"},\"query-input\":{\"@type\":\"PropertyValueSpecification\",\"valueRequired\":true,\"valueName\":\"search_term_string\"}}],\"inLanguage\":\"fr-FR\"},{\"@type\":[\"Person\",\"Organization\"],\"@id\":\"https:\\\/\\\/www.verdieditions.com\\\/equilibre-de-vie\\\/#\\\/schema\\\/person\\\/9dcb2a6759f2f5fbf43ac0b44649cecb\",\"name\":\"Sylvie VERDI\",\"image\":{\"@type\":\"ImageObject\",\"inLanguage\":\"fr-FR\",\"@id\":\"https:\\\/\\\/www.verdieditions.com\\\/equilibre-de-vie\\\/wp-content\\\/uploads\\\/2020\\\/04\\\/livres-occasion-sante-esoterisme-developpement-personnel-2.jpg\",\"url\":\"https:\\\/\\\/www.verdieditions.com\\\/equilibre-de-vie\\\/wp-content\\\/uploads\\\/2020\\\/04\\\/livres-occasion-sante-esoterisme-developpement-personnel-2.jpg\",\"contentUrl\":\"https:\\\/\\\/www.verdieditions.com\\\/equilibre-de-vie\\\/wp-content\\\/uploads\\\/2020\\\/04\\\/livres-occasion-sante-esoterisme-developpement-personnel-2.jpg\",\"width\":800,\"height\":572,\"caption\":\"Sylvie VERDI\"},\"logo\":{\"@id\":\"https:\\\/\\\/www.verdieditions.com\\\/equilibre-de-vie\\\/wp-content\\\/uploads\\\/2020\\\/04\\\/livres-occasion-sante-esoterisme-developpement-personnel-2.jpg\"},\"sameAs\":[\"https:\\\/\\\/www.verdieditions.com\\\/equilibre-de-vie\"]}]}<\/script>\n<!-- \/ Yoast SEO plugin. -->","yoast_head_json":{"title":"J\u00e9suites 1. Les conqu\u00e9rants - Jean LACOUTURE","description":"Jean LACOUTURE Titre : J\u00e9suites 1. Les conqu\u00e9rants \u00c9diteur : Seuil, 1991 Avec 2 livrets internets de photos N&B Dim. 15,5 x 24 510 p","robots":{"index":"index","follow":"follow","max-snippet":"max-snippet:-1","max-image-preview":"max-image-preview:large","max-video-preview":"max-video-preview:-1"},"canonical":"https:\/\/www.verdieditions.com\/equilibre-de-vie\/produit\/jesuites-conquerants-lacouture\/","og_locale":"fr_FR","og_type":"article","og_title":"J\u00e9suites 1. Les conqu\u00e9rants - Jean LACOUTURE","og_description":"Jean LACOUTURE Titre : J\u00e9suites 1. Les conqu\u00e9rants \u00c9diteur : Seuil, 1991 Avec 2 livrets internets de photos N&B Dim. 15,5 x 24 510 p","og_url":"https:\/\/www.verdieditions.com\/equilibre-de-vie\/produit\/jesuites-conquerants-lacouture\/","og_site_name":"Equilibre de Vie","article_modified_time":"2024-02-06T13:41:09+00:00","og_image":[{"width":517,"height":800,"url":"https:\/\/www.verdieditions.com\/equilibre-de-vie\/wp-content\/uploads\/2022\/03\/lacouture-jesuites-conquerants.jpg","type":"image\/jpeg"}],"twitter_card":"summary_large_image","twitter_misc":{"Dur\u00e9e de lecture estim\u00e9e":"1 minute"},"schema":{"@context":"https:\/\/schema.org","@graph":[{"@type":"WebPage","@id":"https:\/\/www.verdieditions.com\/equilibre-de-vie\/produit\/jesuites-conquerants-lacouture\/","url":"https:\/\/www.verdieditions.com\/equilibre-de-vie\/produit\/jesuites-conquerants-lacouture\/","name":"J\u00e9suites 1. Les conqu\u00e9rants - Jean LACOUTURE","isPartOf":{"@id":"https:\/\/www.verdieditions.com\/equilibre-de-vie\/#website"},"primaryImageOfPage":{"@id":"https:\/\/www.verdieditions.com\/equilibre-de-vie\/produit\/jesuites-conquerants-lacouture\/#primaryimage"},"image":{"@id":"https:\/\/www.verdieditions.com\/equilibre-de-vie\/produit\/jesuites-conquerants-lacouture\/#primaryimage"},"thumbnailUrl":"https:\/\/www.verdieditions.com\/equilibre-de-vie\/wp-content\/uploads\/2022\/03\/lacouture-jesuites-conquerants.jpg","datePublished":"2022-03-31T12:59:58+00:00","dateModified":"2024-02-06T13:41:09+00:00","description":"Jean LACOUTURE Titre : J\u00e9suites 1. Les conqu\u00e9rants \u00c9diteur : Seuil, 1991 Avec 2 livrets internets de photos N&B Dim. 15,5 x 24 510 p","breadcrumb":{"@id":"https:\/\/www.verdieditions.com\/equilibre-de-vie\/produit\/jesuites-conquerants-lacouture\/#breadcrumb"},"inLanguage":"fr-FR","potentialAction":[{"@type":"ReadAction","target":["https:\/\/www.verdieditions.com\/equilibre-de-vie\/produit\/jesuites-conquerants-lacouture\/"]}]},{"@type":"ImageObject","inLanguage":"fr-FR","@id":"https:\/\/www.verdieditions.com\/equilibre-de-vie\/produit\/jesuites-conquerants-lacouture\/#primaryimage","url":"https:\/\/www.verdieditions.com\/equilibre-de-vie\/wp-content\/uploads\/2022\/03\/lacouture-jesuites-conquerants.jpg","contentUrl":"https:\/\/www.verdieditions.com\/equilibre-de-vie\/wp-content\/uploads\/2022\/03\/lacouture-jesuites-conquerants.jpg","width":517,"height":800,"caption":"lacouture-jesuites-conquerants"},{"@type":"BreadcrumbList","@id":"https:\/\/www.verdieditions.com\/equilibre-de-vie\/produit\/jesuites-conquerants-lacouture\/#breadcrumb","itemListElement":[{"@type":"ListItem","position":1,"name":"Accueil","item":"https:\/\/www.verdieditions.com\/equilibre-de-vie\/"},{"@type":"ListItem","position":2,"name":"La boutique","item":"https:\/\/www.verdieditions.com\/equilibre-de-vie\/boutique\/"},{"@type":"ListItem","position":3,"name":"J\u00e9suites 1. Les conqu\u00e9rants &#8211; Jean LACOUTURE"}]},{"@type":"WebSite","@id":"https:\/\/www.verdieditions.com\/equilibre-de-vie\/#website","url":"https:\/\/www.verdieditions.com\/equilibre-de-vie\/","name":"Equilibre de Vie","description":"Ma boutique livres sant\u00e9, \u00e9sot\u00e9risme et d\u00e9veloppement personnel","publisher":{"@id":"https:\/\/www.verdieditions.com\/equilibre-de-vie\/#\/schema\/person\/9dcb2a6759f2f5fbf43ac0b44649cecb"},"potentialAction":[{"@type":"SearchAction","target":{"@type":"EntryPoint","urlTemplate":"https:\/\/www.verdieditions.com\/equilibre-de-vie\/?s={search_term_string}"},"query-input":{"@type":"PropertyValueSpecification","valueRequired":true,"valueName":"search_term_string"}}],"inLanguage":"fr-FR"},{"@type":["Person","Organization"],"@id":"https:\/\/www.verdieditions.com\/equilibre-de-vie\/#\/schema\/person\/9dcb2a6759f2f5fbf43ac0b44649cecb","name":"Sylvie VERDI","image":{"@type":"ImageObject","inLanguage":"fr-FR","@id":"https:\/\/www.verdieditions.com\/equilibre-de-vie\/wp-content\/uploads\/2020\/04\/livres-occasion-sante-esoterisme-developpement-personnel-2.jpg","url":"https:\/\/www.verdieditions.com\/equilibre-de-vie\/wp-content\/uploads\/2020\/04\/livres-occasion-sante-esoterisme-developpement-personnel-2.jpg","contentUrl":"https:\/\/www.verdieditions.com\/equilibre-de-vie\/wp-content\/uploads\/2020\/04\/livres-occasion-sante-esoterisme-developpement-personnel-2.jpg","width":800,"height":572,"caption":"Sylvie VERDI"},"logo":{"@id":"https:\/\/www.verdieditions.com\/equilibre-de-vie\/wp-content\/uploads\/2020\/04\/livres-occasion-sante-esoterisme-developpement-personnel-2.jpg"},"sameAs":["https:\/\/www.verdieditions.com\/equilibre-de-vie"]}]}},"_links":{"self":[{"href":"https:\/\/www.verdieditions.com\/equilibre-de-vie\/wp-json\/wp\/v2\/product\/1966","targetHints":{"allow":["GET"]}}],"collection":[{"href":"https:\/\/www.verdieditions.com\/equilibre-de-vie\/wp-json\/wp\/v2\/product"}],"about":[{"href":"https:\/\/www.verdieditions.com\/equilibre-de-vie\/wp-json\/wp\/v2\/types\/product"}],"wp:featuredmedia":[{"embeddable":true,"href":"https:\/\/www.verdieditions.com\/equilibre-de-vie\/wp-json\/wp\/v2\/media\/1968"}],"wp:attachment":[{"href":"https:\/\/www.verdieditions.com\/equilibre-de-vie\/wp-json\/wp\/v2\/media?parent=1966"}],"wp:term":[{"taxonomy":"product_brand","embeddable":true,"href":"https:\/\/www.verdieditions.com\/equilibre-de-vie\/wp-json\/wp\/v2\/product_brand?post=1966"},{"taxonomy":"product_cat","embeddable":true,"href":"https:\/\/www.verdieditions.com\/equilibre-de-vie\/wp-json\/wp\/v2\/product_cat?post=1966"},{"taxonomy":"product_tag","embeddable":true,"href":"https:\/\/www.verdieditions.com\/equilibre-de-vie\/wp-json\/wp\/v2\/product_tag?post=1966"}],"curies":[{"name":"wp","href":"https:\/\/api.w.org\/{rel}","templated":true}]}}