{"id":1960,"date":"2022-03-31T14:43:10","date_gmt":"2022-03-31T12:43:10","guid":{"rendered":"https:\/\/www.verdieditions.com\/equilibre-de-vie\/?post_type=product&#038;p=1960"},"modified":"2024-02-06T12:43:22","modified_gmt":"2024-02-06T11:43:22","slug":"boukris-guerir","status":"publish","type":"product","link":"https:\/\/www.verdieditions.com\/equilibre-de-vie\/produit\/boukris-guerir\/","title":{"rendered":"Enfin gu\u00e9rir &#8211; Dr Sauveur BOUKRIS"},"content":{"rendered":"<p>Auteur : Dr Sauveur BOUKRIS<br \/>\nTitre : Enfin gu\u00e9rir, lorsque la m\u00e9decine classique ne suffit plus<br \/>\n\u00c9diteur : Cherche Midi, 2014<br \/>\nDim. 14 x 22<br \/>\n244 pages <\/p>\n<p>Des m\u00e9decines alternatives&#8230;<br \/>\nHypnose, m\u00e9ditation, magn\u00e9tisme, acupuncture, hom\u00e9opathie, phagoth\u00e9rapie, ost\u00e9opathie, neurones miroirs&#8230; La m\u00e9decine est loin d&rsquo;avoir livr\u00e9 tous ses secrets et nous ne connaissons pas encore toutes les m\u00e9thodes pour gu\u00e9rir.<\/p>\n<p>Que fait-on lorsque la m\u00e9decine officielle est inop\u00e9rante ? Il faut tenter autre chose. On ne peut pas abandonner un malade. Et, face \u00e0 la maladie, le patient utilise des ressources insoup\u00e7onn\u00e9es. L&rsquo;auto-gu\u00e9rison et les gu\u00e9risons spontan\u00e9es en sont les illustrations.<\/p>\n<p>\u00c0 travers l&rsquo;histoire de la m\u00e9decine, le docteur Sauveur Boukris plaide pour un art m\u00e9dical plus ouvert qui redonne au patient une place centrale et demande aux autorit\u00e9s m\u00e9dicales (acad\u00e9mie, universit\u00e9, conseil de l&rsquo;ordre) de consid\u00e9rer ces pratiques diff\u00e9rentes.<\/p>\n<p>Enqu\u00eatant sur les gu\u00e9risons inexpliqu\u00e9es ou li\u00e9es \u00e0 des traitements non rationnels, il invite ses confr\u00e8res et les patients \u00e0 tenter ces th\u00e9rapies alternatives qui font que, parfois, la r\u00e9mission ressemble \u00e0 un miracle.<\/p>\n<p>L&rsquo;important n&rsquo;est pas de savoir pourquoi les malades gu\u00e9rissent mais de tout faire pour qu&rsquo;ils gu\u00e9rissent. Lorsque m\u00e9dicaments et scalpel sont inefficaces, ces \u00a0\u00bb autres m\u00e9decines \u00a0\u00bb deviennent les th\u00e9rapeutiques de l&rsquo;espoir.<\/p>\n","protected":false},"excerpt":{"rendered":"<p>Auteur : Dr Sauveur BOUKRIS<br \/>\nTitre : Enfin gu\u00e9rir, lorsque la m\u00e9decine classique ne suffit plus<br \/>\n\u00c9diteur : Cherche Midi, 2014<br \/>\nDim. 14 x 22<br \/>\n244 pages <\/p>\n","protected":false},"featured_media":1962,"template":"","meta":[],"product_brand":[],"product_cat":[21],"product_tag":[74,270,80,94,102],"class_list":{"0":"post-1960","1":"product","2":"type-product","3":"status-publish","4":"has-post-thumbnail","6":"product_cat-sante","7":"product_tag-guerison","8":"product_tag-homeopathie","9":"product_tag-hypnose","10":"product_tag-magnetisme","11":"product_tag-meditation","13":"first","14":"instock","15":"shipping-taxable","16":"product-type-simple"},"yoast_head":"<!-- This site is optimized with the Yoast SEO plugin v27.4 - https:\/\/yoast.com\/product\/yoast-seo-wordpress\/ -->\n<title>Enfin gu\u00e9rir - Dr Sauveur BOUKRIS<\/title>\n<meta name=\"description\" content=\"Dr Sauveur BOUKRIS Titre : Enfin gu\u00e9rir, lorsque la m\u00e9decine classique ne suffit plus \u00c9diteur : Cherche Midi, 2014 Dim. 14 x 22 - 244 p\" \/>\n<meta name=\"robots\" content=\"index, follow, max-snippet:-1, max-image-preview:large, max-video-preview:-1\" \/>\n<link rel=\"canonical\" href=\"https:\/\/www.verdieditions.com\/equilibre-de-vie\/produit\/boukris-guerir\/\" \/>\n<meta property=\"og:locale\" content=\"fr_FR\" \/>\n<meta property=\"og:type\" content=\"article\" \/>\n<meta property=\"og:title\" content=\"Enfin gu\u00e9rir - Dr Sauveur BOUKRIS\" \/>\n<meta property=\"og:description\" content=\"Dr Sauveur BOUKRIS Titre : Enfin gu\u00e9rir, lorsque la m\u00e9decine classique ne suffit plus \u00c9diteur : Cherche Midi, 2014 Dim. 14 x 22 - 244 p\" \/>\n<meta property=\"og:url\" content=\"https:\/\/www.verdieditions.com\/equilibre-de-vie\/produit\/boukris-guerir\/\" \/>\n<meta property=\"og:site_name\" content=\"Equilibre de Vie\" \/>\n<meta property=\"article:modified_time\" content=\"2024-02-06T11:43:22+00:00\" \/>\n<meta property=\"og:image\" content=\"https:\/\/www.verdieditions.com\/equilibre-de-vie\/wp-content\/uploads\/2022\/03\/bourkis-enfin-guerir.jpg\" \/>\n\t<meta property=\"og:image:width\" content=\"524\" \/>\n\t<meta property=\"og:image:height\" content=\"800\" \/>\n\t<meta property=\"og:image:type\" content=\"image\/jpeg\" \/>\n<meta name=\"twitter:card\" content=\"summary_large_image\" \/>\n<meta name=\"twitter:label1\" content=\"Dur\u00e9e de lecture estim\u00e9e\" \/>\n\t<meta name=\"twitter:data1\" content=\"1 minute\" \/>\n<script type=\"application\/ld+json\" class=\"yoast-schema-graph\">{\"@context\":\"https:\\\/\\\/schema.org\",\"@graph\":[{\"@type\":\"WebPage\",\"@id\":\"https:\\\/\\\/www.verdieditions.com\\\/equilibre-de-vie\\\/produit\\\/boukris-guerir\\\/\",\"url\":\"https:\\\/\\\/www.verdieditions.com\\\/equilibre-de-vie\\\/produit\\\/boukris-guerir\\\/\",\"name\":\"Enfin gu\u00e9rir - Dr Sauveur BOUKRIS\",\"isPartOf\":{\"@id\":\"https:\\\/\\\/www.verdieditions.com\\\/equilibre-de-vie\\\/#website\"},\"primaryImageOfPage\":{\"@id\":\"https:\\\/\\\/www.verdieditions.com\\\/equilibre-de-vie\\\/produit\\\/boukris-guerir\\\/#primaryimage\"},\"image\":{\"@id\":\"https:\\\/\\\/www.verdieditions.com\\\/equilibre-de-vie\\\/produit\\\/boukris-guerir\\\/#primaryimage\"},\"thumbnailUrl\":\"https:\\\/\\\/www.verdieditions.com\\\/equilibre-de-vie\\\/wp-content\\\/uploads\\\/2022\\\/03\\\/bourkis-enfin-guerir.jpg\",\"datePublished\":\"2022-03-31T12:43:10+00:00\",\"dateModified\":\"2024-02-06T11:43:22+00:00\",\"description\":\"Dr Sauveur BOUKRIS Titre : Enfin gu\u00e9rir, lorsque la m\u00e9decine classique ne suffit plus \u00c9diteur : Cherche Midi, 2014 Dim. 14 x 22 - 244 p\",\"breadcrumb\":{\"@id\":\"https:\\\/\\\/www.verdieditions.com\\\/equilibre-de-vie\\\/produit\\\/boukris-guerir\\\/#breadcrumb\"},\"inLanguage\":\"fr-FR\",\"potentialAction\":[{\"@type\":\"ReadAction\",\"target\":[\"https:\\\/\\\/www.verdieditions.com\\\/equilibre-de-vie\\\/produit\\\/boukris-guerir\\\/\"]}]},{\"@type\":\"ImageObject\",\"inLanguage\":\"fr-FR\",\"@id\":\"https:\\\/\\\/www.verdieditions.com\\\/equilibre-de-vie\\\/produit\\\/boukris-guerir\\\/#primaryimage\",\"url\":\"https:\\\/\\\/www.verdieditions.com\\\/equilibre-de-vie\\\/wp-content\\\/uploads\\\/2022\\\/03\\\/bourkis-enfin-guerir.jpg\",\"contentUrl\":\"https:\\\/\\\/www.verdieditions.com\\\/equilibre-de-vie\\\/wp-content\\\/uploads\\\/2022\\\/03\\\/bourkis-enfin-guerir.jpg\",\"width\":524,\"height\":800,\"caption\":\"bourkis-enfin-guerir\"},{\"@type\":\"BreadcrumbList\",\"@id\":\"https:\\\/\\\/www.verdieditions.com\\\/equilibre-de-vie\\\/produit\\\/boukris-guerir\\\/#breadcrumb\",\"itemListElement\":[{\"@type\":\"ListItem\",\"position\":1,\"name\":\"Accueil\",\"item\":\"https:\\\/\\\/www.verdieditions.com\\\/equilibre-de-vie\\\/\"},{\"@type\":\"ListItem\",\"position\":2,\"name\":\"La boutique\",\"item\":\"https:\\\/\\\/www.verdieditions.com\\\/equilibre-de-vie\\\/boutique\\\/\"},{\"@type\":\"ListItem\",\"position\":3,\"name\":\"Enfin gu\u00e9rir &#8211; Dr Sauveur BOUKRIS\"}]},{\"@type\":\"WebSite\",\"@id\":\"https:\\\/\\\/www.verdieditions.com\\\/equilibre-de-vie\\\/#website\",\"url\":\"https:\\\/\\\/www.verdieditions.com\\\/equilibre-de-vie\\\/\",\"name\":\"Equilibre de Vie\",\"description\":\"Ma boutique livres sant\u00e9, \u00e9sot\u00e9risme et d\u00e9veloppement personnel\",\"publisher\":{\"@id\":\"https:\\\/\\\/www.verdieditions.com\\\/equilibre-de-vie\\\/#\\\/schema\\\/person\\\/9dcb2a6759f2f5fbf43ac0b44649cecb\"},\"potentialAction\":[{\"@type\":\"SearchAction\",\"target\":{\"@type\":\"EntryPoint\",\"urlTemplate\":\"https:\\\/\\\/www.verdieditions.com\\\/equilibre-de-vie\\\/?s={search_term_string}\"},\"query-input\":{\"@type\":\"PropertyValueSpecification\",\"valueRequired\":true,\"valueName\":\"search_term_string\"}}],\"inLanguage\":\"fr-FR\"},{\"@type\":[\"Person\",\"Organization\"],\"@id\":\"https:\\\/\\\/www.verdieditions.com\\\/equilibre-de-vie\\\/#\\\/schema\\\/person\\\/9dcb2a6759f2f5fbf43ac0b44649cecb\",\"name\":\"Sylvie VERDI\",\"image\":{\"@type\":\"ImageObject\",\"inLanguage\":\"fr-FR\",\"@id\":\"https:\\\/\\\/www.verdieditions.com\\\/equilibre-de-vie\\\/wp-content\\\/uploads\\\/2020\\\/04\\\/livres-occasion-sante-esoterisme-developpement-personnel-2.jpg\",\"url\":\"https:\\\/\\\/www.verdieditions.com\\\/equilibre-de-vie\\\/wp-content\\\/uploads\\\/2020\\\/04\\\/livres-occasion-sante-esoterisme-developpement-personnel-2.jpg\",\"contentUrl\":\"https:\\\/\\\/www.verdieditions.com\\\/equilibre-de-vie\\\/wp-content\\\/uploads\\\/2020\\\/04\\\/livres-occasion-sante-esoterisme-developpement-personnel-2.jpg\",\"width\":800,\"height\":572,\"caption\":\"Sylvie VERDI\"},\"logo\":{\"@id\":\"https:\\\/\\\/www.verdieditions.com\\\/equilibre-de-vie\\\/wp-content\\\/uploads\\\/2020\\\/04\\\/livres-occasion-sante-esoterisme-developpement-personnel-2.jpg\"},\"sameAs\":[\"https:\\\/\\\/www.verdieditions.com\\\/equilibre-de-vie\"]}]}<\/script>\n<!-- \/ Yoast SEO plugin. -->","yoast_head_json":{"title":"Enfin gu\u00e9rir - Dr Sauveur BOUKRIS","description":"Dr Sauveur BOUKRIS Titre : Enfin gu\u00e9rir, lorsque la m\u00e9decine classique ne suffit plus \u00c9diteur : Cherche Midi, 2014 Dim. 14 x 22 - 244 p","robots":{"index":"index","follow":"follow","max-snippet":"max-snippet:-1","max-image-preview":"max-image-preview:large","max-video-preview":"max-video-preview:-1"},"canonical":"https:\/\/www.verdieditions.com\/equilibre-de-vie\/produit\/boukris-guerir\/","og_locale":"fr_FR","og_type":"article","og_title":"Enfin gu\u00e9rir - Dr Sauveur BOUKRIS","og_description":"Dr Sauveur BOUKRIS Titre : Enfin gu\u00e9rir, lorsque la m\u00e9decine classique ne suffit plus \u00c9diteur : Cherche Midi, 2014 Dim. 14 x 22 - 244 p","og_url":"https:\/\/www.verdieditions.com\/equilibre-de-vie\/produit\/boukris-guerir\/","og_site_name":"Equilibre de Vie","article_modified_time":"2024-02-06T11:43:22+00:00","og_image":[{"width":524,"height":800,"url":"https:\/\/www.verdieditions.com\/equilibre-de-vie\/wp-content\/uploads\/2022\/03\/bourkis-enfin-guerir.jpg","type":"image\/jpeg"}],"twitter_card":"summary_large_image","twitter_misc":{"Dur\u00e9e de lecture estim\u00e9e":"1 minute"},"schema":{"@context":"https:\/\/schema.org","@graph":[{"@type":"WebPage","@id":"https:\/\/www.verdieditions.com\/equilibre-de-vie\/produit\/boukris-guerir\/","url":"https:\/\/www.verdieditions.com\/equilibre-de-vie\/produit\/boukris-guerir\/","name":"Enfin gu\u00e9rir - Dr Sauveur BOUKRIS","isPartOf":{"@id":"https:\/\/www.verdieditions.com\/equilibre-de-vie\/#website"},"primaryImageOfPage":{"@id":"https:\/\/www.verdieditions.com\/equilibre-de-vie\/produit\/boukris-guerir\/#primaryimage"},"image":{"@id":"https:\/\/www.verdieditions.com\/equilibre-de-vie\/produit\/boukris-guerir\/#primaryimage"},"thumbnailUrl":"https:\/\/www.verdieditions.com\/equilibre-de-vie\/wp-content\/uploads\/2022\/03\/bourkis-enfin-guerir.jpg","datePublished":"2022-03-31T12:43:10+00:00","dateModified":"2024-02-06T11:43:22+00:00","description":"Dr Sauveur BOUKRIS Titre : Enfin gu\u00e9rir, lorsque la m\u00e9decine classique ne suffit plus \u00c9diteur : Cherche Midi, 2014 Dim. 14 x 22 - 244 p","breadcrumb":{"@id":"https:\/\/www.verdieditions.com\/equilibre-de-vie\/produit\/boukris-guerir\/#breadcrumb"},"inLanguage":"fr-FR","potentialAction":[{"@type":"ReadAction","target":["https:\/\/www.verdieditions.com\/equilibre-de-vie\/produit\/boukris-guerir\/"]}]},{"@type":"ImageObject","inLanguage":"fr-FR","@id":"https:\/\/www.verdieditions.com\/equilibre-de-vie\/produit\/boukris-guerir\/#primaryimage","url":"https:\/\/www.verdieditions.com\/equilibre-de-vie\/wp-content\/uploads\/2022\/03\/bourkis-enfin-guerir.jpg","contentUrl":"https:\/\/www.verdieditions.com\/equilibre-de-vie\/wp-content\/uploads\/2022\/03\/bourkis-enfin-guerir.jpg","width":524,"height":800,"caption":"bourkis-enfin-guerir"},{"@type":"BreadcrumbList","@id":"https:\/\/www.verdieditions.com\/equilibre-de-vie\/produit\/boukris-guerir\/#breadcrumb","itemListElement":[{"@type":"ListItem","position":1,"name":"Accueil","item":"https:\/\/www.verdieditions.com\/equilibre-de-vie\/"},{"@type":"ListItem","position":2,"name":"La boutique","item":"https:\/\/www.verdieditions.com\/equilibre-de-vie\/boutique\/"},{"@type":"ListItem","position":3,"name":"Enfin gu\u00e9rir &#8211; Dr Sauveur BOUKRIS"}]},{"@type":"WebSite","@id":"https:\/\/www.verdieditions.com\/equilibre-de-vie\/#website","url":"https:\/\/www.verdieditions.com\/equilibre-de-vie\/","name":"Equilibre de Vie","description":"Ma boutique livres sant\u00e9, \u00e9sot\u00e9risme et d\u00e9veloppement personnel","publisher":{"@id":"https:\/\/www.verdieditions.com\/equilibre-de-vie\/#\/schema\/person\/9dcb2a6759f2f5fbf43ac0b44649cecb"},"potentialAction":[{"@type":"SearchAction","target":{"@type":"EntryPoint","urlTemplate":"https:\/\/www.verdieditions.com\/equilibre-de-vie\/?s={search_term_string}"},"query-input":{"@type":"PropertyValueSpecification","valueRequired":true,"valueName":"search_term_string"}}],"inLanguage":"fr-FR"},{"@type":["Person","Organization"],"@id":"https:\/\/www.verdieditions.com\/equilibre-de-vie\/#\/schema\/person\/9dcb2a6759f2f5fbf43ac0b44649cecb","name":"Sylvie VERDI","image":{"@type":"ImageObject","inLanguage":"fr-FR","@id":"https:\/\/www.verdieditions.com\/equilibre-de-vie\/wp-content\/uploads\/2020\/04\/livres-occasion-sante-esoterisme-developpement-personnel-2.jpg","url":"https:\/\/www.verdieditions.com\/equilibre-de-vie\/wp-content\/uploads\/2020\/04\/livres-occasion-sante-esoterisme-developpement-personnel-2.jpg","contentUrl":"https:\/\/www.verdieditions.com\/equilibre-de-vie\/wp-content\/uploads\/2020\/04\/livres-occasion-sante-esoterisme-developpement-personnel-2.jpg","width":800,"height":572,"caption":"Sylvie VERDI"},"logo":{"@id":"https:\/\/www.verdieditions.com\/equilibre-de-vie\/wp-content\/uploads\/2020\/04\/livres-occasion-sante-esoterisme-developpement-personnel-2.jpg"},"sameAs":["https:\/\/www.verdieditions.com\/equilibre-de-vie"]}]}},"_links":{"self":[{"href":"https:\/\/www.verdieditions.com\/equilibre-de-vie\/wp-json\/wp\/v2\/product\/1960","targetHints":{"allow":["GET"]}}],"collection":[{"href":"https:\/\/www.verdieditions.com\/equilibre-de-vie\/wp-json\/wp\/v2\/product"}],"about":[{"href":"https:\/\/www.verdieditions.com\/equilibre-de-vie\/wp-json\/wp\/v2\/types\/product"}],"wp:featuredmedia":[{"embeddable":true,"href":"https:\/\/www.verdieditions.com\/equilibre-de-vie\/wp-json\/wp\/v2\/media\/1962"}],"wp:attachment":[{"href":"https:\/\/www.verdieditions.com\/equilibre-de-vie\/wp-json\/wp\/v2\/media?parent=1960"}],"wp:term":[{"taxonomy":"product_brand","embeddable":true,"href":"https:\/\/www.verdieditions.com\/equilibre-de-vie\/wp-json\/wp\/v2\/product_brand?post=1960"},{"taxonomy":"product_cat","embeddable":true,"href":"https:\/\/www.verdieditions.com\/equilibre-de-vie\/wp-json\/wp\/v2\/product_cat?post=1960"},{"taxonomy":"product_tag","embeddable":true,"href":"https:\/\/www.verdieditions.com\/equilibre-de-vie\/wp-json\/wp\/v2\/product_tag?post=1960"}],"curies":[{"name":"wp","href":"https:\/\/api.w.org\/{rel}","templated":true}]}}