{"id":1944,"date":"2022-03-31T14:04:44","date_gmt":"2022-03-31T12:04:44","guid":{"rendered":"https:\/\/www.verdieditions.com\/equilibre-de-vie\/?post_type=product&#038;p=1944"},"modified":"2024-02-07T15:13:36","modified_gmt":"2024-02-07T14:13:36","slug":"saint-thomas-aquin-chenu","status":"publish","type":"product","link":"https:\/\/www.verdieditions.com\/equilibre-de-vie\/produit\/saint-thomas-aquin-chenu\/","title":{"rendered":"Saint Thomas d&rsquo;Aquin &#8211; M.D. CHENU"},"content":{"rendered":"<p>Auteur : M.D. CHENU<br \/>\nTitre : Saint Thomas d&rsquo;Aquin et la th\u00e9ologie<br \/>\n\u00c9diteur : Ma\u00eetres spirituels, 1959<br \/>\nAvec nombreuses illustrations N&#038;B<br \/>\nDim. 12 x 18<br \/>\n190 pages <\/p>\n<p>Nombreux ont \u00e9t\u00e9 les th\u00e9ologiens de valeur et de renom dans l&rsquo;histoire de l&rsquo;\u00c9glise catholique. Pourtant, c&rsquo;est Thomas d&rsquo;Aquin (1225-1274), le \u00a0\u00bb docteur ang\u00e9lique \u00ab\u00a0, qui a fini par \u00eatre consid\u00e9r\u00e9 comme le repr\u00e9sentant \u00e9minent, la figure par excellence de la th\u00e9ologie. Ce petit livre, un joyau de clart\u00e9, explique qui il fut, le contexte historique, culturel, religieux et spirituel dans lequel se d\u00e9roul\u00e8rent sa vie et sa carri\u00e8re de th\u00e9ologien, le contenu et le sens de sa r\u00e9flexion th\u00e9ologique, en particulier de sa grande \u0153uvre, la Somme th\u00e9ologique, et la valeur de cette th\u00e9ologie aujourd&rsquo;hui. Il met aussi en lumi\u00e8re, gr\u00e2ce \u00e0 un \u00e9chantillon de textes, le rapport entre foi et raison, entre \u00e9vangile et th\u00e9ologie.<\/p>\n<p>L&rsquo;ouvrage est suivi d&rsquo;une chronologie sur la vie de Thomas, ses \u0153uvres et les principaux \u00e9v\u00e9nements de son temps.<\/p>\n<p>Marie-Dominique Chenu (1895-1990)<br \/>\nLe p\u00e8re Marie-Dominique Chenu, dominicain, a \u00e9t\u00e9 l&rsquo;un des grands th\u00e9ologiens catholiques du XXe si\u00e8cle.<\/p>\n","protected":false},"excerpt":{"rendered":"<p>Auteur : M.D. CHENU<br \/>\nTitre : Saint Thomas d&rsquo;Aquin et la th\u00e9ologie<br \/>\n\u00c9diteur : Ma\u00eetres spirituels, 1959<br \/>\nAvec nombreuses illustrations N&#038;B<br \/>\nDim. 12 x 18<br \/>\n190 pages <\/p>\n","protected":false},"featured_media":1946,"template":"","meta":[],"product_brand":[],"product_cat":[22],"product_tag":[141],"class_list":{"0":"post-1944","1":"product","2":"type-product","3":"status-publish","4":"has-post-thumbnail","6":"product_cat-developpement-personnel","7":"product_tag-religion","9":"first","10":"instock","11":"shipping-taxable","12":"product-type-simple"},"yoast_head":"<!-- This site is optimized with the Yoast SEO plugin v27.4 - https:\/\/yoast.com\/product\/yoast-seo-wordpress\/ -->\n<title>Saint Thomas d&#039;Aquin - M.D. CHENU<\/title>\n<meta name=\"description\" content=\"M.D. CHENU - Saint Thomas d&#039;Aquin et la th\u00e9ologie \u00c9diteur : Ma\u00eetres spirituels, 1959 Avec nombreuses illustrations N&amp;B Dim. 12 x 18 190 p\" \/>\n<meta name=\"robots\" content=\"index, follow, max-snippet:-1, max-image-preview:large, max-video-preview:-1\" \/>\n<link rel=\"canonical\" href=\"https:\/\/www.verdieditions.com\/equilibre-de-vie\/produit\/saint-thomas-aquin-chenu\/\" \/>\n<meta property=\"og:locale\" content=\"fr_FR\" \/>\n<meta property=\"og:type\" content=\"article\" \/>\n<meta property=\"og:title\" content=\"Saint Thomas d&#039;Aquin - M.D. CHENU\" \/>\n<meta property=\"og:description\" content=\"M.D. CHENU - Saint Thomas d&#039;Aquin et la th\u00e9ologie \u00c9diteur : Ma\u00eetres spirituels, 1959 Avec nombreuses illustrations N&amp;B Dim. 12 x 18 190 p\" \/>\n<meta property=\"og:url\" content=\"https:\/\/www.verdieditions.com\/equilibre-de-vie\/produit\/saint-thomas-aquin-chenu\/\" \/>\n<meta property=\"og:site_name\" content=\"Equilibre de Vie\" \/>\n<meta property=\"article:modified_time\" content=\"2024-02-07T14:13:36+00:00\" \/>\n<meta property=\"og:image\" content=\"https:\/\/www.verdieditions.com\/equilibre-de-vie\/wp-content\/uploads\/2022\/03\/chenu-st-thomas-aquin.jpg\" \/>\n\t<meta property=\"og:image:width\" content=\"547\" \/>\n\t<meta property=\"og:image:height\" content=\"800\" \/>\n\t<meta property=\"og:image:type\" content=\"image\/jpeg\" \/>\n<meta name=\"twitter:card\" content=\"summary_large_image\" \/>\n<meta name=\"twitter:label1\" content=\"Dur\u00e9e de lecture estim\u00e9e\" \/>\n\t<meta name=\"twitter:data1\" content=\"1 minute\" \/>\n<script type=\"application\/ld+json\" class=\"yoast-schema-graph\">{\"@context\":\"https:\\\/\\\/schema.org\",\"@graph\":[{\"@type\":\"WebPage\",\"@id\":\"https:\\\/\\\/www.verdieditions.com\\\/equilibre-de-vie\\\/produit\\\/saint-thomas-aquin-chenu\\\/\",\"url\":\"https:\\\/\\\/www.verdieditions.com\\\/equilibre-de-vie\\\/produit\\\/saint-thomas-aquin-chenu\\\/\",\"name\":\"Saint Thomas d'Aquin - M.D. CHENU\",\"isPartOf\":{\"@id\":\"https:\\\/\\\/www.verdieditions.com\\\/equilibre-de-vie\\\/#website\"},\"primaryImageOfPage\":{\"@id\":\"https:\\\/\\\/www.verdieditions.com\\\/equilibre-de-vie\\\/produit\\\/saint-thomas-aquin-chenu\\\/#primaryimage\"},\"image\":{\"@id\":\"https:\\\/\\\/www.verdieditions.com\\\/equilibre-de-vie\\\/produit\\\/saint-thomas-aquin-chenu\\\/#primaryimage\"},\"thumbnailUrl\":\"https:\\\/\\\/www.verdieditions.com\\\/equilibre-de-vie\\\/wp-content\\\/uploads\\\/2022\\\/03\\\/chenu-st-thomas-aquin.jpg\",\"datePublished\":\"2022-03-31T12:04:44+00:00\",\"dateModified\":\"2024-02-07T14:13:36+00:00\",\"description\":\"M.D. CHENU - Saint Thomas d'Aquin et la th\u00e9ologie \u00c9diteur : Ma\u00eetres spirituels, 1959 Avec nombreuses illustrations N&B Dim. 12 x 18 190 p\",\"breadcrumb\":{\"@id\":\"https:\\\/\\\/www.verdieditions.com\\\/equilibre-de-vie\\\/produit\\\/saint-thomas-aquin-chenu\\\/#breadcrumb\"},\"inLanguage\":\"fr-FR\",\"potentialAction\":[{\"@type\":\"ReadAction\",\"target\":[\"https:\\\/\\\/www.verdieditions.com\\\/equilibre-de-vie\\\/produit\\\/saint-thomas-aquin-chenu\\\/\"]}]},{\"@type\":\"ImageObject\",\"inLanguage\":\"fr-FR\",\"@id\":\"https:\\\/\\\/www.verdieditions.com\\\/equilibre-de-vie\\\/produit\\\/saint-thomas-aquin-chenu\\\/#primaryimage\",\"url\":\"https:\\\/\\\/www.verdieditions.com\\\/equilibre-de-vie\\\/wp-content\\\/uploads\\\/2022\\\/03\\\/chenu-st-thomas-aquin.jpg\",\"contentUrl\":\"https:\\\/\\\/www.verdieditions.com\\\/equilibre-de-vie\\\/wp-content\\\/uploads\\\/2022\\\/03\\\/chenu-st-thomas-aquin.jpg\",\"width\":547,\"height\":800,\"caption\":\"chenu-st-thomas-aquin\"},{\"@type\":\"BreadcrumbList\",\"@id\":\"https:\\\/\\\/www.verdieditions.com\\\/equilibre-de-vie\\\/produit\\\/saint-thomas-aquin-chenu\\\/#breadcrumb\",\"itemListElement\":[{\"@type\":\"ListItem\",\"position\":1,\"name\":\"Accueil\",\"item\":\"https:\\\/\\\/www.verdieditions.com\\\/equilibre-de-vie\\\/\"},{\"@type\":\"ListItem\",\"position\":2,\"name\":\"La boutique\",\"item\":\"https:\\\/\\\/www.verdieditions.com\\\/equilibre-de-vie\\\/boutique\\\/\"},{\"@type\":\"ListItem\",\"position\":3,\"name\":\"Saint Thomas d&#8217;Aquin &#8211; M.D. CHENU\"}]},{\"@type\":\"WebSite\",\"@id\":\"https:\\\/\\\/www.verdieditions.com\\\/equilibre-de-vie\\\/#website\",\"url\":\"https:\\\/\\\/www.verdieditions.com\\\/equilibre-de-vie\\\/\",\"name\":\"Equilibre de Vie\",\"description\":\"Ma boutique livres sant\u00e9, \u00e9sot\u00e9risme et d\u00e9veloppement personnel\",\"publisher\":{\"@id\":\"https:\\\/\\\/www.verdieditions.com\\\/equilibre-de-vie\\\/#\\\/schema\\\/person\\\/9dcb2a6759f2f5fbf43ac0b44649cecb\"},\"potentialAction\":[{\"@type\":\"SearchAction\",\"target\":{\"@type\":\"EntryPoint\",\"urlTemplate\":\"https:\\\/\\\/www.verdieditions.com\\\/equilibre-de-vie\\\/?s={search_term_string}\"},\"query-input\":{\"@type\":\"PropertyValueSpecification\",\"valueRequired\":true,\"valueName\":\"search_term_string\"}}],\"inLanguage\":\"fr-FR\"},{\"@type\":[\"Person\",\"Organization\"],\"@id\":\"https:\\\/\\\/www.verdieditions.com\\\/equilibre-de-vie\\\/#\\\/schema\\\/person\\\/9dcb2a6759f2f5fbf43ac0b44649cecb\",\"name\":\"Sylvie VERDI\",\"image\":{\"@type\":\"ImageObject\",\"inLanguage\":\"fr-FR\",\"@id\":\"https:\\\/\\\/www.verdieditions.com\\\/equilibre-de-vie\\\/wp-content\\\/uploads\\\/2020\\\/04\\\/livres-occasion-sante-esoterisme-developpement-personnel-2.jpg\",\"url\":\"https:\\\/\\\/www.verdieditions.com\\\/equilibre-de-vie\\\/wp-content\\\/uploads\\\/2020\\\/04\\\/livres-occasion-sante-esoterisme-developpement-personnel-2.jpg\",\"contentUrl\":\"https:\\\/\\\/www.verdieditions.com\\\/equilibre-de-vie\\\/wp-content\\\/uploads\\\/2020\\\/04\\\/livres-occasion-sante-esoterisme-developpement-personnel-2.jpg\",\"width\":800,\"height\":572,\"caption\":\"Sylvie VERDI\"},\"logo\":{\"@id\":\"https:\\\/\\\/www.verdieditions.com\\\/equilibre-de-vie\\\/wp-content\\\/uploads\\\/2020\\\/04\\\/livres-occasion-sante-esoterisme-developpement-personnel-2.jpg\"},\"sameAs\":[\"https:\\\/\\\/www.verdieditions.com\\\/equilibre-de-vie\"]}]}<\/script>\n<!-- \/ Yoast SEO plugin. -->","yoast_head_json":{"title":"Saint Thomas d'Aquin - M.D. CHENU","description":"M.D. CHENU - Saint Thomas d'Aquin et la th\u00e9ologie \u00c9diteur : Ma\u00eetres spirituels, 1959 Avec nombreuses illustrations N&B Dim. 12 x 18 190 p","robots":{"index":"index","follow":"follow","max-snippet":"max-snippet:-1","max-image-preview":"max-image-preview:large","max-video-preview":"max-video-preview:-1"},"canonical":"https:\/\/www.verdieditions.com\/equilibre-de-vie\/produit\/saint-thomas-aquin-chenu\/","og_locale":"fr_FR","og_type":"article","og_title":"Saint Thomas d'Aquin - M.D. CHENU","og_description":"M.D. CHENU - Saint Thomas d'Aquin et la th\u00e9ologie \u00c9diteur : Ma\u00eetres spirituels, 1959 Avec nombreuses illustrations N&B Dim. 12 x 18 190 p","og_url":"https:\/\/www.verdieditions.com\/equilibre-de-vie\/produit\/saint-thomas-aquin-chenu\/","og_site_name":"Equilibre de Vie","article_modified_time":"2024-02-07T14:13:36+00:00","og_image":[{"width":547,"height":800,"url":"https:\/\/www.verdieditions.com\/equilibre-de-vie\/wp-content\/uploads\/2022\/03\/chenu-st-thomas-aquin.jpg","type":"image\/jpeg"}],"twitter_card":"summary_large_image","twitter_misc":{"Dur\u00e9e de lecture estim\u00e9e":"1 minute"},"schema":{"@context":"https:\/\/schema.org","@graph":[{"@type":"WebPage","@id":"https:\/\/www.verdieditions.com\/equilibre-de-vie\/produit\/saint-thomas-aquin-chenu\/","url":"https:\/\/www.verdieditions.com\/equilibre-de-vie\/produit\/saint-thomas-aquin-chenu\/","name":"Saint Thomas d'Aquin - M.D. CHENU","isPartOf":{"@id":"https:\/\/www.verdieditions.com\/equilibre-de-vie\/#website"},"primaryImageOfPage":{"@id":"https:\/\/www.verdieditions.com\/equilibre-de-vie\/produit\/saint-thomas-aquin-chenu\/#primaryimage"},"image":{"@id":"https:\/\/www.verdieditions.com\/equilibre-de-vie\/produit\/saint-thomas-aquin-chenu\/#primaryimage"},"thumbnailUrl":"https:\/\/www.verdieditions.com\/equilibre-de-vie\/wp-content\/uploads\/2022\/03\/chenu-st-thomas-aquin.jpg","datePublished":"2022-03-31T12:04:44+00:00","dateModified":"2024-02-07T14:13:36+00:00","description":"M.D. CHENU - Saint Thomas d'Aquin et la th\u00e9ologie \u00c9diteur : Ma\u00eetres spirituels, 1959 Avec nombreuses illustrations N&B Dim. 12 x 18 190 p","breadcrumb":{"@id":"https:\/\/www.verdieditions.com\/equilibre-de-vie\/produit\/saint-thomas-aquin-chenu\/#breadcrumb"},"inLanguage":"fr-FR","potentialAction":[{"@type":"ReadAction","target":["https:\/\/www.verdieditions.com\/equilibre-de-vie\/produit\/saint-thomas-aquin-chenu\/"]}]},{"@type":"ImageObject","inLanguage":"fr-FR","@id":"https:\/\/www.verdieditions.com\/equilibre-de-vie\/produit\/saint-thomas-aquin-chenu\/#primaryimage","url":"https:\/\/www.verdieditions.com\/equilibre-de-vie\/wp-content\/uploads\/2022\/03\/chenu-st-thomas-aquin.jpg","contentUrl":"https:\/\/www.verdieditions.com\/equilibre-de-vie\/wp-content\/uploads\/2022\/03\/chenu-st-thomas-aquin.jpg","width":547,"height":800,"caption":"chenu-st-thomas-aquin"},{"@type":"BreadcrumbList","@id":"https:\/\/www.verdieditions.com\/equilibre-de-vie\/produit\/saint-thomas-aquin-chenu\/#breadcrumb","itemListElement":[{"@type":"ListItem","position":1,"name":"Accueil","item":"https:\/\/www.verdieditions.com\/equilibre-de-vie\/"},{"@type":"ListItem","position":2,"name":"La boutique","item":"https:\/\/www.verdieditions.com\/equilibre-de-vie\/boutique\/"},{"@type":"ListItem","position":3,"name":"Saint Thomas d&#8217;Aquin &#8211; M.D. CHENU"}]},{"@type":"WebSite","@id":"https:\/\/www.verdieditions.com\/equilibre-de-vie\/#website","url":"https:\/\/www.verdieditions.com\/equilibre-de-vie\/","name":"Equilibre de Vie","description":"Ma boutique livres sant\u00e9, \u00e9sot\u00e9risme et d\u00e9veloppement personnel","publisher":{"@id":"https:\/\/www.verdieditions.com\/equilibre-de-vie\/#\/schema\/person\/9dcb2a6759f2f5fbf43ac0b44649cecb"},"potentialAction":[{"@type":"SearchAction","target":{"@type":"EntryPoint","urlTemplate":"https:\/\/www.verdieditions.com\/equilibre-de-vie\/?s={search_term_string}"},"query-input":{"@type":"PropertyValueSpecification","valueRequired":true,"valueName":"search_term_string"}}],"inLanguage":"fr-FR"},{"@type":["Person","Organization"],"@id":"https:\/\/www.verdieditions.com\/equilibre-de-vie\/#\/schema\/person\/9dcb2a6759f2f5fbf43ac0b44649cecb","name":"Sylvie VERDI","image":{"@type":"ImageObject","inLanguage":"fr-FR","@id":"https:\/\/www.verdieditions.com\/equilibre-de-vie\/wp-content\/uploads\/2020\/04\/livres-occasion-sante-esoterisme-developpement-personnel-2.jpg","url":"https:\/\/www.verdieditions.com\/equilibre-de-vie\/wp-content\/uploads\/2020\/04\/livres-occasion-sante-esoterisme-developpement-personnel-2.jpg","contentUrl":"https:\/\/www.verdieditions.com\/equilibre-de-vie\/wp-content\/uploads\/2020\/04\/livres-occasion-sante-esoterisme-developpement-personnel-2.jpg","width":800,"height":572,"caption":"Sylvie VERDI"},"logo":{"@id":"https:\/\/www.verdieditions.com\/equilibre-de-vie\/wp-content\/uploads\/2020\/04\/livres-occasion-sante-esoterisme-developpement-personnel-2.jpg"},"sameAs":["https:\/\/www.verdieditions.com\/equilibre-de-vie"]}]}},"_links":{"self":[{"href":"https:\/\/www.verdieditions.com\/equilibre-de-vie\/wp-json\/wp\/v2\/product\/1944","targetHints":{"allow":["GET"]}}],"collection":[{"href":"https:\/\/www.verdieditions.com\/equilibre-de-vie\/wp-json\/wp\/v2\/product"}],"about":[{"href":"https:\/\/www.verdieditions.com\/equilibre-de-vie\/wp-json\/wp\/v2\/types\/product"}],"wp:featuredmedia":[{"embeddable":true,"href":"https:\/\/www.verdieditions.com\/equilibre-de-vie\/wp-json\/wp\/v2\/media\/1946"}],"wp:attachment":[{"href":"https:\/\/www.verdieditions.com\/equilibre-de-vie\/wp-json\/wp\/v2\/media?parent=1944"}],"wp:term":[{"taxonomy":"product_brand","embeddable":true,"href":"https:\/\/www.verdieditions.com\/equilibre-de-vie\/wp-json\/wp\/v2\/product_brand?post=1944"},{"taxonomy":"product_cat","embeddable":true,"href":"https:\/\/www.verdieditions.com\/equilibre-de-vie\/wp-json\/wp\/v2\/product_cat?post=1944"},{"taxonomy":"product_tag","embeddable":true,"href":"https:\/\/www.verdieditions.com\/equilibre-de-vie\/wp-json\/wp\/v2\/product_tag?post=1944"}],"curies":[{"name":"wp","href":"https:\/\/api.w.org\/{rel}","templated":true}]}}