{"id":194,"date":"2020-04-23T09:21:04","date_gmt":"2020-04-23T07:21:04","guid":{"rendered":"https:\/\/www.verdieditions.com\/equilibre-de-vie\/?post_type=product&#038;p=194"},"modified":"2024-02-06T12:25:15","modified_gmt":"2024-02-06T11:25:15","slug":"numerologie-humaniste-notter","status":"publish","type":"product","link":"https:\/\/www.verdieditions.com\/equilibre-de-vie\/produit\/numerologie-humaniste-notter\/","title":{"rendered":"La num\u00e9rologie humaniste &#8211; Fran\u00e7ois NOTTER"},"content":{"rendered":"<p>Auteur : Fran\u00e7ois NOTTER<br \/>\nTitre : La num\u00e9rologie humaniste, votre portrait psychologique et \u00e9nerg\u00e9tique par les nombres<br \/>\n\u00c9diteur : Guy Tr\u00e9daniel Editeur, 1998<br \/>\nEdition originale, \u00e9tat excellent, comme neuf<br \/>\nDim. 16 x 24<br \/>\n387 pages<\/p>\n<p>Fran\u00e7ois Notter nous propose une m\u00e9thode originale qui permet de fa\u00e7on simple et claire de dresser votre portrait psychologique et \u00e9nerg\u00e9tique, ainsi que celui de vos proches ou de vos consultants.<br \/>\nGr\u00e2ce \u00e0 ce livre, d\u00e9couvrez vos dons et potentialit\u00e9s cach\u00e9s, vos richesses et atouts personnels encore inexploit\u00e9s !<br \/>\nFran\u00e7ois Notter vous offre la possibilit\u00e9 de vous rencontrer pleinement, d\u2019effectuer des choix encore plus lucides dans votre vie.<br \/>\nOrientations professionnelles, engagements sentimentaux, positionnements familiaux, choix personnels, vous seront facilit\u00e9s par les informations que vous livrent ces pages et par la connaissance de vous-m\u00eame et des autres qu\u2019elles permettent.<br \/>\nDe lecture ais\u00e9e, ce livre de r\u00e9f\u00e9rence se pr\u00e9sente comme un guide d\u2019\u00e9volution et propose de nombreux jalons utiles \u00e0 tous au quotidien.<br \/>\nLa Num\u00e9rologie Humaniste est une invitation au mieux-\u00eatre, une lumi\u00e8re sur le chemin de la lib\u00e9ration int\u00e9rieure\u2026<\/p>\n<p>Fran\u00e7ois Notter, psychosociologue de formation, est num\u00e9rologue professionnel depuis 1988. Il a fond\u00e9 l\u2019\u00c9cole de la Num\u00e9rologie Humaniste\u00ae et anime des stages de formation professionnelle de Num\u00e9rologie depuis plus de 28 ans. Ses d\u00e9couvertes ont fait grandement progresser la num\u00e9rologie moderne et ses applications dans l\u2019\u00e9ducation, la psychoth\u00e9rapie et la recherche spirituelle.<\/p>\n","protected":false},"excerpt":{"rendered":"<p>Auteur : Fran\u00e7ois NOTTER<br \/>\nTitre : La num\u00e9rologie humaniste, votre portrait psychologique et \u00e9nerg\u00e9tique par les nombres<br \/>\n\u00c9diteur : Guy Tr\u00e9daniel Editeur, 1998<br \/>\nEdition originale, \u00e9tat excellent, comme neuf<br \/>\nDim. 16 x 24<br \/>\n387 pages<\/p>\n","protected":false},"featured_media":195,"template":"","meta":[],"product_brand":[],"product_cat":[23],"product_tag":[60,79,113,114,115,139],"class_list":{"0":"post-194","1":"product","2":"type-product","3":"status-publish","4":"has-post-thumbnail","6":"product_cat-esoterisme","7":"product_tag-energie","8":"product_tag-humaniste","9":"product_tag-nombres","10":"product_tag-nombrologie","11":"product_tag-numerologie","12":"product_tag-relations-humaines","14":"first","15":"instock","16":"featured","17":"shipping-taxable","18":"product-type-simple"},"yoast_head":"<!-- This site is optimized with the Yoast SEO plugin v27.4 - https:\/\/yoast.com\/product\/yoast-seo-wordpress\/ -->\n<title>La num\u00e9rologie humaniste - Fran\u00e7ois NOTTER - Equilibre de Vie<\/title>\n<meta name=\"description\" content=\"Auteur : Fran\u00e7ois NOTTER Titre : La num\u00e9rologie humaniste, votre portrait psychologique et \u00e9nerg\u00e9tique par les nombres \u00c9diteur : Guy Tr\u00e9daniel Editeur, 1998 Edition originale, \u00e9tat excellent, comme neuf Dim. 16 x 24 387 pages\" \/>\n<meta name=\"robots\" content=\"index, follow, max-snippet:-1, max-image-preview:large, max-video-preview:-1\" \/>\n<link rel=\"canonical\" href=\"https:\/\/www.verdieditions.com\/equilibre-de-vie\/produit\/numerologie-humaniste-notter\/\" \/>\n<meta property=\"og:locale\" content=\"fr_FR\" \/>\n<meta property=\"og:type\" content=\"article\" \/>\n<meta property=\"og:title\" content=\"La num\u00e9rologie humaniste - Fran\u00e7ois NOTTER - Equilibre de Vie\" \/>\n<meta property=\"og:description\" content=\"Auteur : Fran\u00e7ois NOTTER Titre : La num\u00e9rologie humaniste, votre portrait psychologique et \u00e9nerg\u00e9tique par les nombres \u00c9diteur : Guy Tr\u00e9daniel Editeur, 1998 Edition originale, \u00e9tat excellent, comme neuf Dim. 16 x 24 387 pages\" \/>\n<meta property=\"og:url\" content=\"https:\/\/www.verdieditions.com\/equilibre-de-vie\/produit\/numerologie-humaniste-notter\/\" \/>\n<meta property=\"og:site_name\" content=\"Equilibre de Vie\" \/>\n<meta property=\"article:modified_time\" content=\"2024-02-06T11:25:15+00:00\" \/>\n<meta property=\"og:image\" content=\"https:\/\/www.verdieditions.com\/equilibre-de-vie\/wp-content\/uploads\/2020\/04\/numerologie-humaniste-Notter.jpg\" \/>\n\t<meta property=\"og:image:width\" content=\"799\" \/>\n\t<meta property=\"og:image:height\" content=\"1136\" \/>\n\t<meta property=\"og:image:type\" content=\"image\/jpeg\" \/>\n<meta name=\"twitter:card\" content=\"summary_large_image\" \/>\n<meta name=\"twitter:label1\" content=\"Dur\u00e9e de lecture estim\u00e9e\" \/>\n\t<meta name=\"twitter:data1\" content=\"1 minute\" \/>\n<script type=\"application\/ld+json\" class=\"yoast-schema-graph\">{\"@context\":\"https:\\\/\\\/schema.org\",\"@graph\":[{\"@type\":\"WebPage\",\"@id\":\"https:\\\/\\\/www.verdieditions.com\\\/equilibre-de-vie\\\/produit\\\/numerologie-humaniste-notter\\\/\",\"url\":\"https:\\\/\\\/www.verdieditions.com\\\/equilibre-de-vie\\\/produit\\\/numerologie-humaniste-notter\\\/\",\"name\":\"La num\u00e9rologie humaniste - Fran\u00e7ois NOTTER - Equilibre de Vie\",\"isPartOf\":{\"@id\":\"https:\\\/\\\/www.verdieditions.com\\\/equilibre-de-vie\\\/#website\"},\"primaryImageOfPage\":{\"@id\":\"https:\\\/\\\/www.verdieditions.com\\\/equilibre-de-vie\\\/produit\\\/numerologie-humaniste-notter\\\/#primaryimage\"},\"image\":{\"@id\":\"https:\\\/\\\/www.verdieditions.com\\\/equilibre-de-vie\\\/produit\\\/numerologie-humaniste-notter\\\/#primaryimage\"},\"thumbnailUrl\":\"https:\\\/\\\/www.verdieditions.com\\\/equilibre-de-vie\\\/wp-content\\\/uploads\\\/2020\\\/04\\\/numerologie-humaniste-Notter.jpg\",\"datePublished\":\"2020-04-23T07:21:04+00:00\",\"dateModified\":\"2024-02-06T11:25:15+00:00\",\"description\":\"Auteur : Fran\u00e7ois NOTTER Titre : La num\u00e9rologie humaniste, votre portrait psychologique et \u00e9nerg\u00e9tique par les nombres \u00c9diteur : Guy Tr\u00e9daniel Editeur, 1998 Edition originale, \u00e9tat excellent, comme neuf Dim. 16 x 24 387 pages\",\"breadcrumb\":{\"@id\":\"https:\\\/\\\/www.verdieditions.com\\\/equilibre-de-vie\\\/produit\\\/numerologie-humaniste-notter\\\/#breadcrumb\"},\"inLanguage\":\"fr-FR\",\"potentialAction\":[{\"@type\":\"ReadAction\",\"target\":[\"https:\\\/\\\/www.verdieditions.com\\\/equilibre-de-vie\\\/produit\\\/numerologie-humaniste-notter\\\/\"]}]},{\"@type\":\"ImageObject\",\"inLanguage\":\"fr-FR\",\"@id\":\"https:\\\/\\\/www.verdieditions.com\\\/equilibre-de-vie\\\/produit\\\/numerologie-humaniste-notter\\\/#primaryimage\",\"url\":\"https:\\\/\\\/www.verdieditions.com\\\/equilibre-de-vie\\\/wp-content\\\/uploads\\\/2020\\\/04\\\/numerologie-humaniste-Notter.jpg\",\"contentUrl\":\"https:\\\/\\\/www.verdieditions.com\\\/equilibre-de-vie\\\/wp-content\\\/uploads\\\/2020\\\/04\\\/numerologie-humaniste-Notter.jpg\",\"width\":799,\"height\":1136,\"caption\":\"numerologie-humaniste-Notter\"},{\"@type\":\"BreadcrumbList\",\"@id\":\"https:\\\/\\\/www.verdieditions.com\\\/equilibre-de-vie\\\/produit\\\/numerologie-humaniste-notter\\\/#breadcrumb\",\"itemListElement\":[{\"@type\":\"ListItem\",\"position\":1,\"name\":\"Accueil\",\"item\":\"https:\\\/\\\/www.verdieditions.com\\\/equilibre-de-vie\\\/\"},{\"@type\":\"ListItem\",\"position\":2,\"name\":\"La boutique\",\"item\":\"https:\\\/\\\/www.verdieditions.com\\\/equilibre-de-vie\\\/boutique\\\/\"},{\"@type\":\"ListItem\",\"position\":3,\"name\":\"La num\u00e9rologie humaniste &#8211; Fran\u00e7ois NOTTER\"}]},{\"@type\":\"WebSite\",\"@id\":\"https:\\\/\\\/www.verdieditions.com\\\/equilibre-de-vie\\\/#website\",\"url\":\"https:\\\/\\\/www.verdieditions.com\\\/equilibre-de-vie\\\/\",\"name\":\"Equilibre de Vie\",\"description\":\"Ma boutique livres sant\u00e9, \u00e9sot\u00e9risme et d\u00e9veloppement personnel\",\"publisher\":{\"@id\":\"https:\\\/\\\/www.verdieditions.com\\\/equilibre-de-vie\\\/#\\\/schema\\\/person\\\/9dcb2a6759f2f5fbf43ac0b44649cecb\"},\"potentialAction\":[{\"@type\":\"SearchAction\",\"target\":{\"@type\":\"EntryPoint\",\"urlTemplate\":\"https:\\\/\\\/www.verdieditions.com\\\/equilibre-de-vie\\\/?s={search_term_string}\"},\"query-input\":{\"@type\":\"PropertyValueSpecification\",\"valueRequired\":true,\"valueName\":\"search_term_string\"}}],\"inLanguage\":\"fr-FR\"},{\"@type\":[\"Person\",\"Organization\"],\"@id\":\"https:\\\/\\\/www.verdieditions.com\\\/equilibre-de-vie\\\/#\\\/schema\\\/person\\\/9dcb2a6759f2f5fbf43ac0b44649cecb\",\"name\":\"Sylvie VERDI\",\"image\":{\"@type\":\"ImageObject\",\"inLanguage\":\"fr-FR\",\"@id\":\"https:\\\/\\\/www.verdieditions.com\\\/equilibre-de-vie\\\/wp-content\\\/uploads\\\/2020\\\/04\\\/livres-occasion-sante-esoterisme-developpement-personnel-2.jpg\",\"url\":\"https:\\\/\\\/www.verdieditions.com\\\/equilibre-de-vie\\\/wp-content\\\/uploads\\\/2020\\\/04\\\/livres-occasion-sante-esoterisme-developpement-personnel-2.jpg\",\"contentUrl\":\"https:\\\/\\\/www.verdieditions.com\\\/equilibre-de-vie\\\/wp-content\\\/uploads\\\/2020\\\/04\\\/livres-occasion-sante-esoterisme-developpement-personnel-2.jpg\",\"width\":800,\"height\":572,\"caption\":\"Sylvie VERDI\"},\"logo\":{\"@id\":\"https:\\\/\\\/www.verdieditions.com\\\/equilibre-de-vie\\\/wp-content\\\/uploads\\\/2020\\\/04\\\/livres-occasion-sante-esoterisme-developpement-personnel-2.jpg\"},\"sameAs\":[\"https:\\\/\\\/www.verdieditions.com\\\/equilibre-de-vie\"]}]}<\/script>\n<!-- \/ Yoast SEO plugin. -->","yoast_head_json":{"title":"La num\u00e9rologie humaniste - Fran\u00e7ois NOTTER - Equilibre de Vie","description":"Auteur : Fran\u00e7ois NOTTER Titre : La num\u00e9rologie humaniste, votre portrait psychologique et \u00e9nerg\u00e9tique par les nombres \u00c9diteur : Guy Tr\u00e9daniel Editeur, 1998 Edition originale, \u00e9tat excellent, comme neuf Dim. 16 x 24 387 pages","robots":{"index":"index","follow":"follow","max-snippet":"max-snippet:-1","max-image-preview":"max-image-preview:large","max-video-preview":"max-video-preview:-1"},"canonical":"https:\/\/www.verdieditions.com\/equilibre-de-vie\/produit\/numerologie-humaniste-notter\/","og_locale":"fr_FR","og_type":"article","og_title":"La num\u00e9rologie humaniste - Fran\u00e7ois NOTTER - Equilibre de Vie","og_description":"Auteur : Fran\u00e7ois NOTTER Titre : La num\u00e9rologie humaniste, votre portrait psychologique et \u00e9nerg\u00e9tique par les nombres \u00c9diteur : Guy Tr\u00e9daniel Editeur, 1998 Edition originale, \u00e9tat excellent, comme neuf Dim. 16 x 24 387 pages","og_url":"https:\/\/www.verdieditions.com\/equilibre-de-vie\/produit\/numerologie-humaniste-notter\/","og_site_name":"Equilibre de Vie","article_modified_time":"2024-02-06T11:25:15+00:00","og_image":[{"width":799,"height":1136,"url":"https:\/\/www.verdieditions.com\/equilibre-de-vie\/wp-content\/uploads\/2020\/04\/numerologie-humaniste-Notter.jpg","type":"image\/jpeg"}],"twitter_card":"summary_large_image","twitter_misc":{"Dur\u00e9e de lecture estim\u00e9e":"1 minute"},"schema":{"@context":"https:\/\/schema.org","@graph":[{"@type":"WebPage","@id":"https:\/\/www.verdieditions.com\/equilibre-de-vie\/produit\/numerologie-humaniste-notter\/","url":"https:\/\/www.verdieditions.com\/equilibre-de-vie\/produit\/numerologie-humaniste-notter\/","name":"La num\u00e9rologie humaniste - Fran\u00e7ois NOTTER - Equilibre de Vie","isPartOf":{"@id":"https:\/\/www.verdieditions.com\/equilibre-de-vie\/#website"},"primaryImageOfPage":{"@id":"https:\/\/www.verdieditions.com\/equilibre-de-vie\/produit\/numerologie-humaniste-notter\/#primaryimage"},"image":{"@id":"https:\/\/www.verdieditions.com\/equilibre-de-vie\/produit\/numerologie-humaniste-notter\/#primaryimage"},"thumbnailUrl":"https:\/\/www.verdieditions.com\/equilibre-de-vie\/wp-content\/uploads\/2020\/04\/numerologie-humaniste-Notter.jpg","datePublished":"2020-04-23T07:21:04+00:00","dateModified":"2024-02-06T11:25:15+00:00","description":"Auteur : Fran\u00e7ois NOTTER Titre : La num\u00e9rologie humaniste, votre portrait psychologique et \u00e9nerg\u00e9tique par les nombres \u00c9diteur : Guy Tr\u00e9daniel Editeur, 1998 Edition originale, \u00e9tat excellent, comme neuf Dim. 16 x 24 387 pages","breadcrumb":{"@id":"https:\/\/www.verdieditions.com\/equilibre-de-vie\/produit\/numerologie-humaniste-notter\/#breadcrumb"},"inLanguage":"fr-FR","potentialAction":[{"@type":"ReadAction","target":["https:\/\/www.verdieditions.com\/equilibre-de-vie\/produit\/numerologie-humaniste-notter\/"]}]},{"@type":"ImageObject","inLanguage":"fr-FR","@id":"https:\/\/www.verdieditions.com\/equilibre-de-vie\/produit\/numerologie-humaniste-notter\/#primaryimage","url":"https:\/\/www.verdieditions.com\/equilibre-de-vie\/wp-content\/uploads\/2020\/04\/numerologie-humaniste-Notter.jpg","contentUrl":"https:\/\/www.verdieditions.com\/equilibre-de-vie\/wp-content\/uploads\/2020\/04\/numerologie-humaniste-Notter.jpg","width":799,"height":1136,"caption":"numerologie-humaniste-Notter"},{"@type":"BreadcrumbList","@id":"https:\/\/www.verdieditions.com\/equilibre-de-vie\/produit\/numerologie-humaniste-notter\/#breadcrumb","itemListElement":[{"@type":"ListItem","position":1,"name":"Accueil","item":"https:\/\/www.verdieditions.com\/equilibre-de-vie\/"},{"@type":"ListItem","position":2,"name":"La boutique","item":"https:\/\/www.verdieditions.com\/equilibre-de-vie\/boutique\/"},{"@type":"ListItem","position":3,"name":"La num\u00e9rologie humaniste &#8211; Fran\u00e7ois NOTTER"}]},{"@type":"WebSite","@id":"https:\/\/www.verdieditions.com\/equilibre-de-vie\/#website","url":"https:\/\/www.verdieditions.com\/equilibre-de-vie\/","name":"Equilibre de Vie","description":"Ma boutique livres sant\u00e9, \u00e9sot\u00e9risme et d\u00e9veloppement personnel","publisher":{"@id":"https:\/\/www.verdieditions.com\/equilibre-de-vie\/#\/schema\/person\/9dcb2a6759f2f5fbf43ac0b44649cecb"},"potentialAction":[{"@type":"SearchAction","target":{"@type":"EntryPoint","urlTemplate":"https:\/\/www.verdieditions.com\/equilibre-de-vie\/?s={search_term_string}"},"query-input":{"@type":"PropertyValueSpecification","valueRequired":true,"valueName":"search_term_string"}}],"inLanguage":"fr-FR"},{"@type":["Person","Organization"],"@id":"https:\/\/www.verdieditions.com\/equilibre-de-vie\/#\/schema\/person\/9dcb2a6759f2f5fbf43ac0b44649cecb","name":"Sylvie VERDI","image":{"@type":"ImageObject","inLanguage":"fr-FR","@id":"https:\/\/www.verdieditions.com\/equilibre-de-vie\/wp-content\/uploads\/2020\/04\/livres-occasion-sante-esoterisme-developpement-personnel-2.jpg","url":"https:\/\/www.verdieditions.com\/equilibre-de-vie\/wp-content\/uploads\/2020\/04\/livres-occasion-sante-esoterisme-developpement-personnel-2.jpg","contentUrl":"https:\/\/www.verdieditions.com\/equilibre-de-vie\/wp-content\/uploads\/2020\/04\/livres-occasion-sante-esoterisme-developpement-personnel-2.jpg","width":800,"height":572,"caption":"Sylvie VERDI"},"logo":{"@id":"https:\/\/www.verdieditions.com\/equilibre-de-vie\/wp-content\/uploads\/2020\/04\/livres-occasion-sante-esoterisme-developpement-personnel-2.jpg"},"sameAs":["https:\/\/www.verdieditions.com\/equilibre-de-vie"]}]}},"_links":{"self":[{"href":"https:\/\/www.verdieditions.com\/equilibre-de-vie\/wp-json\/wp\/v2\/product\/194","targetHints":{"allow":["GET"]}}],"collection":[{"href":"https:\/\/www.verdieditions.com\/equilibre-de-vie\/wp-json\/wp\/v2\/product"}],"about":[{"href":"https:\/\/www.verdieditions.com\/equilibre-de-vie\/wp-json\/wp\/v2\/types\/product"}],"wp:featuredmedia":[{"embeddable":true,"href":"https:\/\/www.verdieditions.com\/equilibre-de-vie\/wp-json\/wp\/v2\/media\/195"}],"wp:attachment":[{"href":"https:\/\/www.verdieditions.com\/equilibre-de-vie\/wp-json\/wp\/v2\/media?parent=194"}],"wp:term":[{"taxonomy":"product_brand","embeddable":true,"href":"https:\/\/www.verdieditions.com\/equilibre-de-vie\/wp-json\/wp\/v2\/product_brand?post=194"},{"taxonomy":"product_cat","embeddable":true,"href":"https:\/\/www.verdieditions.com\/equilibre-de-vie\/wp-json\/wp\/v2\/product_cat?post=194"},{"taxonomy":"product_tag","embeddable":true,"href":"https:\/\/www.verdieditions.com\/equilibre-de-vie\/wp-json\/wp\/v2\/product_tag?post=194"}],"curies":[{"name":"wp","href":"https:\/\/api.w.org\/{rel}","templated":true}]}}