{"id":1910,"date":"2022-02-22T12:55:44","date_gmt":"2022-02-22T11:55:44","guid":{"rendered":"https:\/\/www.verdieditions.com\/equilibre-de-vie\/?post_type=product&#038;p=1910"},"modified":"2025-12-08T09:08:42","modified_gmt":"2025-12-08T08:08:42","slug":"medecine-tibetaine-bio-contact-279","status":"publish","type":"product","link":"https:\/\/www.verdieditions.com\/equilibre-de-vie\/produit\/medecine-tibetaine-bio-contact-279\/","title":{"rendered":"M\u00e9decine tib\u00e9taine &#8211; Magazine BIO CONTACT N\u00b0279"},"content":{"rendered":"<p>Auteur : Magazine BIO CONTACT<br \/>\nTitre : M\u00e9decine tib\u00e9taine, quand la sant\u00e9 rejoint la spiritualit\u00e9, N\u00b0279<br \/>\n\u00c9diteur : Bio Contact, mai 2017<br \/>\nEtat : Excellent, comme neuf<br \/>\nDim. 20 x 27<br \/>\n106 pages <\/p>\n<p>Sommaire<\/p>\n<p>Transition \u00e9cologique : Une feuille de route mondiale pour le d\u00e9veloppement durable<br \/>\nC\u00f4t\u00e9 naturo : L&rsquo;acide alphalipo\u00efque<br \/>\nC\u00f4t\u00e9 cuisine : La vanille<br \/>\nD\u00e9sinformation : L&rsquo;affaire des \u00ab\u00a0fausses\u00a0\u00bb bananes bio<br \/>\nPress\u00e9 : cinq astuces gain de temps pour manger bio et sain au quotidien !<br \/>\nClarification : Des OGM autoris\u00e9s en Europe : Lesquels ?<br \/>\nNouveau : La phyto-\u00e9nerg\u00e9tique au secours du dos<br \/>\nPalestine : Des oliviers bio comme forme de r\u00e9sistance<\/p>\n<p>Dossier :<br \/>\nL&rsquo;art tib\u00e9tain de la gu\u00e9rison<br \/>\nTest : quel nyepa \u00eates-vous ?<br \/>\nLa m\u00e9decine selon Bouddha<br \/>\nRetrouver son \u00e9quilibre par l&rsquo;alimentation<br \/>\nUne pharmacop\u00e9e mill\u00e9naire<br \/>\nMassages, yoga, compresses, moxas&#8230;les th\u00e9rapies externes de Sowa Rigpa<br \/>\nYuthok Nyingthig : trois \u00e9tapes pour trouver la Voie<\/p>\n","protected":false},"excerpt":{"rendered":"<p>Auteur : Magazine BIO CONTACT<br \/>\nTitre : M\u00e9decine tib\u00e9taine, quand la sant\u00e9 rejoint la spiritualit\u00e9, N\u00b0279<br \/>\n\u00c9diteur : Bio Contact, mai 2017<br \/>\nEtat : Excellent, comme neuf<br \/>\nDim. 20 x 27<br \/>\n106 pages <\/p>\n","protected":false},"featured_media":1912,"template":"","meta":[],"product_brand":[],"product_cat":[21],"product_tag":[98,203],"class_list":{"0":"post-1910","1":"product","2":"type-product","3":"status-publish","4":"has-post-thumbnail","6":"product_cat-sante","7":"product_tag-medecine-alternative","8":"product_tag-spiritualite","10":"first","11":"instock","12":"shipping-taxable","13":"product-type-simple"},"yoast_head":"<!-- This site is optimized with the Yoast SEO plugin v27.0 - https:\/\/yoast.com\/product\/yoast-seo-wordpress\/ -->\n<title>M\u00e9decine tib\u00e9taine - Magazine BIO CONTACT N\u00b0279<\/title>\n<meta name=\"description\" content=\"Magazine BIO CONTACT - M\u00e9decine tib\u00e9taine, la sant\u00e9 rejoint la spiritualit\u00e9, N\u00b0279 - mai 2017 - Excellent, comme neuf - Dim. 20 x 27 106 p\" \/>\n<meta name=\"robots\" content=\"index, follow, max-snippet:-1, max-image-preview:large, max-video-preview:-1\" \/>\n<link rel=\"canonical\" href=\"https:\/\/www.verdieditions.com\/equilibre-de-vie\/produit\/medecine-tibetaine-bio-contact-279\/\" \/>\n<meta property=\"og:locale\" content=\"fr_FR\" \/>\n<meta property=\"og:type\" content=\"article\" \/>\n<meta property=\"og:title\" content=\"M\u00e9decine tib\u00e9taine - Magazine BIO CONTACT N\u00b0279\" \/>\n<meta property=\"og:description\" content=\"Magazine BIO CONTACT - M\u00e9decine tib\u00e9taine, la sant\u00e9 rejoint la spiritualit\u00e9, N\u00b0279 - mai 2017 - Excellent, comme neuf - Dim. 20 x 27 106 p\" \/>\n<meta property=\"og:url\" content=\"https:\/\/www.verdieditions.com\/equilibre-de-vie\/produit\/medecine-tibetaine-bio-contact-279\/\" \/>\n<meta property=\"og:site_name\" content=\"Equilibre de Vie\" \/>\n<meta property=\"article:modified_time\" content=\"2025-12-08T08:08:42+00:00\" \/>\n<meta property=\"og:image\" content=\"https:\/\/www.verdieditions.com\/equilibre-de-vie\/wp-content\/uploads\/2022\/02\/medecine-tibetaine-bio-contact.jpg\" \/>\n\t<meta property=\"og:image:width\" content=\"594\" \/>\n\t<meta property=\"og:image:height\" content=\"800\" \/>\n\t<meta property=\"og:image:type\" content=\"image\/jpeg\" \/>\n<meta name=\"twitter:card\" content=\"summary_large_image\" \/>\n<meta name=\"twitter:label1\" content=\"Dur\u00e9e de lecture estim\u00e9e\" \/>\n\t<meta name=\"twitter:data1\" content=\"1 minute\" \/>\n<script type=\"application\/ld+json\" class=\"yoast-schema-graph\">{\"@context\":\"https:\/\/schema.org\",\"@graph\":[{\"@type\":\"WebPage\",\"@id\":\"https:\/\/www.verdieditions.com\/equilibre-de-vie\/produit\/medecine-tibetaine-bio-contact-279\/\",\"url\":\"https:\/\/www.verdieditions.com\/equilibre-de-vie\/produit\/medecine-tibetaine-bio-contact-279\/\",\"name\":\"M\u00e9decine tib\u00e9taine - Magazine BIO CONTACT N\u00b0279\",\"isPartOf\":{\"@id\":\"https:\/\/www.verdieditions.com\/equilibre-de-vie\/#website\"},\"primaryImageOfPage\":{\"@id\":\"https:\/\/www.verdieditions.com\/equilibre-de-vie\/produit\/medecine-tibetaine-bio-contact-279\/#primaryimage\"},\"image\":{\"@id\":\"https:\/\/www.verdieditions.com\/equilibre-de-vie\/produit\/medecine-tibetaine-bio-contact-279\/#primaryimage\"},\"thumbnailUrl\":\"https:\/\/www.verdieditions.com\/equilibre-de-vie\/wp-content\/uploads\/2022\/02\/medecine-tibetaine-bio-contact.jpg\",\"datePublished\":\"2022-02-22T11:55:44+00:00\",\"dateModified\":\"2025-12-08T08:08:42+00:00\",\"description\":\"Magazine BIO CONTACT - M\u00e9decine tib\u00e9taine, la sant\u00e9 rejoint la spiritualit\u00e9, N\u00b0279 - mai 2017 - Excellent, comme neuf - Dim. 20 x 27 106 p\",\"breadcrumb\":{\"@id\":\"https:\/\/www.verdieditions.com\/equilibre-de-vie\/produit\/medecine-tibetaine-bio-contact-279\/#breadcrumb\"},\"inLanguage\":\"fr-FR\",\"potentialAction\":[{\"@type\":\"ReadAction\",\"target\":[\"https:\/\/www.verdieditions.com\/equilibre-de-vie\/produit\/medecine-tibetaine-bio-contact-279\/\"]}]},{\"@type\":\"ImageObject\",\"inLanguage\":\"fr-FR\",\"@id\":\"https:\/\/www.verdieditions.com\/equilibre-de-vie\/produit\/medecine-tibetaine-bio-contact-279\/#primaryimage\",\"url\":\"https:\/\/www.verdieditions.com\/equilibre-de-vie\/wp-content\/uploads\/2022\/02\/medecine-tibetaine-bio-contact.jpg\",\"contentUrl\":\"https:\/\/www.verdieditions.com\/equilibre-de-vie\/wp-content\/uploads\/2022\/02\/medecine-tibetaine-bio-contact.jpg\",\"width\":594,\"height\":800,\"caption\":\"medecine-tibetaine-bio-contact\"},{\"@type\":\"BreadcrumbList\",\"@id\":\"https:\/\/www.verdieditions.com\/equilibre-de-vie\/produit\/medecine-tibetaine-bio-contact-279\/#breadcrumb\",\"itemListElement\":[{\"@type\":\"ListItem\",\"position\":1,\"name\":\"Accueil\",\"item\":\"https:\/\/www.verdieditions.com\/equilibre-de-vie\/\"},{\"@type\":\"ListItem\",\"position\":2,\"name\":\"La boutique\",\"item\":\"https:\/\/www.verdieditions.com\/equilibre-de-vie\/boutique\/\"},{\"@type\":\"ListItem\",\"position\":3,\"name\":\"M\u00e9decine tib\u00e9taine &#8211; Magazine BIO CONTACT N\u00b0279\"}]},{\"@type\":\"WebSite\",\"@id\":\"https:\/\/www.verdieditions.com\/equilibre-de-vie\/#website\",\"url\":\"https:\/\/www.verdieditions.com\/equilibre-de-vie\/\",\"name\":\"Equilibre de Vie\",\"description\":\"Ma boutique livres sant\u00e9, \u00e9sot\u00e9risme et d\u00e9veloppement personnel\",\"publisher\":{\"@id\":\"https:\/\/www.verdieditions.com\/equilibre-de-vie\/#\/schema\/person\/9dcb2a6759f2f5fbf43ac0b44649cecb\"},\"potentialAction\":[{\"@type\":\"SearchAction\",\"target\":{\"@type\":\"EntryPoint\",\"urlTemplate\":\"https:\/\/www.verdieditions.com\/equilibre-de-vie\/?s={search_term_string}\"},\"query-input\":{\"@type\":\"PropertyValueSpecification\",\"valueRequired\":true,\"valueName\":\"search_term_string\"}}],\"inLanguage\":\"fr-FR\"},{\"@type\":[\"Person\",\"Organization\"],\"@id\":\"https:\/\/www.verdieditions.com\/equilibre-de-vie\/#\/schema\/person\/9dcb2a6759f2f5fbf43ac0b44649cecb\",\"name\":\"Sylvie VERDI\",\"image\":{\"@type\":\"ImageObject\",\"inLanguage\":\"fr-FR\",\"@id\":\"https:\/\/www.verdieditions.com\/equilibre-de-vie\/#\/schema\/person\/image\/\",\"url\":\"https:\/\/www.verdieditions.com\/equilibre-de-vie\/wp-content\/uploads\/2020\/04\/livres-occasion-sante-esoterisme-developpement-personnel-2.jpg\",\"contentUrl\":\"https:\/\/www.verdieditions.com\/equilibre-de-vie\/wp-content\/uploads\/2020\/04\/livres-occasion-sante-esoterisme-developpement-personnel-2.jpg\",\"width\":800,\"height\":572,\"caption\":\"Sylvie VERDI\"},\"logo\":{\"@id\":\"https:\/\/www.verdieditions.com\/equilibre-de-vie\/#\/schema\/person\/image\/\"},\"sameAs\":[\"https:\/\/www.verdieditions.com\/equilibre-de-vie\"]}]}<\/script>\n<!-- \/ Yoast SEO plugin. -->","yoast_head_json":{"title":"M\u00e9decine tib\u00e9taine - Magazine BIO CONTACT N\u00b0279","description":"Magazine BIO CONTACT - M\u00e9decine tib\u00e9taine, la sant\u00e9 rejoint la spiritualit\u00e9, N\u00b0279 - mai 2017 - Excellent, comme neuf - Dim. 20 x 27 106 p","robots":{"index":"index","follow":"follow","max-snippet":"max-snippet:-1","max-image-preview":"max-image-preview:large","max-video-preview":"max-video-preview:-1"},"canonical":"https:\/\/www.verdieditions.com\/equilibre-de-vie\/produit\/medecine-tibetaine-bio-contact-279\/","og_locale":"fr_FR","og_type":"article","og_title":"M\u00e9decine tib\u00e9taine - Magazine BIO CONTACT N\u00b0279","og_description":"Magazine BIO CONTACT - M\u00e9decine tib\u00e9taine, la sant\u00e9 rejoint la spiritualit\u00e9, N\u00b0279 - mai 2017 - Excellent, comme neuf - Dim. 20 x 27 106 p","og_url":"https:\/\/www.verdieditions.com\/equilibre-de-vie\/produit\/medecine-tibetaine-bio-contact-279\/","og_site_name":"Equilibre de Vie","article_modified_time":"2025-12-08T08:08:42+00:00","og_image":[{"width":594,"height":800,"url":"https:\/\/www.verdieditions.com\/equilibre-de-vie\/wp-content\/uploads\/2022\/02\/medecine-tibetaine-bio-contact.jpg","type":"image\/jpeg"}],"twitter_card":"summary_large_image","twitter_misc":{"Dur\u00e9e de lecture estim\u00e9e":"1 minute"},"schema":{"@context":"https:\/\/schema.org","@graph":[{"@type":"WebPage","@id":"https:\/\/www.verdieditions.com\/equilibre-de-vie\/produit\/medecine-tibetaine-bio-contact-279\/","url":"https:\/\/www.verdieditions.com\/equilibre-de-vie\/produit\/medecine-tibetaine-bio-contact-279\/","name":"M\u00e9decine tib\u00e9taine - Magazine BIO CONTACT N\u00b0279","isPartOf":{"@id":"https:\/\/www.verdieditions.com\/equilibre-de-vie\/#website"},"primaryImageOfPage":{"@id":"https:\/\/www.verdieditions.com\/equilibre-de-vie\/produit\/medecine-tibetaine-bio-contact-279\/#primaryimage"},"image":{"@id":"https:\/\/www.verdieditions.com\/equilibre-de-vie\/produit\/medecine-tibetaine-bio-contact-279\/#primaryimage"},"thumbnailUrl":"https:\/\/www.verdieditions.com\/equilibre-de-vie\/wp-content\/uploads\/2022\/02\/medecine-tibetaine-bio-contact.jpg","datePublished":"2022-02-22T11:55:44+00:00","dateModified":"2025-12-08T08:08:42+00:00","description":"Magazine BIO CONTACT - M\u00e9decine tib\u00e9taine, la sant\u00e9 rejoint la spiritualit\u00e9, N\u00b0279 - mai 2017 - Excellent, comme neuf - Dim. 20 x 27 106 p","breadcrumb":{"@id":"https:\/\/www.verdieditions.com\/equilibre-de-vie\/produit\/medecine-tibetaine-bio-contact-279\/#breadcrumb"},"inLanguage":"fr-FR","potentialAction":[{"@type":"ReadAction","target":["https:\/\/www.verdieditions.com\/equilibre-de-vie\/produit\/medecine-tibetaine-bio-contact-279\/"]}]},{"@type":"ImageObject","inLanguage":"fr-FR","@id":"https:\/\/www.verdieditions.com\/equilibre-de-vie\/produit\/medecine-tibetaine-bio-contact-279\/#primaryimage","url":"https:\/\/www.verdieditions.com\/equilibre-de-vie\/wp-content\/uploads\/2022\/02\/medecine-tibetaine-bio-contact.jpg","contentUrl":"https:\/\/www.verdieditions.com\/equilibre-de-vie\/wp-content\/uploads\/2022\/02\/medecine-tibetaine-bio-contact.jpg","width":594,"height":800,"caption":"medecine-tibetaine-bio-contact"},{"@type":"BreadcrumbList","@id":"https:\/\/www.verdieditions.com\/equilibre-de-vie\/produit\/medecine-tibetaine-bio-contact-279\/#breadcrumb","itemListElement":[{"@type":"ListItem","position":1,"name":"Accueil","item":"https:\/\/www.verdieditions.com\/equilibre-de-vie\/"},{"@type":"ListItem","position":2,"name":"La boutique","item":"https:\/\/www.verdieditions.com\/equilibre-de-vie\/boutique\/"},{"@type":"ListItem","position":3,"name":"M\u00e9decine tib\u00e9taine &#8211; Magazine BIO CONTACT N\u00b0279"}]},{"@type":"WebSite","@id":"https:\/\/www.verdieditions.com\/equilibre-de-vie\/#website","url":"https:\/\/www.verdieditions.com\/equilibre-de-vie\/","name":"Equilibre de Vie","description":"Ma boutique livres sant\u00e9, \u00e9sot\u00e9risme et d\u00e9veloppement personnel","publisher":{"@id":"https:\/\/www.verdieditions.com\/equilibre-de-vie\/#\/schema\/person\/9dcb2a6759f2f5fbf43ac0b44649cecb"},"potentialAction":[{"@type":"SearchAction","target":{"@type":"EntryPoint","urlTemplate":"https:\/\/www.verdieditions.com\/equilibre-de-vie\/?s={search_term_string}"},"query-input":{"@type":"PropertyValueSpecification","valueRequired":true,"valueName":"search_term_string"}}],"inLanguage":"fr-FR"},{"@type":["Person","Organization"],"@id":"https:\/\/www.verdieditions.com\/equilibre-de-vie\/#\/schema\/person\/9dcb2a6759f2f5fbf43ac0b44649cecb","name":"Sylvie VERDI","image":{"@type":"ImageObject","inLanguage":"fr-FR","@id":"https:\/\/www.verdieditions.com\/equilibre-de-vie\/#\/schema\/person\/image\/","url":"https:\/\/www.verdieditions.com\/equilibre-de-vie\/wp-content\/uploads\/2020\/04\/livres-occasion-sante-esoterisme-developpement-personnel-2.jpg","contentUrl":"https:\/\/www.verdieditions.com\/equilibre-de-vie\/wp-content\/uploads\/2020\/04\/livres-occasion-sante-esoterisme-developpement-personnel-2.jpg","width":800,"height":572,"caption":"Sylvie VERDI"},"logo":{"@id":"https:\/\/www.verdieditions.com\/equilibre-de-vie\/#\/schema\/person\/image\/"},"sameAs":["https:\/\/www.verdieditions.com\/equilibre-de-vie"]}]}},"_links":{"self":[{"href":"https:\/\/www.verdieditions.com\/equilibre-de-vie\/wp-json\/wp\/v2\/product\/1910","targetHints":{"allow":["GET"]}}],"collection":[{"href":"https:\/\/www.verdieditions.com\/equilibre-de-vie\/wp-json\/wp\/v2\/product"}],"about":[{"href":"https:\/\/www.verdieditions.com\/equilibre-de-vie\/wp-json\/wp\/v2\/types\/product"}],"wp:featuredmedia":[{"embeddable":true,"href":"https:\/\/www.verdieditions.com\/equilibre-de-vie\/wp-json\/wp\/v2\/media\/1912"}],"wp:attachment":[{"href":"https:\/\/www.verdieditions.com\/equilibre-de-vie\/wp-json\/wp\/v2\/media?parent=1910"}],"wp:term":[{"taxonomy":"product_brand","embeddable":true,"href":"https:\/\/www.verdieditions.com\/equilibre-de-vie\/wp-json\/wp\/v2\/product_brand?post=1910"},{"taxonomy":"product_cat","embeddable":true,"href":"https:\/\/www.verdieditions.com\/equilibre-de-vie\/wp-json\/wp\/v2\/product_cat?post=1910"},{"taxonomy":"product_tag","embeddable":true,"href":"https:\/\/www.verdieditions.com\/equilibre-de-vie\/wp-json\/wp\/v2\/product_tag?post=1910"}],"curies":[{"name":"wp","href":"https:\/\/api.w.org\/{rel}","templated":true}]}}