{"id":191,"date":"2020-04-23T09:13:27","date_gmt":"2020-04-23T07:13:27","guid":{"rendered":"https:\/\/www.verdieditions.com\/equilibre-de-vie\/?post_type=product&#038;p=191"},"modified":"2021-03-19T16:57:10","modified_gmt":"2021-03-19T15:57:10","slug":"grand-livre-numerologie-notter","status":"publish","type":"product","link":"https:\/\/www.verdieditions.com\/equilibre-de-vie\/produit\/grand-livre-numerologie-notter\/","title":{"rendered":"Le grand livre de la num\u00e9rologie &#8211; Fran\u00e7ois NOTTER"},"content":{"rendered":"<p>Auteur : Fran\u00e7ois NOTTER<br \/>\nTitre : Le grand livre de la num\u00e9rologie, Mieux se conna\u00eetre et comprendre les autres gr\u00e2ce aux nombres &#8211; Cycles et r\u00e9alisations &#8211; Cycles de transition &#8211; Cycles de lettres de passage &#8211; Phases essentielles<br \/>\n\u00c9diteur : Editions De Vecchi, 1998<br \/>\nDim. 17 x 24<br \/>\n296 pages<\/p>\n<p>Fran\u00e7ois Notter, \u00e9nergicien-num\u00e9rologue et grand aventurier du symbole, propose dans la lign\u00e9e de l&rsquo;\u00c9cole am\u00e9ricaine une num\u00e9rologie moderne li\u00e9e \u00e0 une approche globale de la personnalit\u00e9 humaine. Par sa d\u00e9marche, tr\u00e8s proche de celle de l&rsquo;astrologie humaniste, il s&rsquo;oriente en effet vers une vision plus large de l&rsquo;\u00eatre.<br \/>\nSans que vous ayez \u00e0 r\u00e9aliser de fastidieux calculs, l&rsquo;auteur donne ici les clefs fondamentales de cette science, aux applications multiples, qui vous permettra de cerner les phases dynamisantes ou inhibantes de votre vie, les atouts et les points faibles de votre fonctionnement personnel.<br \/>\nAinsi, d&rsquo;une fa\u00e7on simple et clair, vous sont donn\u00e9s de puissants outils qui vous aideront \u00e0 optimiser votre libre arbitre, \u00e0 mieux vous conna\u00eetre et \u00e0 comprendre les choix et les r\u00e9actions de ceux qui vous entourent.<\/p>\n","protected":false},"excerpt":{"rendered":"<p>Auteur : Fran\u00e7ois NOTTER<br \/>\nTitre : Le grand livre de la num\u00e9rologie, Mieux se conna\u00eetre et comprendre les autres gr\u00e2ce aux nombres &#8211; Cycles et r\u00e9alisations &#8211; Cycles de transition &#8211; Cycles de lettres de passage &#8211; Phases essentielles<br \/>\n\u00c9diteur : Editions De Vecchi, 1998<br \/>\nDim. 17 x 24<br \/>\n296 pages<\/p>\n","protected":false},"featured_media":192,"template":"","meta":[],"product_brand":[],"product_cat":[23],"product_tag":[60,79,113,114,115,139],"class_list":{"0":"post-191","1":"product","2":"type-product","3":"status-publish","4":"has-post-thumbnail","6":"product_cat-esoterisme","7":"product_tag-energie","8":"product_tag-humaniste","9":"product_tag-nombres","10":"product_tag-nombrologie","11":"product_tag-numerologie","12":"product_tag-relations-humaines","14":"first","15":"outofstock","16":"featured","17":"shipping-taxable","18":"product-type-simple"},"yoast_head":"<!-- This site is optimized with the Yoast SEO plugin v27.4 - https:\/\/yoast.com\/product\/yoast-seo-wordpress\/ -->\n<title>Le grand livre de la num\u00e9rologie - Fran\u00e7ois NOTTER - Equilibre de Vie<\/title>\n<meta name=\"description\" content=\"Auteur : Fran\u00e7ois NOTTER Titre : Le grand livre de la num\u00e9rologie, Mieux se conna\u00eetre et comprendre les autres gr\u00e2ce aux nombres \u2013 Cycles et r\u00e9alisations \u2013 Cycles de transition \u2013 Cycles de lettres de passage \u2013 Phases essentielles \u00c9diteur : Editions De Vecchi, 1998 Dim. 17 x 24 296 pages\" \/>\n<meta name=\"robots\" content=\"index, follow, max-snippet:-1, max-image-preview:large, max-video-preview:-1\" \/>\n<link rel=\"canonical\" href=\"https:\/\/www.verdieditions.com\/equilibre-de-vie\/produit\/grand-livre-numerologie-notter\/\" \/>\n<meta property=\"og:locale\" content=\"fr_FR\" \/>\n<meta property=\"og:type\" content=\"article\" \/>\n<meta property=\"og:title\" content=\"Le grand livre de la num\u00e9rologie - Fran\u00e7ois NOTTER - Equilibre de Vie\" \/>\n<meta property=\"og:description\" content=\"Auteur : Fran\u00e7ois NOTTER Titre : Le grand livre de la num\u00e9rologie, Mieux se conna\u00eetre et comprendre les autres gr\u00e2ce aux nombres \u2013 Cycles et r\u00e9alisations \u2013 Cycles de transition \u2013 Cycles de lettres de passage \u2013 Phases essentielles \u00c9diteur : Editions De Vecchi, 1998 Dim. 17 x 24 296 pages\" \/>\n<meta property=\"og:url\" content=\"https:\/\/www.verdieditions.com\/equilibre-de-vie\/produit\/grand-livre-numerologie-notter\/\" \/>\n<meta property=\"og:site_name\" content=\"Equilibre de Vie\" \/>\n<meta property=\"article:modified_time\" content=\"2021-03-19T15:57:10+00:00\" \/>\n<meta property=\"og:image\" content=\"https:\/\/www.verdieditions.com\/equilibre-de-vie\/wp-content\/uploads\/2020\/04\/Grand-livre-numerologie-Notter.jpg\" \/>\n\t<meta property=\"og:image:width\" content=\"867\" \/>\n\t<meta property=\"og:image:height\" content=\"1140\" \/>\n\t<meta property=\"og:image:type\" content=\"image\/jpeg\" \/>\n<meta name=\"twitter:card\" content=\"summary_large_image\" \/>\n<meta name=\"twitter:label1\" content=\"Dur\u00e9e de lecture estim\u00e9e\" \/>\n\t<meta name=\"twitter:data1\" content=\"1 minute\" \/>\n<script type=\"application\/ld+json\" class=\"yoast-schema-graph\">{\"@context\":\"https:\\\/\\\/schema.org\",\"@graph\":[{\"@type\":\"WebPage\",\"@id\":\"https:\\\/\\\/www.verdieditions.com\\\/equilibre-de-vie\\\/produit\\\/grand-livre-numerologie-notter\\\/\",\"url\":\"https:\\\/\\\/www.verdieditions.com\\\/equilibre-de-vie\\\/produit\\\/grand-livre-numerologie-notter\\\/\",\"name\":\"Le grand livre de la num\u00e9rologie - Fran\u00e7ois NOTTER - Equilibre de Vie\",\"isPartOf\":{\"@id\":\"https:\\\/\\\/www.verdieditions.com\\\/equilibre-de-vie\\\/#website\"},\"primaryImageOfPage\":{\"@id\":\"https:\\\/\\\/www.verdieditions.com\\\/equilibre-de-vie\\\/produit\\\/grand-livre-numerologie-notter\\\/#primaryimage\"},\"image\":{\"@id\":\"https:\\\/\\\/www.verdieditions.com\\\/equilibre-de-vie\\\/produit\\\/grand-livre-numerologie-notter\\\/#primaryimage\"},\"thumbnailUrl\":\"https:\\\/\\\/www.verdieditions.com\\\/equilibre-de-vie\\\/wp-content\\\/uploads\\\/2020\\\/04\\\/Grand-livre-numerologie-Notter.jpg\",\"datePublished\":\"2020-04-23T07:13:27+00:00\",\"dateModified\":\"2021-03-19T15:57:10+00:00\",\"description\":\"Auteur : Fran\u00e7ois NOTTER Titre : Le grand livre de la num\u00e9rologie, Mieux se conna\u00eetre et comprendre les autres gr\u00e2ce aux nombres \u2013 Cycles et r\u00e9alisations \u2013 Cycles de transition \u2013 Cycles de lettres de passage \u2013 Phases essentielles \u00c9diteur : Editions De Vecchi, 1998 Dim. 17 x 24 296 pages\",\"breadcrumb\":{\"@id\":\"https:\\\/\\\/www.verdieditions.com\\\/equilibre-de-vie\\\/produit\\\/grand-livre-numerologie-notter\\\/#breadcrumb\"},\"inLanguage\":\"fr-FR\",\"potentialAction\":[{\"@type\":\"ReadAction\",\"target\":[\"https:\\\/\\\/www.verdieditions.com\\\/equilibre-de-vie\\\/produit\\\/grand-livre-numerologie-notter\\\/\"]}]},{\"@type\":\"ImageObject\",\"inLanguage\":\"fr-FR\",\"@id\":\"https:\\\/\\\/www.verdieditions.com\\\/equilibre-de-vie\\\/produit\\\/grand-livre-numerologie-notter\\\/#primaryimage\",\"url\":\"https:\\\/\\\/www.verdieditions.com\\\/equilibre-de-vie\\\/wp-content\\\/uploads\\\/2020\\\/04\\\/Grand-livre-numerologie-Notter.jpg\",\"contentUrl\":\"https:\\\/\\\/www.verdieditions.com\\\/equilibre-de-vie\\\/wp-content\\\/uploads\\\/2020\\\/04\\\/Grand-livre-numerologie-Notter.jpg\",\"width\":867,\"height\":1140,\"caption\":\"Grand-livre-numerologie-Notter\"},{\"@type\":\"BreadcrumbList\",\"@id\":\"https:\\\/\\\/www.verdieditions.com\\\/equilibre-de-vie\\\/produit\\\/grand-livre-numerologie-notter\\\/#breadcrumb\",\"itemListElement\":[{\"@type\":\"ListItem\",\"position\":1,\"name\":\"Accueil\",\"item\":\"https:\\\/\\\/www.verdieditions.com\\\/equilibre-de-vie\\\/\"},{\"@type\":\"ListItem\",\"position\":2,\"name\":\"La boutique\",\"item\":\"https:\\\/\\\/www.verdieditions.com\\\/equilibre-de-vie\\\/boutique\\\/\"},{\"@type\":\"ListItem\",\"position\":3,\"name\":\"Le grand livre de la num\u00e9rologie &#8211; Fran\u00e7ois NOTTER\"}]},{\"@type\":\"WebSite\",\"@id\":\"https:\\\/\\\/www.verdieditions.com\\\/equilibre-de-vie\\\/#website\",\"url\":\"https:\\\/\\\/www.verdieditions.com\\\/equilibre-de-vie\\\/\",\"name\":\"Equilibre de Vie\",\"description\":\"Ma boutique livres sant\u00e9, \u00e9sot\u00e9risme et d\u00e9veloppement personnel\",\"publisher\":{\"@id\":\"https:\\\/\\\/www.verdieditions.com\\\/equilibre-de-vie\\\/#\\\/schema\\\/person\\\/9dcb2a6759f2f5fbf43ac0b44649cecb\"},\"potentialAction\":[{\"@type\":\"SearchAction\",\"target\":{\"@type\":\"EntryPoint\",\"urlTemplate\":\"https:\\\/\\\/www.verdieditions.com\\\/equilibre-de-vie\\\/?s={search_term_string}\"},\"query-input\":{\"@type\":\"PropertyValueSpecification\",\"valueRequired\":true,\"valueName\":\"search_term_string\"}}],\"inLanguage\":\"fr-FR\"},{\"@type\":[\"Person\",\"Organization\"],\"@id\":\"https:\\\/\\\/www.verdieditions.com\\\/equilibre-de-vie\\\/#\\\/schema\\\/person\\\/9dcb2a6759f2f5fbf43ac0b44649cecb\",\"name\":\"Sylvie VERDI\",\"image\":{\"@type\":\"ImageObject\",\"inLanguage\":\"fr-FR\",\"@id\":\"https:\\\/\\\/www.verdieditions.com\\\/equilibre-de-vie\\\/wp-content\\\/uploads\\\/2020\\\/04\\\/livres-occasion-sante-esoterisme-developpement-personnel-2.jpg\",\"url\":\"https:\\\/\\\/www.verdieditions.com\\\/equilibre-de-vie\\\/wp-content\\\/uploads\\\/2020\\\/04\\\/livres-occasion-sante-esoterisme-developpement-personnel-2.jpg\",\"contentUrl\":\"https:\\\/\\\/www.verdieditions.com\\\/equilibre-de-vie\\\/wp-content\\\/uploads\\\/2020\\\/04\\\/livres-occasion-sante-esoterisme-developpement-personnel-2.jpg\",\"width\":800,\"height\":572,\"caption\":\"Sylvie VERDI\"},\"logo\":{\"@id\":\"https:\\\/\\\/www.verdieditions.com\\\/equilibre-de-vie\\\/wp-content\\\/uploads\\\/2020\\\/04\\\/livres-occasion-sante-esoterisme-developpement-personnel-2.jpg\"},\"sameAs\":[\"https:\\\/\\\/www.verdieditions.com\\\/equilibre-de-vie\"]}]}<\/script>\n<!-- \/ Yoast SEO plugin. -->","yoast_head_json":{"title":"Le grand livre de la num\u00e9rologie - Fran\u00e7ois NOTTER - Equilibre de Vie","description":"Auteur : Fran\u00e7ois NOTTER Titre : Le grand livre de la num\u00e9rologie, Mieux se conna\u00eetre et comprendre les autres gr\u00e2ce aux nombres \u2013 Cycles et r\u00e9alisations \u2013 Cycles de transition \u2013 Cycles de lettres de passage \u2013 Phases essentielles \u00c9diteur : Editions De Vecchi, 1998 Dim. 17 x 24 296 pages","robots":{"index":"index","follow":"follow","max-snippet":"max-snippet:-1","max-image-preview":"max-image-preview:large","max-video-preview":"max-video-preview:-1"},"canonical":"https:\/\/www.verdieditions.com\/equilibre-de-vie\/produit\/grand-livre-numerologie-notter\/","og_locale":"fr_FR","og_type":"article","og_title":"Le grand livre de la num\u00e9rologie - Fran\u00e7ois NOTTER - Equilibre de Vie","og_description":"Auteur : Fran\u00e7ois NOTTER Titre : Le grand livre de la num\u00e9rologie, Mieux se conna\u00eetre et comprendre les autres gr\u00e2ce aux nombres \u2013 Cycles et r\u00e9alisations \u2013 Cycles de transition \u2013 Cycles de lettres de passage \u2013 Phases essentielles \u00c9diteur : Editions De Vecchi, 1998 Dim. 17 x 24 296 pages","og_url":"https:\/\/www.verdieditions.com\/equilibre-de-vie\/produit\/grand-livre-numerologie-notter\/","og_site_name":"Equilibre de Vie","article_modified_time":"2021-03-19T15:57:10+00:00","og_image":[{"width":867,"height":1140,"url":"https:\/\/www.verdieditions.com\/equilibre-de-vie\/wp-content\/uploads\/2020\/04\/Grand-livre-numerologie-Notter.jpg","type":"image\/jpeg"}],"twitter_card":"summary_large_image","twitter_misc":{"Dur\u00e9e de lecture estim\u00e9e":"1 minute"},"schema":{"@context":"https:\/\/schema.org","@graph":[{"@type":"WebPage","@id":"https:\/\/www.verdieditions.com\/equilibre-de-vie\/produit\/grand-livre-numerologie-notter\/","url":"https:\/\/www.verdieditions.com\/equilibre-de-vie\/produit\/grand-livre-numerologie-notter\/","name":"Le grand livre de la num\u00e9rologie - Fran\u00e7ois NOTTER - Equilibre de Vie","isPartOf":{"@id":"https:\/\/www.verdieditions.com\/equilibre-de-vie\/#website"},"primaryImageOfPage":{"@id":"https:\/\/www.verdieditions.com\/equilibre-de-vie\/produit\/grand-livre-numerologie-notter\/#primaryimage"},"image":{"@id":"https:\/\/www.verdieditions.com\/equilibre-de-vie\/produit\/grand-livre-numerologie-notter\/#primaryimage"},"thumbnailUrl":"https:\/\/www.verdieditions.com\/equilibre-de-vie\/wp-content\/uploads\/2020\/04\/Grand-livre-numerologie-Notter.jpg","datePublished":"2020-04-23T07:13:27+00:00","dateModified":"2021-03-19T15:57:10+00:00","description":"Auteur : Fran\u00e7ois NOTTER Titre : Le grand livre de la num\u00e9rologie, Mieux se conna\u00eetre et comprendre les autres gr\u00e2ce aux nombres \u2013 Cycles et r\u00e9alisations \u2013 Cycles de transition \u2013 Cycles de lettres de passage \u2013 Phases essentielles \u00c9diteur : Editions De Vecchi, 1998 Dim. 17 x 24 296 pages","breadcrumb":{"@id":"https:\/\/www.verdieditions.com\/equilibre-de-vie\/produit\/grand-livre-numerologie-notter\/#breadcrumb"},"inLanguage":"fr-FR","potentialAction":[{"@type":"ReadAction","target":["https:\/\/www.verdieditions.com\/equilibre-de-vie\/produit\/grand-livre-numerologie-notter\/"]}]},{"@type":"ImageObject","inLanguage":"fr-FR","@id":"https:\/\/www.verdieditions.com\/equilibre-de-vie\/produit\/grand-livre-numerologie-notter\/#primaryimage","url":"https:\/\/www.verdieditions.com\/equilibre-de-vie\/wp-content\/uploads\/2020\/04\/Grand-livre-numerologie-Notter.jpg","contentUrl":"https:\/\/www.verdieditions.com\/equilibre-de-vie\/wp-content\/uploads\/2020\/04\/Grand-livre-numerologie-Notter.jpg","width":867,"height":1140,"caption":"Grand-livre-numerologie-Notter"},{"@type":"BreadcrumbList","@id":"https:\/\/www.verdieditions.com\/equilibre-de-vie\/produit\/grand-livre-numerologie-notter\/#breadcrumb","itemListElement":[{"@type":"ListItem","position":1,"name":"Accueil","item":"https:\/\/www.verdieditions.com\/equilibre-de-vie\/"},{"@type":"ListItem","position":2,"name":"La boutique","item":"https:\/\/www.verdieditions.com\/equilibre-de-vie\/boutique\/"},{"@type":"ListItem","position":3,"name":"Le grand livre de la num\u00e9rologie &#8211; Fran\u00e7ois NOTTER"}]},{"@type":"WebSite","@id":"https:\/\/www.verdieditions.com\/equilibre-de-vie\/#website","url":"https:\/\/www.verdieditions.com\/equilibre-de-vie\/","name":"Equilibre de Vie","description":"Ma boutique livres sant\u00e9, \u00e9sot\u00e9risme et d\u00e9veloppement personnel","publisher":{"@id":"https:\/\/www.verdieditions.com\/equilibre-de-vie\/#\/schema\/person\/9dcb2a6759f2f5fbf43ac0b44649cecb"},"potentialAction":[{"@type":"SearchAction","target":{"@type":"EntryPoint","urlTemplate":"https:\/\/www.verdieditions.com\/equilibre-de-vie\/?s={search_term_string}"},"query-input":{"@type":"PropertyValueSpecification","valueRequired":true,"valueName":"search_term_string"}}],"inLanguage":"fr-FR"},{"@type":["Person","Organization"],"@id":"https:\/\/www.verdieditions.com\/equilibre-de-vie\/#\/schema\/person\/9dcb2a6759f2f5fbf43ac0b44649cecb","name":"Sylvie VERDI","image":{"@type":"ImageObject","inLanguage":"fr-FR","@id":"https:\/\/www.verdieditions.com\/equilibre-de-vie\/wp-content\/uploads\/2020\/04\/livres-occasion-sante-esoterisme-developpement-personnel-2.jpg","url":"https:\/\/www.verdieditions.com\/equilibre-de-vie\/wp-content\/uploads\/2020\/04\/livres-occasion-sante-esoterisme-developpement-personnel-2.jpg","contentUrl":"https:\/\/www.verdieditions.com\/equilibre-de-vie\/wp-content\/uploads\/2020\/04\/livres-occasion-sante-esoterisme-developpement-personnel-2.jpg","width":800,"height":572,"caption":"Sylvie VERDI"},"logo":{"@id":"https:\/\/www.verdieditions.com\/equilibre-de-vie\/wp-content\/uploads\/2020\/04\/livres-occasion-sante-esoterisme-developpement-personnel-2.jpg"},"sameAs":["https:\/\/www.verdieditions.com\/equilibre-de-vie"]}]}},"_links":{"self":[{"href":"https:\/\/www.verdieditions.com\/equilibre-de-vie\/wp-json\/wp\/v2\/product\/191","targetHints":{"allow":["GET"]}}],"collection":[{"href":"https:\/\/www.verdieditions.com\/equilibre-de-vie\/wp-json\/wp\/v2\/product"}],"about":[{"href":"https:\/\/www.verdieditions.com\/equilibre-de-vie\/wp-json\/wp\/v2\/types\/product"}],"wp:featuredmedia":[{"embeddable":true,"href":"https:\/\/www.verdieditions.com\/equilibre-de-vie\/wp-json\/wp\/v2\/media\/192"}],"wp:attachment":[{"href":"https:\/\/www.verdieditions.com\/equilibre-de-vie\/wp-json\/wp\/v2\/media?parent=191"}],"wp:term":[{"taxonomy":"product_brand","embeddable":true,"href":"https:\/\/www.verdieditions.com\/equilibre-de-vie\/wp-json\/wp\/v2\/product_brand?post=191"},{"taxonomy":"product_cat","embeddable":true,"href":"https:\/\/www.verdieditions.com\/equilibre-de-vie\/wp-json\/wp\/v2\/product_cat?post=191"},{"taxonomy":"product_tag","embeddable":true,"href":"https:\/\/www.verdieditions.com\/equilibre-de-vie\/wp-json\/wp\/v2\/product_tag?post=191"}],"curies":[{"name":"wp","href":"https:\/\/api.w.org\/{rel}","templated":true}]}}