{"id":188,"date":"2020-04-22T17:17:25","date_gmt":"2020-04-22T15:17:25","guid":{"rendered":"https:\/\/www.verdieditions.com\/equilibre-de-vie\/?post_type=product&#038;p=188"},"modified":"2020-10-31T11:31:20","modified_gmt":"2020-10-31T10:31:20","slug":"manuel-complet-astrologie-medicale-hades","status":"publish","type":"product","link":"https:\/\/www.verdieditions.com\/equilibre-de-vie\/produit\/manuel-complet-astrologie-medicale-hades\/","title":{"rendered":"Manuel complet d&rsquo;astrologie m\u00e9dicale &#8211; HAD\u00c8S"},"content":{"rendered":"<p>Auteur : HAD\u00c8S<br \/>\nTitre : Manuel complet d&rsquo;astrologie m\u00e9dicale<br \/>\n\u00c9diteur : Editions Had\u00e8s, 1996<br \/>\nDim. 15,5 x 24<br \/>\nEtat neuf<br \/>\n246 pages<\/p>\n<p>Had\u00e8s est consid\u00e9r\u00e9 aujourd&rsquo;hui comme le plus grand astrologue du XXe si\u00e8cle. Son oeuvre \u00e9sot\u00e9rique -47 ouvrages- comprend aussi bien des manuels d&rsquo;\u00e9tude de l&rsquo;Astrologie les plus clairs et les plus complets jamais publi\u00e9s que des livres sur l&rsquo;astrologie mondiale, l&rsquo;astrologie m\u00e9dicale, le Tarot, le Yi-King, le Bouddhisme tib\u00e9tain etc.. Avec ne force et une intensit\u00e9 in\u00e9gal\u00e9es, il a fait revivre la Tradition, ce qui s&rsquo;oppose au caract\u00e8re corrupteur du temps. Il a cern\u00e9 avec le plus extr\u00eame vigueur toutes les erreurs modernes, restituant lumineusement \u00e0 l&rsquo;\u00eatre humain, dans notre actuel \u00e2ge sombre, sa place dans l&rsquo;univers et guidant chacun vers l&rsquo;Unit\u00e9, le divin et la Lib\u00e9ration. Suivant le mot de l&rsquo;un de ses lecteurs, la rencontre avec son oeuvre est la rencontre avec la v\u00e9rit\u00e9.<br \/>\nHad\u00e8s aborde ici l&rsquo;Astrologie m\u00e9dicale de mani\u00e8re enti\u00e8rement nouvelle.<br \/>\nEn autant de chapitres, toutes les maladies sont reli\u00e9es \u00e0 un tronc commun : domaine circulatoire, c\u00e9r\u00e9bral, neurologique, sexuel, etc&#8230;<br \/>\nAvec pour chaque affection, de nombreux exemples, il nous pr\u00e9sente aussi bien la m\u00e9decine hom\u00e9opathique que la phytoth\u00e9rapie, l&rsquo;allopathie ou la chirurgie.<br \/>\nDe nombreux \u00e9tudiants en m\u00e9decine et m\u00e9decins suivent son enseignement et lui ont accord\u00e9 leur confiance.<\/p>\n","protected":false},"excerpt":{"rendered":"<p>Auteur : HAD\u00c8S<br \/>\nTitre : Manuel complet d&rsquo;astrologie m\u00e9dicale<br \/>\n\u00c9diteur : Editions Had\u00e8s, 1996<br \/>\nDim. 15,5 x 24<br \/>\nEtat neuf<br \/>\n246 pages<\/p>\n","protected":false},"featured_media":189,"template":"","meta":[],"product_brand":[],"product_cat":[23,21],"product_tag":[34,98,99,100,101],"class_list":{"0":"post-188","1":"product","2":"type-product","3":"status-publish","4":"has-post-thumbnail","6":"product_cat-esoterisme","7":"product_cat-sante","8":"product_tag-astrologie","9":"product_tag-medecine-alternative","10":"product_tag-medecine-douce","11":"product_tag-medecine-naturelle","12":"product_tag-medical","14":"first","15":"outofstock","16":"shipping-taxable","17":"product-type-simple"},"yoast_head":"<!-- This site is optimized with the Yoast SEO plugin v27.0 - https:\/\/yoast.com\/product\/yoast-seo-wordpress\/ -->\n<title>Manuel complet d&#039;astrologie m\u00e9dicale - HAD\u00c8S - Equilibre de Vie<\/title>\n<meta name=\"description\" content=\"Auteur : HAD\u00c8S Titre : Manuel complet d\u2019astrologie m\u00e9dicale \u00c9diteur : Editions Had\u00e8s, 1996 Dim. 15,5 x 24 Etat neuf 246 pages\" \/>\n<meta name=\"robots\" content=\"index, follow, max-snippet:-1, max-image-preview:large, max-video-preview:-1\" \/>\n<link rel=\"canonical\" href=\"https:\/\/www.verdieditions.com\/equilibre-de-vie\/produit\/manuel-complet-astrologie-medicale-hades\/\" \/>\n<meta property=\"og:locale\" content=\"fr_FR\" \/>\n<meta property=\"og:type\" content=\"article\" \/>\n<meta property=\"og:title\" content=\"Manuel complet d&#039;astrologie m\u00e9dicale - HAD\u00c8S - Equilibre de Vie\" \/>\n<meta property=\"og:description\" content=\"Auteur : HAD\u00c8S Titre : Manuel complet d\u2019astrologie m\u00e9dicale \u00c9diteur : Editions Had\u00e8s, 1996 Dim. 15,5 x 24 Etat neuf 246 pages\" \/>\n<meta property=\"og:url\" content=\"https:\/\/www.verdieditions.com\/equilibre-de-vie\/produit\/manuel-complet-astrologie-medicale-hades\/\" \/>\n<meta property=\"og:site_name\" content=\"Equilibre de Vie\" \/>\n<meta property=\"article:modified_time\" content=\"2020-10-31T10:31:20+00:00\" \/>\n<meta property=\"og:image\" content=\"https:\/\/www.verdieditions.com\/equilibre-de-vie\/wp-content\/uploads\/2020\/04\/Manuel-Complet-Astrologie-Medicale-Hades-1.jpg\" \/>\n\t<meta property=\"og:image:width\" content=\"769\" \/>\n\t<meta property=\"og:image:height\" content=\"1142\" \/>\n\t<meta property=\"og:image:type\" content=\"image\/jpeg\" \/>\n<meta name=\"twitter:card\" content=\"summary_large_image\" \/>\n<meta name=\"twitter:label1\" content=\"Dur\u00e9e de lecture estim\u00e9e\" \/>\n\t<meta name=\"twitter:data1\" content=\"1 minute\" \/>\n<script type=\"application\/ld+json\" class=\"yoast-schema-graph\">{\"@context\":\"https:\/\/schema.org\",\"@graph\":[{\"@type\":\"WebPage\",\"@id\":\"https:\/\/www.verdieditions.com\/equilibre-de-vie\/produit\/manuel-complet-astrologie-medicale-hades\/\",\"url\":\"https:\/\/www.verdieditions.com\/equilibre-de-vie\/produit\/manuel-complet-astrologie-medicale-hades\/\",\"name\":\"Manuel complet d'astrologie m\u00e9dicale - HAD\u00c8S - Equilibre de Vie\",\"isPartOf\":{\"@id\":\"https:\/\/www.verdieditions.com\/equilibre-de-vie\/#website\"},\"primaryImageOfPage\":{\"@id\":\"https:\/\/www.verdieditions.com\/equilibre-de-vie\/produit\/manuel-complet-astrologie-medicale-hades\/#primaryimage\"},\"image\":{\"@id\":\"https:\/\/www.verdieditions.com\/equilibre-de-vie\/produit\/manuel-complet-astrologie-medicale-hades\/#primaryimage\"},\"thumbnailUrl\":\"https:\/\/www.verdieditions.com\/equilibre-de-vie\/wp-content\/uploads\/2020\/04\/Manuel-Complet-Astrologie-Medicale-Hades-1.jpg\",\"datePublished\":\"2020-04-22T15:17:25+00:00\",\"dateModified\":\"2020-10-31T10:31:20+00:00\",\"description\":\"Auteur : HAD\u00c8S Titre : Manuel complet d\u2019astrologie m\u00e9dicale \u00c9diteur : Editions Had\u00e8s, 1996 Dim. 15,5 x 24 Etat neuf 246 pages\",\"breadcrumb\":{\"@id\":\"https:\/\/www.verdieditions.com\/equilibre-de-vie\/produit\/manuel-complet-astrologie-medicale-hades\/#breadcrumb\"},\"inLanguage\":\"fr-FR\",\"potentialAction\":[{\"@type\":\"ReadAction\",\"target\":[\"https:\/\/www.verdieditions.com\/equilibre-de-vie\/produit\/manuel-complet-astrologie-medicale-hades\/\"]}]},{\"@type\":\"ImageObject\",\"inLanguage\":\"fr-FR\",\"@id\":\"https:\/\/www.verdieditions.com\/equilibre-de-vie\/produit\/manuel-complet-astrologie-medicale-hades\/#primaryimage\",\"url\":\"https:\/\/www.verdieditions.com\/equilibre-de-vie\/wp-content\/uploads\/2020\/04\/Manuel-Complet-Astrologie-Medicale-Hades-1.jpg\",\"contentUrl\":\"https:\/\/www.verdieditions.com\/equilibre-de-vie\/wp-content\/uploads\/2020\/04\/Manuel-Complet-Astrologie-Medicale-Hades-1.jpg\",\"width\":769,\"height\":1142,\"caption\":\"Manuel-Complet-Astrologie-Medicale-Hades-1\"},{\"@type\":\"BreadcrumbList\",\"@id\":\"https:\/\/www.verdieditions.com\/equilibre-de-vie\/produit\/manuel-complet-astrologie-medicale-hades\/#breadcrumb\",\"itemListElement\":[{\"@type\":\"ListItem\",\"position\":1,\"name\":\"Accueil\",\"item\":\"https:\/\/www.verdieditions.com\/equilibre-de-vie\/\"},{\"@type\":\"ListItem\",\"position\":2,\"name\":\"La boutique\",\"item\":\"https:\/\/www.verdieditions.com\/equilibre-de-vie\/boutique\/\"},{\"@type\":\"ListItem\",\"position\":3,\"name\":\"Manuel complet d&#8217;astrologie m\u00e9dicale &#8211; HAD\u00c8S\"}]},{\"@type\":\"WebSite\",\"@id\":\"https:\/\/www.verdieditions.com\/equilibre-de-vie\/#website\",\"url\":\"https:\/\/www.verdieditions.com\/equilibre-de-vie\/\",\"name\":\"Equilibre de Vie\",\"description\":\"Ma boutique livres sant\u00e9, \u00e9sot\u00e9risme et d\u00e9veloppement personnel\",\"publisher\":{\"@id\":\"https:\/\/www.verdieditions.com\/equilibre-de-vie\/#\/schema\/person\/9dcb2a6759f2f5fbf43ac0b44649cecb\"},\"potentialAction\":[{\"@type\":\"SearchAction\",\"target\":{\"@type\":\"EntryPoint\",\"urlTemplate\":\"https:\/\/www.verdieditions.com\/equilibre-de-vie\/?s={search_term_string}\"},\"query-input\":{\"@type\":\"PropertyValueSpecification\",\"valueRequired\":true,\"valueName\":\"search_term_string\"}}],\"inLanguage\":\"fr-FR\"},{\"@type\":[\"Person\",\"Organization\"],\"@id\":\"https:\/\/www.verdieditions.com\/equilibre-de-vie\/#\/schema\/person\/9dcb2a6759f2f5fbf43ac0b44649cecb\",\"name\":\"Sylvie VERDI\",\"image\":{\"@type\":\"ImageObject\",\"inLanguage\":\"fr-FR\",\"@id\":\"https:\/\/www.verdieditions.com\/equilibre-de-vie\/#\/schema\/person\/image\/\",\"url\":\"https:\/\/www.verdieditions.com\/equilibre-de-vie\/wp-content\/uploads\/2020\/04\/livres-occasion-sante-esoterisme-developpement-personnel-2.jpg\",\"contentUrl\":\"https:\/\/www.verdieditions.com\/equilibre-de-vie\/wp-content\/uploads\/2020\/04\/livres-occasion-sante-esoterisme-developpement-personnel-2.jpg\",\"width\":800,\"height\":572,\"caption\":\"Sylvie VERDI\"},\"logo\":{\"@id\":\"https:\/\/www.verdieditions.com\/equilibre-de-vie\/#\/schema\/person\/image\/\"},\"sameAs\":[\"https:\/\/www.verdieditions.com\/equilibre-de-vie\"]}]}<\/script>\n<!-- \/ Yoast SEO plugin. -->","yoast_head_json":{"title":"Manuel complet d'astrologie m\u00e9dicale - HAD\u00c8S - Equilibre de Vie","description":"Auteur : HAD\u00c8S Titre : Manuel complet d\u2019astrologie m\u00e9dicale \u00c9diteur : Editions Had\u00e8s, 1996 Dim. 15,5 x 24 Etat neuf 246 pages","robots":{"index":"index","follow":"follow","max-snippet":"max-snippet:-1","max-image-preview":"max-image-preview:large","max-video-preview":"max-video-preview:-1"},"canonical":"https:\/\/www.verdieditions.com\/equilibre-de-vie\/produit\/manuel-complet-astrologie-medicale-hades\/","og_locale":"fr_FR","og_type":"article","og_title":"Manuel complet d'astrologie m\u00e9dicale - HAD\u00c8S - Equilibre de Vie","og_description":"Auteur : HAD\u00c8S Titre : Manuel complet d\u2019astrologie m\u00e9dicale \u00c9diteur : Editions Had\u00e8s, 1996 Dim. 15,5 x 24 Etat neuf 246 pages","og_url":"https:\/\/www.verdieditions.com\/equilibre-de-vie\/produit\/manuel-complet-astrologie-medicale-hades\/","og_site_name":"Equilibre de Vie","article_modified_time":"2020-10-31T10:31:20+00:00","og_image":[{"width":769,"height":1142,"url":"https:\/\/www.verdieditions.com\/equilibre-de-vie\/wp-content\/uploads\/2020\/04\/Manuel-Complet-Astrologie-Medicale-Hades-1.jpg","type":"image\/jpeg"}],"twitter_card":"summary_large_image","twitter_misc":{"Dur\u00e9e de lecture estim\u00e9e":"1 minute"},"schema":{"@context":"https:\/\/schema.org","@graph":[{"@type":"WebPage","@id":"https:\/\/www.verdieditions.com\/equilibre-de-vie\/produit\/manuel-complet-astrologie-medicale-hades\/","url":"https:\/\/www.verdieditions.com\/equilibre-de-vie\/produit\/manuel-complet-astrologie-medicale-hades\/","name":"Manuel complet d'astrologie m\u00e9dicale - HAD\u00c8S - Equilibre de Vie","isPartOf":{"@id":"https:\/\/www.verdieditions.com\/equilibre-de-vie\/#website"},"primaryImageOfPage":{"@id":"https:\/\/www.verdieditions.com\/equilibre-de-vie\/produit\/manuel-complet-astrologie-medicale-hades\/#primaryimage"},"image":{"@id":"https:\/\/www.verdieditions.com\/equilibre-de-vie\/produit\/manuel-complet-astrologie-medicale-hades\/#primaryimage"},"thumbnailUrl":"https:\/\/www.verdieditions.com\/equilibre-de-vie\/wp-content\/uploads\/2020\/04\/Manuel-Complet-Astrologie-Medicale-Hades-1.jpg","datePublished":"2020-04-22T15:17:25+00:00","dateModified":"2020-10-31T10:31:20+00:00","description":"Auteur : HAD\u00c8S Titre : Manuel complet d\u2019astrologie m\u00e9dicale \u00c9diteur : Editions Had\u00e8s, 1996 Dim. 15,5 x 24 Etat neuf 246 pages","breadcrumb":{"@id":"https:\/\/www.verdieditions.com\/equilibre-de-vie\/produit\/manuel-complet-astrologie-medicale-hades\/#breadcrumb"},"inLanguage":"fr-FR","potentialAction":[{"@type":"ReadAction","target":["https:\/\/www.verdieditions.com\/equilibre-de-vie\/produit\/manuel-complet-astrologie-medicale-hades\/"]}]},{"@type":"ImageObject","inLanguage":"fr-FR","@id":"https:\/\/www.verdieditions.com\/equilibre-de-vie\/produit\/manuel-complet-astrologie-medicale-hades\/#primaryimage","url":"https:\/\/www.verdieditions.com\/equilibre-de-vie\/wp-content\/uploads\/2020\/04\/Manuel-Complet-Astrologie-Medicale-Hades-1.jpg","contentUrl":"https:\/\/www.verdieditions.com\/equilibre-de-vie\/wp-content\/uploads\/2020\/04\/Manuel-Complet-Astrologie-Medicale-Hades-1.jpg","width":769,"height":1142,"caption":"Manuel-Complet-Astrologie-Medicale-Hades-1"},{"@type":"BreadcrumbList","@id":"https:\/\/www.verdieditions.com\/equilibre-de-vie\/produit\/manuel-complet-astrologie-medicale-hades\/#breadcrumb","itemListElement":[{"@type":"ListItem","position":1,"name":"Accueil","item":"https:\/\/www.verdieditions.com\/equilibre-de-vie\/"},{"@type":"ListItem","position":2,"name":"La boutique","item":"https:\/\/www.verdieditions.com\/equilibre-de-vie\/boutique\/"},{"@type":"ListItem","position":3,"name":"Manuel complet d&#8217;astrologie m\u00e9dicale &#8211; HAD\u00c8S"}]},{"@type":"WebSite","@id":"https:\/\/www.verdieditions.com\/equilibre-de-vie\/#website","url":"https:\/\/www.verdieditions.com\/equilibre-de-vie\/","name":"Equilibre de Vie","description":"Ma boutique livres sant\u00e9, \u00e9sot\u00e9risme et d\u00e9veloppement personnel","publisher":{"@id":"https:\/\/www.verdieditions.com\/equilibre-de-vie\/#\/schema\/person\/9dcb2a6759f2f5fbf43ac0b44649cecb"},"potentialAction":[{"@type":"SearchAction","target":{"@type":"EntryPoint","urlTemplate":"https:\/\/www.verdieditions.com\/equilibre-de-vie\/?s={search_term_string}"},"query-input":{"@type":"PropertyValueSpecification","valueRequired":true,"valueName":"search_term_string"}}],"inLanguage":"fr-FR"},{"@type":["Person","Organization"],"@id":"https:\/\/www.verdieditions.com\/equilibre-de-vie\/#\/schema\/person\/9dcb2a6759f2f5fbf43ac0b44649cecb","name":"Sylvie VERDI","image":{"@type":"ImageObject","inLanguage":"fr-FR","@id":"https:\/\/www.verdieditions.com\/equilibre-de-vie\/#\/schema\/person\/image\/","url":"https:\/\/www.verdieditions.com\/equilibre-de-vie\/wp-content\/uploads\/2020\/04\/livres-occasion-sante-esoterisme-developpement-personnel-2.jpg","contentUrl":"https:\/\/www.verdieditions.com\/equilibre-de-vie\/wp-content\/uploads\/2020\/04\/livres-occasion-sante-esoterisme-developpement-personnel-2.jpg","width":800,"height":572,"caption":"Sylvie VERDI"},"logo":{"@id":"https:\/\/www.verdieditions.com\/equilibre-de-vie\/#\/schema\/person\/image\/"},"sameAs":["https:\/\/www.verdieditions.com\/equilibre-de-vie"]}]}},"_links":{"self":[{"href":"https:\/\/www.verdieditions.com\/equilibre-de-vie\/wp-json\/wp\/v2\/product\/188","targetHints":{"allow":["GET"]}}],"collection":[{"href":"https:\/\/www.verdieditions.com\/equilibre-de-vie\/wp-json\/wp\/v2\/product"}],"about":[{"href":"https:\/\/www.verdieditions.com\/equilibre-de-vie\/wp-json\/wp\/v2\/types\/product"}],"wp:featuredmedia":[{"embeddable":true,"href":"https:\/\/www.verdieditions.com\/equilibre-de-vie\/wp-json\/wp\/v2\/media\/189"}],"wp:attachment":[{"href":"https:\/\/www.verdieditions.com\/equilibre-de-vie\/wp-json\/wp\/v2\/media?parent=188"}],"wp:term":[{"taxonomy":"product_brand","embeddable":true,"href":"https:\/\/www.verdieditions.com\/equilibre-de-vie\/wp-json\/wp\/v2\/product_brand?post=188"},{"taxonomy":"product_cat","embeddable":true,"href":"https:\/\/www.verdieditions.com\/equilibre-de-vie\/wp-json\/wp\/v2\/product_cat?post=188"},{"taxonomy":"product_tag","embeddable":true,"href":"https:\/\/www.verdieditions.com\/equilibre-de-vie\/wp-json\/wp\/v2\/product_tag?post=188"}],"curies":[{"name":"wp","href":"https:\/\/api.w.org\/{rel}","templated":true}]}}