{"id":1835,"date":"2021-10-26T10:58:32","date_gmt":"2021-10-26T08:58:32","guid":{"rendered":"https:\/\/www.verdieditions.com\/equilibre-de-vie\/?post_type=product&#038;p=1835"},"modified":"2024-02-06T12:18:33","modified_gmt":"2024-02-06T11:18:33","slug":"cooper-royer-enfants-pas-grandes-personnes","status":"publish","type":"product","link":"https:\/\/www.verdieditions.com\/equilibre-de-vie\/produit\/cooper-royer-enfants-pas-grandes-personnes\/","title":{"rendered":"Vos enfants ne sont pas des grandes personnes &#8211; B. COOPER-ROYER"},"content":{"rendered":"<p>Auteur : B\u00e9atrice COOPER-ROYER<br \/>\nTitre : Vos enfants ne sont pas des grandes personnes<br \/>\n\u00c9diteur : Albin Michel, 2000, collection Questions de parents<br \/>\nDim. 14,5 x 22,5<br \/>\n190 pages <\/p>\n<p>Aujourd&rsquo;hui, de nombreux ph\u00e9nom\u00e8nes concourent \u00e0 \u00e9courter le temps de l&rsquo;enfance. La t\u00e9l\u00e9vision, la publicit\u00e9, la soci\u00e9t\u00e9 et les parents qui, depuis que l&rsquo;enfant est reconnu comme une personne, ont tendance \u00e0 le consid\u00e9rer trop t\u00f4t comme un adulte. Oubliant son \u00e2ge et la g\u00e9n\u00e9ration qui les s\u00e9pare, ils se laissent d\u00e9stabiliser lorsque l&rsquo;enfant s&rsquo;affirme vigoureusement, ou l&rsquo;entra\u00eenent dans des pr\u00e9occupations qui ne sont pas les siennes. Or, pour grandir et m\u00fbrir de mani\u00e8re \u00e9quilibr\u00e9e, les parents doivent occuper la place qui est la leur dans la famille et ne pas confondre les r\u00f4les, car :<\/p>\n<p>\u2022 les soucis des parents ne sont pas ceux des enfants<br \/>\n\u2022 certains choix doivent \u00eatre faits par les parents<br \/>\n\u2022 l&rsquo;enfant n&rsquo;est pas toujours un interlocuteur privil\u00e9gi\u00e9<br \/>\n\u2022 les enseignants ne sont pas les parents et r\u00e9ciproquement&#8230; <\/p>\n<p>Marquer les \u00e2ges de l&rsquo;enfance, s&rsquo;opposer au laxisme ambiant tout en acceptant le conflit sont, explique B\u00e9atrice Copper-Royer, psychologue-clinicienne et psychoth\u00e9rapeute, autant de fa\u00e7ons simples mais formidablement efficaces d&rsquo;aider nos enfants \u00e0 se structurer mentalement et \u00e0 se sentir bien dans leur peau. Car \u00e0 trop vouloir br\u00fbler les \u00e9tapes, on finit par se br\u00fbler soi-m\u00eame. Et, comme le conclut l&rsquo;auteur, \u00ab \u00e0 chaque \u00e2ge suffit sa peine \u00bb. <\/p>\n","protected":false},"excerpt":{"rendered":"<p>Auteur : B\u00e9atrice COOPER-ROYER<br \/>\nTitre : Vos enfants ne sont pas des grandes personnes<br \/>\n\u00c9diteur : Albin Michel, 2000, collection Questions de parents<br \/>\nDim. 14,5 x 22,5<br \/>\n190 pages <\/p>\n","protected":false},"featured_media":1836,"template":"","meta":[],"product_brand":[],"product_cat":[22],"product_tag":[212,135,197],"class_list":{"0":"post-1835","1":"product","2":"type-product","3":"status-publish","4":"has-post-thumbnail","6":"product_cat-developpement-personnel","7":"product_tag-enfant","8":"product_tag-psychologie","9":"product_tag-psychotherapie","11":"first","12":"instock","13":"shipping-taxable","14":"product-type-simple"},"yoast_head":"<!-- This site is optimized with the Yoast SEO plugin v27.4 - https:\/\/yoast.com\/product\/yoast-seo-wordpress\/ -->\n<title>Vos enfants ne sont pas des grandes personnes - B. COOPER-ROYER<\/title>\n<meta name=\"description\" content=\"B\u00e9atrice COOPER-ROYER - Vos enfants ne sont pas des grandes personnes - Albin Michel, 2000 Questions de parents - Dim. 14,5 x 22,5 - 190 p\" \/>\n<meta name=\"robots\" content=\"index, follow, max-snippet:-1, max-image-preview:large, max-video-preview:-1\" \/>\n<link rel=\"canonical\" href=\"https:\/\/www.verdieditions.com\/equilibre-de-vie\/produit\/cooper-royer-enfants-pas-grandes-personnes\/\" \/>\n<meta property=\"og:locale\" content=\"fr_FR\" \/>\n<meta property=\"og:type\" content=\"article\" \/>\n<meta property=\"og:title\" content=\"Vos enfants ne sont pas des grandes personnes - B. COOPER-ROYER\" \/>\n<meta property=\"og:description\" content=\"B\u00e9atrice COOPER-ROYER - Vos enfants ne sont pas des grandes personnes - Albin Michel, 2000 Questions de parents - Dim. 14,5 x 22,5 - 190 p\" \/>\n<meta property=\"og:url\" content=\"https:\/\/www.verdieditions.com\/equilibre-de-vie\/produit\/cooper-royer-enfants-pas-grandes-personnes\/\" \/>\n<meta property=\"og:site_name\" content=\"Equilibre de Vie\" \/>\n<meta property=\"article:modified_time\" content=\"2024-02-06T11:18:33+00:00\" \/>\n<meta property=\"og:image\" content=\"https:\/\/www.verdieditions.com\/equilibre-de-vie\/wp-content\/uploads\/2021\/10\/cooper-royer-enfants-pas-grandes-personnes.jpg\" \/>\n\t<meta property=\"og:image:width\" content=\"600\" \/>\n\t<meta property=\"og:image:height\" content=\"913\" \/>\n\t<meta property=\"og:image:type\" content=\"image\/jpeg\" \/>\n<meta name=\"twitter:card\" content=\"summary_large_image\" \/>\n<meta name=\"twitter:label1\" content=\"Dur\u00e9e de lecture estim\u00e9e\" \/>\n\t<meta name=\"twitter:data1\" content=\"1 minute\" \/>\n<script type=\"application\/ld+json\" class=\"yoast-schema-graph\">{\"@context\":\"https:\\\/\\\/schema.org\",\"@graph\":[{\"@type\":\"WebPage\",\"@id\":\"https:\\\/\\\/www.verdieditions.com\\\/equilibre-de-vie\\\/produit\\\/cooper-royer-enfants-pas-grandes-personnes\\\/\",\"url\":\"https:\\\/\\\/www.verdieditions.com\\\/equilibre-de-vie\\\/produit\\\/cooper-royer-enfants-pas-grandes-personnes\\\/\",\"name\":\"Vos enfants ne sont pas des grandes personnes - B. COOPER-ROYER\",\"isPartOf\":{\"@id\":\"https:\\\/\\\/www.verdieditions.com\\\/equilibre-de-vie\\\/#website\"},\"primaryImageOfPage\":{\"@id\":\"https:\\\/\\\/www.verdieditions.com\\\/equilibre-de-vie\\\/produit\\\/cooper-royer-enfants-pas-grandes-personnes\\\/#primaryimage\"},\"image\":{\"@id\":\"https:\\\/\\\/www.verdieditions.com\\\/equilibre-de-vie\\\/produit\\\/cooper-royer-enfants-pas-grandes-personnes\\\/#primaryimage\"},\"thumbnailUrl\":\"https:\\\/\\\/www.verdieditions.com\\\/equilibre-de-vie\\\/wp-content\\\/uploads\\\/2021\\\/10\\\/cooper-royer-enfants-pas-grandes-personnes.jpg\",\"datePublished\":\"2021-10-26T08:58:32+00:00\",\"dateModified\":\"2024-02-06T11:18:33+00:00\",\"description\":\"B\u00e9atrice COOPER-ROYER - Vos enfants ne sont pas des grandes personnes - Albin Michel, 2000 Questions de parents - Dim. 14,5 x 22,5 - 190 p\",\"breadcrumb\":{\"@id\":\"https:\\\/\\\/www.verdieditions.com\\\/equilibre-de-vie\\\/produit\\\/cooper-royer-enfants-pas-grandes-personnes\\\/#breadcrumb\"},\"inLanguage\":\"fr-FR\",\"potentialAction\":[{\"@type\":\"ReadAction\",\"target\":[\"https:\\\/\\\/www.verdieditions.com\\\/equilibre-de-vie\\\/produit\\\/cooper-royer-enfants-pas-grandes-personnes\\\/\"]}]},{\"@type\":\"ImageObject\",\"inLanguage\":\"fr-FR\",\"@id\":\"https:\\\/\\\/www.verdieditions.com\\\/equilibre-de-vie\\\/produit\\\/cooper-royer-enfants-pas-grandes-personnes\\\/#primaryimage\",\"url\":\"https:\\\/\\\/www.verdieditions.com\\\/equilibre-de-vie\\\/wp-content\\\/uploads\\\/2021\\\/10\\\/cooper-royer-enfants-pas-grandes-personnes.jpg\",\"contentUrl\":\"https:\\\/\\\/www.verdieditions.com\\\/equilibre-de-vie\\\/wp-content\\\/uploads\\\/2021\\\/10\\\/cooper-royer-enfants-pas-grandes-personnes.jpg\",\"width\":600,\"height\":913,\"caption\":\"cooper-royer-enfants-pas-grandes-personnes\"},{\"@type\":\"BreadcrumbList\",\"@id\":\"https:\\\/\\\/www.verdieditions.com\\\/equilibre-de-vie\\\/produit\\\/cooper-royer-enfants-pas-grandes-personnes\\\/#breadcrumb\",\"itemListElement\":[{\"@type\":\"ListItem\",\"position\":1,\"name\":\"Accueil\",\"item\":\"https:\\\/\\\/www.verdieditions.com\\\/equilibre-de-vie\\\/\"},{\"@type\":\"ListItem\",\"position\":2,\"name\":\"La boutique\",\"item\":\"https:\\\/\\\/www.verdieditions.com\\\/equilibre-de-vie\\\/boutique\\\/\"},{\"@type\":\"ListItem\",\"position\":3,\"name\":\"Vos enfants ne sont pas des grandes personnes &#8211; B. COOPER-ROYER\"}]},{\"@type\":\"WebSite\",\"@id\":\"https:\\\/\\\/www.verdieditions.com\\\/equilibre-de-vie\\\/#website\",\"url\":\"https:\\\/\\\/www.verdieditions.com\\\/equilibre-de-vie\\\/\",\"name\":\"Equilibre de Vie\",\"description\":\"Ma boutique livres sant\u00e9, \u00e9sot\u00e9risme et d\u00e9veloppement personnel\",\"publisher\":{\"@id\":\"https:\\\/\\\/www.verdieditions.com\\\/equilibre-de-vie\\\/#\\\/schema\\\/person\\\/9dcb2a6759f2f5fbf43ac0b44649cecb\"},\"potentialAction\":[{\"@type\":\"SearchAction\",\"target\":{\"@type\":\"EntryPoint\",\"urlTemplate\":\"https:\\\/\\\/www.verdieditions.com\\\/equilibre-de-vie\\\/?s={search_term_string}\"},\"query-input\":{\"@type\":\"PropertyValueSpecification\",\"valueRequired\":true,\"valueName\":\"search_term_string\"}}],\"inLanguage\":\"fr-FR\"},{\"@type\":[\"Person\",\"Organization\"],\"@id\":\"https:\\\/\\\/www.verdieditions.com\\\/equilibre-de-vie\\\/#\\\/schema\\\/person\\\/9dcb2a6759f2f5fbf43ac0b44649cecb\",\"name\":\"Sylvie VERDI\",\"image\":{\"@type\":\"ImageObject\",\"inLanguage\":\"fr-FR\",\"@id\":\"https:\\\/\\\/www.verdieditions.com\\\/equilibre-de-vie\\\/wp-content\\\/uploads\\\/2020\\\/04\\\/livres-occasion-sante-esoterisme-developpement-personnel-2.jpg\",\"url\":\"https:\\\/\\\/www.verdieditions.com\\\/equilibre-de-vie\\\/wp-content\\\/uploads\\\/2020\\\/04\\\/livres-occasion-sante-esoterisme-developpement-personnel-2.jpg\",\"contentUrl\":\"https:\\\/\\\/www.verdieditions.com\\\/equilibre-de-vie\\\/wp-content\\\/uploads\\\/2020\\\/04\\\/livres-occasion-sante-esoterisme-developpement-personnel-2.jpg\",\"width\":800,\"height\":572,\"caption\":\"Sylvie VERDI\"},\"logo\":{\"@id\":\"https:\\\/\\\/www.verdieditions.com\\\/equilibre-de-vie\\\/wp-content\\\/uploads\\\/2020\\\/04\\\/livres-occasion-sante-esoterisme-developpement-personnel-2.jpg\"},\"sameAs\":[\"https:\\\/\\\/www.verdieditions.com\\\/equilibre-de-vie\"]}]}<\/script>\n<!-- \/ Yoast SEO plugin. -->","yoast_head_json":{"title":"Vos enfants ne sont pas des grandes personnes - B. COOPER-ROYER","description":"B\u00e9atrice COOPER-ROYER - Vos enfants ne sont pas des grandes personnes - Albin Michel, 2000 Questions de parents - Dim. 14,5 x 22,5 - 190 p","robots":{"index":"index","follow":"follow","max-snippet":"max-snippet:-1","max-image-preview":"max-image-preview:large","max-video-preview":"max-video-preview:-1"},"canonical":"https:\/\/www.verdieditions.com\/equilibre-de-vie\/produit\/cooper-royer-enfants-pas-grandes-personnes\/","og_locale":"fr_FR","og_type":"article","og_title":"Vos enfants ne sont pas des grandes personnes - B. COOPER-ROYER","og_description":"B\u00e9atrice COOPER-ROYER - Vos enfants ne sont pas des grandes personnes - Albin Michel, 2000 Questions de parents - Dim. 14,5 x 22,5 - 190 p","og_url":"https:\/\/www.verdieditions.com\/equilibre-de-vie\/produit\/cooper-royer-enfants-pas-grandes-personnes\/","og_site_name":"Equilibre de Vie","article_modified_time":"2024-02-06T11:18:33+00:00","og_image":[{"width":600,"height":913,"url":"https:\/\/www.verdieditions.com\/equilibre-de-vie\/wp-content\/uploads\/2021\/10\/cooper-royer-enfants-pas-grandes-personnes.jpg","type":"image\/jpeg"}],"twitter_card":"summary_large_image","twitter_misc":{"Dur\u00e9e de lecture estim\u00e9e":"1 minute"},"schema":{"@context":"https:\/\/schema.org","@graph":[{"@type":"WebPage","@id":"https:\/\/www.verdieditions.com\/equilibre-de-vie\/produit\/cooper-royer-enfants-pas-grandes-personnes\/","url":"https:\/\/www.verdieditions.com\/equilibre-de-vie\/produit\/cooper-royer-enfants-pas-grandes-personnes\/","name":"Vos enfants ne sont pas des grandes personnes - B. COOPER-ROYER","isPartOf":{"@id":"https:\/\/www.verdieditions.com\/equilibre-de-vie\/#website"},"primaryImageOfPage":{"@id":"https:\/\/www.verdieditions.com\/equilibre-de-vie\/produit\/cooper-royer-enfants-pas-grandes-personnes\/#primaryimage"},"image":{"@id":"https:\/\/www.verdieditions.com\/equilibre-de-vie\/produit\/cooper-royer-enfants-pas-grandes-personnes\/#primaryimage"},"thumbnailUrl":"https:\/\/www.verdieditions.com\/equilibre-de-vie\/wp-content\/uploads\/2021\/10\/cooper-royer-enfants-pas-grandes-personnes.jpg","datePublished":"2021-10-26T08:58:32+00:00","dateModified":"2024-02-06T11:18:33+00:00","description":"B\u00e9atrice COOPER-ROYER - Vos enfants ne sont pas des grandes personnes - Albin Michel, 2000 Questions de parents - Dim. 14,5 x 22,5 - 190 p","breadcrumb":{"@id":"https:\/\/www.verdieditions.com\/equilibre-de-vie\/produit\/cooper-royer-enfants-pas-grandes-personnes\/#breadcrumb"},"inLanguage":"fr-FR","potentialAction":[{"@type":"ReadAction","target":["https:\/\/www.verdieditions.com\/equilibre-de-vie\/produit\/cooper-royer-enfants-pas-grandes-personnes\/"]}]},{"@type":"ImageObject","inLanguage":"fr-FR","@id":"https:\/\/www.verdieditions.com\/equilibre-de-vie\/produit\/cooper-royer-enfants-pas-grandes-personnes\/#primaryimage","url":"https:\/\/www.verdieditions.com\/equilibre-de-vie\/wp-content\/uploads\/2021\/10\/cooper-royer-enfants-pas-grandes-personnes.jpg","contentUrl":"https:\/\/www.verdieditions.com\/equilibre-de-vie\/wp-content\/uploads\/2021\/10\/cooper-royer-enfants-pas-grandes-personnes.jpg","width":600,"height":913,"caption":"cooper-royer-enfants-pas-grandes-personnes"},{"@type":"BreadcrumbList","@id":"https:\/\/www.verdieditions.com\/equilibre-de-vie\/produit\/cooper-royer-enfants-pas-grandes-personnes\/#breadcrumb","itemListElement":[{"@type":"ListItem","position":1,"name":"Accueil","item":"https:\/\/www.verdieditions.com\/equilibre-de-vie\/"},{"@type":"ListItem","position":2,"name":"La boutique","item":"https:\/\/www.verdieditions.com\/equilibre-de-vie\/boutique\/"},{"@type":"ListItem","position":3,"name":"Vos enfants ne sont pas des grandes personnes &#8211; B. COOPER-ROYER"}]},{"@type":"WebSite","@id":"https:\/\/www.verdieditions.com\/equilibre-de-vie\/#website","url":"https:\/\/www.verdieditions.com\/equilibre-de-vie\/","name":"Equilibre de Vie","description":"Ma boutique livres sant\u00e9, \u00e9sot\u00e9risme et d\u00e9veloppement personnel","publisher":{"@id":"https:\/\/www.verdieditions.com\/equilibre-de-vie\/#\/schema\/person\/9dcb2a6759f2f5fbf43ac0b44649cecb"},"potentialAction":[{"@type":"SearchAction","target":{"@type":"EntryPoint","urlTemplate":"https:\/\/www.verdieditions.com\/equilibre-de-vie\/?s={search_term_string}"},"query-input":{"@type":"PropertyValueSpecification","valueRequired":true,"valueName":"search_term_string"}}],"inLanguage":"fr-FR"},{"@type":["Person","Organization"],"@id":"https:\/\/www.verdieditions.com\/equilibre-de-vie\/#\/schema\/person\/9dcb2a6759f2f5fbf43ac0b44649cecb","name":"Sylvie VERDI","image":{"@type":"ImageObject","inLanguage":"fr-FR","@id":"https:\/\/www.verdieditions.com\/equilibre-de-vie\/wp-content\/uploads\/2020\/04\/livres-occasion-sante-esoterisme-developpement-personnel-2.jpg","url":"https:\/\/www.verdieditions.com\/equilibre-de-vie\/wp-content\/uploads\/2020\/04\/livres-occasion-sante-esoterisme-developpement-personnel-2.jpg","contentUrl":"https:\/\/www.verdieditions.com\/equilibre-de-vie\/wp-content\/uploads\/2020\/04\/livres-occasion-sante-esoterisme-developpement-personnel-2.jpg","width":800,"height":572,"caption":"Sylvie VERDI"},"logo":{"@id":"https:\/\/www.verdieditions.com\/equilibre-de-vie\/wp-content\/uploads\/2020\/04\/livres-occasion-sante-esoterisme-developpement-personnel-2.jpg"},"sameAs":["https:\/\/www.verdieditions.com\/equilibre-de-vie"]}]}},"_links":{"self":[{"href":"https:\/\/www.verdieditions.com\/equilibre-de-vie\/wp-json\/wp\/v2\/product\/1835","targetHints":{"allow":["GET"]}}],"collection":[{"href":"https:\/\/www.verdieditions.com\/equilibre-de-vie\/wp-json\/wp\/v2\/product"}],"about":[{"href":"https:\/\/www.verdieditions.com\/equilibre-de-vie\/wp-json\/wp\/v2\/types\/product"}],"wp:featuredmedia":[{"embeddable":true,"href":"https:\/\/www.verdieditions.com\/equilibre-de-vie\/wp-json\/wp\/v2\/media\/1836"}],"wp:attachment":[{"href":"https:\/\/www.verdieditions.com\/equilibre-de-vie\/wp-json\/wp\/v2\/media?parent=1835"}],"wp:term":[{"taxonomy":"product_brand","embeddable":true,"href":"https:\/\/www.verdieditions.com\/equilibre-de-vie\/wp-json\/wp\/v2\/product_brand?post=1835"},{"taxonomy":"product_cat","embeddable":true,"href":"https:\/\/www.verdieditions.com\/equilibre-de-vie\/wp-json\/wp\/v2\/product_cat?post=1835"},{"taxonomy":"product_tag","embeddable":true,"href":"https:\/\/www.verdieditions.com\/equilibre-de-vie\/wp-json\/wp\/v2\/product_tag?post=1835"}],"curies":[{"name":"wp","href":"https:\/\/api.w.org\/{rel}","templated":true}]}}