{"id":1823,"date":"2021-10-12T10:45:11","date_gmt":"2021-10-12T08:45:11","guid":{"rendered":"https:\/\/www.verdieditions.com\/equilibre-de-vie\/?post_type=product&#038;p=1823"},"modified":"2024-02-06T13:22:14","modified_gmt":"2024-02-06T12:22:14","slug":"cano-voyage-interieur-spirale-dynamique","status":"publish","type":"product","link":"https:\/\/www.verdieditions.com\/equilibre-de-vie\/produit\/cano-voyage-interieur-spirale-dynamique\/","title":{"rendered":"Voyage \u00e0 l&rsquo;int\u00e9rieur de la spirale dynamique (d\u00e9dicac\u00e9) &#8211; Yann CANO"},"content":{"rendered":"<p>Auteur : Yann CANO<br \/>\nTitre : Voyage \u00e0 l&rsquo;int\u00e9rieur de la spirale dynamique, l&rsquo;aventure extraordinaire de Rapha\u00ebl en qu\u00eate de lui-m\u00eame<br \/>\n\u00c9diteur : Yann CANO, 2013<br \/>\n\u00c9dition originale, d\u00e9dicac\u00e9e par l&rsquo;auteur<br \/>\nDim. 15 x 24<br \/>\n124 pages <\/p>\n<p>Suite \u00e0 une conf\u00e9rence sur la spirale dynamique de C. Graves, Rapha\u00ebl d\u00e9cide de partir en qu\u00eate de lui-m\u00eame pour mieux se comprendre et s&rsquo;accepter en explorant sa part d&rsquo;ombre. Aid\u00e9 par Ibis Charon, praticien en vision int\u00e9grative de la sant\u00e9, Rapha\u00ebl va entamer un fabuleux voyage qui va profond\u00e9ment transformer sa vie. Au fil des huit strates composant la spirale dynamique, la mise en lumi\u00e8re de tout ce qui se joue \u00e0 l&rsquo;int\u00e9rieur de lui le fera-t-il devenir un homme nouveau ? Sera-t-il assez courageux pour explorer sa polyphonie int\u00e9rieure ? <\/p>\n<p>Osez participer \u00e0 son incroyable p\u00e9riple pour r\u00e9sonner et remettre en mouvement tout ce qui se joue aussi \u00e0 l&rsquo;int\u00e9rieur de vous de mani\u00e8re bien souvent inconsciente. Vous irez \u00e0 la rencontre des diff\u00e9rents syst\u00e8mes de valeurs qui existent en vous et qui, \u00e0 chaque moment, vous parlent et vous font agir. Vous comprendrez mieux l&rsquo;\u00e9volution de notre soci\u00e9t\u00e9, son acc\u00e9l\u00e9ration et sa complexification au fil du temps. <\/p>\n<p>\u00ab Transcender et inclure \u00bb Tels seront les ma\u00eetres mots de ce roman initiatique apportant une nouvelle vision du fonctionnement de chaque \u00eatre humain. une mani\u00e8re de voir autrement notre humanit\u00e9 dans ce mouvement permanent qu&rsquo;est la Vie.<\/p>\n<p>La Spirale Dynamique : une grille de lecture de l\u2019\u00e9volution. Tout commence par un rendez-vous : celui de Raphael, trentenaire breton, avec Ibis, son th\u00e9rapeute. Cette rencontre d\u00e9cisive va transformer la vie du h\u00e9ros, qui fait l\u2019exp\u00e9rience de la Spirale Dynamique. Ce travail va l\u2019amener \u00e0 explorer sa vie, sa personnalit\u00e9, ses fonctionnements et ses blocages : J\u2019ai \u00e9t\u00e9 \u00ab pass\u00e9 \u00e0 la moulinette \u00bb dans chaque strate, pour red\u00e9couvrir, inspecter, r\u00e9parer et r\u00e9cup\u00e9rer chaque bout \u00ab d\u2019\u00e2me \u00bb que j\u2019avais laiss\u00e9 sur mon chemin de vie et qui me bloquait, m\u2019emp\u00eachait d\u2019\u00eatre qui je suis r\u00e9ellement.<\/p>\n<p>Mais qu\u2019est-ce que la Spirale Dynamique ? C\u2019est une approche \u00e9clairante d\u00e9montrant que tout se passe comme si chaque individu rejouait en acc\u00e9l\u00e9r\u00e9 l\u2019histoire de l\u2019\u00e9volution de l\u2019humanit\u00e9, de l\u2019\u00e2ge de pierre \u00e0 notre soci\u00e9t\u00e9 moderne, \u00e0 travers les diff\u00e9rentes \u00e9tapes de sa construction, de sa conception jusqu\u2019\u00e0 l\u2019\u00e2ge adulte. Explorer la Spirale Dynamique, c&rsquo;est retourner dans ses \u00e9motions, ses blessures, ses traumatismes\u2026 Un voyage dans lequel chaque individu peut se retrouver, se comprendre et d\u00e9couvrir la polyphonie qui existe \u00e0 l\u2019int\u00e9rieur de lui. D\u00e9couvrez cet outil de connaissance de soi hors du commun !  <\/p>\n","protected":false},"excerpt":{"rendered":"<p>Auteur : Yann CANO<br \/>\nTitre : Voyage \u00e0 l&rsquo;int\u00e9rieur de la spirale dynamique, l&rsquo;aventure extraordinaire de Rapha\u00ebl en qu\u00eate de lui-m\u00eame<br \/>\n\u00c9diteur : Yann CANO, 2013<br \/>\n\u00c9dition originale, d\u00e9dicac\u00e9e par l&rsquo;auteur<br \/>\nDim. 15 x 24<br \/>\n124 pages <\/p>\n","protected":false},"featured_media":1826,"template":"","meta":[],"product_brand":[],"product_cat":[22],"product_tag":[29,278,171],"class_list":{"0":"post-1823","1":"product","2":"type-product","3":"status-publish","4":"has-post-thumbnail","6":"product_cat-developpement-personnel","7":"product_tag-ame","8":"product_tag-dedicace","9":"product_tag-vie","11":"first","12":"instock","13":"featured","14":"shipping-taxable","15":"product-type-simple"},"yoast_head":"<!-- This site is optimized with the Yoast SEO plugin v27.0 - https:\/\/yoast.com\/product\/yoast-seo-wordpress\/ -->\n<title>Voyage \u00e0 l&#039;int\u00e9rieur de la spirale dynamique (d\u00e9dicac\u00e9) - Yann CANO<\/title>\n<meta name=\"description\" content=\"Yann CANO - Voyage \u00e0 l&#039;int\u00e9rieur de la spirale dynamique - Yann CANO, 2013- \u00c9dition originale, d\u00e9dicac\u00e9e par l&#039;auteur Dim. 15 x 24 - 124 p\" \/>\n<meta name=\"robots\" content=\"index, follow, max-snippet:-1, max-image-preview:large, max-video-preview:-1\" \/>\n<link rel=\"canonical\" href=\"https:\/\/www.verdieditions.com\/equilibre-de-vie\/produit\/cano-voyage-interieur-spirale-dynamique\/\" \/>\n<meta property=\"og:locale\" content=\"fr_FR\" \/>\n<meta property=\"og:type\" content=\"article\" \/>\n<meta property=\"og:title\" content=\"Voyage \u00e0 l&#039;int\u00e9rieur de la spirale dynamique (d\u00e9dicac\u00e9) - Yann CANO\" \/>\n<meta property=\"og:description\" content=\"Yann CANO - Voyage \u00e0 l&#039;int\u00e9rieur de la spirale dynamique - Yann CANO, 2013- \u00c9dition originale, d\u00e9dicac\u00e9e par l&#039;auteur Dim. 15 x 24 - 124 p\" \/>\n<meta property=\"og:url\" content=\"https:\/\/www.verdieditions.com\/equilibre-de-vie\/produit\/cano-voyage-interieur-spirale-dynamique\/\" \/>\n<meta property=\"og:site_name\" content=\"Equilibre de Vie\" \/>\n<meta property=\"article:modified_time\" content=\"2024-02-06T12:22:14+00:00\" \/>\n<meta property=\"og:image\" content=\"https:\/\/www.verdieditions.com\/equilibre-de-vie\/wp-content\/uploads\/2021\/10\/yann-cano-voyage-interieur-spirale-dynamique-dedicace.jpg\" \/>\n\t<meta property=\"og:image:width\" content=\"600\" \/>\n\t<meta property=\"og:image:height\" content=\"944\" \/>\n\t<meta property=\"og:image:type\" content=\"image\/jpeg\" \/>\n<meta name=\"twitter:card\" content=\"summary_large_image\" \/>\n<meta name=\"twitter:label1\" content=\"Dur\u00e9e de lecture estim\u00e9e\" \/>\n\t<meta name=\"twitter:data1\" content=\"2 minutes\" \/>\n<script type=\"application\/ld+json\" class=\"yoast-schema-graph\">{\"@context\":\"https:\/\/schema.org\",\"@graph\":[{\"@type\":\"WebPage\",\"@id\":\"https:\/\/www.verdieditions.com\/equilibre-de-vie\/produit\/cano-voyage-interieur-spirale-dynamique\/\",\"url\":\"https:\/\/www.verdieditions.com\/equilibre-de-vie\/produit\/cano-voyage-interieur-spirale-dynamique\/\",\"name\":\"Voyage \u00e0 l'int\u00e9rieur de la spirale dynamique (d\u00e9dicac\u00e9) - Yann CANO\",\"isPartOf\":{\"@id\":\"https:\/\/www.verdieditions.com\/equilibre-de-vie\/#website\"},\"primaryImageOfPage\":{\"@id\":\"https:\/\/www.verdieditions.com\/equilibre-de-vie\/produit\/cano-voyage-interieur-spirale-dynamique\/#primaryimage\"},\"image\":{\"@id\":\"https:\/\/www.verdieditions.com\/equilibre-de-vie\/produit\/cano-voyage-interieur-spirale-dynamique\/#primaryimage\"},\"thumbnailUrl\":\"https:\/\/www.verdieditions.com\/equilibre-de-vie\/wp-content\/uploads\/2021\/10\/yann-cano-voyage-interieur-spirale-dynamique-dedicace.jpg\",\"datePublished\":\"2021-10-12T08:45:11+00:00\",\"dateModified\":\"2024-02-06T12:22:14+00:00\",\"description\":\"Yann CANO - Voyage \u00e0 l'int\u00e9rieur de la spirale dynamique - Yann CANO, 2013- \u00c9dition originale, d\u00e9dicac\u00e9e par l'auteur Dim. 15 x 24 - 124 p\",\"breadcrumb\":{\"@id\":\"https:\/\/www.verdieditions.com\/equilibre-de-vie\/produit\/cano-voyage-interieur-spirale-dynamique\/#breadcrumb\"},\"inLanguage\":\"fr-FR\",\"potentialAction\":[{\"@type\":\"ReadAction\",\"target\":[\"https:\/\/www.verdieditions.com\/equilibre-de-vie\/produit\/cano-voyage-interieur-spirale-dynamique\/\"]}]},{\"@type\":\"ImageObject\",\"inLanguage\":\"fr-FR\",\"@id\":\"https:\/\/www.verdieditions.com\/equilibre-de-vie\/produit\/cano-voyage-interieur-spirale-dynamique\/#primaryimage\",\"url\":\"https:\/\/www.verdieditions.com\/equilibre-de-vie\/wp-content\/uploads\/2021\/10\/yann-cano-voyage-interieur-spirale-dynamique-dedicace.jpg\",\"contentUrl\":\"https:\/\/www.verdieditions.com\/equilibre-de-vie\/wp-content\/uploads\/2021\/10\/yann-cano-voyage-interieur-spirale-dynamique-dedicace.jpg\",\"width\":600,\"height\":944,\"caption\":\"yann-cano-voyage-interieur-spirale-dynamique-dedicace\"},{\"@type\":\"BreadcrumbList\",\"@id\":\"https:\/\/www.verdieditions.com\/equilibre-de-vie\/produit\/cano-voyage-interieur-spirale-dynamique\/#breadcrumb\",\"itemListElement\":[{\"@type\":\"ListItem\",\"position\":1,\"name\":\"Accueil\",\"item\":\"https:\/\/www.verdieditions.com\/equilibre-de-vie\/\"},{\"@type\":\"ListItem\",\"position\":2,\"name\":\"La boutique\",\"item\":\"https:\/\/www.verdieditions.com\/equilibre-de-vie\/boutique\/\"},{\"@type\":\"ListItem\",\"position\":3,\"name\":\"Voyage \u00e0 l&#8217;int\u00e9rieur de la spirale dynamique (d\u00e9dicac\u00e9) &#8211; Yann CANO\"}]},{\"@type\":\"WebSite\",\"@id\":\"https:\/\/www.verdieditions.com\/equilibre-de-vie\/#website\",\"url\":\"https:\/\/www.verdieditions.com\/equilibre-de-vie\/\",\"name\":\"Equilibre de Vie\",\"description\":\"Ma boutique livres sant\u00e9, \u00e9sot\u00e9risme et d\u00e9veloppement personnel\",\"publisher\":{\"@id\":\"https:\/\/www.verdieditions.com\/equilibre-de-vie\/#\/schema\/person\/9dcb2a6759f2f5fbf43ac0b44649cecb\"},\"potentialAction\":[{\"@type\":\"SearchAction\",\"target\":{\"@type\":\"EntryPoint\",\"urlTemplate\":\"https:\/\/www.verdieditions.com\/equilibre-de-vie\/?s={search_term_string}\"},\"query-input\":{\"@type\":\"PropertyValueSpecification\",\"valueRequired\":true,\"valueName\":\"search_term_string\"}}],\"inLanguage\":\"fr-FR\"},{\"@type\":[\"Person\",\"Organization\"],\"@id\":\"https:\/\/www.verdieditions.com\/equilibre-de-vie\/#\/schema\/person\/9dcb2a6759f2f5fbf43ac0b44649cecb\",\"name\":\"Sylvie VERDI\",\"image\":{\"@type\":\"ImageObject\",\"inLanguage\":\"fr-FR\",\"@id\":\"https:\/\/www.verdieditions.com\/equilibre-de-vie\/#\/schema\/person\/image\/\",\"url\":\"https:\/\/www.verdieditions.com\/equilibre-de-vie\/wp-content\/uploads\/2020\/04\/livres-occasion-sante-esoterisme-developpement-personnel-2.jpg\",\"contentUrl\":\"https:\/\/www.verdieditions.com\/equilibre-de-vie\/wp-content\/uploads\/2020\/04\/livres-occasion-sante-esoterisme-developpement-personnel-2.jpg\",\"width\":800,\"height\":572,\"caption\":\"Sylvie VERDI\"},\"logo\":{\"@id\":\"https:\/\/www.verdieditions.com\/equilibre-de-vie\/#\/schema\/person\/image\/\"},\"sameAs\":[\"https:\/\/www.verdieditions.com\/equilibre-de-vie\"]}]}<\/script>\n<!-- \/ Yoast SEO plugin. -->","yoast_head_json":{"title":"Voyage \u00e0 l'int\u00e9rieur de la spirale dynamique (d\u00e9dicac\u00e9) - Yann CANO","description":"Yann CANO - Voyage \u00e0 l'int\u00e9rieur de la spirale dynamique - Yann CANO, 2013- \u00c9dition originale, d\u00e9dicac\u00e9e par l'auteur Dim. 15 x 24 - 124 p","robots":{"index":"index","follow":"follow","max-snippet":"max-snippet:-1","max-image-preview":"max-image-preview:large","max-video-preview":"max-video-preview:-1"},"canonical":"https:\/\/www.verdieditions.com\/equilibre-de-vie\/produit\/cano-voyage-interieur-spirale-dynamique\/","og_locale":"fr_FR","og_type":"article","og_title":"Voyage \u00e0 l'int\u00e9rieur de la spirale dynamique (d\u00e9dicac\u00e9) - Yann CANO","og_description":"Yann CANO - Voyage \u00e0 l'int\u00e9rieur de la spirale dynamique - Yann CANO, 2013- \u00c9dition originale, d\u00e9dicac\u00e9e par l'auteur Dim. 15 x 24 - 124 p","og_url":"https:\/\/www.verdieditions.com\/equilibre-de-vie\/produit\/cano-voyage-interieur-spirale-dynamique\/","og_site_name":"Equilibre de Vie","article_modified_time":"2024-02-06T12:22:14+00:00","og_image":[{"width":600,"height":944,"url":"https:\/\/www.verdieditions.com\/equilibre-de-vie\/wp-content\/uploads\/2021\/10\/yann-cano-voyage-interieur-spirale-dynamique-dedicace.jpg","type":"image\/jpeg"}],"twitter_card":"summary_large_image","twitter_misc":{"Dur\u00e9e de lecture estim\u00e9e":"2 minutes"},"schema":{"@context":"https:\/\/schema.org","@graph":[{"@type":"WebPage","@id":"https:\/\/www.verdieditions.com\/equilibre-de-vie\/produit\/cano-voyage-interieur-spirale-dynamique\/","url":"https:\/\/www.verdieditions.com\/equilibre-de-vie\/produit\/cano-voyage-interieur-spirale-dynamique\/","name":"Voyage \u00e0 l'int\u00e9rieur de la spirale dynamique (d\u00e9dicac\u00e9) - Yann CANO","isPartOf":{"@id":"https:\/\/www.verdieditions.com\/equilibre-de-vie\/#website"},"primaryImageOfPage":{"@id":"https:\/\/www.verdieditions.com\/equilibre-de-vie\/produit\/cano-voyage-interieur-spirale-dynamique\/#primaryimage"},"image":{"@id":"https:\/\/www.verdieditions.com\/equilibre-de-vie\/produit\/cano-voyage-interieur-spirale-dynamique\/#primaryimage"},"thumbnailUrl":"https:\/\/www.verdieditions.com\/equilibre-de-vie\/wp-content\/uploads\/2021\/10\/yann-cano-voyage-interieur-spirale-dynamique-dedicace.jpg","datePublished":"2021-10-12T08:45:11+00:00","dateModified":"2024-02-06T12:22:14+00:00","description":"Yann CANO - Voyage \u00e0 l'int\u00e9rieur de la spirale dynamique - Yann CANO, 2013- \u00c9dition originale, d\u00e9dicac\u00e9e par l'auteur Dim. 15 x 24 - 124 p","breadcrumb":{"@id":"https:\/\/www.verdieditions.com\/equilibre-de-vie\/produit\/cano-voyage-interieur-spirale-dynamique\/#breadcrumb"},"inLanguage":"fr-FR","potentialAction":[{"@type":"ReadAction","target":["https:\/\/www.verdieditions.com\/equilibre-de-vie\/produit\/cano-voyage-interieur-spirale-dynamique\/"]}]},{"@type":"ImageObject","inLanguage":"fr-FR","@id":"https:\/\/www.verdieditions.com\/equilibre-de-vie\/produit\/cano-voyage-interieur-spirale-dynamique\/#primaryimage","url":"https:\/\/www.verdieditions.com\/equilibre-de-vie\/wp-content\/uploads\/2021\/10\/yann-cano-voyage-interieur-spirale-dynamique-dedicace.jpg","contentUrl":"https:\/\/www.verdieditions.com\/equilibre-de-vie\/wp-content\/uploads\/2021\/10\/yann-cano-voyage-interieur-spirale-dynamique-dedicace.jpg","width":600,"height":944,"caption":"yann-cano-voyage-interieur-spirale-dynamique-dedicace"},{"@type":"BreadcrumbList","@id":"https:\/\/www.verdieditions.com\/equilibre-de-vie\/produit\/cano-voyage-interieur-spirale-dynamique\/#breadcrumb","itemListElement":[{"@type":"ListItem","position":1,"name":"Accueil","item":"https:\/\/www.verdieditions.com\/equilibre-de-vie\/"},{"@type":"ListItem","position":2,"name":"La boutique","item":"https:\/\/www.verdieditions.com\/equilibre-de-vie\/boutique\/"},{"@type":"ListItem","position":3,"name":"Voyage \u00e0 l&#8217;int\u00e9rieur de la spirale dynamique (d\u00e9dicac\u00e9) &#8211; Yann CANO"}]},{"@type":"WebSite","@id":"https:\/\/www.verdieditions.com\/equilibre-de-vie\/#website","url":"https:\/\/www.verdieditions.com\/equilibre-de-vie\/","name":"Equilibre de Vie","description":"Ma boutique livres sant\u00e9, \u00e9sot\u00e9risme et d\u00e9veloppement personnel","publisher":{"@id":"https:\/\/www.verdieditions.com\/equilibre-de-vie\/#\/schema\/person\/9dcb2a6759f2f5fbf43ac0b44649cecb"},"potentialAction":[{"@type":"SearchAction","target":{"@type":"EntryPoint","urlTemplate":"https:\/\/www.verdieditions.com\/equilibre-de-vie\/?s={search_term_string}"},"query-input":{"@type":"PropertyValueSpecification","valueRequired":true,"valueName":"search_term_string"}}],"inLanguage":"fr-FR"},{"@type":["Person","Organization"],"@id":"https:\/\/www.verdieditions.com\/equilibre-de-vie\/#\/schema\/person\/9dcb2a6759f2f5fbf43ac0b44649cecb","name":"Sylvie VERDI","image":{"@type":"ImageObject","inLanguage":"fr-FR","@id":"https:\/\/www.verdieditions.com\/equilibre-de-vie\/#\/schema\/person\/image\/","url":"https:\/\/www.verdieditions.com\/equilibre-de-vie\/wp-content\/uploads\/2020\/04\/livres-occasion-sante-esoterisme-developpement-personnel-2.jpg","contentUrl":"https:\/\/www.verdieditions.com\/equilibre-de-vie\/wp-content\/uploads\/2020\/04\/livres-occasion-sante-esoterisme-developpement-personnel-2.jpg","width":800,"height":572,"caption":"Sylvie VERDI"},"logo":{"@id":"https:\/\/www.verdieditions.com\/equilibre-de-vie\/#\/schema\/person\/image\/"},"sameAs":["https:\/\/www.verdieditions.com\/equilibre-de-vie"]}]}},"_links":{"self":[{"href":"https:\/\/www.verdieditions.com\/equilibre-de-vie\/wp-json\/wp\/v2\/product\/1823","targetHints":{"allow":["GET"]}}],"collection":[{"href":"https:\/\/www.verdieditions.com\/equilibre-de-vie\/wp-json\/wp\/v2\/product"}],"about":[{"href":"https:\/\/www.verdieditions.com\/equilibre-de-vie\/wp-json\/wp\/v2\/types\/product"}],"wp:featuredmedia":[{"embeddable":true,"href":"https:\/\/www.verdieditions.com\/equilibre-de-vie\/wp-json\/wp\/v2\/media\/1826"}],"wp:attachment":[{"href":"https:\/\/www.verdieditions.com\/equilibre-de-vie\/wp-json\/wp\/v2\/media?parent=1823"}],"wp:term":[{"taxonomy":"product_brand","embeddable":true,"href":"https:\/\/www.verdieditions.com\/equilibre-de-vie\/wp-json\/wp\/v2\/product_brand?post=1823"},{"taxonomy":"product_cat","embeddable":true,"href":"https:\/\/www.verdieditions.com\/equilibre-de-vie\/wp-json\/wp\/v2\/product_cat?post=1823"},{"taxonomy":"product_tag","embeddable":true,"href":"https:\/\/www.verdieditions.com\/equilibre-de-vie\/wp-json\/wp\/v2\/product_tag?post=1823"}],"curies":[{"name":"wp","href":"https:\/\/api.w.org\/{rel}","templated":true}]}}