{"id":1794,"date":"2021-09-10T15:12:50","date_gmt":"2021-09-10T13:12:50","guid":{"rendered":"https:\/\/www.verdieditions.com\/equilibre-de-vie\/?post_type=product&#038;p=1794"},"modified":"2022-05-21T13:03:51","modified_gmt":"2022-05-21T11:03:51","slug":"savoir-relaxer-combattre-stress-edmund-jacobson","status":"publish","type":"product","link":"https:\/\/www.verdieditions.com\/equilibre-de-vie\/produit\/savoir-relaxer-combattre-stress-edmund-jacobson\/","title":{"rendered":"Savoir relaxer pour combattre le stress &#8211; Edmund JACOBSON"},"content":{"rendered":"<p>Auteur : Edmund JACOBSON<br \/>\nTitre : Savoir relaxer pour combattre le stress<br \/>\n\u00c9diteur : \u00c9ditions de L&rsquo;Homme, CIM, 1980<br \/>\nAvec de nombreuses photos N&#038;B en situation<br \/>\nDim. 13,5 x 20,5<br \/>\n236 pages <\/p>\n<p>Le stress, mal du si\u00e8cle.  G\u00e9n\u00e9ratrices de maladies diverses, hypertension art\u00e9rielle, crises cardiaques, ulc\u00e8res, insomnies, surmenage, indigestion, d\u00e9sordres mentaux, les tensions quotidiennes mal contr\u00f4l\u00e9es minent la sant\u00e9 physique et morale d&rsquo;un individu aussi s\u00fbrement qu&rsquo;un cancer.<\/p>\n<p>Mais comment combattre le stress ?  Comment vivre serein et d\u00e9tendu au milieu des sollicitations de plus en plus nombreuses du monde dans lequel nous vivons ?<\/p>\n<p>Le repos, les loisirs et l&rsquo;exercice physique ne suffisent pas \u00e0 \u00e9liminer les tensions.  Seule la relaxation peut le faire.  Quand on sait relaxer, il suffit de quelques minutes par jour, pour assurer a son corps et a son esprit une d\u00e9tente parfaite largement b\u00e9n\u00e9fice et infiniment productive.<\/p>\n","protected":false},"excerpt":{"rendered":"<p>Auteur : Edmund JACOBSON<br \/>\nTitre : Savoir relaxer pour combattre le stress<br \/>\n\u00c9diteur : \u00c9ditions de L&rsquo;Homme, CIM, 1980<br \/>\nAvec de nombreuses photos N&#038;B en situation<br \/>\nDim. 13,5 x 20,5<br \/>\n236 pages <\/p>\n","protected":false},"featured_media":1795,"template":"","meta":[],"product_brand":[],"product_cat":[21],"product_tag":[250,140,156],"class_list":{"0":"post-1794","1":"product","2":"type-product","3":"status-publish","4":"has-post-thumbnail","6":"product_cat-sante","7":"product_tag-maladie","8":"product_tag-relaxation","9":"product_tag-stress","11":"first","12":"outofstock","13":"featured","14":"shipping-taxable","15":"product-type-simple"},"yoast_head":"<!-- This site is optimized with the Yoast SEO plugin v27.4 - https:\/\/yoast.com\/product\/yoast-seo-wordpress\/ -->\n<title>Savoir relaxer pour combattre le stress - Edmund JACOBSON -<\/title>\n<meta name=\"description\" content=\"Edmund JACOBSON - Savoir relaxer pour combattre le stress - \u00c9ditions de L&#039;Homme, CIM, 1980 - photos N&amp;B - Dim. 13,5 x 20,5 - 236 pages\" \/>\n<meta name=\"robots\" content=\"index, follow, max-snippet:-1, max-image-preview:large, max-video-preview:-1\" \/>\n<link rel=\"canonical\" href=\"https:\/\/www.verdieditions.com\/equilibre-de-vie\/produit\/savoir-relaxer-combattre-stress-edmund-jacobson\/\" \/>\n<meta property=\"og:locale\" content=\"fr_FR\" \/>\n<meta property=\"og:type\" content=\"article\" \/>\n<meta property=\"og:title\" content=\"Savoir relaxer pour combattre le stress - Edmund JACOBSON -\" \/>\n<meta property=\"og:description\" content=\"Edmund JACOBSON - Savoir relaxer pour combattre le stress - \u00c9ditions de L&#039;Homme, CIM, 1980 - photos N&amp;B - Dim. 13,5 x 20,5 - 236 pages\" \/>\n<meta property=\"og:url\" content=\"https:\/\/www.verdieditions.com\/equilibre-de-vie\/produit\/savoir-relaxer-combattre-stress-edmund-jacobson\/\" \/>\n<meta property=\"og:site_name\" content=\"Equilibre de Vie\" \/>\n<meta property=\"article:modified_time\" content=\"2022-05-21T11:03:51+00:00\" \/>\n<meta property=\"og:image\" content=\"https:\/\/www.verdieditions.com\/equilibre-de-vie\/wp-content\/uploads\/2021\/09\/jacobson-savoir-relaxer-stress.jpg\" \/>\n\t<meta property=\"og:image:width\" content=\"800\" \/>\n\t<meta property=\"og:image:height\" content=\"1138\" \/>\n\t<meta property=\"og:image:type\" content=\"image\/jpeg\" \/>\n<meta name=\"twitter:card\" content=\"summary_large_image\" \/>\n<meta name=\"twitter:label1\" content=\"Dur\u00e9e de lecture estim\u00e9e\" \/>\n\t<meta name=\"twitter:data1\" content=\"1 minute\" \/>\n<script type=\"application\/ld+json\" class=\"yoast-schema-graph\">{\"@context\":\"https:\\\/\\\/schema.org\",\"@graph\":[{\"@type\":\"WebPage\",\"@id\":\"https:\\\/\\\/www.verdieditions.com\\\/equilibre-de-vie\\\/produit\\\/savoir-relaxer-combattre-stress-edmund-jacobson\\\/\",\"url\":\"https:\\\/\\\/www.verdieditions.com\\\/equilibre-de-vie\\\/produit\\\/savoir-relaxer-combattre-stress-edmund-jacobson\\\/\",\"name\":\"Savoir relaxer pour combattre le stress - Edmund JACOBSON -\",\"isPartOf\":{\"@id\":\"https:\\\/\\\/www.verdieditions.com\\\/equilibre-de-vie\\\/#website\"},\"primaryImageOfPage\":{\"@id\":\"https:\\\/\\\/www.verdieditions.com\\\/equilibre-de-vie\\\/produit\\\/savoir-relaxer-combattre-stress-edmund-jacobson\\\/#primaryimage\"},\"image\":{\"@id\":\"https:\\\/\\\/www.verdieditions.com\\\/equilibre-de-vie\\\/produit\\\/savoir-relaxer-combattre-stress-edmund-jacobson\\\/#primaryimage\"},\"thumbnailUrl\":\"https:\\\/\\\/www.verdieditions.com\\\/equilibre-de-vie\\\/wp-content\\\/uploads\\\/2021\\\/09\\\/jacobson-savoir-relaxer-stress.jpg\",\"datePublished\":\"2021-09-10T13:12:50+00:00\",\"dateModified\":\"2022-05-21T11:03:51+00:00\",\"description\":\"Edmund JACOBSON - Savoir relaxer pour combattre le stress - \u00c9ditions de L'Homme, CIM, 1980 - photos N&B - Dim. 13,5 x 20,5 - 236 pages\",\"breadcrumb\":{\"@id\":\"https:\\\/\\\/www.verdieditions.com\\\/equilibre-de-vie\\\/produit\\\/savoir-relaxer-combattre-stress-edmund-jacobson\\\/#breadcrumb\"},\"inLanguage\":\"fr-FR\",\"potentialAction\":[{\"@type\":\"ReadAction\",\"target\":[\"https:\\\/\\\/www.verdieditions.com\\\/equilibre-de-vie\\\/produit\\\/savoir-relaxer-combattre-stress-edmund-jacobson\\\/\"]}]},{\"@type\":\"ImageObject\",\"inLanguage\":\"fr-FR\",\"@id\":\"https:\\\/\\\/www.verdieditions.com\\\/equilibre-de-vie\\\/produit\\\/savoir-relaxer-combattre-stress-edmund-jacobson\\\/#primaryimage\",\"url\":\"https:\\\/\\\/www.verdieditions.com\\\/equilibre-de-vie\\\/wp-content\\\/uploads\\\/2021\\\/09\\\/jacobson-savoir-relaxer-stress.jpg\",\"contentUrl\":\"https:\\\/\\\/www.verdieditions.com\\\/equilibre-de-vie\\\/wp-content\\\/uploads\\\/2021\\\/09\\\/jacobson-savoir-relaxer-stress.jpg\",\"width\":800,\"height\":1138,\"caption\":\"jacobson-savoir-relaxer-stress\"},{\"@type\":\"BreadcrumbList\",\"@id\":\"https:\\\/\\\/www.verdieditions.com\\\/equilibre-de-vie\\\/produit\\\/savoir-relaxer-combattre-stress-edmund-jacobson\\\/#breadcrumb\",\"itemListElement\":[{\"@type\":\"ListItem\",\"position\":1,\"name\":\"Accueil\",\"item\":\"https:\\\/\\\/www.verdieditions.com\\\/equilibre-de-vie\\\/\"},{\"@type\":\"ListItem\",\"position\":2,\"name\":\"La boutique\",\"item\":\"https:\\\/\\\/www.verdieditions.com\\\/equilibre-de-vie\\\/boutique\\\/\"},{\"@type\":\"ListItem\",\"position\":3,\"name\":\"Savoir relaxer pour combattre le stress &#8211; Edmund JACOBSON\"}]},{\"@type\":\"WebSite\",\"@id\":\"https:\\\/\\\/www.verdieditions.com\\\/equilibre-de-vie\\\/#website\",\"url\":\"https:\\\/\\\/www.verdieditions.com\\\/equilibre-de-vie\\\/\",\"name\":\"Equilibre de Vie\",\"description\":\"Ma boutique livres sant\u00e9, \u00e9sot\u00e9risme et d\u00e9veloppement personnel\",\"publisher\":{\"@id\":\"https:\\\/\\\/www.verdieditions.com\\\/equilibre-de-vie\\\/#\\\/schema\\\/person\\\/9dcb2a6759f2f5fbf43ac0b44649cecb\"},\"potentialAction\":[{\"@type\":\"SearchAction\",\"target\":{\"@type\":\"EntryPoint\",\"urlTemplate\":\"https:\\\/\\\/www.verdieditions.com\\\/equilibre-de-vie\\\/?s={search_term_string}\"},\"query-input\":{\"@type\":\"PropertyValueSpecification\",\"valueRequired\":true,\"valueName\":\"search_term_string\"}}],\"inLanguage\":\"fr-FR\"},{\"@type\":[\"Person\",\"Organization\"],\"@id\":\"https:\\\/\\\/www.verdieditions.com\\\/equilibre-de-vie\\\/#\\\/schema\\\/person\\\/9dcb2a6759f2f5fbf43ac0b44649cecb\",\"name\":\"Sylvie VERDI\",\"image\":{\"@type\":\"ImageObject\",\"inLanguage\":\"fr-FR\",\"@id\":\"https:\\\/\\\/www.verdieditions.com\\\/equilibre-de-vie\\\/wp-content\\\/uploads\\\/2020\\\/04\\\/livres-occasion-sante-esoterisme-developpement-personnel-2.jpg\",\"url\":\"https:\\\/\\\/www.verdieditions.com\\\/equilibre-de-vie\\\/wp-content\\\/uploads\\\/2020\\\/04\\\/livres-occasion-sante-esoterisme-developpement-personnel-2.jpg\",\"contentUrl\":\"https:\\\/\\\/www.verdieditions.com\\\/equilibre-de-vie\\\/wp-content\\\/uploads\\\/2020\\\/04\\\/livres-occasion-sante-esoterisme-developpement-personnel-2.jpg\",\"width\":800,\"height\":572,\"caption\":\"Sylvie VERDI\"},\"logo\":{\"@id\":\"https:\\\/\\\/www.verdieditions.com\\\/equilibre-de-vie\\\/wp-content\\\/uploads\\\/2020\\\/04\\\/livres-occasion-sante-esoterisme-developpement-personnel-2.jpg\"},\"sameAs\":[\"https:\\\/\\\/www.verdieditions.com\\\/equilibre-de-vie\"]}]}<\/script>\n<!-- \/ Yoast SEO plugin. -->","yoast_head_json":{"title":"Savoir relaxer pour combattre le stress - Edmund JACOBSON -","description":"Edmund JACOBSON - Savoir relaxer pour combattre le stress - \u00c9ditions de L'Homme, CIM, 1980 - photos N&B - Dim. 13,5 x 20,5 - 236 pages","robots":{"index":"index","follow":"follow","max-snippet":"max-snippet:-1","max-image-preview":"max-image-preview:large","max-video-preview":"max-video-preview:-1"},"canonical":"https:\/\/www.verdieditions.com\/equilibre-de-vie\/produit\/savoir-relaxer-combattre-stress-edmund-jacobson\/","og_locale":"fr_FR","og_type":"article","og_title":"Savoir relaxer pour combattre le stress - Edmund JACOBSON -","og_description":"Edmund JACOBSON - Savoir relaxer pour combattre le stress - \u00c9ditions de L'Homme, CIM, 1980 - photos N&B - Dim. 13,5 x 20,5 - 236 pages","og_url":"https:\/\/www.verdieditions.com\/equilibre-de-vie\/produit\/savoir-relaxer-combattre-stress-edmund-jacobson\/","og_site_name":"Equilibre de Vie","article_modified_time":"2022-05-21T11:03:51+00:00","og_image":[{"width":800,"height":1138,"url":"https:\/\/www.verdieditions.com\/equilibre-de-vie\/wp-content\/uploads\/2021\/09\/jacobson-savoir-relaxer-stress.jpg","type":"image\/jpeg"}],"twitter_card":"summary_large_image","twitter_misc":{"Dur\u00e9e de lecture estim\u00e9e":"1 minute"},"schema":{"@context":"https:\/\/schema.org","@graph":[{"@type":"WebPage","@id":"https:\/\/www.verdieditions.com\/equilibre-de-vie\/produit\/savoir-relaxer-combattre-stress-edmund-jacobson\/","url":"https:\/\/www.verdieditions.com\/equilibre-de-vie\/produit\/savoir-relaxer-combattre-stress-edmund-jacobson\/","name":"Savoir relaxer pour combattre le stress - Edmund JACOBSON -","isPartOf":{"@id":"https:\/\/www.verdieditions.com\/equilibre-de-vie\/#website"},"primaryImageOfPage":{"@id":"https:\/\/www.verdieditions.com\/equilibre-de-vie\/produit\/savoir-relaxer-combattre-stress-edmund-jacobson\/#primaryimage"},"image":{"@id":"https:\/\/www.verdieditions.com\/equilibre-de-vie\/produit\/savoir-relaxer-combattre-stress-edmund-jacobson\/#primaryimage"},"thumbnailUrl":"https:\/\/www.verdieditions.com\/equilibre-de-vie\/wp-content\/uploads\/2021\/09\/jacobson-savoir-relaxer-stress.jpg","datePublished":"2021-09-10T13:12:50+00:00","dateModified":"2022-05-21T11:03:51+00:00","description":"Edmund JACOBSON - Savoir relaxer pour combattre le stress - \u00c9ditions de L'Homme, CIM, 1980 - photos N&B - Dim. 13,5 x 20,5 - 236 pages","breadcrumb":{"@id":"https:\/\/www.verdieditions.com\/equilibre-de-vie\/produit\/savoir-relaxer-combattre-stress-edmund-jacobson\/#breadcrumb"},"inLanguage":"fr-FR","potentialAction":[{"@type":"ReadAction","target":["https:\/\/www.verdieditions.com\/equilibre-de-vie\/produit\/savoir-relaxer-combattre-stress-edmund-jacobson\/"]}]},{"@type":"ImageObject","inLanguage":"fr-FR","@id":"https:\/\/www.verdieditions.com\/equilibre-de-vie\/produit\/savoir-relaxer-combattre-stress-edmund-jacobson\/#primaryimage","url":"https:\/\/www.verdieditions.com\/equilibre-de-vie\/wp-content\/uploads\/2021\/09\/jacobson-savoir-relaxer-stress.jpg","contentUrl":"https:\/\/www.verdieditions.com\/equilibre-de-vie\/wp-content\/uploads\/2021\/09\/jacobson-savoir-relaxer-stress.jpg","width":800,"height":1138,"caption":"jacobson-savoir-relaxer-stress"},{"@type":"BreadcrumbList","@id":"https:\/\/www.verdieditions.com\/equilibre-de-vie\/produit\/savoir-relaxer-combattre-stress-edmund-jacobson\/#breadcrumb","itemListElement":[{"@type":"ListItem","position":1,"name":"Accueil","item":"https:\/\/www.verdieditions.com\/equilibre-de-vie\/"},{"@type":"ListItem","position":2,"name":"La boutique","item":"https:\/\/www.verdieditions.com\/equilibre-de-vie\/boutique\/"},{"@type":"ListItem","position":3,"name":"Savoir relaxer pour combattre le stress &#8211; Edmund JACOBSON"}]},{"@type":"WebSite","@id":"https:\/\/www.verdieditions.com\/equilibre-de-vie\/#website","url":"https:\/\/www.verdieditions.com\/equilibre-de-vie\/","name":"Equilibre de Vie","description":"Ma boutique livres sant\u00e9, \u00e9sot\u00e9risme et d\u00e9veloppement personnel","publisher":{"@id":"https:\/\/www.verdieditions.com\/equilibre-de-vie\/#\/schema\/person\/9dcb2a6759f2f5fbf43ac0b44649cecb"},"potentialAction":[{"@type":"SearchAction","target":{"@type":"EntryPoint","urlTemplate":"https:\/\/www.verdieditions.com\/equilibre-de-vie\/?s={search_term_string}"},"query-input":{"@type":"PropertyValueSpecification","valueRequired":true,"valueName":"search_term_string"}}],"inLanguage":"fr-FR"},{"@type":["Person","Organization"],"@id":"https:\/\/www.verdieditions.com\/equilibre-de-vie\/#\/schema\/person\/9dcb2a6759f2f5fbf43ac0b44649cecb","name":"Sylvie VERDI","image":{"@type":"ImageObject","inLanguage":"fr-FR","@id":"https:\/\/www.verdieditions.com\/equilibre-de-vie\/wp-content\/uploads\/2020\/04\/livres-occasion-sante-esoterisme-developpement-personnel-2.jpg","url":"https:\/\/www.verdieditions.com\/equilibre-de-vie\/wp-content\/uploads\/2020\/04\/livres-occasion-sante-esoterisme-developpement-personnel-2.jpg","contentUrl":"https:\/\/www.verdieditions.com\/equilibre-de-vie\/wp-content\/uploads\/2020\/04\/livres-occasion-sante-esoterisme-developpement-personnel-2.jpg","width":800,"height":572,"caption":"Sylvie VERDI"},"logo":{"@id":"https:\/\/www.verdieditions.com\/equilibre-de-vie\/wp-content\/uploads\/2020\/04\/livres-occasion-sante-esoterisme-developpement-personnel-2.jpg"},"sameAs":["https:\/\/www.verdieditions.com\/equilibre-de-vie"]}]}},"_links":{"self":[{"href":"https:\/\/www.verdieditions.com\/equilibre-de-vie\/wp-json\/wp\/v2\/product\/1794","targetHints":{"allow":["GET"]}}],"collection":[{"href":"https:\/\/www.verdieditions.com\/equilibre-de-vie\/wp-json\/wp\/v2\/product"}],"about":[{"href":"https:\/\/www.verdieditions.com\/equilibre-de-vie\/wp-json\/wp\/v2\/types\/product"}],"wp:featuredmedia":[{"embeddable":true,"href":"https:\/\/www.verdieditions.com\/equilibre-de-vie\/wp-json\/wp\/v2\/media\/1795"}],"wp:attachment":[{"href":"https:\/\/www.verdieditions.com\/equilibre-de-vie\/wp-json\/wp\/v2\/media?parent=1794"}],"wp:term":[{"taxonomy":"product_brand","embeddable":true,"href":"https:\/\/www.verdieditions.com\/equilibre-de-vie\/wp-json\/wp\/v2\/product_brand?post=1794"},{"taxonomy":"product_cat","embeddable":true,"href":"https:\/\/www.verdieditions.com\/equilibre-de-vie\/wp-json\/wp\/v2\/product_cat?post=1794"},{"taxonomy":"product_tag","embeddable":true,"href":"https:\/\/www.verdieditions.com\/equilibre-de-vie\/wp-json\/wp\/v2\/product_tag?post=1794"}],"curies":[{"name":"wp","href":"https:\/\/api.w.org\/{rel}","templated":true}]}}