{"id":1784,"date":"2021-09-02T10:03:36","date_gmt":"2021-09-02T08:03:36","guid":{"rendered":"https:\/\/www.verdieditions.com\/equilibre-de-vie\/?post_type=product&#038;p=1784"},"modified":"2024-08-21T18:16:21","modified_gmt":"2024-08-21T16:16:21","slug":"meditation-action-chogyam-trungpa","status":"publish","type":"product","link":"https:\/\/www.verdieditions.com\/equilibre-de-vie\/produit\/meditation-action-chogyam-trungpa\/","title":{"rendered":"M\u00e9ditation et action &#8211; Chogyam TRUNGPA"},"content":{"rendered":"<p>Auteur : Chogyam TRUNGPA<br \/>\nTitre : M\u00e9ditation et action, Causeries au Centre tib\u00e9tain Samy\u00ea-Ling<br \/>\n\u00c9diteur : Fayard, 1973, collection documents spirituels, 9<br \/>\nDim. 13,5 x 20,5<br \/>\n164 pages<\/p>\n<p>M\u00e9ditation et Action par l&rsquo;approche du sujet, le ton et une grande libert\u00e9 doctrinale est un petit trait\u00e9 unique de m\u00e9ditation. Chacun qui le lira en gardera longtemps la saveur, m\u00eame s&rsquo;il n&rsquo;en fait rien et finit par l&rsquo;oublier&#8230;<\/p>\n<p>Causeries enregistr\u00e9es il y a quelques ann\u00e9es, elles furent donn\u00e9es par un authentique lama tib\u00e9tain, Chog\u00ffam Trungpa Rinpoche, dont on a d\u00e9j\u00e0 publi\u00e9 en fran\u00e7ais le r\u00e9cit de l&rsquo;\u00e9vasion de son pays, sous le titre de N\u00e9 au Tibet (Buchet-Chastel, 1968).<\/p>\n<p>A la diff\u00e9rence de la plupart des ma\u00eetres spirituels orientaux ou occidentaux, Chog\u00ffam Trungpa nous incite \u00e0 partir de ce que nous sommes, sans rien soustraire et sans rien ajouter. Il n&rsquo;est donc pas question, au d\u00e9part, d&rsquo;abandonner notre culture propre, ni notre intellectualisme. Tout s&rsquo;\u00e9clairera en cours de route mais l&rsquo;essentiel est de partir, sans le moindre pr\u00e9jug\u00e9.<\/p>\n<p>D\u00e9gageant de sa tradition _ le bouddhisme tib\u00e9tain _ ce qui peut convenir \u00e0 un occidental plong\u00e9 dans le monde moderne, l&rsquo;auteur de ces causeries, mises en fran\u00e7ais par Armel Guerne, nous d\u00e9couvre un v\u00e9ritable tr\u00e9sor: la<br \/>\nm\u00e9ditation sans objet (n&rsquo;est-ce pas l\u00e0 le but m\u00eame de la contemplation bien comprise?). Une fois saisie et mise en pratique on ne peut plus s&rsquo;en passer car il ne s&rsquo;agit pas d&rsquo;un \u00e9tat d&rsquo;\u00e2me utopique mais du vrai regard que nous devrions jeter sur toutes choses, inf\u00e9rieures et ext\u00e9rieures, \u00e0 l&rsquo;instant m\u00eame.<br \/>\nM\u00e9ditation et Action s&rsquo;adresse \u00e0 tous ceux qui, \u00e0 n&rsquo;importe quel titre, veulent non seulement p\u00e9n\u00e9trer plus avant dans la vie int\u00e9rieure mais aussi s&rsquo;ins\u00e9rer dans la vie courante sans se leurrer.<\/p>\n<p>L&rsquo;auteur:<br \/>\nChog\u00ffam Trungpa Rinpoche est n\u00e9 dans le Tibet central o\u00f9 il v\u00e9cut, moine dans un monast\u00e8re, jusqu&rsquo;\u00e0 son \u00e9vasion dans l&rsquo;Inde au moment o\u00f9 le Dala\u00ef-lama fut contraint de fuir sa patrie lors de la conqu\u00eate chinoise. Apr\u00e8s avoir pass\u00e9 quelque temps en Inde, il se fixa en Ecosse o\u00f9 il cr\u00e9a le Centre tib\u00e9tain Damy\u00ea-Ling. Depuis quelques ann\u00e9es il r\u00e9side dans le Vermont, aux Etats-Unis, o\u00f9 il a inaugur\u00e9 un autre centre.<\/p>\n","protected":false},"excerpt":{"rendered":"<p>Auteur : Chogyam TRUNGPA<br \/>\nTitre : M\u00e9ditation et action, Causeries au Centre tib\u00e9tain Samy\u00ea-Ling<br \/>\n\u00c9diteur : Fayard, 1973, collection documents spirituels, 9<br \/>\nDim. 13,5 x 20,5<br \/>\n164 pages<\/p>\n","protected":false},"featured_media":1786,"template":"","meta":[],"product_brand":[],"product_cat":[22],"product_tag":[41,102,141,172],"class_list":{"0":"post-1784","1":"product","2":"type-product","3":"status-publish","4":"has-post-thumbnail","6":"product_cat-developpement-personnel","7":"product_tag-bouddhisme","8":"product_tag-meditation","9":"product_tag-religion","10":"product_tag-vie-anterieure","12":"first","13":"outofstock","14":"shipping-taxable","15":"product-type-simple"},"yoast_head":"<!-- This site is optimized with the Yoast SEO plugin v27.4 - https:\/\/yoast.com\/product\/yoast-seo-wordpress\/ -->\n<title>M\u00e9ditation et action - Chogyam TRUNGPA - Equilibre de Vie<\/title>\n<meta name=\"description\" content=\"Chogyam TRUNGPA - Titre : M\u00e9ditation et action, Causeries au Centre tib\u00e9tain Samy\u00ea-Ling \u00c9diteur : Fayard, 1973 Dim. 13,5 x 20,5 164 pages\" \/>\n<meta name=\"robots\" content=\"index, follow, max-snippet:-1, max-image-preview:large, max-video-preview:-1\" \/>\n<link rel=\"canonical\" href=\"https:\/\/www.verdieditions.com\/equilibre-de-vie\/produit\/meditation-action-chogyam-trungpa\/\" \/>\n<meta property=\"og:locale\" content=\"fr_FR\" \/>\n<meta property=\"og:type\" content=\"article\" \/>\n<meta property=\"og:title\" content=\"M\u00e9ditation et action - Chogyam TRUNGPA - Equilibre de Vie\" \/>\n<meta property=\"og:description\" content=\"Chogyam TRUNGPA - Titre : M\u00e9ditation et action, Causeries au Centre tib\u00e9tain Samy\u00ea-Ling \u00c9diteur : Fayard, 1973 Dim. 13,5 x 20,5 164 pages\" \/>\n<meta property=\"og:url\" content=\"https:\/\/www.verdieditions.com\/equilibre-de-vie\/produit\/meditation-action-chogyam-trungpa\/\" \/>\n<meta property=\"og:site_name\" content=\"Equilibre de Vie\" \/>\n<meta property=\"article:modified_time\" content=\"2024-08-21T16:16:21+00:00\" \/>\n<meta property=\"og:image\" content=\"https:\/\/www.verdieditions.com\/equilibre-de-vie\/wp-content\/uploads\/2021\/09\/meditation-action-trungpa.jpg\" \/>\n\t<meta property=\"og:image:width\" content=\"800\" \/>\n\t<meta property=\"og:image:height\" content=\"1256\" \/>\n\t<meta property=\"og:image:type\" content=\"image\/jpeg\" \/>\n<meta name=\"twitter:card\" content=\"summary_large_image\" \/>\n<meta name=\"twitter:label1\" content=\"Dur\u00e9e de lecture estim\u00e9e\" \/>\n\t<meta name=\"twitter:data1\" content=\"2 minutes\" \/>\n<script type=\"application\/ld+json\" class=\"yoast-schema-graph\">{\"@context\":\"https:\\\/\\\/schema.org\",\"@graph\":[{\"@type\":\"WebPage\",\"@id\":\"https:\\\/\\\/www.verdieditions.com\\\/equilibre-de-vie\\\/produit\\\/meditation-action-chogyam-trungpa\\\/\",\"url\":\"https:\\\/\\\/www.verdieditions.com\\\/equilibre-de-vie\\\/produit\\\/meditation-action-chogyam-trungpa\\\/\",\"name\":\"M\u00e9ditation et action - Chogyam TRUNGPA - Equilibre de Vie\",\"isPartOf\":{\"@id\":\"https:\\\/\\\/www.verdieditions.com\\\/equilibre-de-vie\\\/#website\"},\"primaryImageOfPage\":{\"@id\":\"https:\\\/\\\/www.verdieditions.com\\\/equilibre-de-vie\\\/produit\\\/meditation-action-chogyam-trungpa\\\/#primaryimage\"},\"image\":{\"@id\":\"https:\\\/\\\/www.verdieditions.com\\\/equilibre-de-vie\\\/produit\\\/meditation-action-chogyam-trungpa\\\/#primaryimage\"},\"thumbnailUrl\":\"https:\\\/\\\/www.verdieditions.com\\\/equilibre-de-vie\\\/wp-content\\\/uploads\\\/2021\\\/09\\\/meditation-action-trungpa.jpg\",\"datePublished\":\"2021-09-02T08:03:36+00:00\",\"dateModified\":\"2024-08-21T16:16:21+00:00\",\"description\":\"Chogyam TRUNGPA - Titre : M\u00e9ditation et action, Causeries au Centre tib\u00e9tain Samy\u00ea-Ling \u00c9diteur : Fayard, 1973 Dim. 13,5 x 20,5 164 pages\",\"breadcrumb\":{\"@id\":\"https:\\\/\\\/www.verdieditions.com\\\/equilibre-de-vie\\\/produit\\\/meditation-action-chogyam-trungpa\\\/#breadcrumb\"},\"inLanguage\":\"fr-FR\",\"potentialAction\":[{\"@type\":\"ReadAction\",\"target\":[\"https:\\\/\\\/www.verdieditions.com\\\/equilibre-de-vie\\\/produit\\\/meditation-action-chogyam-trungpa\\\/\"]}]},{\"@type\":\"ImageObject\",\"inLanguage\":\"fr-FR\",\"@id\":\"https:\\\/\\\/www.verdieditions.com\\\/equilibre-de-vie\\\/produit\\\/meditation-action-chogyam-trungpa\\\/#primaryimage\",\"url\":\"https:\\\/\\\/www.verdieditions.com\\\/equilibre-de-vie\\\/wp-content\\\/uploads\\\/2021\\\/09\\\/meditation-action-trungpa.jpg\",\"contentUrl\":\"https:\\\/\\\/www.verdieditions.com\\\/equilibre-de-vie\\\/wp-content\\\/uploads\\\/2021\\\/09\\\/meditation-action-trungpa.jpg\",\"width\":800,\"height\":1256,\"caption\":\"meditation-action-trungpa\"},{\"@type\":\"BreadcrumbList\",\"@id\":\"https:\\\/\\\/www.verdieditions.com\\\/equilibre-de-vie\\\/produit\\\/meditation-action-chogyam-trungpa\\\/#breadcrumb\",\"itemListElement\":[{\"@type\":\"ListItem\",\"position\":1,\"name\":\"Accueil\",\"item\":\"https:\\\/\\\/www.verdieditions.com\\\/equilibre-de-vie\\\/\"},{\"@type\":\"ListItem\",\"position\":2,\"name\":\"La boutique\",\"item\":\"https:\\\/\\\/www.verdieditions.com\\\/equilibre-de-vie\\\/boutique\\\/\"},{\"@type\":\"ListItem\",\"position\":3,\"name\":\"M\u00e9ditation et action &#8211; Chogyam TRUNGPA\"}]},{\"@type\":\"WebSite\",\"@id\":\"https:\\\/\\\/www.verdieditions.com\\\/equilibre-de-vie\\\/#website\",\"url\":\"https:\\\/\\\/www.verdieditions.com\\\/equilibre-de-vie\\\/\",\"name\":\"Equilibre de Vie\",\"description\":\"Ma boutique livres sant\u00e9, \u00e9sot\u00e9risme et d\u00e9veloppement personnel\",\"publisher\":{\"@id\":\"https:\\\/\\\/www.verdieditions.com\\\/equilibre-de-vie\\\/#\\\/schema\\\/person\\\/9dcb2a6759f2f5fbf43ac0b44649cecb\"},\"potentialAction\":[{\"@type\":\"SearchAction\",\"target\":{\"@type\":\"EntryPoint\",\"urlTemplate\":\"https:\\\/\\\/www.verdieditions.com\\\/equilibre-de-vie\\\/?s={search_term_string}\"},\"query-input\":{\"@type\":\"PropertyValueSpecification\",\"valueRequired\":true,\"valueName\":\"search_term_string\"}}],\"inLanguage\":\"fr-FR\"},{\"@type\":[\"Person\",\"Organization\"],\"@id\":\"https:\\\/\\\/www.verdieditions.com\\\/equilibre-de-vie\\\/#\\\/schema\\\/person\\\/9dcb2a6759f2f5fbf43ac0b44649cecb\",\"name\":\"Sylvie VERDI\",\"image\":{\"@type\":\"ImageObject\",\"inLanguage\":\"fr-FR\",\"@id\":\"https:\\\/\\\/www.verdieditions.com\\\/equilibre-de-vie\\\/wp-content\\\/uploads\\\/2020\\\/04\\\/livres-occasion-sante-esoterisme-developpement-personnel-2.jpg\",\"url\":\"https:\\\/\\\/www.verdieditions.com\\\/equilibre-de-vie\\\/wp-content\\\/uploads\\\/2020\\\/04\\\/livres-occasion-sante-esoterisme-developpement-personnel-2.jpg\",\"contentUrl\":\"https:\\\/\\\/www.verdieditions.com\\\/equilibre-de-vie\\\/wp-content\\\/uploads\\\/2020\\\/04\\\/livres-occasion-sante-esoterisme-developpement-personnel-2.jpg\",\"width\":800,\"height\":572,\"caption\":\"Sylvie VERDI\"},\"logo\":{\"@id\":\"https:\\\/\\\/www.verdieditions.com\\\/equilibre-de-vie\\\/wp-content\\\/uploads\\\/2020\\\/04\\\/livres-occasion-sante-esoterisme-developpement-personnel-2.jpg\"},\"sameAs\":[\"https:\\\/\\\/www.verdieditions.com\\\/equilibre-de-vie\"]}]}<\/script>\n<!-- \/ Yoast SEO plugin. -->","yoast_head_json":{"title":"M\u00e9ditation et action - Chogyam TRUNGPA - Equilibre de Vie","description":"Chogyam TRUNGPA - Titre : M\u00e9ditation et action, Causeries au Centre tib\u00e9tain Samy\u00ea-Ling \u00c9diteur : Fayard, 1973 Dim. 13,5 x 20,5 164 pages","robots":{"index":"index","follow":"follow","max-snippet":"max-snippet:-1","max-image-preview":"max-image-preview:large","max-video-preview":"max-video-preview:-1"},"canonical":"https:\/\/www.verdieditions.com\/equilibre-de-vie\/produit\/meditation-action-chogyam-trungpa\/","og_locale":"fr_FR","og_type":"article","og_title":"M\u00e9ditation et action - Chogyam TRUNGPA - Equilibre de Vie","og_description":"Chogyam TRUNGPA - Titre : M\u00e9ditation et action, Causeries au Centre tib\u00e9tain Samy\u00ea-Ling \u00c9diteur : Fayard, 1973 Dim. 13,5 x 20,5 164 pages","og_url":"https:\/\/www.verdieditions.com\/equilibre-de-vie\/produit\/meditation-action-chogyam-trungpa\/","og_site_name":"Equilibre de Vie","article_modified_time":"2024-08-21T16:16:21+00:00","og_image":[{"width":800,"height":1256,"url":"https:\/\/www.verdieditions.com\/equilibre-de-vie\/wp-content\/uploads\/2021\/09\/meditation-action-trungpa.jpg","type":"image\/jpeg"}],"twitter_card":"summary_large_image","twitter_misc":{"Dur\u00e9e de lecture estim\u00e9e":"2 minutes"},"schema":{"@context":"https:\/\/schema.org","@graph":[{"@type":"WebPage","@id":"https:\/\/www.verdieditions.com\/equilibre-de-vie\/produit\/meditation-action-chogyam-trungpa\/","url":"https:\/\/www.verdieditions.com\/equilibre-de-vie\/produit\/meditation-action-chogyam-trungpa\/","name":"M\u00e9ditation et action - Chogyam TRUNGPA - Equilibre de Vie","isPartOf":{"@id":"https:\/\/www.verdieditions.com\/equilibre-de-vie\/#website"},"primaryImageOfPage":{"@id":"https:\/\/www.verdieditions.com\/equilibre-de-vie\/produit\/meditation-action-chogyam-trungpa\/#primaryimage"},"image":{"@id":"https:\/\/www.verdieditions.com\/equilibre-de-vie\/produit\/meditation-action-chogyam-trungpa\/#primaryimage"},"thumbnailUrl":"https:\/\/www.verdieditions.com\/equilibre-de-vie\/wp-content\/uploads\/2021\/09\/meditation-action-trungpa.jpg","datePublished":"2021-09-02T08:03:36+00:00","dateModified":"2024-08-21T16:16:21+00:00","description":"Chogyam TRUNGPA - Titre : M\u00e9ditation et action, Causeries au Centre tib\u00e9tain Samy\u00ea-Ling \u00c9diteur : Fayard, 1973 Dim. 13,5 x 20,5 164 pages","breadcrumb":{"@id":"https:\/\/www.verdieditions.com\/equilibre-de-vie\/produit\/meditation-action-chogyam-trungpa\/#breadcrumb"},"inLanguage":"fr-FR","potentialAction":[{"@type":"ReadAction","target":["https:\/\/www.verdieditions.com\/equilibre-de-vie\/produit\/meditation-action-chogyam-trungpa\/"]}]},{"@type":"ImageObject","inLanguage":"fr-FR","@id":"https:\/\/www.verdieditions.com\/equilibre-de-vie\/produit\/meditation-action-chogyam-trungpa\/#primaryimage","url":"https:\/\/www.verdieditions.com\/equilibre-de-vie\/wp-content\/uploads\/2021\/09\/meditation-action-trungpa.jpg","contentUrl":"https:\/\/www.verdieditions.com\/equilibre-de-vie\/wp-content\/uploads\/2021\/09\/meditation-action-trungpa.jpg","width":800,"height":1256,"caption":"meditation-action-trungpa"},{"@type":"BreadcrumbList","@id":"https:\/\/www.verdieditions.com\/equilibre-de-vie\/produit\/meditation-action-chogyam-trungpa\/#breadcrumb","itemListElement":[{"@type":"ListItem","position":1,"name":"Accueil","item":"https:\/\/www.verdieditions.com\/equilibre-de-vie\/"},{"@type":"ListItem","position":2,"name":"La boutique","item":"https:\/\/www.verdieditions.com\/equilibre-de-vie\/boutique\/"},{"@type":"ListItem","position":3,"name":"M\u00e9ditation et action &#8211; Chogyam TRUNGPA"}]},{"@type":"WebSite","@id":"https:\/\/www.verdieditions.com\/equilibre-de-vie\/#website","url":"https:\/\/www.verdieditions.com\/equilibre-de-vie\/","name":"Equilibre de Vie","description":"Ma boutique livres sant\u00e9, \u00e9sot\u00e9risme et d\u00e9veloppement personnel","publisher":{"@id":"https:\/\/www.verdieditions.com\/equilibre-de-vie\/#\/schema\/person\/9dcb2a6759f2f5fbf43ac0b44649cecb"},"potentialAction":[{"@type":"SearchAction","target":{"@type":"EntryPoint","urlTemplate":"https:\/\/www.verdieditions.com\/equilibre-de-vie\/?s={search_term_string}"},"query-input":{"@type":"PropertyValueSpecification","valueRequired":true,"valueName":"search_term_string"}}],"inLanguage":"fr-FR"},{"@type":["Person","Organization"],"@id":"https:\/\/www.verdieditions.com\/equilibre-de-vie\/#\/schema\/person\/9dcb2a6759f2f5fbf43ac0b44649cecb","name":"Sylvie VERDI","image":{"@type":"ImageObject","inLanguage":"fr-FR","@id":"https:\/\/www.verdieditions.com\/equilibre-de-vie\/wp-content\/uploads\/2020\/04\/livres-occasion-sante-esoterisme-developpement-personnel-2.jpg","url":"https:\/\/www.verdieditions.com\/equilibre-de-vie\/wp-content\/uploads\/2020\/04\/livres-occasion-sante-esoterisme-developpement-personnel-2.jpg","contentUrl":"https:\/\/www.verdieditions.com\/equilibre-de-vie\/wp-content\/uploads\/2020\/04\/livres-occasion-sante-esoterisme-developpement-personnel-2.jpg","width":800,"height":572,"caption":"Sylvie VERDI"},"logo":{"@id":"https:\/\/www.verdieditions.com\/equilibre-de-vie\/wp-content\/uploads\/2020\/04\/livres-occasion-sante-esoterisme-developpement-personnel-2.jpg"},"sameAs":["https:\/\/www.verdieditions.com\/equilibre-de-vie"]}]}},"_links":{"self":[{"href":"https:\/\/www.verdieditions.com\/equilibre-de-vie\/wp-json\/wp\/v2\/product\/1784","targetHints":{"allow":["GET"]}}],"collection":[{"href":"https:\/\/www.verdieditions.com\/equilibre-de-vie\/wp-json\/wp\/v2\/product"}],"about":[{"href":"https:\/\/www.verdieditions.com\/equilibre-de-vie\/wp-json\/wp\/v2\/types\/product"}],"wp:featuredmedia":[{"embeddable":true,"href":"https:\/\/www.verdieditions.com\/equilibre-de-vie\/wp-json\/wp\/v2\/media\/1786"}],"wp:attachment":[{"href":"https:\/\/www.verdieditions.com\/equilibre-de-vie\/wp-json\/wp\/v2\/media?parent=1784"}],"wp:term":[{"taxonomy":"product_brand","embeddable":true,"href":"https:\/\/www.verdieditions.com\/equilibre-de-vie\/wp-json\/wp\/v2\/product_brand?post=1784"},{"taxonomy":"product_cat","embeddable":true,"href":"https:\/\/www.verdieditions.com\/equilibre-de-vie\/wp-json\/wp\/v2\/product_cat?post=1784"},{"taxonomy":"product_tag","embeddable":true,"href":"https:\/\/www.verdieditions.com\/equilibre-de-vie\/wp-json\/wp\/v2\/product_tag?post=1784"}],"curies":[{"name":"wp","href":"https:\/\/api.w.org\/{rel}","templated":true}]}}