{"id":1734,"date":"2021-06-02T09:09:05","date_gmt":"2021-06-02T07:09:05","guid":{"rendered":"https:\/\/www.verdieditions.com\/equilibre-de-vie\/?post_type=product&#038;p=1734"},"modified":"2024-02-08T09:52:29","modified_gmt":"2024-02-08T08:52:29","slug":"songes-presages-dugaston","status":"publish","type":"product","link":"https:\/\/www.verdieditions.com\/equilibre-de-vie\/produit\/songes-presages-dugaston\/","title":{"rendered":"Les songes et les pr\u00e9sages &#8211; G. DUGASTON"},"content":{"rendered":"<p>Auteur : G. DUGASTON<br \/>\nTitre : Les songes et les pr\u00e9sages<br \/>\n\u00c9diteur : Albin Michel, 1979<br \/>\nDim. 11,5 x 17,5<br \/>\nFormat poche<br \/>\n200 pages <\/p>\n<p>Tout ce qui se rattache \u00e0 la science des songes est une chose s\u00e9rieuse qui a de tout temps occup\u00e9 les esprits \u00e9lev\u00e9s.<\/p>\n<p>Les Songes<br \/>\n&#8211; Des r\u00eaves, des songes, des cauchemars, des visions<br \/>\n&#8211; De la croyance \u00e0 la signification des songes et de leur interpr\u00e9tation<br \/>\n&#8211; Insuffisance des explications donn\u00e9es par la Science de la production des songes<br \/>\n&#8211; Comment se forment les r\u00eaves et les songes<br \/>\n&#8211; Le but des r\u00eaves et des songes<br \/>\n&#8211; Pour avoir des songes<br \/>\n&#8211; Exemples d&rsquo;interpr\u00e9tation des songes<br \/>\n&#8211; D\u00e9lais de r\u00e9alisation des songes<\/p>\n<p>Le Clef des Songes<br \/>\n&#8211; Num\u00e9ros gagnants aux loteries indiqu\u00e9s par les songes<br \/>\n&#8211; Influence de la lune sur les songes<br \/>\n&#8211; Quelques songes c\u00e9l\u00e8bres rapport\u00e9s par la Bible<\/p>\n<p>Les Pr\u00e9sages<br \/>\n&#8211; Pr\u00e9sages \u00e0 la maison<br \/>\n&#8211; Pr\u00e9sages au-dehors<br \/>\n&#8211; Pr\u00e9sages relatifs au mariage<br \/>\n&#8211; Pr\u00e9sages fournis par les animaux<br \/>\n&#8211; Pr\u00e9sages fournis par les plantes<br \/>\n&#8211; Pr\u00e9sages fournis par le temps<\/p>\n","protected":false},"excerpt":{"rendered":"<p>Auteur : G. DUGASTON<br \/>\nTitre : Les songes et les pr\u00e9sages<br \/>\n\u00c9diteur : Albin Michel, 1979<br \/>\nDim. 11,5 x 17,5<br \/>\nFormat poche<br \/>\n200 pages <\/p>\n","protected":false},"featured_media":1736,"template":"","meta":[],"product_brand":[],"product_cat":[23],"product_tag":[91,144],"class_list":{"0":"post-1734","1":"product","2":"type-product","3":"status-publish","4":"has-post-thumbnail","6":"product_cat-esoterisme","7":"product_tag-lune","8":"product_tag-reve","10":"first","11":"instock","12":"shipping-taxable","13":"product-type-simple"},"yoast_head":"<!-- This site is optimized with the Yoast SEO plugin v27.4 - https:\/\/yoast.com\/product\/yoast-seo-wordpress\/ -->\n<title>Les songes et les pr\u00e9sages - G. DUGASTON - Equilibre de Vie<\/title>\n<meta name=\"description\" content=\"Auteur : G. DUGASTON Titre : Les songes et les pr\u00e9sages \u00c9diteur : Albin Michel, 1979 Dim. 11,5 x 17,5 Format poche 200 pages\" \/>\n<meta name=\"robots\" content=\"index, follow, max-snippet:-1, max-image-preview:large, max-video-preview:-1\" \/>\n<link rel=\"canonical\" href=\"https:\/\/www.verdieditions.com\/equilibre-de-vie\/produit\/songes-presages-dugaston\/\" \/>\n<meta property=\"og:locale\" content=\"fr_FR\" \/>\n<meta property=\"og:type\" content=\"article\" \/>\n<meta property=\"og:title\" content=\"Les songes et les pr\u00e9sages - G. DUGASTON - Equilibre de Vie\" \/>\n<meta property=\"og:description\" content=\"Auteur : G. DUGASTON Titre : Les songes et les pr\u00e9sages \u00c9diteur : Albin Michel, 1979 Dim. 11,5 x 17,5 Format poche 200 pages\" \/>\n<meta property=\"og:url\" content=\"https:\/\/www.verdieditions.com\/equilibre-de-vie\/produit\/songes-presages-dugaston\/\" \/>\n<meta property=\"og:site_name\" content=\"Equilibre de Vie\" \/>\n<meta property=\"article:modified_time\" content=\"2024-02-08T08:52:29+00:00\" \/>\n<meta property=\"og:image\" content=\"https:\/\/www.verdieditions.com\/equilibre-de-vie\/wp-content\/uploads\/2021\/06\/songes-presages-dugaston.jpg\" \/>\n\t<meta property=\"og:image:width\" content=\"800\" \/>\n\t<meta property=\"og:image:height\" content=\"1213\" \/>\n\t<meta property=\"og:image:type\" content=\"image\/jpeg\" \/>\n<meta name=\"twitter:card\" content=\"summary_large_image\" \/>\n<meta name=\"twitter:label1\" content=\"Dur\u00e9e de lecture estim\u00e9e\" \/>\n\t<meta name=\"twitter:data1\" content=\"1 minute\" \/>\n<script type=\"application\/ld+json\" class=\"yoast-schema-graph\">{\"@context\":\"https:\\\/\\\/schema.org\",\"@graph\":[{\"@type\":\"WebPage\",\"@id\":\"https:\\\/\\\/www.verdieditions.com\\\/equilibre-de-vie\\\/produit\\\/songes-presages-dugaston\\\/\",\"url\":\"https:\\\/\\\/www.verdieditions.com\\\/equilibre-de-vie\\\/produit\\\/songes-presages-dugaston\\\/\",\"name\":\"Les songes et les pr\u00e9sages - G. DUGASTON - Equilibre de Vie\",\"isPartOf\":{\"@id\":\"https:\\\/\\\/www.verdieditions.com\\\/equilibre-de-vie\\\/#website\"},\"primaryImageOfPage\":{\"@id\":\"https:\\\/\\\/www.verdieditions.com\\\/equilibre-de-vie\\\/produit\\\/songes-presages-dugaston\\\/#primaryimage\"},\"image\":{\"@id\":\"https:\\\/\\\/www.verdieditions.com\\\/equilibre-de-vie\\\/produit\\\/songes-presages-dugaston\\\/#primaryimage\"},\"thumbnailUrl\":\"https:\\\/\\\/www.verdieditions.com\\\/equilibre-de-vie\\\/wp-content\\\/uploads\\\/2021\\\/06\\\/songes-presages-dugaston.jpg\",\"datePublished\":\"2021-06-02T07:09:05+00:00\",\"dateModified\":\"2024-02-08T08:52:29+00:00\",\"description\":\"Auteur : G. DUGASTON Titre : Les songes et les pr\u00e9sages \u00c9diteur : Albin Michel, 1979 Dim. 11,5 x 17,5 Format poche 200 pages\",\"breadcrumb\":{\"@id\":\"https:\\\/\\\/www.verdieditions.com\\\/equilibre-de-vie\\\/produit\\\/songes-presages-dugaston\\\/#breadcrumb\"},\"inLanguage\":\"fr-FR\",\"potentialAction\":[{\"@type\":\"ReadAction\",\"target\":[\"https:\\\/\\\/www.verdieditions.com\\\/equilibre-de-vie\\\/produit\\\/songes-presages-dugaston\\\/\"]}]},{\"@type\":\"ImageObject\",\"inLanguage\":\"fr-FR\",\"@id\":\"https:\\\/\\\/www.verdieditions.com\\\/equilibre-de-vie\\\/produit\\\/songes-presages-dugaston\\\/#primaryimage\",\"url\":\"https:\\\/\\\/www.verdieditions.com\\\/equilibre-de-vie\\\/wp-content\\\/uploads\\\/2021\\\/06\\\/songes-presages-dugaston.jpg\",\"contentUrl\":\"https:\\\/\\\/www.verdieditions.com\\\/equilibre-de-vie\\\/wp-content\\\/uploads\\\/2021\\\/06\\\/songes-presages-dugaston.jpg\",\"width\":800,\"height\":1213,\"caption\":\"songes-presages-dugaston\"},{\"@type\":\"BreadcrumbList\",\"@id\":\"https:\\\/\\\/www.verdieditions.com\\\/equilibre-de-vie\\\/produit\\\/songes-presages-dugaston\\\/#breadcrumb\",\"itemListElement\":[{\"@type\":\"ListItem\",\"position\":1,\"name\":\"Accueil\",\"item\":\"https:\\\/\\\/www.verdieditions.com\\\/equilibre-de-vie\\\/\"},{\"@type\":\"ListItem\",\"position\":2,\"name\":\"La boutique\",\"item\":\"https:\\\/\\\/www.verdieditions.com\\\/equilibre-de-vie\\\/boutique\\\/\"},{\"@type\":\"ListItem\",\"position\":3,\"name\":\"Les songes et les pr\u00e9sages &#8211; G. DUGASTON\"}]},{\"@type\":\"WebSite\",\"@id\":\"https:\\\/\\\/www.verdieditions.com\\\/equilibre-de-vie\\\/#website\",\"url\":\"https:\\\/\\\/www.verdieditions.com\\\/equilibre-de-vie\\\/\",\"name\":\"Equilibre de Vie\",\"description\":\"Ma boutique livres sant\u00e9, \u00e9sot\u00e9risme et d\u00e9veloppement personnel\",\"publisher\":{\"@id\":\"https:\\\/\\\/www.verdieditions.com\\\/equilibre-de-vie\\\/#\\\/schema\\\/person\\\/9dcb2a6759f2f5fbf43ac0b44649cecb\"},\"potentialAction\":[{\"@type\":\"SearchAction\",\"target\":{\"@type\":\"EntryPoint\",\"urlTemplate\":\"https:\\\/\\\/www.verdieditions.com\\\/equilibre-de-vie\\\/?s={search_term_string}\"},\"query-input\":{\"@type\":\"PropertyValueSpecification\",\"valueRequired\":true,\"valueName\":\"search_term_string\"}}],\"inLanguage\":\"fr-FR\"},{\"@type\":[\"Person\",\"Organization\"],\"@id\":\"https:\\\/\\\/www.verdieditions.com\\\/equilibre-de-vie\\\/#\\\/schema\\\/person\\\/9dcb2a6759f2f5fbf43ac0b44649cecb\",\"name\":\"Sylvie VERDI\",\"image\":{\"@type\":\"ImageObject\",\"inLanguage\":\"fr-FR\",\"@id\":\"https:\\\/\\\/www.verdieditions.com\\\/equilibre-de-vie\\\/wp-content\\\/uploads\\\/2020\\\/04\\\/livres-occasion-sante-esoterisme-developpement-personnel-2.jpg\",\"url\":\"https:\\\/\\\/www.verdieditions.com\\\/equilibre-de-vie\\\/wp-content\\\/uploads\\\/2020\\\/04\\\/livres-occasion-sante-esoterisme-developpement-personnel-2.jpg\",\"contentUrl\":\"https:\\\/\\\/www.verdieditions.com\\\/equilibre-de-vie\\\/wp-content\\\/uploads\\\/2020\\\/04\\\/livres-occasion-sante-esoterisme-developpement-personnel-2.jpg\",\"width\":800,\"height\":572,\"caption\":\"Sylvie VERDI\"},\"logo\":{\"@id\":\"https:\\\/\\\/www.verdieditions.com\\\/equilibre-de-vie\\\/wp-content\\\/uploads\\\/2020\\\/04\\\/livres-occasion-sante-esoterisme-developpement-personnel-2.jpg\"},\"sameAs\":[\"https:\\\/\\\/www.verdieditions.com\\\/equilibre-de-vie\"]}]}<\/script>\n<!-- \/ Yoast SEO plugin. -->","yoast_head_json":{"title":"Les songes et les pr\u00e9sages - G. DUGASTON - Equilibre de Vie","description":"Auteur : G. DUGASTON Titre : Les songes et les pr\u00e9sages \u00c9diteur : Albin Michel, 1979 Dim. 11,5 x 17,5 Format poche 200 pages","robots":{"index":"index","follow":"follow","max-snippet":"max-snippet:-1","max-image-preview":"max-image-preview:large","max-video-preview":"max-video-preview:-1"},"canonical":"https:\/\/www.verdieditions.com\/equilibre-de-vie\/produit\/songes-presages-dugaston\/","og_locale":"fr_FR","og_type":"article","og_title":"Les songes et les pr\u00e9sages - G. DUGASTON - Equilibre de Vie","og_description":"Auteur : G. DUGASTON Titre : Les songes et les pr\u00e9sages \u00c9diteur : Albin Michel, 1979 Dim. 11,5 x 17,5 Format poche 200 pages","og_url":"https:\/\/www.verdieditions.com\/equilibre-de-vie\/produit\/songes-presages-dugaston\/","og_site_name":"Equilibre de Vie","article_modified_time":"2024-02-08T08:52:29+00:00","og_image":[{"width":800,"height":1213,"url":"https:\/\/www.verdieditions.com\/equilibre-de-vie\/wp-content\/uploads\/2021\/06\/songes-presages-dugaston.jpg","type":"image\/jpeg"}],"twitter_card":"summary_large_image","twitter_misc":{"Dur\u00e9e de lecture estim\u00e9e":"1 minute"},"schema":{"@context":"https:\/\/schema.org","@graph":[{"@type":"WebPage","@id":"https:\/\/www.verdieditions.com\/equilibre-de-vie\/produit\/songes-presages-dugaston\/","url":"https:\/\/www.verdieditions.com\/equilibre-de-vie\/produit\/songes-presages-dugaston\/","name":"Les songes et les pr\u00e9sages - G. DUGASTON - Equilibre de Vie","isPartOf":{"@id":"https:\/\/www.verdieditions.com\/equilibre-de-vie\/#website"},"primaryImageOfPage":{"@id":"https:\/\/www.verdieditions.com\/equilibre-de-vie\/produit\/songes-presages-dugaston\/#primaryimage"},"image":{"@id":"https:\/\/www.verdieditions.com\/equilibre-de-vie\/produit\/songes-presages-dugaston\/#primaryimage"},"thumbnailUrl":"https:\/\/www.verdieditions.com\/equilibre-de-vie\/wp-content\/uploads\/2021\/06\/songes-presages-dugaston.jpg","datePublished":"2021-06-02T07:09:05+00:00","dateModified":"2024-02-08T08:52:29+00:00","description":"Auteur : G. DUGASTON Titre : Les songes et les pr\u00e9sages \u00c9diteur : Albin Michel, 1979 Dim. 11,5 x 17,5 Format poche 200 pages","breadcrumb":{"@id":"https:\/\/www.verdieditions.com\/equilibre-de-vie\/produit\/songes-presages-dugaston\/#breadcrumb"},"inLanguage":"fr-FR","potentialAction":[{"@type":"ReadAction","target":["https:\/\/www.verdieditions.com\/equilibre-de-vie\/produit\/songes-presages-dugaston\/"]}]},{"@type":"ImageObject","inLanguage":"fr-FR","@id":"https:\/\/www.verdieditions.com\/equilibre-de-vie\/produit\/songes-presages-dugaston\/#primaryimage","url":"https:\/\/www.verdieditions.com\/equilibre-de-vie\/wp-content\/uploads\/2021\/06\/songes-presages-dugaston.jpg","contentUrl":"https:\/\/www.verdieditions.com\/equilibre-de-vie\/wp-content\/uploads\/2021\/06\/songes-presages-dugaston.jpg","width":800,"height":1213,"caption":"songes-presages-dugaston"},{"@type":"BreadcrumbList","@id":"https:\/\/www.verdieditions.com\/equilibre-de-vie\/produit\/songes-presages-dugaston\/#breadcrumb","itemListElement":[{"@type":"ListItem","position":1,"name":"Accueil","item":"https:\/\/www.verdieditions.com\/equilibre-de-vie\/"},{"@type":"ListItem","position":2,"name":"La boutique","item":"https:\/\/www.verdieditions.com\/equilibre-de-vie\/boutique\/"},{"@type":"ListItem","position":3,"name":"Les songes et les pr\u00e9sages &#8211; G. DUGASTON"}]},{"@type":"WebSite","@id":"https:\/\/www.verdieditions.com\/equilibre-de-vie\/#website","url":"https:\/\/www.verdieditions.com\/equilibre-de-vie\/","name":"Equilibre de Vie","description":"Ma boutique livres sant\u00e9, \u00e9sot\u00e9risme et d\u00e9veloppement personnel","publisher":{"@id":"https:\/\/www.verdieditions.com\/equilibre-de-vie\/#\/schema\/person\/9dcb2a6759f2f5fbf43ac0b44649cecb"},"potentialAction":[{"@type":"SearchAction","target":{"@type":"EntryPoint","urlTemplate":"https:\/\/www.verdieditions.com\/equilibre-de-vie\/?s={search_term_string}"},"query-input":{"@type":"PropertyValueSpecification","valueRequired":true,"valueName":"search_term_string"}}],"inLanguage":"fr-FR"},{"@type":["Person","Organization"],"@id":"https:\/\/www.verdieditions.com\/equilibre-de-vie\/#\/schema\/person\/9dcb2a6759f2f5fbf43ac0b44649cecb","name":"Sylvie VERDI","image":{"@type":"ImageObject","inLanguage":"fr-FR","@id":"https:\/\/www.verdieditions.com\/equilibre-de-vie\/wp-content\/uploads\/2020\/04\/livres-occasion-sante-esoterisme-developpement-personnel-2.jpg","url":"https:\/\/www.verdieditions.com\/equilibre-de-vie\/wp-content\/uploads\/2020\/04\/livres-occasion-sante-esoterisme-developpement-personnel-2.jpg","contentUrl":"https:\/\/www.verdieditions.com\/equilibre-de-vie\/wp-content\/uploads\/2020\/04\/livres-occasion-sante-esoterisme-developpement-personnel-2.jpg","width":800,"height":572,"caption":"Sylvie VERDI"},"logo":{"@id":"https:\/\/www.verdieditions.com\/equilibre-de-vie\/wp-content\/uploads\/2020\/04\/livres-occasion-sante-esoterisme-developpement-personnel-2.jpg"},"sameAs":["https:\/\/www.verdieditions.com\/equilibre-de-vie"]}]}},"_links":{"self":[{"href":"https:\/\/www.verdieditions.com\/equilibre-de-vie\/wp-json\/wp\/v2\/product\/1734","targetHints":{"allow":["GET"]}}],"collection":[{"href":"https:\/\/www.verdieditions.com\/equilibre-de-vie\/wp-json\/wp\/v2\/product"}],"about":[{"href":"https:\/\/www.verdieditions.com\/equilibre-de-vie\/wp-json\/wp\/v2\/types\/product"}],"wp:featuredmedia":[{"embeddable":true,"href":"https:\/\/www.verdieditions.com\/equilibre-de-vie\/wp-json\/wp\/v2\/media\/1736"}],"wp:attachment":[{"href":"https:\/\/www.verdieditions.com\/equilibre-de-vie\/wp-json\/wp\/v2\/media?parent=1734"}],"wp:term":[{"taxonomy":"product_brand","embeddable":true,"href":"https:\/\/www.verdieditions.com\/equilibre-de-vie\/wp-json\/wp\/v2\/product_brand?post=1734"},{"taxonomy":"product_cat","embeddable":true,"href":"https:\/\/www.verdieditions.com\/equilibre-de-vie\/wp-json\/wp\/v2\/product_cat?post=1734"},{"taxonomy":"product_tag","embeddable":true,"href":"https:\/\/www.verdieditions.com\/equilibre-de-vie\/wp-json\/wp\/v2\/product_tag?post=1734"}],"curies":[{"name":"wp","href":"https:\/\/api.w.org\/{rel}","templated":true}]}}