{"id":1728,"date":"2021-06-02T08:56:04","date_gmt":"2021-06-02T06:56:04","guid":{"rendered":"https:\/\/www.verdieditions.com\/equilibre-de-vie\/?post_type=product&#038;p=1728"},"modified":"2024-02-06T14:01:04","modified_gmt":"2024-02-06T13:01:04","slug":"raoult-arretons-avoir-peur","status":"publish","type":"product","link":"https:\/\/www.verdieditions.com\/equilibre-de-vie\/produit\/raoult-arretons-avoir-peur\/","title":{"rendered":"Arr\u00eatons d&rsquo;avoir peur &#8211; Pr Didier RAOULT"},"content":{"rendered":"<p>Auteur : Pr Didier RAOULT<br \/>\nTitre : Arr\u00eatons d&rsquo;avoir peur<br \/>\n\u00c9diteur : Michel Lafon, 2016<br \/>\nDim. 15,5 x 23,5<br \/>\n348 pages <\/p>\n<p>Mondialisation, flux de migrations, fin de l&rsquo;h\u00e9g\u00e9monie de la pens\u00e9e occidentale, r\u00e9chauffement climatique, faune et flore en p\u00e9ril, \u00e9pid\u00e9mies venues d&rsquo;ailleurs : quelle aubaine pour les proph\u00e8tes de malheur qui affolent les populations !<br \/>\nDidier Raoult pose sur tous ces changements un regard scientifique, s&rsquo;appuyant sur les exemples du pass\u00e9 et les d\u00e9couvertes r\u00e9centes pour balayer les id\u00e9es re\u00e7ues g\u00e9n\u00e9ratrices d&rsquo;angoisse, d&rsquo;aversion et parfois de haine. Ainsi les races n&rsquo;existent pas, la s\u00e9lection des meilleurs ch\u00e8re \u00e0 Darwin a toujours \u00e9t\u00e9 un leurre aussi dangereux qu&rsquo;\u00e9ph\u00e9m\u00e8re, des destructions massives de plantes et d&rsquo;animaux ont d\u00e9j\u00e0 eu lieu&#8230; suivies de renaissances inattendues. Il faut faire confiance \u00e0 la cr\u00e9ativit\u00e9 du vivant, et \u00e0 l&rsquo;Homme en particulier, cette v\u00e9ritable chim\u00e8re faite de cellules humaines, certes, mais aussi de microbes, virus et autres micro-organismes dont la connaissance de plus en plus affin\u00e9e va bient\u00f4t permettre de gu\u00e9rir de nombreuses maladies, dont le cancer et le sida.<br \/>\nQuant \u00e0 la Terre, que nous devons bien s\u00fbr pr\u00e9server, ses mutations ne d\u00e9pendent pas seulement de nous et nul ne peut pr\u00e9dire son avenir. Occupons-nous plut\u00f4t de g\u00e9rer raisonnablement le pr\u00e9sent, nous avons les moyens de le faire.<\/p>\n","protected":false},"excerpt":{"rendered":"<p>Auteur : Pr Didier RAOULT<br \/>\nTitre : Arr\u00eatons d&rsquo;avoir peur<br \/>\n\u00c9diteur : Michel Lafon, 2016<br \/>\nDim. 15,5 x 23,5<br \/>\n348 pages <\/p>\n","protected":false},"featured_media":1730,"template":"","meta":[],"product_brand":[],"product_cat":[21],"product_tag":[147,269],"class_list":{"0":"post-1728","1":"product","2":"type-product","3":"status-publish","4":"has-post-thumbnail","6":"product_cat-sante","7":"product_tag-science","8":"product_tag-virus","10":"first","11":"instock","12":"shipping-taxable","13":"product-type-simple"},"yoast_head":"<!-- This site is optimized with the Yoast SEO plugin v27.4 - https:\/\/yoast.com\/product\/yoast-seo-wordpress\/ -->\n<title>Arr\u00eatons d&#039;avoir peur - Pr Didier RAOULT - Equilibre de Vie<\/title>\n<meta name=\"description\" content=\"Auteur : Pr Didier RAOULT Titre : Arr\u00eatons d&#039;avoir peur \u00c9diteur : Michel Lafon, 2016 Dim. 15,5 x 23,5 348 pages\" \/>\n<meta name=\"robots\" content=\"index, follow, max-snippet:-1, max-image-preview:large, max-video-preview:-1\" \/>\n<link rel=\"canonical\" href=\"https:\/\/www.verdieditions.com\/equilibre-de-vie\/produit\/raoult-arretons-avoir-peur\/\" \/>\n<meta property=\"og:locale\" content=\"fr_FR\" \/>\n<meta property=\"og:type\" content=\"article\" \/>\n<meta property=\"og:title\" content=\"Arr\u00eatons d&#039;avoir peur - Pr Didier RAOULT - Equilibre de Vie\" \/>\n<meta property=\"og:description\" content=\"Auteur : Pr Didier RAOULT Titre : Arr\u00eatons d&#039;avoir peur \u00c9diteur : Michel Lafon, 2016 Dim. 15,5 x 23,5 348 pages\" \/>\n<meta property=\"og:url\" content=\"https:\/\/www.verdieditions.com\/equilibre-de-vie\/produit\/raoult-arretons-avoir-peur\/\" \/>\n<meta property=\"og:site_name\" content=\"Equilibre de Vie\" \/>\n<meta property=\"article:modified_time\" content=\"2024-02-06T13:01:04+00:00\" \/>\n<meta property=\"og:image\" content=\"https:\/\/www.verdieditions.com\/equilibre-de-vie\/wp-content\/uploads\/2021\/06\/raoult-arretons-avoir-peur.jpg\" \/>\n\t<meta property=\"og:image:width\" content=\"800\" \/>\n\t<meta property=\"og:image:height\" content=\"1224\" \/>\n\t<meta property=\"og:image:type\" content=\"image\/jpeg\" \/>\n<meta name=\"twitter:card\" content=\"summary_large_image\" \/>\n<meta name=\"twitter:label1\" content=\"Dur\u00e9e de lecture estim\u00e9e\" \/>\n\t<meta name=\"twitter:data1\" content=\"1 minute\" \/>\n<script type=\"application\/ld+json\" class=\"yoast-schema-graph\">{\"@context\":\"https:\\\/\\\/schema.org\",\"@graph\":[{\"@type\":\"WebPage\",\"@id\":\"https:\\\/\\\/www.verdieditions.com\\\/equilibre-de-vie\\\/produit\\\/raoult-arretons-avoir-peur\\\/\",\"url\":\"https:\\\/\\\/www.verdieditions.com\\\/equilibre-de-vie\\\/produit\\\/raoult-arretons-avoir-peur\\\/\",\"name\":\"Arr\u00eatons d'avoir peur - Pr Didier RAOULT - Equilibre de Vie\",\"isPartOf\":{\"@id\":\"https:\\\/\\\/www.verdieditions.com\\\/equilibre-de-vie\\\/#website\"},\"primaryImageOfPage\":{\"@id\":\"https:\\\/\\\/www.verdieditions.com\\\/equilibre-de-vie\\\/produit\\\/raoult-arretons-avoir-peur\\\/#primaryimage\"},\"image\":{\"@id\":\"https:\\\/\\\/www.verdieditions.com\\\/equilibre-de-vie\\\/produit\\\/raoult-arretons-avoir-peur\\\/#primaryimage\"},\"thumbnailUrl\":\"https:\\\/\\\/www.verdieditions.com\\\/equilibre-de-vie\\\/wp-content\\\/uploads\\\/2021\\\/06\\\/raoult-arretons-avoir-peur.jpg\",\"datePublished\":\"2021-06-02T06:56:04+00:00\",\"dateModified\":\"2024-02-06T13:01:04+00:00\",\"description\":\"Auteur : Pr Didier RAOULT Titre : Arr\u00eatons d'avoir peur \u00c9diteur : Michel Lafon, 2016 Dim. 15,5 x 23,5 348 pages\",\"breadcrumb\":{\"@id\":\"https:\\\/\\\/www.verdieditions.com\\\/equilibre-de-vie\\\/produit\\\/raoult-arretons-avoir-peur\\\/#breadcrumb\"},\"inLanguage\":\"fr-FR\",\"potentialAction\":[{\"@type\":\"ReadAction\",\"target\":[\"https:\\\/\\\/www.verdieditions.com\\\/equilibre-de-vie\\\/produit\\\/raoult-arretons-avoir-peur\\\/\"]}]},{\"@type\":\"ImageObject\",\"inLanguage\":\"fr-FR\",\"@id\":\"https:\\\/\\\/www.verdieditions.com\\\/equilibre-de-vie\\\/produit\\\/raoult-arretons-avoir-peur\\\/#primaryimage\",\"url\":\"https:\\\/\\\/www.verdieditions.com\\\/equilibre-de-vie\\\/wp-content\\\/uploads\\\/2021\\\/06\\\/raoult-arretons-avoir-peur.jpg\",\"contentUrl\":\"https:\\\/\\\/www.verdieditions.com\\\/equilibre-de-vie\\\/wp-content\\\/uploads\\\/2021\\\/06\\\/raoult-arretons-avoir-peur.jpg\",\"width\":800,\"height\":1224,\"caption\":\"raoult-arretons-avoir-peur\"},{\"@type\":\"BreadcrumbList\",\"@id\":\"https:\\\/\\\/www.verdieditions.com\\\/equilibre-de-vie\\\/produit\\\/raoult-arretons-avoir-peur\\\/#breadcrumb\",\"itemListElement\":[{\"@type\":\"ListItem\",\"position\":1,\"name\":\"Accueil\",\"item\":\"https:\\\/\\\/www.verdieditions.com\\\/equilibre-de-vie\\\/\"},{\"@type\":\"ListItem\",\"position\":2,\"name\":\"La boutique\",\"item\":\"https:\\\/\\\/www.verdieditions.com\\\/equilibre-de-vie\\\/boutique\\\/\"},{\"@type\":\"ListItem\",\"position\":3,\"name\":\"Arr\u00eatons d&#8217;avoir peur &#8211; Pr Didier RAOULT\"}]},{\"@type\":\"WebSite\",\"@id\":\"https:\\\/\\\/www.verdieditions.com\\\/equilibre-de-vie\\\/#website\",\"url\":\"https:\\\/\\\/www.verdieditions.com\\\/equilibre-de-vie\\\/\",\"name\":\"Equilibre de Vie\",\"description\":\"Ma boutique livres sant\u00e9, \u00e9sot\u00e9risme et d\u00e9veloppement personnel\",\"publisher\":{\"@id\":\"https:\\\/\\\/www.verdieditions.com\\\/equilibre-de-vie\\\/#\\\/schema\\\/person\\\/9dcb2a6759f2f5fbf43ac0b44649cecb\"},\"potentialAction\":[{\"@type\":\"SearchAction\",\"target\":{\"@type\":\"EntryPoint\",\"urlTemplate\":\"https:\\\/\\\/www.verdieditions.com\\\/equilibre-de-vie\\\/?s={search_term_string}\"},\"query-input\":{\"@type\":\"PropertyValueSpecification\",\"valueRequired\":true,\"valueName\":\"search_term_string\"}}],\"inLanguage\":\"fr-FR\"},{\"@type\":[\"Person\",\"Organization\"],\"@id\":\"https:\\\/\\\/www.verdieditions.com\\\/equilibre-de-vie\\\/#\\\/schema\\\/person\\\/9dcb2a6759f2f5fbf43ac0b44649cecb\",\"name\":\"Sylvie VERDI\",\"image\":{\"@type\":\"ImageObject\",\"inLanguage\":\"fr-FR\",\"@id\":\"https:\\\/\\\/www.verdieditions.com\\\/equilibre-de-vie\\\/wp-content\\\/uploads\\\/2020\\\/04\\\/livres-occasion-sante-esoterisme-developpement-personnel-2.jpg\",\"url\":\"https:\\\/\\\/www.verdieditions.com\\\/equilibre-de-vie\\\/wp-content\\\/uploads\\\/2020\\\/04\\\/livres-occasion-sante-esoterisme-developpement-personnel-2.jpg\",\"contentUrl\":\"https:\\\/\\\/www.verdieditions.com\\\/equilibre-de-vie\\\/wp-content\\\/uploads\\\/2020\\\/04\\\/livres-occasion-sante-esoterisme-developpement-personnel-2.jpg\",\"width\":800,\"height\":572,\"caption\":\"Sylvie VERDI\"},\"logo\":{\"@id\":\"https:\\\/\\\/www.verdieditions.com\\\/equilibre-de-vie\\\/wp-content\\\/uploads\\\/2020\\\/04\\\/livres-occasion-sante-esoterisme-developpement-personnel-2.jpg\"},\"sameAs\":[\"https:\\\/\\\/www.verdieditions.com\\\/equilibre-de-vie\"]}]}<\/script>\n<!-- \/ Yoast SEO plugin. -->","yoast_head_json":{"title":"Arr\u00eatons d'avoir peur - Pr Didier RAOULT - Equilibre de Vie","description":"Auteur : Pr Didier RAOULT Titre : Arr\u00eatons d'avoir peur \u00c9diteur : Michel Lafon, 2016 Dim. 15,5 x 23,5 348 pages","robots":{"index":"index","follow":"follow","max-snippet":"max-snippet:-1","max-image-preview":"max-image-preview:large","max-video-preview":"max-video-preview:-1"},"canonical":"https:\/\/www.verdieditions.com\/equilibre-de-vie\/produit\/raoult-arretons-avoir-peur\/","og_locale":"fr_FR","og_type":"article","og_title":"Arr\u00eatons d'avoir peur - Pr Didier RAOULT - Equilibre de Vie","og_description":"Auteur : Pr Didier RAOULT Titre : Arr\u00eatons d'avoir peur \u00c9diteur : Michel Lafon, 2016 Dim. 15,5 x 23,5 348 pages","og_url":"https:\/\/www.verdieditions.com\/equilibre-de-vie\/produit\/raoult-arretons-avoir-peur\/","og_site_name":"Equilibre de Vie","article_modified_time":"2024-02-06T13:01:04+00:00","og_image":[{"width":800,"height":1224,"url":"https:\/\/www.verdieditions.com\/equilibre-de-vie\/wp-content\/uploads\/2021\/06\/raoult-arretons-avoir-peur.jpg","type":"image\/jpeg"}],"twitter_card":"summary_large_image","twitter_misc":{"Dur\u00e9e de lecture estim\u00e9e":"1 minute"},"schema":{"@context":"https:\/\/schema.org","@graph":[{"@type":"WebPage","@id":"https:\/\/www.verdieditions.com\/equilibre-de-vie\/produit\/raoult-arretons-avoir-peur\/","url":"https:\/\/www.verdieditions.com\/equilibre-de-vie\/produit\/raoult-arretons-avoir-peur\/","name":"Arr\u00eatons d'avoir peur - Pr Didier RAOULT - Equilibre de Vie","isPartOf":{"@id":"https:\/\/www.verdieditions.com\/equilibre-de-vie\/#website"},"primaryImageOfPage":{"@id":"https:\/\/www.verdieditions.com\/equilibre-de-vie\/produit\/raoult-arretons-avoir-peur\/#primaryimage"},"image":{"@id":"https:\/\/www.verdieditions.com\/equilibre-de-vie\/produit\/raoult-arretons-avoir-peur\/#primaryimage"},"thumbnailUrl":"https:\/\/www.verdieditions.com\/equilibre-de-vie\/wp-content\/uploads\/2021\/06\/raoult-arretons-avoir-peur.jpg","datePublished":"2021-06-02T06:56:04+00:00","dateModified":"2024-02-06T13:01:04+00:00","description":"Auteur : Pr Didier RAOULT Titre : Arr\u00eatons d'avoir peur \u00c9diteur : Michel Lafon, 2016 Dim. 15,5 x 23,5 348 pages","breadcrumb":{"@id":"https:\/\/www.verdieditions.com\/equilibre-de-vie\/produit\/raoult-arretons-avoir-peur\/#breadcrumb"},"inLanguage":"fr-FR","potentialAction":[{"@type":"ReadAction","target":["https:\/\/www.verdieditions.com\/equilibre-de-vie\/produit\/raoult-arretons-avoir-peur\/"]}]},{"@type":"ImageObject","inLanguage":"fr-FR","@id":"https:\/\/www.verdieditions.com\/equilibre-de-vie\/produit\/raoult-arretons-avoir-peur\/#primaryimage","url":"https:\/\/www.verdieditions.com\/equilibre-de-vie\/wp-content\/uploads\/2021\/06\/raoult-arretons-avoir-peur.jpg","contentUrl":"https:\/\/www.verdieditions.com\/equilibre-de-vie\/wp-content\/uploads\/2021\/06\/raoult-arretons-avoir-peur.jpg","width":800,"height":1224,"caption":"raoult-arretons-avoir-peur"},{"@type":"BreadcrumbList","@id":"https:\/\/www.verdieditions.com\/equilibre-de-vie\/produit\/raoult-arretons-avoir-peur\/#breadcrumb","itemListElement":[{"@type":"ListItem","position":1,"name":"Accueil","item":"https:\/\/www.verdieditions.com\/equilibre-de-vie\/"},{"@type":"ListItem","position":2,"name":"La boutique","item":"https:\/\/www.verdieditions.com\/equilibre-de-vie\/boutique\/"},{"@type":"ListItem","position":3,"name":"Arr\u00eatons d&#8217;avoir peur &#8211; Pr Didier RAOULT"}]},{"@type":"WebSite","@id":"https:\/\/www.verdieditions.com\/equilibre-de-vie\/#website","url":"https:\/\/www.verdieditions.com\/equilibre-de-vie\/","name":"Equilibre de Vie","description":"Ma boutique livres sant\u00e9, \u00e9sot\u00e9risme et d\u00e9veloppement personnel","publisher":{"@id":"https:\/\/www.verdieditions.com\/equilibre-de-vie\/#\/schema\/person\/9dcb2a6759f2f5fbf43ac0b44649cecb"},"potentialAction":[{"@type":"SearchAction","target":{"@type":"EntryPoint","urlTemplate":"https:\/\/www.verdieditions.com\/equilibre-de-vie\/?s={search_term_string}"},"query-input":{"@type":"PropertyValueSpecification","valueRequired":true,"valueName":"search_term_string"}}],"inLanguage":"fr-FR"},{"@type":["Person","Organization"],"@id":"https:\/\/www.verdieditions.com\/equilibre-de-vie\/#\/schema\/person\/9dcb2a6759f2f5fbf43ac0b44649cecb","name":"Sylvie VERDI","image":{"@type":"ImageObject","inLanguage":"fr-FR","@id":"https:\/\/www.verdieditions.com\/equilibre-de-vie\/wp-content\/uploads\/2020\/04\/livres-occasion-sante-esoterisme-developpement-personnel-2.jpg","url":"https:\/\/www.verdieditions.com\/equilibre-de-vie\/wp-content\/uploads\/2020\/04\/livres-occasion-sante-esoterisme-developpement-personnel-2.jpg","contentUrl":"https:\/\/www.verdieditions.com\/equilibre-de-vie\/wp-content\/uploads\/2020\/04\/livres-occasion-sante-esoterisme-developpement-personnel-2.jpg","width":800,"height":572,"caption":"Sylvie VERDI"},"logo":{"@id":"https:\/\/www.verdieditions.com\/equilibre-de-vie\/wp-content\/uploads\/2020\/04\/livres-occasion-sante-esoterisme-developpement-personnel-2.jpg"},"sameAs":["https:\/\/www.verdieditions.com\/equilibre-de-vie"]}]}},"_links":{"self":[{"href":"https:\/\/www.verdieditions.com\/equilibre-de-vie\/wp-json\/wp\/v2\/product\/1728","targetHints":{"allow":["GET"]}}],"collection":[{"href":"https:\/\/www.verdieditions.com\/equilibre-de-vie\/wp-json\/wp\/v2\/product"}],"about":[{"href":"https:\/\/www.verdieditions.com\/equilibre-de-vie\/wp-json\/wp\/v2\/types\/product"}],"wp:featuredmedia":[{"embeddable":true,"href":"https:\/\/www.verdieditions.com\/equilibre-de-vie\/wp-json\/wp\/v2\/media\/1730"}],"wp:attachment":[{"href":"https:\/\/www.verdieditions.com\/equilibre-de-vie\/wp-json\/wp\/v2\/media?parent=1728"}],"wp:term":[{"taxonomy":"product_brand","embeddable":true,"href":"https:\/\/www.verdieditions.com\/equilibre-de-vie\/wp-json\/wp\/v2\/product_brand?post=1728"},{"taxonomy":"product_cat","embeddable":true,"href":"https:\/\/www.verdieditions.com\/equilibre-de-vie\/wp-json\/wp\/v2\/product_cat?post=1728"},{"taxonomy":"product_tag","embeddable":true,"href":"https:\/\/www.verdieditions.com\/equilibre-de-vie\/wp-json\/wp\/v2\/product_tag?post=1728"}],"curies":[{"name":"wp","href":"https:\/\/api.w.org\/{rel}","templated":true}]}}