{"id":1718,"date":"2021-06-01T17:40:03","date_gmt":"2021-06-01T15:40:03","guid":{"rendered":"https:\/\/www.verdieditions.com\/equilibre-de-vie\/?post_type=product&#038;p=1718"},"modified":"2023-08-31T09:17:29","modified_gmt":"2023-08-31T07:17:29","slug":"serenite-christophe-andre","status":"publish","type":"product","link":"https:\/\/www.verdieditions.com\/equilibre-de-vie\/produit\/serenite-christophe-andre\/","title":{"rendered":"S\u00e9r\u00e9nit\u00e9, 25 histoires d&rsquo;\u00e9quilibre int\u00e9rieur &#8211; Christophe ANDR\u00c9"},"content":{"rendered":"<p>Auteur : Christophe ANDR\u00c9<br \/>\nTitre : S\u00e9r\u00e9nit\u00e9, 25 histoires d&rsquo;\u00e9quilibre int\u00e9rieur<br \/>\n\u00c9diteur : Odile Jacob, 2012<br \/>\nDim. 20,5 x 14<br \/>\n158 pages <\/p>\n<p>Nous aimerions rester toujours sereins&#8230; Mais la vie nous bouscule, nos d\u00e9mons int\u00e9rieurs se r\u00e9veillent : alors, nous nous angoissons, nous nous d\u00e9sesp\u00e9rons, nous nous \u00e9parpillons. Nous souffrons. Au travers de 25 histoires et de leurs enseignements, ce livre vous propose d\u2019avancer, \u00e0 votre rythme et \u00e0 votre mani\u00e8re, sur le chemin de l\u2019\u00e9quilibre et de la s\u00e9r\u00e9nit\u00e9. \u00ab Il y a des jours comme \u00e7a o\u00f9 ton \u00e2me est sereine : tu te sens doucement bien. Tout est clair et calme en toi. Rien, absolument rien ne te manque. Tout ce dont tu as besoin est l\u00e0&#8230; \u00bb<\/p>\n<p>Une le\u00e7on de sagesse au plus pr\u00e8s du quotidien !<\/p>\n<p>Christophe Andr\u00e9 est m\u00e9decin psychiatre \u00e0 l\u2019h\u00f4pital Sainte-Anne, \u00e0 Paris. Il a notamment publi\u00e9 L\u2019Estime de soi (avec Fran\u00e7ois Lelord), Imparfaits, libres et heureux, Les \u00c9tats d\u2019\u00e2me, Psychologie de la peur ou encore Vivre heureux, qui sont d\u2019immenses succ\u00e8s.<\/p>\n","protected":false},"excerpt":{"rendered":"<p>Auteur : Christophe ANDR\u00c9<br \/>\nTitre : S\u00e9r\u00e9nit\u00e9, 25 histoires d&rsquo;\u00e9quilibre int\u00e9rieur<br \/>\n\u00c9diteur : Odile Jacob, 2012<br \/>\nDim. 20,5 x 14<br \/>\n158 pages <\/p>\n","protected":false},"featured_media":1720,"template":"","meta":[],"product_brand":[],"product_cat":[22],"product_tag":[171],"class_list":{"0":"post-1718","1":"product","2":"type-product","3":"status-publish","4":"has-post-thumbnail","6":"product_cat-developpement-personnel","7":"product_tag-vie","9":"first","10":"outofstock","11":"shipping-taxable","12":"product-type-simple"},"yoast_head":"<!-- This site is optimized with the Yoast SEO plugin v27.4 - https:\/\/yoast.com\/product\/yoast-seo-wordpress\/ -->\n<title>S\u00e9r\u00e9nit\u00e9, 25 histoires d&#039;\u00e9quilibre int\u00e9rieur - Christophe ANDR\u00c9<\/title>\n<meta name=\"description\" content=\"Auteur : Christophe ANDR\u00c9 Titre : S\u00e9r\u00e9nit\u00e9, 25 histoires d&#039;\u00e9quilibre int\u00e9rieur \u00c9diteur : Odile Jacob, 2012 Dim. 20,5 x 14 158 pages\" \/>\n<meta name=\"robots\" content=\"index, follow, max-snippet:-1, max-image-preview:large, max-video-preview:-1\" \/>\n<link rel=\"canonical\" href=\"https:\/\/www.verdieditions.com\/equilibre-de-vie\/produit\/serenite-christophe-andre\/\" \/>\n<meta property=\"og:locale\" content=\"fr_FR\" \/>\n<meta property=\"og:type\" content=\"article\" \/>\n<meta property=\"og:title\" content=\"S\u00e9r\u00e9nit\u00e9, 25 histoires d&#039;\u00e9quilibre int\u00e9rieur - Christophe ANDR\u00c9\" \/>\n<meta property=\"og:description\" content=\"Auteur : Christophe ANDR\u00c9 Titre : S\u00e9r\u00e9nit\u00e9, 25 histoires d&#039;\u00e9quilibre int\u00e9rieur \u00c9diteur : Odile Jacob, 2012 Dim. 20,5 x 14 158 pages\" \/>\n<meta property=\"og:url\" content=\"https:\/\/www.verdieditions.com\/equilibre-de-vie\/produit\/serenite-christophe-andre\/\" \/>\n<meta property=\"og:site_name\" content=\"Equilibre de Vie\" \/>\n<meta property=\"article:modified_time\" content=\"2023-08-31T07:17:29+00:00\" \/>\n<meta property=\"og:image\" content=\"https:\/\/www.verdieditions.com\/equilibre-de-vie\/wp-content\/uploads\/2021\/06\/serenite-equilibre-interieur-andre.jpg\" \/>\n\t<meta property=\"og:image:width\" content=\"800\" \/>\n\t<meta property=\"og:image:height\" content=\"1136\" \/>\n\t<meta property=\"og:image:type\" content=\"image\/jpeg\" \/>\n<meta name=\"twitter:card\" content=\"summary_large_image\" \/>\n<meta name=\"twitter:label1\" content=\"Dur\u00e9e de lecture estim\u00e9e\" \/>\n\t<meta name=\"twitter:data1\" content=\"1 minute\" \/>\n<script type=\"application\/ld+json\" class=\"yoast-schema-graph\">{\"@context\":\"https:\\\/\\\/schema.org\",\"@graph\":[{\"@type\":\"WebPage\",\"@id\":\"https:\\\/\\\/www.verdieditions.com\\\/equilibre-de-vie\\\/produit\\\/serenite-christophe-andre\\\/\",\"url\":\"https:\\\/\\\/www.verdieditions.com\\\/equilibre-de-vie\\\/produit\\\/serenite-christophe-andre\\\/\",\"name\":\"S\u00e9r\u00e9nit\u00e9, 25 histoires d'\u00e9quilibre int\u00e9rieur - Christophe ANDR\u00c9\",\"isPartOf\":{\"@id\":\"https:\\\/\\\/www.verdieditions.com\\\/equilibre-de-vie\\\/#website\"},\"primaryImageOfPage\":{\"@id\":\"https:\\\/\\\/www.verdieditions.com\\\/equilibre-de-vie\\\/produit\\\/serenite-christophe-andre\\\/#primaryimage\"},\"image\":{\"@id\":\"https:\\\/\\\/www.verdieditions.com\\\/equilibre-de-vie\\\/produit\\\/serenite-christophe-andre\\\/#primaryimage\"},\"thumbnailUrl\":\"https:\\\/\\\/www.verdieditions.com\\\/equilibre-de-vie\\\/wp-content\\\/uploads\\\/2021\\\/06\\\/serenite-equilibre-interieur-andre.jpg\",\"datePublished\":\"2021-06-01T15:40:03+00:00\",\"dateModified\":\"2023-08-31T07:17:29+00:00\",\"description\":\"Auteur : Christophe ANDR\u00c9 Titre : S\u00e9r\u00e9nit\u00e9, 25 histoires d'\u00e9quilibre int\u00e9rieur \u00c9diteur : Odile Jacob, 2012 Dim. 20,5 x 14 158 pages\",\"breadcrumb\":{\"@id\":\"https:\\\/\\\/www.verdieditions.com\\\/equilibre-de-vie\\\/produit\\\/serenite-christophe-andre\\\/#breadcrumb\"},\"inLanguage\":\"fr-FR\",\"potentialAction\":[{\"@type\":\"ReadAction\",\"target\":[\"https:\\\/\\\/www.verdieditions.com\\\/equilibre-de-vie\\\/produit\\\/serenite-christophe-andre\\\/\"]}]},{\"@type\":\"ImageObject\",\"inLanguage\":\"fr-FR\",\"@id\":\"https:\\\/\\\/www.verdieditions.com\\\/equilibre-de-vie\\\/produit\\\/serenite-christophe-andre\\\/#primaryimage\",\"url\":\"https:\\\/\\\/www.verdieditions.com\\\/equilibre-de-vie\\\/wp-content\\\/uploads\\\/2021\\\/06\\\/serenite-equilibre-interieur-andre.jpg\",\"contentUrl\":\"https:\\\/\\\/www.verdieditions.com\\\/equilibre-de-vie\\\/wp-content\\\/uploads\\\/2021\\\/06\\\/serenite-equilibre-interieur-andre.jpg\",\"width\":800,\"height\":1136,\"caption\":\"serenite-equilibre-interieur-andre\"},{\"@type\":\"BreadcrumbList\",\"@id\":\"https:\\\/\\\/www.verdieditions.com\\\/equilibre-de-vie\\\/produit\\\/serenite-christophe-andre\\\/#breadcrumb\",\"itemListElement\":[{\"@type\":\"ListItem\",\"position\":1,\"name\":\"Accueil\",\"item\":\"https:\\\/\\\/www.verdieditions.com\\\/equilibre-de-vie\\\/\"},{\"@type\":\"ListItem\",\"position\":2,\"name\":\"La boutique\",\"item\":\"https:\\\/\\\/www.verdieditions.com\\\/equilibre-de-vie\\\/boutique\\\/\"},{\"@type\":\"ListItem\",\"position\":3,\"name\":\"S\u00e9r\u00e9nit\u00e9, 25 histoires d&#8217;\u00e9quilibre int\u00e9rieur &#8211; Christophe ANDR\u00c9\"}]},{\"@type\":\"WebSite\",\"@id\":\"https:\\\/\\\/www.verdieditions.com\\\/equilibre-de-vie\\\/#website\",\"url\":\"https:\\\/\\\/www.verdieditions.com\\\/equilibre-de-vie\\\/\",\"name\":\"Equilibre de Vie\",\"description\":\"Ma boutique livres sant\u00e9, \u00e9sot\u00e9risme et d\u00e9veloppement personnel\",\"publisher\":{\"@id\":\"https:\\\/\\\/www.verdieditions.com\\\/equilibre-de-vie\\\/#\\\/schema\\\/person\\\/9dcb2a6759f2f5fbf43ac0b44649cecb\"},\"potentialAction\":[{\"@type\":\"SearchAction\",\"target\":{\"@type\":\"EntryPoint\",\"urlTemplate\":\"https:\\\/\\\/www.verdieditions.com\\\/equilibre-de-vie\\\/?s={search_term_string}\"},\"query-input\":{\"@type\":\"PropertyValueSpecification\",\"valueRequired\":true,\"valueName\":\"search_term_string\"}}],\"inLanguage\":\"fr-FR\"},{\"@type\":[\"Person\",\"Organization\"],\"@id\":\"https:\\\/\\\/www.verdieditions.com\\\/equilibre-de-vie\\\/#\\\/schema\\\/person\\\/9dcb2a6759f2f5fbf43ac0b44649cecb\",\"name\":\"Sylvie VERDI\",\"image\":{\"@type\":\"ImageObject\",\"inLanguage\":\"fr-FR\",\"@id\":\"https:\\\/\\\/www.verdieditions.com\\\/equilibre-de-vie\\\/wp-content\\\/uploads\\\/2020\\\/04\\\/livres-occasion-sante-esoterisme-developpement-personnel-2.jpg\",\"url\":\"https:\\\/\\\/www.verdieditions.com\\\/equilibre-de-vie\\\/wp-content\\\/uploads\\\/2020\\\/04\\\/livres-occasion-sante-esoterisme-developpement-personnel-2.jpg\",\"contentUrl\":\"https:\\\/\\\/www.verdieditions.com\\\/equilibre-de-vie\\\/wp-content\\\/uploads\\\/2020\\\/04\\\/livres-occasion-sante-esoterisme-developpement-personnel-2.jpg\",\"width\":800,\"height\":572,\"caption\":\"Sylvie VERDI\"},\"logo\":{\"@id\":\"https:\\\/\\\/www.verdieditions.com\\\/equilibre-de-vie\\\/wp-content\\\/uploads\\\/2020\\\/04\\\/livres-occasion-sante-esoterisme-developpement-personnel-2.jpg\"},\"sameAs\":[\"https:\\\/\\\/www.verdieditions.com\\\/equilibre-de-vie\"]}]}<\/script>\n<!-- \/ Yoast SEO plugin. -->","yoast_head_json":{"title":"S\u00e9r\u00e9nit\u00e9, 25 histoires d'\u00e9quilibre int\u00e9rieur - Christophe ANDR\u00c9","description":"Auteur : Christophe ANDR\u00c9 Titre : S\u00e9r\u00e9nit\u00e9, 25 histoires d'\u00e9quilibre int\u00e9rieur \u00c9diteur : Odile Jacob, 2012 Dim. 20,5 x 14 158 pages","robots":{"index":"index","follow":"follow","max-snippet":"max-snippet:-1","max-image-preview":"max-image-preview:large","max-video-preview":"max-video-preview:-1"},"canonical":"https:\/\/www.verdieditions.com\/equilibre-de-vie\/produit\/serenite-christophe-andre\/","og_locale":"fr_FR","og_type":"article","og_title":"S\u00e9r\u00e9nit\u00e9, 25 histoires d'\u00e9quilibre int\u00e9rieur - Christophe ANDR\u00c9","og_description":"Auteur : Christophe ANDR\u00c9 Titre : S\u00e9r\u00e9nit\u00e9, 25 histoires d'\u00e9quilibre int\u00e9rieur \u00c9diteur : Odile Jacob, 2012 Dim. 20,5 x 14 158 pages","og_url":"https:\/\/www.verdieditions.com\/equilibre-de-vie\/produit\/serenite-christophe-andre\/","og_site_name":"Equilibre de Vie","article_modified_time":"2023-08-31T07:17:29+00:00","og_image":[{"width":800,"height":1136,"url":"https:\/\/www.verdieditions.com\/equilibre-de-vie\/wp-content\/uploads\/2021\/06\/serenite-equilibre-interieur-andre.jpg","type":"image\/jpeg"}],"twitter_card":"summary_large_image","twitter_misc":{"Dur\u00e9e de lecture estim\u00e9e":"1 minute"},"schema":{"@context":"https:\/\/schema.org","@graph":[{"@type":"WebPage","@id":"https:\/\/www.verdieditions.com\/equilibre-de-vie\/produit\/serenite-christophe-andre\/","url":"https:\/\/www.verdieditions.com\/equilibre-de-vie\/produit\/serenite-christophe-andre\/","name":"S\u00e9r\u00e9nit\u00e9, 25 histoires d'\u00e9quilibre int\u00e9rieur - Christophe ANDR\u00c9","isPartOf":{"@id":"https:\/\/www.verdieditions.com\/equilibre-de-vie\/#website"},"primaryImageOfPage":{"@id":"https:\/\/www.verdieditions.com\/equilibre-de-vie\/produit\/serenite-christophe-andre\/#primaryimage"},"image":{"@id":"https:\/\/www.verdieditions.com\/equilibre-de-vie\/produit\/serenite-christophe-andre\/#primaryimage"},"thumbnailUrl":"https:\/\/www.verdieditions.com\/equilibre-de-vie\/wp-content\/uploads\/2021\/06\/serenite-equilibre-interieur-andre.jpg","datePublished":"2021-06-01T15:40:03+00:00","dateModified":"2023-08-31T07:17:29+00:00","description":"Auteur : Christophe ANDR\u00c9 Titre : S\u00e9r\u00e9nit\u00e9, 25 histoires d'\u00e9quilibre int\u00e9rieur \u00c9diteur : Odile Jacob, 2012 Dim. 20,5 x 14 158 pages","breadcrumb":{"@id":"https:\/\/www.verdieditions.com\/equilibre-de-vie\/produit\/serenite-christophe-andre\/#breadcrumb"},"inLanguage":"fr-FR","potentialAction":[{"@type":"ReadAction","target":["https:\/\/www.verdieditions.com\/equilibre-de-vie\/produit\/serenite-christophe-andre\/"]}]},{"@type":"ImageObject","inLanguage":"fr-FR","@id":"https:\/\/www.verdieditions.com\/equilibre-de-vie\/produit\/serenite-christophe-andre\/#primaryimage","url":"https:\/\/www.verdieditions.com\/equilibre-de-vie\/wp-content\/uploads\/2021\/06\/serenite-equilibre-interieur-andre.jpg","contentUrl":"https:\/\/www.verdieditions.com\/equilibre-de-vie\/wp-content\/uploads\/2021\/06\/serenite-equilibre-interieur-andre.jpg","width":800,"height":1136,"caption":"serenite-equilibre-interieur-andre"},{"@type":"BreadcrumbList","@id":"https:\/\/www.verdieditions.com\/equilibre-de-vie\/produit\/serenite-christophe-andre\/#breadcrumb","itemListElement":[{"@type":"ListItem","position":1,"name":"Accueil","item":"https:\/\/www.verdieditions.com\/equilibre-de-vie\/"},{"@type":"ListItem","position":2,"name":"La boutique","item":"https:\/\/www.verdieditions.com\/equilibre-de-vie\/boutique\/"},{"@type":"ListItem","position":3,"name":"S\u00e9r\u00e9nit\u00e9, 25 histoires d&#8217;\u00e9quilibre int\u00e9rieur &#8211; Christophe ANDR\u00c9"}]},{"@type":"WebSite","@id":"https:\/\/www.verdieditions.com\/equilibre-de-vie\/#website","url":"https:\/\/www.verdieditions.com\/equilibre-de-vie\/","name":"Equilibre de Vie","description":"Ma boutique livres sant\u00e9, \u00e9sot\u00e9risme et d\u00e9veloppement personnel","publisher":{"@id":"https:\/\/www.verdieditions.com\/equilibre-de-vie\/#\/schema\/person\/9dcb2a6759f2f5fbf43ac0b44649cecb"},"potentialAction":[{"@type":"SearchAction","target":{"@type":"EntryPoint","urlTemplate":"https:\/\/www.verdieditions.com\/equilibre-de-vie\/?s={search_term_string}"},"query-input":{"@type":"PropertyValueSpecification","valueRequired":true,"valueName":"search_term_string"}}],"inLanguage":"fr-FR"},{"@type":["Person","Organization"],"@id":"https:\/\/www.verdieditions.com\/equilibre-de-vie\/#\/schema\/person\/9dcb2a6759f2f5fbf43ac0b44649cecb","name":"Sylvie VERDI","image":{"@type":"ImageObject","inLanguage":"fr-FR","@id":"https:\/\/www.verdieditions.com\/equilibre-de-vie\/wp-content\/uploads\/2020\/04\/livres-occasion-sante-esoterisme-developpement-personnel-2.jpg","url":"https:\/\/www.verdieditions.com\/equilibre-de-vie\/wp-content\/uploads\/2020\/04\/livres-occasion-sante-esoterisme-developpement-personnel-2.jpg","contentUrl":"https:\/\/www.verdieditions.com\/equilibre-de-vie\/wp-content\/uploads\/2020\/04\/livres-occasion-sante-esoterisme-developpement-personnel-2.jpg","width":800,"height":572,"caption":"Sylvie VERDI"},"logo":{"@id":"https:\/\/www.verdieditions.com\/equilibre-de-vie\/wp-content\/uploads\/2020\/04\/livres-occasion-sante-esoterisme-developpement-personnel-2.jpg"},"sameAs":["https:\/\/www.verdieditions.com\/equilibre-de-vie"]}]}},"_links":{"self":[{"href":"https:\/\/www.verdieditions.com\/equilibre-de-vie\/wp-json\/wp\/v2\/product\/1718","targetHints":{"allow":["GET"]}}],"collection":[{"href":"https:\/\/www.verdieditions.com\/equilibre-de-vie\/wp-json\/wp\/v2\/product"}],"about":[{"href":"https:\/\/www.verdieditions.com\/equilibre-de-vie\/wp-json\/wp\/v2\/types\/product"}],"wp:featuredmedia":[{"embeddable":true,"href":"https:\/\/www.verdieditions.com\/equilibre-de-vie\/wp-json\/wp\/v2\/media\/1720"}],"wp:attachment":[{"href":"https:\/\/www.verdieditions.com\/equilibre-de-vie\/wp-json\/wp\/v2\/media?parent=1718"}],"wp:term":[{"taxonomy":"product_brand","embeddable":true,"href":"https:\/\/www.verdieditions.com\/equilibre-de-vie\/wp-json\/wp\/v2\/product_brand?post=1718"},{"taxonomy":"product_cat","embeddable":true,"href":"https:\/\/www.verdieditions.com\/equilibre-de-vie\/wp-json\/wp\/v2\/product_cat?post=1718"},{"taxonomy":"product_tag","embeddable":true,"href":"https:\/\/www.verdieditions.com\/equilibre-de-vie\/wp-json\/wp\/v2\/product_tag?post=1718"}],"curies":[{"name":"wp","href":"https:\/\/api.w.org\/{rel}","templated":true}]}}