{"id":1715,"date":"2021-06-01T17:31:07","date_gmt":"2021-06-01T15:31:07","guid":{"rendered":"https:\/\/www.verdieditions.com\/equilibre-de-vie\/?post_type=product&#038;p=1715"},"modified":"2024-05-13T09:43:57","modified_gmt":"2024-05-13T07:43:57","slug":"dites-non-cholesterol-breuleux","status":"publish","type":"product","link":"https:\/\/www.verdieditions.com\/equilibre-de-vie\/produit\/dites-non-cholesterol-breuleux\/","title":{"rendered":"Dites non au cholest\u00e9rol &#8211; N. BREULEUX-JACQUESSON"},"content":{"rendered":"<p>Auteur : Nathalie BREULEUX-JACQUESSON<br \/>\nTitre : Dites non au cholest\u00e9rol, ma\u00eetriser son cholest\u00e9rol sans m\u00e9dicaments, c&rsquo;est possible !<br \/>\nCollection C&rsquo;est naturel, c&rsquo;est ma sant\u00e9<br \/>\n\u00c9diteur : Alpen, 2007<br \/>\nDim. 21 x 14<br \/>\n80 pages <\/p>\n<p>L&rsquo;auteur fait le point des connaissances actuelles et vous donne les r\u00e8gles qui garantiront la sant\u00e9 de vos art\u00e8res. Il vous propose un programme naturel contre le cholest\u00e9rol \u00e9lev\u00e9 bas\u00e9 sur des conseils alimentaires et d&rsquo;hygi\u00e8ne de vie personnalis\u00e9s. Vous apprendrez :<br \/>\n&#8211; Comment augmenter le \u00a0\u00bb bon \u00a0\u00bb cholest\u00e9rol et diminuer le \u00a0\u00bb mauvais \u00a0\u00bb ;<br \/>\n&#8211; O\u00f9 trouver des phytost\u00e9rols, ces substances v\u00e9g\u00e9tales qui r\u00e9duisent naturellement le cholest\u00e9rol ;<br \/>\n&#8211; Quels sont les aliments qui prot\u00e8gent le c\u009cur et les art\u00e8res ;<br \/>\n&#8211; Pourquoi certaines graisses sont bonnes et d&rsquo;autres mauvaises ;<br \/>\n&#8211; Comment quelques vitamines peuvent faire chuter votre risque cardiovasculaire.<\/p>\n","protected":false},"excerpt":{"rendered":"<p>Auteur : Nathalie BREULEUX-JACQUESSON<br \/>\nTitre : Dites non au cholest\u00e9rol, ma\u00eetriser son cholest\u00e9rol sans m\u00e9dicaments, c&rsquo;est possible !<br \/>\nCollection C&rsquo;est naturel, c&rsquo;est ma sant\u00e9<br \/>\n\u00c9diteur : Alpen, 2007<br \/>\nDim. 21 x 14<br \/>\n80 pages <\/p>\n","protected":false},"featured_media":1717,"template":"","meta":[],"product_brand":[],"product_cat":[21],"product_tag":[100],"class_list":{"0":"post-1715","1":"product","2":"type-product","3":"status-publish","4":"has-post-thumbnail","6":"product_cat-sante","7":"product_tag-medecine-naturelle","9":"first","10":"outofstock","11":"shipping-taxable","12":"product-type-simple"},"yoast_head":"<!-- This site is optimized with the Yoast SEO plugin v27.4 - https:\/\/yoast.com\/product\/yoast-seo-wordpress\/ -->\n<title>Dites non au cholest\u00e9rol - N. BREULEUX-JACQUESSON<\/title>\n<meta name=\"description\" content=\"Nathalie BREULEUX-JACQUESSON - Dites non au cholest\u00e9rol, ma\u00eetriser son cholest\u00e9rol sans m\u00e9dicaments, c&#039;est possible ! \u00c9d : Alpen, 2007 - 80 p\" \/>\n<meta name=\"robots\" content=\"index, follow, max-snippet:-1, max-image-preview:large, max-video-preview:-1\" \/>\n<link rel=\"canonical\" href=\"https:\/\/www.verdieditions.com\/equilibre-de-vie\/produit\/dites-non-cholesterol-breuleux\/\" \/>\n<meta property=\"og:locale\" content=\"fr_FR\" \/>\n<meta property=\"og:type\" content=\"article\" \/>\n<meta property=\"og:title\" content=\"Dites non au cholest\u00e9rol - N. BREULEUX-JACQUESSON\" \/>\n<meta property=\"og:description\" content=\"Nathalie BREULEUX-JACQUESSON - Dites non au cholest\u00e9rol, ma\u00eetriser son cholest\u00e9rol sans m\u00e9dicaments, c&#039;est possible ! \u00c9d : Alpen, 2007 - 80 p\" \/>\n<meta property=\"og:url\" content=\"https:\/\/www.verdieditions.com\/equilibre-de-vie\/produit\/dites-non-cholesterol-breuleux\/\" \/>\n<meta property=\"og:site_name\" content=\"Equilibre de Vie\" \/>\n<meta property=\"article:modified_time\" content=\"2024-05-13T07:43:57+00:00\" \/>\n<meta property=\"og:image\" content=\"https:\/\/www.verdieditions.com\/equilibre-de-vie\/wp-content\/uploads\/2021\/06\/non-cholesterol-breuleux-jacquesson.jpg\" \/>\n\t<meta property=\"og:image:width\" content=\"800\" \/>\n\t<meta property=\"og:image:height\" content=\"1170\" \/>\n\t<meta property=\"og:image:type\" content=\"image\/jpeg\" \/>\n<meta name=\"twitter:card\" content=\"summary_large_image\" \/>\n<meta name=\"twitter:label1\" content=\"Dur\u00e9e de lecture estim\u00e9e\" \/>\n\t<meta name=\"twitter:data1\" content=\"1 minute\" \/>\n<script type=\"application\/ld+json\" class=\"yoast-schema-graph\">{\"@context\":\"https:\\\/\\\/schema.org\",\"@graph\":[{\"@type\":\"WebPage\",\"@id\":\"https:\\\/\\\/www.verdieditions.com\\\/equilibre-de-vie\\\/produit\\\/dites-non-cholesterol-breuleux\\\/\",\"url\":\"https:\\\/\\\/www.verdieditions.com\\\/equilibre-de-vie\\\/produit\\\/dites-non-cholesterol-breuleux\\\/\",\"name\":\"Dites non au cholest\u00e9rol - N. BREULEUX-JACQUESSON\",\"isPartOf\":{\"@id\":\"https:\\\/\\\/www.verdieditions.com\\\/equilibre-de-vie\\\/#website\"},\"primaryImageOfPage\":{\"@id\":\"https:\\\/\\\/www.verdieditions.com\\\/equilibre-de-vie\\\/produit\\\/dites-non-cholesterol-breuleux\\\/#primaryimage\"},\"image\":{\"@id\":\"https:\\\/\\\/www.verdieditions.com\\\/equilibre-de-vie\\\/produit\\\/dites-non-cholesterol-breuleux\\\/#primaryimage\"},\"thumbnailUrl\":\"https:\\\/\\\/www.verdieditions.com\\\/equilibre-de-vie\\\/wp-content\\\/uploads\\\/2021\\\/06\\\/non-cholesterol-breuleux-jacquesson.jpg\",\"datePublished\":\"2021-06-01T15:31:07+00:00\",\"dateModified\":\"2024-05-13T07:43:57+00:00\",\"description\":\"Nathalie BREULEUX-JACQUESSON - Dites non au cholest\u00e9rol, ma\u00eetriser son cholest\u00e9rol sans m\u00e9dicaments, c'est possible ! \u00c9d : Alpen, 2007 - 80 p\",\"breadcrumb\":{\"@id\":\"https:\\\/\\\/www.verdieditions.com\\\/equilibre-de-vie\\\/produit\\\/dites-non-cholesterol-breuleux\\\/#breadcrumb\"},\"inLanguage\":\"fr-FR\",\"potentialAction\":[{\"@type\":\"ReadAction\",\"target\":[\"https:\\\/\\\/www.verdieditions.com\\\/equilibre-de-vie\\\/produit\\\/dites-non-cholesterol-breuleux\\\/\"]}]},{\"@type\":\"ImageObject\",\"inLanguage\":\"fr-FR\",\"@id\":\"https:\\\/\\\/www.verdieditions.com\\\/equilibre-de-vie\\\/produit\\\/dites-non-cholesterol-breuleux\\\/#primaryimage\",\"url\":\"https:\\\/\\\/www.verdieditions.com\\\/equilibre-de-vie\\\/wp-content\\\/uploads\\\/2021\\\/06\\\/non-cholesterol-breuleux-jacquesson.jpg\",\"contentUrl\":\"https:\\\/\\\/www.verdieditions.com\\\/equilibre-de-vie\\\/wp-content\\\/uploads\\\/2021\\\/06\\\/non-cholesterol-breuleux-jacquesson.jpg\",\"width\":800,\"height\":1170,\"caption\":\"non-cholesterol-breuleux-jacquesson\"},{\"@type\":\"BreadcrumbList\",\"@id\":\"https:\\\/\\\/www.verdieditions.com\\\/equilibre-de-vie\\\/produit\\\/dites-non-cholesterol-breuleux\\\/#breadcrumb\",\"itemListElement\":[{\"@type\":\"ListItem\",\"position\":1,\"name\":\"Accueil\",\"item\":\"https:\\\/\\\/www.verdieditions.com\\\/equilibre-de-vie\\\/\"},{\"@type\":\"ListItem\",\"position\":2,\"name\":\"La boutique\",\"item\":\"https:\\\/\\\/www.verdieditions.com\\\/equilibre-de-vie\\\/boutique\\\/\"},{\"@type\":\"ListItem\",\"position\":3,\"name\":\"Dites non au cholest\u00e9rol &#8211; N. BREULEUX-JACQUESSON\"}]},{\"@type\":\"WebSite\",\"@id\":\"https:\\\/\\\/www.verdieditions.com\\\/equilibre-de-vie\\\/#website\",\"url\":\"https:\\\/\\\/www.verdieditions.com\\\/equilibre-de-vie\\\/\",\"name\":\"Equilibre de Vie\",\"description\":\"Ma boutique livres sant\u00e9, \u00e9sot\u00e9risme et d\u00e9veloppement personnel\",\"publisher\":{\"@id\":\"https:\\\/\\\/www.verdieditions.com\\\/equilibre-de-vie\\\/#\\\/schema\\\/person\\\/9dcb2a6759f2f5fbf43ac0b44649cecb\"},\"potentialAction\":[{\"@type\":\"SearchAction\",\"target\":{\"@type\":\"EntryPoint\",\"urlTemplate\":\"https:\\\/\\\/www.verdieditions.com\\\/equilibre-de-vie\\\/?s={search_term_string}\"},\"query-input\":{\"@type\":\"PropertyValueSpecification\",\"valueRequired\":true,\"valueName\":\"search_term_string\"}}],\"inLanguage\":\"fr-FR\"},{\"@type\":[\"Person\",\"Organization\"],\"@id\":\"https:\\\/\\\/www.verdieditions.com\\\/equilibre-de-vie\\\/#\\\/schema\\\/person\\\/9dcb2a6759f2f5fbf43ac0b44649cecb\",\"name\":\"Sylvie VERDI\",\"image\":{\"@type\":\"ImageObject\",\"inLanguage\":\"fr-FR\",\"@id\":\"https:\\\/\\\/www.verdieditions.com\\\/equilibre-de-vie\\\/wp-content\\\/uploads\\\/2020\\\/04\\\/livres-occasion-sante-esoterisme-developpement-personnel-2.jpg\",\"url\":\"https:\\\/\\\/www.verdieditions.com\\\/equilibre-de-vie\\\/wp-content\\\/uploads\\\/2020\\\/04\\\/livres-occasion-sante-esoterisme-developpement-personnel-2.jpg\",\"contentUrl\":\"https:\\\/\\\/www.verdieditions.com\\\/equilibre-de-vie\\\/wp-content\\\/uploads\\\/2020\\\/04\\\/livres-occasion-sante-esoterisme-developpement-personnel-2.jpg\",\"width\":800,\"height\":572,\"caption\":\"Sylvie VERDI\"},\"logo\":{\"@id\":\"https:\\\/\\\/www.verdieditions.com\\\/equilibre-de-vie\\\/wp-content\\\/uploads\\\/2020\\\/04\\\/livres-occasion-sante-esoterisme-developpement-personnel-2.jpg\"},\"sameAs\":[\"https:\\\/\\\/www.verdieditions.com\\\/equilibre-de-vie\"]}]}<\/script>\n<!-- \/ Yoast SEO plugin. -->","yoast_head_json":{"title":"Dites non au cholest\u00e9rol - N. BREULEUX-JACQUESSON","description":"Nathalie BREULEUX-JACQUESSON - Dites non au cholest\u00e9rol, ma\u00eetriser son cholest\u00e9rol sans m\u00e9dicaments, c'est possible ! \u00c9d : Alpen, 2007 - 80 p","robots":{"index":"index","follow":"follow","max-snippet":"max-snippet:-1","max-image-preview":"max-image-preview:large","max-video-preview":"max-video-preview:-1"},"canonical":"https:\/\/www.verdieditions.com\/equilibre-de-vie\/produit\/dites-non-cholesterol-breuleux\/","og_locale":"fr_FR","og_type":"article","og_title":"Dites non au cholest\u00e9rol - N. BREULEUX-JACQUESSON","og_description":"Nathalie BREULEUX-JACQUESSON - Dites non au cholest\u00e9rol, ma\u00eetriser son cholest\u00e9rol sans m\u00e9dicaments, c'est possible ! \u00c9d : Alpen, 2007 - 80 p","og_url":"https:\/\/www.verdieditions.com\/equilibre-de-vie\/produit\/dites-non-cholesterol-breuleux\/","og_site_name":"Equilibre de Vie","article_modified_time":"2024-05-13T07:43:57+00:00","og_image":[{"width":800,"height":1170,"url":"https:\/\/www.verdieditions.com\/equilibre-de-vie\/wp-content\/uploads\/2021\/06\/non-cholesterol-breuleux-jacquesson.jpg","type":"image\/jpeg"}],"twitter_card":"summary_large_image","twitter_misc":{"Dur\u00e9e de lecture estim\u00e9e":"1 minute"},"schema":{"@context":"https:\/\/schema.org","@graph":[{"@type":"WebPage","@id":"https:\/\/www.verdieditions.com\/equilibre-de-vie\/produit\/dites-non-cholesterol-breuleux\/","url":"https:\/\/www.verdieditions.com\/equilibre-de-vie\/produit\/dites-non-cholesterol-breuleux\/","name":"Dites non au cholest\u00e9rol - N. BREULEUX-JACQUESSON","isPartOf":{"@id":"https:\/\/www.verdieditions.com\/equilibre-de-vie\/#website"},"primaryImageOfPage":{"@id":"https:\/\/www.verdieditions.com\/equilibre-de-vie\/produit\/dites-non-cholesterol-breuleux\/#primaryimage"},"image":{"@id":"https:\/\/www.verdieditions.com\/equilibre-de-vie\/produit\/dites-non-cholesterol-breuleux\/#primaryimage"},"thumbnailUrl":"https:\/\/www.verdieditions.com\/equilibre-de-vie\/wp-content\/uploads\/2021\/06\/non-cholesterol-breuleux-jacquesson.jpg","datePublished":"2021-06-01T15:31:07+00:00","dateModified":"2024-05-13T07:43:57+00:00","description":"Nathalie BREULEUX-JACQUESSON - Dites non au cholest\u00e9rol, ma\u00eetriser son cholest\u00e9rol sans m\u00e9dicaments, c'est possible ! \u00c9d : Alpen, 2007 - 80 p","breadcrumb":{"@id":"https:\/\/www.verdieditions.com\/equilibre-de-vie\/produit\/dites-non-cholesterol-breuleux\/#breadcrumb"},"inLanguage":"fr-FR","potentialAction":[{"@type":"ReadAction","target":["https:\/\/www.verdieditions.com\/equilibre-de-vie\/produit\/dites-non-cholesterol-breuleux\/"]}]},{"@type":"ImageObject","inLanguage":"fr-FR","@id":"https:\/\/www.verdieditions.com\/equilibre-de-vie\/produit\/dites-non-cholesterol-breuleux\/#primaryimage","url":"https:\/\/www.verdieditions.com\/equilibre-de-vie\/wp-content\/uploads\/2021\/06\/non-cholesterol-breuleux-jacquesson.jpg","contentUrl":"https:\/\/www.verdieditions.com\/equilibre-de-vie\/wp-content\/uploads\/2021\/06\/non-cholesterol-breuleux-jacquesson.jpg","width":800,"height":1170,"caption":"non-cholesterol-breuleux-jacquesson"},{"@type":"BreadcrumbList","@id":"https:\/\/www.verdieditions.com\/equilibre-de-vie\/produit\/dites-non-cholesterol-breuleux\/#breadcrumb","itemListElement":[{"@type":"ListItem","position":1,"name":"Accueil","item":"https:\/\/www.verdieditions.com\/equilibre-de-vie\/"},{"@type":"ListItem","position":2,"name":"La boutique","item":"https:\/\/www.verdieditions.com\/equilibre-de-vie\/boutique\/"},{"@type":"ListItem","position":3,"name":"Dites non au cholest\u00e9rol &#8211; N. BREULEUX-JACQUESSON"}]},{"@type":"WebSite","@id":"https:\/\/www.verdieditions.com\/equilibre-de-vie\/#website","url":"https:\/\/www.verdieditions.com\/equilibre-de-vie\/","name":"Equilibre de Vie","description":"Ma boutique livres sant\u00e9, \u00e9sot\u00e9risme et d\u00e9veloppement personnel","publisher":{"@id":"https:\/\/www.verdieditions.com\/equilibre-de-vie\/#\/schema\/person\/9dcb2a6759f2f5fbf43ac0b44649cecb"},"potentialAction":[{"@type":"SearchAction","target":{"@type":"EntryPoint","urlTemplate":"https:\/\/www.verdieditions.com\/equilibre-de-vie\/?s={search_term_string}"},"query-input":{"@type":"PropertyValueSpecification","valueRequired":true,"valueName":"search_term_string"}}],"inLanguage":"fr-FR"},{"@type":["Person","Organization"],"@id":"https:\/\/www.verdieditions.com\/equilibre-de-vie\/#\/schema\/person\/9dcb2a6759f2f5fbf43ac0b44649cecb","name":"Sylvie VERDI","image":{"@type":"ImageObject","inLanguage":"fr-FR","@id":"https:\/\/www.verdieditions.com\/equilibre-de-vie\/wp-content\/uploads\/2020\/04\/livres-occasion-sante-esoterisme-developpement-personnel-2.jpg","url":"https:\/\/www.verdieditions.com\/equilibre-de-vie\/wp-content\/uploads\/2020\/04\/livres-occasion-sante-esoterisme-developpement-personnel-2.jpg","contentUrl":"https:\/\/www.verdieditions.com\/equilibre-de-vie\/wp-content\/uploads\/2020\/04\/livres-occasion-sante-esoterisme-developpement-personnel-2.jpg","width":800,"height":572,"caption":"Sylvie VERDI"},"logo":{"@id":"https:\/\/www.verdieditions.com\/equilibre-de-vie\/wp-content\/uploads\/2020\/04\/livres-occasion-sante-esoterisme-developpement-personnel-2.jpg"},"sameAs":["https:\/\/www.verdieditions.com\/equilibre-de-vie"]}]}},"_links":{"self":[{"href":"https:\/\/www.verdieditions.com\/equilibre-de-vie\/wp-json\/wp\/v2\/product\/1715","targetHints":{"allow":["GET"]}}],"collection":[{"href":"https:\/\/www.verdieditions.com\/equilibre-de-vie\/wp-json\/wp\/v2\/product"}],"about":[{"href":"https:\/\/www.verdieditions.com\/equilibre-de-vie\/wp-json\/wp\/v2\/types\/product"}],"wp:featuredmedia":[{"embeddable":true,"href":"https:\/\/www.verdieditions.com\/equilibre-de-vie\/wp-json\/wp\/v2\/media\/1717"}],"wp:attachment":[{"href":"https:\/\/www.verdieditions.com\/equilibre-de-vie\/wp-json\/wp\/v2\/media?parent=1715"}],"wp:term":[{"taxonomy":"product_brand","embeddable":true,"href":"https:\/\/www.verdieditions.com\/equilibre-de-vie\/wp-json\/wp\/v2\/product_brand?post=1715"},{"taxonomy":"product_cat","embeddable":true,"href":"https:\/\/www.verdieditions.com\/equilibre-de-vie\/wp-json\/wp\/v2\/product_cat?post=1715"},{"taxonomy":"product_tag","embeddable":true,"href":"https:\/\/www.verdieditions.com\/equilibre-de-vie\/wp-json\/wp\/v2\/product_tag?post=1715"}],"curies":[{"name":"wp","href":"https:\/\/api.w.org\/{rel}","templated":true}]}}