{"id":1704,"date":"2021-06-01T16:34:51","date_gmt":"2021-06-01T14:34:51","guid":{"rendered":"https:\/\/www.verdieditions.com\/equilibre-de-vie\/?post_type=product&#038;p=1704"},"modified":"2022-03-31T14:36:42","modified_gmt":"2022-03-31T12:36:42","slug":"inventeurs-maladies-jorg-blech","status":"publish","type":"product","link":"https:\/\/www.verdieditions.com\/equilibre-de-vie\/produit\/inventeurs-maladies-jorg-blech\/","title":{"rendered":"Les inventeurs de maladies &#8211; J\u00f6rg BLECH"},"content":{"rendered":"<p>Auteur : J\u00f6rg BLECH<br \/>\nTitre : Les inventeurs de maladies, Manoeuvres et manipulations de l&rsquo;industrie pharmaceutique<br \/>\n\u00c9diteur : Actes Sud, 2005<br \/>\nDim. 12,5 x 19<br \/>\n282 pages <\/p>\n<p>\u00ab\u00a0Si on pouvait autrefois esp\u00e9rer trouver un jour un traitement pour chaque maladie, nous explique J\u00f4rg Blech, les marchands de la sant\u00e9, aujourd&rsquo;hui plus que jamais, semblent plut\u00f4t vouloir trouver une maladie pour chaque mol\u00e9cule fabriqu\u00e9e. En manipulant des membres influents de la communaut\u00e9 m\u00e9dicale, les lob-bys industriels ont peu \u00e0 peu modifi\u00e9 les \u00abnormes- de certaines valeurs biologiques &#8211; comme le taux de cholest\u00e9rol et la tension art\u00e9rielle &#8211; afin d&rsquo;augmenter le nombre de patients \u00absusceptibles d&rsquo;\u00eatre trait\u00e9s\u00bb. Pour eux, faire croire \u00e0 des gens en bonne sant\u00e9 qu&rsquo;ils doivent se soigner \u00e0 vie est une v\u00e9ritable rente viag\u00e8re. Et pour propager une pareille absurdit\u00e9, ils nous sugg\u00e8rent que si nous ne \u00abnous soignons pas\u00bb par anticipation, nous mourrons de cancer, nous serons diminu\u00e9s par des maladies cardiovasculaires ou nous perdrons la t\u00eate en raison d&rsquo;une d\u00e9g\u00e9n\u00e9rescence neurologique&#8230; Le principal argument de vente des marchands de la sant\u00e9, c&rsquo;est la peur.\u00a0\u00bb<br \/>\n(extrait de la postface de Martin Winckler)<br \/>\nA partir d&rsquo;un grand nombre d&rsquo;articles parus dans d&rsquo;importantes revues scientifiques, J\u00f4rg Blech a men\u00e9 sa propre enqu\u00eate. Gr\u00e2ce \u00e0 une multitude d&rsquo;exemples et de r\u00e9v\u00e9lations, il d\u00e9veloppe une synth\u00e8se passionnante des dangers mena\u00e7ant les patients, malades ou pr\u00e9tendus tels.<br \/>\nTraduit dans une douzaine de langues, Les Inventeurs de maladies est un livre \u00e0 lire absolument avant de se rendre chez le m\u00e9decin.<\/p>\n","protected":false},"excerpt":{"rendered":"<p>Auteur : J\u00f6rg BLECH<br \/>\nTitre : Les inventeurs de maladies, Manoeuvres et manipulations de l&rsquo;industrie pharmaceutique<br \/>\n\u00c9diteur : Actes Sud, 2005<br \/>\nDim. 12,5 x 19<br \/>\n282 pages <\/p>\n","protected":false},"featured_media":1707,"template":"","meta":[],"product_brand":[],"product_cat":[21],"product_tag":[250,268],"class_list":{"0":"post-1704","1":"product","2":"type-product","3":"status-publish","4":"has-post-thumbnail","6":"product_cat-sante","7":"product_tag-maladie","8":"product_tag-medecine","10":"first","11":"outofstock","12":"shipping-taxable","13":"product-type-simple"},"yoast_head":"<!-- This site is optimized with the Yoast SEO plugin v27.4 - https:\/\/yoast.com\/product\/yoast-seo-wordpress\/ -->\n<title>Les inventeurs de maladies - J\u00f6rg BLECH - Equilibre de Vie<\/title>\n<meta name=\"description\" content=\"J\u00f6rg BLECH - Les inventeurs de maladies, Manoeuvres et manipulations de l&#039;industrie pharmaceutique \u00c9d. Actes Sud, 2005 Dim. 12,5 x 19 282 p\" \/>\n<meta name=\"robots\" content=\"index, follow, max-snippet:-1, max-image-preview:large, max-video-preview:-1\" \/>\n<link rel=\"canonical\" href=\"https:\/\/www.verdieditions.com\/equilibre-de-vie\/produit\/inventeurs-maladies-jorg-blech\/\" \/>\n<meta property=\"og:locale\" content=\"fr_FR\" \/>\n<meta property=\"og:type\" content=\"article\" \/>\n<meta property=\"og:title\" content=\"Les inventeurs de maladies - J\u00f6rg BLECH - Equilibre de Vie\" \/>\n<meta property=\"og:description\" content=\"J\u00f6rg BLECH - Les inventeurs de maladies, Manoeuvres et manipulations de l&#039;industrie pharmaceutique \u00c9d. Actes Sud, 2005 Dim. 12,5 x 19 282 p\" \/>\n<meta property=\"og:url\" content=\"https:\/\/www.verdieditions.com\/equilibre-de-vie\/produit\/inventeurs-maladies-jorg-blech\/\" \/>\n<meta property=\"og:site_name\" content=\"Equilibre de Vie\" \/>\n<meta property=\"article:modified_time\" content=\"2022-03-31T12:36:42+00:00\" \/>\n<meta property=\"og:image\" content=\"https:\/\/www.verdieditions.com\/equilibre-de-vie\/wp-content\/uploads\/2021\/06\/inventeurs-maladies-jorg-blech.jpg\" \/>\n\t<meta property=\"og:image:width\" content=\"800\" \/>\n\t<meta property=\"og:image:height\" content=\"1202\" \/>\n\t<meta property=\"og:image:type\" content=\"image\/jpeg\" \/>\n<meta name=\"twitter:card\" content=\"summary_large_image\" \/>\n<meta name=\"twitter:label1\" content=\"Dur\u00e9e de lecture estim\u00e9e\" \/>\n\t<meta name=\"twitter:data1\" content=\"1 minute\" \/>\n<script type=\"application\/ld+json\" class=\"yoast-schema-graph\">{\"@context\":\"https:\\\/\\\/schema.org\",\"@graph\":[{\"@type\":\"WebPage\",\"@id\":\"https:\\\/\\\/www.verdieditions.com\\\/equilibre-de-vie\\\/produit\\\/inventeurs-maladies-jorg-blech\\\/\",\"url\":\"https:\\\/\\\/www.verdieditions.com\\\/equilibre-de-vie\\\/produit\\\/inventeurs-maladies-jorg-blech\\\/\",\"name\":\"Les inventeurs de maladies - J\u00f6rg BLECH - Equilibre de Vie\",\"isPartOf\":{\"@id\":\"https:\\\/\\\/www.verdieditions.com\\\/equilibre-de-vie\\\/#website\"},\"primaryImageOfPage\":{\"@id\":\"https:\\\/\\\/www.verdieditions.com\\\/equilibre-de-vie\\\/produit\\\/inventeurs-maladies-jorg-blech\\\/#primaryimage\"},\"image\":{\"@id\":\"https:\\\/\\\/www.verdieditions.com\\\/equilibre-de-vie\\\/produit\\\/inventeurs-maladies-jorg-blech\\\/#primaryimage\"},\"thumbnailUrl\":\"https:\\\/\\\/www.verdieditions.com\\\/equilibre-de-vie\\\/wp-content\\\/uploads\\\/2021\\\/06\\\/inventeurs-maladies-jorg-blech.jpg\",\"datePublished\":\"2021-06-01T14:34:51+00:00\",\"dateModified\":\"2022-03-31T12:36:42+00:00\",\"description\":\"J\u00f6rg BLECH - Les inventeurs de maladies, Manoeuvres et manipulations de l'industrie pharmaceutique \u00c9d. Actes Sud, 2005 Dim. 12,5 x 19 282 p\",\"breadcrumb\":{\"@id\":\"https:\\\/\\\/www.verdieditions.com\\\/equilibre-de-vie\\\/produit\\\/inventeurs-maladies-jorg-blech\\\/#breadcrumb\"},\"inLanguage\":\"fr-FR\",\"potentialAction\":[{\"@type\":\"ReadAction\",\"target\":[\"https:\\\/\\\/www.verdieditions.com\\\/equilibre-de-vie\\\/produit\\\/inventeurs-maladies-jorg-blech\\\/\"]}]},{\"@type\":\"ImageObject\",\"inLanguage\":\"fr-FR\",\"@id\":\"https:\\\/\\\/www.verdieditions.com\\\/equilibre-de-vie\\\/produit\\\/inventeurs-maladies-jorg-blech\\\/#primaryimage\",\"url\":\"https:\\\/\\\/www.verdieditions.com\\\/equilibre-de-vie\\\/wp-content\\\/uploads\\\/2021\\\/06\\\/inventeurs-maladies-jorg-blech.jpg\",\"contentUrl\":\"https:\\\/\\\/www.verdieditions.com\\\/equilibre-de-vie\\\/wp-content\\\/uploads\\\/2021\\\/06\\\/inventeurs-maladies-jorg-blech.jpg\",\"width\":800,\"height\":1202,\"caption\":\"inventeurs-maladies-jorg-blech\"},{\"@type\":\"BreadcrumbList\",\"@id\":\"https:\\\/\\\/www.verdieditions.com\\\/equilibre-de-vie\\\/produit\\\/inventeurs-maladies-jorg-blech\\\/#breadcrumb\",\"itemListElement\":[{\"@type\":\"ListItem\",\"position\":1,\"name\":\"Accueil\",\"item\":\"https:\\\/\\\/www.verdieditions.com\\\/equilibre-de-vie\\\/\"},{\"@type\":\"ListItem\",\"position\":2,\"name\":\"La boutique\",\"item\":\"https:\\\/\\\/www.verdieditions.com\\\/equilibre-de-vie\\\/boutique\\\/\"},{\"@type\":\"ListItem\",\"position\":3,\"name\":\"Les inventeurs de maladies &#8211; J\u00f6rg BLECH\"}]},{\"@type\":\"WebSite\",\"@id\":\"https:\\\/\\\/www.verdieditions.com\\\/equilibre-de-vie\\\/#website\",\"url\":\"https:\\\/\\\/www.verdieditions.com\\\/equilibre-de-vie\\\/\",\"name\":\"Equilibre de Vie\",\"description\":\"Ma boutique livres sant\u00e9, \u00e9sot\u00e9risme et d\u00e9veloppement personnel\",\"publisher\":{\"@id\":\"https:\\\/\\\/www.verdieditions.com\\\/equilibre-de-vie\\\/#\\\/schema\\\/person\\\/9dcb2a6759f2f5fbf43ac0b44649cecb\"},\"potentialAction\":[{\"@type\":\"SearchAction\",\"target\":{\"@type\":\"EntryPoint\",\"urlTemplate\":\"https:\\\/\\\/www.verdieditions.com\\\/equilibre-de-vie\\\/?s={search_term_string}\"},\"query-input\":{\"@type\":\"PropertyValueSpecification\",\"valueRequired\":true,\"valueName\":\"search_term_string\"}}],\"inLanguage\":\"fr-FR\"},{\"@type\":[\"Person\",\"Organization\"],\"@id\":\"https:\\\/\\\/www.verdieditions.com\\\/equilibre-de-vie\\\/#\\\/schema\\\/person\\\/9dcb2a6759f2f5fbf43ac0b44649cecb\",\"name\":\"Sylvie VERDI\",\"image\":{\"@type\":\"ImageObject\",\"inLanguage\":\"fr-FR\",\"@id\":\"https:\\\/\\\/www.verdieditions.com\\\/equilibre-de-vie\\\/wp-content\\\/uploads\\\/2020\\\/04\\\/livres-occasion-sante-esoterisme-developpement-personnel-2.jpg\",\"url\":\"https:\\\/\\\/www.verdieditions.com\\\/equilibre-de-vie\\\/wp-content\\\/uploads\\\/2020\\\/04\\\/livres-occasion-sante-esoterisme-developpement-personnel-2.jpg\",\"contentUrl\":\"https:\\\/\\\/www.verdieditions.com\\\/equilibre-de-vie\\\/wp-content\\\/uploads\\\/2020\\\/04\\\/livres-occasion-sante-esoterisme-developpement-personnel-2.jpg\",\"width\":800,\"height\":572,\"caption\":\"Sylvie VERDI\"},\"logo\":{\"@id\":\"https:\\\/\\\/www.verdieditions.com\\\/equilibre-de-vie\\\/wp-content\\\/uploads\\\/2020\\\/04\\\/livres-occasion-sante-esoterisme-developpement-personnel-2.jpg\"},\"sameAs\":[\"https:\\\/\\\/www.verdieditions.com\\\/equilibre-de-vie\"]}]}<\/script>\n<!-- \/ Yoast SEO plugin. -->","yoast_head_json":{"title":"Les inventeurs de maladies - J\u00f6rg BLECH - Equilibre de Vie","description":"J\u00f6rg BLECH - Les inventeurs de maladies, Manoeuvres et manipulations de l'industrie pharmaceutique \u00c9d. Actes Sud, 2005 Dim. 12,5 x 19 282 p","robots":{"index":"index","follow":"follow","max-snippet":"max-snippet:-1","max-image-preview":"max-image-preview:large","max-video-preview":"max-video-preview:-1"},"canonical":"https:\/\/www.verdieditions.com\/equilibre-de-vie\/produit\/inventeurs-maladies-jorg-blech\/","og_locale":"fr_FR","og_type":"article","og_title":"Les inventeurs de maladies - J\u00f6rg BLECH - Equilibre de Vie","og_description":"J\u00f6rg BLECH - Les inventeurs de maladies, Manoeuvres et manipulations de l'industrie pharmaceutique \u00c9d. Actes Sud, 2005 Dim. 12,5 x 19 282 p","og_url":"https:\/\/www.verdieditions.com\/equilibre-de-vie\/produit\/inventeurs-maladies-jorg-blech\/","og_site_name":"Equilibre de Vie","article_modified_time":"2022-03-31T12:36:42+00:00","og_image":[{"width":800,"height":1202,"url":"https:\/\/www.verdieditions.com\/equilibre-de-vie\/wp-content\/uploads\/2021\/06\/inventeurs-maladies-jorg-blech.jpg","type":"image\/jpeg"}],"twitter_card":"summary_large_image","twitter_misc":{"Dur\u00e9e de lecture estim\u00e9e":"1 minute"},"schema":{"@context":"https:\/\/schema.org","@graph":[{"@type":"WebPage","@id":"https:\/\/www.verdieditions.com\/equilibre-de-vie\/produit\/inventeurs-maladies-jorg-blech\/","url":"https:\/\/www.verdieditions.com\/equilibre-de-vie\/produit\/inventeurs-maladies-jorg-blech\/","name":"Les inventeurs de maladies - J\u00f6rg BLECH - Equilibre de Vie","isPartOf":{"@id":"https:\/\/www.verdieditions.com\/equilibre-de-vie\/#website"},"primaryImageOfPage":{"@id":"https:\/\/www.verdieditions.com\/equilibre-de-vie\/produit\/inventeurs-maladies-jorg-blech\/#primaryimage"},"image":{"@id":"https:\/\/www.verdieditions.com\/equilibre-de-vie\/produit\/inventeurs-maladies-jorg-blech\/#primaryimage"},"thumbnailUrl":"https:\/\/www.verdieditions.com\/equilibre-de-vie\/wp-content\/uploads\/2021\/06\/inventeurs-maladies-jorg-blech.jpg","datePublished":"2021-06-01T14:34:51+00:00","dateModified":"2022-03-31T12:36:42+00:00","description":"J\u00f6rg BLECH - Les inventeurs de maladies, Manoeuvres et manipulations de l'industrie pharmaceutique \u00c9d. Actes Sud, 2005 Dim. 12,5 x 19 282 p","breadcrumb":{"@id":"https:\/\/www.verdieditions.com\/equilibre-de-vie\/produit\/inventeurs-maladies-jorg-blech\/#breadcrumb"},"inLanguage":"fr-FR","potentialAction":[{"@type":"ReadAction","target":["https:\/\/www.verdieditions.com\/equilibre-de-vie\/produit\/inventeurs-maladies-jorg-blech\/"]}]},{"@type":"ImageObject","inLanguage":"fr-FR","@id":"https:\/\/www.verdieditions.com\/equilibre-de-vie\/produit\/inventeurs-maladies-jorg-blech\/#primaryimage","url":"https:\/\/www.verdieditions.com\/equilibre-de-vie\/wp-content\/uploads\/2021\/06\/inventeurs-maladies-jorg-blech.jpg","contentUrl":"https:\/\/www.verdieditions.com\/equilibre-de-vie\/wp-content\/uploads\/2021\/06\/inventeurs-maladies-jorg-blech.jpg","width":800,"height":1202,"caption":"inventeurs-maladies-jorg-blech"},{"@type":"BreadcrumbList","@id":"https:\/\/www.verdieditions.com\/equilibre-de-vie\/produit\/inventeurs-maladies-jorg-blech\/#breadcrumb","itemListElement":[{"@type":"ListItem","position":1,"name":"Accueil","item":"https:\/\/www.verdieditions.com\/equilibre-de-vie\/"},{"@type":"ListItem","position":2,"name":"La boutique","item":"https:\/\/www.verdieditions.com\/equilibre-de-vie\/boutique\/"},{"@type":"ListItem","position":3,"name":"Les inventeurs de maladies &#8211; J\u00f6rg BLECH"}]},{"@type":"WebSite","@id":"https:\/\/www.verdieditions.com\/equilibre-de-vie\/#website","url":"https:\/\/www.verdieditions.com\/equilibre-de-vie\/","name":"Equilibre de Vie","description":"Ma boutique livres sant\u00e9, \u00e9sot\u00e9risme et d\u00e9veloppement personnel","publisher":{"@id":"https:\/\/www.verdieditions.com\/equilibre-de-vie\/#\/schema\/person\/9dcb2a6759f2f5fbf43ac0b44649cecb"},"potentialAction":[{"@type":"SearchAction","target":{"@type":"EntryPoint","urlTemplate":"https:\/\/www.verdieditions.com\/equilibre-de-vie\/?s={search_term_string}"},"query-input":{"@type":"PropertyValueSpecification","valueRequired":true,"valueName":"search_term_string"}}],"inLanguage":"fr-FR"},{"@type":["Person","Organization"],"@id":"https:\/\/www.verdieditions.com\/equilibre-de-vie\/#\/schema\/person\/9dcb2a6759f2f5fbf43ac0b44649cecb","name":"Sylvie VERDI","image":{"@type":"ImageObject","inLanguage":"fr-FR","@id":"https:\/\/www.verdieditions.com\/equilibre-de-vie\/wp-content\/uploads\/2020\/04\/livres-occasion-sante-esoterisme-developpement-personnel-2.jpg","url":"https:\/\/www.verdieditions.com\/equilibre-de-vie\/wp-content\/uploads\/2020\/04\/livres-occasion-sante-esoterisme-developpement-personnel-2.jpg","contentUrl":"https:\/\/www.verdieditions.com\/equilibre-de-vie\/wp-content\/uploads\/2020\/04\/livres-occasion-sante-esoterisme-developpement-personnel-2.jpg","width":800,"height":572,"caption":"Sylvie VERDI"},"logo":{"@id":"https:\/\/www.verdieditions.com\/equilibre-de-vie\/wp-content\/uploads\/2020\/04\/livres-occasion-sante-esoterisme-developpement-personnel-2.jpg"},"sameAs":["https:\/\/www.verdieditions.com\/equilibre-de-vie"]}]}},"_links":{"self":[{"href":"https:\/\/www.verdieditions.com\/equilibre-de-vie\/wp-json\/wp\/v2\/product\/1704","targetHints":{"allow":["GET"]}}],"collection":[{"href":"https:\/\/www.verdieditions.com\/equilibre-de-vie\/wp-json\/wp\/v2\/product"}],"about":[{"href":"https:\/\/www.verdieditions.com\/equilibre-de-vie\/wp-json\/wp\/v2\/types\/product"}],"wp:featuredmedia":[{"embeddable":true,"href":"https:\/\/www.verdieditions.com\/equilibre-de-vie\/wp-json\/wp\/v2\/media\/1707"}],"wp:attachment":[{"href":"https:\/\/www.verdieditions.com\/equilibre-de-vie\/wp-json\/wp\/v2\/media?parent=1704"}],"wp:term":[{"taxonomy":"product_brand","embeddable":true,"href":"https:\/\/www.verdieditions.com\/equilibre-de-vie\/wp-json\/wp\/v2\/product_brand?post=1704"},{"taxonomy":"product_cat","embeddable":true,"href":"https:\/\/www.verdieditions.com\/equilibre-de-vie\/wp-json\/wp\/v2\/product_cat?post=1704"},{"taxonomy":"product_tag","embeddable":true,"href":"https:\/\/www.verdieditions.com\/equilibre-de-vie\/wp-json\/wp\/v2\/product_tag?post=1704"}],"curies":[{"name":"wp","href":"https:\/\/api.w.org\/{rel}","templated":true}]}}