{"id":1701,"date":"2021-06-01T15:55:53","date_gmt":"2021-06-01T13:55:53","guid":{"rendered":"https:\/\/www.verdieditions.com\/equilibre-de-vie\/?post_type=product&#038;p=1701"},"modified":"2024-10-30T18:40:09","modified_gmt":"2024-10-30T17:40:09","slug":"surveiller-punir-foucault","status":"publish","type":"product","link":"https:\/\/www.verdieditions.com\/equilibre-de-vie\/produit\/surveiller-punir-foucault\/","title":{"rendered":"Surveiller et punir &#8211; Michel FOUCAULT"},"content":{"rendered":"<p>Auteur : Michel FOUCAULT<br \/>\nTitre : Surveiller et punir, naissance de la prison<br \/>\n\u00c9diteur : Gallimard, 1993<br \/>\nDim. 12,5 x 19<br \/>\n360 pages <\/p>\n<p>Peut-\u00eatre avons-nous honte aujourd&rsquo;hui de nos prisons. Le XIXe si\u00e8cle, lui, \u00e9tait fier des forteresses qu&rsquo;il construisait aux limites et parfois au c\u0153ur des villes. Ces murs, ces verrous, ces cellules figuraient toute une entreprise d&rsquo;orthop\u00e9die sociale.<br \/>\nCeux qui volent, on les emprisonne ; ceux qui violent, on les emprisonne ; ceux qui tuent, \u00e9galement. D&rsquo;o\u00f9 vient cette \u00e9trange pratique et le curieux projet d&rsquo;enfermer pour redresser, que portent avec eux les Codes p\u00e9naux de l&rsquo;\u00e9poque moderne ? Un vieil h\u00e9ritage des cachots du Moyen \u00c2ge ? Plut\u00f4t une technologie nouvelle : la mise au point, du XVIe au XIXe si\u00e8cle, de tout un ensemble de proc\u00e9dures pour quadriller, contr\u00f4ler, mesurer, dresser les individus, les rendre \u00e0 la fois \u00ab dociles et utiles \u00bb. Surveillance, exercices, man\u0153uvres, notations, rangs et places, classements, examens, enregistrements, toute une mani\u00e8re d&rsquo;assujettir les corps, de ma\u00eetriser les multiplicit\u00e9s humaines et de manipuler leurs forces s&rsquo;est d\u00e9velopp\u00e9e au cours des si\u00e8cles classiques, dans les h\u00f4pitaux, \u00e0 l&rsquo;arm\u00e9e, dans les \u00e9coles, les coll\u00e8ges ou les ateliers : la discipline.<br \/>\nLa prison est \u00e0 replacer dans la formation de cette soci\u00e9t\u00e9 de surveillance.<br \/>\nLa p\u00e9nalit\u00e9 moderne n&rsquo;ose plus dire qu&rsquo;elle punit des crimes ; elle pr\u00e9tend r\u00e9adapter des d\u00e9linquants. Peut-on faire la g\u00e9n\u00e9alogie de la morale moderne \u00e0 partir d&rsquo;une histoire politique des corps ?<\/p>\n","protected":false},"excerpt":{"rendered":"<p>Auteur : Michel FOUCAULT<br \/>\nTitre : Surveiller et punir, naissance de la prison<br \/>\n\u00c9diteur : Gallimard, 1993<br \/>\nDim. 12,5 x 19<br \/>\n360 pages <\/p>\n","protected":false},"featured_media":1702,"template":"","meta":[],"product_brand":[],"product_cat":[22],"product_tag":[135,139],"class_list":{"0":"post-1701","1":"product","2":"type-product","3":"status-publish","4":"has-post-thumbnail","6":"product_cat-developpement-personnel","7":"product_tag-psychologie","8":"product_tag-relations-humaines","10":"first","11":"outofstock","12":"shipping-taxable","13":"product-type-simple"},"yoast_head":"<!-- This site is optimized with the Yoast SEO plugin v27.4 - https:\/\/yoast.com\/product\/yoast-seo-wordpress\/ -->\n<title>Surveiller et punir - Michel FOUCAULT - Equilibre de Vie<\/title>\n<meta name=\"description\" content=\"Auteur : Michel FOUCAULT Titre : Surveiller et punir, naissance de la prison \u00c9diteur : Gallimard, 1993 Dim. 12,5 x 19 360 pages\" \/>\n<meta name=\"robots\" content=\"index, follow, max-snippet:-1, max-image-preview:large, max-video-preview:-1\" \/>\n<link rel=\"canonical\" href=\"https:\/\/www.verdieditions.com\/equilibre-de-vie\/produit\/surveiller-punir-foucault\/\" \/>\n<meta property=\"og:locale\" content=\"fr_FR\" \/>\n<meta property=\"og:type\" content=\"article\" \/>\n<meta property=\"og:title\" content=\"Surveiller et punir - Michel FOUCAULT - Equilibre de Vie\" \/>\n<meta property=\"og:description\" content=\"Auteur : Michel FOUCAULT Titre : Surveiller et punir, naissance de la prison \u00c9diteur : Gallimard, 1993 Dim. 12,5 x 19 360 pages\" \/>\n<meta property=\"og:url\" content=\"https:\/\/www.verdieditions.com\/equilibre-de-vie\/produit\/surveiller-punir-foucault\/\" \/>\n<meta property=\"og:site_name\" content=\"Equilibre de Vie\" \/>\n<meta property=\"article:modified_time\" content=\"2024-10-30T17:40:09+00:00\" \/>\n<meta property=\"og:image\" content=\"https:\/\/www.verdieditions.com\/equilibre-de-vie\/wp-content\/uploads\/2021\/06\/surveiller-punir-foucault-1.jpg\" \/>\n\t<meta property=\"og:image:width\" content=\"800\" \/>\n\t<meta property=\"og:image:height\" content=\"1185\" \/>\n\t<meta property=\"og:image:type\" content=\"image\/jpeg\" \/>\n<meta name=\"twitter:card\" content=\"summary_large_image\" \/>\n<meta name=\"twitter:label1\" content=\"Dur\u00e9e de lecture estim\u00e9e\" \/>\n\t<meta name=\"twitter:data1\" content=\"1 minute\" \/>\n<script type=\"application\/ld+json\" class=\"yoast-schema-graph\">{\"@context\":\"https:\\\/\\\/schema.org\",\"@graph\":[{\"@type\":\"WebPage\",\"@id\":\"https:\\\/\\\/www.verdieditions.com\\\/equilibre-de-vie\\\/produit\\\/surveiller-punir-foucault\\\/\",\"url\":\"https:\\\/\\\/www.verdieditions.com\\\/equilibre-de-vie\\\/produit\\\/surveiller-punir-foucault\\\/\",\"name\":\"Surveiller et punir - Michel FOUCAULT - Equilibre de Vie\",\"isPartOf\":{\"@id\":\"https:\\\/\\\/www.verdieditions.com\\\/equilibre-de-vie\\\/#website\"},\"primaryImageOfPage\":{\"@id\":\"https:\\\/\\\/www.verdieditions.com\\\/equilibre-de-vie\\\/produit\\\/surveiller-punir-foucault\\\/#primaryimage\"},\"image\":{\"@id\":\"https:\\\/\\\/www.verdieditions.com\\\/equilibre-de-vie\\\/produit\\\/surveiller-punir-foucault\\\/#primaryimage\"},\"thumbnailUrl\":\"https:\\\/\\\/www.verdieditions.com\\\/equilibre-de-vie\\\/wp-content\\\/uploads\\\/2021\\\/06\\\/surveiller-punir-foucault-1.jpg\",\"datePublished\":\"2021-06-01T13:55:53+00:00\",\"dateModified\":\"2024-10-30T17:40:09+00:00\",\"description\":\"Auteur : Michel FOUCAULT Titre : Surveiller et punir, naissance de la prison \u00c9diteur : Gallimard, 1993 Dim. 12,5 x 19 360 pages\",\"breadcrumb\":{\"@id\":\"https:\\\/\\\/www.verdieditions.com\\\/equilibre-de-vie\\\/produit\\\/surveiller-punir-foucault\\\/#breadcrumb\"},\"inLanguage\":\"fr-FR\",\"potentialAction\":[{\"@type\":\"ReadAction\",\"target\":[\"https:\\\/\\\/www.verdieditions.com\\\/equilibre-de-vie\\\/produit\\\/surveiller-punir-foucault\\\/\"]}]},{\"@type\":\"ImageObject\",\"inLanguage\":\"fr-FR\",\"@id\":\"https:\\\/\\\/www.verdieditions.com\\\/equilibre-de-vie\\\/produit\\\/surveiller-punir-foucault\\\/#primaryimage\",\"url\":\"https:\\\/\\\/www.verdieditions.com\\\/equilibre-de-vie\\\/wp-content\\\/uploads\\\/2021\\\/06\\\/surveiller-punir-foucault-1.jpg\",\"contentUrl\":\"https:\\\/\\\/www.verdieditions.com\\\/equilibre-de-vie\\\/wp-content\\\/uploads\\\/2021\\\/06\\\/surveiller-punir-foucault-1.jpg\",\"width\":800,\"height\":1185,\"caption\":\"surveiller-punir-foucault-1\"},{\"@type\":\"BreadcrumbList\",\"@id\":\"https:\\\/\\\/www.verdieditions.com\\\/equilibre-de-vie\\\/produit\\\/surveiller-punir-foucault\\\/#breadcrumb\",\"itemListElement\":[{\"@type\":\"ListItem\",\"position\":1,\"name\":\"Accueil\",\"item\":\"https:\\\/\\\/www.verdieditions.com\\\/equilibre-de-vie\\\/\"},{\"@type\":\"ListItem\",\"position\":2,\"name\":\"La boutique\",\"item\":\"https:\\\/\\\/www.verdieditions.com\\\/equilibre-de-vie\\\/boutique\\\/\"},{\"@type\":\"ListItem\",\"position\":3,\"name\":\"Surveiller et punir &#8211; Michel FOUCAULT\"}]},{\"@type\":\"WebSite\",\"@id\":\"https:\\\/\\\/www.verdieditions.com\\\/equilibre-de-vie\\\/#website\",\"url\":\"https:\\\/\\\/www.verdieditions.com\\\/equilibre-de-vie\\\/\",\"name\":\"Equilibre de Vie\",\"description\":\"Ma boutique livres sant\u00e9, \u00e9sot\u00e9risme et d\u00e9veloppement personnel\",\"publisher\":{\"@id\":\"https:\\\/\\\/www.verdieditions.com\\\/equilibre-de-vie\\\/#\\\/schema\\\/person\\\/9dcb2a6759f2f5fbf43ac0b44649cecb\"},\"potentialAction\":[{\"@type\":\"SearchAction\",\"target\":{\"@type\":\"EntryPoint\",\"urlTemplate\":\"https:\\\/\\\/www.verdieditions.com\\\/equilibre-de-vie\\\/?s={search_term_string}\"},\"query-input\":{\"@type\":\"PropertyValueSpecification\",\"valueRequired\":true,\"valueName\":\"search_term_string\"}}],\"inLanguage\":\"fr-FR\"},{\"@type\":[\"Person\",\"Organization\"],\"@id\":\"https:\\\/\\\/www.verdieditions.com\\\/equilibre-de-vie\\\/#\\\/schema\\\/person\\\/9dcb2a6759f2f5fbf43ac0b44649cecb\",\"name\":\"Sylvie VERDI\",\"image\":{\"@type\":\"ImageObject\",\"inLanguage\":\"fr-FR\",\"@id\":\"https:\\\/\\\/www.verdieditions.com\\\/equilibre-de-vie\\\/wp-content\\\/uploads\\\/2020\\\/04\\\/livres-occasion-sante-esoterisme-developpement-personnel-2.jpg\",\"url\":\"https:\\\/\\\/www.verdieditions.com\\\/equilibre-de-vie\\\/wp-content\\\/uploads\\\/2020\\\/04\\\/livres-occasion-sante-esoterisme-developpement-personnel-2.jpg\",\"contentUrl\":\"https:\\\/\\\/www.verdieditions.com\\\/equilibre-de-vie\\\/wp-content\\\/uploads\\\/2020\\\/04\\\/livres-occasion-sante-esoterisme-developpement-personnel-2.jpg\",\"width\":800,\"height\":572,\"caption\":\"Sylvie VERDI\"},\"logo\":{\"@id\":\"https:\\\/\\\/www.verdieditions.com\\\/equilibre-de-vie\\\/wp-content\\\/uploads\\\/2020\\\/04\\\/livres-occasion-sante-esoterisme-developpement-personnel-2.jpg\"},\"sameAs\":[\"https:\\\/\\\/www.verdieditions.com\\\/equilibre-de-vie\"]}]}<\/script>\n<!-- \/ Yoast SEO plugin. -->","yoast_head_json":{"title":"Surveiller et punir - Michel FOUCAULT - Equilibre de Vie","description":"Auteur : Michel FOUCAULT Titre : Surveiller et punir, naissance de la prison \u00c9diteur : Gallimard, 1993 Dim. 12,5 x 19 360 pages","robots":{"index":"index","follow":"follow","max-snippet":"max-snippet:-1","max-image-preview":"max-image-preview:large","max-video-preview":"max-video-preview:-1"},"canonical":"https:\/\/www.verdieditions.com\/equilibre-de-vie\/produit\/surveiller-punir-foucault\/","og_locale":"fr_FR","og_type":"article","og_title":"Surveiller et punir - Michel FOUCAULT - Equilibre de Vie","og_description":"Auteur : Michel FOUCAULT Titre : Surveiller et punir, naissance de la prison \u00c9diteur : Gallimard, 1993 Dim. 12,5 x 19 360 pages","og_url":"https:\/\/www.verdieditions.com\/equilibre-de-vie\/produit\/surveiller-punir-foucault\/","og_site_name":"Equilibre de Vie","article_modified_time":"2024-10-30T17:40:09+00:00","og_image":[{"width":800,"height":1185,"url":"https:\/\/www.verdieditions.com\/equilibre-de-vie\/wp-content\/uploads\/2021\/06\/surveiller-punir-foucault-1.jpg","type":"image\/jpeg"}],"twitter_card":"summary_large_image","twitter_misc":{"Dur\u00e9e de lecture estim\u00e9e":"1 minute"},"schema":{"@context":"https:\/\/schema.org","@graph":[{"@type":"WebPage","@id":"https:\/\/www.verdieditions.com\/equilibre-de-vie\/produit\/surveiller-punir-foucault\/","url":"https:\/\/www.verdieditions.com\/equilibre-de-vie\/produit\/surveiller-punir-foucault\/","name":"Surveiller et punir - Michel FOUCAULT - Equilibre de Vie","isPartOf":{"@id":"https:\/\/www.verdieditions.com\/equilibre-de-vie\/#website"},"primaryImageOfPage":{"@id":"https:\/\/www.verdieditions.com\/equilibre-de-vie\/produit\/surveiller-punir-foucault\/#primaryimage"},"image":{"@id":"https:\/\/www.verdieditions.com\/equilibre-de-vie\/produit\/surveiller-punir-foucault\/#primaryimage"},"thumbnailUrl":"https:\/\/www.verdieditions.com\/equilibre-de-vie\/wp-content\/uploads\/2021\/06\/surveiller-punir-foucault-1.jpg","datePublished":"2021-06-01T13:55:53+00:00","dateModified":"2024-10-30T17:40:09+00:00","description":"Auteur : Michel FOUCAULT Titre : Surveiller et punir, naissance de la prison \u00c9diteur : Gallimard, 1993 Dim. 12,5 x 19 360 pages","breadcrumb":{"@id":"https:\/\/www.verdieditions.com\/equilibre-de-vie\/produit\/surveiller-punir-foucault\/#breadcrumb"},"inLanguage":"fr-FR","potentialAction":[{"@type":"ReadAction","target":["https:\/\/www.verdieditions.com\/equilibre-de-vie\/produit\/surveiller-punir-foucault\/"]}]},{"@type":"ImageObject","inLanguage":"fr-FR","@id":"https:\/\/www.verdieditions.com\/equilibre-de-vie\/produit\/surveiller-punir-foucault\/#primaryimage","url":"https:\/\/www.verdieditions.com\/equilibre-de-vie\/wp-content\/uploads\/2021\/06\/surveiller-punir-foucault-1.jpg","contentUrl":"https:\/\/www.verdieditions.com\/equilibre-de-vie\/wp-content\/uploads\/2021\/06\/surveiller-punir-foucault-1.jpg","width":800,"height":1185,"caption":"surveiller-punir-foucault-1"},{"@type":"BreadcrumbList","@id":"https:\/\/www.verdieditions.com\/equilibre-de-vie\/produit\/surveiller-punir-foucault\/#breadcrumb","itemListElement":[{"@type":"ListItem","position":1,"name":"Accueil","item":"https:\/\/www.verdieditions.com\/equilibre-de-vie\/"},{"@type":"ListItem","position":2,"name":"La boutique","item":"https:\/\/www.verdieditions.com\/equilibre-de-vie\/boutique\/"},{"@type":"ListItem","position":3,"name":"Surveiller et punir &#8211; Michel FOUCAULT"}]},{"@type":"WebSite","@id":"https:\/\/www.verdieditions.com\/equilibre-de-vie\/#website","url":"https:\/\/www.verdieditions.com\/equilibre-de-vie\/","name":"Equilibre de Vie","description":"Ma boutique livres sant\u00e9, \u00e9sot\u00e9risme et d\u00e9veloppement personnel","publisher":{"@id":"https:\/\/www.verdieditions.com\/equilibre-de-vie\/#\/schema\/person\/9dcb2a6759f2f5fbf43ac0b44649cecb"},"potentialAction":[{"@type":"SearchAction","target":{"@type":"EntryPoint","urlTemplate":"https:\/\/www.verdieditions.com\/equilibre-de-vie\/?s={search_term_string}"},"query-input":{"@type":"PropertyValueSpecification","valueRequired":true,"valueName":"search_term_string"}}],"inLanguage":"fr-FR"},{"@type":["Person","Organization"],"@id":"https:\/\/www.verdieditions.com\/equilibre-de-vie\/#\/schema\/person\/9dcb2a6759f2f5fbf43ac0b44649cecb","name":"Sylvie VERDI","image":{"@type":"ImageObject","inLanguage":"fr-FR","@id":"https:\/\/www.verdieditions.com\/equilibre-de-vie\/wp-content\/uploads\/2020\/04\/livres-occasion-sante-esoterisme-developpement-personnel-2.jpg","url":"https:\/\/www.verdieditions.com\/equilibre-de-vie\/wp-content\/uploads\/2020\/04\/livres-occasion-sante-esoterisme-developpement-personnel-2.jpg","contentUrl":"https:\/\/www.verdieditions.com\/equilibre-de-vie\/wp-content\/uploads\/2020\/04\/livres-occasion-sante-esoterisme-developpement-personnel-2.jpg","width":800,"height":572,"caption":"Sylvie VERDI"},"logo":{"@id":"https:\/\/www.verdieditions.com\/equilibre-de-vie\/wp-content\/uploads\/2020\/04\/livres-occasion-sante-esoterisme-developpement-personnel-2.jpg"},"sameAs":["https:\/\/www.verdieditions.com\/equilibre-de-vie"]}]}},"_links":{"self":[{"href":"https:\/\/www.verdieditions.com\/equilibre-de-vie\/wp-json\/wp\/v2\/product\/1701","targetHints":{"allow":["GET"]}}],"collection":[{"href":"https:\/\/www.verdieditions.com\/equilibre-de-vie\/wp-json\/wp\/v2\/product"}],"about":[{"href":"https:\/\/www.verdieditions.com\/equilibre-de-vie\/wp-json\/wp\/v2\/types\/product"}],"wp:featuredmedia":[{"embeddable":true,"href":"https:\/\/www.verdieditions.com\/equilibre-de-vie\/wp-json\/wp\/v2\/media\/1702"}],"wp:attachment":[{"href":"https:\/\/www.verdieditions.com\/equilibre-de-vie\/wp-json\/wp\/v2\/media?parent=1701"}],"wp:term":[{"taxonomy":"product_brand","embeddable":true,"href":"https:\/\/www.verdieditions.com\/equilibre-de-vie\/wp-json\/wp\/v2\/product_brand?post=1701"},{"taxonomy":"product_cat","embeddable":true,"href":"https:\/\/www.verdieditions.com\/equilibre-de-vie\/wp-json\/wp\/v2\/product_cat?post=1701"},{"taxonomy":"product_tag","embeddable":true,"href":"https:\/\/www.verdieditions.com\/equilibre-de-vie\/wp-json\/wp\/v2\/product_tag?post=1701"}],"curies":[{"name":"wp","href":"https:\/\/api.w.org\/{rel}","templated":true}]}}