{"id":1606,"date":"2021-03-03T11:35:23","date_gmt":"2021-03-03T10:35:23","guid":{"rendered":"https:\/\/www.verdieditions.com\/equilibre-de-vie\/?post_type=product&#038;p=1606"},"modified":"2025-05-21T12:40:42","modified_gmt":"2025-05-21T10:40:42","slug":"dogna-prenez-main-sante","status":"publish","type":"product","link":"https:\/\/www.verdieditions.com\/equilibre-de-vie\/produit\/dogna-prenez-main-sante\/","title":{"rendered":"Prenez en main vote sant\u00e9 &#8211; Nouvelle \u00e9dition &#8211; Michel DOGNA"},"content":{"rendered":"<p>Auteur : Michel DOGNA<br \/>\nTitre : Prenez en main vote sant\u00e9, toutes les maladies courantes<br \/>\n\u00c9diteur : Guy Tr\u00e9daniel, 2001, Nouvelle \u00e9dition augment\u00e9e (Tome 1)<br \/>\n\u00c9dition originale<br \/>\nDim. 19 x 26<br \/>\n570 pages<br \/>\n1,181 kg<\/p>\n<p>Il y a plus de 20 ans paraissait la premi\u00e8re \u00e9dition de Prenez en main votre sant\u00e9. Cet ouvrage, novateur \u00e0 l&rsquo;\u00e9poque, pr\u00e9sentait une panoplie de rem\u00e8des simples et efficaces pour 100 maladies courantes dans le contexte familial. Il proposait une \u00e9chappatoire \u00e0 une\u00a0\u00bbpharmaco-chimie\u00a0\u00bb se bornant souvent \u00e0 masquer les sympt\u00f4mes des malades et visant \u00e0 fid\u00e9liser le consommateur.<\/p>\n<p>Depuis, Michel Dogna a parcouru un long chemin dans les voies th\u00e9rapeutiques. Entre secrets de vieux m\u00e9decins, m\u00e9dicaments occult\u00e9s ou oubli\u00e9s, rem\u00e8des \u00e9trangers bloqu\u00e9s \u00e0 nos fronti\u00e8res et sagesse des anciens pour une sant\u00e9 du corps et de l&rsquo;esprit, l&rsquo;auteur propose une excellente synth\u00e8se pratique de moyens in\u00e9dits de gu\u00e9rison. Par ailleurs, une analyse lucide des cons\u00e9quences de la \u00ab\u00a0m\u00e9diocratie\u00a0\u00bb institutionnelle sur la sant\u00e9 publique donne le ton au travers d&rsquo;une solide philosophie d\u00e9fendant le naturel, la libre disposition de notre corps, le respect des animaux, des plantes et de l&rsquo;environnement, tout ceci formant un tout indissociable. <\/p>\n","protected":false},"excerpt":{"rendered":"<p>Auteur : Michel DOGNA<br \/>\nTitre : Prenez en main vote sant\u00e9, toutes les maladies courantes<br \/>\n\u00c9diteur : Guy Tr\u00e9daniel, 2001, Nouvelle \u00e9dition augment\u00e9e (Tome 1)<br \/>\n\u00c9dition originale<br \/>\nDim. 19 x 26<br \/>\n570 pages<br \/>\n1,181 kg<\/p>\n","protected":false},"featured_media":1632,"template":"","meta":[],"product_brand":[],"product_cat":[21],"product_tag":[238,98,101,199,265],"class_list":{"0":"post-1606","1":"product","2":"type-product","3":"status-publish","4":"has-post-thumbnail","6":"product_cat-sante","7":"product_tag-alimentation","8":"product_tag-medecine-alternative","9":"product_tag-medical","10":"product_tag-naturopathe","11":"product_tag-philosophie","13":"first","14":"outofstock","15":"shipping-taxable","16":"product-type-simple"},"yoast_head":"<!-- This site is optimized with the Yoast SEO plugin v27.4 - https:\/\/yoast.com\/product\/yoast-seo-wordpress\/ -->\n<title>Prenez en main vote sant\u00e9 - Nouvelle \u00e9dition - Michel DOGNA<\/title>\n<meta name=\"description\" content=\"Michel DOGNA - Prenez en main vote sant\u00e9, toutes les maladies courantes - Tr\u00e9daniel, 2001, Nvlle \u00e9dition augment\u00e9e (Tome 1) - 19 x 26 - 570 p\" \/>\n<meta name=\"robots\" content=\"index, follow, max-snippet:-1, max-image-preview:large, max-video-preview:-1\" \/>\n<link rel=\"canonical\" href=\"https:\/\/www.verdieditions.com\/equilibre-de-vie\/produit\/dogna-prenez-main-sante\/\" \/>\n<meta property=\"og:locale\" content=\"fr_FR\" \/>\n<meta property=\"og:type\" content=\"article\" \/>\n<meta property=\"og:title\" content=\"Prenez en main vote sant\u00e9 - Nouvelle \u00e9dition - Michel DOGNA\" \/>\n<meta property=\"og:description\" content=\"Michel DOGNA - Prenez en main vote sant\u00e9, toutes les maladies courantes - Tr\u00e9daniel, 2001, Nvlle \u00e9dition augment\u00e9e (Tome 1) - 19 x 26 - 570 p\" \/>\n<meta property=\"og:url\" content=\"https:\/\/www.verdieditions.com\/equilibre-de-vie\/produit\/dogna-prenez-main-sante\/\" \/>\n<meta property=\"og:site_name\" content=\"Equilibre de Vie\" \/>\n<meta property=\"article:modified_time\" content=\"2025-05-21T10:40:42+00:00\" \/>\n<meta property=\"og:image\" content=\"https:\/\/www.verdieditions.com\/equilibre-de-vie\/wp-content\/uploads\/2021\/03\/dogna-prenez-sante-mains-1.jpg\" \/>\n\t<meta property=\"og:image:width\" content=\"752\" \/>\n\t<meta property=\"og:image:height\" content=\"1011\" \/>\n\t<meta property=\"og:image:type\" content=\"image\/jpeg\" \/>\n<meta name=\"twitter:card\" content=\"summary_large_image\" \/>\n<meta name=\"twitter:label1\" content=\"Dur\u00e9e de lecture estim\u00e9e\" \/>\n\t<meta name=\"twitter:data1\" content=\"1 minute\" \/>\n<script type=\"application\/ld+json\" class=\"yoast-schema-graph\">{\"@context\":\"https:\\\/\\\/schema.org\",\"@graph\":[{\"@type\":\"WebPage\",\"@id\":\"https:\\\/\\\/www.verdieditions.com\\\/equilibre-de-vie\\\/produit\\\/dogna-prenez-main-sante\\\/\",\"url\":\"https:\\\/\\\/www.verdieditions.com\\\/equilibre-de-vie\\\/produit\\\/dogna-prenez-main-sante\\\/\",\"name\":\"Prenez en main vote sant\u00e9 - Nouvelle \u00e9dition - Michel DOGNA\",\"isPartOf\":{\"@id\":\"https:\\\/\\\/www.verdieditions.com\\\/equilibre-de-vie\\\/#website\"},\"primaryImageOfPage\":{\"@id\":\"https:\\\/\\\/www.verdieditions.com\\\/equilibre-de-vie\\\/produit\\\/dogna-prenez-main-sante\\\/#primaryimage\"},\"image\":{\"@id\":\"https:\\\/\\\/www.verdieditions.com\\\/equilibre-de-vie\\\/produit\\\/dogna-prenez-main-sante\\\/#primaryimage\"},\"thumbnailUrl\":\"https:\\\/\\\/www.verdieditions.com\\\/equilibre-de-vie\\\/wp-content\\\/uploads\\\/2021\\\/03\\\/dogna-prenez-sante-mains-1.jpg\",\"datePublished\":\"2021-03-03T10:35:23+00:00\",\"dateModified\":\"2025-05-21T10:40:42+00:00\",\"description\":\"Michel DOGNA - Prenez en main vote sant\u00e9, toutes les maladies courantes - Tr\u00e9daniel, 2001, Nvlle \u00e9dition augment\u00e9e (Tome 1) - 19 x 26 - 570 p\",\"breadcrumb\":{\"@id\":\"https:\\\/\\\/www.verdieditions.com\\\/equilibre-de-vie\\\/produit\\\/dogna-prenez-main-sante\\\/#breadcrumb\"},\"inLanguage\":\"fr-FR\",\"potentialAction\":[{\"@type\":\"ReadAction\",\"target\":[\"https:\\\/\\\/www.verdieditions.com\\\/equilibre-de-vie\\\/produit\\\/dogna-prenez-main-sante\\\/\"]}]},{\"@type\":\"ImageObject\",\"inLanguage\":\"fr-FR\",\"@id\":\"https:\\\/\\\/www.verdieditions.com\\\/equilibre-de-vie\\\/produit\\\/dogna-prenez-main-sante\\\/#primaryimage\",\"url\":\"https:\\\/\\\/www.verdieditions.com\\\/equilibre-de-vie\\\/wp-content\\\/uploads\\\/2021\\\/03\\\/dogna-prenez-sante-mains-1.jpg\",\"contentUrl\":\"https:\\\/\\\/www.verdieditions.com\\\/equilibre-de-vie\\\/wp-content\\\/uploads\\\/2021\\\/03\\\/dogna-prenez-sante-mains-1.jpg\",\"width\":752,\"height\":1011,\"caption\":\"dogna-prenez-sante-mains-1\"},{\"@type\":\"BreadcrumbList\",\"@id\":\"https:\\\/\\\/www.verdieditions.com\\\/equilibre-de-vie\\\/produit\\\/dogna-prenez-main-sante\\\/#breadcrumb\",\"itemListElement\":[{\"@type\":\"ListItem\",\"position\":1,\"name\":\"Accueil\",\"item\":\"https:\\\/\\\/www.verdieditions.com\\\/equilibre-de-vie\\\/\"},{\"@type\":\"ListItem\",\"position\":2,\"name\":\"La boutique\",\"item\":\"https:\\\/\\\/www.verdieditions.com\\\/equilibre-de-vie\\\/boutique\\\/\"},{\"@type\":\"ListItem\",\"position\":3,\"name\":\"Prenez en main vote sant\u00e9 &#8211; Nouvelle \u00e9dition &#8211; Michel DOGNA\"}]},{\"@type\":\"WebSite\",\"@id\":\"https:\\\/\\\/www.verdieditions.com\\\/equilibre-de-vie\\\/#website\",\"url\":\"https:\\\/\\\/www.verdieditions.com\\\/equilibre-de-vie\\\/\",\"name\":\"Equilibre de Vie\",\"description\":\"Ma boutique livres sant\u00e9, \u00e9sot\u00e9risme et d\u00e9veloppement personnel\",\"publisher\":{\"@id\":\"https:\\\/\\\/www.verdieditions.com\\\/equilibre-de-vie\\\/#\\\/schema\\\/person\\\/9dcb2a6759f2f5fbf43ac0b44649cecb\"},\"potentialAction\":[{\"@type\":\"SearchAction\",\"target\":{\"@type\":\"EntryPoint\",\"urlTemplate\":\"https:\\\/\\\/www.verdieditions.com\\\/equilibre-de-vie\\\/?s={search_term_string}\"},\"query-input\":{\"@type\":\"PropertyValueSpecification\",\"valueRequired\":true,\"valueName\":\"search_term_string\"}}],\"inLanguage\":\"fr-FR\"},{\"@type\":[\"Person\",\"Organization\"],\"@id\":\"https:\\\/\\\/www.verdieditions.com\\\/equilibre-de-vie\\\/#\\\/schema\\\/person\\\/9dcb2a6759f2f5fbf43ac0b44649cecb\",\"name\":\"Sylvie VERDI\",\"image\":{\"@type\":\"ImageObject\",\"inLanguage\":\"fr-FR\",\"@id\":\"https:\\\/\\\/www.verdieditions.com\\\/equilibre-de-vie\\\/wp-content\\\/uploads\\\/2020\\\/04\\\/livres-occasion-sante-esoterisme-developpement-personnel-2.jpg\",\"url\":\"https:\\\/\\\/www.verdieditions.com\\\/equilibre-de-vie\\\/wp-content\\\/uploads\\\/2020\\\/04\\\/livres-occasion-sante-esoterisme-developpement-personnel-2.jpg\",\"contentUrl\":\"https:\\\/\\\/www.verdieditions.com\\\/equilibre-de-vie\\\/wp-content\\\/uploads\\\/2020\\\/04\\\/livres-occasion-sante-esoterisme-developpement-personnel-2.jpg\",\"width\":800,\"height\":572,\"caption\":\"Sylvie VERDI\"},\"logo\":{\"@id\":\"https:\\\/\\\/www.verdieditions.com\\\/equilibre-de-vie\\\/wp-content\\\/uploads\\\/2020\\\/04\\\/livres-occasion-sante-esoterisme-developpement-personnel-2.jpg\"},\"sameAs\":[\"https:\\\/\\\/www.verdieditions.com\\\/equilibre-de-vie\"]}]}<\/script>\n<!-- \/ Yoast SEO plugin. -->","yoast_head_json":{"title":"Prenez en main vote sant\u00e9 - Nouvelle \u00e9dition - Michel DOGNA","description":"Michel DOGNA - Prenez en main vote sant\u00e9, toutes les maladies courantes - Tr\u00e9daniel, 2001, Nvlle \u00e9dition augment\u00e9e (Tome 1) - 19 x 26 - 570 p","robots":{"index":"index","follow":"follow","max-snippet":"max-snippet:-1","max-image-preview":"max-image-preview:large","max-video-preview":"max-video-preview:-1"},"canonical":"https:\/\/www.verdieditions.com\/equilibre-de-vie\/produit\/dogna-prenez-main-sante\/","og_locale":"fr_FR","og_type":"article","og_title":"Prenez en main vote sant\u00e9 - Nouvelle \u00e9dition - Michel DOGNA","og_description":"Michel DOGNA - Prenez en main vote sant\u00e9, toutes les maladies courantes - Tr\u00e9daniel, 2001, Nvlle \u00e9dition augment\u00e9e (Tome 1) - 19 x 26 - 570 p","og_url":"https:\/\/www.verdieditions.com\/equilibre-de-vie\/produit\/dogna-prenez-main-sante\/","og_site_name":"Equilibre de Vie","article_modified_time":"2025-05-21T10:40:42+00:00","og_image":[{"width":752,"height":1011,"url":"https:\/\/www.verdieditions.com\/equilibre-de-vie\/wp-content\/uploads\/2021\/03\/dogna-prenez-sante-mains-1.jpg","type":"image\/jpeg"}],"twitter_card":"summary_large_image","twitter_misc":{"Dur\u00e9e de lecture estim\u00e9e":"1 minute"},"schema":{"@context":"https:\/\/schema.org","@graph":[{"@type":"WebPage","@id":"https:\/\/www.verdieditions.com\/equilibre-de-vie\/produit\/dogna-prenez-main-sante\/","url":"https:\/\/www.verdieditions.com\/equilibre-de-vie\/produit\/dogna-prenez-main-sante\/","name":"Prenez en main vote sant\u00e9 - Nouvelle \u00e9dition - Michel DOGNA","isPartOf":{"@id":"https:\/\/www.verdieditions.com\/equilibre-de-vie\/#website"},"primaryImageOfPage":{"@id":"https:\/\/www.verdieditions.com\/equilibre-de-vie\/produit\/dogna-prenez-main-sante\/#primaryimage"},"image":{"@id":"https:\/\/www.verdieditions.com\/equilibre-de-vie\/produit\/dogna-prenez-main-sante\/#primaryimage"},"thumbnailUrl":"https:\/\/www.verdieditions.com\/equilibre-de-vie\/wp-content\/uploads\/2021\/03\/dogna-prenez-sante-mains-1.jpg","datePublished":"2021-03-03T10:35:23+00:00","dateModified":"2025-05-21T10:40:42+00:00","description":"Michel DOGNA - Prenez en main vote sant\u00e9, toutes les maladies courantes - Tr\u00e9daniel, 2001, Nvlle \u00e9dition augment\u00e9e (Tome 1) - 19 x 26 - 570 p","breadcrumb":{"@id":"https:\/\/www.verdieditions.com\/equilibre-de-vie\/produit\/dogna-prenez-main-sante\/#breadcrumb"},"inLanguage":"fr-FR","potentialAction":[{"@type":"ReadAction","target":["https:\/\/www.verdieditions.com\/equilibre-de-vie\/produit\/dogna-prenez-main-sante\/"]}]},{"@type":"ImageObject","inLanguage":"fr-FR","@id":"https:\/\/www.verdieditions.com\/equilibre-de-vie\/produit\/dogna-prenez-main-sante\/#primaryimage","url":"https:\/\/www.verdieditions.com\/equilibre-de-vie\/wp-content\/uploads\/2021\/03\/dogna-prenez-sante-mains-1.jpg","contentUrl":"https:\/\/www.verdieditions.com\/equilibre-de-vie\/wp-content\/uploads\/2021\/03\/dogna-prenez-sante-mains-1.jpg","width":752,"height":1011,"caption":"dogna-prenez-sante-mains-1"},{"@type":"BreadcrumbList","@id":"https:\/\/www.verdieditions.com\/equilibre-de-vie\/produit\/dogna-prenez-main-sante\/#breadcrumb","itemListElement":[{"@type":"ListItem","position":1,"name":"Accueil","item":"https:\/\/www.verdieditions.com\/equilibre-de-vie\/"},{"@type":"ListItem","position":2,"name":"La boutique","item":"https:\/\/www.verdieditions.com\/equilibre-de-vie\/boutique\/"},{"@type":"ListItem","position":3,"name":"Prenez en main vote sant\u00e9 &#8211; Nouvelle \u00e9dition &#8211; Michel DOGNA"}]},{"@type":"WebSite","@id":"https:\/\/www.verdieditions.com\/equilibre-de-vie\/#website","url":"https:\/\/www.verdieditions.com\/equilibre-de-vie\/","name":"Equilibre de Vie","description":"Ma boutique livres sant\u00e9, \u00e9sot\u00e9risme et d\u00e9veloppement personnel","publisher":{"@id":"https:\/\/www.verdieditions.com\/equilibre-de-vie\/#\/schema\/person\/9dcb2a6759f2f5fbf43ac0b44649cecb"},"potentialAction":[{"@type":"SearchAction","target":{"@type":"EntryPoint","urlTemplate":"https:\/\/www.verdieditions.com\/equilibre-de-vie\/?s={search_term_string}"},"query-input":{"@type":"PropertyValueSpecification","valueRequired":true,"valueName":"search_term_string"}}],"inLanguage":"fr-FR"},{"@type":["Person","Organization"],"@id":"https:\/\/www.verdieditions.com\/equilibre-de-vie\/#\/schema\/person\/9dcb2a6759f2f5fbf43ac0b44649cecb","name":"Sylvie VERDI","image":{"@type":"ImageObject","inLanguage":"fr-FR","@id":"https:\/\/www.verdieditions.com\/equilibre-de-vie\/wp-content\/uploads\/2020\/04\/livres-occasion-sante-esoterisme-developpement-personnel-2.jpg","url":"https:\/\/www.verdieditions.com\/equilibre-de-vie\/wp-content\/uploads\/2020\/04\/livres-occasion-sante-esoterisme-developpement-personnel-2.jpg","contentUrl":"https:\/\/www.verdieditions.com\/equilibre-de-vie\/wp-content\/uploads\/2020\/04\/livres-occasion-sante-esoterisme-developpement-personnel-2.jpg","width":800,"height":572,"caption":"Sylvie VERDI"},"logo":{"@id":"https:\/\/www.verdieditions.com\/equilibre-de-vie\/wp-content\/uploads\/2020\/04\/livres-occasion-sante-esoterisme-developpement-personnel-2.jpg"},"sameAs":["https:\/\/www.verdieditions.com\/equilibre-de-vie"]}]}},"_links":{"self":[{"href":"https:\/\/www.verdieditions.com\/equilibre-de-vie\/wp-json\/wp\/v2\/product\/1606","targetHints":{"allow":["GET"]}}],"collection":[{"href":"https:\/\/www.verdieditions.com\/equilibre-de-vie\/wp-json\/wp\/v2\/product"}],"about":[{"href":"https:\/\/www.verdieditions.com\/equilibre-de-vie\/wp-json\/wp\/v2\/types\/product"}],"wp:featuredmedia":[{"embeddable":true,"href":"https:\/\/www.verdieditions.com\/equilibre-de-vie\/wp-json\/wp\/v2\/media\/1632"}],"wp:attachment":[{"href":"https:\/\/www.verdieditions.com\/equilibre-de-vie\/wp-json\/wp\/v2\/media?parent=1606"}],"wp:term":[{"taxonomy":"product_brand","embeddable":true,"href":"https:\/\/www.verdieditions.com\/equilibre-de-vie\/wp-json\/wp\/v2\/product_brand?post=1606"},{"taxonomy":"product_cat","embeddable":true,"href":"https:\/\/www.verdieditions.com\/equilibre-de-vie\/wp-json\/wp\/v2\/product_cat?post=1606"},{"taxonomy":"product_tag","embeddable":true,"href":"https:\/\/www.verdieditions.com\/equilibre-de-vie\/wp-json\/wp\/v2\/product_tag?post=1606"}],"curies":[{"name":"wp","href":"https:\/\/api.w.org\/{rel}","templated":true}]}}