{"id":1602,"date":"2021-03-03T10:57:00","date_gmt":"2021-03-03T09:57:00","guid":{"rendered":"https:\/\/www.verdieditions.com\/equilibre-de-vie\/?post_type=product&#038;p=1602"},"modified":"2024-02-06T13:35:06","modified_gmt":"2024-02-06T12:35:06","slug":"gestes-trahissent-messinger-2001","status":"publish","type":"product","link":"https:\/\/www.verdieditions.com\/equilibre-de-vie\/produit\/gestes-trahissent-messinger-2001\/","title":{"rendered":"Ces gestes qui vous trahissent &#8211; Nouvelle \u00e9dition &#8211; Joseph MESSINGER"},"content":{"rendered":"<p>Auteur : Joseph MESSINGER<br \/>\nTitre : Ces gestes qui vous trahissent, d\u00e9couvrez le sens cach\u00e9 de vos gestes<br \/>\n\u00c9diteur : First, 2001, Nouvelle \u00e9dition<br \/>\n\u00c9dition originale, avec de nombreuses photos N&#038;B<br \/>\nDim. 14,5 x 22,5<br \/>\n350 pages<\/p>\n<p>Les gestes les plus anodins traduisent nos pens\u00e9es les plus secr\u00e8tes.<br \/>\nDepuis la mani\u00e8re d&rsquo;allumer une cigarette, de croiser les jambes ou de passer la main dans les cheveux, chacun de nos mouvements correspond \u00e0 l&rsquo;atmosph\u00e8re qui pr\u00e9vaut dans notre climat mental ou \u00e0 l&rsquo;organisation de notre personnalit\u00e9. De l&rsquo;anxi\u00e9t\u00e9 \u00e0 la satisfaction d&rsquo;un d\u00e9sir, du sentiment de culpabilit\u00e9 \u00e0 la frustration, aucune manifestation affective n&rsquo;\u00e9chappe \u00e0 sa traduction corporelle.<\/p>\n<p>Ce livre est un v\u00e9ritable d\u00e9codeur gestuel, consultable \u00e0 volont\u00e9.<br \/>\nIl s&rsquo;adresse \u00e0 ceux pour qui la relation \u00e0 l&rsquo;autre est un enjeu professionnel : enseignants, n\u00e9gociateurs, commerciaux, recruteurs, psychologues, formateurs, consultants, avocats, m\u00e9decins, etc., ainsi qu&rsquo;\u00e0 ceux qui vivent de, par, pour et \u00e0 travers leur image publique. ,\u00e0 tous, il servira de vade-mecum pour apprendre \u00e0 privil\u00e9gier les attitudes corporelles qui valorisent et chasser celles qui disqualifient.<\/p>\n<p>Une nouvelle \u00e9dition, revue et augment\u00e9e.<br \/>\nActions motrices, sites anatomiques et objets incorpor\u00e9s sont regroup\u00e9s dans un seul r\u00e9pertoire alphab\u00e9tique. Quelle que soit la page \u00e0 laquelle vous l&rsquo;ouvrirez, vous trouverez une mine d&rsquo;informations pour d\u00e9crypter le langage de votre corps.<\/p>\n","protected":false},"excerpt":{"rendered":"<p>Auteur : Joseph MESSINGER<br \/>\nTitre : Ces gestes qui vous trahissent, d\u00e9couvrez le sens cach\u00e9 de vos gestes<br \/>\n\u00c9diteur : First, 2001, Nouvelle \u00e9dition<br \/>\n\u00c9dition originale, avec de nombreuses photos N&#038;B<br \/>\nDim. 14,5 x 22,5<br \/>\n350 pages<\/p>\n","protected":false},"featured_media":1641,"template":"","meta":[],"product_brand":[],"product_cat":[22],"product_tag":[132,135,139,169],"class_list":{"0":"post-1602","1":"product","2":"type-product","3":"status-publish","4":"has-post-thumbnail","6":"product_cat-developpement-personnel","7":"product_tag-professionnel","8":"product_tag-psychologie","9":"product_tag-relations-humaines","10":"product_tag-travail","12":"first","13":"instock","14":"shipping-taxable","15":"product-type-simple"},"yoast_head":"<!-- This site is optimized with the Yoast SEO plugin v27.4 - https:\/\/yoast.com\/product\/yoast-seo-wordpress\/ -->\n<title>Ces gestes qui vous trahissent - Nouvelle \u00e9dition - Joseph MESSINGER<\/title>\n<meta name=\"description\" content=\"Joseph MESSINGER - Ces gestes qui vous trahissent, le sens cach\u00e9 de vos gestes - First, 2001, Nouvelle \u00e9dition originale - 14,5 x 22,5 - 350 p\" \/>\n<meta name=\"robots\" content=\"index, follow, max-snippet:-1, max-image-preview:large, max-video-preview:-1\" \/>\n<link rel=\"canonical\" href=\"https:\/\/www.verdieditions.com\/equilibre-de-vie\/produit\/gestes-trahissent-messinger-2001\/\" \/>\n<meta property=\"og:locale\" content=\"fr_FR\" \/>\n<meta property=\"og:type\" content=\"article\" \/>\n<meta property=\"og:title\" content=\"Ces gestes qui vous trahissent - Nouvelle \u00e9dition - Joseph MESSINGER\" \/>\n<meta property=\"og:description\" content=\"Joseph MESSINGER - Ces gestes qui vous trahissent, le sens cach\u00e9 de vos gestes - First, 2001, Nouvelle \u00e9dition originale - 14,5 x 22,5 - 350 p\" \/>\n<meta property=\"og:url\" content=\"https:\/\/www.verdieditions.com\/equilibre-de-vie\/produit\/gestes-trahissent-messinger-2001\/\" \/>\n<meta property=\"og:site_name\" content=\"Equilibre de Vie\" \/>\n<meta property=\"article:modified_time\" content=\"2024-02-06T12:35:06+00:00\" \/>\n<meta property=\"og:image\" content=\"https:\/\/www.verdieditions.com\/equilibre-de-vie\/wp-content\/uploads\/2021\/03\/gestes-trahissent-messinger.jpg\" \/>\n\t<meta property=\"og:image:width\" content=\"800\" \/>\n\t<meta property=\"og:image:height\" content=\"1200\" \/>\n\t<meta property=\"og:image:type\" content=\"image\/jpeg\" \/>\n<meta name=\"twitter:card\" content=\"summary_large_image\" \/>\n<meta name=\"twitter:label1\" content=\"Dur\u00e9e de lecture estim\u00e9e\" \/>\n\t<meta name=\"twitter:data1\" content=\"1 minute\" \/>\n<script type=\"application\/ld+json\" class=\"yoast-schema-graph\">{\"@context\":\"https:\\\/\\\/schema.org\",\"@graph\":[{\"@type\":\"WebPage\",\"@id\":\"https:\\\/\\\/www.verdieditions.com\\\/equilibre-de-vie\\\/produit\\\/gestes-trahissent-messinger-2001\\\/\",\"url\":\"https:\\\/\\\/www.verdieditions.com\\\/equilibre-de-vie\\\/produit\\\/gestes-trahissent-messinger-2001\\\/\",\"name\":\"Ces gestes qui vous trahissent - Nouvelle \u00e9dition - Joseph MESSINGER\",\"isPartOf\":{\"@id\":\"https:\\\/\\\/www.verdieditions.com\\\/equilibre-de-vie\\\/#website\"},\"primaryImageOfPage\":{\"@id\":\"https:\\\/\\\/www.verdieditions.com\\\/equilibre-de-vie\\\/produit\\\/gestes-trahissent-messinger-2001\\\/#primaryimage\"},\"image\":{\"@id\":\"https:\\\/\\\/www.verdieditions.com\\\/equilibre-de-vie\\\/produit\\\/gestes-trahissent-messinger-2001\\\/#primaryimage\"},\"thumbnailUrl\":\"https:\\\/\\\/www.verdieditions.com\\\/equilibre-de-vie\\\/wp-content\\\/uploads\\\/2021\\\/03\\\/gestes-trahissent-messinger.jpg\",\"datePublished\":\"2021-03-03T09:57:00+00:00\",\"dateModified\":\"2024-02-06T12:35:06+00:00\",\"description\":\"Joseph MESSINGER - Ces gestes qui vous trahissent, le sens cach\u00e9 de vos gestes - First, 2001, Nouvelle \u00e9dition originale - 14,5 x 22,5 - 350 p\",\"breadcrumb\":{\"@id\":\"https:\\\/\\\/www.verdieditions.com\\\/equilibre-de-vie\\\/produit\\\/gestes-trahissent-messinger-2001\\\/#breadcrumb\"},\"inLanguage\":\"fr-FR\",\"potentialAction\":[{\"@type\":\"ReadAction\",\"target\":[\"https:\\\/\\\/www.verdieditions.com\\\/equilibre-de-vie\\\/produit\\\/gestes-trahissent-messinger-2001\\\/\"]}]},{\"@type\":\"ImageObject\",\"inLanguage\":\"fr-FR\",\"@id\":\"https:\\\/\\\/www.verdieditions.com\\\/equilibre-de-vie\\\/produit\\\/gestes-trahissent-messinger-2001\\\/#primaryimage\",\"url\":\"https:\\\/\\\/www.verdieditions.com\\\/equilibre-de-vie\\\/wp-content\\\/uploads\\\/2021\\\/03\\\/gestes-trahissent-messinger.jpg\",\"contentUrl\":\"https:\\\/\\\/www.verdieditions.com\\\/equilibre-de-vie\\\/wp-content\\\/uploads\\\/2021\\\/03\\\/gestes-trahissent-messinger.jpg\",\"width\":800,\"height\":1200,\"caption\":\"gestes-trahissent-messinger\"},{\"@type\":\"BreadcrumbList\",\"@id\":\"https:\\\/\\\/www.verdieditions.com\\\/equilibre-de-vie\\\/produit\\\/gestes-trahissent-messinger-2001\\\/#breadcrumb\",\"itemListElement\":[{\"@type\":\"ListItem\",\"position\":1,\"name\":\"Accueil\",\"item\":\"https:\\\/\\\/www.verdieditions.com\\\/equilibre-de-vie\\\/\"},{\"@type\":\"ListItem\",\"position\":2,\"name\":\"La boutique\",\"item\":\"https:\\\/\\\/www.verdieditions.com\\\/equilibre-de-vie\\\/boutique\\\/\"},{\"@type\":\"ListItem\",\"position\":3,\"name\":\"Ces gestes qui vous trahissent &#8211; Nouvelle \u00e9dition &#8211; Joseph MESSINGER\"}]},{\"@type\":\"WebSite\",\"@id\":\"https:\\\/\\\/www.verdieditions.com\\\/equilibre-de-vie\\\/#website\",\"url\":\"https:\\\/\\\/www.verdieditions.com\\\/equilibre-de-vie\\\/\",\"name\":\"Equilibre de Vie\",\"description\":\"Ma boutique livres sant\u00e9, \u00e9sot\u00e9risme et d\u00e9veloppement personnel\",\"publisher\":{\"@id\":\"https:\\\/\\\/www.verdieditions.com\\\/equilibre-de-vie\\\/#\\\/schema\\\/person\\\/9dcb2a6759f2f5fbf43ac0b44649cecb\"},\"potentialAction\":[{\"@type\":\"SearchAction\",\"target\":{\"@type\":\"EntryPoint\",\"urlTemplate\":\"https:\\\/\\\/www.verdieditions.com\\\/equilibre-de-vie\\\/?s={search_term_string}\"},\"query-input\":{\"@type\":\"PropertyValueSpecification\",\"valueRequired\":true,\"valueName\":\"search_term_string\"}}],\"inLanguage\":\"fr-FR\"},{\"@type\":[\"Person\",\"Organization\"],\"@id\":\"https:\\\/\\\/www.verdieditions.com\\\/equilibre-de-vie\\\/#\\\/schema\\\/person\\\/9dcb2a6759f2f5fbf43ac0b44649cecb\",\"name\":\"Sylvie VERDI\",\"image\":{\"@type\":\"ImageObject\",\"inLanguage\":\"fr-FR\",\"@id\":\"https:\\\/\\\/www.verdieditions.com\\\/equilibre-de-vie\\\/wp-content\\\/uploads\\\/2020\\\/04\\\/livres-occasion-sante-esoterisme-developpement-personnel-2.jpg\",\"url\":\"https:\\\/\\\/www.verdieditions.com\\\/equilibre-de-vie\\\/wp-content\\\/uploads\\\/2020\\\/04\\\/livres-occasion-sante-esoterisme-developpement-personnel-2.jpg\",\"contentUrl\":\"https:\\\/\\\/www.verdieditions.com\\\/equilibre-de-vie\\\/wp-content\\\/uploads\\\/2020\\\/04\\\/livres-occasion-sante-esoterisme-developpement-personnel-2.jpg\",\"width\":800,\"height\":572,\"caption\":\"Sylvie VERDI\"},\"logo\":{\"@id\":\"https:\\\/\\\/www.verdieditions.com\\\/equilibre-de-vie\\\/wp-content\\\/uploads\\\/2020\\\/04\\\/livres-occasion-sante-esoterisme-developpement-personnel-2.jpg\"},\"sameAs\":[\"https:\\\/\\\/www.verdieditions.com\\\/equilibre-de-vie\"]}]}<\/script>\n<!-- \/ Yoast SEO plugin. -->","yoast_head_json":{"title":"Ces gestes qui vous trahissent - Nouvelle \u00e9dition - Joseph MESSINGER","description":"Joseph MESSINGER - Ces gestes qui vous trahissent, le sens cach\u00e9 de vos gestes - First, 2001, Nouvelle \u00e9dition originale - 14,5 x 22,5 - 350 p","robots":{"index":"index","follow":"follow","max-snippet":"max-snippet:-1","max-image-preview":"max-image-preview:large","max-video-preview":"max-video-preview:-1"},"canonical":"https:\/\/www.verdieditions.com\/equilibre-de-vie\/produit\/gestes-trahissent-messinger-2001\/","og_locale":"fr_FR","og_type":"article","og_title":"Ces gestes qui vous trahissent - Nouvelle \u00e9dition - Joseph MESSINGER","og_description":"Joseph MESSINGER - Ces gestes qui vous trahissent, le sens cach\u00e9 de vos gestes - First, 2001, Nouvelle \u00e9dition originale - 14,5 x 22,5 - 350 p","og_url":"https:\/\/www.verdieditions.com\/equilibre-de-vie\/produit\/gestes-trahissent-messinger-2001\/","og_site_name":"Equilibre de Vie","article_modified_time":"2024-02-06T12:35:06+00:00","og_image":[{"width":800,"height":1200,"url":"https:\/\/www.verdieditions.com\/equilibre-de-vie\/wp-content\/uploads\/2021\/03\/gestes-trahissent-messinger.jpg","type":"image\/jpeg"}],"twitter_card":"summary_large_image","twitter_misc":{"Dur\u00e9e de lecture estim\u00e9e":"1 minute"},"schema":{"@context":"https:\/\/schema.org","@graph":[{"@type":"WebPage","@id":"https:\/\/www.verdieditions.com\/equilibre-de-vie\/produit\/gestes-trahissent-messinger-2001\/","url":"https:\/\/www.verdieditions.com\/equilibre-de-vie\/produit\/gestes-trahissent-messinger-2001\/","name":"Ces gestes qui vous trahissent - Nouvelle \u00e9dition - Joseph MESSINGER","isPartOf":{"@id":"https:\/\/www.verdieditions.com\/equilibre-de-vie\/#website"},"primaryImageOfPage":{"@id":"https:\/\/www.verdieditions.com\/equilibre-de-vie\/produit\/gestes-trahissent-messinger-2001\/#primaryimage"},"image":{"@id":"https:\/\/www.verdieditions.com\/equilibre-de-vie\/produit\/gestes-trahissent-messinger-2001\/#primaryimage"},"thumbnailUrl":"https:\/\/www.verdieditions.com\/equilibre-de-vie\/wp-content\/uploads\/2021\/03\/gestes-trahissent-messinger.jpg","datePublished":"2021-03-03T09:57:00+00:00","dateModified":"2024-02-06T12:35:06+00:00","description":"Joseph MESSINGER - Ces gestes qui vous trahissent, le sens cach\u00e9 de vos gestes - First, 2001, Nouvelle \u00e9dition originale - 14,5 x 22,5 - 350 p","breadcrumb":{"@id":"https:\/\/www.verdieditions.com\/equilibre-de-vie\/produit\/gestes-trahissent-messinger-2001\/#breadcrumb"},"inLanguage":"fr-FR","potentialAction":[{"@type":"ReadAction","target":["https:\/\/www.verdieditions.com\/equilibre-de-vie\/produit\/gestes-trahissent-messinger-2001\/"]}]},{"@type":"ImageObject","inLanguage":"fr-FR","@id":"https:\/\/www.verdieditions.com\/equilibre-de-vie\/produit\/gestes-trahissent-messinger-2001\/#primaryimage","url":"https:\/\/www.verdieditions.com\/equilibre-de-vie\/wp-content\/uploads\/2021\/03\/gestes-trahissent-messinger.jpg","contentUrl":"https:\/\/www.verdieditions.com\/equilibre-de-vie\/wp-content\/uploads\/2021\/03\/gestes-trahissent-messinger.jpg","width":800,"height":1200,"caption":"gestes-trahissent-messinger"},{"@type":"BreadcrumbList","@id":"https:\/\/www.verdieditions.com\/equilibre-de-vie\/produit\/gestes-trahissent-messinger-2001\/#breadcrumb","itemListElement":[{"@type":"ListItem","position":1,"name":"Accueil","item":"https:\/\/www.verdieditions.com\/equilibre-de-vie\/"},{"@type":"ListItem","position":2,"name":"La boutique","item":"https:\/\/www.verdieditions.com\/equilibre-de-vie\/boutique\/"},{"@type":"ListItem","position":3,"name":"Ces gestes qui vous trahissent &#8211; Nouvelle \u00e9dition &#8211; Joseph MESSINGER"}]},{"@type":"WebSite","@id":"https:\/\/www.verdieditions.com\/equilibre-de-vie\/#website","url":"https:\/\/www.verdieditions.com\/equilibre-de-vie\/","name":"Equilibre de Vie","description":"Ma boutique livres sant\u00e9, \u00e9sot\u00e9risme et d\u00e9veloppement personnel","publisher":{"@id":"https:\/\/www.verdieditions.com\/equilibre-de-vie\/#\/schema\/person\/9dcb2a6759f2f5fbf43ac0b44649cecb"},"potentialAction":[{"@type":"SearchAction","target":{"@type":"EntryPoint","urlTemplate":"https:\/\/www.verdieditions.com\/equilibre-de-vie\/?s={search_term_string}"},"query-input":{"@type":"PropertyValueSpecification","valueRequired":true,"valueName":"search_term_string"}}],"inLanguage":"fr-FR"},{"@type":["Person","Organization"],"@id":"https:\/\/www.verdieditions.com\/equilibre-de-vie\/#\/schema\/person\/9dcb2a6759f2f5fbf43ac0b44649cecb","name":"Sylvie VERDI","image":{"@type":"ImageObject","inLanguage":"fr-FR","@id":"https:\/\/www.verdieditions.com\/equilibre-de-vie\/wp-content\/uploads\/2020\/04\/livres-occasion-sante-esoterisme-developpement-personnel-2.jpg","url":"https:\/\/www.verdieditions.com\/equilibre-de-vie\/wp-content\/uploads\/2020\/04\/livres-occasion-sante-esoterisme-developpement-personnel-2.jpg","contentUrl":"https:\/\/www.verdieditions.com\/equilibre-de-vie\/wp-content\/uploads\/2020\/04\/livres-occasion-sante-esoterisme-developpement-personnel-2.jpg","width":800,"height":572,"caption":"Sylvie VERDI"},"logo":{"@id":"https:\/\/www.verdieditions.com\/equilibre-de-vie\/wp-content\/uploads\/2020\/04\/livres-occasion-sante-esoterisme-developpement-personnel-2.jpg"},"sameAs":["https:\/\/www.verdieditions.com\/equilibre-de-vie"]}]}},"_links":{"self":[{"href":"https:\/\/www.verdieditions.com\/equilibre-de-vie\/wp-json\/wp\/v2\/product\/1602","targetHints":{"allow":["GET"]}}],"collection":[{"href":"https:\/\/www.verdieditions.com\/equilibre-de-vie\/wp-json\/wp\/v2\/product"}],"about":[{"href":"https:\/\/www.verdieditions.com\/equilibre-de-vie\/wp-json\/wp\/v2\/types\/product"}],"wp:featuredmedia":[{"embeddable":true,"href":"https:\/\/www.verdieditions.com\/equilibre-de-vie\/wp-json\/wp\/v2\/media\/1641"}],"wp:attachment":[{"href":"https:\/\/www.verdieditions.com\/equilibre-de-vie\/wp-json\/wp\/v2\/media?parent=1602"}],"wp:term":[{"taxonomy":"product_brand","embeddable":true,"href":"https:\/\/www.verdieditions.com\/equilibre-de-vie\/wp-json\/wp\/v2\/product_brand?post=1602"},{"taxonomy":"product_cat","embeddable":true,"href":"https:\/\/www.verdieditions.com\/equilibre-de-vie\/wp-json\/wp\/v2\/product_cat?post=1602"},{"taxonomy":"product_tag","embeddable":true,"href":"https:\/\/www.verdieditions.com\/equilibre-de-vie\/wp-json\/wp\/v2\/product_tag?post=1602"}],"curies":[{"name":"wp","href":"https:\/\/api.w.org\/{rel}","templated":true}]}}