{"id":1601,"date":"2021-03-03T10:49:18","date_gmt":"2021-03-03T09:49:18","guid":{"rendered":"https:\/\/www.verdieditions.com\/equilibre-de-vie\/?post_type=product&#038;p=1601"},"modified":"2024-02-06T13:35:28","modified_gmt":"2024-02-06T12:35:28","slug":"manger-maigrir-fricker","status":"publish","type":"product","link":"https:\/\/www.verdieditions.com\/equilibre-de-vie\/produit\/manger-maigrir-fricker\/","title":{"rendered":"Manger pour bien maigrir &#8211; Dr Jacques FRICKER"},"content":{"rendered":"<p>Auteur : Dr Jacques FRICKER<br \/>\nTitre : Manger pour bien maigrir<br \/>\n\u00c9diteur : Odile Jacob, 2005<br \/>\n\u00c9dition originale<br \/>\nAvec de nombreux sch\u00e9mas et tableaux N&#038;B<br \/>\nDim. 14,5 x 22<br \/>\n236 pages<\/p>\n<p>Il faut manger pour bien maigrir. Maigrir de fa\u00e7on saine et durable et, lorsqu\u2019on le souhaite, de fa\u00e7on rapide. A partir des connaissances scientifiques les plus r\u00e9centes, je vous propose une m\u00e9thode efficace pour perdre du poids et une mani\u00e8re de manger naturelle et b\u00e9n\u00e9fique pour toute la famille.<\/p>\n<p>Vous d\u00e9couvrirez comment :<br \/>\n\u2022 Privil\u00e9gier tous les aliments bons pour votre ligne et pour votre sant\u00e9.<br \/>\n\u2022 Continuer \u00e0 manger en famille sans avoir \u00e0 vous isoler pour perdre vos kilos.<br \/>\n\u2022 Vous stabiliser une fois les kilos perdus.<br \/>\n\u2022 Vivre les plaisirs de la vie (grignotages, repas entre amis ou au restaurant\u2026) sans mettre en p\u00e9ril votre projet minceur.<br \/>\n\u2022 Prendre en compte votre bien-\u00eatre de fa\u00e7on globale.<br \/>\n\u2022 Bien faire vos courses. <\/p>\n<p>Pour les femmes et pour les hommes &#8211; Apr\u00e8s des ann\u00e9es de recherche \u00e0 l\u2019Inserm, Jacques Fricker est m\u00e9decin nutritionniste \u00e0 l\u2019h\u00f4pital Bichat.<\/p>\n","protected":false},"excerpt":{"rendered":"<p>Auteur : Dr Roger DALET<br \/>\nTitre : Supprimez vous-m\u00eame vos douleurs par simple pression d&rsquo;un doigt<br \/>\n\u00c9diteur : France Loisirs, 1980<br \/>\nCouverture cartonn\u00e9e \u00e9diteur avec jaquette<br \/>\nAvec de nombreux sch\u00e9mas et photos N&#038;B<br \/>\nDim. 16,5 x 24,5<br \/>\n160 pages<\/p>\n","protected":false},"featured_media":1643,"template":"","meta":[],"product_brand":[],"product_cat":[21],"product_tag":[238],"class_list":{"0":"post-1601","1":"product","2":"type-product","3":"status-publish","4":"has-post-thumbnail","6":"product_cat-sante","7":"product_tag-alimentation","9":"first","10":"instock","11":"shipping-taxable","12":"product-type-simple"},"yoast_head":"<!-- This site is optimized with the Yoast SEO plugin v27.4 - https:\/\/yoast.com\/product\/yoast-seo-wordpress\/ -->\n<title>Manger pour bien maigrir - Dr Jacques FRICKER - Equilibre de Vie<\/title>\n<meta name=\"description\" content=\"Dr Jacques FRICKER - Manger pour bien maigrir - Odile Jacob, 2005 \u00c9dition originale - sch\u00e9mas et tableaux N&amp;B - Dim. 14,5 x 22 - 236 pages\" \/>\n<meta name=\"robots\" content=\"index, follow, max-snippet:-1, max-image-preview:large, max-video-preview:-1\" \/>\n<link rel=\"canonical\" href=\"https:\/\/www.verdieditions.com\/equilibre-de-vie\/produit\/manger-maigrir-fricker\/\" \/>\n<meta property=\"og:locale\" content=\"fr_FR\" \/>\n<meta property=\"og:type\" content=\"article\" \/>\n<meta property=\"og:title\" content=\"Manger pour bien maigrir - Dr Jacques FRICKER - Equilibre de Vie\" \/>\n<meta property=\"og:description\" content=\"Dr Jacques FRICKER - Manger pour bien maigrir - Odile Jacob, 2005 \u00c9dition originale - sch\u00e9mas et tableaux N&amp;B - Dim. 14,5 x 22 - 236 pages\" \/>\n<meta property=\"og:url\" content=\"https:\/\/www.verdieditions.com\/equilibre-de-vie\/produit\/manger-maigrir-fricker\/\" \/>\n<meta property=\"og:site_name\" content=\"Equilibre de Vie\" \/>\n<meta property=\"article:modified_time\" content=\"2024-02-06T12:35:28+00:00\" \/>\n<meta property=\"og:image\" content=\"https:\/\/www.verdieditions.com\/equilibre-de-vie\/wp-content\/uploads\/2021\/03\/manger-bien-maigrir-fricker.jpg\" \/>\n\t<meta property=\"og:image:width\" content=\"779\" \/>\n\t<meta property=\"og:image:height\" content=\"1153\" \/>\n\t<meta property=\"og:image:type\" content=\"image\/jpeg\" \/>\n<meta name=\"twitter:card\" content=\"summary_large_image\" \/>\n<meta name=\"twitter:label1\" content=\"Dur\u00e9e de lecture estim\u00e9e\" \/>\n\t<meta name=\"twitter:data1\" content=\"1 minute\" \/>\n<script type=\"application\/ld+json\" class=\"yoast-schema-graph\">{\"@context\":\"https:\\\/\\\/schema.org\",\"@graph\":[{\"@type\":\"WebPage\",\"@id\":\"https:\\\/\\\/www.verdieditions.com\\\/equilibre-de-vie\\\/produit\\\/manger-maigrir-fricker\\\/\",\"url\":\"https:\\\/\\\/www.verdieditions.com\\\/equilibre-de-vie\\\/produit\\\/manger-maigrir-fricker\\\/\",\"name\":\"Manger pour bien maigrir - Dr Jacques FRICKER - Equilibre de Vie\",\"isPartOf\":{\"@id\":\"https:\\\/\\\/www.verdieditions.com\\\/equilibre-de-vie\\\/#website\"},\"primaryImageOfPage\":{\"@id\":\"https:\\\/\\\/www.verdieditions.com\\\/equilibre-de-vie\\\/produit\\\/manger-maigrir-fricker\\\/#primaryimage\"},\"image\":{\"@id\":\"https:\\\/\\\/www.verdieditions.com\\\/equilibre-de-vie\\\/produit\\\/manger-maigrir-fricker\\\/#primaryimage\"},\"thumbnailUrl\":\"https:\\\/\\\/www.verdieditions.com\\\/equilibre-de-vie\\\/wp-content\\\/uploads\\\/2021\\\/03\\\/manger-bien-maigrir-fricker.jpg\",\"datePublished\":\"2021-03-03T09:49:18+00:00\",\"dateModified\":\"2024-02-06T12:35:28+00:00\",\"description\":\"Dr Jacques FRICKER - Manger pour bien maigrir - Odile Jacob, 2005 \u00c9dition originale - sch\u00e9mas et tableaux N&B - Dim. 14,5 x 22 - 236 pages\",\"breadcrumb\":{\"@id\":\"https:\\\/\\\/www.verdieditions.com\\\/equilibre-de-vie\\\/produit\\\/manger-maigrir-fricker\\\/#breadcrumb\"},\"inLanguage\":\"fr-FR\",\"potentialAction\":[{\"@type\":\"ReadAction\",\"target\":[\"https:\\\/\\\/www.verdieditions.com\\\/equilibre-de-vie\\\/produit\\\/manger-maigrir-fricker\\\/\"]}]},{\"@type\":\"ImageObject\",\"inLanguage\":\"fr-FR\",\"@id\":\"https:\\\/\\\/www.verdieditions.com\\\/equilibre-de-vie\\\/produit\\\/manger-maigrir-fricker\\\/#primaryimage\",\"url\":\"https:\\\/\\\/www.verdieditions.com\\\/equilibre-de-vie\\\/wp-content\\\/uploads\\\/2021\\\/03\\\/manger-bien-maigrir-fricker.jpg\",\"contentUrl\":\"https:\\\/\\\/www.verdieditions.com\\\/equilibre-de-vie\\\/wp-content\\\/uploads\\\/2021\\\/03\\\/manger-bien-maigrir-fricker.jpg\",\"width\":779,\"height\":1153,\"caption\":\"manger-bien-maigrir-fricker\"},{\"@type\":\"BreadcrumbList\",\"@id\":\"https:\\\/\\\/www.verdieditions.com\\\/equilibre-de-vie\\\/produit\\\/manger-maigrir-fricker\\\/#breadcrumb\",\"itemListElement\":[{\"@type\":\"ListItem\",\"position\":1,\"name\":\"Accueil\",\"item\":\"https:\\\/\\\/www.verdieditions.com\\\/equilibre-de-vie\\\/\"},{\"@type\":\"ListItem\",\"position\":2,\"name\":\"La boutique\",\"item\":\"https:\\\/\\\/www.verdieditions.com\\\/equilibre-de-vie\\\/boutique\\\/\"},{\"@type\":\"ListItem\",\"position\":3,\"name\":\"Manger pour bien maigrir &#8211; Dr Jacques FRICKER\"}]},{\"@type\":\"WebSite\",\"@id\":\"https:\\\/\\\/www.verdieditions.com\\\/equilibre-de-vie\\\/#website\",\"url\":\"https:\\\/\\\/www.verdieditions.com\\\/equilibre-de-vie\\\/\",\"name\":\"Equilibre de Vie\",\"description\":\"Ma boutique livres sant\u00e9, \u00e9sot\u00e9risme et d\u00e9veloppement personnel\",\"publisher\":{\"@id\":\"https:\\\/\\\/www.verdieditions.com\\\/equilibre-de-vie\\\/#\\\/schema\\\/person\\\/9dcb2a6759f2f5fbf43ac0b44649cecb\"},\"potentialAction\":[{\"@type\":\"SearchAction\",\"target\":{\"@type\":\"EntryPoint\",\"urlTemplate\":\"https:\\\/\\\/www.verdieditions.com\\\/equilibre-de-vie\\\/?s={search_term_string}\"},\"query-input\":{\"@type\":\"PropertyValueSpecification\",\"valueRequired\":true,\"valueName\":\"search_term_string\"}}],\"inLanguage\":\"fr-FR\"},{\"@type\":[\"Person\",\"Organization\"],\"@id\":\"https:\\\/\\\/www.verdieditions.com\\\/equilibre-de-vie\\\/#\\\/schema\\\/person\\\/9dcb2a6759f2f5fbf43ac0b44649cecb\",\"name\":\"Sylvie VERDI\",\"image\":{\"@type\":\"ImageObject\",\"inLanguage\":\"fr-FR\",\"@id\":\"https:\\\/\\\/www.verdieditions.com\\\/equilibre-de-vie\\\/wp-content\\\/uploads\\\/2020\\\/04\\\/livres-occasion-sante-esoterisme-developpement-personnel-2.jpg\",\"url\":\"https:\\\/\\\/www.verdieditions.com\\\/equilibre-de-vie\\\/wp-content\\\/uploads\\\/2020\\\/04\\\/livres-occasion-sante-esoterisme-developpement-personnel-2.jpg\",\"contentUrl\":\"https:\\\/\\\/www.verdieditions.com\\\/equilibre-de-vie\\\/wp-content\\\/uploads\\\/2020\\\/04\\\/livres-occasion-sante-esoterisme-developpement-personnel-2.jpg\",\"width\":800,\"height\":572,\"caption\":\"Sylvie VERDI\"},\"logo\":{\"@id\":\"https:\\\/\\\/www.verdieditions.com\\\/equilibre-de-vie\\\/wp-content\\\/uploads\\\/2020\\\/04\\\/livres-occasion-sante-esoterisme-developpement-personnel-2.jpg\"},\"sameAs\":[\"https:\\\/\\\/www.verdieditions.com\\\/equilibre-de-vie\"]}]}<\/script>\n<!-- \/ Yoast SEO plugin. -->","yoast_head_json":{"title":"Manger pour bien maigrir - Dr Jacques FRICKER - Equilibre de Vie","description":"Dr Jacques FRICKER - Manger pour bien maigrir - Odile Jacob, 2005 \u00c9dition originale - sch\u00e9mas et tableaux N&B - Dim. 14,5 x 22 - 236 pages","robots":{"index":"index","follow":"follow","max-snippet":"max-snippet:-1","max-image-preview":"max-image-preview:large","max-video-preview":"max-video-preview:-1"},"canonical":"https:\/\/www.verdieditions.com\/equilibre-de-vie\/produit\/manger-maigrir-fricker\/","og_locale":"fr_FR","og_type":"article","og_title":"Manger pour bien maigrir - Dr Jacques FRICKER - Equilibre de Vie","og_description":"Dr Jacques FRICKER - Manger pour bien maigrir - Odile Jacob, 2005 \u00c9dition originale - sch\u00e9mas et tableaux N&B - Dim. 14,5 x 22 - 236 pages","og_url":"https:\/\/www.verdieditions.com\/equilibre-de-vie\/produit\/manger-maigrir-fricker\/","og_site_name":"Equilibre de Vie","article_modified_time":"2024-02-06T12:35:28+00:00","og_image":[{"width":779,"height":1153,"url":"https:\/\/www.verdieditions.com\/equilibre-de-vie\/wp-content\/uploads\/2021\/03\/manger-bien-maigrir-fricker.jpg","type":"image\/jpeg"}],"twitter_card":"summary_large_image","twitter_misc":{"Dur\u00e9e de lecture estim\u00e9e":"1 minute"},"schema":{"@context":"https:\/\/schema.org","@graph":[{"@type":"WebPage","@id":"https:\/\/www.verdieditions.com\/equilibre-de-vie\/produit\/manger-maigrir-fricker\/","url":"https:\/\/www.verdieditions.com\/equilibre-de-vie\/produit\/manger-maigrir-fricker\/","name":"Manger pour bien maigrir - Dr Jacques FRICKER - Equilibre de Vie","isPartOf":{"@id":"https:\/\/www.verdieditions.com\/equilibre-de-vie\/#website"},"primaryImageOfPage":{"@id":"https:\/\/www.verdieditions.com\/equilibre-de-vie\/produit\/manger-maigrir-fricker\/#primaryimage"},"image":{"@id":"https:\/\/www.verdieditions.com\/equilibre-de-vie\/produit\/manger-maigrir-fricker\/#primaryimage"},"thumbnailUrl":"https:\/\/www.verdieditions.com\/equilibre-de-vie\/wp-content\/uploads\/2021\/03\/manger-bien-maigrir-fricker.jpg","datePublished":"2021-03-03T09:49:18+00:00","dateModified":"2024-02-06T12:35:28+00:00","description":"Dr Jacques FRICKER - Manger pour bien maigrir - Odile Jacob, 2005 \u00c9dition originale - sch\u00e9mas et tableaux N&B - Dim. 14,5 x 22 - 236 pages","breadcrumb":{"@id":"https:\/\/www.verdieditions.com\/equilibre-de-vie\/produit\/manger-maigrir-fricker\/#breadcrumb"},"inLanguage":"fr-FR","potentialAction":[{"@type":"ReadAction","target":["https:\/\/www.verdieditions.com\/equilibre-de-vie\/produit\/manger-maigrir-fricker\/"]}]},{"@type":"ImageObject","inLanguage":"fr-FR","@id":"https:\/\/www.verdieditions.com\/equilibre-de-vie\/produit\/manger-maigrir-fricker\/#primaryimage","url":"https:\/\/www.verdieditions.com\/equilibre-de-vie\/wp-content\/uploads\/2021\/03\/manger-bien-maigrir-fricker.jpg","contentUrl":"https:\/\/www.verdieditions.com\/equilibre-de-vie\/wp-content\/uploads\/2021\/03\/manger-bien-maigrir-fricker.jpg","width":779,"height":1153,"caption":"manger-bien-maigrir-fricker"},{"@type":"BreadcrumbList","@id":"https:\/\/www.verdieditions.com\/equilibre-de-vie\/produit\/manger-maigrir-fricker\/#breadcrumb","itemListElement":[{"@type":"ListItem","position":1,"name":"Accueil","item":"https:\/\/www.verdieditions.com\/equilibre-de-vie\/"},{"@type":"ListItem","position":2,"name":"La boutique","item":"https:\/\/www.verdieditions.com\/equilibre-de-vie\/boutique\/"},{"@type":"ListItem","position":3,"name":"Manger pour bien maigrir &#8211; Dr Jacques FRICKER"}]},{"@type":"WebSite","@id":"https:\/\/www.verdieditions.com\/equilibre-de-vie\/#website","url":"https:\/\/www.verdieditions.com\/equilibre-de-vie\/","name":"Equilibre de Vie","description":"Ma boutique livres sant\u00e9, \u00e9sot\u00e9risme et d\u00e9veloppement personnel","publisher":{"@id":"https:\/\/www.verdieditions.com\/equilibre-de-vie\/#\/schema\/person\/9dcb2a6759f2f5fbf43ac0b44649cecb"},"potentialAction":[{"@type":"SearchAction","target":{"@type":"EntryPoint","urlTemplate":"https:\/\/www.verdieditions.com\/equilibre-de-vie\/?s={search_term_string}"},"query-input":{"@type":"PropertyValueSpecification","valueRequired":true,"valueName":"search_term_string"}}],"inLanguage":"fr-FR"},{"@type":["Person","Organization"],"@id":"https:\/\/www.verdieditions.com\/equilibre-de-vie\/#\/schema\/person\/9dcb2a6759f2f5fbf43ac0b44649cecb","name":"Sylvie VERDI","image":{"@type":"ImageObject","inLanguage":"fr-FR","@id":"https:\/\/www.verdieditions.com\/equilibre-de-vie\/wp-content\/uploads\/2020\/04\/livres-occasion-sante-esoterisme-developpement-personnel-2.jpg","url":"https:\/\/www.verdieditions.com\/equilibre-de-vie\/wp-content\/uploads\/2020\/04\/livres-occasion-sante-esoterisme-developpement-personnel-2.jpg","contentUrl":"https:\/\/www.verdieditions.com\/equilibre-de-vie\/wp-content\/uploads\/2020\/04\/livres-occasion-sante-esoterisme-developpement-personnel-2.jpg","width":800,"height":572,"caption":"Sylvie VERDI"},"logo":{"@id":"https:\/\/www.verdieditions.com\/equilibre-de-vie\/wp-content\/uploads\/2020\/04\/livres-occasion-sante-esoterisme-developpement-personnel-2.jpg"},"sameAs":["https:\/\/www.verdieditions.com\/equilibre-de-vie"]}]}},"_links":{"self":[{"href":"https:\/\/www.verdieditions.com\/equilibre-de-vie\/wp-json\/wp\/v2\/product\/1601","targetHints":{"allow":["GET"]}}],"collection":[{"href":"https:\/\/www.verdieditions.com\/equilibre-de-vie\/wp-json\/wp\/v2\/product"}],"about":[{"href":"https:\/\/www.verdieditions.com\/equilibre-de-vie\/wp-json\/wp\/v2\/types\/product"}],"wp:featuredmedia":[{"embeddable":true,"href":"https:\/\/www.verdieditions.com\/equilibre-de-vie\/wp-json\/wp\/v2\/media\/1643"}],"wp:attachment":[{"href":"https:\/\/www.verdieditions.com\/equilibre-de-vie\/wp-json\/wp\/v2\/media?parent=1601"}],"wp:term":[{"taxonomy":"product_brand","embeddable":true,"href":"https:\/\/www.verdieditions.com\/equilibre-de-vie\/wp-json\/wp\/v2\/product_brand?post=1601"},{"taxonomy":"product_cat","embeddable":true,"href":"https:\/\/www.verdieditions.com\/equilibre-de-vie\/wp-json\/wp\/v2\/product_cat?post=1601"},{"taxonomy":"product_tag","embeddable":true,"href":"https:\/\/www.verdieditions.com\/equilibre-de-vie\/wp-json\/wp\/v2\/product_tag?post=1601"}],"curies":[{"name":"wp","href":"https:\/\/api.w.org\/{rel}","templated":true}]}}