{"id":1597,"date":"2021-03-03T09:36:46","date_gmt":"2021-03-03T08:36:46","guid":{"rendered":"https:\/\/www.verdieditions.com\/equilibre-de-vie\/?post_type=product&#038;p=1597"},"modified":"2024-02-06T13:31:11","modified_gmt":"2024-02-06T12:31:11","slug":"andre-jollien-ricard-liberte","status":"publish","type":"product","link":"https:\/\/www.verdieditions.com\/equilibre-de-vie\/produit\/andre-jollien-ricard-liberte\/","title":{"rendered":"\u00c0 nous la libert\u00e9 ! &#8211; C. ANDR\u00c9 &#8211; A. JOLLIEN &#8211; M. RICARD"},"content":{"rendered":"<p>Auteur : Christophe ANDR\u00c9 &#8211; Alexandre JOLLIEN &#8211; Matthieu RICARD<br \/>\nTitre : \u00c0 nous la libert\u00e9 !<br \/>\n\u00c9diteur : Allary, l&rsquo;Iconoclaste, 2019<br \/>\n\u00c9dition originale avec de nombreuses photos N&#038;B<br \/>\nDim. 15,5 x 22,5<br \/>\n384 pages<\/p>\n<p>Etre libre : le grand chantier de l&rsquo;existence. Comment progresser vers la libert\u00e9 int\u00e9rieure, celle qui nous permet d&rsquo;aborder sereinement les hauts et les bas de l&rsquo; existence et de nous affranchir des causes de la souffrance ? D\u00e8s l&rsquo;enfance, nous sommes entrav\u00e9s par les peurs, les pr\u00e9jug\u00e9s et mille et un conditionnements qui nous emp\u00eachent d&rsquo;\u00eatre heureux. Se lancer dans l&rsquo;aventure de la libert\u00e9 int\u00e9rieure, c&rsquo;est d\u00e9faire un \u00e0 un tous ces barreaux, ceux que nous avons forg\u00e9s nous-m\u00eames et ceux que la soci\u00e9t\u00e9 de la performance, de la consommation et de la comp\u00e9tition nous impose. Ce livre, \u00e9crit \u00e0 trois voix par un psychiatre, un philosophe et un moine, nous invite \u00e0 un itin\u00e9raire joyeux pour nous extraire de nos prisons et nous rapprocher des autres. <\/p>\n<p>Les auteurs :<\/p>\n<p>Christophe Andr\u00e9 est m\u00e9decin psychiatre \u00e0 l&rsquo;h\u00f4pital Sainte Anne (Paris) au sein d&rsquo;une Unit\u00e9 de Psychoth\u00e9rapie Comportementale et Cognitive, sp\u00e9cialis\u00e9e dans le traitement des troubles \u00e9motionnels, anxieux et d\u00e9pressifs. Il est l&rsquo;auteur de nombreux best-sellers : L&rsquo;estime de soi ; Vivre heureux ; Imparfaits, libres et heureux, (prix Psychologies Magazine 2006). <\/p>\n<p>Alexandre Jollien a pass\u00e9 dix-sept ans dans une institution pour personnes handicap\u00e9es. Philosophe de formation, il est l&rsquo;auteur de \u00c9loge de la faiblesse (\u00c9d. du Cerf, 1999), ouvrage couronn\u00e9 par l&rsquo;Acad\u00e9mie fran\u00e7aise, et au Seuil de : Le M\u00e9tier d&rsquo;homme (2002) et La Construction de soi (2006), qui ont tous deux connu un tr\u00e8s grand succ\u00e8s. <\/p>\n<p>Fils du philosophe Jean-Fran\u00e7ois Revel et de l&rsquo;artiste peintre Yahne Le Toumelin, Matthieu Ricard d\u00e9cide, en 1967, de s&rsquo;\u00e9tablir dans l&rsquo;Himalaya o\u00f9 il r\u00e9side depuis presque cinquante ans et devient moine bouddhiste. Il est l&rsquo;interpr\u00e8te fran\u00e7ais du Dala\u00ef-lama depuis 1989 et l&rsquo;auteur de nombreux ouvrages dont Plaidoyer pour l&rsquo;altruisme, Plaidoyer pour les animaux, L&rsquo;Art de la m\u00e9ditation&#8230; <\/p>\n","protected":false},"excerpt":{"rendered":"<p>Auteur : Christophe ANDR\u00c9 &#8211; Alexandre JOLLIEN &#8211; Matthieu RICARD<br \/>\nTitre : \u00c0 nous la libert\u00e9 !<br \/>\n\u00c9diteur : Allary, l&rsquo;Iconoclaste, 2019<br \/>\n\u00c9dition originale avec de nombreuses photos N&#038;B<br \/>\nDim. 15,5 x 22,5<br \/>\n384 pages<\/p>\n","protected":false},"featured_media":1650,"template":"","meta":[],"product_brand":[],"product_cat":[22],"product_tag":[135,139],"class_list":{"0":"post-1597","1":"product","2":"type-product","3":"status-publish","4":"has-post-thumbnail","6":"product_cat-developpement-personnel","7":"product_tag-psychologie","8":"product_tag-relations-humaines","10":"first","11":"instock","12":"shipping-taxable","13":"product-type-simple"},"yoast_head":"<!-- This site is optimized with the Yoast SEO plugin v27.4 - https:\/\/yoast.com\/product\/yoast-seo-wordpress\/ -->\n<title>\u00c0 nous la libert\u00e9 ! - C. ANDR\u00c9 - A. JOLLIEN - M. RICARD<\/title>\n<meta name=\"description\" content=\"ANDR\u00c9 - JOLLIEN - RICARD - \u00c0 nous la libert\u00e9 ! - Allary, 2019 - \u00c9dition originale avec de nombreuses photos N&amp;B - Dim. 15,5 x 22,5 - 384 p\" \/>\n<meta name=\"robots\" content=\"index, follow, max-snippet:-1, max-image-preview:large, max-video-preview:-1\" \/>\n<link rel=\"canonical\" href=\"https:\/\/www.verdieditions.com\/equilibre-de-vie\/produit\/andre-jollien-ricard-liberte\/\" \/>\n<meta property=\"og:locale\" content=\"fr_FR\" \/>\n<meta property=\"og:type\" content=\"article\" \/>\n<meta property=\"og:title\" content=\"\u00c0 nous la libert\u00e9 ! - C. ANDR\u00c9 - A. JOLLIEN - M. RICARD\" \/>\n<meta property=\"og:description\" content=\"ANDR\u00c9 - JOLLIEN - RICARD - \u00c0 nous la libert\u00e9 ! - Allary, 2019 - \u00c9dition originale avec de nombreuses photos N&amp;B - Dim. 15,5 x 22,5 - 384 p\" \/>\n<meta property=\"og:url\" content=\"https:\/\/www.verdieditions.com\/equilibre-de-vie\/produit\/andre-jollien-ricard-liberte\/\" \/>\n<meta property=\"og:site_name\" content=\"Equilibre de Vie\" \/>\n<meta property=\"article:modified_time\" content=\"2024-02-06T12:31:11+00:00\" \/>\n<meta property=\"og:image\" content=\"https:\/\/www.verdieditions.com\/equilibre-de-vie\/wp-content\/uploads\/2021\/03\/nous-liberte-andre-jollien-ricard.jpg\" \/>\n\t<meta property=\"og:image:width\" content=\"800\" \/>\n\t<meta property=\"og:image:height\" content=\"1117\" \/>\n\t<meta property=\"og:image:type\" content=\"image\/jpeg\" \/>\n<meta name=\"twitter:card\" content=\"summary_large_image\" \/>\n<meta name=\"twitter:label1\" content=\"Dur\u00e9e de lecture estim\u00e9e\" \/>\n\t<meta name=\"twitter:data1\" content=\"2 minutes\" \/>\n<script type=\"application\/ld+json\" class=\"yoast-schema-graph\">{\"@context\":\"https:\\\/\\\/schema.org\",\"@graph\":[{\"@type\":\"WebPage\",\"@id\":\"https:\\\/\\\/www.verdieditions.com\\\/equilibre-de-vie\\\/produit\\\/andre-jollien-ricard-liberte\\\/\",\"url\":\"https:\\\/\\\/www.verdieditions.com\\\/equilibre-de-vie\\\/produit\\\/andre-jollien-ricard-liberte\\\/\",\"name\":\"\u00c0 nous la libert\u00e9 ! - C. ANDR\u00c9 - A. JOLLIEN - M. RICARD\",\"isPartOf\":{\"@id\":\"https:\\\/\\\/www.verdieditions.com\\\/equilibre-de-vie\\\/#website\"},\"primaryImageOfPage\":{\"@id\":\"https:\\\/\\\/www.verdieditions.com\\\/equilibre-de-vie\\\/produit\\\/andre-jollien-ricard-liberte\\\/#primaryimage\"},\"image\":{\"@id\":\"https:\\\/\\\/www.verdieditions.com\\\/equilibre-de-vie\\\/produit\\\/andre-jollien-ricard-liberte\\\/#primaryimage\"},\"thumbnailUrl\":\"https:\\\/\\\/www.verdieditions.com\\\/equilibre-de-vie\\\/wp-content\\\/uploads\\\/2021\\\/03\\\/nous-liberte-andre-jollien-ricard.jpg\",\"datePublished\":\"2021-03-03T08:36:46+00:00\",\"dateModified\":\"2024-02-06T12:31:11+00:00\",\"description\":\"ANDR\u00c9 - JOLLIEN - RICARD - \u00c0 nous la libert\u00e9 ! - Allary, 2019 - \u00c9dition originale avec de nombreuses photos N&B - Dim. 15,5 x 22,5 - 384 p\",\"breadcrumb\":{\"@id\":\"https:\\\/\\\/www.verdieditions.com\\\/equilibre-de-vie\\\/produit\\\/andre-jollien-ricard-liberte\\\/#breadcrumb\"},\"inLanguage\":\"fr-FR\",\"potentialAction\":[{\"@type\":\"ReadAction\",\"target\":[\"https:\\\/\\\/www.verdieditions.com\\\/equilibre-de-vie\\\/produit\\\/andre-jollien-ricard-liberte\\\/\"]}]},{\"@type\":\"ImageObject\",\"inLanguage\":\"fr-FR\",\"@id\":\"https:\\\/\\\/www.verdieditions.com\\\/equilibre-de-vie\\\/produit\\\/andre-jollien-ricard-liberte\\\/#primaryimage\",\"url\":\"https:\\\/\\\/www.verdieditions.com\\\/equilibre-de-vie\\\/wp-content\\\/uploads\\\/2021\\\/03\\\/nous-liberte-andre-jollien-ricard.jpg\",\"contentUrl\":\"https:\\\/\\\/www.verdieditions.com\\\/equilibre-de-vie\\\/wp-content\\\/uploads\\\/2021\\\/03\\\/nous-liberte-andre-jollien-ricard.jpg\",\"width\":800,\"height\":1117,\"caption\":\"nous-liberte-andre-jollien-ricard\"},{\"@type\":\"BreadcrumbList\",\"@id\":\"https:\\\/\\\/www.verdieditions.com\\\/equilibre-de-vie\\\/produit\\\/andre-jollien-ricard-liberte\\\/#breadcrumb\",\"itemListElement\":[{\"@type\":\"ListItem\",\"position\":1,\"name\":\"Accueil\",\"item\":\"https:\\\/\\\/www.verdieditions.com\\\/equilibre-de-vie\\\/\"},{\"@type\":\"ListItem\",\"position\":2,\"name\":\"La boutique\",\"item\":\"https:\\\/\\\/www.verdieditions.com\\\/equilibre-de-vie\\\/boutique\\\/\"},{\"@type\":\"ListItem\",\"position\":3,\"name\":\"\u00c0 nous la libert\u00e9 ! &#8211; C. ANDR\u00c9 &#8211; A. JOLLIEN &#8211; M. RICARD\"}]},{\"@type\":\"WebSite\",\"@id\":\"https:\\\/\\\/www.verdieditions.com\\\/equilibre-de-vie\\\/#website\",\"url\":\"https:\\\/\\\/www.verdieditions.com\\\/equilibre-de-vie\\\/\",\"name\":\"Equilibre de Vie\",\"description\":\"Ma boutique livres sant\u00e9, \u00e9sot\u00e9risme et d\u00e9veloppement personnel\",\"publisher\":{\"@id\":\"https:\\\/\\\/www.verdieditions.com\\\/equilibre-de-vie\\\/#\\\/schema\\\/person\\\/9dcb2a6759f2f5fbf43ac0b44649cecb\"},\"potentialAction\":[{\"@type\":\"SearchAction\",\"target\":{\"@type\":\"EntryPoint\",\"urlTemplate\":\"https:\\\/\\\/www.verdieditions.com\\\/equilibre-de-vie\\\/?s={search_term_string}\"},\"query-input\":{\"@type\":\"PropertyValueSpecification\",\"valueRequired\":true,\"valueName\":\"search_term_string\"}}],\"inLanguage\":\"fr-FR\"},{\"@type\":[\"Person\",\"Organization\"],\"@id\":\"https:\\\/\\\/www.verdieditions.com\\\/equilibre-de-vie\\\/#\\\/schema\\\/person\\\/9dcb2a6759f2f5fbf43ac0b44649cecb\",\"name\":\"Sylvie VERDI\",\"image\":{\"@type\":\"ImageObject\",\"inLanguage\":\"fr-FR\",\"@id\":\"https:\\\/\\\/www.verdieditions.com\\\/equilibre-de-vie\\\/wp-content\\\/uploads\\\/2020\\\/04\\\/livres-occasion-sante-esoterisme-developpement-personnel-2.jpg\",\"url\":\"https:\\\/\\\/www.verdieditions.com\\\/equilibre-de-vie\\\/wp-content\\\/uploads\\\/2020\\\/04\\\/livres-occasion-sante-esoterisme-developpement-personnel-2.jpg\",\"contentUrl\":\"https:\\\/\\\/www.verdieditions.com\\\/equilibre-de-vie\\\/wp-content\\\/uploads\\\/2020\\\/04\\\/livres-occasion-sante-esoterisme-developpement-personnel-2.jpg\",\"width\":800,\"height\":572,\"caption\":\"Sylvie VERDI\"},\"logo\":{\"@id\":\"https:\\\/\\\/www.verdieditions.com\\\/equilibre-de-vie\\\/wp-content\\\/uploads\\\/2020\\\/04\\\/livres-occasion-sante-esoterisme-developpement-personnel-2.jpg\"},\"sameAs\":[\"https:\\\/\\\/www.verdieditions.com\\\/equilibre-de-vie\"]}]}<\/script>\n<!-- \/ Yoast SEO plugin. -->","yoast_head_json":{"title":"\u00c0 nous la libert\u00e9 ! - C. ANDR\u00c9 - A. JOLLIEN - M. RICARD","description":"ANDR\u00c9 - JOLLIEN - RICARD - \u00c0 nous la libert\u00e9 ! - Allary, 2019 - \u00c9dition originale avec de nombreuses photos N&B - Dim. 15,5 x 22,5 - 384 p","robots":{"index":"index","follow":"follow","max-snippet":"max-snippet:-1","max-image-preview":"max-image-preview:large","max-video-preview":"max-video-preview:-1"},"canonical":"https:\/\/www.verdieditions.com\/equilibre-de-vie\/produit\/andre-jollien-ricard-liberte\/","og_locale":"fr_FR","og_type":"article","og_title":"\u00c0 nous la libert\u00e9 ! - C. ANDR\u00c9 - A. JOLLIEN - M. RICARD","og_description":"ANDR\u00c9 - JOLLIEN - RICARD - \u00c0 nous la libert\u00e9 ! - Allary, 2019 - \u00c9dition originale avec de nombreuses photos N&B - Dim. 15,5 x 22,5 - 384 p","og_url":"https:\/\/www.verdieditions.com\/equilibre-de-vie\/produit\/andre-jollien-ricard-liberte\/","og_site_name":"Equilibre de Vie","article_modified_time":"2024-02-06T12:31:11+00:00","og_image":[{"width":800,"height":1117,"url":"https:\/\/www.verdieditions.com\/equilibre-de-vie\/wp-content\/uploads\/2021\/03\/nous-liberte-andre-jollien-ricard.jpg","type":"image\/jpeg"}],"twitter_card":"summary_large_image","twitter_misc":{"Dur\u00e9e de lecture estim\u00e9e":"2 minutes"},"schema":{"@context":"https:\/\/schema.org","@graph":[{"@type":"WebPage","@id":"https:\/\/www.verdieditions.com\/equilibre-de-vie\/produit\/andre-jollien-ricard-liberte\/","url":"https:\/\/www.verdieditions.com\/equilibre-de-vie\/produit\/andre-jollien-ricard-liberte\/","name":"\u00c0 nous la libert\u00e9 ! - C. ANDR\u00c9 - A. JOLLIEN - M. RICARD","isPartOf":{"@id":"https:\/\/www.verdieditions.com\/equilibre-de-vie\/#website"},"primaryImageOfPage":{"@id":"https:\/\/www.verdieditions.com\/equilibre-de-vie\/produit\/andre-jollien-ricard-liberte\/#primaryimage"},"image":{"@id":"https:\/\/www.verdieditions.com\/equilibre-de-vie\/produit\/andre-jollien-ricard-liberte\/#primaryimage"},"thumbnailUrl":"https:\/\/www.verdieditions.com\/equilibre-de-vie\/wp-content\/uploads\/2021\/03\/nous-liberte-andre-jollien-ricard.jpg","datePublished":"2021-03-03T08:36:46+00:00","dateModified":"2024-02-06T12:31:11+00:00","description":"ANDR\u00c9 - JOLLIEN - RICARD - \u00c0 nous la libert\u00e9 ! - Allary, 2019 - \u00c9dition originale avec de nombreuses photos N&B - Dim. 15,5 x 22,5 - 384 p","breadcrumb":{"@id":"https:\/\/www.verdieditions.com\/equilibre-de-vie\/produit\/andre-jollien-ricard-liberte\/#breadcrumb"},"inLanguage":"fr-FR","potentialAction":[{"@type":"ReadAction","target":["https:\/\/www.verdieditions.com\/equilibre-de-vie\/produit\/andre-jollien-ricard-liberte\/"]}]},{"@type":"ImageObject","inLanguage":"fr-FR","@id":"https:\/\/www.verdieditions.com\/equilibre-de-vie\/produit\/andre-jollien-ricard-liberte\/#primaryimage","url":"https:\/\/www.verdieditions.com\/equilibre-de-vie\/wp-content\/uploads\/2021\/03\/nous-liberte-andre-jollien-ricard.jpg","contentUrl":"https:\/\/www.verdieditions.com\/equilibre-de-vie\/wp-content\/uploads\/2021\/03\/nous-liberte-andre-jollien-ricard.jpg","width":800,"height":1117,"caption":"nous-liberte-andre-jollien-ricard"},{"@type":"BreadcrumbList","@id":"https:\/\/www.verdieditions.com\/equilibre-de-vie\/produit\/andre-jollien-ricard-liberte\/#breadcrumb","itemListElement":[{"@type":"ListItem","position":1,"name":"Accueil","item":"https:\/\/www.verdieditions.com\/equilibre-de-vie\/"},{"@type":"ListItem","position":2,"name":"La boutique","item":"https:\/\/www.verdieditions.com\/equilibre-de-vie\/boutique\/"},{"@type":"ListItem","position":3,"name":"\u00c0 nous la libert\u00e9 ! &#8211; C. ANDR\u00c9 &#8211; A. JOLLIEN &#8211; M. RICARD"}]},{"@type":"WebSite","@id":"https:\/\/www.verdieditions.com\/equilibre-de-vie\/#website","url":"https:\/\/www.verdieditions.com\/equilibre-de-vie\/","name":"Equilibre de Vie","description":"Ma boutique livres sant\u00e9, \u00e9sot\u00e9risme et d\u00e9veloppement personnel","publisher":{"@id":"https:\/\/www.verdieditions.com\/equilibre-de-vie\/#\/schema\/person\/9dcb2a6759f2f5fbf43ac0b44649cecb"},"potentialAction":[{"@type":"SearchAction","target":{"@type":"EntryPoint","urlTemplate":"https:\/\/www.verdieditions.com\/equilibre-de-vie\/?s={search_term_string}"},"query-input":{"@type":"PropertyValueSpecification","valueRequired":true,"valueName":"search_term_string"}}],"inLanguage":"fr-FR"},{"@type":["Person","Organization"],"@id":"https:\/\/www.verdieditions.com\/equilibre-de-vie\/#\/schema\/person\/9dcb2a6759f2f5fbf43ac0b44649cecb","name":"Sylvie VERDI","image":{"@type":"ImageObject","inLanguage":"fr-FR","@id":"https:\/\/www.verdieditions.com\/equilibre-de-vie\/wp-content\/uploads\/2020\/04\/livres-occasion-sante-esoterisme-developpement-personnel-2.jpg","url":"https:\/\/www.verdieditions.com\/equilibre-de-vie\/wp-content\/uploads\/2020\/04\/livres-occasion-sante-esoterisme-developpement-personnel-2.jpg","contentUrl":"https:\/\/www.verdieditions.com\/equilibre-de-vie\/wp-content\/uploads\/2020\/04\/livres-occasion-sante-esoterisme-developpement-personnel-2.jpg","width":800,"height":572,"caption":"Sylvie VERDI"},"logo":{"@id":"https:\/\/www.verdieditions.com\/equilibre-de-vie\/wp-content\/uploads\/2020\/04\/livres-occasion-sante-esoterisme-developpement-personnel-2.jpg"},"sameAs":["https:\/\/www.verdieditions.com\/equilibre-de-vie"]}]}},"_links":{"self":[{"href":"https:\/\/www.verdieditions.com\/equilibre-de-vie\/wp-json\/wp\/v2\/product\/1597","targetHints":{"allow":["GET"]}}],"collection":[{"href":"https:\/\/www.verdieditions.com\/equilibre-de-vie\/wp-json\/wp\/v2\/product"}],"about":[{"href":"https:\/\/www.verdieditions.com\/equilibre-de-vie\/wp-json\/wp\/v2\/types\/product"}],"wp:featuredmedia":[{"embeddable":true,"href":"https:\/\/www.verdieditions.com\/equilibre-de-vie\/wp-json\/wp\/v2\/media\/1650"}],"wp:attachment":[{"href":"https:\/\/www.verdieditions.com\/equilibre-de-vie\/wp-json\/wp\/v2\/media?parent=1597"}],"wp:term":[{"taxonomy":"product_brand","embeddable":true,"href":"https:\/\/www.verdieditions.com\/equilibre-de-vie\/wp-json\/wp\/v2\/product_brand?post=1597"},{"taxonomy":"product_cat","embeddable":true,"href":"https:\/\/www.verdieditions.com\/equilibre-de-vie\/wp-json\/wp\/v2\/product_cat?post=1597"},{"taxonomy":"product_tag","embeddable":true,"href":"https:\/\/www.verdieditions.com\/equilibre-de-vie\/wp-json\/wp\/v2\/product_tag?post=1597"}],"curies":[{"name":"wp","href":"https:\/\/api.w.org\/{rel}","templated":true}]}}