{"id":1565,"date":"2021-01-26T12:00:42","date_gmt":"2021-01-26T11:00:42","guid":{"rendered":"https:\/\/www.verdieditions.com\/equilibre-de-vie\/?post_type=product&#038;p=1565"},"modified":"2022-01-01T00:06:04","modified_gmt":"2021-12-31T23:06:04","slug":"histoire-pensee-dumas-jerphagnon","status":"publish","type":"product","link":"https:\/\/www.verdieditions.com\/equilibre-de-vie\/produit\/histoire-pensee-dumas-jerphagnon\/","title":{"rendered":"Histoire de la pens\u00e9e, 3 Tomes &#8211; DUMAS &#8211; JERPHAGNON"},"content":{"rendered":"<p>Auteur : Jean-Louis DUMAS &#8211; Lucien JERPHAGNON<br \/>\nTitre : Histoire de la pens\u00e9e, 3 Tomes :<br \/>\n&#8211; Tome 1 : Antiquit\u00e9 et Moyen-Age<br \/>\n&#8211; Tome 2 : Renaissance et si\u00e8cles des lumi\u00e8res<br \/>\n&#8211; Tome 3 : Temps modernes<br \/>\n\u00c9diteur : Tallandier, 1990, le Grand Livre du Mois<br \/>\nEtat : Excellent<br \/>\nDim. 13,5 x 21,5<br \/>\n574, 502, 598 pages<br \/>\n1,800 kg<\/p>\n<p>Donner acc\u00e8s \u00e0 l&rsquo;histoire de l\u00e0 philosophie. Raconter cette aventure hasardeuse, parfois terre \u00e0 terre, parfois sublime. Narrer la marche s\u00e9culaire de la pens\u00e9e qui se d\u00e9couvre comme telle et qui pr\u00e9tend se rendre un compte exact de ce qu&rsquo;est le monde, de ce qu&rsquo;elle peut y faire et de ce qu&rsquo;elle est elle-m\u00eame. Tels sont les buts que se sont fix\u00e9s Jean-Louis Dumas et Lucien Jerphagnon avec les trois volumes de leur Histoire de la pens\u00e9e, Philosophies et philosophes.<br \/>\nDans ce premier volume, consacr\u00e9 \u00e0 l&rsquo;Antiquit\u00e9 et au Moyen \u00c2ge, Lucien Jerphagnon suit pas \u00e0 pas la naissance de la r\u00e9flexion philosophique. Le passage du mythe au discours rationnel. Thal\u00e8s de Milet, Anaximandre, Anaxim\u00e8ne, H\u00e9raclite, X\u00e9nophane, Anaxagore, Pythagore de Samos, Parm\u00e9nide, D\u00e9mocrite, Z\u00e9non, les Sophistes&#8230; autant de personnages qui pr\u00e9parent l&rsquo;av\u00e8nement de ce que nous nommons philosophie, et que Lucien Jerphagnon met en sc\u00e8ne avec la joyeuse \u00e9rudition du p\u00e9dagogue. Viennent ensuite les grandes individualit\u00e9s et les \u00e9coles : Socrate, Platon, Aristote, les Cyniques, les \u00c9picuriens, les Sto\u00efciens, les Sceptiques. Puis le christianisme, la Rome des C\u00e9sars, Plotin, Saint Augustin, Jean Scot \u00c9rig\u00e8ne, le temps des alchimistes, la scolastique, Bonaventure, Thomas d&rsquo;Aquin, Ma\u00eetre Eckart, etc.<\/p>\n<p>Source : Librairie G\u00e9n\u00e9rale Fran\u00e7aise (LGF)<\/p>\n","protected":false},"excerpt":{"rendered":"<p>Auteur : Jean-Louis DUMAS &#8211; Lucien JERPHAGNON<br \/>\nTitre : Histoire de la pens\u00e9e, 3 Tomes :<br \/>\n&#8211; Tome 1 : Antiquit\u00e9 et Moyen-Age<br \/>\n&#8211; Tome 2 : Renaissance et si\u00e8cles des lumi\u00e8res<br \/>\n&#8211; Tome 3 : Temps modernes<br \/>\n\u00c9diteur : Tallandier, 1990, le Grand Livre du Mois<br \/>\nEtat : Excellent<br \/>\nDim. 13,5 x 21,5<br \/>\n574, 502, 598 pages<br \/>\n1,800 kg<\/p>\n","protected":false},"featured_media":1569,"template":"","meta":[],"product_brand":[],"product_cat":[22],"product_tag":[],"class_list":{"0":"post-1565","1":"product","2":"type-product","3":"status-publish","4":"has-post-thumbnail","6":"product_cat-developpement-personnel","8":"first","9":"outofstock","10":"shipping-taxable","11":"product-type-simple"},"yoast_head":"<!-- This site is optimized with the Yoast SEO plugin v27.4 - https:\/\/yoast.com\/product\/yoast-seo-wordpress\/ -->\n<title>Histoire de la pens\u00e9e, 3 Tomes - DUMAS - JERPHAGNON<\/title>\n<meta name=\"description\" content=\"Auteur : Jean-Louis DUMAS - Lucien JERPHAGNON Titre : Histoire de la pens\u00e9e, 3 Tomes \u00c9diteur : Tallandier, 1990, le Grand Livre du Mois\" \/>\n<meta name=\"robots\" content=\"index, follow, max-snippet:-1, max-image-preview:large, max-video-preview:-1\" \/>\n<link rel=\"canonical\" href=\"https:\/\/www.verdieditions.com\/equilibre-de-vie\/produit\/histoire-pensee-dumas-jerphagnon\/\" \/>\n<meta property=\"og:locale\" content=\"fr_FR\" \/>\n<meta property=\"og:type\" content=\"article\" \/>\n<meta property=\"og:title\" content=\"Histoire de la pens\u00e9e, 3 Tomes - DUMAS - JERPHAGNON\" \/>\n<meta property=\"og:description\" content=\"Auteur : Jean-Louis DUMAS - Lucien JERPHAGNON Titre : Histoire de la pens\u00e9e, 3 Tomes \u00c9diteur : Tallandier, 1990, le Grand Livre du Mois\" \/>\n<meta property=\"og:url\" content=\"https:\/\/www.verdieditions.com\/equilibre-de-vie\/produit\/histoire-pensee-dumas-jerphagnon\/\" \/>\n<meta property=\"og:site_name\" content=\"Equilibre de Vie\" \/>\n<meta property=\"article:modified_time\" content=\"2021-12-31T23:06:04+00:00\" \/>\n<meta property=\"og:image\" content=\"https:\/\/www.verdieditions.com\/equilibre-de-vie\/wp-content\/uploads\/2021\/01\/histoire-pensee-dumas-tome-3-volumes.jpg\" \/>\n\t<meta property=\"og:image:width\" content=\"800\" \/>\n\t<meta property=\"og:image:height\" content=\"619\" \/>\n\t<meta property=\"og:image:type\" content=\"image\/jpeg\" \/>\n<meta name=\"twitter:card\" content=\"summary_large_image\" \/>\n<meta name=\"twitter:label1\" content=\"Dur\u00e9e de lecture estim\u00e9e\" \/>\n\t<meta name=\"twitter:data1\" content=\"1 minute\" \/>\n<script type=\"application\/ld+json\" class=\"yoast-schema-graph\">{\"@context\":\"https:\\\/\\\/schema.org\",\"@graph\":[{\"@type\":\"WebPage\",\"@id\":\"https:\\\/\\\/www.verdieditions.com\\\/equilibre-de-vie\\\/produit\\\/histoire-pensee-dumas-jerphagnon\\\/\",\"url\":\"https:\\\/\\\/www.verdieditions.com\\\/equilibre-de-vie\\\/produit\\\/histoire-pensee-dumas-jerphagnon\\\/\",\"name\":\"Histoire de la pens\u00e9e, 3 Tomes - DUMAS - JERPHAGNON\",\"isPartOf\":{\"@id\":\"https:\\\/\\\/www.verdieditions.com\\\/equilibre-de-vie\\\/#website\"},\"primaryImageOfPage\":{\"@id\":\"https:\\\/\\\/www.verdieditions.com\\\/equilibre-de-vie\\\/produit\\\/histoire-pensee-dumas-jerphagnon\\\/#primaryimage\"},\"image\":{\"@id\":\"https:\\\/\\\/www.verdieditions.com\\\/equilibre-de-vie\\\/produit\\\/histoire-pensee-dumas-jerphagnon\\\/#primaryimage\"},\"thumbnailUrl\":\"https:\\\/\\\/www.verdieditions.com\\\/equilibre-de-vie\\\/wp-content\\\/uploads\\\/2021\\\/01\\\/histoire-pensee-dumas-tome-3-volumes.jpg\",\"datePublished\":\"2021-01-26T11:00:42+00:00\",\"dateModified\":\"2021-12-31T23:06:04+00:00\",\"description\":\"Auteur : Jean-Louis DUMAS - Lucien JERPHAGNON Titre : Histoire de la pens\u00e9e, 3 Tomes \u00c9diteur : Tallandier, 1990, le Grand Livre du Mois\",\"breadcrumb\":{\"@id\":\"https:\\\/\\\/www.verdieditions.com\\\/equilibre-de-vie\\\/produit\\\/histoire-pensee-dumas-jerphagnon\\\/#breadcrumb\"},\"inLanguage\":\"fr-FR\",\"potentialAction\":[{\"@type\":\"ReadAction\",\"target\":[\"https:\\\/\\\/www.verdieditions.com\\\/equilibre-de-vie\\\/produit\\\/histoire-pensee-dumas-jerphagnon\\\/\"]}]},{\"@type\":\"ImageObject\",\"inLanguage\":\"fr-FR\",\"@id\":\"https:\\\/\\\/www.verdieditions.com\\\/equilibre-de-vie\\\/produit\\\/histoire-pensee-dumas-jerphagnon\\\/#primaryimage\",\"url\":\"https:\\\/\\\/www.verdieditions.com\\\/equilibre-de-vie\\\/wp-content\\\/uploads\\\/2021\\\/01\\\/histoire-pensee-dumas-tome-3-volumes.jpg\",\"contentUrl\":\"https:\\\/\\\/www.verdieditions.com\\\/equilibre-de-vie\\\/wp-content\\\/uploads\\\/2021\\\/01\\\/histoire-pensee-dumas-tome-3-volumes.jpg\",\"width\":800,\"height\":619,\"caption\":\"histoire-pensee-dumas-tome-3-volumes\"},{\"@type\":\"BreadcrumbList\",\"@id\":\"https:\\\/\\\/www.verdieditions.com\\\/equilibre-de-vie\\\/produit\\\/histoire-pensee-dumas-jerphagnon\\\/#breadcrumb\",\"itemListElement\":[{\"@type\":\"ListItem\",\"position\":1,\"name\":\"Accueil\",\"item\":\"https:\\\/\\\/www.verdieditions.com\\\/equilibre-de-vie\\\/\"},{\"@type\":\"ListItem\",\"position\":2,\"name\":\"La boutique\",\"item\":\"https:\\\/\\\/www.verdieditions.com\\\/equilibre-de-vie\\\/boutique\\\/\"},{\"@type\":\"ListItem\",\"position\":3,\"name\":\"Histoire de la pens\u00e9e, 3 Tomes &#8211; DUMAS &#8211; JERPHAGNON\"}]},{\"@type\":\"WebSite\",\"@id\":\"https:\\\/\\\/www.verdieditions.com\\\/equilibre-de-vie\\\/#website\",\"url\":\"https:\\\/\\\/www.verdieditions.com\\\/equilibre-de-vie\\\/\",\"name\":\"Equilibre de Vie\",\"description\":\"Ma boutique livres sant\u00e9, \u00e9sot\u00e9risme et d\u00e9veloppement personnel\",\"publisher\":{\"@id\":\"https:\\\/\\\/www.verdieditions.com\\\/equilibre-de-vie\\\/#\\\/schema\\\/person\\\/9dcb2a6759f2f5fbf43ac0b44649cecb\"},\"potentialAction\":[{\"@type\":\"SearchAction\",\"target\":{\"@type\":\"EntryPoint\",\"urlTemplate\":\"https:\\\/\\\/www.verdieditions.com\\\/equilibre-de-vie\\\/?s={search_term_string}\"},\"query-input\":{\"@type\":\"PropertyValueSpecification\",\"valueRequired\":true,\"valueName\":\"search_term_string\"}}],\"inLanguage\":\"fr-FR\"},{\"@type\":[\"Person\",\"Organization\"],\"@id\":\"https:\\\/\\\/www.verdieditions.com\\\/equilibre-de-vie\\\/#\\\/schema\\\/person\\\/9dcb2a6759f2f5fbf43ac0b44649cecb\",\"name\":\"Sylvie VERDI\",\"image\":{\"@type\":\"ImageObject\",\"inLanguage\":\"fr-FR\",\"@id\":\"https:\\\/\\\/www.verdieditions.com\\\/equilibre-de-vie\\\/wp-content\\\/uploads\\\/2020\\\/04\\\/livres-occasion-sante-esoterisme-developpement-personnel-2.jpg\",\"url\":\"https:\\\/\\\/www.verdieditions.com\\\/equilibre-de-vie\\\/wp-content\\\/uploads\\\/2020\\\/04\\\/livres-occasion-sante-esoterisme-developpement-personnel-2.jpg\",\"contentUrl\":\"https:\\\/\\\/www.verdieditions.com\\\/equilibre-de-vie\\\/wp-content\\\/uploads\\\/2020\\\/04\\\/livres-occasion-sante-esoterisme-developpement-personnel-2.jpg\",\"width\":800,\"height\":572,\"caption\":\"Sylvie VERDI\"},\"logo\":{\"@id\":\"https:\\\/\\\/www.verdieditions.com\\\/equilibre-de-vie\\\/wp-content\\\/uploads\\\/2020\\\/04\\\/livres-occasion-sante-esoterisme-developpement-personnel-2.jpg\"},\"sameAs\":[\"https:\\\/\\\/www.verdieditions.com\\\/equilibre-de-vie\"]}]}<\/script>\n<!-- \/ Yoast SEO plugin. -->","yoast_head_json":{"title":"Histoire de la pens\u00e9e, 3 Tomes - DUMAS - JERPHAGNON","description":"Auteur : Jean-Louis DUMAS - Lucien JERPHAGNON Titre : Histoire de la pens\u00e9e, 3 Tomes \u00c9diteur : Tallandier, 1990, le Grand Livre du Mois","robots":{"index":"index","follow":"follow","max-snippet":"max-snippet:-1","max-image-preview":"max-image-preview:large","max-video-preview":"max-video-preview:-1"},"canonical":"https:\/\/www.verdieditions.com\/equilibre-de-vie\/produit\/histoire-pensee-dumas-jerphagnon\/","og_locale":"fr_FR","og_type":"article","og_title":"Histoire de la pens\u00e9e, 3 Tomes - DUMAS - JERPHAGNON","og_description":"Auteur : Jean-Louis DUMAS - Lucien JERPHAGNON Titre : Histoire de la pens\u00e9e, 3 Tomes \u00c9diteur : Tallandier, 1990, le Grand Livre du Mois","og_url":"https:\/\/www.verdieditions.com\/equilibre-de-vie\/produit\/histoire-pensee-dumas-jerphagnon\/","og_site_name":"Equilibre de Vie","article_modified_time":"2021-12-31T23:06:04+00:00","og_image":[{"width":800,"height":619,"url":"https:\/\/www.verdieditions.com\/equilibre-de-vie\/wp-content\/uploads\/2021\/01\/histoire-pensee-dumas-tome-3-volumes.jpg","type":"image\/jpeg"}],"twitter_card":"summary_large_image","twitter_misc":{"Dur\u00e9e de lecture estim\u00e9e":"1 minute"},"schema":{"@context":"https:\/\/schema.org","@graph":[{"@type":"WebPage","@id":"https:\/\/www.verdieditions.com\/equilibre-de-vie\/produit\/histoire-pensee-dumas-jerphagnon\/","url":"https:\/\/www.verdieditions.com\/equilibre-de-vie\/produit\/histoire-pensee-dumas-jerphagnon\/","name":"Histoire de la pens\u00e9e, 3 Tomes - DUMAS - JERPHAGNON","isPartOf":{"@id":"https:\/\/www.verdieditions.com\/equilibre-de-vie\/#website"},"primaryImageOfPage":{"@id":"https:\/\/www.verdieditions.com\/equilibre-de-vie\/produit\/histoire-pensee-dumas-jerphagnon\/#primaryimage"},"image":{"@id":"https:\/\/www.verdieditions.com\/equilibre-de-vie\/produit\/histoire-pensee-dumas-jerphagnon\/#primaryimage"},"thumbnailUrl":"https:\/\/www.verdieditions.com\/equilibre-de-vie\/wp-content\/uploads\/2021\/01\/histoire-pensee-dumas-tome-3-volumes.jpg","datePublished":"2021-01-26T11:00:42+00:00","dateModified":"2021-12-31T23:06:04+00:00","description":"Auteur : Jean-Louis DUMAS - Lucien JERPHAGNON Titre : Histoire de la pens\u00e9e, 3 Tomes \u00c9diteur : Tallandier, 1990, le Grand Livre du Mois","breadcrumb":{"@id":"https:\/\/www.verdieditions.com\/equilibre-de-vie\/produit\/histoire-pensee-dumas-jerphagnon\/#breadcrumb"},"inLanguage":"fr-FR","potentialAction":[{"@type":"ReadAction","target":["https:\/\/www.verdieditions.com\/equilibre-de-vie\/produit\/histoire-pensee-dumas-jerphagnon\/"]}]},{"@type":"ImageObject","inLanguage":"fr-FR","@id":"https:\/\/www.verdieditions.com\/equilibre-de-vie\/produit\/histoire-pensee-dumas-jerphagnon\/#primaryimage","url":"https:\/\/www.verdieditions.com\/equilibre-de-vie\/wp-content\/uploads\/2021\/01\/histoire-pensee-dumas-tome-3-volumes.jpg","contentUrl":"https:\/\/www.verdieditions.com\/equilibre-de-vie\/wp-content\/uploads\/2021\/01\/histoire-pensee-dumas-tome-3-volumes.jpg","width":800,"height":619,"caption":"histoire-pensee-dumas-tome-3-volumes"},{"@type":"BreadcrumbList","@id":"https:\/\/www.verdieditions.com\/equilibre-de-vie\/produit\/histoire-pensee-dumas-jerphagnon\/#breadcrumb","itemListElement":[{"@type":"ListItem","position":1,"name":"Accueil","item":"https:\/\/www.verdieditions.com\/equilibre-de-vie\/"},{"@type":"ListItem","position":2,"name":"La boutique","item":"https:\/\/www.verdieditions.com\/equilibre-de-vie\/boutique\/"},{"@type":"ListItem","position":3,"name":"Histoire de la pens\u00e9e, 3 Tomes &#8211; DUMAS &#8211; JERPHAGNON"}]},{"@type":"WebSite","@id":"https:\/\/www.verdieditions.com\/equilibre-de-vie\/#website","url":"https:\/\/www.verdieditions.com\/equilibre-de-vie\/","name":"Equilibre de Vie","description":"Ma boutique livres sant\u00e9, \u00e9sot\u00e9risme et d\u00e9veloppement personnel","publisher":{"@id":"https:\/\/www.verdieditions.com\/equilibre-de-vie\/#\/schema\/person\/9dcb2a6759f2f5fbf43ac0b44649cecb"},"potentialAction":[{"@type":"SearchAction","target":{"@type":"EntryPoint","urlTemplate":"https:\/\/www.verdieditions.com\/equilibre-de-vie\/?s={search_term_string}"},"query-input":{"@type":"PropertyValueSpecification","valueRequired":true,"valueName":"search_term_string"}}],"inLanguage":"fr-FR"},{"@type":["Person","Organization"],"@id":"https:\/\/www.verdieditions.com\/equilibre-de-vie\/#\/schema\/person\/9dcb2a6759f2f5fbf43ac0b44649cecb","name":"Sylvie VERDI","image":{"@type":"ImageObject","inLanguage":"fr-FR","@id":"https:\/\/www.verdieditions.com\/equilibre-de-vie\/wp-content\/uploads\/2020\/04\/livres-occasion-sante-esoterisme-developpement-personnel-2.jpg","url":"https:\/\/www.verdieditions.com\/equilibre-de-vie\/wp-content\/uploads\/2020\/04\/livres-occasion-sante-esoterisme-developpement-personnel-2.jpg","contentUrl":"https:\/\/www.verdieditions.com\/equilibre-de-vie\/wp-content\/uploads\/2020\/04\/livres-occasion-sante-esoterisme-developpement-personnel-2.jpg","width":800,"height":572,"caption":"Sylvie VERDI"},"logo":{"@id":"https:\/\/www.verdieditions.com\/equilibre-de-vie\/wp-content\/uploads\/2020\/04\/livres-occasion-sante-esoterisme-developpement-personnel-2.jpg"},"sameAs":["https:\/\/www.verdieditions.com\/equilibre-de-vie"]}]}},"_links":{"self":[{"href":"https:\/\/www.verdieditions.com\/equilibre-de-vie\/wp-json\/wp\/v2\/product\/1565","targetHints":{"allow":["GET"]}}],"collection":[{"href":"https:\/\/www.verdieditions.com\/equilibre-de-vie\/wp-json\/wp\/v2\/product"}],"about":[{"href":"https:\/\/www.verdieditions.com\/equilibre-de-vie\/wp-json\/wp\/v2\/types\/product"}],"wp:featuredmedia":[{"embeddable":true,"href":"https:\/\/www.verdieditions.com\/equilibre-de-vie\/wp-json\/wp\/v2\/media\/1569"}],"wp:attachment":[{"href":"https:\/\/www.verdieditions.com\/equilibre-de-vie\/wp-json\/wp\/v2\/media?parent=1565"}],"wp:term":[{"taxonomy":"product_brand","embeddable":true,"href":"https:\/\/www.verdieditions.com\/equilibre-de-vie\/wp-json\/wp\/v2\/product_brand?post=1565"},{"taxonomy":"product_cat","embeddable":true,"href":"https:\/\/www.verdieditions.com\/equilibre-de-vie\/wp-json\/wp\/v2\/product_cat?post=1565"},{"taxonomy":"product_tag","embeddable":true,"href":"https:\/\/www.verdieditions.com\/equilibre-de-vie\/wp-json\/wp\/v2\/product_tag?post=1565"}],"curies":[{"name":"wp","href":"https:\/\/api.w.org\/{rel}","templated":true}]}}