{"id":1553,"date":"2021-01-19T14:54:54","date_gmt":"2021-01-19T13:54:54","guid":{"rendered":"https:\/\/www.verdieditions.com\/equilibre-de-vie\/?post_type=product&#038;p=1553"},"modified":"2024-02-06T11:17:13","modified_gmt":"2024-02-06T10:17:13","slug":"philosophie-jacquard","status":"publish","type":"product","link":"https:\/\/www.verdieditions.com\/equilibre-de-vie\/produit\/philosophie-jacquard\/","title":{"rendered":"Petite philosophie \u00e0 l&rsquo;usage des non-philosophes &#8211; Albert JACQUARD"},"content":{"rendered":"<p>Auteur :  Albert JACQUARD<br \/>\nTitre : Petite philosophie \u00e0 l&rsquo;usage des non-philosophes<br \/>\n\u00c9diteur : Calmann-L\u00e9vy, 1997<br \/>\nEdition originale<br \/>\nDim. 14 x 21<br \/>\n232 pages<\/p>\n<p>Le monde des hommes est entr\u00e9 dans une phase de bouleversements sans pr\u00e9c\u00e9dent. Tout a chang\u00e9 en quelques d\u00e9cennies, dans nos pouvoirs comme dans nos savoirs. Nos rep\u00e8res ont disparu, les certitudes ont fait long feu, comme les id\u00e9ologies de tous bords. Il est urgent de mettre de l&rsquo;ordre dans nos connaissances ; c&rsquo;est \u00e0 cette condition seulement que nous pourrons avoir prise sur la soci\u00e9t\u00e9 de demain.<br \/>\nDans ce livre construit sous la forme d&rsquo;un ab\u00e9c\u00e9daire, Albert Jacquard s&rsquo;efforce de donner aux questions essentielles ; autrui, le bonheur, la libert\u00e9, la sagesse, etc&#8230; une r\u00e9ponse claire, concise, lucide, qui renouvelle l&rsquo;interrogation philosophique.<br \/>\nQu&rsquo;on la lise de A \u00e0 Z, ou qu&rsquo;on la feuillette au gr\u00e9 de la curiosit\u00e9, cette Petite Philosophie \u00e0 l&rsquo;usage des non-philosophes permettra \u00e0 chacun de mieux comprendre la soci\u00e9t\u00e9 et soi-m\u00eame, de tracer la limite entre ce que nous pouvons savoir et ce que nous ignorerons sans doute toujours.<\/p>\n<p>Albert Jacquard a \u00e9crit de nombreux ouvrages sur la science et sur la soci\u00e9t\u00e9, qui sont autant de best-sellers. Il plaide sans rel\u00e2che en faveur d&rsquo;une \u00e9ducation qui mettrait \u00e0 la port\u00e9e de tous les acquis du savoir. Ni la science ni la philosophie ne doivent demeurer l&rsquo;apanage de quelques-uns : c&rsquo;est sa conviction la plus profonde. Il a publi\u00e9 chez Calmann-L\u00e9vy : J&rsquo;accuse l&rsquo;\u00e9conomie triomphante (1995) et Le Souci des pauvres (1996).<\/p>\n<p>Huguette Plan\u00e8s est professeur de philosophie au lyc\u00e9e La P\u00e9rouse d&rsquo;Albi. Par ses questions sans complaisance, elle a permis \u00e0 Albert Jacquard d&rsquo;aller plus loin dans sa propre r\u00e9flexion.<\/p>\n","protected":false},"excerpt":{"rendered":"<p>Auteur :  Albert JACQUARD<br \/>\nTitre : Petite philosophie \u00e0 l&rsquo;usage des non-philosophes<br \/>\n\u00c9diteur : Calmann-L\u00e9vy, 1997<br \/>\nEdition originale<br \/>\nDim. 14 x 21<br \/>\n232 pages<\/p>\n","protected":false},"featured_media":1555,"template":"","meta":[],"product_brand":[],"product_cat":[22],"product_tag":[265,147,171],"class_list":{"0":"post-1553","1":"product","2":"type-product","3":"status-publish","4":"has-post-thumbnail","6":"product_cat-developpement-personnel","7":"product_tag-philosophie","8":"product_tag-science","9":"product_tag-vie","11":"first","12":"instock","13":"shipping-taxable","14":"product-type-simple"},"yoast_head":"<!-- This site is optimized with the Yoast SEO plugin v27.4 - https:\/\/yoast.com\/product\/yoast-seo-wordpress\/ -->\n<title>Petite philosophie \u00e0 l&#039;usage des non-philosophes - Albert JACQUARD<\/title>\n<meta name=\"description\" content=\"Auteur : Albert JACQUARD Titre : Petite philosophie \u00e0 l&#039;usage des non-philosophes \u00c9diteur : Calmann-L\u00e9vy, 1997 Dim. 14 x 21 232 pages\" \/>\n<meta name=\"robots\" content=\"index, follow, max-snippet:-1, max-image-preview:large, max-video-preview:-1\" \/>\n<link rel=\"canonical\" href=\"https:\/\/www.verdieditions.com\/equilibre-de-vie\/produit\/philosophie-jacquard\/\" \/>\n<meta property=\"og:locale\" content=\"fr_FR\" \/>\n<meta property=\"og:type\" content=\"article\" \/>\n<meta property=\"og:title\" content=\"Petite philosophie \u00e0 l&#039;usage des non-philosophes - Albert JACQUARD\" \/>\n<meta property=\"og:description\" content=\"Auteur : Albert JACQUARD Titre : Petite philosophie \u00e0 l&#039;usage des non-philosophes \u00c9diteur : Calmann-L\u00e9vy, 1997 Dim. 14 x 21 232 pages\" \/>\n<meta property=\"og:url\" content=\"https:\/\/www.verdieditions.com\/equilibre-de-vie\/produit\/philosophie-jacquard\/\" \/>\n<meta property=\"og:site_name\" content=\"Equilibre de Vie\" \/>\n<meta property=\"article:modified_time\" content=\"2024-02-06T10:17:13+00:00\" \/>\n<meta property=\"og:image\" content=\"https:\/\/www.verdieditions.com\/equilibre-de-vie\/wp-content\/uploads\/2021\/01\/jacquard-philosophie-non-philosophes.jpg\" \/>\n\t<meta property=\"og:image:width\" content=\"800\" \/>\n\t<meta property=\"og:image:height\" content=\"1181\" \/>\n\t<meta property=\"og:image:type\" content=\"image\/jpeg\" \/>\n<meta name=\"twitter:card\" content=\"summary_large_image\" \/>\n<meta name=\"twitter:label1\" content=\"Dur\u00e9e de lecture estim\u00e9e\" \/>\n\t<meta name=\"twitter:data1\" content=\"1 minute\" \/>\n<script type=\"application\/ld+json\" class=\"yoast-schema-graph\">{\"@context\":\"https:\\\/\\\/schema.org\",\"@graph\":[{\"@type\":\"WebPage\",\"@id\":\"https:\\\/\\\/www.verdieditions.com\\\/equilibre-de-vie\\\/produit\\\/philosophie-jacquard\\\/\",\"url\":\"https:\\\/\\\/www.verdieditions.com\\\/equilibre-de-vie\\\/produit\\\/philosophie-jacquard\\\/\",\"name\":\"Petite philosophie \u00e0 l'usage des non-philosophes - Albert JACQUARD\",\"isPartOf\":{\"@id\":\"https:\\\/\\\/www.verdieditions.com\\\/equilibre-de-vie\\\/#website\"},\"primaryImageOfPage\":{\"@id\":\"https:\\\/\\\/www.verdieditions.com\\\/equilibre-de-vie\\\/produit\\\/philosophie-jacquard\\\/#primaryimage\"},\"image\":{\"@id\":\"https:\\\/\\\/www.verdieditions.com\\\/equilibre-de-vie\\\/produit\\\/philosophie-jacquard\\\/#primaryimage\"},\"thumbnailUrl\":\"https:\\\/\\\/www.verdieditions.com\\\/equilibre-de-vie\\\/wp-content\\\/uploads\\\/2021\\\/01\\\/jacquard-philosophie-non-philosophes.jpg\",\"datePublished\":\"2021-01-19T13:54:54+00:00\",\"dateModified\":\"2024-02-06T10:17:13+00:00\",\"description\":\"Auteur : Albert JACQUARD Titre : Petite philosophie \u00e0 l'usage des non-philosophes \u00c9diteur : Calmann-L\u00e9vy, 1997 Dim. 14 x 21 232 pages\",\"breadcrumb\":{\"@id\":\"https:\\\/\\\/www.verdieditions.com\\\/equilibre-de-vie\\\/produit\\\/philosophie-jacquard\\\/#breadcrumb\"},\"inLanguage\":\"fr-FR\",\"potentialAction\":[{\"@type\":\"ReadAction\",\"target\":[\"https:\\\/\\\/www.verdieditions.com\\\/equilibre-de-vie\\\/produit\\\/philosophie-jacquard\\\/\"]}]},{\"@type\":\"ImageObject\",\"inLanguage\":\"fr-FR\",\"@id\":\"https:\\\/\\\/www.verdieditions.com\\\/equilibre-de-vie\\\/produit\\\/philosophie-jacquard\\\/#primaryimage\",\"url\":\"https:\\\/\\\/www.verdieditions.com\\\/equilibre-de-vie\\\/wp-content\\\/uploads\\\/2021\\\/01\\\/jacquard-philosophie-non-philosophes.jpg\",\"contentUrl\":\"https:\\\/\\\/www.verdieditions.com\\\/equilibre-de-vie\\\/wp-content\\\/uploads\\\/2021\\\/01\\\/jacquard-philosophie-non-philosophes.jpg\",\"width\":800,\"height\":1181,\"caption\":\"jacquard-philosophie-non-philosophes\"},{\"@type\":\"BreadcrumbList\",\"@id\":\"https:\\\/\\\/www.verdieditions.com\\\/equilibre-de-vie\\\/produit\\\/philosophie-jacquard\\\/#breadcrumb\",\"itemListElement\":[{\"@type\":\"ListItem\",\"position\":1,\"name\":\"Accueil\",\"item\":\"https:\\\/\\\/www.verdieditions.com\\\/equilibre-de-vie\\\/\"},{\"@type\":\"ListItem\",\"position\":2,\"name\":\"La boutique\",\"item\":\"https:\\\/\\\/www.verdieditions.com\\\/equilibre-de-vie\\\/boutique\\\/\"},{\"@type\":\"ListItem\",\"position\":3,\"name\":\"Petite philosophie \u00e0 l&#8217;usage des non-philosophes &#8211; Albert JACQUARD\"}]},{\"@type\":\"WebSite\",\"@id\":\"https:\\\/\\\/www.verdieditions.com\\\/equilibre-de-vie\\\/#website\",\"url\":\"https:\\\/\\\/www.verdieditions.com\\\/equilibre-de-vie\\\/\",\"name\":\"Equilibre de Vie\",\"description\":\"Ma boutique livres sant\u00e9, \u00e9sot\u00e9risme et d\u00e9veloppement personnel\",\"publisher\":{\"@id\":\"https:\\\/\\\/www.verdieditions.com\\\/equilibre-de-vie\\\/#\\\/schema\\\/person\\\/9dcb2a6759f2f5fbf43ac0b44649cecb\"},\"potentialAction\":[{\"@type\":\"SearchAction\",\"target\":{\"@type\":\"EntryPoint\",\"urlTemplate\":\"https:\\\/\\\/www.verdieditions.com\\\/equilibre-de-vie\\\/?s={search_term_string}\"},\"query-input\":{\"@type\":\"PropertyValueSpecification\",\"valueRequired\":true,\"valueName\":\"search_term_string\"}}],\"inLanguage\":\"fr-FR\"},{\"@type\":[\"Person\",\"Organization\"],\"@id\":\"https:\\\/\\\/www.verdieditions.com\\\/equilibre-de-vie\\\/#\\\/schema\\\/person\\\/9dcb2a6759f2f5fbf43ac0b44649cecb\",\"name\":\"Sylvie VERDI\",\"image\":{\"@type\":\"ImageObject\",\"inLanguage\":\"fr-FR\",\"@id\":\"https:\\\/\\\/www.verdieditions.com\\\/equilibre-de-vie\\\/wp-content\\\/uploads\\\/2020\\\/04\\\/livres-occasion-sante-esoterisme-developpement-personnel-2.jpg\",\"url\":\"https:\\\/\\\/www.verdieditions.com\\\/equilibre-de-vie\\\/wp-content\\\/uploads\\\/2020\\\/04\\\/livres-occasion-sante-esoterisme-developpement-personnel-2.jpg\",\"contentUrl\":\"https:\\\/\\\/www.verdieditions.com\\\/equilibre-de-vie\\\/wp-content\\\/uploads\\\/2020\\\/04\\\/livres-occasion-sante-esoterisme-developpement-personnel-2.jpg\",\"width\":800,\"height\":572,\"caption\":\"Sylvie VERDI\"},\"logo\":{\"@id\":\"https:\\\/\\\/www.verdieditions.com\\\/equilibre-de-vie\\\/wp-content\\\/uploads\\\/2020\\\/04\\\/livres-occasion-sante-esoterisme-developpement-personnel-2.jpg\"},\"sameAs\":[\"https:\\\/\\\/www.verdieditions.com\\\/equilibre-de-vie\"]}]}<\/script>\n<!-- \/ Yoast SEO plugin. -->","yoast_head_json":{"title":"Petite philosophie \u00e0 l'usage des non-philosophes - Albert JACQUARD","description":"Auteur : Albert JACQUARD Titre : Petite philosophie \u00e0 l'usage des non-philosophes \u00c9diteur : Calmann-L\u00e9vy, 1997 Dim. 14 x 21 232 pages","robots":{"index":"index","follow":"follow","max-snippet":"max-snippet:-1","max-image-preview":"max-image-preview:large","max-video-preview":"max-video-preview:-1"},"canonical":"https:\/\/www.verdieditions.com\/equilibre-de-vie\/produit\/philosophie-jacquard\/","og_locale":"fr_FR","og_type":"article","og_title":"Petite philosophie \u00e0 l'usage des non-philosophes - Albert JACQUARD","og_description":"Auteur : Albert JACQUARD Titre : Petite philosophie \u00e0 l'usage des non-philosophes \u00c9diteur : Calmann-L\u00e9vy, 1997 Dim. 14 x 21 232 pages","og_url":"https:\/\/www.verdieditions.com\/equilibre-de-vie\/produit\/philosophie-jacquard\/","og_site_name":"Equilibre de Vie","article_modified_time":"2024-02-06T10:17:13+00:00","og_image":[{"width":800,"height":1181,"url":"https:\/\/www.verdieditions.com\/equilibre-de-vie\/wp-content\/uploads\/2021\/01\/jacquard-philosophie-non-philosophes.jpg","type":"image\/jpeg"}],"twitter_card":"summary_large_image","twitter_misc":{"Dur\u00e9e de lecture estim\u00e9e":"1 minute"},"schema":{"@context":"https:\/\/schema.org","@graph":[{"@type":"WebPage","@id":"https:\/\/www.verdieditions.com\/equilibre-de-vie\/produit\/philosophie-jacquard\/","url":"https:\/\/www.verdieditions.com\/equilibre-de-vie\/produit\/philosophie-jacquard\/","name":"Petite philosophie \u00e0 l'usage des non-philosophes - Albert JACQUARD","isPartOf":{"@id":"https:\/\/www.verdieditions.com\/equilibre-de-vie\/#website"},"primaryImageOfPage":{"@id":"https:\/\/www.verdieditions.com\/equilibre-de-vie\/produit\/philosophie-jacquard\/#primaryimage"},"image":{"@id":"https:\/\/www.verdieditions.com\/equilibre-de-vie\/produit\/philosophie-jacquard\/#primaryimage"},"thumbnailUrl":"https:\/\/www.verdieditions.com\/equilibre-de-vie\/wp-content\/uploads\/2021\/01\/jacquard-philosophie-non-philosophes.jpg","datePublished":"2021-01-19T13:54:54+00:00","dateModified":"2024-02-06T10:17:13+00:00","description":"Auteur : Albert JACQUARD Titre : Petite philosophie \u00e0 l'usage des non-philosophes \u00c9diteur : Calmann-L\u00e9vy, 1997 Dim. 14 x 21 232 pages","breadcrumb":{"@id":"https:\/\/www.verdieditions.com\/equilibre-de-vie\/produit\/philosophie-jacquard\/#breadcrumb"},"inLanguage":"fr-FR","potentialAction":[{"@type":"ReadAction","target":["https:\/\/www.verdieditions.com\/equilibre-de-vie\/produit\/philosophie-jacquard\/"]}]},{"@type":"ImageObject","inLanguage":"fr-FR","@id":"https:\/\/www.verdieditions.com\/equilibre-de-vie\/produit\/philosophie-jacquard\/#primaryimage","url":"https:\/\/www.verdieditions.com\/equilibre-de-vie\/wp-content\/uploads\/2021\/01\/jacquard-philosophie-non-philosophes.jpg","contentUrl":"https:\/\/www.verdieditions.com\/equilibre-de-vie\/wp-content\/uploads\/2021\/01\/jacquard-philosophie-non-philosophes.jpg","width":800,"height":1181,"caption":"jacquard-philosophie-non-philosophes"},{"@type":"BreadcrumbList","@id":"https:\/\/www.verdieditions.com\/equilibre-de-vie\/produit\/philosophie-jacquard\/#breadcrumb","itemListElement":[{"@type":"ListItem","position":1,"name":"Accueil","item":"https:\/\/www.verdieditions.com\/equilibre-de-vie\/"},{"@type":"ListItem","position":2,"name":"La boutique","item":"https:\/\/www.verdieditions.com\/equilibre-de-vie\/boutique\/"},{"@type":"ListItem","position":3,"name":"Petite philosophie \u00e0 l&#8217;usage des non-philosophes &#8211; Albert JACQUARD"}]},{"@type":"WebSite","@id":"https:\/\/www.verdieditions.com\/equilibre-de-vie\/#website","url":"https:\/\/www.verdieditions.com\/equilibre-de-vie\/","name":"Equilibre de Vie","description":"Ma boutique livres sant\u00e9, \u00e9sot\u00e9risme et d\u00e9veloppement personnel","publisher":{"@id":"https:\/\/www.verdieditions.com\/equilibre-de-vie\/#\/schema\/person\/9dcb2a6759f2f5fbf43ac0b44649cecb"},"potentialAction":[{"@type":"SearchAction","target":{"@type":"EntryPoint","urlTemplate":"https:\/\/www.verdieditions.com\/equilibre-de-vie\/?s={search_term_string}"},"query-input":{"@type":"PropertyValueSpecification","valueRequired":true,"valueName":"search_term_string"}}],"inLanguage":"fr-FR"},{"@type":["Person","Organization"],"@id":"https:\/\/www.verdieditions.com\/equilibre-de-vie\/#\/schema\/person\/9dcb2a6759f2f5fbf43ac0b44649cecb","name":"Sylvie VERDI","image":{"@type":"ImageObject","inLanguage":"fr-FR","@id":"https:\/\/www.verdieditions.com\/equilibre-de-vie\/wp-content\/uploads\/2020\/04\/livres-occasion-sante-esoterisme-developpement-personnel-2.jpg","url":"https:\/\/www.verdieditions.com\/equilibre-de-vie\/wp-content\/uploads\/2020\/04\/livres-occasion-sante-esoterisme-developpement-personnel-2.jpg","contentUrl":"https:\/\/www.verdieditions.com\/equilibre-de-vie\/wp-content\/uploads\/2020\/04\/livres-occasion-sante-esoterisme-developpement-personnel-2.jpg","width":800,"height":572,"caption":"Sylvie VERDI"},"logo":{"@id":"https:\/\/www.verdieditions.com\/equilibre-de-vie\/wp-content\/uploads\/2020\/04\/livres-occasion-sante-esoterisme-developpement-personnel-2.jpg"},"sameAs":["https:\/\/www.verdieditions.com\/equilibre-de-vie"]}]}},"_links":{"self":[{"href":"https:\/\/www.verdieditions.com\/equilibre-de-vie\/wp-json\/wp\/v2\/product\/1553","targetHints":{"allow":["GET"]}}],"collection":[{"href":"https:\/\/www.verdieditions.com\/equilibre-de-vie\/wp-json\/wp\/v2\/product"}],"about":[{"href":"https:\/\/www.verdieditions.com\/equilibre-de-vie\/wp-json\/wp\/v2\/types\/product"}],"wp:featuredmedia":[{"embeddable":true,"href":"https:\/\/www.verdieditions.com\/equilibre-de-vie\/wp-json\/wp\/v2\/media\/1555"}],"wp:attachment":[{"href":"https:\/\/www.verdieditions.com\/equilibre-de-vie\/wp-json\/wp\/v2\/media?parent=1553"}],"wp:term":[{"taxonomy":"product_brand","embeddable":true,"href":"https:\/\/www.verdieditions.com\/equilibre-de-vie\/wp-json\/wp\/v2\/product_brand?post=1553"},{"taxonomy":"product_cat","embeddable":true,"href":"https:\/\/www.verdieditions.com\/equilibre-de-vie\/wp-json\/wp\/v2\/product_cat?post=1553"},{"taxonomy":"product_tag","embeddable":true,"href":"https:\/\/www.verdieditions.com\/equilibre-de-vie\/wp-json\/wp\/v2\/product_tag?post=1553"}],"curies":[{"name":"wp","href":"https:\/\/api.w.org\/{rel}","templated":true}]}}