{"id":154,"date":"2020-04-22T15:49:32","date_gmt":"2020-04-22T13:49:32","guid":{"rendered":"https:\/\/www.verdieditions.com\/equilibre-de-vie\/?post_type=product&#038;p=154"},"modified":"2024-02-06T13:24:07","modified_gmt":"2024-02-06T12:24:07","slug":"astrologie-karmique-galle","status":"publish","type":"product","link":"https:\/\/www.verdieditions.com\/equilibre-de-vie\/produit\/astrologie-karmique-galle\/","title":{"rendered":"Astrologie karmique, Guide pratique &#8211; Brigitte GALLE"},"content":{"rendered":"<p>Auteur : Brigitte GALLE<br \/>\nTitre : Astrologie karmique, Guide pratique &#8211; Le zodiaque, ses signes et ses plan\u00e8tes<br \/>\n\u00c9diteur : Autres Temps, 2000, Collection Temps Parall\u00e8les<br \/>\nDim. 16 x 24<br \/>\n250 pages<\/p>\n<p>Ce livre s&rsquo;adresse \u00e0 toutes les personnes d\u00e9sireuses de comprendre les signes astrologiques d&rsquo;une fa\u00e7on simple et rapide. Y sont mis en \u00e9vidence la logique de l&rsquo;\u00e9volution de la nature, de la vie et le parall\u00e8le que l&rsquo;on peut en faire avec les signes du zodiaque. Vous y trouverez \u00e9galement la m\u00e9thode de l&rsquo;auteur pour une bonne interpr\u00e9tation des dix plan\u00e8tes, des n\u0153uds lunaires et de la Lune noire dans votre th\u00e8me astral. Dans la premi\u00e8re partie de ce livre, vous aborderez l&rsquo;\u00e9tude d\u00e9taill\u00e9e du zodiaque e de ses signes. Dans la seconde, vous vous initierez \u00e0 monter votre propre carte du ciel. Et dans la troisi\u00e8me partie, vous vous plongerez plus pr\u00e9cis\u00e9ment dans l&rsquo;interpr\u00e9tation de cette carte. Vous comprendrez mieux ainsi qui sont profond\u00e9ment les personnes de votre entourage et surtout le pourquoi de leurs r\u00e9actions. De la m\u00eame mani\u00e8re, vous p\u00e9n\u00e9trerez plus facilement votre propre personnalit\u00e9 en toutes circonstances, en partant \u00e0 la d\u00e9couverte de vos pr\u00e9c\u00e9dentes incarnations.<\/p>\n","protected":false},"excerpt":{"rendered":"<p>Auteur : Brigitte GALLE<br \/>\nTitre : Astrologie karmique, Guide pratique &#8211; Le zodiaque, ses signes et ses plan\u00e8tes<br \/>\n\u00c9diteur : Autres Temps, 2000, Collection Temps Parall\u00e8les<br \/>\nDim. 16 x 24<br \/>\n250 pages<\/p>\n","protected":false},"featured_media":155,"template":"","meta":[],"product_brand":[],"product_cat":[23],"product_tag":[34,85,86,111,163],"class_list":{"0":"post-154","1":"product","2":"type-product","3":"status-publish","4":"has-post-thumbnail","6":"product_cat-esoterisme","7":"product_tag-astrologie","8":"product_tag-karma","9":"product_tag-karmique","10":"product_tag-noeuds-lunaires","11":"product_tag-theme-astral","13":"first","14":"instock","15":"shipping-taxable","16":"product-type-simple"},"yoast_head":"<!-- This site is optimized with the Yoast SEO plugin v27.4 - https:\/\/yoast.com\/product\/yoast-seo-wordpress\/ -->\n<title>Astrologie karmique, Guide pratique - Brigitte GALLE - Equilibre de Vie<\/title>\n<meta name=\"description\" content=\"Auteur : Brigitte GALLE Titre : Astrologie karmique, Guide pratique \u2013 Le zodiaque, ses signes et ses plan\u00e8tes \u00c9diteur : Autres Temps, 2000, Collection Temps Parall\u00e8les Dim. 16 x 24 250 pages\" \/>\n<meta name=\"robots\" content=\"index, follow, max-snippet:-1, max-image-preview:large, max-video-preview:-1\" \/>\n<link rel=\"canonical\" href=\"https:\/\/www.verdieditions.com\/equilibre-de-vie\/produit\/astrologie-karmique-galle\/\" \/>\n<meta property=\"og:locale\" content=\"fr_FR\" \/>\n<meta property=\"og:type\" content=\"article\" \/>\n<meta property=\"og:title\" content=\"Astrologie karmique, Guide pratique - Brigitte GALLE - Equilibre de Vie\" \/>\n<meta property=\"og:description\" content=\"Auteur : Brigitte GALLE Titre : Astrologie karmique, Guide pratique \u2013 Le zodiaque, ses signes et ses plan\u00e8tes \u00c9diteur : Autres Temps, 2000, Collection Temps Parall\u00e8les Dim. 16 x 24 250 pages\" \/>\n<meta property=\"og:url\" content=\"https:\/\/www.verdieditions.com\/equilibre-de-vie\/produit\/astrologie-karmique-galle\/\" \/>\n<meta property=\"og:site_name\" content=\"Equilibre de Vie\" \/>\n<meta property=\"article:modified_time\" content=\"2024-02-06T12:24:07+00:00\" \/>\n<meta property=\"og:image\" content=\"https:\/\/www.verdieditions.com\/equilibre-de-vie\/wp-content\/uploads\/2020\/04\/Astrologie-Karmique-Galle.jpg\" \/>\n\t<meta property=\"og:image:width\" content=\"787\" \/>\n\t<meta property=\"og:image:height\" content=\"1152\" \/>\n\t<meta property=\"og:image:type\" content=\"image\/jpeg\" \/>\n<meta name=\"twitter:card\" content=\"summary_large_image\" \/>\n<meta name=\"twitter:label1\" content=\"Dur\u00e9e de lecture estim\u00e9e\" \/>\n\t<meta name=\"twitter:data1\" content=\"1 minute\" \/>\n<script type=\"application\/ld+json\" class=\"yoast-schema-graph\">{\"@context\":\"https:\\\/\\\/schema.org\",\"@graph\":[{\"@type\":\"WebPage\",\"@id\":\"https:\\\/\\\/www.verdieditions.com\\\/equilibre-de-vie\\\/produit\\\/astrologie-karmique-galle\\\/\",\"url\":\"https:\\\/\\\/www.verdieditions.com\\\/equilibre-de-vie\\\/produit\\\/astrologie-karmique-galle\\\/\",\"name\":\"Astrologie karmique, Guide pratique - Brigitte GALLE - Equilibre de Vie\",\"isPartOf\":{\"@id\":\"https:\\\/\\\/www.verdieditions.com\\\/equilibre-de-vie\\\/#website\"},\"primaryImageOfPage\":{\"@id\":\"https:\\\/\\\/www.verdieditions.com\\\/equilibre-de-vie\\\/produit\\\/astrologie-karmique-galle\\\/#primaryimage\"},\"image\":{\"@id\":\"https:\\\/\\\/www.verdieditions.com\\\/equilibre-de-vie\\\/produit\\\/astrologie-karmique-galle\\\/#primaryimage\"},\"thumbnailUrl\":\"https:\\\/\\\/www.verdieditions.com\\\/equilibre-de-vie\\\/wp-content\\\/uploads\\\/2020\\\/04\\\/Astrologie-Karmique-Galle.jpg\",\"datePublished\":\"2020-04-22T13:49:32+00:00\",\"dateModified\":\"2024-02-06T12:24:07+00:00\",\"description\":\"Auteur : Brigitte GALLE Titre : Astrologie karmique, Guide pratique \u2013 Le zodiaque, ses signes et ses plan\u00e8tes \u00c9diteur : Autres Temps, 2000, Collection Temps Parall\u00e8les Dim. 16 x 24 250 pages\",\"breadcrumb\":{\"@id\":\"https:\\\/\\\/www.verdieditions.com\\\/equilibre-de-vie\\\/produit\\\/astrologie-karmique-galle\\\/#breadcrumb\"},\"inLanguage\":\"fr-FR\",\"potentialAction\":[{\"@type\":\"ReadAction\",\"target\":[\"https:\\\/\\\/www.verdieditions.com\\\/equilibre-de-vie\\\/produit\\\/astrologie-karmique-galle\\\/\"]}]},{\"@type\":\"ImageObject\",\"inLanguage\":\"fr-FR\",\"@id\":\"https:\\\/\\\/www.verdieditions.com\\\/equilibre-de-vie\\\/produit\\\/astrologie-karmique-galle\\\/#primaryimage\",\"url\":\"https:\\\/\\\/www.verdieditions.com\\\/equilibre-de-vie\\\/wp-content\\\/uploads\\\/2020\\\/04\\\/Astrologie-Karmique-Galle.jpg\",\"contentUrl\":\"https:\\\/\\\/www.verdieditions.com\\\/equilibre-de-vie\\\/wp-content\\\/uploads\\\/2020\\\/04\\\/Astrologie-Karmique-Galle.jpg\",\"width\":787,\"height\":1152,\"caption\":\"Astrologie-Karmique-Galle\"},{\"@type\":\"BreadcrumbList\",\"@id\":\"https:\\\/\\\/www.verdieditions.com\\\/equilibre-de-vie\\\/produit\\\/astrologie-karmique-galle\\\/#breadcrumb\",\"itemListElement\":[{\"@type\":\"ListItem\",\"position\":1,\"name\":\"Accueil\",\"item\":\"https:\\\/\\\/www.verdieditions.com\\\/equilibre-de-vie\\\/\"},{\"@type\":\"ListItem\",\"position\":2,\"name\":\"La boutique\",\"item\":\"https:\\\/\\\/www.verdieditions.com\\\/equilibre-de-vie\\\/boutique\\\/\"},{\"@type\":\"ListItem\",\"position\":3,\"name\":\"Astrologie karmique, Guide pratique &#8211; Brigitte GALLE\"}]},{\"@type\":\"WebSite\",\"@id\":\"https:\\\/\\\/www.verdieditions.com\\\/equilibre-de-vie\\\/#website\",\"url\":\"https:\\\/\\\/www.verdieditions.com\\\/equilibre-de-vie\\\/\",\"name\":\"Equilibre de Vie\",\"description\":\"Ma boutique livres sant\u00e9, \u00e9sot\u00e9risme et d\u00e9veloppement personnel\",\"publisher\":{\"@id\":\"https:\\\/\\\/www.verdieditions.com\\\/equilibre-de-vie\\\/#\\\/schema\\\/person\\\/9dcb2a6759f2f5fbf43ac0b44649cecb\"},\"potentialAction\":[{\"@type\":\"SearchAction\",\"target\":{\"@type\":\"EntryPoint\",\"urlTemplate\":\"https:\\\/\\\/www.verdieditions.com\\\/equilibre-de-vie\\\/?s={search_term_string}\"},\"query-input\":{\"@type\":\"PropertyValueSpecification\",\"valueRequired\":true,\"valueName\":\"search_term_string\"}}],\"inLanguage\":\"fr-FR\"},{\"@type\":[\"Person\",\"Organization\"],\"@id\":\"https:\\\/\\\/www.verdieditions.com\\\/equilibre-de-vie\\\/#\\\/schema\\\/person\\\/9dcb2a6759f2f5fbf43ac0b44649cecb\",\"name\":\"Sylvie VERDI\",\"image\":{\"@type\":\"ImageObject\",\"inLanguage\":\"fr-FR\",\"@id\":\"https:\\\/\\\/www.verdieditions.com\\\/equilibre-de-vie\\\/wp-content\\\/uploads\\\/2020\\\/04\\\/livres-occasion-sante-esoterisme-developpement-personnel-2.jpg\",\"url\":\"https:\\\/\\\/www.verdieditions.com\\\/equilibre-de-vie\\\/wp-content\\\/uploads\\\/2020\\\/04\\\/livres-occasion-sante-esoterisme-developpement-personnel-2.jpg\",\"contentUrl\":\"https:\\\/\\\/www.verdieditions.com\\\/equilibre-de-vie\\\/wp-content\\\/uploads\\\/2020\\\/04\\\/livres-occasion-sante-esoterisme-developpement-personnel-2.jpg\",\"width\":800,\"height\":572,\"caption\":\"Sylvie VERDI\"},\"logo\":{\"@id\":\"https:\\\/\\\/www.verdieditions.com\\\/equilibre-de-vie\\\/wp-content\\\/uploads\\\/2020\\\/04\\\/livres-occasion-sante-esoterisme-developpement-personnel-2.jpg\"},\"sameAs\":[\"https:\\\/\\\/www.verdieditions.com\\\/equilibre-de-vie\"]}]}<\/script>\n<!-- \/ Yoast SEO plugin. -->","yoast_head_json":{"title":"Astrologie karmique, Guide pratique - Brigitte GALLE - Equilibre de Vie","description":"Auteur : Brigitte GALLE Titre : Astrologie karmique, Guide pratique \u2013 Le zodiaque, ses signes et ses plan\u00e8tes \u00c9diteur : Autres Temps, 2000, Collection Temps Parall\u00e8les Dim. 16 x 24 250 pages","robots":{"index":"index","follow":"follow","max-snippet":"max-snippet:-1","max-image-preview":"max-image-preview:large","max-video-preview":"max-video-preview:-1"},"canonical":"https:\/\/www.verdieditions.com\/equilibre-de-vie\/produit\/astrologie-karmique-galle\/","og_locale":"fr_FR","og_type":"article","og_title":"Astrologie karmique, Guide pratique - Brigitte GALLE - Equilibre de Vie","og_description":"Auteur : Brigitte GALLE Titre : Astrologie karmique, Guide pratique \u2013 Le zodiaque, ses signes et ses plan\u00e8tes \u00c9diteur : Autres Temps, 2000, Collection Temps Parall\u00e8les Dim. 16 x 24 250 pages","og_url":"https:\/\/www.verdieditions.com\/equilibre-de-vie\/produit\/astrologie-karmique-galle\/","og_site_name":"Equilibre de Vie","article_modified_time":"2024-02-06T12:24:07+00:00","og_image":[{"width":787,"height":1152,"url":"https:\/\/www.verdieditions.com\/equilibre-de-vie\/wp-content\/uploads\/2020\/04\/Astrologie-Karmique-Galle.jpg","type":"image\/jpeg"}],"twitter_card":"summary_large_image","twitter_misc":{"Dur\u00e9e de lecture estim\u00e9e":"1 minute"},"schema":{"@context":"https:\/\/schema.org","@graph":[{"@type":"WebPage","@id":"https:\/\/www.verdieditions.com\/equilibre-de-vie\/produit\/astrologie-karmique-galle\/","url":"https:\/\/www.verdieditions.com\/equilibre-de-vie\/produit\/astrologie-karmique-galle\/","name":"Astrologie karmique, Guide pratique - Brigitte GALLE - Equilibre de Vie","isPartOf":{"@id":"https:\/\/www.verdieditions.com\/equilibre-de-vie\/#website"},"primaryImageOfPage":{"@id":"https:\/\/www.verdieditions.com\/equilibre-de-vie\/produit\/astrologie-karmique-galle\/#primaryimage"},"image":{"@id":"https:\/\/www.verdieditions.com\/equilibre-de-vie\/produit\/astrologie-karmique-galle\/#primaryimage"},"thumbnailUrl":"https:\/\/www.verdieditions.com\/equilibre-de-vie\/wp-content\/uploads\/2020\/04\/Astrologie-Karmique-Galle.jpg","datePublished":"2020-04-22T13:49:32+00:00","dateModified":"2024-02-06T12:24:07+00:00","description":"Auteur : Brigitte GALLE Titre : Astrologie karmique, Guide pratique \u2013 Le zodiaque, ses signes et ses plan\u00e8tes \u00c9diteur : Autres Temps, 2000, Collection Temps Parall\u00e8les Dim. 16 x 24 250 pages","breadcrumb":{"@id":"https:\/\/www.verdieditions.com\/equilibre-de-vie\/produit\/astrologie-karmique-galle\/#breadcrumb"},"inLanguage":"fr-FR","potentialAction":[{"@type":"ReadAction","target":["https:\/\/www.verdieditions.com\/equilibre-de-vie\/produit\/astrologie-karmique-galle\/"]}]},{"@type":"ImageObject","inLanguage":"fr-FR","@id":"https:\/\/www.verdieditions.com\/equilibre-de-vie\/produit\/astrologie-karmique-galle\/#primaryimage","url":"https:\/\/www.verdieditions.com\/equilibre-de-vie\/wp-content\/uploads\/2020\/04\/Astrologie-Karmique-Galle.jpg","contentUrl":"https:\/\/www.verdieditions.com\/equilibre-de-vie\/wp-content\/uploads\/2020\/04\/Astrologie-Karmique-Galle.jpg","width":787,"height":1152,"caption":"Astrologie-Karmique-Galle"},{"@type":"BreadcrumbList","@id":"https:\/\/www.verdieditions.com\/equilibre-de-vie\/produit\/astrologie-karmique-galle\/#breadcrumb","itemListElement":[{"@type":"ListItem","position":1,"name":"Accueil","item":"https:\/\/www.verdieditions.com\/equilibre-de-vie\/"},{"@type":"ListItem","position":2,"name":"La boutique","item":"https:\/\/www.verdieditions.com\/equilibre-de-vie\/boutique\/"},{"@type":"ListItem","position":3,"name":"Astrologie karmique, Guide pratique &#8211; Brigitte GALLE"}]},{"@type":"WebSite","@id":"https:\/\/www.verdieditions.com\/equilibre-de-vie\/#website","url":"https:\/\/www.verdieditions.com\/equilibre-de-vie\/","name":"Equilibre de Vie","description":"Ma boutique livres sant\u00e9, \u00e9sot\u00e9risme et d\u00e9veloppement personnel","publisher":{"@id":"https:\/\/www.verdieditions.com\/equilibre-de-vie\/#\/schema\/person\/9dcb2a6759f2f5fbf43ac0b44649cecb"},"potentialAction":[{"@type":"SearchAction","target":{"@type":"EntryPoint","urlTemplate":"https:\/\/www.verdieditions.com\/equilibre-de-vie\/?s={search_term_string}"},"query-input":{"@type":"PropertyValueSpecification","valueRequired":true,"valueName":"search_term_string"}}],"inLanguage":"fr-FR"},{"@type":["Person","Organization"],"@id":"https:\/\/www.verdieditions.com\/equilibre-de-vie\/#\/schema\/person\/9dcb2a6759f2f5fbf43ac0b44649cecb","name":"Sylvie VERDI","image":{"@type":"ImageObject","inLanguage":"fr-FR","@id":"https:\/\/www.verdieditions.com\/equilibre-de-vie\/wp-content\/uploads\/2020\/04\/livres-occasion-sante-esoterisme-developpement-personnel-2.jpg","url":"https:\/\/www.verdieditions.com\/equilibre-de-vie\/wp-content\/uploads\/2020\/04\/livres-occasion-sante-esoterisme-developpement-personnel-2.jpg","contentUrl":"https:\/\/www.verdieditions.com\/equilibre-de-vie\/wp-content\/uploads\/2020\/04\/livres-occasion-sante-esoterisme-developpement-personnel-2.jpg","width":800,"height":572,"caption":"Sylvie VERDI"},"logo":{"@id":"https:\/\/www.verdieditions.com\/equilibre-de-vie\/wp-content\/uploads\/2020\/04\/livres-occasion-sante-esoterisme-developpement-personnel-2.jpg"},"sameAs":["https:\/\/www.verdieditions.com\/equilibre-de-vie"]}]}},"_links":{"self":[{"href":"https:\/\/www.verdieditions.com\/equilibre-de-vie\/wp-json\/wp\/v2\/product\/154","targetHints":{"allow":["GET"]}}],"collection":[{"href":"https:\/\/www.verdieditions.com\/equilibre-de-vie\/wp-json\/wp\/v2\/product"}],"about":[{"href":"https:\/\/www.verdieditions.com\/equilibre-de-vie\/wp-json\/wp\/v2\/types\/product"}],"wp:featuredmedia":[{"embeddable":true,"href":"https:\/\/www.verdieditions.com\/equilibre-de-vie\/wp-json\/wp\/v2\/media\/155"}],"wp:attachment":[{"href":"https:\/\/www.verdieditions.com\/equilibre-de-vie\/wp-json\/wp\/v2\/media?parent=154"}],"wp:term":[{"taxonomy":"product_brand","embeddable":true,"href":"https:\/\/www.verdieditions.com\/equilibre-de-vie\/wp-json\/wp\/v2\/product_brand?post=154"},{"taxonomy":"product_cat","embeddable":true,"href":"https:\/\/www.verdieditions.com\/equilibre-de-vie\/wp-json\/wp\/v2\/product_cat?post=154"},{"taxonomy":"product_tag","embeddable":true,"href":"https:\/\/www.verdieditions.com\/equilibre-de-vie\/wp-json\/wp\/v2\/product_tag?post=154"}],"curies":[{"name":"wp","href":"https:\/\/api.w.org\/{rel}","templated":true}]}}