{"id":1536,"date":"2021-01-13T14:30:06","date_gmt":"2021-01-13T13:30:06","guid":{"rendered":"https:\/\/www.verdieditions.com\/equilibre-de-vie\/?post_type=product&#038;p=1536"},"modified":"2024-02-07T16:47:23","modified_gmt":"2024-02-07T15:47:23","slug":"dictionnaire-amoureux-medecine-debre","status":"publish","type":"product","link":"https:\/\/www.verdieditions.com\/equilibre-de-vie\/produit\/dictionnaire-amoureux-medecine-debre\/","title":{"rendered":"Dictionnaire amoureux de la m\u00e9decine &#8211; Bernard DEBR\u00c9"},"content":{"rendered":"<p>Auteur : Bernard DEBR\u00c9<br \/>\nTitre : Dictionnaire amoureux de la m\u00e9decine, avec illustrations<br \/>\n\u00c9diteur : Plon, 2008<br \/>\nDim. 13,5 x 20<br \/>\n600 pages<\/p>\n<p>La m\u00e9decine et la religion ont longtemps dormi dans le m\u00eame lit. Puis progressivement le divorce a \u00e9t\u00e9 consomm\u00e9. Nous arrivons maintenant \u00e0 un antagonisme entre la science et la foi. Les premiers m\u00e9decins en effet \u00e9taient tout aussi bien philosophes, religieux que barbiers. Progressivement sont apparues, avec un esprit plus rationnel, des \u00e9tudes d&rsquo;abord anatomiques, physiologiques ensuite. Les d\u00e9veloppements des technologies modernes nous apprennent \u00e0 comprendre l&rsquo;homme dans ses constituants les plus intimes, qu&rsquo;il s&rsquo;agisse des organes mais \u00e9galement des cellules. Avec l&rsquo;inscription du g\u00e9nome, le grand livre de la vie vient d&rsquo;\u00eatre d\u00e9crypt\u00e9. \u00c0 travers ce dictionnaire forc\u00e9ment personnel, on voit vivre, appara\u00eetre et s&rsquo;\u00e9panouir la m\u00e9decine, la chirurgie, la physiologie, en un mot l&rsquo;homme dans toute sa diversit\u00e9 et sa complexit\u00e9<\/p>\n","protected":false},"excerpt":{"rendered":"<p>Auteur : Bernard DEBR\u00c9<br \/>\nTitre : Dictionnaire amoureux de la m\u00e9decine, avec illustrations<br \/>\n\u00c9diteur : Plon, 2008<br \/>\nDim. 13,5 x 20<br \/>\n600 pages<\/p>\n","protected":false},"featured_media":1537,"template":"","meta":[],"product_brand":[],"product_cat":[21],"product_tag":[30,148],"class_list":{"0":"post-1536","1":"product","2":"type-product","3":"status-publish","4":"has-post-thumbnail","6":"product_cat-sante","7":"product_tag-amour","8":"product_tag-sexualite","10":"first","11":"instock","12":"shipping-taxable","13":"product-type-simple"},"yoast_head":"<!-- This site is optimized with the Yoast SEO plugin v27.4 - https:\/\/yoast.com\/product\/yoast-seo-wordpress\/ -->\n<title>Dictionnaire amoureux de la m\u00e9decine - Bernard DEBR\u00c9 - Equilibre de Vie<\/title>\n<meta name=\"description\" content=\"Auteur : Bernard DEBR\u00c9 Titre : Dictionnaire amoureux de la m\u00e9decine, avec illustrations \u00c9diteur : Plon, 2008 Dim. 13,5 x 20 600 pages\" \/>\n<meta name=\"robots\" content=\"index, follow, max-snippet:-1, max-image-preview:large, max-video-preview:-1\" \/>\n<link rel=\"canonical\" href=\"https:\/\/www.verdieditions.com\/equilibre-de-vie\/produit\/dictionnaire-amoureux-medecine-debre\/\" \/>\n<meta property=\"og:locale\" content=\"fr_FR\" \/>\n<meta property=\"og:type\" content=\"article\" \/>\n<meta property=\"og:title\" content=\"Dictionnaire amoureux de la m\u00e9decine - Bernard DEBR\u00c9 - Equilibre de Vie\" \/>\n<meta property=\"og:description\" content=\"Auteur : Bernard DEBR\u00c9 Titre : Dictionnaire amoureux de la m\u00e9decine, avec illustrations \u00c9diteur : Plon, 2008 Dim. 13,5 x 20 600 pages\" \/>\n<meta property=\"og:url\" content=\"https:\/\/www.verdieditions.com\/equilibre-de-vie\/produit\/dictionnaire-amoureux-medecine-debre\/\" \/>\n<meta property=\"og:site_name\" content=\"Equilibre de Vie\" \/>\n<meta property=\"article:modified_time\" content=\"2024-02-07T15:47:23+00:00\" \/>\n<meta property=\"og:image\" content=\"https:\/\/www.verdieditions.com\/equilibre-de-vie\/wp-content\/uploads\/2021\/01\/dictionnaire-amoureux-medecine-debre-3.jpg\" \/>\n\t<meta property=\"og:image:width\" content=\"800\" \/>\n\t<meta property=\"og:image:height\" content=\"1177\" \/>\n\t<meta property=\"og:image:type\" content=\"image\/jpeg\" \/>\n<meta name=\"twitter:card\" content=\"summary_large_image\" \/>\n<meta name=\"twitter:label1\" content=\"Dur\u00e9e de lecture estim\u00e9e\" \/>\n\t<meta name=\"twitter:data1\" content=\"1 minute\" \/>\n<script type=\"application\/ld+json\" class=\"yoast-schema-graph\">{\"@context\":\"https:\\\/\\\/schema.org\",\"@graph\":[{\"@type\":\"WebPage\",\"@id\":\"https:\\\/\\\/www.verdieditions.com\\\/equilibre-de-vie\\\/produit\\\/dictionnaire-amoureux-medecine-debre\\\/\",\"url\":\"https:\\\/\\\/www.verdieditions.com\\\/equilibre-de-vie\\\/produit\\\/dictionnaire-amoureux-medecine-debre\\\/\",\"name\":\"Dictionnaire amoureux de la m\u00e9decine - Bernard DEBR\u00c9 - Equilibre de Vie\",\"isPartOf\":{\"@id\":\"https:\\\/\\\/www.verdieditions.com\\\/equilibre-de-vie\\\/#website\"},\"primaryImageOfPage\":{\"@id\":\"https:\\\/\\\/www.verdieditions.com\\\/equilibre-de-vie\\\/produit\\\/dictionnaire-amoureux-medecine-debre\\\/#primaryimage\"},\"image\":{\"@id\":\"https:\\\/\\\/www.verdieditions.com\\\/equilibre-de-vie\\\/produit\\\/dictionnaire-amoureux-medecine-debre\\\/#primaryimage\"},\"thumbnailUrl\":\"https:\\\/\\\/www.verdieditions.com\\\/equilibre-de-vie\\\/wp-content\\\/uploads\\\/2021\\\/01\\\/dictionnaire-amoureux-medecine-debre-3.jpg\",\"datePublished\":\"2021-01-13T13:30:06+00:00\",\"dateModified\":\"2024-02-07T15:47:23+00:00\",\"description\":\"Auteur : Bernard DEBR\u00c9 Titre : Dictionnaire amoureux de la m\u00e9decine, avec illustrations \u00c9diteur : Plon, 2008 Dim. 13,5 x 20 600 pages\",\"breadcrumb\":{\"@id\":\"https:\\\/\\\/www.verdieditions.com\\\/equilibre-de-vie\\\/produit\\\/dictionnaire-amoureux-medecine-debre\\\/#breadcrumb\"},\"inLanguage\":\"fr-FR\",\"potentialAction\":[{\"@type\":\"ReadAction\",\"target\":[\"https:\\\/\\\/www.verdieditions.com\\\/equilibre-de-vie\\\/produit\\\/dictionnaire-amoureux-medecine-debre\\\/\"]}]},{\"@type\":\"ImageObject\",\"inLanguage\":\"fr-FR\",\"@id\":\"https:\\\/\\\/www.verdieditions.com\\\/equilibre-de-vie\\\/produit\\\/dictionnaire-amoureux-medecine-debre\\\/#primaryimage\",\"url\":\"https:\\\/\\\/www.verdieditions.com\\\/equilibre-de-vie\\\/wp-content\\\/uploads\\\/2021\\\/01\\\/dictionnaire-amoureux-medecine-debre-3.jpg\",\"contentUrl\":\"https:\\\/\\\/www.verdieditions.com\\\/equilibre-de-vie\\\/wp-content\\\/uploads\\\/2021\\\/01\\\/dictionnaire-amoureux-medecine-debre-3.jpg\",\"width\":800,\"height\":1177,\"caption\":\"dictionnaire-amoureux-medecine-debre-3\"},{\"@type\":\"BreadcrumbList\",\"@id\":\"https:\\\/\\\/www.verdieditions.com\\\/equilibre-de-vie\\\/produit\\\/dictionnaire-amoureux-medecine-debre\\\/#breadcrumb\",\"itemListElement\":[{\"@type\":\"ListItem\",\"position\":1,\"name\":\"Accueil\",\"item\":\"https:\\\/\\\/www.verdieditions.com\\\/equilibre-de-vie\\\/\"},{\"@type\":\"ListItem\",\"position\":2,\"name\":\"La boutique\",\"item\":\"https:\\\/\\\/www.verdieditions.com\\\/equilibre-de-vie\\\/boutique\\\/\"},{\"@type\":\"ListItem\",\"position\":3,\"name\":\"Dictionnaire amoureux de la m\u00e9decine &#8211; Bernard DEBR\u00c9\"}]},{\"@type\":\"WebSite\",\"@id\":\"https:\\\/\\\/www.verdieditions.com\\\/equilibre-de-vie\\\/#website\",\"url\":\"https:\\\/\\\/www.verdieditions.com\\\/equilibre-de-vie\\\/\",\"name\":\"Equilibre de Vie\",\"description\":\"Ma boutique livres sant\u00e9, \u00e9sot\u00e9risme et d\u00e9veloppement personnel\",\"publisher\":{\"@id\":\"https:\\\/\\\/www.verdieditions.com\\\/equilibre-de-vie\\\/#\\\/schema\\\/person\\\/9dcb2a6759f2f5fbf43ac0b44649cecb\"},\"potentialAction\":[{\"@type\":\"SearchAction\",\"target\":{\"@type\":\"EntryPoint\",\"urlTemplate\":\"https:\\\/\\\/www.verdieditions.com\\\/equilibre-de-vie\\\/?s={search_term_string}\"},\"query-input\":{\"@type\":\"PropertyValueSpecification\",\"valueRequired\":true,\"valueName\":\"search_term_string\"}}],\"inLanguage\":\"fr-FR\"},{\"@type\":[\"Person\",\"Organization\"],\"@id\":\"https:\\\/\\\/www.verdieditions.com\\\/equilibre-de-vie\\\/#\\\/schema\\\/person\\\/9dcb2a6759f2f5fbf43ac0b44649cecb\",\"name\":\"Sylvie VERDI\",\"image\":{\"@type\":\"ImageObject\",\"inLanguage\":\"fr-FR\",\"@id\":\"https:\\\/\\\/www.verdieditions.com\\\/equilibre-de-vie\\\/wp-content\\\/uploads\\\/2020\\\/04\\\/livres-occasion-sante-esoterisme-developpement-personnel-2.jpg\",\"url\":\"https:\\\/\\\/www.verdieditions.com\\\/equilibre-de-vie\\\/wp-content\\\/uploads\\\/2020\\\/04\\\/livres-occasion-sante-esoterisme-developpement-personnel-2.jpg\",\"contentUrl\":\"https:\\\/\\\/www.verdieditions.com\\\/equilibre-de-vie\\\/wp-content\\\/uploads\\\/2020\\\/04\\\/livres-occasion-sante-esoterisme-developpement-personnel-2.jpg\",\"width\":800,\"height\":572,\"caption\":\"Sylvie VERDI\"},\"logo\":{\"@id\":\"https:\\\/\\\/www.verdieditions.com\\\/equilibre-de-vie\\\/wp-content\\\/uploads\\\/2020\\\/04\\\/livres-occasion-sante-esoterisme-developpement-personnel-2.jpg\"},\"sameAs\":[\"https:\\\/\\\/www.verdieditions.com\\\/equilibre-de-vie\"]}]}<\/script>\n<!-- \/ Yoast SEO plugin. -->","yoast_head_json":{"title":"Dictionnaire amoureux de la m\u00e9decine - Bernard DEBR\u00c9 - Equilibre de Vie","description":"Auteur : Bernard DEBR\u00c9 Titre : Dictionnaire amoureux de la m\u00e9decine, avec illustrations \u00c9diteur : Plon, 2008 Dim. 13,5 x 20 600 pages","robots":{"index":"index","follow":"follow","max-snippet":"max-snippet:-1","max-image-preview":"max-image-preview:large","max-video-preview":"max-video-preview:-1"},"canonical":"https:\/\/www.verdieditions.com\/equilibre-de-vie\/produit\/dictionnaire-amoureux-medecine-debre\/","og_locale":"fr_FR","og_type":"article","og_title":"Dictionnaire amoureux de la m\u00e9decine - Bernard DEBR\u00c9 - Equilibre de Vie","og_description":"Auteur : Bernard DEBR\u00c9 Titre : Dictionnaire amoureux de la m\u00e9decine, avec illustrations \u00c9diteur : Plon, 2008 Dim. 13,5 x 20 600 pages","og_url":"https:\/\/www.verdieditions.com\/equilibre-de-vie\/produit\/dictionnaire-amoureux-medecine-debre\/","og_site_name":"Equilibre de Vie","article_modified_time":"2024-02-07T15:47:23+00:00","og_image":[{"width":800,"height":1177,"url":"https:\/\/www.verdieditions.com\/equilibre-de-vie\/wp-content\/uploads\/2021\/01\/dictionnaire-amoureux-medecine-debre-3.jpg","type":"image\/jpeg"}],"twitter_card":"summary_large_image","twitter_misc":{"Dur\u00e9e de lecture estim\u00e9e":"1 minute"},"schema":{"@context":"https:\/\/schema.org","@graph":[{"@type":"WebPage","@id":"https:\/\/www.verdieditions.com\/equilibre-de-vie\/produit\/dictionnaire-amoureux-medecine-debre\/","url":"https:\/\/www.verdieditions.com\/equilibre-de-vie\/produit\/dictionnaire-amoureux-medecine-debre\/","name":"Dictionnaire amoureux de la m\u00e9decine - Bernard DEBR\u00c9 - Equilibre de Vie","isPartOf":{"@id":"https:\/\/www.verdieditions.com\/equilibre-de-vie\/#website"},"primaryImageOfPage":{"@id":"https:\/\/www.verdieditions.com\/equilibre-de-vie\/produit\/dictionnaire-amoureux-medecine-debre\/#primaryimage"},"image":{"@id":"https:\/\/www.verdieditions.com\/equilibre-de-vie\/produit\/dictionnaire-amoureux-medecine-debre\/#primaryimage"},"thumbnailUrl":"https:\/\/www.verdieditions.com\/equilibre-de-vie\/wp-content\/uploads\/2021\/01\/dictionnaire-amoureux-medecine-debre-3.jpg","datePublished":"2021-01-13T13:30:06+00:00","dateModified":"2024-02-07T15:47:23+00:00","description":"Auteur : Bernard DEBR\u00c9 Titre : Dictionnaire amoureux de la m\u00e9decine, avec illustrations \u00c9diteur : Plon, 2008 Dim. 13,5 x 20 600 pages","breadcrumb":{"@id":"https:\/\/www.verdieditions.com\/equilibre-de-vie\/produit\/dictionnaire-amoureux-medecine-debre\/#breadcrumb"},"inLanguage":"fr-FR","potentialAction":[{"@type":"ReadAction","target":["https:\/\/www.verdieditions.com\/equilibre-de-vie\/produit\/dictionnaire-amoureux-medecine-debre\/"]}]},{"@type":"ImageObject","inLanguage":"fr-FR","@id":"https:\/\/www.verdieditions.com\/equilibre-de-vie\/produit\/dictionnaire-amoureux-medecine-debre\/#primaryimage","url":"https:\/\/www.verdieditions.com\/equilibre-de-vie\/wp-content\/uploads\/2021\/01\/dictionnaire-amoureux-medecine-debre-3.jpg","contentUrl":"https:\/\/www.verdieditions.com\/equilibre-de-vie\/wp-content\/uploads\/2021\/01\/dictionnaire-amoureux-medecine-debre-3.jpg","width":800,"height":1177,"caption":"dictionnaire-amoureux-medecine-debre-3"},{"@type":"BreadcrumbList","@id":"https:\/\/www.verdieditions.com\/equilibre-de-vie\/produit\/dictionnaire-amoureux-medecine-debre\/#breadcrumb","itemListElement":[{"@type":"ListItem","position":1,"name":"Accueil","item":"https:\/\/www.verdieditions.com\/equilibre-de-vie\/"},{"@type":"ListItem","position":2,"name":"La boutique","item":"https:\/\/www.verdieditions.com\/equilibre-de-vie\/boutique\/"},{"@type":"ListItem","position":3,"name":"Dictionnaire amoureux de la m\u00e9decine &#8211; Bernard DEBR\u00c9"}]},{"@type":"WebSite","@id":"https:\/\/www.verdieditions.com\/equilibre-de-vie\/#website","url":"https:\/\/www.verdieditions.com\/equilibre-de-vie\/","name":"Equilibre de Vie","description":"Ma boutique livres sant\u00e9, \u00e9sot\u00e9risme et d\u00e9veloppement personnel","publisher":{"@id":"https:\/\/www.verdieditions.com\/equilibre-de-vie\/#\/schema\/person\/9dcb2a6759f2f5fbf43ac0b44649cecb"},"potentialAction":[{"@type":"SearchAction","target":{"@type":"EntryPoint","urlTemplate":"https:\/\/www.verdieditions.com\/equilibre-de-vie\/?s={search_term_string}"},"query-input":{"@type":"PropertyValueSpecification","valueRequired":true,"valueName":"search_term_string"}}],"inLanguage":"fr-FR"},{"@type":["Person","Organization"],"@id":"https:\/\/www.verdieditions.com\/equilibre-de-vie\/#\/schema\/person\/9dcb2a6759f2f5fbf43ac0b44649cecb","name":"Sylvie VERDI","image":{"@type":"ImageObject","inLanguage":"fr-FR","@id":"https:\/\/www.verdieditions.com\/equilibre-de-vie\/wp-content\/uploads\/2020\/04\/livres-occasion-sante-esoterisme-developpement-personnel-2.jpg","url":"https:\/\/www.verdieditions.com\/equilibre-de-vie\/wp-content\/uploads\/2020\/04\/livres-occasion-sante-esoterisme-developpement-personnel-2.jpg","contentUrl":"https:\/\/www.verdieditions.com\/equilibre-de-vie\/wp-content\/uploads\/2020\/04\/livres-occasion-sante-esoterisme-developpement-personnel-2.jpg","width":800,"height":572,"caption":"Sylvie VERDI"},"logo":{"@id":"https:\/\/www.verdieditions.com\/equilibre-de-vie\/wp-content\/uploads\/2020\/04\/livres-occasion-sante-esoterisme-developpement-personnel-2.jpg"},"sameAs":["https:\/\/www.verdieditions.com\/equilibre-de-vie"]}]}},"_links":{"self":[{"href":"https:\/\/www.verdieditions.com\/equilibre-de-vie\/wp-json\/wp\/v2\/product\/1536","targetHints":{"allow":["GET"]}}],"collection":[{"href":"https:\/\/www.verdieditions.com\/equilibre-de-vie\/wp-json\/wp\/v2\/product"}],"about":[{"href":"https:\/\/www.verdieditions.com\/equilibre-de-vie\/wp-json\/wp\/v2\/types\/product"}],"wp:featuredmedia":[{"embeddable":true,"href":"https:\/\/www.verdieditions.com\/equilibre-de-vie\/wp-json\/wp\/v2\/media\/1537"}],"wp:attachment":[{"href":"https:\/\/www.verdieditions.com\/equilibre-de-vie\/wp-json\/wp\/v2\/media?parent=1536"}],"wp:term":[{"taxonomy":"product_brand","embeddable":true,"href":"https:\/\/www.verdieditions.com\/equilibre-de-vie\/wp-json\/wp\/v2\/product_brand?post=1536"},{"taxonomy":"product_cat","embeddable":true,"href":"https:\/\/www.verdieditions.com\/equilibre-de-vie\/wp-json\/wp\/v2\/product_cat?post=1536"},{"taxonomy":"product_tag","embeddable":true,"href":"https:\/\/www.verdieditions.com\/equilibre-de-vie\/wp-json\/wp\/v2\/product_tag?post=1536"}],"curies":[{"name":"wp","href":"https:\/\/api.w.org\/{rel}","templated":true}]}}