{"id":1527,"date":"2021-01-11T16:56:06","date_gmt":"2021-01-11T15:56:06","guid":{"rendered":"https:\/\/www.verdieditions.com\/equilibre-de-vie\/?post_type=product&#038;p=1527"},"modified":"2024-02-06T11:21:14","modified_gmt":"2024-02-06T10:21:14","slug":"histoires-amours-histoires-aimer-catherine-bensaid-2","status":"publish","type":"product","link":"https:\/\/www.verdieditions.com\/equilibre-de-vie\/produit\/histoires-amours-histoires-aimer-catherine-bensaid-2\/","title":{"rendered":"Histoires d&rsquo;amours, histoires d&rsquo;aimer &#8211; Catherine BENSAID"},"content":{"rendered":"<p>Auteur : Catherine BENSAID<br \/>\nTitre : Histoires d&rsquo;amours, histoires d&rsquo;aimer, de l&rsquo;amour r\u00eav\u00e9 au bonheur partag\u00e9<br \/>\n\u00c9diteur : Robert Laffont, 1996<br \/>\nAvec jaquette d&rsquo;origine, 1\u00e8re \u00e9dition<br \/>\nDim. 13,5 x 21,5<br \/>\n264 pages<\/p>\n<p>\u00ab\u00a0C&rsquo;est si simple l&rsquo;amour\u00a0\u00bb, dit Arletty dans Les Enfants du Paradis. Et pourtant ! Que de douleurs et de malentendus, de craintes et de tourments, de d\u00e9ceptions et de doutes ! Est-ce bien lui ? Est-ce bien elle ? Est-ce ainsi que l&rsquo;on doit aimer ? M&rsquo;aime-t-il ? M&rsquo;aime-t-elle ? A la recherche d&rsquo;un amour id\u00e9al, nous souffrons d&rsquo;\u00eatre confront\u00e9s \u00e0 un autre qui n&rsquo;est pas exactement \u00e0 l&rsquo;image de celui ou celle dont nous avions r\u00eav\u00e9. Un autre r\u00e9el, et non plus imaginaire, qu&rsquo;il nous faut apprendre \u00e0 aimer.<br \/>\nCatherine Bensaid nous raconte des histoires d&rsquo;amours, ces histoires que chacun de nous se raconte tout en les vivant, histoire d&rsquo;un jour ou amour-toujours qui, de la rencontre aux premi\u00e8res d\u00e9sillusions et de la difficult\u00e9 \u00e0 vivre \u00e0 deux au bonheur partag\u00e9, nous donnent \u00e0 voir les multiples facettes du sentiment amoureux.<br \/>\nApr\u00e8s Aime-toi, la vie t&rsquo;aimera, riche de son \u00e9coute de psychoth\u00e9rapeute, elle nous aide par les r\u00e9flexions qui accompagnent ses courts r\u00e9cits, petits romans de la vie o\u00f9 chacun se reconna\u00eet dans son exp\u00e9rience intime, \u00e0 d\u00e9jouer les pi\u00e8ges du th\u00e9\u00e2tre amoureux. A trouver, pour chacun de nous, une r\u00e9ponse \u00e0 cette \u00e9ternelle qu\u00eate du bonheur et de l&rsquo;amour.<\/p>\n","protected":false},"excerpt":{"rendered":"<p>Auteur : Catherine BENSAID<br \/>\nTitre : Histoires d&rsquo;amours, histoires d&rsquo;aimer, de l&rsquo;amour r\u00eav\u00e9 au bonheur partag\u00e9<br \/>\n\u00c9diteur : Robert Laffont, 1996<br \/>\nAvec jaquette d&rsquo;origine, 1\u00e8re \u00e9dition<br \/>\nDim. 13,5 x 21,5<br \/>\n264 pages<\/p>\n","protected":false},"featured_media":1528,"template":"","meta":[],"product_brand":[],"product_cat":[22],"product_tag":[30,134,135,139],"class_list":{"0":"post-1527","1":"product","2":"type-product","3":"status-publish","4":"has-post-thumbnail","6":"product_cat-developpement-personnel","7":"product_tag-amour","8":"product_tag-psychanalyse","9":"product_tag-psychologie","10":"product_tag-relations-humaines","12":"first","13":"instock","14":"shipping-taxable","15":"product-type-simple"},"yoast_head":"<!-- This site is optimized with the Yoast SEO plugin v27.4 - https:\/\/yoast.com\/product\/yoast-seo-wordpress\/ -->\n<title>Histoires d&#039;amours, histoires d&#039;aimer - Catherine BENSAID - Equilibre de Vie<\/title>\n<meta name=\"description\" content=\"Auteur : Catherine BENSAID Titre : Histoires d&#039;amours, histoires d&#039;aimer \u00c9d : Laffont, 1996 Avec jaquette d&#039;origine Dim. 13,5 x 21,5 264 p\" \/>\n<meta name=\"robots\" content=\"index, follow, max-snippet:-1, max-image-preview:large, max-video-preview:-1\" \/>\n<link rel=\"canonical\" href=\"https:\/\/www.verdieditions.com\/equilibre-de-vie\/produit\/histoires-amours-histoires-aimer-catherine-bensaid-2\/\" \/>\n<meta property=\"og:locale\" content=\"fr_FR\" \/>\n<meta property=\"og:type\" content=\"article\" \/>\n<meta property=\"og:title\" content=\"Histoires d&#039;amours, histoires d&#039;aimer - Catherine BENSAID - Equilibre de Vie\" \/>\n<meta property=\"og:description\" content=\"Auteur : Catherine BENSAID Titre : Histoires d&#039;amours, histoires d&#039;aimer \u00c9d : Laffont, 1996 Avec jaquette d&#039;origine Dim. 13,5 x 21,5 264 p\" \/>\n<meta property=\"og:url\" content=\"https:\/\/www.verdieditions.com\/equilibre-de-vie\/produit\/histoires-amours-histoires-aimer-catherine-bensaid-2\/\" \/>\n<meta property=\"og:site_name\" content=\"Equilibre de Vie\" \/>\n<meta property=\"article:modified_time\" content=\"2024-02-06T10:21:14+00:00\" \/>\n<meta property=\"og:image\" content=\"https:\/\/www.verdieditions.com\/equilibre-de-vie\/wp-content\/uploads\/2021\/01\/catherine-bensaid-histoires-amour-aimer-3.jpg\" \/>\n\t<meta property=\"og:image:width\" content=\"800\" \/>\n\t<meta property=\"og:image:height\" content=\"1203\" \/>\n\t<meta property=\"og:image:type\" content=\"image\/jpeg\" \/>\n<meta name=\"twitter:card\" content=\"summary_large_image\" \/>\n<meta name=\"twitter:label1\" content=\"Dur\u00e9e de lecture estim\u00e9e\" \/>\n\t<meta name=\"twitter:data1\" content=\"1 minute\" \/>\n<script type=\"application\/ld+json\" class=\"yoast-schema-graph\">{\"@context\":\"https:\\\/\\\/schema.org\",\"@graph\":[{\"@type\":\"WebPage\",\"@id\":\"https:\\\/\\\/www.verdieditions.com\\\/equilibre-de-vie\\\/produit\\\/histoires-amours-histoires-aimer-catherine-bensaid-2\\\/\",\"url\":\"https:\\\/\\\/www.verdieditions.com\\\/equilibre-de-vie\\\/produit\\\/histoires-amours-histoires-aimer-catherine-bensaid-2\\\/\",\"name\":\"Histoires d'amours, histoires d'aimer - Catherine BENSAID - Equilibre de Vie\",\"isPartOf\":{\"@id\":\"https:\\\/\\\/www.verdieditions.com\\\/equilibre-de-vie\\\/#website\"},\"primaryImageOfPage\":{\"@id\":\"https:\\\/\\\/www.verdieditions.com\\\/equilibre-de-vie\\\/produit\\\/histoires-amours-histoires-aimer-catherine-bensaid-2\\\/#primaryimage\"},\"image\":{\"@id\":\"https:\\\/\\\/www.verdieditions.com\\\/equilibre-de-vie\\\/produit\\\/histoires-amours-histoires-aimer-catherine-bensaid-2\\\/#primaryimage\"},\"thumbnailUrl\":\"https:\\\/\\\/www.verdieditions.com\\\/equilibre-de-vie\\\/wp-content\\\/uploads\\\/2021\\\/01\\\/catherine-bensaid-histoires-amour-aimer-3.jpg\",\"datePublished\":\"2021-01-11T15:56:06+00:00\",\"dateModified\":\"2024-02-06T10:21:14+00:00\",\"description\":\"Auteur : Catherine BENSAID Titre : Histoires d'amours, histoires d'aimer \u00c9d : Laffont, 1996 Avec jaquette d'origine Dim. 13,5 x 21,5 264 p\",\"breadcrumb\":{\"@id\":\"https:\\\/\\\/www.verdieditions.com\\\/equilibre-de-vie\\\/produit\\\/histoires-amours-histoires-aimer-catherine-bensaid-2\\\/#breadcrumb\"},\"inLanguage\":\"fr-FR\",\"potentialAction\":[{\"@type\":\"ReadAction\",\"target\":[\"https:\\\/\\\/www.verdieditions.com\\\/equilibre-de-vie\\\/produit\\\/histoires-amours-histoires-aimer-catherine-bensaid-2\\\/\"]}]},{\"@type\":\"ImageObject\",\"inLanguage\":\"fr-FR\",\"@id\":\"https:\\\/\\\/www.verdieditions.com\\\/equilibre-de-vie\\\/produit\\\/histoires-amours-histoires-aimer-catherine-bensaid-2\\\/#primaryimage\",\"url\":\"https:\\\/\\\/www.verdieditions.com\\\/equilibre-de-vie\\\/wp-content\\\/uploads\\\/2021\\\/01\\\/catherine-bensaid-histoires-amour-aimer-3.jpg\",\"contentUrl\":\"https:\\\/\\\/www.verdieditions.com\\\/equilibre-de-vie\\\/wp-content\\\/uploads\\\/2021\\\/01\\\/catherine-bensaid-histoires-amour-aimer-3.jpg\",\"width\":800,\"height\":1203,\"caption\":\"catherine-bensaid-histoires-amour-aimer-3\"},{\"@type\":\"BreadcrumbList\",\"@id\":\"https:\\\/\\\/www.verdieditions.com\\\/equilibre-de-vie\\\/produit\\\/histoires-amours-histoires-aimer-catherine-bensaid-2\\\/#breadcrumb\",\"itemListElement\":[{\"@type\":\"ListItem\",\"position\":1,\"name\":\"Accueil\",\"item\":\"https:\\\/\\\/www.verdieditions.com\\\/equilibre-de-vie\\\/\"},{\"@type\":\"ListItem\",\"position\":2,\"name\":\"La boutique\",\"item\":\"https:\\\/\\\/www.verdieditions.com\\\/equilibre-de-vie\\\/boutique\\\/\"},{\"@type\":\"ListItem\",\"position\":3,\"name\":\"Histoires d&#8217;amours, histoires d&#8217;aimer &#8211; Catherine BENSAID\"}]},{\"@type\":\"WebSite\",\"@id\":\"https:\\\/\\\/www.verdieditions.com\\\/equilibre-de-vie\\\/#website\",\"url\":\"https:\\\/\\\/www.verdieditions.com\\\/equilibre-de-vie\\\/\",\"name\":\"Equilibre de Vie\",\"description\":\"Ma boutique livres sant\u00e9, \u00e9sot\u00e9risme et d\u00e9veloppement personnel\",\"publisher\":{\"@id\":\"https:\\\/\\\/www.verdieditions.com\\\/equilibre-de-vie\\\/#\\\/schema\\\/person\\\/9dcb2a6759f2f5fbf43ac0b44649cecb\"},\"potentialAction\":[{\"@type\":\"SearchAction\",\"target\":{\"@type\":\"EntryPoint\",\"urlTemplate\":\"https:\\\/\\\/www.verdieditions.com\\\/equilibre-de-vie\\\/?s={search_term_string}\"},\"query-input\":{\"@type\":\"PropertyValueSpecification\",\"valueRequired\":true,\"valueName\":\"search_term_string\"}}],\"inLanguage\":\"fr-FR\"},{\"@type\":[\"Person\",\"Organization\"],\"@id\":\"https:\\\/\\\/www.verdieditions.com\\\/equilibre-de-vie\\\/#\\\/schema\\\/person\\\/9dcb2a6759f2f5fbf43ac0b44649cecb\",\"name\":\"Sylvie VERDI\",\"image\":{\"@type\":\"ImageObject\",\"inLanguage\":\"fr-FR\",\"@id\":\"https:\\\/\\\/www.verdieditions.com\\\/equilibre-de-vie\\\/wp-content\\\/uploads\\\/2020\\\/04\\\/livres-occasion-sante-esoterisme-developpement-personnel-2.jpg\",\"url\":\"https:\\\/\\\/www.verdieditions.com\\\/equilibre-de-vie\\\/wp-content\\\/uploads\\\/2020\\\/04\\\/livres-occasion-sante-esoterisme-developpement-personnel-2.jpg\",\"contentUrl\":\"https:\\\/\\\/www.verdieditions.com\\\/equilibre-de-vie\\\/wp-content\\\/uploads\\\/2020\\\/04\\\/livres-occasion-sante-esoterisme-developpement-personnel-2.jpg\",\"width\":800,\"height\":572,\"caption\":\"Sylvie VERDI\"},\"logo\":{\"@id\":\"https:\\\/\\\/www.verdieditions.com\\\/equilibre-de-vie\\\/wp-content\\\/uploads\\\/2020\\\/04\\\/livres-occasion-sante-esoterisme-developpement-personnel-2.jpg\"},\"sameAs\":[\"https:\\\/\\\/www.verdieditions.com\\\/equilibre-de-vie\"]}]}<\/script>\n<!-- \/ Yoast SEO plugin. -->","yoast_head_json":{"title":"Histoires d'amours, histoires d'aimer - Catherine BENSAID - Equilibre de Vie","description":"Auteur : Catherine BENSAID Titre : Histoires d'amours, histoires d'aimer \u00c9d : Laffont, 1996 Avec jaquette d'origine Dim. 13,5 x 21,5 264 p","robots":{"index":"index","follow":"follow","max-snippet":"max-snippet:-1","max-image-preview":"max-image-preview:large","max-video-preview":"max-video-preview:-1"},"canonical":"https:\/\/www.verdieditions.com\/equilibre-de-vie\/produit\/histoires-amours-histoires-aimer-catherine-bensaid-2\/","og_locale":"fr_FR","og_type":"article","og_title":"Histoires d'amours, histoires d'aimer - Catherine BENSAID - Equilibre de Vie","og_description":"Auteur : Catherine BENSAID Titre : Histoires d'amours, histoires d'aimer \u00c9d : Laffont, 1996 Avec jaquette d'origine Dim. 13,5 x 21,5 264 p","og_url":"https:\/\/www.verdieditions.com\/equilibre-de-vie\/produit\/histoires-amours-histoires-aimer-catherine-bensaid-2\/","og_site_name":"Equilibre de Vie","article_modified_time":"2024-02-06T10:21:14+00:00","og_image":[{"width":800,"height":1203,"url":"https:\/\/www.verdieditions.com\/equilibre-de-vie\/wp-content\/uploads\/2021\/01\/catherine-bensaid-histoires-amour-aimer-3.jpg","type":"image\/jpeg"}],"twitter_card":"summary_large_image","twitter_misc":{"Dur\u00e9e de lecture estim\u00e9e":"1 minute"},"schema":{"@context":"https:\/\/schema.org","@graph":[{"@type":"WebPage","@id":"https:\/\/www.verdieditions.com\/equilibre-de-vie\/produit\/histoires-amours-histoires-aimer-catherine-bensaid-2\/","url":"https:\/\/www.verdieditions.com\/equilibre-de-vie\/produit\/histoires-amours-histoires-aimer-catherine-bensaid-2\/","name":"Histoires d'amours, histoires d'aimer - Catherine BENSAID - Equilibre de Vie","isPartOf":{"@id":"https:\/\/www.verdieditions.com\/equilibre-de-vie\/#website"},"primaryImageOfPage":{"@id":"https:\/\/www.verdieditions.com\/equilibre-de-vie\/produit\/histoires-amours-histoires-aimer-catherine-bensaid-2\/#primaryimage"},"image":{"@id":"https:\/\/www.verdieditions.com\/equilibre-de-vie\/produit\/histoires-amours-histoires-aimer-catherine-bensaid-2\/#primaryimage"},"thumbnailUrl":"https:\/\/www.verdieditions.com\/equilibre-de-vie\/wp-content\/uploads\/2021\/01\/catherine-bensaid-histoires-amour-aimer-3.jpg","datePublished":"2021-01-11T15:56:06+00:00","dateModified":"2024-02-06T10:21:14+00:00","description":"Auteur : Catherine BENSAID Titre : Histoires d'amours, histoires d'aimer \u00c9d : Laffont, 1996 Avec jaquette d'origine Dim. 13,5 x 21,5 264 p","breadcrumb":{"@id":"https:\/\/www.verdieditions.com\/equilibre-de-vie\/produit\/histoires-amours-histoires-aimer-catherine-bensaid-2\/#breadcrumb"},"inLanguage":"fr-FR","potentialAction":[{"@type":"ReadAction","target":["https:\/\/www.verdieditions.com\/equilibre-de-vie\/produit\/histoires-amours-histoires-aimer-catherine-bensaid-2\/"]}]},{"@type":"ImageObject","inLanguage":"fr-FR","@id":"https:\/\/www.verdieditions.com\/equilibre-de-vie\/produit\/histoires-amours-histoires-aimer-catherine-bensaid-2\/#primaryimage","url":"https:\/\/www.verdieditions.com\/equilibre-de-vie\/wp-content\/uploads\/2021\/01\/catherine-bensaid-histoires-amour-aimer-3.jpg","contentUrl":"https:\/\/www.verdieditions.com\/equilibre-de-vie\/wp-content\/uploads\/2021\/01\/catherine-bensaid-histoires-amour-aimer-3.jpg","width":800,"height":1203,"caption":"catherine-bensaid-histoires-amour-aimer-3"},{"@type":"BreadcrumbList","@id":"https:\/\/www.verdieditions.com\/equilibre-de-vie\/produit\/histoires-amours-histoires-aimer-catherine-bensaid-2\/#breadcrumb","itemListElement":[{"@type":"ListItem","position":1,"name":"Accueil","item":"https:\/\/www.verdieditions.com\/equilibre-de-vie\/"},{"@type":"ListItem","position":2,"name":"La boutique","item":"https:\/\/www.verdieditions.com\/equilibre-de-vie\/boutique\/"},{"@type":"ListItem","position":3,"name":"Histoires d&#8217;amours, histoires d&#8217;aimer &#8211; Catherine BENSAID"}]},{"@type":"WebSite","@id":"https:\/\/www.verdieditions.com\/equilibre-de-vie\/#website","url":"https:\/\/www.verdieditions.com\/equilibre-de-vie\/","name":"Equilibre de Vie","description":"Ma boutique livres sant\u00e9, \u00e9sot\u00e9risme et d\u00e9veloppement personnel","publisher":{"@id":"https:\/\/www.verdieditions.com\/equilibre-de-vie\/#\/schema\/person\/9dcb2a6759f2f5fbf43ac0b44649cecb"},"potentialAction":[{"@type":"SearchAction","target":{"@type":"EntryPoint","urlTemplate":"https:\/\/www.verdieditions.com\/equilibre-de-vie\/?s={search_term_string}"},"query-input":{"@type":"PropertyValueSpecification","valueRequired":true,"valueName":"search_term_string"}}],"inLanguage":"fr-FR"},{"@type":["Person","Organization"],"@id":"https:\/\/www.verdieditions.com\/equilibre-de-vie\/#\/schema\/person\/9dcb2a6759f2f5fbf43ac0b44649cecb","name":"Sylvie VERDI","image":{"@type":"ImageObject","inLanguage":"fr-FR","@id":"https:\/\/www.verdieditions.com\/equilibre-de-vie\/wp-content\/uploads\/2020\/04\/livres-occasion-sante-esoterisme-developpement-personnel-2.jpg","url":"https:\/\/www.verdieditions.com\/equilibre-de-vie\/wp-content\/uploads\/2020\/04\/livres-occasion-sante-esoterisme-developpement-personnel-2.jpg","contentUrl":"https:\/\/www.verdieditions.com\/equilibre-de-vie\/wp-content\/uploads\/2020\/04\/livres-occasion-sante-esoterisme-developpement-personnel-2.jpg","width":800,"height":572,"caption":"Sylvie VERDI"},"logo":{"@id":"https:\/\/www.verdieditions.com\/equilibre-de-vie\/wp-content\/uploads\/2020\/04\/livres-occasion-sante-esoterisme-developpement-personnel-2.jpg"},"sameAs":["https:\/\/www.verdieditions.com\/equilibre-de-vie"]}]}},"_links":{"self":[{"href":"https:\/\/www.verdieditions.com\/equilibre-de-vie\/wp-json\/wp\/v2\/product\/1527","targetHints":{"allow":["GET"]}}],"collection":[{"href":"https:\/\/www.verdieditions.com\/equilibre-de-vie\/wp-json\/wp\/v2\/product"}],"about":[{"href":"https:\/\/www.verdieditions.com\/equilibre-de-vie\/wp-json\/wp\/v2\/types\/product"}],"wp:featuredmedia":[{"embeddable":true,"href":"https:\/\/www.verdieditions.com\/equilibre-de-vie\/wp-json\/wp\/v2\/media\/1528"}],"wp:attachment":[{"href":"https:\/\/www.verdieditions.com\/equilibre-de-vie\/wp-json\/wp\/v2\/media?parent=1527"}],"wp:term":[{"taxonomy":"product_brand","embeddable":true,"href":"https:\/\/www.verdieditions.com\/equilibre-de-vie\/wp-json\/wp\/v2\/product_brand?post=1527"},{"taxonomy":"product_cat","embeddable":true,"href":"https:\/\/www.verdieditions.com\/equilibre-de-vie\/wp-json\/wp\/v2\/product_cat?post=1527"},{"taxonomy":"product_tag","embeddable":true,"href":"https:\/\/www.verdieditions.com\/equilibre-de-vie\/wp-json\/wp\/v2\/product_tag?post=1527"}],"curies":[{"name":"wp","href":"https:\/\/api.w.org\/{rel}","templated":true}]}}