{"id":1520,"date":"2021-01-11T16:33:02","date_gmt":"2021-01-11T15:33:02","guid":{"rendered":"https:\/\/www.verdieditions.com\/equilibre-de-vie\/?post_type=product&#038;p=1520"},"modified":"2021-06-01T16:08:15","modified_gmt":"2021-06-01T14:08:15","slug":"paroles-ethnomedecin-shan","status":"publish","type":"product","link":"https:\/\/www.verdieditions.com\/equilibre-de-vie\/produit\/paroles-ethnomedecin-shan\/","title":{"rendered":"Paroles d&rsquo;Ethnom\u00e9decin &#8211; Patrick SHAN"},"content":{"rendered":"<p>Auteur : Patrick SHAN<br \/>\nTitre : Paroles d&rsquo;Ethnom\u00e9decin<br \/>\n\u00c9diteur : Du Traversier, 2005<br \/>\nEtat : bon<br \/>\nDim. 15 x 23<br \/>\n302 pages<\/p>\n<p>Recueil d\u2019articles parus entre 1999 et 2004, Paroles d\u2019Ethnom\u00e9decin est \u00e0 la fois un livre et un puzzle. La tradition dont il est le fruit, la philosophie m\u00e9dicale chinoise, ne proc\u00e8de pas d\u2019une pens\u00e9e lin\u00e9aire. Un peu \u00e0 la mani\u00e8re des ces tableaux en relief qui r\u00e9v\u00e8lent une surprenante profondeur quand on y plonge le regard, une image tridimensionnelle est cach\u00e9e dans ce livre, unissant dans une m\u00eame vision l\u2019homme, la nature et l\u2019esprit. Cette vision n\u2019a rien de chinois. Hippocrate avait sans doute la m\u00eame. C\u2019\u00e9tait avant que l\u2019Occident ne scinde sa pens\u00e9e en deux et ne fasse diverger le regard que nous portons aujourd\u2019hui sur la vie, avec un \u0153il reli\u00e9 au cerveau et \u00e0 la science, et l\u2019autre reli\u00e9 au c\u0153ur et \u00e0 la foi.<\/p>\n<p>Pour retrouver dans un m\u00eame champ ces deux visions devenues chez nous antagonistes, Patrick Shan s\u2019est tourn\u00e9 vers une tradition issue d\u2019un autre h\u00e9misph\u00e8re. Ce que la m\u00e9decine et la philosophie de la Chine ancienne pourraient bien apporter \u00e0 notre monde moderne ?<\/p>\n<p>\u00c0 vous de voir&#8230;<\/p>\n","protected":false},"excerpt":{"rendered":"<p>Auteur : Patrick SHAN<br \/>\nTitre : Paroles d&rsquo;Ethnom\u00e9decin<br \/>\n\u00c9diteur : Du Traversier, 2005<br \/>\nEtat : bon<br \/>\nDim. 15 x 23<br \/>\n302 pages<\/p>\n","protected":false},"featured_media":1521,"template":"","meta":[],"product_brand":[],"product_cat":[21],"product_tag":[98,255,265],"class_list":{"0":"post-1520","1":"product","2":"type-product","3":"status-publish","4":"has-post-thumbnail","6":"product_cat-sante","7":"product_tag-medecine-alternative","8":"product_tag-medecine-chinoise","9":"product_tag-philosophie","11":"first","12":"outofstock","13":"shipping-taxable","14":"product-type-simple"},"yoast_head":"<!-- This site is optimized with the Yoast SEO plugin v27.4 - https:\/\/yoast.com\/product\/yoast-seo-wordpress\/ -->\n<title>Paroles d&#039;Ethnom\u00e9decin - Patrick SHAN - Equilibre de Vie<\/title>\n<meta name=\"description\" content=\"Auteur : Patrick SHAN Titre : Paroles d&#039;Ethnom\u00e9decin M\u00e9decine Chinoise \u00c9diteur : Du Traversier, 2005 Dim. 15 x 23 302 pages\" \/>\n<meta name=\"robots\" content=\"index, follow, max-snippet:-1, max-image-preview:large, max-video-preview:-1\" \/>\n<link rel=\"canonical\" href=\"https:\/\/www.verdieditions.com\/equilibre-de-vie\/produit\/paroles-ethnomedecin-shan\/\" \/>\n<meta property=\"og:locale\" content=\"fr_FR\" \/>\n<meta property=\"og:type\" content=\"article\" \/>\n<meta property=\"og:title\" content=\"Paroles d&#039;Ethnom\u00e9decin - Patrick SHAN - Equilibre de Vie\" \/>\n<meta property=\"og:description\" content=\"Auteur : Patrick SHAN Titre : Paroles d&#039;Ethnom\u00e9decin M\u00e9decine Chinoise \u00c9diteur : Du Traversier, 2005 Dim. 15 x 23 302 pages\" \/>\n<meta property=\"og:url\" content=\"https:\/\/www.verdieditions.com\/equilibre-de-vie\/produit\/paroles-ethnomedecin-shan\/\" \/>\n<meta property=\"og:site_name\" content=\"Equilibre de Vie\" \/>\n<meta property=\"article:modified_time\" content=\"2021-06-01T14:08:15+00:00\" \/>\n<meta property=\"og:image\" content=\"https:\/\/www.verdieditions.com\/equilibre-de-vie\/wp-content\/uploads\/2021\/01\/paroles-ethnomedecin-patrick-shan.jpg\" \/>\n\t<meta property=\"og:image:width\" content=\"800\" \/>\n\t<meta property=\"og:image:height\" content=\"1179\" \/>\n\t<meta property=\"og:image:type\" content=\"image\/jpeg\" \/>\n<meta name=\"twitter:card\" content=\"summary_large_image\" \/>\n<meta name=\"twitter:label1\" content=\"Dur\u00e9e de lecture estim\u00e9e\" \/>\n\t<meta name=\"twitter:data1\" content=\"1 minute\" \/>\n<script type=\"application\/ld+json\" class=\"yoast-schema-graph\">{\"@context\":\"https:\\\/\\\/schema.org\",\"@graph\":[{\"@type\":\"WebPage\",\"@id\":\"https:\\\/\\\/www.verdieditions.com\\\/equilibre-de-vie\\\/produit\\\/paroles-ethnomedecin-shan\\\/\",\"url\":\"https:\\\/\\\/www.verdieditions.com\\\/equilibre-de-vie\\\/produit\\\/paroles-ethnomedecin-shan\\\/\",\"name\":\"Paroles d'Ethnom\u00e9decin - Patrick SHAN - Equilibre de Vie\",\"isPartOf\":{\"@id\":\"https:\\\/\\\/www.verdieditions.com\\\/equilibre-de-vie\\\/#website\"},\"primaryImageOfPage\":{\"@id\":\"https:\\\/\\\/www.verdieditions.com\\\/equilibre-de-vie\\\/produit\\\/paroles-ethnomedecin-shan\\\/#primaryimage\"},\"image\":{\"@id\":\"https:\\\/\\\/www.verdieditions.com\\\/equilibre-de-vie\\\/produit\\\/paroles-ethnomedecin-shan\\\/#primaryimage\"},\"thumbnailUrl\":\"https:\\\/\\\/www.verdieditions.com\\\/equilibre-de-vie\\\/wp-content\\\/uploads\\\/2021\\\/01\\\/paroles-ethnomedecin-patrick-shan.jpg\",\"datePublished\":\"2021-01-11T15:33:02+00:00\",\"dateModified\":\"2021-06-01T14:08:15+00:00\",\"description\":\"Auteur : Patrick SHAN Titre : Paroles d'Ethnom\u00e9decin M\u00e9decine Chinoise \u00c9diteur : Du Traversier, 2005 Dim. 15 x 23 302 pages\",\"breadcrumb\":{\"@id\":\"https:\\\/\\\/www.verdieditions.com\\\/equilibre-de-vie\\\/produit\\\/paroles-ethnomedecin-shan\\\/#breadcrumb\"},\"inLanguage\":\"fr-FR\",\"potentialAction\":[{\"@type\":\"ReadAction\",\"target\":[\"https:\\\/\\\/www.verdieditions.com\\\/equilibre-de-vie\\\/produit\\\/paroles-ethnomedecin-shan\\\/\"]}]},{\"@type\":\"ImageObject\",\"inLanguage\":\"fr-FR\",\"@id\":\"https:\\\/\\\/www.verdieditions.com\\\/equilibre-de-vie\\\/produit\\\/paroles-ethnomedecin-shan\\\/#primaryimage\",\"url\":\"https:\\\/\\\/www.verdieditions.com\\\/equilibre-de-vie\\\/wp-content\\\/uploads\\\/2021\\\/01\\\/paroles-ethnomedecin-patrick-shan.jpg\",\"contentUrl\":\"https:\\\/\\\/www.verdieditions.com\\\/equilibre-de-vie\\\/wp-content\\\/uploads\\\/2021\\\/01\\\/paroles-ethnomedecin-patrick-shan.jpg\",\"width\":800,\"height\":1179,\"caption\":\"paroles-ethnomedecin-patrick-shan\"},{\"@type\":\"BreadcrumbList\",\"@id\":\"https:\\\/\\\/www.verdieditions.com\\\/equilibre-de-vie\\\/produit\\\/paroles-ethnomedecin-shan\\\/#breadcrumb\",\"itemListElement\":[{\"@type\":\"ListItem\",\"position\":1,\"name\":\"Accueil\",\"item\":\"https:\\\/\\\/www.verdieditions.com\\\/equilibre-de-vie\\\/\"},{\"@type\":\"ListItem\",\"position\":2,\"name\":\"La boutique\",\"item\":\"https:\\\/\\\/www.verdieditions.com\\\/equilibre-de-vie\\\/boutique\\\/\"},{\"@type\":\"ListItem\",\"position\":3,\"name\":\"Paroles d&#8217;Ethnom\u00e9decin &#8211; Patrick SHAN\"}]},{\"@type\":\"WebSite\",\"@id\":\"https:\\\/\\\/www.verdieditions.com\\\/equilibre-de-vie\\\/#website\",\"url\":\"https:\\\/\\\/www.verdieditions.com\\\/equilibre-de-vie\\\/\",\"name\":\"Equilibre de Vie\",\"description\":\"Ma boutique livres sant\u00e9, \u00e9sot\u00e9risme et d\u00e9veloppement personnel\",\"publisher\":{\"@id\":\"https:\\\/\\\/www.verdieditions.com\\\/equilibre-de-vie\\\/#\\\/schema\\\/person\\\/9dcb2a6759f2f5fbf43ac0b44649cecb\"},\"potentialAction\":[{\"@type\":\"SearchAction\",\"target\":{\"@type\":\"EntryPoint\",\"urlTemplate\":\"https:\\\/\\\/www.verdieditions.com\\\/equilibre-de-vie\\\/?s={search_term_string}\"},\"query-input\":{\"@type\":\"PropertyValueSpecification\",\"valueRequired\":true,\"valueName\":\"search_term_string\"}}],\"inLanguage\":\"fr-FR\"},{\"@type\":[\"Person\",\"Organization\"],\"@id\":\"https:\\\/\\\/www.verdieditions.com\\\/equilibre-de-vie\\\/#\\\/schema\\\/person\\\/9dcb2a6759f2f5fbf43ac0b44649cecb\",\"name\":\"Sylvie VERDI\",\"image\":{\"@type\":\"ImageObject\",\"inLanguage\":\"fr-FR\",\"@id\":\"https:\\\/\\\/www.verdieditions.com\\\/equilibre-de-vie\\\/wp-content\\\/uploads\\\/2020\\\/04\\\/livres-occasion-sante-esoterisme-developpement-personnel-2.jpg\",\"url\":\"https:\\\/\\\/www.verdieditions.com\\\/equilibre-de-vie\\\/wp-content\\\/uploads\\\/2020\\\/04\\\/livres-occasion-sante-esoterisme-developpement-personnel-2.jpg\",\"contentUrl\":\"https:\\\/\\\/www.verdieditions.com\\\/equilibre-de-vie\\\/wp-content\\\/uploads\\\/2020\\\/04\\\/livres-occasion-sante-esoterisme-developpement-personnel-2.jpg\",\"width\":800,\"height\":572,\"caption\":\"Sylvie VERDI\"},\"logo\":{\"@id\":\"https:\\\/\\\/www.verdieditions.com\\\/equilibre-de-vie\\\/wp-content\\\/uploads\\\/2020\\\/04\\\/livres-occasion-sante-esoterisme-developpement-personnel-2.jpg\"},\"sameAs\":[\"https:\\\/\\\/www.verdieditions.com\\\/equilibre-de-vie\"]}]}<\/script>\n<!-- \/ Yoast SEO plugin. -->","yoast_head_json":{"title":"Paroles d'Ethnom\u00e9decin - Patrick SHAN - Equilibre de Vie","description":"Auteur : Patrick SHAN Titre : Paroles d'Ethnom\u00e9decin M\u00e9decine Chinoise \u00c9diteur : Du Traversier, 2005 Dim. 15 x 23 302 pages","robots":{"index":"index","follow":"follow","max-snippet":"max-snippet:-1","max-image-preview":"max-image-preview:large","max-video-preview":"max-video-preview:-1"},"canonical":"https:\/\/www.verdieditions.com\/equilibre-de-vie\/produit\/paroles-ethnomedecin-shan\/","og_locale":"fr_FR","og_type":"article","og_title":"Paroles d'Ethnom\u00e9decin - Patrick SHAN - Equilibre de Vie","og_description":"Auteur : Patrick SHAN Titre : Paroles d'Ethnom\u00e9decin M\u00e9decine Chinoise \u00c9diteur : Du Traversier, 2005 Dim. 15 x 23 302 pages","og_url":"https:\/\/www.verdieditions.com\/equilibre-de-vie\/produit\/paroles-ethnomedecin-shan\/","og_site_name":"Equilibre de Vie","article_modified_time":"2021-06-01T14:08:15+00:00","og_image":[{"width":800,"height":1179,"url":"https:\/\/www.verdieditions.com\/equilibre-de-vie\/wp-content\/uploads\/2021\/01\/paroles-ethnomedecin-patrick-shan.jpg","type":"image\/jpeg"}],"twitter_card":"summary_large_image","twitter_misc":{"Dur\u00e9e de lecture estim\u00e9e":"1 minute"},"schema":{"@context":"https:\/\/schema.org","@graph":[{"@type":"WebPage","@id":"https:\/\/www.verdieditions.com\/equilibre-de-vie\/produit\/paroles-ethnomedecin-shan\/","url":"https:\/\/www.verdieditions.com\/equilibre-de-vie\/produit\/paroles-ethnomedecin-shan\/","name":"Paroles d'Ethnom\u00e9decin - Patrick SHAN - Equilibre de Vie","isPartOf":{"@id":"https:\/\/www.verdieditions.com\/equilibre-de-vie\/#website"},"primaryImageOfPage":{"@id":"https:\/\/www.verdieditions.com\/equilibre-de-vie\/produit\/paroles-ethnomedecin-shan\/#primaryimage"},"image":{"@id":"https:\/\/www.verdieditions.com\/equilibre-de-vie\/produit\/paroles-ethnomedecin-shan\/#primaryimage"},"thumbnailUrl":"https:\/\/www.verdieditions.com\/equilibre-de-vie\/wp-content\/uploads\/2021\/01\/paroles-ethnomedecin-patrick-shan.jpg","datePublished":"2021-01-11T15:33:02+00:00","dateModified":"2021-06-01T14:08:15+00:00","description":"Auteur : Patrick SHAN Titre : Paroles d'Ethnom\u00e9decin M\u00e9decine Chinoise \u00c9diteur : Du Traversier, 2005 Dim. 15 x 23 302 pages","breadcrumb":{"@id":"https:\/\/www.verdieditions.com\/equilibre-de-vie\/produit\/paroles-ethnomedecin-shan\/#breadcrumb"},"inLanguage":"fr-FR","potentialAction":[{"@type":"ReadAction","target":["https:\/\/www.verdieditions.com\/equilibre-de-vie\/produit\/paroles-ethnomedecin-shan\/"]}]},{"@type":"ImageObject","inLanguage":"fr-FR","@id":"https:\/\/www.verdieditions.com\/equilibre-de-vie\/produit\/paroles-ethnomedecin-shan\/#primaryimage","url":"https:\/\/www.verdieditions.com\/equilibre-de-vie\/wp-content\/uploads\/2021\/01\/paroles-ethnomedecin-patrick-shan.jpg","contentUrl":"https:\/\/www.verdieditions.com\/equilibre-de-vie\/wp-content\/uploads\/2021\/01\/paroles-ethnomedecin-patrick-shan.jpg","width":800,"height":1179,"caption":"paroles-ethnomedecin-patrick-shan"},{"@type":"BreadcrumbList","@id":"https:\/\/www.verdieditions.com\/equilibre-de-vie\/produit\/paroles-ethnomedecin-shan\/#breadcrumb","itemListElement":[{"@type":"ListItem","position":1,"name":"Accueil","item":"https:\/\/www.verdieditions.com\/equilibre-de-vie\/"},{"@type":"ListItem","position":2,"name":"La boutique","item":"https:\/\/www.verdieditions.com\/equilibre-de-vie\/boutique\/"},{"@type":"ListItem","position":3,"name":"Paroles d&#8217;Ethnom\u00e9decin &#8211; Patrick SHAN"}]},{"@type":"WebSite","@id":"https:\/\/www.verdieditions.com\/equilibre-de-vie\/#website","url":"https:\/\/www.verdieditions.com\/equilibre-de-vie\/","name":"Equilibre de Vie","description":"Ma boutique livres sant\u00e9, \u00e9sot\u00e9risme et d\u00e9veloppement personnel","publisher":{"@id":"https:\/\/www.verdieditions.com\/equilibre-de-vie\/#\/schema\/person\/9dcb2a6759f2f5fbf43ac0b44649cecb"},"potentialAction":[{"@type":"SearchAction","target":{"@type":"EntryPoint","urlTemplate":"https:\/\/www.verdieditions.com\/equilibre-de-vie\/?s={search_term_string}"},"query-input":{"@type":"PropertyValueSpecification","valueRequired":true,"valueName":"search_term_string"}}],"inLanguage":"fr-FR"},{"@type":["Person","Organization"],"@id":"https:\/\/www.verdieditions.com\/equilibre-de-vie\/#\/schema\/person\/9dcb2a6759f2f5fbf43ac0b44649cecb","name":"Sylvie VERDI","image":{"@type":"ImageObject","inLanguage":"fr-FR","@id":"https:\/\/www.verdieditions.com\/equilibre-de-vie\/wp-content\/uploads\/2020\/04\/livres-occasion-sante-esoterisme-developpement-personnel-2.jpg","url":"https:\/\/www.verdieditions.com\/equilibre-de-vie\/wp-content\/uploads\/2020\/04\/livres-occasion-sante-esoterisme-developpement-personnel-2.jpg","contentUrl":"https:\/\/www.verdieditions.com\/equilibre-de-vie\/wp-content\/uploads\/2020\/04\/livres-occasion-sante-esoterisme-developpement-personnel-2.jpg","width":800,"height":572,"caption":"Sylvie VERDI"},"logo":{"@id":"https:\/\/www.verdieditions.com\/equilibre-de-vie\/wp-content\/uploads\/2020\/04\/livres-occasion-sante-esoterisme-developpement-personnel-2.jpg"},"sameAs":["https:\/\/www.verdieditions.com\/equilibre-de-vie"]}]}},"_links":{"self":[{"href":"https:\/\/www.verdieditions.com\/equilibre-de-vie\/wp-json\/wp\/v2\/product\/1520","targetHints":{"allow":["GET"]}}],"collection":[{"href":"https:\/\/www.verdieditions.com\/equilibre-de-vie\/wp-json\/wp\/v2\/product"}],"about":[{"href":"https:\/\/www.verdieditions.com\/equilibre-de-vie\/wp-json\/wp\/v2\/types\/product"}],"wp:featuredmedia":[{"embeddable":true,"href":"https:\/\/www.verdieditions.com\/equilibre-de-vie\/wp-json\/wp\/v2\/media\/1521"}],"wp:attachment":[{"href":"https:\/\/www.verdieditions.com\/equilibre-de-vie\/wp-json\/wp\/v2\/media?parent=1520"}],"wp:term":[{"taxonomy":"product_brand","embeddable":true,"href":"https:\/\/www.verdieditions.com\/equilibre-de-vie\/wp-json\/wp\/v2\/product_brand?post=1520"},{"taxonomy":"product_cat","embeddable":true,"href":"https:\/\/www.verdieditions.com\/equilibre-de-vie\/wp-json\/wp\/v2\/product_cat?post=1520"},{"taxonomy":"product_tag","embeddable":true,"href":"https:\/\/www.verdieditions.com\/equilibre-de-vie\/wp-json\/wp\/v2\/product_tag?post=1520"}],"curies":[{"name":"wp","href":"https:\/\/api.w.org\/{rel}","templated":true}]}}