{"id":1401,"date":"2020-12-28T16:32:59","date_gmt":"2020-12-28T15:32:59","guid":{"rendered":"https:\/\/www.verdieditions.com\/equilibre-de-vie\/?post_type=product&#038;p=1401"},"modified":"2022-12-22T09:56:01","modified_gmt":"2022-12-22T08:56:01","slug":"luc-ferry-sagesses-15-cd-marx-hypothese-communiste","status":"publish","type":"product","link":"https:\/\/www.verdieditions.com\/equilibre-de-vie\/produit\/luc-ferry-sagesses-15-cd-marx-hypothese-communiste\/","title":{"rendered":"MARX et l&rsquo;hypoth\u00e8se communiste &#8211; Tome 15 + CD &#8211; Luc FERRY"},"content":{"rendered":"<p>Auteur : Luc FERRY<br \/>\nTitre : MARX et l&rsquo;hypoth\u00e8se communiste, Transformer le monde<br \/>\n\u00c9diteur : Le Figaro, Le Point, 2012, <strong>collection \u00ab\u00a0Sagesses d&rsquo;Hier et d&rsquo;Aujourd&rsquo;hui\u00a0\u00bb<\/strong><br \/>\n<strong>Livre 15 + CD<\/strong><br \/>\nEtat : Excellent<br \/>\nDim. 17,5 x 24,5<br \/>\n93 pages<\/p>\n<p>\u00ab\u00a0Si l&rsquo;on veut comprendre la naissance de la philosophie, et notamment celle de Platon, il est indispensable de partir des mythes, et tout particuli\u00e8rement de revenir au premier grand r\u00e9cit mythologique et litt\u00e9raire qui contient d\u00e9j\u00e0 les grands th\u00e8mes que la philosophie va reprendre et d\u00e9velopper. Mais il les contient encore sous une forme mythique, sous une forme litt\u00e9raire, celle d&rsquo;une \u00e9pop\u00e9e : il s&rsquo;agit bien s\u00fbr de L&rsquo;Odyss\u00e9e d&rsquo;Hom\u00e8re\u2026\u00a0\u00bb<\/p>\n<p>Dans cette collection dans la Boutique :<br \/>\n<a href=\"https:\/\/www.verdieditions.com\/equilibre-de-vie\/produit\/philosophie-education-tome-27-cd-luc-ferry\/\">Philosophie de l&rsquo;\u00c9ducation &#8211; Tome 27 + CD &#8211; Luc FERRY<\/a><br \/>\n<a href=\"https:\/\/www.verdieditions.com\/equilibre-de-vie\/produit\/homere-platon-tome-1-cd-luc-ferry\/\">De Hom\u00e8re \u00e0 Platon &#8211; Tome 1 + CD &#8211; Luc FERRY<\/a><br \/>\n<a href=\"https:\/\/www.verdieditions.com\/equilibre-de-vie\/produit\/nietzsche-tome-14-cd-luc-ferry\/\">Nietzsche &#8211; Tome 14 + CD &#8211; Luc FERRY<\/a><br \/>\n<a href=\"https:\/\/www.verdieditions.com\/equilibre-de-vie\/produit\/rousseau-tocqueville-tome-10-cd-luc-ferry-2\/\">Rousseau et Tocqueville &#8211; Tome 10 + CD &#8211; Luc FERRY<\/a><br \/>\n<a href=\"https:\/\/www.verdieditions.com\/equilibre-de-vie\/produit\/art-moderne-tome-23-cd-luc-ferry\/\">Les Avant-Gardes et l&rsquo;Art Moderne &#8211; Tome 23 + CD &#8211; Luc FERRY<\/a><br \/>\n<a href=\"https:\/\/www.verdieditions.com\/equilibre-de-vie\/produit\/coeur-raison-tome-22-cd-luc-ferry\/\">Entre le Coeur et la Raison &#8211; Tome 22 + CD &#8211; Luc FERRY<\/a><br \/>\n<a href=\"https:\/\/www.verdieditions.com\/equilibre-de-vie\/produit\/descartes-tome-7-cd-luc-ferry\/\">Descartes &#8211; Tome 7 + CD &#8211; Luc FERRY<\/a><br \/>\n<a href=\"https:\/\/www.verdieditions.com\/equilibre-de-vie\/produit\/pic-mirandole-tome-6-cd-luc-ferry\/\">Pic de la Mirandole &#8211; Tome 6 + CD &#8211; Luc FERRY<\/a><br \/>\n<a href=\"https:\/\/www.verdieditions.com\/equilibre-de-vie\/produit\/philosophie-progres-tome-29-cd-luc-ferry\/\">Philosophie du Progr\u00e8s &#8211; Tome 29 + CD &#8211; Luc FERRY<\/a><br \/>\n<a href=\"https:\/\/www.verdieditions.com\/equilibre-de-vie\/produit\/philosophie-tome-20-cd-luc-ferry\/\">La Philosophie aujourd&rsquo;hui &#8211; Tome 20 + CD &#8211; Luc FERRY<\/a><br \/>\n<a href=\"https:\/\/www.verdieditions.com\/equilibre-de-vie\/produit\/philosophie-anglosaxonne-tome-9-cd-luc-ferry\/\">La Philosophie Anglo-saxonne &#8211; Tome 9 + CD &#8211; Luc FERRY<\/a><br \/>\n<a href=\"https:\/\/www.verdieditions.com\/equilibre-de-vie\/produit\/spinoza-leibniz-tome-8-cd-luc-ferry\/\">Spinoza &#038; Leibniz &#8211; Tome 8 + CD &#8211; Luc FERRY<\/a><br \/>\n<a href=\"https:\/\/www.verdieditions.com\/equilibre-de-vie\/produit\/freud-tome-16-cd-luc-ferry\/\">Freud, le sexe et l&rsquo;inconscient &#8211; Tome 16 + CD &#8211; Luc FERRY<\/a><br \/>\n<a href=\"https:\/\/www.verdieditions.com\/equilibre-de-vie\/produit\/sartre-existentialisme-tome-18-cd-luc-ferry\/\">Sartre et l&rsquo;Existentialisme &#8211; Tome 18 + CD &#8211; Luc FERRY<\/a><br \/>\n<a href=\"https:\/\/www.verdieditions.com\/equilibre-de-vie\/produit\/gilgamesh-bouddha-tome-4-cd-luc-ferry\/\">Gilgamesh et Bouddha, sagesses d&rsquo;Orient &#8211; Tome 4 + CD &#8211; Luc FERRY<\/a><br \/>\n<a href=\"https:\/\/www.verdieditions.com\/equilibre-de-vie\/produit\/kant-lumieres-tome-11-cd-luc-ferry\/\">Kant et les Lumi\u00e8res &#8211; Tome 11 + CD &#8211; Luc FERRY<\/a><br \/>\n<a href=\"https:\/\/www.verdieditions.com\/equilibre-de-vie\/produit\/pensee-1968-tome-19-cd-luc-ferry\/\">La Pens\u00e9e 1968 et l&rsquo;\u00e8re du soup\u00e7on &#8211; Tome 19 + CD &#8211; Luc FERRY<\/a><br \/>\n<a href=\"https:\/\/www.verdieditions.com\/equilibre-de-vie\/produit\/jesus-judeo-chretienne-tome-5-cd-luc-ferry\/\">J\u00e9sus &#038; la R\u00e9volution Jud\u00e9o-Chr\u00e9tienne &#8211; Tome 5 + CD &#8211; Luc FERRY<\/a><br \/>\n<a href=\"https:\/\/www.verdieditions.com\/equilibre-de-vie\/produit\/aristote-tome-2-cd-luc-ferry\/\">Aristote, le bonheur par la sagesse &#8211; Tome 2 + CD &#8211; Luc FERRY<\/a><\/p>\n","protected":false},"excerpt":{"rendered":"<p>Auteur : Luc FERRY<br \/>\nTitre : MARX et l&rsquo;hypoth\u00e8se communiste, Transformer le monde<br \/>\n\u00c9diteur : Le Figaro, Le Point, 2012, <strong>collection \u00ab\u00a0Sagesses d&rsquo;Hier et d&rsquo;Aujourd&rsquo;hui\u00a0\u00bb<\/strong><br \/>\n<strong>Livre 15 + CD<\/strong><br \/>\nEtat : Excellent<br \/>\nDim. 17,5 x 24,5<br \/>\n93 pages<\/p>\n","protected":false},"featured_media":1513,"template":"","meta":[],"product_brand":[],"product_cat":[22],"product_tag":[265,252],"class_list":{"0":"post-1401","1":"product","2":"type-product","3":"status-publish","4":"has-post-thumbnail","6":"product_cat-developpement-personnel","7":"product_tag-philosophie","8":"product_tag-politique","10":"first","11":"outofstock","12":"shipping-taxable","13":"product-type-simple"},"yoast_head":"<!-- This site is optimized with the Yoast SEO plugin v27.4 - https:\/\/yoast.com\/product\/yoast-seo-wordpress\/ -->\n<title>MARX et l&#039;hypoth\u00e8se communiste - Tome 15 + CD - Luc FERRY - Equilibre de Vie<\/title>\n<meta name=\"description\" content=\"Auteur : Luc FERRY Titre : MARX et l&#039;hypoth\u00e8se communiste 15 \u00c9d : Le Figaro, Le Point, 2012, coll &quot;Sagesses d&#039;Hier et d&#039;Aujourd&#039;hui&quot; Livre + CD Dim. 17,5 x 24,5 93 p.\" \/>\n<meta name=\"robots\" content=\"index, follow, max-snippet:-1, max-image-preview:large, max-video-preview:-1\" \/>\n<link rel=\"canonical\" href=\"https:\/\/www.verdieditions.com\/equilibre-de-vie\/produit\/luc-ferry-sagesses-15-cd-marx-hypothese-communiste\/\" \/>\n<meta property=\"og:locale\" content=\"fr_FR\" \/>\n<meta property=\"og:type\" content=\"article\" \/>\n<meta property=\"og:title\" content=\"MARX et l&#039;hypoth\u00e8se communiste - Tome 15 + CD - Luc FERRY - Equilibre de Vie\" \/>\n<meta property=\"og:description\" content=\"Auteur : Luc FERRY Titre : MARX et l&#039;hypoth\u00e8se communiste 15 \u00c9d : Le Figaro, Le Point, 2012, coll &quot;Sagesses d&#039;Hier et d&#039;Aujourd&#039;hui&quot; Livre + CD Dim. 17,5 x 24,5 93 p.\" \/>\n<meta property=\"og:url\" content=\"https:\/\/www.verdieditions.com\/equilibre-de-vie\/produit\/luc-ferry-sagesses-15-cd-marx-hypothese-communiste\/\" \/>\n<meta property=\"og:site_name\" content=\"Equilibre de Vie\" \/>\n<meta property=\"article:modified_time\" content=\"2022-12-22T08:56:01+00:00\" \/>\n<meta property=\"og:image\" content=\"https:\/\/www.verdieditions.com\/equilibre-de-vie\/wp-content\/uploads\/2020\/04\/marx-communiste-15-Luc-Ferry-2b.jpg\" \/>\n\t<meta property=\"og:image:width\" content=\"607\" \/>\n\t<meta property=\"og:image:height\" content=\"800\" \/>\n\t<meta property=\"og:image:type\" content=\"image\/jpeg\" \/>\n<meta name=\"twitter:card\" content=\"summary_large_image\" \/>\n<meta name=\"twitter:label1\" content=\"Dur\u00e9e de lecture estim\u00e9e\" \/>\n\t<meta name=\"twitter:data1\" content=\"2 minutes\" \/>\n<script type=\"application\/ld+json\" class=\"yoast-schema-graph\">{\"@context\":\"https:\\\/\\\/schema.org\",\"@graph\":[{\"@type\":\"WebPage\",\"@id\":\"https:\\\/\\\/www.verdieditions.com\\\/equilibre-de-vie\\\/produit\\\/luc-ferry-sagesses-15-cd-marx-hypothese-communiste\\\/\",\"url\":\"https:\\\/\\\/www.verdieditions.com\\\/equilibre-de-vie\\\/produit\\\/luc-ferry-sagesses-15-cd-marx-hypothese-communiste\\\/\",\"name\":\"MARX et l'hypoth\u00e8se communiste - Tome 15 + CD - Luc FERRY - Equilibre de Vie\",\"isPartOf\":{\"@id\":\"https:\\\/\\\/www.verdieditions.com\\\/equilibre-de-vie\\\/#website\"},\"primaryImageOfPage\":{\"@id\":\"https:\\\/\\\/www.verdieditions.com\\\/equilibre-de-vie\\\/produit\\\/luc-ferry-sagesses-15-cd-marx-hypothese-communiste\\\/#primaryimage\"},\"image\":{\"@id\":\"https:\\\/\\\/www.verdieditions.com\\\/equilibre-de-vie\\\/produit\\\/luc-ferry-sagesses-15-cd-marx-hypothese-communiste\\\/#primaryimage\"},\"thumbnailUrl\":\"https:\\\/\\\/www.verdieditions.com\\\/equilibre-de-vie\\\/wp-content\\\/uploads\\\/2020\\\/04\\\/marx-communiste-15-Luc-Ferry-2b.jpg\",\"datePublished\":\"2020-12-28T15:32:59+00:00\",\"dateModified\":\"2022-12-22T08:56:01+00:00\",\"description\":\"Auteur : Luc FERRY Titre : MARX et l'hypoth\u00e8se communiste 15 \u00c9d : Le Figaro, Le Point, 2012, coll \\\"Sagesses d'Hier et d'Aujourd'hui\\\" Livre + CD Dim. 17,5 x 24,5 93 p.\",\"breadcrumb\":{\"@id\":\"https:\\\/\\\/www.verdieditions.com\\\/equilibre-de-vie\\\/produit\\\/luc-ferry-sagesses-15-cd-marx-hypothese-communiste\\\/#breadcrumb\"},\"inLanguage\":\"fr-FR\",\"potentialAction\":[{\"@type\":\"ReadAction\",\"target\":[\"https:\\\/\\\/www.verdieditions.com\\\/equilibre-de-vie\\\/produit\\\/luc-ferry-sagesses-15-cd-marx-hypothese-communiste\\\/\"]}]},{\"@type\":\"ImageObject\",\"inLanguage\":\"fr-FR\",\"@id\":\"https:\\\/\\\/www.verdieditions.com\\\/equilibre-de-vie\\\/produit\\\/luc-ferry-sagesses-15-cd-marx-hypothese-communiste\\\/#primaryimage\",\"url\":\"https:\\\/\\\/www.verdieditions.com\\\/equilibre-de-vie\\\/wp-content\\\/uploads\\\/2020\\\/04\\\/marx-communiste-15-Luc-Ferry-2b.jpg\",\"contentUrl\":\"https:\\\/\\\/www.verdieditions.com\\\/equilibre-de-vie\\\/wp-content\\\/uploads\\\/2020\\\/04\\\/marx-communiste-15-Luc-Ferry-2b.jpg\",\"width\":607,\"height\":800,\"caption\":\"marx-communiste-15-Luc-Ferry-2b\"},{\"@type\":\"BreadcrumbList\",\"@id\":\"https:\\\/\\\/www.verdieditions.com\\\/equilibre-de-vie\\\/produit\\\/luc-ferry-sagesses-15-cd-marx-hypothese-communiste\\\/#breadcrumb\",\"itemListElement\":[{\"@type\":\"ListItem\",\"position\":1,\"name\":\"Accueil\",\"item\":\"https:\\\/\\\/www.verdieditions.com\\\/equilibre-de-vie\\\/\"},{\"@type\":\"ListItem\",\"position\":2,\"name\":\"La boutique\",\"item\":\"https:\\\/\\\/www.verdieditions.com\\\/equilibre-de-vie\\\/boutique\\\/\"},{\"@type\":\"ListItem\",\"position\":3,\"name\":\"MARX et l&#8217;hypoth\u00e8se communiste &#8211; Tome 15 + CD &#8211; Luc FERRY\"}]},{\"@type\":\"WebSite\",\"@id\":\"https:\\\/\\\/www.verdieditions.com\\\/equilibre-de-vie\\\/#website\",\"url\":\"https:\\\/\\\/www.verdieditions.com\\\/equilibre-de-vie\\\/\",\"name\":\"Equilibre de Vie\",\"description\":\"Ma boutique livres sant\u00e9, \u00e9sot\u00e9risme et d\u00e9veloppement personnel\",\"publisher\":{\"@id\":\"https:\\\/\\\/www.verdieditions.com\\\/equilibre-de-vie\\\/#\\\/schema\\\/person\\\/9dcb2a6759f2f5fbf43ac0b44649cecb\"},\"potentialAction\":[{\"@type\":\"SearchAction\",\"target\":{\"@type\":\"EntryPoint\",\"urlTemplate\":\"https:\\\/\\\/www.verdieditions.com\\\/equilibre-de-vie\\\/?s={search_term_string}\"},\"query-input\":{\"@type\":\"PropertyValueSpecification\",\"valueRequired\":true,\"valueName\":\"search_term_string\"}}],\"inLanguage\":\"fr-FR\"},{\"@type\":[\"Person\",\"Organization\"],\"@id\":\"https:\\\/\\\/www.verdieditions.com\\\/equilibre-de-vie\\\/#\\\/schema\\\/person\\\/9dcb2a6759f2f5fbf43ac0b44649cecb\",\"name\":\"Sylvie VERDI\",\"image\":{\"@type\":\"ImageObject\",\"inLanguage\":\"fr-FR\",\"@id\":\"https:\\\/\\\/www.verdieditions.com\\\/equilibre-de-vie\\\/wp-content\\\/uploads\\\/2020\\\/04\\\/livres-occasion-sante-esoterisme-developpement-personnel-2.jpg\",\"url\":\"https:\\\/\\\/www.verdieditions.com\\\/equilibre-de-vie\\\/wp-content\\\/uploads\\\/2020\\\/04\\\/livres-occasion-sante-esoterisme-developpement-personnel-2.jpg\",\"contentUrl\":\"https:\\\/\\\/www.verdieditions.com\\\/equilibre-de-vie\\\/wp-content\\\/uploads\\\/2020\\\/04\\\/livres-occasion-sante-esoterisme-developpement-personnel-2.jpg\",\"width\":800,\"height\":572,\"caption\":\"Sylvie VERDI\"},\"logo\":{\"@id\":\"https:\\\/\\\/www.verdieditions.com\\\/equilibre-de-vie\\\/wp-content\\\/uploads\\\/2020\\\/04\\\/livres-occasion-sante-esoterisme-developpement-personnel-2.jpg\"},\"sameAs\":[\"https:\\\/\\\/www.verdieditions.com\\\/equilibre-de-vie\"]}]}<\/script>\n<!-- \/ Yoast SEO plugin. -->","yoast_head_json":{"title":"MARX et l'hypoth\u00e8se communiste - Tome 15 + CD - Luc FERRY - Equilibre de Vie","description":"Auteur : Luc FERRY Titre : MARX et l'hypoth\u00e8se communiste 15 \u00c9d : Le Figaro, Le Point, 2012, coll \"Sagesses d'Hier et d'Aujourd'hui\" Livre + CD Dim. 17,5 x 24,5 93 p.","robots":{"index":"index","follow":"follow","max-snippet":"max-snippet:-1","max-image-preview":"max-image-preview:large","max-video-preview":"max-video-preview:-1"},"canonical":"https:\/\/www.verdieditions.com\/equilibre-de-vie\/produit\/luc-ferry-sagesses-15-cd-marx-hypothese-communiste\/","og_locale":"fr_FR","og_type":"article","og_title":"MARX et l'hypoth\u00e8se communiste - Tome 15 + CD - Luc FERRY - Equilibre de Vie","og_description":"Auteur : Luc FERRY Titre : MARX et l'hypoth\u00e8se communiste 15 \u00c9d : Le Figaro, Le Point, 2012, coll \"Sagesses d'Hier et d'Aujourd'hui\" Livre + CD Dim. 17,5 x 24,5 93 p.","og_url":"https:\/\/www.verdieditions.com\/equilibre-de-vie\/produit\/luc-ferry-sagesses-15-cd-marx-hypothese-communiste\/","og_site_name":"Equilibre de Vie","article_modified_time":"2022-12-22T08:56:01+00:00","og_image":[{"width":607,"height":800,"url":"https:\/\/www.verdieditions.com\/equilibre-de-vie\/wp-content\/uploads\/2020\/04\/marx-communiste-15-Luc-Ferry-2b.jpg","type":"image\/jpeg"}],"twitter_card":"summary_large_image","twitter_misc":{"Dur\u00e9e de lecture estim\u00e9e":"2 minutes"},"schema":{"@context":"https:\/\/schema.org","@graph":[{"@type":"WebPage","@id":"https:\/\/www.verdieditions.com\/equilibre-de-vie\/produit\/luc-ferry-sagesses-15-cd-marx-hypothese-communiste\/","url":"https:\/\/www.verdieditions.com\/equilibre-de-vie\/produit\/luc-ferry-sagesses-15-cd-marx-hypothese-communiste\/","name":"MARX et l'hypoth\u00e8se communiste - Tome 15 + CD - Luc FERRY - Equilibre de Vie","isPartOf":{"@id":"https:\/\/www.verdieditions.com\/equilibre-de-vie\/#website"},"primaryImageOfPage":{"@id":"https:\/\/www.verdieditions.com\/equilibre-de-vie\/produit\/luc-ferry-sagesses-15-cd-marx-hypothese-communiste\/#primaryimage"},"image":{"@id":"https:\/\/www.verdieditions.com\/equilibre-de-vie\/produit\/luc-ferry-sagesses-15-cd-marx-hypothese-communiste\/#primaryimage"},"thumbnailUrl":"https:\/\/www.verdieditions.com\/equilibre-de-vie\/wp-content\/uploads\/2020\/04\/marx-communiste-15-Luc-Ferry-2b.jpg","datePublished":"2020-12-28T15:32:59+00:00","dateModified":"2022-12-22T08:56:01+00:00","description":"Auteur : Luc FERRY Titre : MARX et l'hypoth\u00e8se communiste 15 \u00c9d : Le Figaro, Le Point, 2012, coll \"Sagesses d'Hier et d'Aujourd'hui\" Livre + CD Dim. 17,5 x 24,5 93 p.","breadcrumb":{"@id":"https:\/\/www.verdieditions.com\/equilibre-de-vie\/produit\/luc-ferry-sagesses-15-cd-marx-hypothese-communiste\/#breadcrumb"},"inLanguage":"fr-FR","potentialAction":[{"@type":"ReadAction","target":["https:\/\/www.verdieditions.com\/equilibre-de-vie\/produit\/luc-ferry-sagesses-15-cd-marx-hypothese-communiste\/"]}]},{"@type":"ImageObject","inLanguage":"fr-FR","@id":"https:\/\/www.verdieditions.com\/equilibre-de-vie\/produit\/luc-ferry-sagesses-15-cd-marx-hypothese-communiste\/#primaryimage","url":"https:\/\/www.verdieditions.com\/equilibre-de-vie\/wp-content\/uploads\/2020\/04\/marx-communiste-15-Luc-Ferry-2b.jpg","contentUrl":"https:\/\/www.verdieditions.com\/equilibre-de-vie\/wp-content\/uploads\/2020\/04\/marx-communiste-15-Luc-Ferry-2b.jpg","width":607,"height":800,"caption":"marx-communiste-15-Luc-Ferry-2b"},{"@type":"BreadcrumbList","@id":"https:\/\/www.verdieditions.com\/equilibre-de-vie\/produit\/luc-ferry-sagesses-15-cd-marx-hypothese-communiste\/#breadcrumb","itemListElement":[{"@type":"ListItem","position":1,"name":"Accueil","item":"https:\/\/www.verdieditions.com\/equilibre-de-vie\/"},{"@type":"ListItem","position":2,"name":"La boutique","item":"https:\/\/www.verdieditions.com\/equilibre-de-vie\/boutique\/"},{"@type":"ListItem","position":3,"name":"MARX et l&#8217;hypoth\u00e8se communiste &#8211; Tome 15 + CD &#8211; Luc FERRY"}]},{"@type":"WebSite","@id":"https:\/\/www.verdieditions.com\/equilibre-de-vie\/#website","url":"https:\/\/www.verdieditions.com\/equilibre-de-vie\/","name":"Equilibre de Vie","description":"Ma boutique livres sant\u00e9, \u00e9sot\u00e9risme et d\u00e9veloppement personnel","publisher":{"@id":"https:\/\/www.verdieditions.com\/equilibre-de-vie\/#\/schema\/person\/9dcb2a6759f2f5fbf43ac0b44649cecb"},"potentialAction":[{"@type":"SearchAction","target":{"@type":"EntryPoint","urlTemplate":"https:\/\/www.verdieditions.com\/equilibre-de-vie\/?s={search_term_string}"},"query-input":{"@type":"PropertyValueSpecification","valueRequired":true,"valueName":"search_term_string"}}],"inLanguage":"fr-FR"},{"@type":["Person","Organization"],"@id":"https:\/\/www.verdieditions.com\/equilibre-de-vie\/#\/schema\/person\/9dcb2a6759f2f5fbf43ac0b44649cecb","name":"Sylvie VERDI","image":{"@type":"ImageObject","inLanguage":"fr-FR","@id":"https:\/\/www.verdieditions.com\/equilibre-de-vie\/wp-content\/uploads\/2020\/04\/livres-occasion-sante-esoterisme-developpement-personnel-2.jpg","url":"https:\/\/www.verdieditions.com\/equilibre-de-vie\/wp-content\/uploads\/2020\/04\/livres-occasion-sante-esoterisme-developpement-personnel-2.jpg","contentUrl":"https:\/\/www.verdieditions.com\/equilibre-de-vie\/wp-content\/uploads\/2020\/04\/livres-occasion-sante-esoterisme-developpement-personnel-2.jpg","width":800,"height":572,"caption":"Sylvie VERDI"},"logo":{"@id":"https:\/\/www.verdieditions.com\/equilibre-de-vie\/wp-content\/uploads\/2020\/04\/livres-occasion-sante-esoterisme-developpement-personnel-2.jpg"},"sameAs":["https:\/\/www.verdieditions.com\/equilibre-de-vie"]}]}},"_links":{"self":[{"href":"https:\/\/www.verdieditions.com\/equilibre-de-vie\/wp-json\/wp\/v2\/product\/1401","targetHints":{"allow":["GET"]}}],"collection":[{"href":"https:\/\/www.verdieditions.com\/equilibre-de-vie\/wp-json\/wp\/v2\/product"}],"about":[{"href":"https:\/\/www.verdieditions.com\/equilibre-de-vie\/wp-json\/wp\/v2\/types\/product"}],"wp:featuredmedia":[{"embeddable":true,"href":"https:\/\/www.verdieditions.com\/equilibre-de-vie\/wp-json\/wp\/v2\/media\/1513"}],"wp:attachment":[{"href":"https:\/\/www.verdieditions.com\/equilibre-de-vie\/wp-json\/wp\/v2\/media?parent=1401"}],"wp:term":[{"taxonomy":"product_brand","embeddable":true,"href":"https:\/\/www.verdieditions.com\/equilibre-de-vie\/wp-json\/wp\/v2\/product_brand?post=1401"},{"taxonomy":"product_cat","embeddable":true,"href":"https:\/\/www.verdieditions.com\/equilibre-de-vie\/wp-json\/wp\/v2\/product_cat?post=1401"},{"taxonomy":"product_tag","embeddable":true,"href":"https:\/\/www.verdieditions.com\/equilibre-de-vie\/wp-json\/wp\/v2\/product_tag?post=1401"}],"curies":[{"name":"wp","href":"https:\/\/api.w.org\/{rel}","templated":true}]}}