{"id":1384,"date":"2020-12-18T12:10:56","date_gmt":"2020-12-18T11:10:56","guid":{"rendered":"https:\/\/www.verdieditions.com\/equilibre-de-vie\/?post_type=product&#038;p=1384"},"modified":"2023-08-31T09:17:29","modified_gmt":"2023-08-31T07:17:29","slug":"astrologie-sante-saltarini","status":"publish","type":"product","link":"https:\/\/www.verdieditions.com\/equilibre-de-vie\/produit\/astrologie-sante-saltarini\/","title":{"rendered":"Astrologie, sant\u00e9 et bien-\u00eatre &#8211; H\u00e9l\u00e8ne KINAUER SALTARINI"},"content":{"rendered":"<p>Auteur : H\u00e9l\u00e8ne KINAUER SALTARINI<br \/>\nTitre : Astrologie, sant\u00e9 et bien-\u00eatre<br \/>\n\u00c9diteur : De Vecchi, 2010<br \/>\nEtat excellent<br \/>\nDim. 14,5 x 21<br \/>\n222 pages<\/p>\n<p>Saviez-vous que l&rsquo;\u00e9tude de votre carte du ciel permet de mettre en lumi\u00e8re vos pr\u00e9dispositions \u00e0 certaines maladies, mais aussi votre \u00abpotentiel sant\u00e9\u00bb, que ce soit sur le plan \u00e9nerg\u00e9tique, nerveux, \u00e9motionnel ou psychique ?<\/p>\n<p>L&rsquo;astrologie \u00abpr\u00e9ventive\u00bb ne remplacera \u00e9videmment jamais un m\u00e9decin, mais, pour qui sait lire et interpr\u00e9ter un th\u00e8me astral, ce dernier fournit de nombreuses informations sur la sant\u00e9 physique, mentale et morale d&rsquo;un individu. En outre, il offre la possibilit\u00e9 de remonter aux origines des petites faiblesses et des angoisses afin de savoir les g\u00e9rer au mieux quand elles surviennent.<\/p>\n<p>L&rsquo;auteur pr\u00e9sente, \u00e0 travers de nombreux th\u00e8mes astraux, des exemples pratiques d&rsquo;interpr\u00e9tation selon la position des plan\u00e8tes, le signe et l&rsquo;ascendant.<\/p>\n<p>Gr\u00e2ce \u00e0 l&rsquo;astrologie, rien de plus facile que d&rsquo;affronter les diff\u00e9rents probl\u00e8mes qui peuvent survenir au cours d&rsquo;une vie, d&rsquo;analyser leurs causes et de trouver la force de r\u00e9agir et d&rsquo;agir pour bonifier au mieux son capital bien-\u00eatre.<\/p>\n<p>C\u00e9l\u00e8bre astrologue italienne, H\u00e9l\u00e8ne Kinauer Saltarini a r\u00e9dig\u00e9 de nombreux horoscopes pour la presse. Elle a par ailleurs r\u00e9alis\u00e9 une \u00e9tude concernant l&rsquo;influence des astres sur notre rapport \u00e0 la nourriture.<\/p>\n","protected":false},"excerpt":{"rendered":"<p>Auteur : H\u00e9l\u00e8ne KINAUER SALTARINI<br \/>\nTitre : Astrologie, sant\u00e9 et bien-\u00eatre, d\u00e9couvrir ses petites faiblesses et ses atouts sant\u00e9 \u00e0 travers son signe astrologique<br \/>\n\u00c9diteur : De Vecchi, 2010<br \/>\nEtat excellent<br \/>\nDim. 14,5 x 21<br \/>\n222 pages<\/p>\n","protected":false},"featured_media":1398,"template":"","meta":[],"product_brand":[],"product_cat":[23,21],"product_tag":[60,250,98,186,163],"class_list":{"0":"post-1384","1":"product","2":"type-product","3":"status-publish","4":"has-post-thumbnail","6":"product_cat-esoterisme","7":"product_cat-sante","8":"product_tag-energie","9":"product_tag-maladie","10":"product_tag-medecine-alternative","11":"product_tag-signes","12":"product_tag-theme-astral","14":"first","15":"outofstock","16":"shipping-taxable","17":"product-type-simple"},"yoast_head":"<!-- This site is optimized with the Yoast SEO plugin v27.4 - https:\/\/yoast.com\/product\/yoast-seo-wordpress\/ -->\n<title>Astrologie, sant\u00e9 et bien-\u00eatre - H\u00e9l\u00e8ne KINAUER SALTARINI - Equilibre de Vie<\/title>\n<meta name=\"description\" content=\"Auteur : H\u00e9l\u00e8ne KINAUER SALTARINI Titre : Astrologie, sant\u00e9 et bien-\u00eatre \u00c9diteur : De Vecchi, 2010 Etat excellent Dim. 14,5 x 21 222 pages\" \/>\n<meta name=\"robots\" content=\"index, follow, max-snippet:-1, max-image-preview:large, max-video-preview:-1\" \/>\n<link rel=\"canonical\" href=\"https:\/\/www.verdieditions.com\/equilibre-de-vie\/produit\/astrologie-sante-saltarini\/\" \/>\n<meta property=\"og:locale\" content=\"fr_FR\" \/>\n<meta property=\"og:type\" content=\"article\" \/>\n<meta property=\"og:title\" content=\"Astrologie, sant\u00e9 et bien-\u00eatre - H\u00e9l\u00e8ne KINAUER SALTARINI - Equilibre de Vie\" \/>\n<meta property=\"og:description\" content=\"Auteur : H\u00e9l\u00e8ne KINAUER SALTARINI Titre : Astrologie, sant\u00e9 et bien-\u00eatre \u00c9diteur : De Vecchi, 2010 Etat excellent Dim. 14,5 x 21 222 pages\" \/>\n<meta property=\"og:url\" content=\"https:\/\/www.verdieditions.com\/equilibre-de-vie\/produit\/astrologie-sante-saltarini\/\" \/>\n<meta property=\"og:site_name\" content=\"Equilibre de Vie\" \/>\n<meta property=\"article:modified_time\" content=\"2023-08-31T07:17:29+00:00\" \/>\n<meta property=\"og:image\" content=\"https:\/\/www.verdieditions.com\/equilibre-de-vie\/wp-content\/uploads\/2020\/12\/saltarini-astrologie-sante-bien-etre.jpg\" \/>\n\t<meta property=\"og:image:width\" content=\"573\" \/>\n\t<meta property=\"og:image:height\" content=\"800\" \/>\n\t<meta property=\"og:image:type\" content=\"image\/jpeg\" \/>\n<meta name=\"twitter:card\" content=\"summary_large_image\" \/>\n<meta name=\"twitter:label1\" content=\"Dur\u00e9e de lecture estim\u00e9e\" \/>\n\t<meta name=\"twitter:data1\" content=\"1 minute\" \/>\n<script type=\"application\/ld+json\" class=\"yoast-schema-graph\">{\"@context\":\"https:\\\/\\\/schema.org\",\"@graph\":[{\"@type\":\"WebPage\",\"@id\":\"https:\\\/\\\/www.verdieditions.com\\\/equilibre-de-vie\\\/produit\\\/astrologie-sante-saltarini\\\/\",\"url\":\"https:\\\/\\\/www.verdieditions.com\\\/equilibre-de-vie\\\/produit\\\/astrologie-sante-saltarini\\\/\",\"name\":\"Astrologie, sant\u00e9 et bien-\u00eatre - H\u00e9l\u00e8ne KINAUER SALTARINI - Equilibre de Vie\",\"isPartOf\":{\"@id\":\"https:\\\/\\\/www.verdieditions.com\\\/equilibre-de-vie\\\/#website\"},\"primaryImageOfPage\":{\"@id\":\"https:\\\/\\\/www.verdieditions.com\\\/equilibre-de-vie\\\/produit\\\/astrologie-sante-saltarini\\\/#primaryimage\"},\"image\":{\"@id\":\"https:\\\/\\\/www.verdieditions.com\\\/equilibre-de-vie\\\/produit\\\/astrologie-sante-saltarini\\\/#primaryimage\"},\"thumbnailUrl\":\"https:\\\/\\\/www.verdieditions.com\\\/equilibre-de-vie\\\/wp-content\\\/uploads\\\/2020\\\/12\\\/saltarini-astrologie-sante-bien-etre.jpg\",\"datePublished\":\"2020-12-18T11:10:56+00:00\",\"dateModified\":\"2023-08-31T07:17:29+00:00\",\"description\":\"Auteur : H\u00e9l\u00e8ne KINAUER SALTARINI Titre : Astrologie, sant\u00e9 et bien-\u00eatre \u00c9diteur : De Vecchi, 2010 Etat excellent Dim. 14,5 x 21 222 pages\",\"breadcrumb\":{\"@id\":\"https:\\\/\\\/www.verdieditions.com\\\/equilibre-de-vie\\\/produit\\\/astrologie-sante-saltarini\\\/#breadcrumb\"},\"inLanguage\":\"fr-FR\",\"potentialAction\":[{\"@type\":\"ReadAction\",\"target\":[\"https:\\\/\\\/www.verdieditions.com\\\/equilibre-de-vie\\\/produit\\\/astrologie-sante-saltarini\\\/\"]}]},{\"@type\":\"ImageObject\",\"inLanguage\":\"fr-FR\",\"@id\":\"https:\\\/\\\/www.verdieditions.com\\\/equilibre-de-vie\\\/produit\\\/astrologie-sante-saltarini\\\/#primaryimage\",\"url\":\"https:\\\/\\\/www.verdieditions.com\\\/equilibre-de-vie\\\/wp-content\\\/uploads\\\/2020\\\/12\\\/saltarini-astrologie-sante-bien-etre.jpg\",\"contentUrl\":\"https:\\\/\\\/www.verdieditions.com\\\/equilibre-de-vie\\\/wp-content\\\/uploads\\\/2020\\\/12\\\/saltarini-astrologie-sante-bien-etre.jpg\",\"width\":573,\"height\":800,\"caption\":\"saltarini-astrologie-sante-bien-etre\"},{\"@type\":\"BreadcrumbList\",\"@id\":\"https:\\\/\\\/www.verdieditions.com\\\/equilibre-de-vie\\\/produit\\\/astrologie-sante-saltarini\\\/#breadcrumb\",\"itemListElement\":[{\"@type\":\"ListItem\",\"position\":1,\"name\":\"Accueil\",\"item\":\"https:\\\/\\\/www.verdieditions.com\\\/equilibre-de-vie\\\/\"},{\"@type\":\"ListItem\",\"position\":2,\"name\":\"La boutique\",\"item\":\"https:\\\/\\\/www.verdieditions.com\\\/equilibre-de-vie\\\/boutique\\\/\"},{\"@type\":\"ListItem\",\"position\":3,\"name\":\"Astrologie, sant\u00e9 et bien-\u00eatre &#8211; H\u00e9l\u00e8ne KINAUER SALTARINI\"}]},{\"@type\":\"WebSite\",\"@id\":\"https:\\\/\\\/www.verdieditions.com\\\/equilibre-de-vie\\\/#website\",\"url\":\"https:\\\/\\\/www.verdieditions.com\\\/equilibre-de-vie\\\/\",\"name\":\"Equilibre de Vie\",\"description\":\"Ma boutique livres sant\u00e9, \u00e9sot\u00e9risme et d\u00e9veloppement personnel\",\"publisher\":{\"@id\":\"https:\\\/\\\/www.verdieditions.com\\\/equilibre-de-vie\\\/#\\\/schema\\\/person\\\/9dcb2a6759f2f5fbf43ac0b44649cecb\"},\"potentialAction\":[{\"@type\":\"SearchAction\",\"target\":{\"@type\":\"EntryPoint\",\"urlTemplate\":\"https:\\\/\\\/www.verdieditions.com\\\/equilibre-de-vie\\\/?s={search_term_string}\"},\"query-input\":{\"@type\":\"PropertyValueSpecification\",\"valueRequired\":true,\"valueName\":\"search_term_string\"}}],\"inLanguage\":\"fr-FR\"},{\"@type\":[\"Person\",\"Organization\"],\"@id\":\"https:\\\/\\\/www.verdieditions.com\\\/equilibre-de-vie\\\/#\\\/schema\\\/person\\\/9dcb2a6759f2f5fbf43ac0b44649cecb\",\"name\":\"Sylvie VERDI\",\"image\":{\"@type\":\"ImageObject\",\"inLanguage\":\"fr-FR\",\"@id\":\"https:\\\/\\\/www.verdieditions.com\\\/equilibre-de-vie\\\/wp-content\\\/uploads\\\/2020\\\/04\\\/livres-occasion-sante-esoterisme-developpement-personnel-2.jpg\",\"url\":\"https:\\\/\\\/www.verdieditions.com\\\/equilibre-de-vie\\\/wp-content\\\/uploads\\\/2020\\\/04\\\/livres-occasion-sante-esoterisme-developpement-personnel-2.jpg\",\"contentUrl\":\"https:\\\/\\\/www.verdieditions.com\\\/equilibre-de-vie\\\/wp-content\\\/uploads\\\/2020\\\/04\\\/livres-occasion-sante-esoterisme-developpement-personnel-2.jpg\",\"width\":800,\"height\":572,\"caption\":\"Sylvie VERDI\"},\"logo\":{\"@id\":\"https:\\\/\\\/www.verdieditions.com\\\/equilibre-de-vie\\\/wp-content\\\/uploads\\\/2020\\\/04\\\/livres-occasion-sante-esoterisme-developpement-personnel-2.jpg\"},\"sameAs\":[\"https:\\\/\\\/www.verdieditions.com\\\/equilibre-de-vie\"]}]}<\/script>\n<!-- \/ Yoast SEO plugin. -->","yoast_head_json":{"title":"Astrologie, sant\u00e9 et bien-\u00eatre - H\u00e9l\u00e8ne KINAUER SALTARINI - Equilibre de Vie","description":"Auteur : H\u00e9l\u00e8ne KINAUER SALTARINI Titre : Astrologie, sant\u00e9 et bien-\u00eatre \u00c9diteur : De Vecchi, 2010 Etat excellent Dim. 14,5 x 21 222 pages","robots":{"index":"index","follow":"follow","max-snippet":"max-snippet:-1","max-image-preview":"max-image-preview:large","max-video-preview":"max-video-preview:-1"},"canonical":"https:\/\/www.verdieditions.com\/equilibre-de-vie\/produit\/astrologie-sante-saltarini\/","og_locale":"fr_FR","og_type":"article","og_title":"Astrologie, sant\u00e9 et bien-\u00eatre - H\u00e9l\u00e8ne KINAUER SALTARINI - Equilibre de Vie","og_description":"Auteur : H\u00e9l\u00e8ne KINAUER SALTARINI Titre : Astrologie, sant\u00e9 et bien-\u00eatre \u00c9diteur : De Vecchi, 2010 Etat excellent Dim. 14,5 x 21 222 pages","og_url":"https:\/\/www.verdieditions.com\/equilibre-de-vie\/produit\/astrologie-sante-saltarini\/","og_site_name":"Equilibre de Vie","article_modified_time":"2023-08-31T07:17:29+00:00","og_image":[{"width":573,"height":800,"url":"https:\/\/www.verdieditions.com\/equilibre-de-vie\/wp-content\/uploads\/2020\/12\/saltarini-astrologie-sante-bien-etre.jpg","type":"image\/jpeg"}],"twitter_card":"summary_large_image","twitter_misc":{"Dur\u00e9e de lecture estim\u00e9e":"1 minute"},"schema":{"@context":"https:\/\/schema.org","@graph":[{"@type":"WebPage","@id":"https:\/\/www.verdieditions.com\/equilibre-de-vie\/produit\/astrologie-sante-saltarini\/","url":"https:\/\/www.verdieditions.com\/equilibre-de-vie\/produit\/astrologie-sante-saltarini\/","name":"Astrologie, sant\u00e9 et bien-\u00eatre - H\u00e9l\u00e8ne KINAUER SALTARINI - Equilibre de Vie","isPartOf":{"@id":"https:\/\/www.verdieditions.com\/equilibre-de-vie\/#website"},"primaryImageOfPage":{"@id":"https:\/\/www.verdieditions.com\/equilibre-de-vie\/produit\/astrologie-sante-saltarini\/#primaryimage"},"image":{"@id":"https:\/\/www.verdieditions.com\/equilibre-de-vie\/produit\/astrologie-sante-saltarini\/#primaryimage"},"thumbnailUrl":"https:\/\/www.verdieditions.com\/equilibre-de-vie\/wp-content\/uploads\/2020\/12\/saltarini-astrologie-sante-bien-etre.jpg","datePublished":"2020-12-18T11:10:56+00:00","dateModified":"2023-08-31T07:17:29+00:00","description":"Auteur : H\u00e9l\u00e8ne KINAUER SALTARINI Titre : Astrologie, sant\u00e9 et bien-\u00eatre \u00c9diteur : De Vecchi, 2010 Etat excellent Dim. 14,5 x 21 222 pages","breadcrumb":{"@id":"https:\/\/www.verdieditions.com\/equilibre-de-vie\/produit\/astrologie-sante-saltarini\/#breadcrumb"},"inLanguage":"fr-FR","potentialAction":[{"@type":"ReadAction","target":["https:\/\/www.verdieditions.com\/equilibre-de-vie\/produit\/astrologie-sante-saltarini\/"]}]},{"@type":"ImageObject","inLanguage":"fr-FR","@id":"https:\/\/www.verdieditions.com\/equilibre-de-vie\/produit\/astrologie-sante-saltarini\/#primaryimage","url":"https:\/\/www.verdieditions.com\/equilibre-de-vie\/wp-content\/uploads\/2020\/12\/saltarini-astrologie-sante-bien-etre.jpg","contentUrl":"https:\/\/www.verdieditions.com\/equilibre-de-vie\/wp-content\/uploads\/2020\/12\/saltarini-astrologie-sante-bien-etre.jpg","width":573,"height":800,"caption":"saltarini-astrologie-sante-bien-etre"},{"@type":"BreadcrumbList","@id":"https:\/\/www.verdieditions.com\/equilibre-de-vie\/produit\/astrologie-sante-saltarini\/#breadcrumb","itemListElement":[{"@type":"ListItem","position":1,"name":"Accueil","item":"https:\/\/www.verdieditions.com\/equilibre-de-vie\/"},{"@type":"ListItem","position":2,"name":"La boutique","item":"https:\/\/www.verdieditions.com\/equilibre-de-vie\/boutique\/"},{"@type":"ListItem","position":3,"name":"Astrologie, sant\u00e9 et bien-\u00eatre &#8211; H\u00e9l\u00e8ne KINAUER SALTARINI"}]},{"@type":"WebSite","@id":"https:\/\/www.verdieditions.com\/equilibre-de-vie\/#website","url":"https:\/\/www.verdieditions.com\/equilibre-de-vie\/","name":"Equilibre de Vie","description":"Ma boutique livres sant\u00e9, \u00e9sot\u00e9risme et d\u00e9veloppement personnel","publisher":{"@id":"https:\/\/www.verdieditions.com\/equilibre-de-vie\/#\/schema\/person\/9dcb2a6759f2f5fbf43ac0b44649cecb"},"potentialAction":[{"@type":"SearchAction","target":{"@type":"EntryPoint","urlTemplate":"https:\/\/www.verdieditions.com\/equilibre-de-vie\/?s={search_term_string}"},"query-input":{"@type":"PropertyValueSpecification","valueRequired":true,"valueName":"search_term_string"}}],"inLanguage":"fr-FR"},{"@type":["Person","Organization"],"@id":"https:\/\/www.verdieditions.com\/equilibre-de-vie\/#\/schema\/person\/9dcb2a6759f2f5fbf43ac0b44649cecb","name":"Sylvie VERDI","image":{"@type":"ImageObject","inLanguage":"fr-FR","@id":"https:\/\/www.verdieditions.com\/equilibre-de-vie\/wp-content\/uploads\/2020\/04\/livres-occasion-sante-esoterisme-developpement-personnel-2.jpg","url":"https:\/\/www.verdieditions.com\/equilibre-de-vie\/wp-content\/uploads\/2020\/04\/livres-occasion-sante-esoterisme-developpement-personnel-2.jpg","contentUrl":"https:\/\/www.verdieditions.com\/equilibre-de-vie\/wp-content\/uploads\/2020\/04\/livres-occasion-sante-esoterisme-developpement-personnel-2.jpg","width":800,"height":572,"caption":"Sylvie VERDI"},"logo":{"@id":"https:\/\/www.verdieditions.com\/equilibre-de-vie\/wp-content\/uploads\/2020\/04\/livres-occasion-sante-esoterisme-developpement-personnel-2.jpg"},"sameAs":["https:\/\/www.verdieditions.com\/equilibre-de-vie"]}]}},"_links":{"self":[{"href":"https:\/\/www.verdieditions.com\/equilibre-de-vie\/wp-json\/wp\/v2\/product\/1384","targetHints":{"allow":["GET"]}}],"collection":[{"href":"https:\/\/www.verdieditions.com\/equilibre-de-vie\/wp-json\/wp\/v2\/product"}],"about":[{"href":"https:\/\/www.verdieditions.com\/equilibre-de-vie\/wp-json\/wp\/v2\/types\/product"}],"wp:featuredmedia":[{"embeddable":true,"href":"https:\/\/www.verdieditions.com\/equilibre-de-vie\/wp-json\/wp\/v2\/media\/1398"}],"wp:attachment":[{"href":"https:\/\/www.verdieditions.com\/equilibre-de-vie\/wp-json\/wp\/v2\/media?parent=1384"}],"wp:term":[{"taxonomy":"product_brand","embeddable":true,"href":"https:\/\/www.verdieditions.com\/equilibre-de-vie\/wp-json\/wp\/v2\/product_brand?post=1384"},{"taxonomy":"product_cat","embeddable":true,"href":"https:\/\/www.verdieditions.com\/equilibre-de-vie\/wp-json\/wp\/v2\/product_cat?post=1384"},{"taxonomy":"product_tag","embeddable":true,"href":"https:\/\/www.verdieditions.com\/equilibre-de-vie\/wp-json\/wp\/v2\/product_tag?post=1384"}],"curies":[{"name":"wp","href":"https:\/\/api.w.org\/{rel}","templated":true}]}}