{"id":1383,"date":"2020-12-18T12:09:50","date_gmt":"2020-12-18T11:09:50","guid":{"rendered":"https:\/\/www.verdieditions.com\/equilibre-de-vie\/?post_type=product&#038;p=1383"},"modified":"2025-07-12T15:22:07","modified_gmt":"2025-07-12T13:22:07","slug":"glucides-menace-cerveau-perlmutter","status":"publish","type":"product","link":"https:\/\/www.verdieditions.com\/equilibre-de-vie\/produit\/glucides-menace-cerveau-perlmutter\/","title":{"rendered":"Ces glucides qui menacent notre cerveau &#8211; Dr David PERLMUTTER"},"content":{"rendered":"<p>Auteur : Dr David PERLMUTTER<br \/>\nTitre : Ces glucides qui menacent notre cerveau, pourquoi et comment limiter gluten, sucres et sucres rafin\u00e9s<br \/>\n\u00c9diteur : Marabout Poche, 2016<br \/>\nEtat excellent, comme neuf<br \/>\nDim. 12,5 x 18<br \/>\n472 pages<\/p>\n<p>Le best-seller ph\u00e9nom\u00e8ne qui a boulevers\u00e9 les habitudes alimentaires de centaines de milliers de personnes !<br \/>\nOui le gluten et les sucres, li\u00e9s \u00e0 de nombreuses pathologies, sont aussi un danger pour notre cerveau.<br \/>\nComment faire pour le prot\u00e9ger et pour favoriser le d\u00e9veloppement de nouveau neurones, quel que soit son \u00e2ge ?<br \/>\nL\u2019ouvrage du Dr Permutter propose :<br \/>\n\u2022 Une synth\u00e8se des \u00e9tudes scientifiques<br \/>\n\u2022 L\u2019exp\u00e9rience d\u2019un m\u00e9decin et de ses patients<br \/>\n\u2022 Un programme alimentaire de quatre semaine<br \/>\n\u2022 Des conseils et des recettes<\/p>\n","protected":false},"excerpt":{"rendered":"<p>Auteur : Dr David PERLMUTTER<br \/>\nTitre : Ces glucides qui menacent notre cerveau, pourquoi et comment limiter gluten, sucres et sucres rafin\u00e9s<br \/>\n\u00c9diteur : Marabout Poche, 2016<br \/>\nEtat excellent, comme neuf<br \/>\nDim. 12,5 x 18<br \/>\n472 pages<\/p>\n","protected":false},"featured_media":1396,"template":"","meta":[],"product_brand":[],"product_cat":[21],"product_tag":[238,56,82,136],"class_list":{"0":"post-1383","1":"product","2":"type-product","3":"status-publish","4":"has-post-thumbnail","6":"product_cat-sante","7":"product_tag-alimentation","8":"product_tag-depression","9":"product_tag-insomnie","10":"product_tag-regime","12":"first","13":"outofstock","14":"shipping-taxable","15":"product-type-simple"},"yoast_head":"<!-- This site is optimized with the Yoast SEO plugin v27.4 - https:\/\/yoast.com\/product\/yoast-seo-wordpress\/ -->\n<title>Ces glucides qui menacent notre cerveau - Dr David PERLMUTTER - Equilibre de Vie<\/title>\n<meta name=\"description\" content=\"Auteur : Dr David PERLMUTTER Titre : Ces glucides qui menacent notre cerveau \u00c9diteur : Marabout Poche, 2016 Etat excellent Dim. 12,5 x 18 472 pages\" \/>\n<meta name=\"robots\" content=\"index, follow, max-snippet:-1, max-image-preview:large, max-video-preview:-1\" \/>\n<link rel=\"canonical\" href=\"https:\/\/www.verdieditions.com\/equilibre-de-vie\/produit\/glucides-menace-cerveau-perlmutter\/\" \/>\n<meta property=\"og:locale\" content=\"fr_FR\" \/>\n<meta property=\"og:type\" content=\"article\" \/>\n<meta property=\"og:title\" content=\"Ces glucides qui menacent notre cerveau - Dr David PERLMUTTER - Equilibre de Vie\" \/>\n<meta property=\"og:description\" content=\"Auteur : Dr David PERLMUTTER Titre : Ces glucides qui menacent notre cerveau \u00c9diteur : Marabout Poche, 2016 Etat excellent Dim. 12,5 x 18 472 pages\" \/>\n<meta property=\"og:url\" content=\"https:\/\/www.verdieditions.com\/equilibre-de-vie\/produit\/glucides-menace-cerveau-perlmutter\/\" \/>\n<meta property=\"og:site_name\" content=\"Equilibre de Vie\" \/>\n<meta property=\"article:modified_time\" content=\"2025-07-12T13:22:07+00:00\" \/>\n<meta property=\"og:image\" content=\"https:\/\/www.verdieditions.com\/equilibre-de-vie\/wp-content\/uploads\/2020\/12\/glucides-menace-cerveau-perlmutter.jpg\" \/>\n\t<meta property=\"og:image:width\" content=\"565\" \/>\n\t<meta property=\"og:image:height\" content=\"800\" \/>\n\t<meta property=\"og:image:type\" content=\"image\/jpeg\" \/>\n<meta name=\"twitter:card\" content=\"summary_large_image\" \/>\n<meta name=\"twitter:label1\" content=\"Dur\u00e9e de lecture estim\u00e9e\" \/>\n\t<meta name=\"twitter:data1\" content=\"1 minute\" \/>\n<script type=\"application\/ld+json\" class=\"yoast-schema-graph\">{\"@context\":\"https:\\\/\\\/schema.org\",\"@graph\":[{\"@type\":\"WebPage\",\"@id\":\"https:\\\/\\\/www.verdieditions.com\\\/equilibre-de-vie\\\/produit\\\/glucides-menace-cerveau-perlmutter\\\/\",\"url\":\"https:\\\/\\\/www.verdieditions.com\\\/equilibre-de-vie\\\/produit\\\/glucides-menace-cerveau-perlmutter\\\/\",\"name\":\"Ces glucides qui menacent notre cerveau - Dr David PERLMUTTER - Equilibre de Vie\",\"isPartOf\":{\"@id\":\"https:\\\/\\\/www.verdieditions.com\\\/equilibre-de-vie\\\/#website\"},\"primaryImageOfPage\":{\"@id\":\"https:\\\/\\\/www.verdieditions.com\\\/equilibre-de-vie\\\/produit\\\/glucides-menace-cerveau-perlmutter\\\/#primaryimage\"},\"image\":{\"@id\":\"https:\\\/\\\/www.verdieditions.com\\\/equilibre-de-vie\\\/produit\\\/glucides-menace-cerveau-perlmutter\\\/#primaryimage\"},\"thumbnailUrl\":\"https:\\\/\\\/www.verdieditions.com\\\/equilibre-de-vie\\\/wp-content\\\/uploads\\\/2020\\\/12\\\/glucides-menace-cerveau-perlmutter.jpg\",\"datePublished\":\"2020-12-18T11:09:50+00:00\",\"dateModified\":\"2025-07-12T13:22:07+00:00\",\"description\":\"Auteur : Dr David PERLMUTTER Titre : Ces glucides qui menacent notre cerveau \u00c9diteur : Marabout Poche, 2016 Etat excellent Dim. 12,5 x 18 472 pages\",\"breadcrumb\":{\"@id\":\"https:\\\/\\\/www.verdieditions.com\\\/equilibre-de-vie\\\/produit\\\/glucides-menace-cerveau-perlmutter\\\/#breadcrumb\"},\"inLanguage\":\"fr-FR\",\"potentialAction\":[{\"@type\":\"ReadAction\",\"target\":[\"https:\\\/\\\/www.verdieditions.com\\\/equilibre-de-vie\\\/produit\\\/glucides-menace-cerveau-perlmutter\\\/\"]}]},{\"@type\":\"ImageObject\",\"inLanguage\":\"fr-FR\",\"@id\":\"https:\\\/\\\/www.verdieditions.com\\\/equilibre-de-vie\\\/produit\\\/glucides-menace-cerveau-perlmutter\\\/#primaryimage\",\"url\":\"https:\\\/\\\/www.verdieditions.com\\\/equilibre-de-vie\\\/wp-content\\\/uploads\\\/2020\\\/12\\\/glucides-menace-cerveau-perlmutter.jpg\",\"contentUrl\":\"https:\\\/\\\/www.verdieditions.com\\\/equilibre-de-vie\\\/wp-content\\\/uploads\\\/2020\\\/12\\\/glucides-menace-cerveau-perlmutter.jpg\",\"width\":565,\"height\":800,\"caption\":\"glucides-menace-cerveau-perlmutter\"},{\"@type\":\"BreadcrumbList\",\"@id\":\"https:\\\/\\\/www.verdieditions.com\\\/equilibre-de-vie\\\/produit\\\/glucides-menace-cerveau-perlmutter\\\/#breadcrumb\",\"itemListElement\":[{\"@type\":\"ListItem\",\"position\":1,\"name\":\"Accueil\",\"item\":\"https:\\\/\\\/www.verdieditions.com\\\/equilibre-de-vie\\\/\"},{\"@type\":\"ListItem\",\"position\":2,\"name\":\"La boutique\",\"item\":\"https:\\\/\\\/www.verdieditions.com\\\/equilibre-de-vie\\\/boutique\\\/\"},{\"@type\":\"ListItem\",\"position\":3,\"name\":\"Ces glucides qui menacent notre cerveau &#8211; Dr David PERLMUTTER\"}]},{\"@type\":\"WebSite\",\"@id\":\"https:\\\/\\\/www.verdieditions.com\\\/equilibre-de-vie\\\/#website\",\"url\":\"https:\\\/\\\/www.verdieditions.com\\\/equilibre-de-vie\\\/\",\"name\":\"Equilibre de Vie\",\"description\":\"Ma boutique livres sant\u00e9, \u00e9sot\u00e9risme et d\u00e9veloppement personnel\",\"publisher\":{\"@id\":\"https:\\\/\\\/www.verdieditions.com\\\/equilibre-de-vie\\\/#\\\/schema\\\/person\\\/9dcb2a6759f2f5fbf43ac0b44649cecb\"},\"potentialAction\":[{\"@type\":\"SearchAction\",\"target\":{\"@type\":\"EntryPoint\",\"urlTemplate\":\"https:\\\/\\\/www.verdieditions.com\\\/equilibre-de-vie\\\/?s={search_term_string}\"},\"query-input\":{\"@type\":\"PropertyValueSpecification\",\"valueRequired\":true,\"valueName\":\"search_term_string\"}}],\"inLanguage\":\"fr-FR\"},{\"@type\":[\"Person\",\"Organization\"],\"@id\":\"https:\\\/\\\/www.verdieditions.com\\\/equilibre-de-vie\\\/#\\\/schema\\\/person\\\/9dcb2a6759f2f5fbf43ac0b44649cecb\",\"name\":\"Sylvie VERDI\",\"image\":{\"@type\":\"ImageObject\",\"inLanguage\":\"fr-FR\",\"@id\":\"https:\\\/\\\/www.verdieditions.com\\\/equilibre-de-vie\\\/wp-content\\\/uploads\\\/2020\\\/04\\\/livres-occasion-sante-esoterisme-developpement-personnel-2.jpg\",\"url\":\"https:\\\/\\\/www.verdieditions.com\\\/equilibre-de-vie\\\/wp-content\\\/uploads\\\/2020\\\/04\\\/livres-occasion-sante-esoterisme-developpement-personnel-2.jpg\",\"contentUrl\":\"https:\\\/\\\/www.verdieditions.com\\\/equilibre-de-vie\\\/wp-content\\\/uploads\\\/2020\\\/04\\\/livres-occasion-sante-esoterisme-developpement-personnel-2.jpg\",\"width\":800,\"height\":572,\"caption\":\"Sylvie VERDI\"},\"logo\":{\"@id\":\"https:\\\/\\\/www.verdieditions.com\\\/equilibre-de-vie\\\/wp-content\\\/uploads\\\/2020\\\/04\\\/livres-occasion-sante-esoterisme-developpement-personnel-2.jpg\"},\"sameAs\":[\"https:\\\/\\\/www.verdieditions.com\\\/equilibre-de-vie\"]}]}<\/script>\n<!-- \/ Yoast SEO plugin. -->","yoast_head_json":{"title":"Ces glucides qui menacent notre cerveau - Dr David PERLMUTTER - Equilibre de Vie","description":"Auteur : Dr David PERLMUTTER Titre : Ces glucides qui menacent notre cerveau \u00c9diteur : Marabout Poche, 2016 Etat excellent Dim. 12,5 x 18 472 pages","robots":{"index":"index","follow":"follow","max-snippet":"max-snippet:-1","max-image-preview":"max-image-preview:large","max-video-preview":"max-video-preview:-1"},"canonical":"https:\/\/www.verdieditions.com\/equilibre-de-vie\/produit\/glucides-menace-cerveau-perlmutter\/","og_locale":"fr_FR","og_type":"article","og_title":"Ces glucides qui menacent notre cerveau - Dr David PERLMUTTER - Equilibre de Vie","og_description":"Auteur : Dr David PERLMUTTER Titre : Ces glucides qui menacent notre cerveau \u00c9diteur : Marabout Poche, 2016 Etat excellent Dim. 12,5 x 18 472 pages","og_url":"https:\/\/www.verdieditions.com\/equilibre-de-vie\/produit\/glucides-menace-cerveau-perlmutter\/","og_site_name":"Equilibre de Vie","article_modified_time":"2025-07-12T13:22:07+00:00","og_image":[{"width":565,"height":800,"url":"https:\/\/www.verdieditions.com\/equilibre-de-vie\/wp-content\/uploads\/2020\/12\/glucides-menace-cerveau-perlmutter.jpg","type":"image\/jpeg"}],"twitter_card":"summary_large_image","twitter_misc":{"Dur\u00e9e de lecture estim\u00e9e":"1 minute"},"schema":{"@context":"https:\/\/schema.org","@graph":[{"@type":"WebPage","@id":"https:\/\/www.verdieditions.com\/equilibre-de-vie\/produit\/glucides-menace-cerveau-perlmutter\/","url":"https:\/\/www.verdieditions.com\/equilibre-de-vie\/produit\/glucides-menace-cerveau-perlmutter\/","name":"Ces glucides qui menacent notre cerveau - Dr David PERLMUTTER - Equilibre de Vie","isPartOf":{"@id":"https:\/\/www.verdieditions.com\/equilibre-de-vie\/#website"},"primaryImageOfPage":{"@id":"https:\/\/www.verdieditions.com\/equilibre-de-vie\/produit\/glucides-menace-cerveau-perlmutter\/#primaryimage"},"image":{"@id":"https:\/\/www.verdieditions.com\/equilibre-de-vie\/produit\/glucides-menace-cerveau-perlmutter\/#primaryimage"},"thumbnailUrl":"https:\/\/www.verdieditions.com\/equilibre-de-vie\/wp-content\/uploads\/2020\/12\/glucides-menace-cerveau-perlmutter.jpg","datePublished":"2020-12-18T11:09:50+00:00","dateModified":"2025-07-12T13:22:07+00:00","description":"Auteur : Dr David PERLMUTTER Titre : Ces glucides qui menacent notre cerveau \u00c9diteur : Marabout Poche, 2016 Etat excellent Dim. 12,5 x 18 472 pages","breadcrumb":{"@id":"https:\/\/www.verdieditions.com\/equilibre-de-vie\/produit\/glucides-menace-cerveau-perlmutter\/#breadcrumb"},"inLanguage":"fr-FR","potentialAction":[{"@type":"ReadAction","target":["https:\/\/www.verdieditions.com\/equilibre-de-vie\/produit\/glucides-menace-cerveau-perlmutter\/"]}]},{"@type":"ImageObject","inLanguage":"fr-FR","@id":"https:\/\/www.verdieditions.com\/equilibre-de-vie\/produit\/glucides-menace-cerveau-perlmutter\/#primaryimage","url":"https:\/\/www.verdieditions.com\/equilibre-de-vie\/wp-content\/uploads\/2020\/12\/glucides-menace-cerveau-perlmutter.jpg","contentUrl":"https:\/\/www.verdieditions.com\/equilibre-de-vie\/wp-content\/uploads\/2020\/12\/glucides-menace-cerveau-perlmutter.jpg","width":565,"height":800,"caption":"glucides-menace-cerveau-perlmutter"},{"@type":"BreadcrumbList","@id":"https:\/\/www.verdieditions.com\/equilibre-de-vie\/produit\/glucides-menace-cerveau-perlmutter\/#breadcrumb","itemListElement":[{"@type":"ListItem","position":1,"name":"Accueil","item":"https:\/\/www.verdieditions.com\/equilibre-de-vie\/"},{"@type":"ListItem","position":2,"name":"La boutique","item":"https:\/\/www.verdieditions.com\/equilibre-de-vie\/boutique\/"},{"@type":"ListItem","position":3,"name":"Ces glucides qui menacent notre cerveau &#8211; Dr David PERLMUTTER"}]},{"@type":"WebSite","@id":"https:\/\/www.verdieditions.com\/equilibre-de-vie\/#website","url":"https:\/\/www.verdieditions.com\/equilibre-de-vie\/","name":"Equilibre de Vie","description":"Ma boutique livres sant\u00e9, \u00e9sot\u00e9risme et d\u00e9veloppement personnel","publisher":{"@id":"https:\/\/www.verdieditions.com\/equilibre-de-vie\/#\/schema\/person\/9dcb2a6759f2f5fbf43ac0b44649cecb"},"potentialAction":[{"@type":"SearchAction","target":{"@type":"EntryPoint","urlTemplate":"https:\/\/www.verdieditions.com\/equilibre-de-vie\/?s={search_term_string}"},"query-input":{"@type":"PropertyValueSpecification","valueRequired":true,"valueName":"search_term_string"}}],"inLanguage":"fr-FR"},{"@type":["Person","Organization"],"@id":"https:\/\/www.verdieditions.com\/equilibre-de-vie\/#\/schema\/person\/9dcb2a6759f2f5fbf43ac0b44649cecb","name":"Sylvie VERDI","image":{"@type":"ImageObject","inLanguage":"fr-FR","@id":"https:\/\/www.verdieditions.com\/equilibre-de-vie\/wp-content\/uploads\/2020\/04\/livres-occasion-sante-esoterisme-developpement-personnel-2.jpg","url":"https:\/\/www.verdieditions.com\/equilibre-de-vie\/wp-content\/uploads\/2020\/04\/livres-occasion-sante-esoterisme-developpement-personnel-2.jpg","contentUrl":"https:\/\/www.verdieditions.com\/equilibre-de-vie\/wp-content\/uploads\/2020\/04\/livres-occasion-sante-esoterisme-developpement-personnel-2.jpg","width":800,"height":572,"caption":"Sylvie VERDI"},"logo":{"@id":"https:\/\/www.verdieditions.com\/equilibre-de-vie\/wp-content\/uploads\/2020\/04\/livres-occasion-sante-esoterisme-developpement-personnel-2.jpg"},"sameAs":["https:\/\/www.verdieditions.com\/equilibre-de-vie"]}]}},"_links":{"self":[{"href":"https:\/\/www.verdieditions.com\/equilibre-de-vie\/wp-json\/wp\/v2\/product\/1383","targetHints":{"allow":["GET"]}}],"collection":[{"href":"https:\/\/www.verdieditions.com\/equilibre-de-vie\/wp-json\/wp\/v2\/product"}],"about":[{"href":"https:\/\/www.verdieditions.com\/equilibre-de-vie\/wp-json\/wp\/v2\/types\/product"}],"wp:featuredmedia":[{"embeddable":true,"href":"https:\/\/www.verdieditions.com\/equilibre-de-vie\/wp-json\/wp\/v2\/media\/1396"}],"wp:attachment":[{"href":"https:\/\/www.verdieditions.com\/equilibre-de-vie\/wp-json\/wp\/v2\/media?parent=1383"}],"wp:term":[{"taxonomy":"product_brand","embeddable":true,"href":"https:\/\/www.verdieditions.com\/equilibre-de-vie\/wp-json\/wp\/v2\/product_brand?post=1383"},{"taxonomy":"product_cat","embeddable":true,"href":"https:\/\/www.verdieditions.com\/equilibre-de-vie\/wp-json\/wp\/v2\/product_cat?post=1383"},{"taxonomy":"product_tag","embeddable":true,"href":"https:\/\/www.verdieditions.com\/equilibre-de-vie\/wp-json\/wp\/v2\/product_tag?post=1383"}],"curies":[{"name":"wp","href":"https:\/\/api.w.org\/{rel}","templated":true}]}}