{"id":1381,"date":"2020-12-18T12:05:39","date_gmt":"2020-12-18T11:05:39","guid":{"rendered":"https:\/\/www.verdieditions.com\/equilibre-de-vie\/?post_type=product&#038;p=1381"},"modified":"2023-09-05T12:05:09","modified_gmt":"2023-09-05T10:05:09","slug":"energie-guerit-romain-camus","status":"publish","type":"product","link":"https:\/\/www.verdieditions.com\/equilibre-de-vie\/produit\/energie-guerit-romain-camus\/","title":{"rendered":"Cette \u00e9nergie qui gu\u00e9rit &#8211; Romain CAMUS"},"content":{"rendered":"<p>Auteur : Romain CAMUS<br \/>\nTitre : Cette \u00e9nergie qui gu\u00e9rit, itin\u00e9raire d&rsquo;un gu\u00e9risseur des temps modernes<br \/>\n\u00c9diteur : First, 2019<br \/>\nEtat comme neuf<br \/>\nDim. 14 x 21<br \/>\n255 pages<\/p>\n<p>Romain Camus est un th\u00e9rapeute hors du commun. Energ\u00e9ticien, il travaille sur le flux vital qui circule en chaque \u00eatre vivant et parvient, avec des r\u00e9sultats exceptionnels, \u00e0 apaiser les \u00eatres en souffrance qui le sollicitent. Dans cet ouvrage, il revient sur son histoire, sur la d\u00e9couverte de sa capacit\u00e9 \u00e0 capter l&rsquo;\u00e9nergie, la fa\u00e7on dont il a d\u00e9velopp\u00e9 sa pratique et s&rsquo;est form\u00e9 pour venir en aide aux autres.<br \/>\nIl confie avec bienveillance les \u00e9tapes de son cheminement, guid\u00e9 par ses intuitions et les enseignements des m\u00e9decines traditionnelles chinoise et indienne. Ce livre s&rsquo;adresse \u00e0 toutes celles et ceux qui s&rsquo;int\u00e9ressent aux nouvelles pratiques th\u00e9rapeutiques, mais aussi aux personnes qui pensent avoir un don sans savoir comment l&rsquo;apprivoiser.<\/p>\n","protected":false},"excerpt":{"rendered":"<p>Auteur : Romain CAMUS<br \/>\nTitre : Cette \u00e9nergie qui gu\u00e9rit, itin\u00e9raire d&rsquo;un gu\u00e9risseur des temps modernes<br \/>\n\u00c9diteur : First, 2019<br \/>\nEtat comme neuf<br \/>\nDim. 14 x 21<br \/>\n255 pages<\/p>\n","protected":false},"featured_media":1389,"template":"","meta":[],"product_brand":[],"product_cat":[21],"product_tag":[73,74,75,164],"class_list":{"0":"post-1381","1":"product","2":"type-product","3":"status-publish","4":"has-post-thumbnail","6":"product_cat-sante","7":"product_tag-guerir","8":"product_tag-guerison","9":"product_tag-guerisseur","10":"product_tag-therapeute","12":"first","13":"outofstock","14":"shipping-taxable","15":"product-type-simple"},"yoast_head":"<!-- This site is optimized with the Yoast SEO plugin v27.4 - https:\/\/yoast.com\/product\/yoast-seo-wordpress\/ -->\n<title>Cette \u00e9nergie qui gu\u00e9rit - Romain CAMUS - Equilibre de Vie<\/title>\n<meta name=\"description\" content=\"Auteur : Romain CAMUS Titre : Cette \u00e9nergie qui gu\u00e9rit, gu\u00e9risseur des temps modernes \u00c9diteur : First, 2019 Etat neuf Dim. 14 x 21 255 pages\" \/>\n<meta name=\"robots\" content=\"index, follow, max-snippet:-1, max-image-preview:large, max-video-preview:-1\" \/>\n<link rel=\"canonical\" href=\"https:\/\/www.verdieditions.com\/equilibre-de-vie\/produit\/energie-guerit-romain-camus\/\" \/>\n<meta property=\"og:locale\" content=\"fr_FR\" \/>\n<meta property=\"og:type\" content=\"article\" \/>\n<meta property=\"og:title\" content=\"Cette \u00e9nergie qui gu\u00e9rit - Romain CAMUS - Equilibre de Vie\" \/>\n<meta property=\"og:description\" content=\"Auteur : Romain CAMUS Titre : Cette \u00e9nergie qui gu\u00e9rit, gu\u00e9risseur des temps modernes \u00c9diteur : First, 2019 Etat neuf Dim. 14 x 21 255 pages\" \/>\n<meta property=\"og:url\" content=\"https:\/\/www.verdieditions.com\/equilibre-de-vie\/produit\/energie-guerit-romain-camus\/\" \/>\n<meta property=\"og:site_name\" content=\"Equilibre de Vie\" \/>\n<meta property=\"article:modified_time\" content=\"2023-09-05T10:05:09+00:00\" \/>\n<meta property=\"og:image\" content=\"https:\/\/www.verdieditions.com\/equilibre-de-vie\/wp-content\/uploads\/2020\/12\/energie-guerirt-romain-camus-1.jpg\" \/>\n\t<meta property=\"og:image:width\" content=\"549\" \/>\n\t<meta property=\"og:image:height\" content=\"800\" \/>\n\t<meta property=\"og:image:type\" content=\"image\/jpeg\" \/>\n<meta name=\"twitter:card\" content=\"summary_large_image\" \/>\n<meta name=\"twitter:label1\" content=\"Dur\u00e9e de lecture estim\u00e9e\" \/>\n\t<meta name=\"twitter:data1\" content=\"1 minute\" \/>\n<script type=\"application\/ld+json\" class=\"yoast-schema-graph\">{\"@context\":\"https:\\\/\\\/schema.org\",\"@graph\":[{\"@type\":\"WebPage\",\"@id\":\"https:\\\/\\\/www.verdieditions.com\\\/equilibre-de-vie\\\/produit\\\/energie-guerit-romain-camus\\\/\",\"url\":\"https:\\\/\\\/www.verdieditions.com\\\/equilibre-de-vie\\\/produit\\\/energie-guerit-romain-camus\\\/\",\"name\":\"Cette \u00e9nergie qui gu\u00e9rit - Romain CAMUS - Equilibre de Vie\",\"isPartOf\":{\"@id\":\"https:\\\/\\\/www.verdieditions.com\\\/equilibre-de-vie\\\/#website\"},\"primaryImageOfPage\":{\"@id\":\"https:\\\/\\\/www.verdieditions.com\\\/equilibre-de-vie\\\/produit\\\/energie-guerit-romain-camus\\\/#primaryimage\"},\"image\":{\"@id\":\"https:\\\/\\\/www.verdieditions.com\\\/equilibre-de-vie\\\/produit\\\/energie-guerit-romain-camus\\\/#primaryimage\"},\"thumbnailUrl\":\"https:\\\/\\\/www.verdieditions.com\\\/equilibre-de-vie\\\/wp-content\\\/uploads\\\/2020\\\/12\\\/energie-guerirt-romain-camus-1.jpg\",\"datePublished\":\"2020-12-18T11:05:39+00:00\",\"dateModified\":\"2023-09-05T10:05:09+00:00\",\"description\":\"Auteur : Romain CAMUS Titre : Cette \u00e9nergie qui gu\u00e9rit, gu\u00e9risseur des temps modernes \u00c9diteur : First, 2019 Etat neuf Dim. 14 x 21 255 pages\",\"breadcrumb\":{\"@id\":\"https:\\\/\\\/www.verdieditions.com\\\/equilibre-de-vie\\\/produit\\\/energie-guerit-romain-camus\\\/#breadcrumb\"},\"inLanguage\":\"fr-FR\",\"potentialAction\":[{\"@type\":\"ReadAction\",\"target\":[\"https:\\\/\\\/www.verdieditions.com\\\/equilibre-de-vie\\\/produit\\\/energie-guerit-romain-camus\\\/\"]}]},{\"@type\":\"ImageObject\",\"inLanguage\":\"fr-FR\",\"@id\":\"https:\\\/\\\/www.verdieditions.com\\\/equilibre-de-vie\\\/produit\\\/energie-guerit-romain-camus\\\/#primaryimage\",\"url\":\"https:\\\/\\\/www.verdieditions.com\\\/equilibre-de-vie\\\/wp-content\\\/uploads\\\/2020\\\/12\\\/energie-guerirt-romain-camus-1.jpg\",\"contentUrl\":\"https:\\\/\\\/www.verdieditions.com\\\/equilibre-de-vie\\\/wp-content\\\/uploads\\\/2020\\\/12\\\/energie-guerirt-romain-camus-1.jpg\",\"width\":549,\"height\":800,\"caption\":\"energie-guerirt-romain-camus-1\"},{\"@type\":\"BreadcrumbList\",\"@id\":\"https:\\\/\\\/www.verdieditions.com\\\/equilibre-de-vie\\\/produit\\\/energie-guerit-romain-camus\\\/#breadcrumb\",\"itemListElement\":[{\"@type\":\"ListItem\",\"position\":1,\"name\":\"Accueil\",\"item\":\"https:\\\/\\\/www.verdieditions.com\\\/equilibre-de-vie\\\/\"},{\"@type\":\"ListItem\",\"position\":2,\"name\":\"La boutique\",\"item\":\"https:\\\/\\\/www.verdieditions.com\\\/equilibre-de-vie\\\/boutique\\\/\"},{\"@type\":\"ListItem\",\"position\":3,\"name\":\"Cette \u00e9nergie qui gu\u00e9rit &#8211; Romain CAMUS\"}]},{\"@type\":\"WebSite\",\"@id\":\"https:\\\/\\\/www.verdieditions.com\\\/equilibre-de-vie\\\/#website\",\"url\":\"https:\\\/\\\/www.verdieditions.com\\\/equilibre-de-vie\\\/\",\"name\":\"Equilibre de Vie\",\"description\":\"Ma boutique livres sant\u00e9, \u00e9sot\u00e9risme et d\u00e9veloppement personnel\",\"publisher\":{\"@id\":\"https:\\\/\\\/www.verdieditions.com\\\/equilibre-de-vie\\\/#\\\/schema\\\/person\\\/9dcb2a6759f2f5fbf43ac0b44649cecb\"},\"potentialAction\":[{\"@type\":\"SearchAction\",\"target\":{\"@type\":\"EntryPoint\",\"urlTemplate\":\"https:\\\/\\\/www.verdieditions.com\\\/equilibre-de-vie\\\/?s={search_term_string}\"},\"query-input\":{\"@type\":\"PropertyValueSpecification\",\"valueRequired\":true,\"valueName\":\"search_term_string\"}}],\"inLanguage\":\"fr-FR\"},{\"@type\":[\"Person\",\"Organization\"],\"@id\":\"https:\\\/\\\/www.verdieditions.com\\\/equilibre-de-vie\\\/#\\\/schema\\\/person\\\/9dcb2a6759f2f5fbf43ac0b44649cecb\",\"name\":\"Sylvie VERDI\",\"image\":{\"@type\":\"ImageObject\",\"inLanguage\":\"fr-FR\",\"@id\":\"https:\\\/\\\/www.verdieditions.com\\\/equilibre-de-vie\\\/wp-content\\\/uploads\\\/2020\\\/04\\\/livres-occasion-sante-esoterisme-developpement-personnel-2.jpg\",\"url\":\"https:\\\/\\\/www.verdieditions.com\\\/equilibre-de-vie\\\/wp-content\\\/uploads\\\/2020\\\/04\\\/livres-occasion-sante-esoterisme-developpement-personnel-2.jpg\",\"contentUrl\":\"https:\\\/\\\/www.verdieditions.com\\\/equilibre-de-vie\\\/wp-content\\\/uploads\\\/2020\\\/04\\\/livres-occasion-sante-esoterisme-developpement-personnel-2.jpg\",\"width\":800,\"height\":572,\"caption\":\"Sylvie VERDI\"},\"logo\":{\"@id\":\"https:\\\/\\\/www.verdieditions.com\\\/equilibre-de-vie\\\/wp-content\\\/uploads\\\/2020\\\/04\\\/livres-occasion-sante-esoterisme-developpement-personnel-2.jpg\"},\"sameAs\":[\"https:\\\/\\\/www.verdieditions.com\\\/equilibre-de-vie\"]}]}<\/script>\n<!-- \/ Yoast SEO plugin. -->","yoast_head_json":{"title":"Cette \u00e9nergie qui gu\u00e9rit - Romain CAMUS - Equilibre de Vie","description":"Auteur : Romain CAMUS Titre : Cette \u00e9nergie qui gu\u00e9rit, gu\u00e9risseur des temps modernes \u00c9diteur : First, 2019 Etat neuf Dim. 14 x 21 255 pages","robots":{"index":"index","follow":"follow","max-snippet":"max-snippet:-1","max-image-preview":"max-image-preview:large","max-video-preview":"max-video-preview:-1"},"canonical":"https:\/\/www.verdieditions.com\/equilibre-de-vie\/produit\/energie-guerit-romain-camus\/","og_locale":"fr_FR","og_type":"article","og_title":"Cette \u00e9nergie qui gu\u00e9rit - Romain CAMUS - Equilibre de Vie","og_description":"Auteur : Romain CAMUS Titre : Cette \u00e9nergie qui gu\u00e9rit, gu\u00e9risseur des temps modernes \u00c9diteur : First, 2019 Etat neuf Dim. 14 x 21 255 pages","og_url":"https:\/\/www.verdieditions.com\/equilibre-de-vie\/produit\/energie-guerit-romain-camus\/","og_site_name":"Equilibre de Vie","article_modified_time":"2023-09-05T10:05:09+00:00","og_image":[{"width":549,"height":800,"url":"https:\/\/www.verdieditions.com\/equilibre-de-vie\/wp-content\/uploads\/2020\/12\/energie-guerirt-romain-camus-1.jpg","type":"image\/jpeg"}],"twitter_card":"summary_large_image","twitter_misc":{"Dur\u00e9e de lecture estim\u00e9e":"1 minute"},"schema":{"@context":"https:\/\/schema.org","@graph":[{"@type":"WebPage","@id":"https:\/\/www.verdieditions.com\/equilibre-de-vie\/produit\/energie-guerit-romain-camus\/","url":"https:\/\/www.verdieditions.com\/equilibre-de-vie\/produit\/energie-guerit-romain-camus\/","name":"Cette \u00e9nergie qui gu\u00e9rit - Romain CAMUS - Equilibre de Vie","isPartOf":{"@id":"https:\/\/www.verdieditions.com\/equilibre-de-vie\/#website"},"primaryImageOfPage":{"@id":"https:\/\/www.verdieditions.com\/equilibre-de-vie\/produit\/energie-guerit-romain-camus\/#primaryimage"},"image":{"@id":"https:\/\/www.verdieditions.com\/equilibre-de-vie\/produit\/energie-guerit-romain-camus\/#primaryimage"},"thumbnailUrl":"https:\/\/www.verdieditions.com\/equilibre-de-vie\/wp-content\/uploads\/2020\/12\/energie-guerirt-romain-camus-1.jpg","datePublished":"2020-12-18T11:05:39+00:00","dateModified":"2023-09-05T10:05:09+00:00","description":"Auteur : Romain CAMUS Titre : Cette \u00e9nergie qui gu\u00e9rit, gu\u00e9risseur des temps modernes \u00c9diteur : First, 2019 Etat neuf Dim. 14 x 21 255 pages","breadcrumb":{"@id":"https:\/\/www.verdieditions.com\/equilibre-de-vie\/produit\/energie-guerit-romain-camus\/#breadcrumb"},"inLanguage":"fr-FR","potentialAction":[{"@type":"ReadAction","target":["https:\/\/www.verdieditions.com\/equilibre-de-vie\/produit\/energie-guerit-romain-camus\/"]}]},{"@type":"ImageObject","inLanguage":"fr-FR","@id":"https:\/\/www.verdieditions.com\/equilibre-de-vie\/produit\/energie-guerit-romain-camus\/#primaryimage","url":"https:\/\/www.verdieditions.com\/equilibre-de-vie\/wp-content\/uploads\/2020\/12\/energie-guerirt-romain-camus-1.jpg","contentUrl":"https:\/\/www.verdieditions.com\/equilibre-de-vie\/wp-content\/uploads\/2020\/12\/energie-guerirt-romain-camus-1.jpg","width":549,"height":800,"caption":"energie-guerirt-romain-camus-1"},{"@type":"BreadcrumbList","@id":"https:\/\/www.verdieditions.com\/equilibre-de-vie\/produit\/energie-guerit-romain-camus\/#breadcrumb","itemListElement":[{"@type":"ListItem","position":1,"name":"Accueil","item":"https:\/\/www.verdieditions.com\/equilibre-de-vie\/"},{"@type":"ListItem","position":2,"name":"La boutique","item":"https:\/\/www.verdieditions.com\/equilibre-de-vie\/boutique\/"},{"@type":"ListItem","position":3,"name":"Cette \u00e9nergie qui gu\u00e9rit &#8211; Romain CAMUS"}]},{"@type":"WebSite","@id":"https:\/\/www.verdieditions.com\/equilibre-de-vie\/#website","url":"https:\/\/www.verdieditions.com\/equilibre-de-vie\/","name":"Equilibre de Vie","description":"Ma boutique livres sant\u00e9, \u00e9sot\u00e9risme et d\u00e9veloppement personnel","publisher":{"@id":"https:\/\/www.verdieditions.com\/equilibre-de-vie\/#\/schema\/person\/9dcb2a6759f2f5fbf43ac0b44649cecb"},"potentialAction":[{"@type":"SearchAction","target":{"@type":"EntryPoint","urlTemplate":"https:\/\/www.verdieditions.com\/equilibre-de-vie\/?s={search_term_string}"},"query-input":{"@type":"PropertyValueSpecification","valueRequired":true,"valueName":"search_term_string"}}],"inLanguage":"fr-FR"},{"@type":["Person","Organization"],"@id":"https:\/\/www.verdieditions.com\/equilibre-de-vie\/#\/schema\/person\/9dcb2a6759f2f5fbf43ac0b44649cecb","name":"Sylvie VERDI","image":{"@type":"ImageObject","inLanguage":"fr-FR","@id":"https:\/\/www.verdieditions.com\/equilibre-de-vie\/wp-content\/uploads\/2020\/04\/livres-occasion-sante-esoterisme-developpement-personnel-2.jpg","url":"https:\/\/www.verdieditions.com\/equilibre-de-vie\/wp-content\/uploads\/2020\/04\/livres-occasion-sante-esoterisme-developpement-personnel-2.jpg","contentUrl":"https:\/\/www.verdieditions.com\/equilibre-de-vie\/wp-content\/uploads\/2020\/04\/livres-occasion-sante-esoterisme-developpement-personnel-2.jpg","width":800,"height":572,"caption":"Sylvie VERDI"},"logo":{"@id":"https:\/\/www.verdieditions.com\/equilibre-de-vie\/wp-content\/uploads\/2020\/04\/livres-occasion-sante-esoterisme-developpement-personnel-2.jpg"},"sameAs":["https:\/\/www.verdieditions.com\/equilibre-de-vie"]}]}},"_links":{"self":[{"href":"https:\/\/www.verdieditions.com\/equilibre-de-vie\/wp-json\/wp\/v2\/product\/1381","targetHints":{"allow":["GET"]}}],"collection":[{"href":"https:\/\/www.verdieditions.com\/equilibre-de-vie\/wp-json\/wp\/v2\/product"}],"about":[{"href":"https:\/\/www.verdieditions.com\/equilibre-de-vie\/wp-json\/wp\/v2\/types\/product"}],"wp:featuredmedia":[{"embeddable":true,"href":"https:\/\/www.verdieditions.com\/equilibre-de-vie\/wp-json\/wp\/v2\/media\/1389"}],"wp:attachment":[{"href":"https:\/\/www.verdieditions.com\/equilibre-de-vie\/wp-json\/wp\/v2\/media?parent=1381"}],"wp:term":[{"taxonomy":"product_brand","embeddable":true,"href":"https:\/\/www.verdieditions.com\/equilibre-de-vie\/wp-json\/wp\/v2\/product_brand?post=1381"},{"taxonomy":"product_cat","embeddable":true,"href":"https:\/\/www.verdieditions.com\/equilibre-de-vie\/wp-json\/wp\/v2\/product_cat?post=1381"},{"taxonomy":"product_tag","embeddable":true,"href":"https:\/\/www.verdieditions.com\/equilibre-de-vie\/wp-json\/wp\/v2\/product_tag?post=1381"}],"curies":[{"name":"wp","href":"https:\/\/api.w.org\/{rel}","templated":true}]}}