{"id":134,"date":"2020-04-22T14:36:09","date_gmt":"2020-04-22T12:36:09","guid":{"rendered":"https:\/\/www.verdieditions.com\/equilibre-de-vie\/?post_type=product&#038;p=134"},"modified":"2024-02-06T11:21:46","modified_gmt":"2024-02-06T10:21:46","slug":"destinees-amoureuse-astrologie-armandy","status":"publish","type":"product","link":"https:\/\/www.verdieditions.com\/equilibre-de-vie\/produit\/destinees-amoureuse-astrologie-armandy\/","title":{"rendered":"Destin\u00e9es amoureuses en astrologie &#8211; Val\u00e9rie D&rsquo;ARMANDY"},"content":{"rendered":"<p>Auteur : Val\u00e9rie D&rsquo;ARMANDY<br \/>\nTitre : Destin\u00e9es amoureuses en astrologie<br \/>\n\u00c9diteur : Fernad lanore, fran\u00e7ois Sorlot \u00e9diteur, 2001<br \/>\n\u00c9tat neuf<br \/>\nDim. 13,5 x 21,5<br \/>\n285 pages<\/p>\n<p>L&rsquo;astrologie s&rsquo;int\u00e9resse ici au champ relationnel. Amoureux, amical ou professionnel, notre d\u00e9veloppement personnel est intimement li\u00e9 aux astres. La comparaison de ciels natals permet d&rsquo;analyser le sentiment qu&rsquo;une personne \u00e9prouve pour une autre. Alors le profil de notre partenaire ou notre sch\u00e9ma amoureux devient plus clair. Sommes-nous plut\u00f4t enclin \u00e0 stabiliser notre vie affective, \u00e0 d\u00e9velopper une passion mutuelle, \u00e0 chavirer pour un coup de foudre ou \u00e0 basculer dans l&rsquo;infid\u00e9lit\u00e9 ? Question aux multiples facettes \u00e0 laquelle l&rsquo;astrologie amoureuse apporte des r\u00e9ponses par l&rsquo;\u00e9tude des courants qui d\u00e9structurent notre mode affectif et dessinent de nouveaux horizons amoureux. De la complicit\u00e9 \u00e0 l&rsquo;amour, Destin\u00e9es amoureuses plonge au c\u0153ur de notre vie affective et nous guide \u00e0 travers les variations \u00e9nigmatiques du sentiment.<\/p>\n","protected":false},"excerpt":{"rendered":"<p>Auteur : Val\u00e9rie D&rsquo;ARMANDY<br \/>\nTitre : Destin\u00e9es amoureuses en astrologie<br \/>\n\u00c9diteur : Fernad lanore, fran\u00e7ois Sorlot \u00e9diteur, 2001<br \/>\n\u00c9tat neuf<br \/>\nDim. 13,5 x 21,5<br \/>\n285 pages<\/p>\n","protected":false},"featured_media":135,"template":"","meta":[],"product_brand":[],"product_cat":[23],"product_tag":[30,34,139,180],"class_list":{"0":"post-134","1":"product","2":"type-product","3":"status-publish","4":"has-post-thumbnail","6":"product_cat-esoterisme","7":"product_tag-amour","8":"product_tag-astrologie","9":"product_tag-relations-humaines","10":"product_tag-zodiaque","12":"first","13":"instock","14":"shipping-taxable","15":"product-type-simple"},"yoast_head":"<!-- This site is optimized with the Yoast SEO plugin v27.4 - https:\/\/yoast.com\/product\/yoast-seo-wordpress\/ -->\n<title>Destin\u00e9es amoureuses en astrologie - Val\u00e9rie D&#039;ARMANDY - Equilibre de Vie<\/title>\n<meta name=\"description\" content=\"Auteur : Val\u00e9rie D\u2019ARMANDY Titre : Destin\u00e9es amoureuses en astrologie \u00c9diteur : Fernad lanore, fran\u00e7ois Sorlot \u00e9diteur, 2001 \u00c9tat neuf Dim. 13,5 x 21,5 285 pages\" \/>\n<meta name=\"robots\" content=\"index, follow, max-snippet:-1, max-image-preview:large, max-video-preview:-1\" \/>\n<link rel=\"canonical\" href=\"https:\/\/www.verdieditions.com\/equilibre-de-vie\/produit\/destinees-amoureuse-astrologie-armandy\/\" \/>\n<meta property=\"og:locale\" content=\"fr_FR\" \/>\n<meta property=\"og:type\" content=\"article\" \/>\n<meta property=\"og:title\" content=\"Destin\u00e9es amoureuses en astrologie - Val\u00e9rie D&#039;ARMANDY - Equilibre de Vie\" \/>\n<meta property=\"og:description\" content=\"Auteur : Val\u00e9rie D\u2019ARMANDY Titre : Destin\u00e9es amoureuses en astrologie \u00c9diteur : Fernad lanore, fran\u00e7ois Sorlot \u00e9diteur, 2001 \u00c9tat neuf Dim. 13,5 x 21,5 285 pages\" \/>\n<meta property=\"og:url\" content=\"https:\/\/www.verdieditions.com\/equilibre-de-vie\/produit\/destinees-amoureuse-astrologie-armandy\/\" \/>\n<meta property=\"og:site_name\" content=\"Equilibre de Vie\" \/>\n<meta property=\"article:modified_time\" content=\"2024-02-06T10:21:46+00:00\" \/>\n<meta property=\"og:image\" content=\"https:\/\/www.verdieditions.com\/equilibre-de-vie\/wp-content\/uploads\/2020\/04\/destinees-amoureuses-astrologie-armandy.jpg\" \/>\n\t<meta property=\"og:image:width\" content=\"735\" \/>\n\t<meta property=\"og:image:height\" content=\"1148\" \/>\n\t<meta property=\"og:image:type\" content=\"image\/jpeg\" \/>\n<meta name=\"twitter:card\" content=\"summary_large_image\" \/>\n<meta name=\"twitter:label1\" content=\"Dur\u00e9e de lecture estim\u00e9e\" \/>\n\t<meta name=\"twitter:data1\" content=\"1 minute\" \/>\n<script type=\"application\/ld+json\" class=\"yoast-schema-graph\">{\"@context\":\"https:\\\/\\\/schema.org\",\"@graph\":[{\"@type\":\"WebPage\",\"@id\":\"https:\\\/\\\/www.verdieditions.com\\\/equilibre-de-vie\\\/produit\\\/destinees-amoureuse-astrologie-armandy\\\/\",\"url\":\"https:\\\/\\\/www.verdieditions.com\\\/equilibre-de-vie\\\/produit\\\/destinees-amoureuse-astrologie-armandy\\\/\",\"name\":\"Destin\u00e9es amoureuses en astrologie - Val\u00e9rie D'ARMANDY - Equilibre de Vie\",\"isPartOf\":{\"@id\":\"https:\\\/\\\/www.verdieditions.com\\\/equilibre-de-vie\\\/#website\"},\"primaryImageOfPage\":{\"@id\":\"https:\\\/\\\/www.verdieditions.com\\\/equilibre-de-vie\\\/produit\\\/destinees-amoureuse-astrologie-armandy\\\/#primaryimage\"},\"image\":{\"@id\":\"https:\\\/\\\/www.verdieditions.com\\\/equilibre-de-vie\\\/produit\\\/destinees-amoureuse-astrologie-armandy\\\/#primaryimage\"},\"thumbnailUrl\":\"https:\\\/\\\/www.verdieditions.com\\\/equilibre-de-vie\\\/wp-content\\\/uploads\\\/2020\\\/04\\\/destinees-amoureuses-astrologie-armandy.jpg\",\"datePublished\":\"2020-04-22T12:36:09+00:00\",\"dateModified\":\"2024-02-06T10:21:46+00:00\",\"description\":\"Auteur : Val\u00e9rie D\u2019ARMANDY Titre : Destin\u00e9es amoureuses en astrologie \u00c9diteur : Fernad lanore, fran\u00e7ois Sorlot \u00e9diteur, 2001 \u00c9tat neuf Dim. 13,5 x 21,5 285 pages\",\"breadcrumb\":{\"@id\":\"https:\\\/\\\/www.verdieditions.com\\\/equilibre-de-vie\\\/produit\\\/destinees-amoureuse-astrologie-armandy\\\/#breadcrumb\"},\"inLanguage\":\"fr-FR\",\"potentialAction\":[{\"@type\":\"ReadAction\",\"target\":[\"https:\\\/\\\/www.verdieditions.com\\\/equilibre-de-vie\\\/produit\\\/destinees-amoureuse-astrologie-armandy\\\/\"]}]},{\"@type\":\"ImageObject\",\"inLanguage\":\"fr-FR\",\"@id\":\"https:\\\/\\\/www.verdieditions.com\\\/equilibre-de-vie\\\/produit\\\/destinees-amoureuse-astrologie-armandy\\\/#primaryimage\",\"url\":\"https:\\\/\\\/www.verdieditions.com\\\/equilibre-de-vie\\\/wp-content\\\/uploads\\\/2020\\\/04\\\/destinees-amoureuses-astrologie-armandy.jpg\",\"contentUrl\":\"https:\\\/\\\/www.verdieditions.com\\\/equilibre-de-vie\\\/wp-content\\\/uploads\\\/2020\\\/04\\\/destinees-amoureuses-astrologie-armandy.jpg\",\"width\":735,\"height\":1148,\"caption\":\"destinees-amoureuses-astrologie-armandy\"},{\"@type\":\"BreadcrumbList\",\"@id\":\"https:\\\/\\\/www.verdieditions.com\\\/equilibre-de-vie\\\/produit\\\/destinees-amoureuse-astrologie-armandy\\\/#breadcrumb\",\"itemListElement\":[{\"@type\":\"ListItem\",\"position\":1,\"name\":\"Accueil\",\"item\":\"https:\\\/\\\/www.verdieditions.com\\\/equilibre-de-vie\\\/\"},{\"@type\":\"ListItem\",\"position\":2,\"name\":\"La boutique\",\"item\":\"https:\\\/\\\/www.verdieditions.com\\\/equilibre-de-vie\\\/boutique\\\/\"},{\"@type\":\"ListItem\",\"position\":3,\"name\":\"Destin\u00e9es amoureuses en astrologie &#8211; Val\u00e9rie D&#8217;ARMANDY\"}]},{\"@type\":\"WebSite\",\"@id\":\"https:\\\/\\\/www.verdieditions.com\\\/equilibre-de-vie\\\/#website\",\"url\":\"https:\\\/\\\/www.verdieditions.com\\\/equilibre-de-vie\\\/\",\"name\":\"Equilibre de Vie\",\"description\":\"Ma boutique livres sant\u00e9, \u00e9sot\u00e9risme et d\u00e9veloppement personnel\",\"publisher\":{\"@id\":\"https:\\\/\\\/www.verdieditions.com\\\/equilibre-de-vie\\\/#\\\/schema\\\/person\\\/9dcb2a6759f2f5fbf43ac0b44649cecb\"},\"potentialAction\":[{\"@type\":\"SearchAction\",\"target\":{\"@type\":\"EntryPoint\",\"urlTemplate\":\"https:\\\/\\\/www.verdieditions.com\\\/equilibre-de-vie\\\/?s={search_term_string}\"},\"query-input\":{\"@type\":\"PropertyValueSpecification\",\"valueRequired\":true,\"valueName\":\"search_term_string\"}}],\"inLanguage\":\"fr-FR\"},{\"@type\":[\"Person\",\"Organization\"],\"@id\":\"https:\\\/\\\/www.verdieditions.com\\\/equilibre-de-vie\\\/#\\\/schema\\\/person\\\/9dcb2a6759f2f5fbf43ac0b44649cecb\",\"name\":\"Sylvie VERDI\",\"image\":{\"@type\":\"ImageObject\",\"inLanguage\":\"fr-FR\",\"@id\":\"https:\\\/\\\/www.verdieditions.com\\\/equilibre-de-vie\\\/wp-content\\\/uploads\\\/2020\\\/04\\\/livres-occasion-sante-esoterisme-developpement-personnel-2.jpg\",\"url\":\"https:\\\/\\\/www.verdieditions.com\\\/equilibre-de-vie\\\/wp-content\\\/uploads\\\/2020\\\/04\\\/livres-occasion-sante-esoterisme-developpement-personnel-2.jpg\",\"contentUrl\":\"https:\\\/\\\/www.verdieditions.com\\\/equilibre-de-vie\\\/wp-content\\\/uploads\\\/2020\\\/04\\\/livres-occasion-sante-esoterisme-developpement-personnel-2.jpg\",\"width\":800,\"height\":572,\"caption\":\"Sylvie VERDI\"},\"logo\":{\"@id\":\"https:\\\/\\\/www.verdieditions.com\\\/equilibre-de-vie\\\/wp-content\\\/uploads\\\/2020\\\/04\\\/livres-occasion-sante-esoterisme-developpement-personnel-2.jpg\"},\"sameAs\":[\"https:\\\/\\\/www.verdieditions.com\\\/equilibre-de-vie\"]}]}<\/script>\n<!-- \/ Yoast SEO plugin. -->","yoast_head_json":{"title":"Destin\u00e9es amoureuses en astrologie - Val\u00e9rie D'ARMANDY - Equilibre de Vie","description":"Auteur : Val\u00e9rie D\u2019ARMANDY Titre : Destin\u00e9es amoureuses en astrologie \u00c9diteur : Fernad lanore, fran\u00e7ois Sorlot \u00e9diteur, 2001 \u00c9tat neuf Dim. 13,5 x 21,5 285 pages","robots":{"index":"index","follow":"follow","max-snippet":"max-snippet:-1","max-image-preview":"max-image-preview:large","max-video-preview":"max-video-preview:-1"},"canonical":"https:\/\/www.verdieditions.com\/equilibre-de-vie\/produit\/destinees-amoureuse-astrologie-armandy\/","og_locale":"fr_FR","og_type":"article","og_title":"Destin\u00e9es amoureuses en astrologie - Val\u00e9rie D'ARMANDY - Equilibre de Vie","og_description":"Auteur : Val\u00e9rie D\u2019ARMANDY Titre : Destin\u00e9es amoureuses en astrologie \u00c9diteur : Fernad lanore, fran\u00e7ois Sorlot \u00e9diteur, 2001 \u00c9tat neuf Dim. 13,5 x 21,5 285 pages","og_url":"https:\/\/www.verdieditions.com\/equilibre-de-vie\/produit\/destinees-amoureuse-astrologie-armandy\/","og_site_name":"Equilibre de Vie","article_modified_time":"2024-02-06T10:21:46+00:00","og_image":[{"width":735,"height":1148,"url":"https:\/\/www.verdieditions.com\/equilibre-de-vie\/wp-content\/uploads\/2020\/04\/destinees-amoureuses-astrologie-armandy.jpg","type":"image\/jpeg"}],"twitter_card":"summary_large_image","twitter_misc":{"Dur\u00e9e de lecture estim\u00e9e":"1 minute"},"schema":{"@context":"https:\/\/schema.org","@graph":[{"@type":"WebPage","@id":"https:\/\/www.verdieditions.com\/equilibre-de-vie\/produit\/destinees-amoureuse-astrologie-armandy\/","url":"https:\/\/www.verdieditions.com\/equilibre-de-vie\/produit\/destinees-amoureuse-astrologie-armandy\/","name":"Destin\u00e9es amoureuses en astrologie - Val\u00e9rie D'ARMANDY - Equilibre de Vie","isPartOf":{"@id":"https:\/\/www.verdieditions.com\/equilibre-de-vie\/#website"},"primaryImageOfPage":{"@id":"https:\/\/www.verdieditions.com\/equilibre-de-vie\/produit\/destinees-amoureuse-astrologie-armandy\/#primaryimage"},"image":{"@id":"https:\/\/www.verdieditions.com\/equilibre-de-vie\/produit\/destinees-amoureuse-astrologie-armandy\/#primaryimage"},"thumbnailUrl":"https:\/\/www.verdieditions.com\/equilibre-de-vie\/wp-content\/uploads\/2020\/04\/destinees-amoureuses-astrologie-armandy.jpg","datePublished":"2020-04-22T12:36:09+00:00","dateModified":"2024-02-06T10:21:46+00:00","description":"Auteur : Val\u00e9rie D\u2019ARMANDY Titre : Destin\u00e9es amoureuses en astrologie \u00c9diteur : Fernad lanore, fran\u00e7ois Sorlot \u00e9diteur, 2001 \u00c9tat neuf Dim. 13,5 x 21,5 285 pages","breadcrumb":{"@id":"https:\/\/www.verdieditions.com\/equilibre-de-vie\/produit\/destinees-amoureuse-astrologie-armandy\/#breadcrumb"},"inLanguage":"fr-FR","potentialAction":[{"@type":"ReadAction","target":["https:\/\/www.verdieditions.com\/equilibre-de-vie\/produit\/destinees-amoureuse-astrologie-armandy\/"]}]},{"@type":"ImageObject","inLanguage":"fr-FR","@id":"https:\/\/www.verdieditions.com\/equilibre-de-vie\/produit\/destinees-amoureuse-astrologie-armandy\/#primaryimage","url":"https:\/\/www.verdieditions.com\/equilibre-de-vie\/wp-content\/uploads\/2020\/04\/destinees-amoureuses-astrologie-armandy.jpg","contentUrl":"https:\/\/www.verdieditions.com\/equilibre-de-vie\/wp-content\/uploads\/2020\/04\/destinees-amoureuses-astrologie-armandy.jpg","width":735,"height":1148,"caption":"destinees-amoureuses-astrologie-armandy"},{"@type":"BreadcrumbList","@id":"https:\/\/www.verdieditions.com\/equilibre-de-vie\/produit\/destinees-amoureuse-astrologie-armandy\/#breadcrumb","itemListElement":[{"@type":"ListItem","position":1,"name":"Accueil","item":"https:\/\/www.verdieditions.com\/equilibre-de-vie\/"},{"@type":"ListItem","position":2,"name":"La boutique","item":"https:\/\/www.verdieditions.com\/equilibre-de-vie\/boutique\/"},{"@type":"ListItem","position":3,"name":"Destin\u00e9es amoureuses en astrologie &#8211; Val\u00e9rie D&#8217;ARMANDY"}]},{"@type":"WebSite","@id":"https:\/\/www.verdieditions.com\/equilibre-de-vie\/#website","url":"https:\/\/www.verdieditions.com\/equilibre-de-vie\/","name":"Equilibre de Vie","description":"Ma boutique livres sant\u00e9, \u00e9sot\u00e9risme et d\u00e9veloppement personnel","publisher":{"@id":"https:\/\/www.verdieditions.com\/equilibre-de-vie\/#\/schema\/person\/9dcb2a6759f2f5fbf43ac0b44649cecb"},"potentialAction":[{"@type":"SearchAction","target":{"@type":"EntryPoint","urlTemplate":"https:\/\/www.verdieditions.com\/equilibre-de-vie\/?s={search_term_string}"},"query-input":{"@type":"PropertyValueSpecification","valueRequired":true,"valueName":"search_term_string"}}],"inLanguage":"fr-FR"},{"@type":["Person","Organization"],"@id":"https:\/\/www.verdieditions.com\/equilibre-de-vie\/#\/schema\/person\/9dcb2a6759f2f5fbf43ac0b44649cecb","name":"Sylvie VERDI","image":{"@type":"ImageObject","inLanguage":"fr-FR","@id":"https:\/\/www.verdieditions.com\/equilibre-de-vie\/wp-content\/uploads\/2020\/04\/livres-occasion-sante-esoterisme-developpement-personnel-2.jpg","url":"https:\/\/www.verdieditions.com\/equilibre-de-vie\/wp-content\/uploads\/2020\/04\/livres-occasion-sante-esoterisme-developpement-personnel-2.jpg","contentUrl":"https:\/\/www.verdieditions.com\/equilibre-de-vie\/wp-content\/uploads\/2020\/04\/livres-occasion-sante-esoterisme-developpement-personnel-2.jpg","width":800,"height":572,"caption":"Sylvie VERDI"},"logo":{"@id":"https:\/\/www.verdieditions.com\/equilibre-de-vie\/wp-content\/uploads\/2020\/04\/livres-occasion-sante-esoterisme-developpement-personnel-2.jpg"},"sameAs":["https:\/\/www.verdieditions.com\/equilibre-de-vie"]}]}},"_links":{"self":[{"href":"https:\/\/www.verdieditions.com\/equilibre-de-vie\/wp-json\/wp\/v2\/product\/134","targetHints":{"allow":["GET"]}}],"collection":[{"href":"https:\/\/www.verdieditions.com\/equilibre-de-vie\/wp-json\/wp\/v2\/product"}],"about":[{"href":"https:\/\/www.verdieditions.com\/equilibre-de-vie\/wp-json\/wp\/v2\/types\/product"}],"wp:featuredmedia":[{"embeddable":true,"href":"https:\/\/www.verdieditions.com\/equilibre-de-vie\/wp-json\/wp\/v2\/media\/135"}],"wp:attachment":[{"href":"https:\/\/www.verdieditions.com\/equilibre-de-vie\/wp-json\/wp\/v2\/media?parent=134"}],"wp:term":[{"taxonomy":"product_brand","embeddable":true,"href":"https:\/\/www.verdieditions.com\/equilibre-de-vie\/wp-json\/wp\/v2\/product_brand?post=134"},{"taxonomy":"product_cat","embeddable":true,"href":"https:\/\/www.verdieditions.com\/equilibre-de-vie\/wp-json\/wp\/v2\/product_cat?post=134"},{"taxonomy":"product_tag","embeddable":true,"href":"https:\/\/www.verdieditions.com\/equilibre-de-vie\/wp-json\/wp\/v2\/product_tag?post=134"}],"curies":[{"name":"wp","href":"https:\/\/api.w.org\/{rel}","templated":true}]}}