{"id":1332,"date":"2020-11-19T15:12:39","date_gmt":"2020-11-19T14:12:39","guid":{"rendered":"https:\/\/www.verdieditions.com\/equilibre-de-vie\/?post_type=product&#038;p=1332"},"modified":"2023-10-09T20:25:21","modified_gmt":"2023-10-09T18:25:21","slug":"amo-initie-anonyme","status":"publish","type":"product","link":"https:\/\/www.verdieditions.com\/equilibre-de-vie\/produit\/amo-initie-anonyme\/","title":{"rendered":"Amo &#8211; D&rsquo;un Initi\u00e9 Anonyme"},"content":{"rendered":"<p>Auteur : Initi\u00e9 Anonyme<br \/>\nTitre : Amo &#8211; En direct du toit du monde, la plus extraordinaire des aventures&#8230;<br \/>\n\u00c9diteur : Labussi\u00e8re, 2005<br \/>\n\u00c9tat : excellent<br \/>\nDim. 14 x 21,5<br \/>\n186 pages<\/p>\n<p>L&rsquo;Himalaya rec\u00e8le les lieux o\u00f9 r\u00e9sident encore, de nos jours, les foyers les plus vifs de l&rsquo;authentique spiritualit\u00e9. Cette montagne en constitue le centre inviol\u00e9. un homme y eut acc\u00e8s. Un homme y demeura suffisamment longtemps pour acc\u00e9der aux plus hauts niveaux de la Connaissance, et y vivre en m\u00eame temps des aventures extraordinaires. Cet homme en est revenu. Sous l&rsquo;apparence banale d&rsquo;un fermier du Middle West, il fut \u00e0 l&rsquo;origine de la cr\u00e9ation d&rsquo;un journal en langue allemande. Dans ce journal, tout en conservant un parfait anonymat (il signait ses communications du pseudonyme \u00ab\u00a0l&rsquo;Ermite\u00a0\u00bb), il raconta, pour l&rsquo;\u00e9dification de ses contemporains et des g\u00e9n\u00e9rations \u00e0 venir, son initiation au sanctuaire de Ma\u00eetre Z &#8211; avec qui l&rsquo;Ermite nourrit une amiti\u00e9 profonde. Ce lien remontait aux vies ant\u00e9rieures des deux protagonistes. Il d\u00e9voila, dans la mesure o\u00f9 cela lui \u00e9tait permis, les p\u00e9rip\u00e9ties d&rsquo;une aventure unique qui le mena aux plus hauts degr\u00e9s initiatiques, et les buts r\u00e9els poursuivis par les Coll\u00e8ges d&rsquo;Initi\u00e9s qui oeuvrent au bienfait de l&rsquo;humanit\u00e9.<\/p>\n<p>Les messages de Ermite sont empreints d&rsquo;humanisme. Ce sont des paroles de r\u00e9confort pour une humanit\u00e9 souffrante, qui ne cesse de s&rsquo;angoisser \u00e0 propos de la mort, et du devenir individuel et collectif. mais ils ne sont pas que cela.<br \/>\nLorsque s&rsquo;\u00e9teint la douceur suave du r\u00e9confort qu&rsquo;ils apportent, alors s&rsquo;\u00e9veille au tr\u00e9fonds de l&rsquo;\u00eatre une vision qui s&rsquo;apparente \u00e0 la claire conscience \u00e9thique du divin Apollon. Ce monde est tel parce qu&rsquo;il ob\u00e9it \u00e0 un ordre supr\u00eame. Cet ordre int\u00e8gre la libre destin\u00e9e, le libre-vouloir des hommes. C&rsquo;est la clef de vo\u00fbte de tout le syst\u00e8me. Nous ne gagnerons pas le paradis comme des moutons b\u00ealants qui rentrent chaque soir au bercail. nous le gagerons de haute lutte , au cours des vies successives o\u00f9 nous sera donn\u00e9e chaque fois l&rsquo;occasion de surpasser les blocages, et de r\u00e9parer les erreurs qui ont \u00e9t\u00e9 commises dans la pr\u00e9c\u00e9dente existence.<\/p>\n<p>Un livre merveilleux \u00e0 lire&#8230; et \u00e0 offrir \u00e0 tous ceux qui nous sont chers<\/p>\n","protected":false},"excerpt":{"rendered":"<p>Auteur : Initi\u00e9 Anonyme<br \/>\nTitre : Amo &#8211; En direct du toit du monde, la plus extraordinaire des aventures&#8230;<br \/>\n\u00c9diteur : Labussi\u00e8re, 2005<br \/>\n\u00c9tat : excellent<br \/>\nDim. 14 x 21,5<br \/>\n186 pages<\/p>\n","protected":false},"featured_media":1333,"template":"","meta":[],"product_brand":[],"product_cat":[22],"product_tag":[203,172],"class_list":{"0":"post-1332","1":"product","2":"type-product","3":"status-publish","4":"has-post-thumbnail","6":"product_cat-developpement-personnel","7":"product_tag-spiritualite","8":"product_tag-vie-anterieure","10":"first","11":"outofstock","12":"shipping-taxable","13":"product-type-simple"},"yoast_head":"<!-- This site is optimized with the Yoast SEO plugin v27.4 - https:\/\/yoast.com\/product\/yoast-seo-wordpress\/ -->\n<title>Amo - D&#039;un Initi\u00e9 Anonyme - Equilibre de Vie<\/title>\n<meta name=\"description\" content=\"Auteur : Initi\u00e9 Anonyme Titre : Amo \u00c9diteur : Labussi\u00e8re, 2005 \u00c9tat : excellent Dim. 14 x 21,5 186 pages\" \/>\n<meta name=\"robots\" content=\"index, follow, max-snippet:-1, max-image-preview:large, max-video-preview:-1\" \/>\n<link rel=\"canonical\" href=\"https:\/\/www.verdieditions.com\/equilibre-de-vie\/produit\/amo-initie-anonyme\/\" \/>\n<meta property=\"og:locale\" content=\"fr_FR\" \/>\n<meta property=\"og:type\" content=\"article\" \/>\n<meta property=\"og:title\" content=\"Amo - D&#039;un Initi\u00e9 Anonyme - Equilibre de Vie\" \/>\n<meta property=\"og:description\" content=\"Auteur : Initi\u00e9 Anonyme Titre : Amo \u00c9diteur : Labussi\u00e8re, 2005 \u00c9tat : excellent Dim. 14 x 21,5 186 pages\" \/>\n<meta property=\"og:url\" content=\"https:\/\/www.verdieditions.com\/equilibre-de-vie\/produit\/amo-initie-anonyme\/\" \/>\n<meta property=\"og:site_name\" content=\"Equilibre de Vie\" \/>\n<meta property=\"article:modified_time\" content=\"2023-10-09T18:25:21+00:00\" \/>\n<meta property=\"og:image\" content=\"https:\/\/www.verdieditions.com\/equilibre-de-vie\/wp-content\/uploads\/2020\/11\/amo-initie-anonyme.jpg\" \/>\n\t<meta property=\"og:image:width\" content=\"800\" \/>\n\t<meta property=\"og:image:height\" content=\"1078\" \/>\n\t<meta property=\"og:image:type\" content=\"image\/jpeg\" \/>\n<meta name=\"twitter:card\" content=\"summary_large_image\" \/>\n<meta name=\"twitter:label1\" content=\"Dur\u00e9e de lecture estim\u00e9e\" \/>\n\t<meta name=\"twitter:data1\" content=\"2 minutes\" \/>\n<script type=\"application\/ld+json\" class=\"yoast-schema-graph\">{\"@context\":\"https:\\\/\\\/schema.org\",\"@graph\":[{\"@type\":\"WebPage\",\"@id\":\"https:\\\/\\\/www.verdieditions.com\\\/equilibre-de-vie\\\/produit\\\/amo-initie-anonyme\\\/\",\"url\":\"https:\\\/\\\/www.verdieditions.com\\\/equilibre-de-vie\\\/produit\\\/amo-initie-anonyme\\\/\",\"name\":\"Amo - D'un Initi\u00e9 Anonyme - Equilibre de Vie\",\"isPartOf\":{\"@id\":\"https:\\\/\\\/www.verdieditions.com\\\/equilibre-de-vie\\\/#website\"},\"primaryImageOfPage\":{\"@id\":\"https:\\\/\\\/www.verdieditions.com\\\/equilibre-de-vie\\\/produit\\\/amo-initie-anonyme\\\/#primaryimage\"},\"image\":{\"@id\":\"https:\\\/\\\/www.verdieditions.com\\\/equilibre-de-vie\\\/produit\\\/amo-initie-anonyme\\\/#primaryimage\"},\"thumbnailUrl\":\"https:\\\/\\\/www.verdieditions.com\\\/equilibre-de-vie\\\/wp-content\\\/uploads\\\/2020\\\/11\\\/amo-initie-anonyme.jpg\",\"datePublished\":\"2020-11-19T14:12:39+00:00\",\"dateModified\":\"2023-10-09T18:25:21+00:00\",\"description\":\"Auteur : Initi\u00e9 Anonyme Titre : Amo \u00c9diteur : Labussi\u00e8re, 2005 \u00c9tat : excellent Dim. 14 x 21,5 186 pages\",\"breadcrumb\":{\"@id\":\"https:\\\/\\\/www.verdieditions.com\\\/equilibre-de-vie\\\/produit\\\/amo-initie-anonyme\\\/#breadcrumb\"},\"inLanguage\":\"fr-FR\",\"potentialAction\":[{\"@type\":\"ReadAction\",\"target\":[\"https:\\\/\\\/www.verdieditions.com\\\/equilibre-de-vie\\\/produit\\\/amo-initie-anonyme\\\/\"]}]},{\"@type\":\"ImageObject\",\"inLanguage\":\"fr-FR\",\"@id\":\"https:\\\/\\\/www.verdieditions.com\\\/equilibre-de-vie\\\/produit\\\/amo-initie-anonyme\\\/#primaryimage\",\"url\":\"https:\\\/\\\/www.verdieditions.com\\\/equilibre-de-vie\\\/wp-content\\\/uploads\\\/2020\\\/11\\\/amo-initie-anonyme.jpg\",\"contentUrl\":\"https:\\\/\\\/www.verdieditions.com\\\/equilibre-de-vie\\\/wp-content\\\/uploads\\\/2020\\\/11\\\/amo-initie-anonyme.jpg\",\"width\":800,\"height\":1078,\"caption\":\"amo-initie-anonyme\"},{\"@type\":\"BreadcrumbList\",\"@id\":\"https:\\\/\\\/www.verdieditions.com\\\/equilibre-de-vie\\\/produit\\\/amo-initie-anonyme\\\/#breadcrumb\",\"itemListElement\":[{\"@type\":\"ListItem\",\"position\":1,\"name\":\"Accueil\",\"item\":\"https:\\\/\\\/www.verdieditions.com\\\/equilibre-de-vie\\\/\"},{\"@type\":\"ListItem\",\"position\":2,\"name\":\"La boutique\",\"item\":\"https:\\\/\\\/www.verdieditions.com\\\/equilibre-de-vie\\\/boutique\\\/\"},{\"@type\":\"ListItem\",\"position\":3,\"name\":\"Amo &#8211; D&#8217;un Initi\u00e9 Anonyme\"}]},{\"@type\":\"WebSite\",\"@id\":\"https:\\\/\\\/www.verdieditions.com\\\/equilibre-de-vie\\\/#website\",\"url\":\"https:\\\/\\\/www.verdieditions.com\\\/equilibre-de-vie\\\/\",\"name\":\"Equilibre de Vie\",\"description\":\"Ma boutique livres sant\u00e9, \u00e9sot\u00e9risme et d\u00e9veloppement personnel\",\"publisher\":{\"@id\":\"https:\\\/\\\/www.verdieditions.com\\\/equilibre-de-vie\\\/#\\\/schema\\\/person\\\/9dcb2a6759f2f5fbf43ac0b44649cecb\"},\"potentialAction\":[{\"@type\":\"SearchAction\",\"target\":{\"@type\":\"EntryPoint\",\"urlTemplate\":\"https:\\\/\\\/www.verdieditions.com\\\/equilibre-de-vie\\\/?s={search_term_string}\"},\"query-input\":{\"@type\":\"PropertyValueSpecification\",\"valueRequired\":true,\"valueName\":\"search_term_string\"}}],\"inLanguage\":\"fr-FR\"},{\"@type\":[\"Person\",\"Organization\"],\"@id\":\"https:\\\/\\\/www.verdieditions.com\\\/equilibre-de-vie\\\/#\\\/schema\\\/person\\\/9dcb2a6759f2f5fbf43ac0b44649cecb\",\"name\":\"Sylvie VERDI\",\"image\":{\"@type\":\"ImageObject\",\"inLanguage\":\"fr-FR\",\"@id\":\"https:\\\/\\\/www.verdieditions.com\\\/equilibre-de-vie\\\/wp-content\\\/uploads\\\/2020\\\/04\\\/livres-occasion-sante-esoterisme-developpement-personnel-2.jpg\",\"url\":\"https:\\\/\\\/www.verdieditions.com\\\/equilibre-de-vie\\\/wp-content\\\/uploads\\\/2020\\\/04\\\/livres-occasion-sante-esoterisme-developpement-personnel-2.jpg\",\"contentUrl\":\"https:\\\/\\\/www.verdieditions.com\\\/equilibre-de-vie\\\/wp-content\\\/uploads\\\/2020\\\/04\\\/livres-occasion-sante-esoterisme-developpement-personnel-2.jpg\",\"width\":800,\"height\":572,\"caption\":\"Sylvie VERDI\"},\"logo\":{\"@id\":\"https:\\\/\\\/www.verdieditions.com\\\/equilibre-de-vie\\\/wp-content\\\/uploads\\\/2020\\\/04\\\/livres-occasion-sante-esoterisme-developpement-personnel-2.jpg\"},\"sameAs\":[\"https:\\\/\\\/www.verdieditions.com\\\/equilibre-de-vie\"]}]}<\/script>\n<!-- \/ Yoast SEO plugin. -->","yoast_head_json":{"title":"Amo - D'un Initi\u00e9 Anonyme - Equilibre de Vie","description":"Auteur : Initi\u00e9 Anonyme Titre : Amo \u00c9diteur : Labussi\u00e8re, 2005 \u00c9tat : excellent Dim. 14 x 21,5 186 pages","robots":{"index":"index","follow":"follow","max-snippet":"max-snippet:-1","max-image-preview":"max-image-preview:large","max-video-preview":"max-video-preview:-1"},"canonical":"https:\/\/www.verdieditions.com\/equilibre-de-vie\/produit\/amo-initie-anonyme\/","og_locale":"fr_FR","og_type":"article","og_title":"Amo - D'un Initi\u00e9 Anonyme - Equilibre de Vie","og_description":"Auteur : Initi\u00e9 Anonyme Titre : Amo \u00c9diteur : Labussi\u00e8re, 2005 \u00c9tat : excellent Dim. 14 x 21,5 186 pages","og_url":"https:\/\/www.verdieditions.com\/equilibre-de-vie\/produit\/amo-initie-anonyme\/","og_site_name":"Equilibre de Vie","article_modified_time":"2023-10-09T18:25:21+00:00","og_image":[{"width":800,"height":1078,"url":"https:\/\/www.verdieditions.com\/equilibre-de-vie\/wp-content\/uploads\/2020\/11\/amo-initie-anonyme.jpg","type":"image\/jpeg"}],"twitter_card":"summary_large_image","twitter_misc":{"Dur\u00e9e de lecture estim\u00e9e":"2 minutes"},"schema":{"@context":"https:\/\/schema.org","@graph":[{"@type":"WebPage","@id":"https:\/\/www.verdieditions.com\/equilibre-de-vie\/produit\/amo-initie-anonyme\/","url":"https:\/\/www.verdieditions.com\/equilibre-de-vie\/produit\/amo-initie-anonyme\/","name":"Amo - D'un Initi\u00e9 Anonyme - Equilibre de Vie","isPartOf":{"@id":"https:\/\/www.verdieditions.com\/equilibre-de-vie\/#website"},"primaryImageOfPage":{"@id":"https:\/\/www.verdieditions.com\/equilibre-de-vie\/produit\/amo-initie-anonyme\/#primaryimage"},"image":{"@id":"https:\/\/www.verdieditions.com\/equilibre-de-vie\/produit\/amo-initie-anonyme\/#primaryimage"},"thumbnailUrl":"https:\/\/www.verdieditions.com\/equilibre-de-vie\/wp-content\/uploads\/2020\/11\/amo-initie-anonyme.jpg","datePublished":"2020-11-19T14:12:39+00:00","dateModified":"2023-10-09T18:25:21+00:00","description":"Auteur : Initi\u00e9 Anonyme Titre : Amo \u00c9diteur : Labussi\u00e8re, 2005 \u00c9tat : excellent Dim. 14 x 21,5 186 pages","breadcrumb":{"@id":"https:\/\/www.verdieditions.com\/equilibre-de-vie\/produit\/amo-initie-anonyme\/#breadcrumb"},"inLanguage":"fr-FR","potentialAction":[{"@type":"ReadAction","target":["https:\/\/www.verdieditions.com\/equilibre-de-vie\/produit\/amo-initie-anonyme\/"]}]},{"@type":"ImageObject","inLanguage":"fr-FR","@id":"https:\/\/www.verdieditions.com\/equilibre-de-vie\/produit\/amo-initie-anonyme\/#primaryimage","url":"https:\/\/www.verdieditions.com\/equilibre-de-vie\/wp-content\/uploads\/2020\/11\/amo-initie-anonyme.jpg","contentUrl":"https:\/\/www.verdieditions.com\/equilibre-de-vie\/wp-content\/uploads\/2020\/11\/amo-initie-anonyme.jpg","width":800,"height":1078,"caption":"amo-initie-anonyme"},{"@type":"BreadcrumbList","@id":"https:\/\/www.verdieditions.com\/equilibre-de-vie\/produit\/amo-initie-anonyme\/#breadcrumb","itemListElement":[{"@type":"ListItem","position":1,"name":"Accueil","item":"https:\/\/www.verdieditions.com\/equilibre-de-vie\/"},{"@type":"ListItem","position":2,"name":"La boutique","item":"https:\/\/www.verdieditions.com\/equilibre-de-vie\/boutique\/"},{"@type":"ListItem","position":3,"name":"Amo &#8211; D&#8217;un Initi\u00e9 Anonyme"}]},{"@type":"WebSite","@id":"https:\/\/www.verdieditions.com\/equilibre-de-vie\/#website","url":"https:\/\/www.verdieditions.com\/equilibre-de-vie\/","name":"Equilibre de Vie","description":"Ma boutique livres sant\u00e9, \u00e9sot\u00e9risme et d\u00e9veloppement personnel","publisher":{"@id":"https:\/\/www.verdieditions.com\/equilibre-de-vie\/#\/schema\/person\/9dcb2a6759f2f5fbf43ac0b44649cecb"},"potentialAction":[{"@type":"SearchAction","target":{"@type":"EntryPoint","urlTemplate":"https:\/\/www.verdieditions.com\/equilibre-de-vie\/?s={search_term_string}"},"query-input":{"@type":"PropertyValueSpecification","valueRequired":true,"valueName":"search_term_string"}}],"inLanguage":"fr-FR"},{"@type":["Person","Organization"],"@id":"https:\/\/www.verdieditions.com\/equilibre-de-vie\/#\/schema\/person\/9dcb2a6759f2f5fbf43ac0b44649cecb","name":"Sylvie VERDI","image":{"@type":"ImageObject","inLanguage":"fr-FR","@id":"https:\/\/www.verdieditions.com\/equilibre-de-vie\/wp-content\/uploads\/2020\/04\/livres-occasion-sante-esoterisme-developpement-personnel-2.jpg","url":"https:\/\/www.verdieditions.com\/equilibre-de-vie\/wp-content\/uploads\/2020\/04\/livres-occasion-sante-esoterisme-developpement-personnel-2.jpg","contentUrl":"https:\/\/www.verdieditions.com\/equilibre-de-vie\/wp-content\/uploads\/2020\/04\/livres-occasion-sante-esoterisme-developpement-personnel-2.jpg","width":800,"height":572,"caption":"Sylvie VERDI"},"logo":{"@id":"https:\/\/www.verdieditions.com\/equilibre-de-vie\/wp-content\/uploads\/2020\/04\/livres-occasion-sante-esoterisme-developpement-personnel-2.jpg"},"sameAs":["https:\/\/www.verdieditions.com\/equilibre-de-vie"]}]}},"_links":{"self":[{"href":"https:\/\/www.verdieditions.com\/equilibre-de-vie\/wp-json\/wp\/v2\/product\/1332","targetHints":{"allow":["GET"]}}],"collection":[{"href":"https:\/\/www.verdieditions.com\/equilibre-de-vie\/wp-json\/wp\/v2\/product"}],"about":[{"href":"https:\/\/www.verdieditions.com\/equilibre-de-vie\/wp-json\/wp\/v2\/types\/product"}],"wp:featuredmedia":[{"embeddable":true,"href":"https:\/\/www.verdieditions.com\/equilibre-de-vie\/wp-json\/wp\/v2\/media\/1333"}],"wp:attachment":[{"href":"https:\/\/www.verdieditions.com\/equilibre-de-vie\/wp-json\/wp\/v2\/media?parent=1332"}],"wp:term":[{"taxonomy":"product_brand","embeddable":true,"href":"https:\/\/www.verdieditions.com\/equilibre-de-vie\/wp-json\/wp\/v2\/product_brand?post=1332"},{"taxonomy":"product_cat","embeddable":true,"href":"https:\/\/www.verdieditions.com\/equilibre-de-vie\/wp-json\/wp\/v2\/product_cat?post=1332"},{"taxonomy":"product_tag","embeddable":true,"href":"https:\/\/www.verdieditions.com\/equilibre-de-vie\/wp-json\/wp\/v2\/product_tag?post=1332"}],"curies":[{"name":"wp","href":"https:\/\/api.w.org\/{rel}","templated":true}]}}