{"id":132,"date":"2020-04-22T14:18:39","date_gmt":"2020-04-22T12:18:39","guid":{"rendered":"https:\/\/www.verdieditions.com\/equilibre-de-vie\/?post_type=product&#038;p=132"},"modified":"2024-02-06T13:09:53","modified_gmt":"2024-02-06T12:09:53","slug":"astrologie-scientifique-simplifiee-heindel","status":"publish","type":"product","link":"https:\/\/www.verdieditions.com\/equilibre-de-vie\/produit\/astrologie-scientifique-simplifiee-heindel\/","title":{"rendered":"Astrologie scientifique simplifi\u00e9e &#8211; Max HEINDEL"},"content":{"rendered":"<p>Auteur : Max HEINDEL<br \/>\nTitre : Astrologie scientifique simplifi\u00e9e, un manuel complet sur la fa\u00e7on de calculer un th\u00e8me astrologique avec Vocabulaire Astrologique Philosophique et Tables des Heures Plan\u00e9taires<br \/>\n\u00c9diteur : Association Rosicrucienne, la Maison Rosicrucienne, 1978 (Max HEINDEL 1948)<br \/>\nDim. 13,5 x 21<br \/>\n222 pages<\/p>\n","protected":false},"excerpt":{"rendered":"<p>Auteur : Max HEINDEL<br \/>\nTitre : Astrologie scientifique simplifi\u00e9e, un manuel complet sur la fa\u00e7on de calculer un th\u00e8me astrologique avec Vocabulaire Astrologique Philosophique et Tables des Heures Plan\u00e9taires<br \/>\n\u00c9diteur : Association Rosicrucienne, la Maison Rosicrucienne, 1978 (Max HEINDEL 1948)<br \/>\nDim. 13,5 x 21<br \/>\n222 pages<\/p>\n","protected":false},"featured_media":133,"template":"","meta":[],"product_brand":[],"product_cat":[23],"product_tag":[33,34,184,96,185,163],"class_list":{"0":"post-132","1":"product","2":"type-product","3":"status-publish","4":"has-post-thumbnail","6":"product_cat-esoterisme","7":"product_tag-aspects","8":"product_tag-astrologie","9":"product_tag-horoscope","10":"product_tag-maisons","11":"product_tag-planetes","12":"product_tag-theme-astral","14":"first","15":"instock","16":"shipping-taxable","17":"product-type-simple"},"yoast_head":"<!-- This site is optimized with the Yoast SEO plugin v27.4 - https:\/\/yoast.com\/product\/yoast-seo-wordpress\/ -->\n<title>Astrologie scientifique simplifi\u00e9e - Max HEINDEL - Equilibre de Vie<\/title>\n<meta name=\"description\" content=\"Auteur : Max HEINDEL Titre : Astrologie scientifique simplifi\u00e9e, un manuel complet sur la fa\u00e7on de calculer un th\u00e8me astrologique avec Vocabulaire Astrologique Philosophique et Tables des Heures Plan\u00e9taires \u00c9diteur : Association Rosicrucienne, la Maison Rosicrucienne, 1978 (Max HEINDEL 1948) Dim. 13,5 x 21 222 pages\" \/>\n<meta name=\"robots\" content=\"index, follow, max-snippet:-1, max-image-preview:large, max-video-preview:-1\" \/>\n<link rel=\"canonical\" href=\"https:\/\/www.verdieditions.com\/equilibre-de-vie\/produit\/astrologie-scientifique-simplifiee-heindel\/\" \/>\n<meta property=\"og:locale\" content=\"fr_FR\" \/>\n<meta property=\"og:type\" content=\"article\" \/>\n<meta property=\"og:title\" content=\"Astrologie scientifique simplifi\u00e9e - Max HEINDEL - Equilibre de Vie\" \/>\n<meta property=\"og:description\" content=\"Auteur : Max HEINDEL Titre : Astrologie scientifique simplifi\u00e9e, un manuel complet sur la fa\u00e7on de calculer un th\u00e8me astrologique avec Vocabulaire Astrologique Philosophique et Tables des Heures Plan\u00e9taires \u00c9diteur : Association Rosicrucienne, la Maison Rosicrucienne, 1978 (Max HEINDEL 1948) Dim. 13,5 x 21 222 pages\" \/>\n<meta property=\"og:url\" content=\"https:\/\/www.verdieditions.com\/equilibre-de-vie\/produit\/astrologie-scientifique-simplifiee-heindel\/\" \/>\n<meta property=\"og:site_name\" content=\"Equilibre de Vie\" \/>\n<meta property=\"article:modified_time\" content=\"2024-02-06T12:09:53+00:00\" \/>\n<meta property=\"og:image\" content=\"https:\/\/www.verdieditions.com\/equilibre-de-vie\/wp-content\/uploads\/2020\/04\/astrologie-scientifique-Heindel.jpg\" \/>\n\t<meta property=\"og:image:width\" content=\"751\" \/>\n\t<meta property=\"og:image:height\" content=\"1074\" \/>\n\t<meta property=\"og:image:type\" content=\"image\/jpeg\" \/>\n<meta name=\"twitter:card\" content=\"summary_large_image\" \/>\n<script type=\"application\/ld+json\" class=\"yoast-schema-graph\">{\"@context\":\"https:\\\/\\\/schema.org\",\"@graph\":[{\"@type\":\"WebPage\",\"@id\":\"https:\\\/\\\/www.verdieditions.com\\\/equilibre-de-vie\\\/produit\\\/astrologie-scientifique-simplifiee-heindel\\\/\",\"url\":\"https:\\\/\\\/www.verdieditions.com\\\/equilibre-de-vie\\\/produit\\\/astrologie-scientifique-simplifiee-heindel\\\/\",\"name\":\"Astrologie scientifique simplifi\u00e9e - Max HEINDEL - Equilibre de Vie\",\"isPartOf\":{\"@id\":\"https:\\\/\\\/www.verdieditions.com\\\/equilibre-de-vie\\\/#website\"},\"primaryImageOfPage\":{\"@id\":\"https:\\\/\\\/www.verdieditions.com\\\/equilibre-de-vie\\\/produit\\\/astrologie-scientifique-simplifiee-heindel\\\/#primaryimage\"},\"image\":{\"@id\":\"https:\\\/\\\/www.verdieditions.com\\\/equilibre-de-vie\\\/produit\\\/astrologie-scientifique-simplifiee-heindel\\\/#primaryimage\"},\"thumbnailUrl\":\"https:\\\/\\\/www.verdieditions.com\\\/equilibre-de-vie\\\/wp-content\\\/uploads\\\/2020\\\/04\\\/astrologie-scientifique-Heindel.jpg\",\"datePublished\":\"2020-04-22T12:18:39+00:00\",\"dateModified\":\"2024-02-06T12:09:53+00:00\",\"description\":\"Auteur : Max HEINDEL Titre : Astrologie scientifique simplifi\u00e9e, un manuel complet sur la fa\u00e7on de calculer un th\u00e8me astrologique avec Vocabulaire Astrologique Philosophique et Tables des Heures Plan\u00e9taires \u00c9diteur : Association Rosicrucienne, la Maison Rosicrucienne, 1978 (Max HEINDEL 1948) Dim. 13,5 x 21 222 pages\",\"breadcrumb\":{\"@id\":\"https:\\\/\\\/www.verdieditions.com\\\/equilibre-de-vie\\\/produit\\\/astrologie-scientifique-simplifiee-heindel\\\/#breadcrumb\"},\"inLanguage\":\"fr-FR\",\"potentialAction\":[{\"@type\":\"ReadAction\",\"target\":[\"https:\\\/\\\/www.verdieditions.com\\\/equilibre-de-vie\\\/produit\\\/astrologie-scientifique-simplifiee-heindel\\\/\"]}]},{\"@type\":\"ImageObject\",\"inLanguage\":\"fr-FR\",\"@id\":\"https:\\\/\\\/www.verdieditions.com\\\/equilibre-de-vie\\\/produit\\\/astrologie-scientifique-simplifiee-heindel\\\/#primaryimage\",\"url\":\"https:\\\/\\\/www.verdieditions.com\\\/equilibre-de-vie\\\/wp-content\\\/uploads\\\/2020\\\/04\\\/astrologie-scientifique-Heindel.jpg\",\"contentUrl\":\"https:\\\/\\\/www.verdieditions.com\\\/equilibre-de-vie\\\/wp-content\\\/uploads\\\/2020\\\/04\\\/astrologie-scientifique-Heindel.jpg\",\"width\":751,\"height\":1074,\"caption\":\"astrologie-scientifique-Heindel\"},{\"@type\":\"BreadcrumbList\",\"@id\":\"https:\\\/\\\/www.verdieditions.com\\\/equilibre-de-vie\\\/produit\\\/astrologie-scientifique-simplifiee-heindel\\\/#breadcrumb\",\"itemListElement\":[{\"@type\":\"ListItem\",\"position\":1,\"name\":\"Accueil\",\"item\":\"https:\\\/\\\/www.verdieditions.com\\\/equilibre-de-vie\\\/\"},{\"@type\":\"ListItem\",\"position\":2,\"name\":\"La boutique\",\"item\":\"https:\\\/\\\/www.verdieditions.com\\\/equilibre-de-vie\\\/boutique\\\/\"},{\"@type\":\"ListItem\",\"position\":3,\"name\":\"Astrologie scientifique simplifi\u00e9e &#8211; Max HEINDEL\"}]},{\"@type\":\"WebSite\",\"@id\":\"https:\\\/\\\/www.verdieditions.com\\\/equilibre-de-vie\\\/#website\",\"url\":\"https:\\\/\\\/www.verdieditions.com\\\/equilibre-de-vie\\\/\",\"name\":\"Equilibre de Vie\",\"description\":\"Ma boutique livres sant\u00e9, \u00e9sot\u00e9risme et d\u00e9veloppement personnel\",\"publisher\":{\"@id\":\"https:\\\/\\\/www.verdieditions.com\\\/equilibre-de-vie\\\/#\\\/schema\\\/person\\\/9dcb2a6759f2f5fbf43ac0b44649cecb\"},\"potentialAction\":[{\"@type\":\"SearchAction\",\"target\":{\"@type\":\"EntryPoint\",\"urlTemplate\":\"https:\\\/\\\/www.verdieditions.com\\\/equilibre-de-vie\\\/?s={search_term_string}\"},\"query-input\":{\"@type\":\"PropertyValueSpecification\",\"valueRequired\":true,\"valueName\":\"search_term_string\"}}],\"inLanguage\":\"fr-FR\"},{\"@type\":[\"Person\",\"Organization\"],\"@id\":\"https:\\\/\\\/www.verdieditions.com\\\/equilibre-de-vie\\\/#\\\/schema\\\/person\\\/9dcb2a6759f2f5fbf43ac0b44649cecb\",\"name\":\"Sylvie VERDI\",\"image\":{\"@type\":\"ImageObject\",\"inLanguage\":\"fr-FR\",\"@id\":\"https:\\\/\\\/www.verdieditions.com\\\/equilibre-de-vie\\\/wp-content\\\/uploads\\\/2020\\\/04\\\/livres-occasion-sante-esoterisme-developpement-personnel-2.jpg\",\"url\":\"https:\\\/\\\/www.verdieditions.com\\\/equilibre-de-vie\\\/wp-content\\\/uploads\\\/2020\\\/04\\\/livres-occasion-sante-esoterisme-developpement-personnel-2.jpg\",\"contentUrl\":\"https:\\\/\\\/www.verdieditions.com\\\/equilibre-de-vie\\\/wp-content\\\/uploads\\\/2020\\\/04\\\/livres-occasion-sante-esoterisme-developpement-personnel-2.jpg\",\"width\":800,\"height\":572,\"caption\":\"Sylvie VERDI\"},\"logo\":{\"@id\":\"https:\\\/\\\/www.verdieditions.com\\\/equilibre-de-vie\\\/wp-content\\\/uploads\\\/2020\\\/04\\\/livres-occasion-sante-esoterisme-developpement-personnel-2.jpg\"},\"sameAs\":[\"https:\\\/\\\/www.verdieditions.com\\\/equilibre-de-vie\"]}]}<\/script>\n<!-- \/ Yoast SEO plugin. -->","yoast_head_json":{"title":"Astrologie scientifique simplifi\u00e9e - Max HEINDEL - Equilibre de Vie","description":"Auteur : Max HEINDEL Titre : Astrologie scientifique simplifi\u00e9e, un manuel complet sur la fa\u00e7on de calculer un th\u00e8me astrologique avec Vocabulaire Astrologique Philosophique et Tables des Heures Plan\u00e9taires \u00c9diteur : Association Rosicrucienne, la Maison Rosicrucienne, 1978 (Max HEINDEL 1948) Dim. 13,5 x 21 222 pages","robots":{"index":"index","follow":"follow","max-snippet":"max-snippet:-1","max-image-preview":"max-image-preview:large","max-video-preview":"max-video-preview:-1"},"canonical":"https:\/\/www.verdieditions.com\/equilibre-de-vie\/produit\/astrologie-scientifique-simplifiee-heindel\/","og_locale":"fr_FR","og_type":"article","og_title":"Astrologie scientifique simplifi\u00e9e - Max HEINDEL - Equilibre de Vie","og_description":"Auteur : Max HEINDEL Titre : Astrologie scientifique simplifi\u00e9e, un manuel complet sur la fa\u00e7on de calculer un th\u00e8me astrologique avec Vocabulaire Astrologique Philosophique et Tables des Heures Plan\u00e9taires \u00c9diteur : Association Rosicrucienne, la Maison Rosicrucienne, 1978 (Max HEINDEL 1948) Dim. 13,5 x 21 222 pages","og_url":"https:\/\/www.verdieditions.com\/equilibre-de-vie\/produit\/astrologie-scientifique-simplifiee-heindel\/","og_site_name":"Equilibre de Vie","article_modified_time":"2024-02-06T12:09:53+00:00","og_image":[{"width":751,"height":1074,"url":"https:\/\/www.verdieditions.com\/equilibre-de-vie\/wp-content\/uploads\/2020\/04\/astrologie-scientifique-Heindel.jpg","type":"image\/jpeg"}],"twitter_card":"summary_large_image","schema":{"@context":"https:\/\/schema.org","@graph":[{"@type":"WebPage","@id":"https:\/\/www.verdieditions.com\/equilibre-de-vie\/produit\/astrologie-scientifique-simplifiee-heindel\/","url":"https:\/\/www.verdieditions.com\/equilibre-de-vie\/produit\/astrologie-scientifique-simplifiee-heindel\/","name":"Astrologie scientifique simplifi\u00e9e - Max HEINDEL - Equilibre de Vie","isPartOf":{"@id":"https:\/\/www.verdieditions.com\/equilibre-de-vie\/#website"},"primaryImageOfPage":{"@id":"https:\/\/www.verdieditions.com\/equilibre-de-vie\/produit\/astrologie-scientifique-simplifiee-heindel\/#primaryimage"},"image":{"@id":"https:\/\/www.verdieditions.com\/equilibre-de-vie\/produit\/astrologie-scientifique-simplifiee-heindel\/#primaryimage"},"thumbnailUrl":"https:\/\/www.verdieditions.com\/equilibre-de-vie\/wp-content\/uploads\/2020\/04\/astrologie-scientifique-Heindel.jpg","datePublished":"2020-04-22T12:18:39+00:00","dateModified":"2024-02-06T12:09:53+00:00","description":"Auteur : Max HEINDEL Titre : Astrologie scientifique simplifi\u00e9e, un manuel complet sur la fa\u00e7on de calculer un th\u00e8me astrologique avec Vocabulaire Astrologique Philosophique et Tables des Heures Plan\u00e9taires \u00c9diteur : Association Rosicrucienne, la Maison Rosicrucienne, 1978 (Max HEINDEL 1948) Dim. 13,5 x 21 222 pages","breadcrumb":{"@id":"https:\/\/www.verdieditions.com\/equilibre-de-vie\/produit\/astrologie-scientifique-simplifiee-heindel\/#breadcrumb"},"inLanguage":"fr-FR","potentialAction":[{"@type":"ReadAction","target":["https:\/\/www.verdieditions.com\/equilibre-de-vie\/produit\/astrologie-scientifique-simplifiee-heindel\/"]}]},{"@type":"ImageObject","inLanguage":"fr-FR","@id":"https:\/\/www.verdieditions.com\/equilibre-de-vie\/produit\/astrologie-scientifique-simplifiee-heindel\/#primaryimage","url":"https:\/\/www.verdieditions.com\/equilibre-de-vie\/wp-content\/uploads\/2020\/04\/astrologie-scientifique-Heindel.jpg","contentUrl":"https:\/\/www.verdieditions.com\/equilibre-de-vie\/wp-content\/uploads\/2020\/04\/astrologie-scientifique-Heindel.jpg","width":751,"height":1074,"caption":"astrologie-scientifique-Heindel"},{"@type":"BreadcrumbList","@id":"https:\/\/www.verdieditions.com\/equilibre-de-vie\/produit\/astrologie-scientifique-simplifiee-heindel\/#breadcrumb","itemListElement":[{"@type":"ListItem","position":1,"name":"Accueil","item":"https:\/\/www.verdieditions.com\/equilibre-de-vie\/"},{"@type":"ListItem","position":2,"name":"La boutique","item":"https:\/\/www.verdieditions.com\/equilibre-de-vie\/boutique\/"},{"@type":"ListItem","position":3,"name":"Astrologie scientifique simplifi\u00e9e &#8211; Max HEINDEL"}]},{"@type":"WebSite","@id":"https:\/\/www.verdieditions.com\/equilibre-de-vie\/#website","url":"https:\/\/www.verdieditions.com\/equilibre-de-vie\/","name":"Equilibre de Vie","description":"Ma boutique livres sant\u00e9, \u00e9sot\u00e9risme et d\u00e9veloppement personnel","publisher":{"@id":"https:\/\/www.verdieditions.com\/equilibre-de-vie\/#\/schema\/person\/9dcb2a6759f2f5fbf43ac0b44649cecb"},"potentialAction":[{"@type":"SearchAction","target":{"@type":"EntryPoint","urlTemplate":"https:\/\/www.verdieditions.com\/equilibre-de-vie\/?s={search_term_string}"},"query-input":{"@type":"PropertyValueSpecification","valueRequired":true,"valueName":"search_term_string"}}],"inLanguage":"fr-FR"},{"@type":["Person","Organization"],"@id":"https:\/\/www.verdieditions.com\/equilibre-de-vie\/#\/schema\/person\/9dcb2a6759f2f5fbf43ac0b44649cecb","name":"Sylvie VERDI","image":{"@type":"ImageObject","inLanguage":"fr-FR","@id":"https:\/\/www.verdieditions.com\/equilibre-de-vie\/wp-content\/uploads\/2020\/04\/livres-occasion-sante-esoterisme-developpement-personnel-2.jpg","url":"https:\/\/www.verdieditions.com\/equilibre-de-vie\/wp-content\/uploads\/2020\/04\/livres-occasion-sante-esoterisme-developpement-personnel-2.jpg","contentUrl":"https:\/\/www.verdieditions.com\/equilibre-de-vie\/wp-content\/uploads\/2020\/04\/livres-occasion-sante-esoterisme-developpement-personnel-2.jpg","width":800,"height":572,"caption":"Sylvie VERDI"},"logo":{"@id":"https:\/\/www.verdieditions.com\/equilibre-de-vie\/wp-content\/uploads\/2020\/04\/livres-occasion-sante-esoterisme-developpement-personnel-2.jpg"},"sameAs":["https:\/\/www.verdieditions.com\/equilibre-de-vie"]}]}},"_links":{"self":[{"href":"https:\/\/www.verdieditions.com\/equilibre-de-vie\/wp-json\/wp\/v2\/product\/132","targetHints":{"allow":["GET"]}}],"collection":[{"href":"https:\/\/www.verdieditions.com\/equilibre-de-vie\/wp-json\/wp\/v2\/product"}],"about":[{"href":"https:\/\/www.verdieditions.com\/equilibre-de-vie\/wp-json\/wp\/v2\/types\/product"}],"wp:featuredmedia":[{"embeddable":true,"href":"https:\/\/www.verdieditions.com\/equilibre-de-vie\/wp-json\/wp\/v2\/media\/133"}],"wp:attachment":[{"href":"https:\/\/www.verdieditions.com\/equilibre-de-vie\/wp-json\/wp\/v2\/media?parent=132"}],"wp:term":[{"taxonomy":"product_brand","embeddable":true,"href":"https:\/\/www.verdieditions.com\/equilibre-de-vie\/wp-json\/wp\/v2\/product_brand?post=132"},{"taxonomy":"product_cat","embeddable":true,"href":"https:\/\/www.verdieditions.com\/equilibre-de-vie\/wp-json\/wp\/v2\/product_cat?post=132"},{"taxonomy":"product_tag","embeddable":true,"href":"https:\/\/www.verdieditions.com\/equilibre-de-vie\/wp-json\/wp\/v2\/product_tag?post=132"}],"curies":[{"name":"wp","href":"https:\/\/api.w.org\/{rel}","templated":true}]}}