{"id":1317,"date":"2020-10-12T14:33:52","date_gmt":"2020-10-12T12:33:52","guid":{"rendered":"https:\/\/www.verdieditions.com\/equilibre-de-vie\/?post_type=product&#038;p=1317"},"modified":"2024-02-06T13:23:48","modified_gmt":"2024-02-06T12:23:48","slug":"enfants-indigo-carroll-tober","status":"publish","type":"product","link":"https:\/\/www.verdieditions.com\/equilibre-de-vie\/produit\/enfants-indigo-carroll-tober\/","title":{"rendered":"Les enfants indigo &#8211; Lee CARROLL &#8211; Jan TOBBER"},"content":{"rendered":"<p>Auteur : Lee CARROLL &#8211; Jan TOBBER<br \/>\nTitre : Les enfants indigo, enfants du 3\u00e8me mill\u00e9naire<br \/>\n\u00c9diteur : Ariane, 1999<br \/>\nDim. 14 x 21,5<br \/>\n272 pages<\/p>\n<p>On qualifie d&rsquo;indigo un gar\u00e7on ou une fille qui se d\u00e9marque par un ensemble de traits psychologiques nouveaux et inhabituels, dont les sch\u00e9mas comportementaux ne sont pas encore \u00e9tay\u00e9s par des documents. Ce ph\u00e9nom\u00e8ne unique oblige parents et \u00e9ducateurs \u00e0 revoir et \u00e0 modifier leur attitude et leur m\u00e9thode d&rsquo;\u00e9ducation afin d&rsquo;offrir une vie \u00e9quilibr\u00e9e et harmonieuse \u00e0 ces enfants du nouveau mill\u00e9naire et de les aider \u00e0 r\u00e9duire leur sentiment de frustration.<\/p>\n<p>Dans ce livre, qui nous oblige \u00e0 nous remettre en question, les auteurs de r\u00e9putation internationale, Lee Carroll et Jan Tober, r\u00e9pondent \u00e0 plusieurs questions de fond \u00e0 propos des enfants indigo, telles que :<br \/>\n&#8211; Nos enfants sont-ils la preuve vivante que nous sommes en train d&rsquo;assister \u00e0 l&rsquo;\u00e9volution de l&rsquo;esp\u00e8ce humaine ?<br \/>\n&#8211; Les enfants indigo sont-ils plus dou\u00e9s et plus \u00e9veill\u00e9s que nous ne l&rsquo;\u00e9tions \u00e0 leur \u00e2ge ?<br \/>\n&#8211; Pourquoi ces enfants contestent- ils ou rejettent-ils les valeurs \u00e9tablies ?<br \/>\n&#8211; Comment expliquer que de plus en plus d&rsquo;enfants re\u00e7oivent un diagnostic de d\u00e9ficit d&rsquo;attention ?<br \/>\n&#8211; Existe-t-il des options valables autres que le Ritalin ?<\/p>\n<p>Dans cet ouvrage, Lee Carroll et Jan Tober r\u00e9unissent quelques-uns des plus grands sp\u00e9cialistes en la mati\u00e8re (m\u00e9decins, \u00e9ducateurs, psychologues et autres) afin de nous \u00e9clairer sur ce ph\u00e9nom\u00e8ne nouveau.<\/p>\n<p>Ces \u00eatres sp\u00e9ciaux repr\u00e9sentent un pourcentage \u00e9lev\u00e9, et cela, dans le monde entier. D\u00e8s la naissance, ces enfants savent qui ils sont. Il est donc important que nous les accueillions avec respect, que nous reconnaissions leurs qualit\u00e9s exceptionnelles et que nous les guidons avec amour.<\/p>\n","protected":false},"excerpt":{"rendered":"<p>Auteur : Lee CARROLL &#8211; Jan TOBBER<br \/>\nTitre : Les enfants indigo, enfants du 3\u00e8me mill\u00e9naire<br \/>\n\u00c9diteur : Ariane, 1999<br \/>\nDim. 14 x 21,5<br \/>\n272 pages<\/p>\n","protected":false},"featured_media":1319,"template":"","meta":[],"product_brand":[],"product_cat":[22],"product_tag":[212,134,135],"class_list":{"0":"post-1317","1":"product","2":"type-product","3":"status-publish","4":"has-post-thumbnail","6":"product_cat-developpement-personnel","7":"product_tag-enfant","8":"product_tag-psychanalyse","9":"product_tag-psychologie","11":"first","12":"instock","13":"shipping-taxable","14":"product-type-simple"},"yoast_head":"<!-- This site is optimized with the Yoast SEO plugin v27.4 - https:\/\/yoast.com\/product\/yoast-seo-wordpress\/ -->\n<title>Les enfants indigo - Lee CARROLL - Jan TOBBER - Equilibre de Vie<\/title>\n<meta name=\"description\" content=\"Auteur : Lee CARROLL - Jan TOBBER Titre : Les enfants indigo, enfants du 3\u00e8me mill\u00e9naire \u00c9diteur : Ariane, 1999 Dim. 14 x 21,5 272 pages\" \/>\n<meta name=\"robots\" content=\"index, follow, max-snippet:-1, max-image-preview:large, max-video-preview:-1\" \/>\n<link rel=\"canonical\" href=\"https:\/\/www.verdieditions.com\/equilibre-de-vie\/produit\/enfants-indigo-carroll-tober\/\" \/>\n<meta property=\"og:locale\" content=\"fr_FR\" \/>\n<meta property=\"og:type\" content=\"article\" \/>\n<meta property=\"og:title\" content=\"Les enfants indigo - Lee CARROLL - Jan TOBBER - Equilibre de Vie\" \/>\n<meta property=\"og:description\" content=\"Auteur : Lee CARROLL - Jan TOBBER Titre : Les enfants indigo, enfants du 3\u00e8me mill\u00e9naire \u00c9diteur : Ariane, 1999 Dim. 14 x 21,5 272 pages\" \/>\n<meta property=\"og:url\" content=\"https:\/\/www.verdieditions.com\/equilibre-de-vie\/produit\/enfants-indigo-carroll-tober\/\" \/>\n<meta property=\"og:site_name\" content=\"Equilibre de Vie\" \/>\n<meta property=\"article:modified_time\" content=\"2024-02-06T12:23:48+00:00\" \/>\n<meta property=\"og:image\" content=\"https:\/\/www.verdieditions.com\/equilibre-de-vie\/wp-content\/uploads\/2020\/10\/enfants-indigo-carroll-tober-1.jpg\" \/>\n\t<meta property=\"og:image:width\" content=\"800\" \/>\n\t<meta property=\"og:image:height\" content=\"1181\" \/>\n\t<meta property=\"og:image:type\" content=\"image\/jpeg\" \/>\n<meta name=\"twitter:card\" content=\"summary_large_image\" \/>\n<meta name=\"twitter:label1\" content=\"Dur\u00e9e de lecture estim\u00e9e\" \/>\n\t<meta name=\"twitter:data1\" content=\"1 minute\" \/>\n<script type=\"application\/ld+json\" class=\"yoast-schema-graph\">{\"@context\":\"https:\\\/\\\/schema.org\",\"@graph\":[{\"@type\":\"WebPage\",\"@id\":\"https:\\\/\\\/www.verdieditions.com\\\/equilibre-de-vie\\\/produit\\\/enfants-indigo-carroll-tober\\\/\",\"url\":\"https:\\\/\\\/www.verdieditions.com\\\/equilibre-de-vie\\\/produit\\\/enfants-indigo-carroll-tober\\\/\",\"name\":\"Les enfants indigo - Lee CARROLL - Jan TOBBER - Equilibre de Vie\",\"isPartOf\":{\"@id\":\"https:\\\/\\\/www.verdieditions.com\\\/equilibre-de-vie\\\/#website\"},\"primaryImageOfPage\":{\"@id\":\"https:\\\/\\\/www.verdieditions.com\\\/equilibre-de-vie\\\/produit\\\/enfants-indigo-carroll-tober\\\/#primaryimage\"},\"image\":{\"@id\":\"https:\\\/\\\/www.verdieditions.com\\\/equilibre-de-vie\\\/produit\\\/enfants-indigo-carroll-tober\\\/#primaryimage\"},\"thumbnailUrl\":\"https:\\\/\\\/www.verdieditions.com\\\/equilibre-de-vie\\\/wp-content\\\/uploads\\\/2020\\\/10\\\/enfants-indigo-carroll-tober-1.jpg\",\"datePublished\":\"2020-10-12T12:33:52+00:00\",\"dateModified\":\"2024-02-06T12:23:48+00:00\",\"description\":\"Auteur : Lee CARROLL - Jan TOBBER Titre : Les enfants indigo, enfants du 3\u00e8me mill\u00e9naire \u00c9diteur : Ariane, 1999 Dim. 14 x 21,5 272 pages\",\"breadcrumb\":{\"@id\":\"https:\\\/\\\/www.verdieditions.com\\\/equilibre-de-vie\\\/produit\\\/enfants-indigo-carroll-tober\\\/#breadcrumb\"},\"inLanguage\":\"fr-FR\",\"potentialAction\":[{\"@type\":\"ReadAction\",\"target\":[\"https:\\\/\\\/www.verdieditions.com\\\/equilibre-de-vie\\\/produit\\\/enfants-indigo-carroll-tober\\\/\"]}]},{\"@type\":\"ImageObject\",\"inLanguage\":\"fr-FR\",\"@id\":\"https:\\\/\\\/www.verdieditions.com\\\/equilibre-de-vie\\\/produit\\\/enfants-indigo-carroll-tober\\\/#primaryimage\",\"url\":\"https:\\\/\\\/www.verdieditions.com\\\/equilibre-de-vie\\\/wp-content\\\/uploads\\\/2020\\\/10\\\/enfants-indigo-carroll-tober-1.jpg\",\"contentUrl\":\"https:\\\/\\\/www.verdieditions.com\\\/equilibre-de-vie\\\/wp-content\\\/uploads\\\/2020\\\/10\\\/enfants-indigo-carroll-tober-1.jpg\",\"width\":800,\"height\":1181,\"caption\":\"enfants-indigo-carroll-tober-1\"},{\"@type\":\"BreadcrumbList\",\"@id\":\"https:\\\/\\\/www.verdieditions.com\\\/equilibre-de-vie\\\/produit\\\/enfants-indigo-carroll-tober\\\/#breadcrumb\",\"itemListElement\":[{\"@type\":\"ListItem\",\"position\":1,\"name\":\"Accueil\",\"item\":\"https:\\\/\\\/www.verdieditions.com\\\/equilibre-de-vie\\\/\"},{\"@type\":\"ListItem\",\"position\":2,\"name\":\"La boutique\",\"item\":\"https:\\\/\\\/www.verdieditions.com\\\/equilibre-de-vie\\\/boutique\\\/\"},{\"@type\":\"ListItem\",\"position\":3,\"name\":\"Les enfants indigo &#8211; Lee CARROLL &#8211; Jan TOBBER\"}]},{\"@type\":\"WebSite\",\"@id\":\"https:\\\/\\\/www.verdieditions.com\\\/equilibre-de-vie\\\/#website\",\"url\":\"https:\\\/\\\/www.verdieditions.com\\\/equilibre-de-vie\\\/\",\"name\":\"Equilibre de Vie\",\"description\":\"Ma boutique livres sant\u00e9, \u00e9sot\u00e9risme et d\u00e9veloppement personnel\",\"publisher\":{\"@id\":\"https:\\\/\\\/www.verdieditions.com\\\/equilibre-de-vie\\\/#\\\/schema\\\/person\\\/9dcb2a6759f2f5fbf43ac0b44649cecb\"},\"potentialAction\":[{\"@type\":\"SearchAction\",\"target\":{\"@type\":\"EntryPoint\",\"urlTemplate\":\"https:\\\/\\\/www.verdieditions.com\\\/equilibre-de-vie\\\/?s={search_term_string}\"},\"query-input\":{\"@type\":\"PropertyValueSpecification\",\"valueRequired\":true,\"valueName\":\"search_term_string\"}}],\"inLanguage\":\"fr-FR\"},{\"@type\":[\"Person\",\"Organization\"],\"@id\":\"https:\\\/\\\/www.verdieditions.com\\\/equilibre-de-vie\\\/#\\\/schema\\\/person\\\/9dcb2a6759f2f5fbf43ac0b44649cecb\",\"name\":\"Sylvie VERDI\",\"image\":{\"@type\":\"ImageObject\",\"inLanguage\":\"fr-FR\",\"@id\":\"https:\\\/\\\/www.verdieditions.com\\\/equilibre-de-vie\\\/wp-content\\\/uploads\\\/2020\\\/04\\\/livres-occasion-sante-esoterisme-developpement-personnel-2.jpg\",\"url\":\"https:\\\/\\\/www.verdieditions.com\\\/equilibre-de-vie\\\/wp-content\\\/uploads\\\/2020\\\/04\\\/livres-occasion-sante-esoterisme-developpement-personnel-2.jpg\",\"contentUrl\":\"https:\\\/\\\/www.verdieditions.com\\\/equilibre-de-vie\\\/wp-content\\\/uploads\\\/2020\\\/04\\\/livres-occasion-sante-esoterisme-developpement-personnel-2.jpg\",\"width\":800,\"height\":572,\"caption\":\"Sylvie VERDI\"},\"logo\":{\"@id\":\"https:\\\/\\\/www.verdieditions.com\\\/equilibre-de-vie\\\/wp-content\\\/uploads\\\/2020\\\/04\\\/livres-occasion-sante-esoterisme-developpement-personnel-2.jpg\"},\"sameAs\":[\"https:\\\/\\\/www.verdieditions.com\\\/equilibre-de-vie\"]}]}<\/script>\n<!-- \/ Yoast SEO plugin. -->","yoast_head_json":{"title":"Les enfants indigo - Lee CARROLL - Jan TOBBER - Equilibre de Vie","description":"Auteur : Lee CARROLL - Jan TOBBER Titre : Les enfants indigo, enfants du 3\u00e8me mill\u00e9naire \u00c9diteur : Ariane, 1999 Dim. 14 x 21,5 272 pages","robots":{"index":"index","follow":"follow","max-snippet":"max-snippet:-1","max-image-preview":"max-image-preview:large","max-video-preview":"max-video-preview:-1"},"canonical":"https:\/\/www.verdieditions.com\/equilibre-de-vie\/produit\/enfants-indigo-carroll-tober\/","og_locale":"fr_FR","og_type":"article","og_title":"Les enfants indigo - Lee CARROLL - Jan TOBBER - Equilibre de Vie","og_description":"Auteur : Lee CARROLL - Jan TOBBER Titre : Les enfants indigo, enfants du 3\u00e8me mill\u00e9naire \u00c9diteur : Ariane, 1999 Dim. 14 x 21,5 272 pages","og_url":"https:\/\/www.verdieditions.com\/equilibre-de-vie\/produit\/enfants-indigo-carroll-tober\/","og_site_name":"Equilibre de Vie","article_modified_time":"2024-02-06T12:23:48+00:00","og_image":[{"width":800,"height":1181,"url":"https:\/\/www.verdieditions.com\/equilibre-de-vie\/wp-content\/uploads\/2020\/10\/enfants-indigo-carroll-tober-1.jpg","type":"image\/jpeg"}],"twitter_card":"summary_large_image","twitter_misc":{"Dur\u00e9e de lecture estim\u00e9e":"1 minute"},"schema":{"@context":"https:\/\/schema.org","@graph":[{"@type":"WebPage","@id":"https:\/\/www.verdieditions.com\/equilibre-de-vie\/produit\/enfants-indigo-carroll-tober\/","url":"https:\/\/www.verdieditions.com\/equilibre-de-vie\/produit\/enfants-indigo-carroll-tober\/","name":"Les enfants indigo - Lee CARROLL - Jan TOBBER - Equilibre de Vie","isPartOf":{"@id":"https:\/\/www.verdieditions.com\/equilibre-de-vie\/#website"},"primaryImageOfPage":{"@id":"https:\/\/www.verdieditions.com\/equilibre-de-vie\/produit\/enfants-indigo-carroll-tober\/#primaryimage"},"image":{"@id":"https:\/\/www.verdieditions.com\/equilibre-de-vie\/produit\/enfants-indigo-carroll-tober\/#primaryimage"},"thumbnailUrl":"https:\/\/www.verdieditions.com\/equilibre-de-vie\/wp-content\/uploads\/2020\/10\/enfants-indigo-carroll-tober-1.jpg","datePublished":"2020-10-12T12:33:52+00:00","dateModified":"2024-02-06T12:23:48+00:00","description":"Auteur : Lee CARROLL - Jan TOBBER Titre : Les enfants indigo, enfants du 3\u00e8me mill\u00e9naire \u00c9diteur : Ariane, 1999 Dim. 14 x 21,5 272 pages","breadcrumb":{"@id":"https:\/\/www.verdieditions.com\/equilibre-de-vie\/produit\/enfants-indigo-carroll-tober\/#breadcrumb"},"inLanguage":"fr-FR","potentialAction":[{"@type":"ReadAction","target":["https:\/\/www.verdieditions.com\/equilibre-de-vie\/produit\/enfants-indigo-carroll-tober\/"]}]},{"@type":"ImageObject","inLanguage":"fr-FR","@id":"https:\/\/www.verdieditions.com\/equilibre-de-vie\/produit\/enfants-indigo-carroll-tober\/#primaryimage","url":"https:\/\/www.verdieditions.com\/equilibre-de-vie\/wp-content\/uploads\/2020\/10\/enfants-indigo-carroll-tober-1.jpg","contentUrl":"https:\/\/www.verdieditions.com\/equilibre-de-vie\/wp-content\/uploads\/2020\/10\/enfants-indigo-carroll-tober-1.jpg","width":800,"height":1181,"caption":"enfants-indigo-carroll-tober-1"},{"@type":"BreadcrumbList","@id":"https:\/\/www.verdieditions.com\/equilibre-de-vie\/produit\/enfants-indigo-carroll-tober\/#breadcrumb","itemListElement":[{"@type":"ListItem","position":1,"name":"Accueil","item":"https:\/\/www.verdieditions.com\/equilibre-de-vie\/"},{"@type":"ListItem","position":2,"name":"La boutique","item":"https:\/\/www.verdieditions.com\/equilibre-de-vie\/boutique\/"},{"@type":"ListItem","position":3,"name":"Les enfants indigo &#8211; Lee CARROLL &#8211; Jan TOBBER"}]},{"@type":"WebSite","@id":"https:\/\/www.verdieditions.com\/equilibre-de-vie\/#website","url":"https:\/\/www.verdieditions.com\/equilibre-de-vie\/","name":"Equilibre de Vie","description":"Ma boutique livres sant\u00e9, \u00e9sot\u00e9risme et d\u00e9veloppement personnel","publisher":{"@id":"https:\/\/www.verdieditions.com\/equilibre-de-vie\/#\/schema\/person\/9dcb2a6759f2f5fbf43ac0b44649cecb"},"potentialAction":[{"@type":"SearchAction","target":{"@type":"EntryPoint","urlTemplate":"https:\/\/www.verdieditions.com\/equilibre-de-vie\/?s={search_term_string}"},"query-input":{"@type":"PropertyValueSpecification","valueRequired":true,"valueName":"search_term_string"}}],"inLanguage":"fr-FR"},{"@type":["Person","Organization"],"@id":"https:\/\/www.verdieditions.com\/equilibre-de-vie\/#\/schema\/person\/9dcb2a6759f2f5fbf43ac0b44649cecb","name":"Sylvie VERDI","image":{"@type":"ImageObject","inLanguage":"fr-FR","@id":"https:\/\/www.verdieditions.com\/equilibre-de-vie\/wp-content\/uploads\/2020\/04\/livres-occasion-sante-esoterisme-developpement-personnel-2.jpg","url":"https:\/\/www.verdieditions.com\/equilibre-de-vie\/wp-content\/uploads\/2020\/04\/livres-occasion-sante-esoterisme-developpement-personnel-2.jpg","contentUrl":"https:\/\/www.verdieditions.com\/equilibre-de-vie\/wp-content\/uploads\/2020\/04\/livres-occasion-sante-esoterisme-developpement-personnel-2.jpg","width":800,"height":572,"caption":"Sylvie VERDI"},"logo":{"@id":"https:\/\/www.verdieditions.com\/equilibre-de-vie\/wp-content\/uploads\/2020\/04\/livres-occasion-sante-esoterisme-developpement-personnel-2.jpg"},"sameAs":["https:\/\/www.verdieditions.com\/equilibre-de-vie"]}]}},"_links":{"self":[{"href":"https:\/\/www.verdieditions.com\/equilibre-de-vie\/wp-json\/wp\/v2\/product\/1317","targetHints":{"allow":["GET"]}}],"collection":[{"href":"https:\/\/www.verdieditions.com\/equilibre-de-vie\/wp-json\/wp\/v2\/product"}],"about":[{"href":"https:\/\/www.verdieditions.com\/equilibre-de-vie\/wp-json\/wp\/v2\/types\/product"}],"wp:featuredmedia":[{"embeddable":true,"href":"https:\/\/www.verdieditions.com\/equilibre-de-vie\/wp-json\/wp\/v2\/media\/1319"}],"wp:attachment":[{"href":"https:\/\/www.verdieditions.com\/equilibre-de-vie\/wp-json\/wp\/v2\/media?parent=1317"}],"wp:term":[{"taxonomy":"product_brand","embeddable":true,"href":"https:\/\/www.verdieditions.com\/equilibre-de-vie\/wp-json\/wp\/v2\/product_brand?post=1317"},{"taxonomy":"product_cat","embeddable":true,"href":"https:\/\/www.verdieditions.com\/equilibre-de-vie\/wp-json\/wp\/v2\/product_cat?post=1317"},{"taxonomy":"product_tag","embeddable":true,"href":"https:\/\/www.verdieditions.com\/equilibre-de-vie\/wp-json\/wp\/v2\/product_tag?post=1317"}],"curies":[{"name":"wp","href":"https:\/\/api.w.org\/{rel}","templated":true}]}}