{"id":1314,"date":"2020-10-12T14:21:19","date_gmt":"2020-10-12T12:21:19","guid":{"rendered":"https:\/\/www.verdieditions.com\/equilibre-de-vie\/?post_type=product&#038;p=1314"},"modified":"2025-02-03T21:28:47","modified_gmt":"2025-02-03T20:28:47","slug":"secret-peuples-sans-cancer-willem","status":"publish","type":"product","link":"https:\/\/www.verdieditions.com\/equilibre-de-vie\/produit\/secret-peuples-sans-cancer-willem\/","title":{"rendered":"Le secret des peuples sans cancer (5\u00e8me \u00e9d.) &#8211; Dr Jean-Pierre WILLEM"},"content":{"rendered":"<p>Auteur : Dr Jean-Pierre WILLEM<br \/>\nTitre : Le secret des peuples sans cancer, approche et traitements compl\u00e9mentaires de 44 cancers<br \/>\n\u00c9diteur : Dauphin, 2014, <strong>5\u00e8me et nouvelle \u00e9dition, revue et augment\u00e9e<\/strong><br \/>\nExcellent \u00e9tat<br \/>\nDim. 16 x 24<br \/>\n398 pages<\/p>\n<p>A partir de recherches et d&rsquo;observations scientifiques, cette 5\u00e8me et nouvelle \u00e9dition revue et augment\u00e9e a pour objet, d&rsquo;expliquer au lecteur ce qu&rsquo;est r\u00e9ellement un cancer et comment l&rsquo;\u00e9viter.<\/p>\n<p>Imaginons une soci\u00e9t\u00e9 sans crises cardiaques, sans cancers ; imaginons un monde o\u00f9 tous les maux qui frappent notre soci\u00e9t\u00e9 moderne auraient \u00e9t\u00e9 pratiquement \u00e9limin\u00e9s. Ne pourrions-nous pas \u00e9voquer le pays des Hounzas aux confins de l&rsquo;Inde et du Cachemire, la Vall\u00e9e des centenaires en Equateur et les habitants de l&rsquo;\u00eele d&rsquo;Okinawa.<\/p>\n<p>Ces populations vivent essentiellement de produits naturels et mangent mod\u00e9r\u00e9ment. Ces contr\u00e9es, \u00e0 l&rsquo;abri des fl\u00e9aux de la vie moderne, ne connaissent pas la maladie. Selon l&rsquo;aphorisme, \u00ab\u00a0Le microbe n&rsquo;est rien, le terrain est tout\u00a0\u00bb : alors privil\u00e9gions le terrain, renfor\u00e7ons-le, modifions-le dans le sens o\u00f9 la maladie n&rsquo;aura plus prise. Des faits, des tests, des arguments pathog\u00e9niques et pharmacologiques mat\u00e9rialisent le bon chemin de la pr\u00e9vention active consistant en la mise en acidose de notre organisme et au renforcement des cellules saines.<\/p>\n<p>Ce livre a \u00e9t\u00e9 con\u00e7u comme une arme offerte aux malades atteints de ce mal si terrible pour gagner ce combat.<\/p>\n<p>Il existe pour chaque phase d&rsquo;\u00e9volution de la maladie des strat\u00e9gies th\u00e9rapeutiques appropri\u00e9es. En plus d&rsquo;un inventaire au cas par cas des derni\u00e8res avanc\u00e9es m\u00e9dicales et d&rsquo;un arsenal de strat\u00e9gies mises \u00e0 notre disposition pour combattre la maladie, cette nouvelle \u00e9dition expose le d\u00e9roulement et le traitement de 44 cancers trait\u00e9s en m\u00e9decines compl\u00e9mentaires.<\/p>\n<p>Ce livre est aujourd&rsquo;hui un ouvrage de r\u00e9f\u00e9rence.<\/p>\n","protected":false},"excerpt":{"rendered":"<p>Auteur : Dr Jean-Pierre WILLEM<br \/>\nTitre : Le secret des peuples sans cancer, approche et traitements compl\u00e9mentaires de 44 cancers<br \/>\n\u00c9diteur : Dauphin, 2014, <strong>5\u00e8me et nouvelle \u00e9dition, revue et augment\u00e9e<\/strong><br \/>\nExcellent \u00e9tat<br \/>\nDim. 16 x 24<br \/>\n398 pages<\/p>\n","protected":false},"featured_media":1316,"template":"","meta":[],"product_brand":[],"product_cat":[21],"product_tag":[247,73,74,149],"class_list":{"0":"post-1314","1":"product","2":"type-product","3":"status-publish","4":"has-post-thumbnail","6":"product_cat-sante","7":"product_tag-cancer","8":"product_tag-guerir","9":"product_tag-guerison","10":"product_tag-soigner","12":"first","13":"outofstock","14":"shipping-taxable","15":"product-type-simple"},"yoast_head":"<!-- This site is optimized with the Yoast SEO plugin v27.4 - https:\/\/yoast.com\/product\/yoast-seo-wordpress\/ -->\n<title>Le secret des peuples sans cancer (5\u00e8me \u00e9d.) - Dr Jean-Pierre WILLEM - Equilibre de Vie<\/title>\n<meta name=\"description\" content=\"Auteur : Dr Jean-Pierre WILLEM Titre : Le secret des peuples sans cancer, \u00c9diteur : Dauphin, 2014, 5\u00e8me \u00e9d. Dim. 16 x 24 398 pages\" \/>\n<meta name=\"robots\" content=\"index, follow, max-snippet:-1, max-image-preview:large, max-video-preview:-1\" \/>\n<link rel=\"canonical\" href=\"https:\/\/www.verdieditions.com\/equilibre-de-vie\/produit\/secret-peuples-sans-cancer-willem\/\" \/>\n<meta property=\"og:locale\" content=\"fr_FR\" \/>\n<meta property=\"og:type\" content=\"article\" \/>\n<meta property=\"og:title\" content=\"Le secret des peuples sans cancer (5\u00e8me \u00e9d.) - Dr Jean-Pierre WILLEM - Equilibre de Vie\" \/>\n<meta property=\"og:description\" content=\"Auteur : Dr Jean-Pierre WILLEM Titre : Le secret des peuples sans cancer, \u00c9diteur : Dauphin, 2014, 5\u00e8me \u00e9d. Dim. 16 x 24 398 pages\" \/>\n<meta property=\"og:url\" content=\"https:\/\/www.verdieditions.com\/equilibre-de-vie\/produit\/secret-peuples-sans-cancer-willem\/\" \/>\n<meta property=\"og:site_name\" content=\"Equilibre de Vie\" \/>\n<meta property=\"article:modified_time\" content=\"2025-02-03T20:28:47+00:00\" \/>\n<meta property=\"og:image\" content=\"https:\/\/www.verdieditions.com\/equilibre-de-vie\/wp-content\/uploads\/2020\/10\/secret-peuples-sans-cancer-willem-1.jpg\" \/>\n\t<meta property=\"og:image:width\" content=\"800\" \/>\n\t<meta property=\"og:image:height\" content=\"1183\" \/>\n\t<meta property=\"og:image:type\" content=\"image\/jpeg\" \/>\n<meta name=\"twitter:card\" content=\"summary_large_image\" \/>\n<meta name=\"twitter:label1\" content=\"Dur\u00e9e de lecture estim\u00e9e\" \/>\n\t<meta name=\"twitter:data1\" content=\"2 minutes\" \/>\n<script type=\"application\/ld+json\" class=\"yoast-schema-graph\">{\"@context\":\"https:\\\/\\\/schema.org\",\"@graph\":[{\"@type\":\"WebPage\",\"@id\":\"https:\\\/\\\/www.verdieditions.com\\\/equilibre-de-vie\\\/produit\\\/secret-peuples-sans-cancer-willem\\\/\",\"url\":\"https:\\\/\\\/www.verdieditions.com\\\/equilibre-de-vie\\\/produit\\\/secret-peuples-sans-cancer-willem\\\/\",\"name\":\"Le secret des peuples sans cancer (5\u00e8me \u00e9d.) - Dr Jean-Pierre WILLEM - Equilibre de Vie\",\"isPartOf\":{\"@id\":\"https:\\\/\\\/www.verdieditions.com\\\/equilibre-de-vie\\\/#website\"},\"primaryImageOfPage\":{\"@id\":\"https:\\\/\\\/www.verdieditions.com\\\/equilibre-de-vie\\\/produit\\\/secret-peuples-sans-cancer-willem\\\/#primaryimage\"},\"image\":{\"@id\":\"https:\\\/\\\/www.verdieditions.com\\\/equilibre-de-vie\\\/produit\\\/secret-peuples-sans-cancer-willem\\\/#primaryimage\"},\"thumbnailUrl\":\"https:\\\/\\\/www.verdieditions.com\\\/equilibre-de-vie\\\/wp-content\\\/uploads\\\/2020\\\/10\\\/secret-peuples-sans-cancer-willem-1.jpg\",\"datePublished\":\"2020-10-12T12:21:19+00:00\",\"dateModified\":\"2025-02-03T20:28:47+00:00\",\"description\":\"Auteur : Dr Jean-Pierre WILLEM Titre : Le secret des peuples sans cancer, \u00c9diteur : Dauphin, 2014, 5\u00e8me \u00e9d. Dim. 16 x 24 398 pages\",\"breadcrumb\":{\"@id\":\"https:\\\/\\\/www.verdieditions.com\\\/equilibre-de-vie\\\/produit\\\/secret-peuples-sans-cancer-willem\\\/#breadcrumb\"},\"inLanguage\":\"fr-FR\",\"potentialAction\":[{\"@type\":\"ReadAction\",\"target\":[\"https:\\\/\\\/www.verdieditions.com\\\/equilibre-de-vie\\\/produit\\\/secret-peuples-sans-cancer-willem\\\/\"]}]},{\"@type\":\"ImageObject\",\"inLanguage\":\"fr-FR\",\"@id\":\"https:\\\/\\\/www.verdieditions.com\\\/equilibre-de-vie\\\/produit\\\/secret-peuples-sans-cancer-willem\\\/#primaryimage\",\"url\":\"https:\\\/\\\/www.verdieditions.com\\\/equilibre-de-vie\\\/wp-content\\\/uploads\\\/2020\\\/10\\\/secret-peuples-sans-cancer-willem-1.jpg\",\"contentUrl\":\"https:\\\/\\\/www.verdieditions.com\\\/equilibre-de-vie\\\/wp-content\\\/uploads\\\/2020\\\/10\\\/secret-peuples-sans-cancer-willem-1.jpg\",\"width\":800,\"height\":1183,\"caption\":\"secret-peuples-sans-cancer-willem-1\"},{\"@type\":\"BreadcrumbList\",\"@id\":\"https:\\\/\\\/www.verdieditions.com\\\/equilibre-de-vie\\\/produit\\\/secret-peuples-sans-cancer-willem\\\/#breadcrumb\",\"itemListElement\":[{\"@type\":\"ListItem\",\"position\":1,\"name\":\"Accueil\",\"item\":\"https:\\\/\\\/www.verdieditions.com\\\/equilibre-de-vie\\\/\"},{\"@type\":\"ListItem\",\"position\":2,\"name\":\"La boutique\",\"item\":\"https:\\\/\\\/www.verdieditions.com\\\/equilibre-de-vie\\\/boutique\\\/\"},{\"@type\":\"ListItem\",\"position\":3,\"name\":\"Le secret des peuples sans cancer (5\u00e8me \u00e9d.) &#8211; Dr Jean-Pierre WILLEM\"}]},{\"@type\":\"WebSite\",\"@id\":\"https:\\\/\\\/www.verdieditions.com\\\/equilibre-de-vie\\\/#website\",\"url\":\"https:\\\/\\\/www.verdieditions.com\\\/equilibre-de-vie\\\/\",\"name\":\"Equilibre de Vie\",\"description\":\"Ma boutique livres sant\u00e9, \u00e9sot\u00e9risme et d\u00e9veloppement personnel\",\"publisher\":{\"@id\":\"https:\\\/\\\/www.verdieditions.com\\\/equilibre-de-vie\\\/#\\\/schema\\\/person\\\/9dcb2a6759f2f5fbf43ac0b44649cecb\"},\"potentialAction\":[{\"@type\":\"SearchAction\",\"target\":{\"@type\":\"EntryPoint\",\"urlTemplate\":\"https:\\\/\\\/www.verdieditions.com\\\/equilibre-de-vie\\\/?s={search_term_string}\"},\"query-input\":{\"@type\":\"PropertyValueSpecification\",\"valueRequired\":true,\"valueName\":\"search_term_string\"}}],\"inLanguage\":\"fr-FR\"},{\"@type\":[\"Person\",\"Organization\"],\"@id\":\"https:\\\/\\\/www.verdieditions.com\\\/equilibre-de-vie\\\/#\\\/schema\\\/person\\\/9dcb2a6759f2f5fbf43ac0b44649cecb\",\"name\":\"Sylvie VERDI\",\"image\":{\"@type\":\"ImageObject\",\"inLanguage\":\"fr-FR\",\"@id\":\"https:\\\/\\\/www.verdieditions.com\\\/equilibre-de-vie\\\/wp-content\\\/uploads\\\/2020\\\/04\\\/livres-occasion-sante-esoterisme-developpement-personnel-2.jpg\",\"url\":\"https:\\\/\\\/www.verdieditions.com\\\/equilibre-de-vie\\\/wp-content\\\/uploads\\\/2020\\\/04\\\/livres-occasion-sante-esoterisme-developpement-personnel-2.jpg\",\"contentUrl\":\"https:\\\/\\\/www.verdieditions.com\\\/equilibre-de-vie\\\/wp-content\\\/uploads\\\/2020\\\/04\\\/livres-occasion-sante-esoterisme-developpement-personnel-2.jpg\",\"width\":800,\"height\":572,\"caption\":\"Sylvie VERDI\"},\"logo\":{\"@id\":\"https:\\\/\\\/www.verdieditions.com\\\/equilibre-de-vie\\\/wp-content\\\/uploads\\\/2020\\\/04\\\/livres-occasion-sante-esoterisme-developpement-personnel-2.jpg\"},\"sameAs\":[\"https:\\\/\\\/www.verdieditions.com\\\/equilibre-de-vie\"]}]}<\/script>\n<!-- \/ Yoast SEO plugin. -->","yoast_head_json":{"title":"Le secret des peuples sans cancer (5\u00e8me \u00e9d.) - Dr Jean-Pierre WILLEM - Equilibre de Vie","description":"Auteur : Dr Jean-Pierre WILLEM Titre : Le secret des peuples sans cancer, \u00c9diteur : Dauphin, 2014, 5\u00e8me \u00e9d. Dim. 16 x 24 398 pages","robots":{"index":"index","follow":"follow","max-snippet":"max-snippet:-1","max-image-preview":"max-image-preview:large","max-video-preview":"max-video-preview:-1"},"canonical":"https:\/\/www.verdieditions.com\/equilibre-de-vie\/produit\/secret-peuples-sans-cancer-willem\/","og_locale":"fr_FR","og_type":"article","og_title":"Le secret des peuples sans cancer (5\u00e8me \u00e9d.) - Dr Jean-Pierre WILLEM - Equilibre de Vie","og_description":"Auteur : Dr Jean-Pierre WILLEM Titre : Le secret des peuples sans cancer, \u00c9diteur : Dauphin, 2014, 5\u00e8me \u00e9d. Dim. 16 x 24 398 pages","og_url":"https:\/\/www.verdieditions.com\/equilibre-de-vie\/produit\/secret-peuples-sans-cancer-willem\/","og_site_name":"Equilibre de Vie","article_modified_time":"2025-02-03T20:28:47+00:00","og_image":[{"width":800,"height":1183,"url":"https:\/\/www.verdieditions.com\/equilibre-de-vie\/wp-content\/uploads\/2020\/10\/secret-peuples-sans-cancer-willem-1.jpg","type":"image\/jpeg"}],"twitter_card":"summary_large_image","twitter_misc":{"Dur\u00e9e de lecture estim\u00e9e":"2 minutes"},"schema":{"@context":"https:\/\/schema.org","@graph":[{"@type":"WebPage","@id":"https:\/\/www.verdieditions.com\/equilibre-de-vie\/produit\/secret-peuples-sans-cancer-willem\/","url":"https:\/\/www.verdieditions.com\/equilibre-de-vie\/produit\/secret-peuples-sans-cancer-willem\/","name":"Le secret des peuples sans cancer (5\u00e8me \u00e9d.) - Dr Jean-Pierre WILLEM - Equilibre de Vie","isPartOf":{"@id":"https:\/\/www.verdieditions.com\/equilibre-de-vie\/#website"},"primaryImageOfPage":{"@id":"https:\/\/www.verdieditions.com\/equilibre-de-vie\/produit\/secret-peuples-sans-cancer-willem\/#primaryimage"},"image":{"@id":"https:\/\/www.verdieditions.com\/equilibre-de-vie\/produit\/secret-peuples-sans-cancer-willem\/#primaryimage"},"thumbnailUrl":"https:\/\/www.verdieditions.com\/equilibre-de-vie\/wp-content\/uploads\/2020\/10\/secret-peuples-sans-cancer-willem-1.jpg","datePublished":"2020-10-12T12:21:19+00:00","dateModified":"2025-02-03T20:28:47+00:00","description":"Auteur : Dr Jean-Pierre WILLEM Titre : Le secret des peuples sans cancer, \u00c9diteur : Dauphin, 2014, 5\u00e8me \u00e9d. Dim. 16 x 24 398 pages","breadcrumb":{"@id":"https:\/\/www.verdieditions.com\/equilibre-de-vie\/produit\/secret-peuples-sans-cancer-willem\/#breadcrumb"},"inLanguage":"fr-FR","potentialAction":[{"@type":"ReadAction","target":["https:\/\/www.verdieditions.com\/equilibre-de-vie\/produit\/secret-peuples-sans-cancer-willem\/"]}]},{"@type":"ImageObject","inLanguage":"fr-FR","@id":"https:\/\/www.verdieditions.com\/equilibre-de-vie\/produit\/secret-peuples-sans-cancer-willem\/#primaryimage","url":"https:\/\/www.verdieditions.com\/equilibre-de-vie\/wp-content\/uploads\/2020\/10\/secret-peuples-sans-cancer-willem-1.jpg","contentUrl":"https:\/\/www.verdieditions.com\/equilibre-de-vie\/wp-content\/uploads\/2020\/10\/secret-peuples-sans-cancer-willem-1.jpg","width":800,"height":1183,"caption":"secret-peuples-sans-cancer-willem-1"},{"@type":"BreadcrumbList","@id":"https:\/\/www.verdieditions.com\/equilibre-de-vie\/produit\/secret-peuples-sans-cancer-willem\/#breadcrumb","itemListElement":[{"@type":"ListItem","position":1,"name":"Accueil","item":"https:\/\/www.verdieditions.com\/equilibre-de-vie\/"},{"@type":"ListItem","position":2,"name":"La boutique","item":"https:\/\/www.verdieditions.com\/equilibre-de-vie\/boutique\/"},{"@type":"ListItem","position":3,"name":"Le secret des peuples sans cancer (5\u00e8me \u00e9d.) &#8211; Dr Jean-Pierre WILLEM"}]},{"@type":"WebSite","@id":"https:\/\/www.verdieditions.com\/equilibre-de-vie\/#website","url":"https:\/\/www.verdieditions.com\/equilibre-de-vie\/","name":"Equilibre de Vie","description":"Ma boutique livres sant\u00e9, \u00e9sot\u00e9risme et d\u00e9veloppement personnel","publisher":{"@id":"https:\/\/www.verdieditions.com\/equilibre-de-vie\/#\/schema\/person\/9dcb2a6759f2f5fbf43ac0b44649cecb"},"potentialAction":[{"@type":"SearchAction","target":{"@type":"EntryPoint","urlTemplate":"https:\/\/www.verdieditions.com\/equilibre-de-vie\/?s={search_term_string}"},"query-input":{"@type":"PropertyValueSpecification","valueRequired":true,"valueName":"search_term_string"}}],"inLanguage":"fr-FR"},{"@type":["Person","Organization"],"@id":"https:\/\/www.verdieditions.com\/equilibre-de-vie\/#\/schema\/person\/9dcb2a6759f2f5fbf43ac0b44649cecb","name":"Sylvie VERDI","image":{"@type":"ImageObject","inLanguage":"fr-FR","@id":"https:\/\/www.verdieditions.com\/equilibre-de-vie\/wp-content\/uploads\/2020\/04\/livres-occasion-sante-esoterisme-developpement-personnel-2.jpg","url":"https:\/\/www.verdieditions.com\/equilibre-de-vie\/wp-content\/uploads\/2020\/04\/livres-occasion-sante-esoterisme-developpement-personnel-2.jpg","contentUrl":"https:\/\/www.verdieditions.com\/equilibre-de-vie\/wp-content\/uploads\/2020\/04\/livres-occasion-sante-esoterisme-developpement-personnel-2.jpg","width":800,"height":572,"caption":"Sylvie VERDI"},"logo":{"@id":"https:\/\/www.verdieditions.com\/equilibre-de-vie\/wp-content\/uploads\/2020\/04\/livres-occasion-sante-esoterisme-developpement-personnel-2.jpg"},"sameAs":["https:\/\/www.verdieditions.com\/equilibre-de-vie"]}]}},"_links":{"self":[{"href":"https:\/\/www.verdieditions.com\/equilibre-de-vie\/wp-json\/wp\/v2\/product\/1314","targetHints":{"allow":["GET"]}}],"collection":[{"href":"https:\/\/www.verdieditions.com\/equilibre-de-vie\/wp-json\/wp\/v2\/product"}],"about":[{"href":"https:\/\/www.verdieditions.com\/equilibre-de-vie\/wp-json\/wp\/v2\/types\/product"}],"wp:featuredmedia":[{"embeddable":true,"href":"https:\/\/www.verdieditions.com\/equilibre-de-vie\/wp-json\/wp\/v2\/media\/1316"}],"wp:attachment":[{"href":"https:\/\/www.verdieditions.com\/equilibre-de-vie\/wp-json\/wp\/v2\/media?parent=1314"}],"wp:term":[{"taxonomy":"product_brand","embeddable":true,"href":"https:\/\/www.verdieditions.com\/equilibre-de-vie\/wp-json\/wp\/v2\/product_brand?post=1314"},{"taxonomy":"product_cat","embeddable":true,"href":"https:\/\/www.verdieditions.com\/equilibre-de-vie\/wp-json\/wp\/v2\/product_cat?post=1314"},{"taxonomy":"product_tag","embeddable":true,"href":"https:\/\/www.verdieditions.com\/equilibre-de-vie\/wp-json\/wp\/v2\/product_tag?post=1314"}],"curies":[{"name":"wp","href":"https:\/\/api.w.org\/{rel}","templated":true}]}}