{"id":1268,"date":"2020-08-06T10:34:57","date_gmt":"2020-08-06T08:34:57","guid":{"rendered":"https:\/\/www.verdieditions.com\/equilibre-de-vie\/?post_type=product&#038;p=1268"},"modified":"2024-02-06T14:04:40","modified_gmt":"2024-02-06T13:04:40","slug":"veggie-famille-defossez","status":"publish","type":"product","link":"https:\/\/www.verdieditions.com\/equilibre-de-vie\/produit\/veggie-famille-defossez\/","title":{"rendered":"Veggie en famille &#8211; H. DEFOSSEZ &#8211; L. LEBRUN"},"content":{"rendered":"<p>Auteur : H\u00e9l\u00e8ne DEFOSSEZ &#8211; Lise LEBRUN, nutritioniste<br \/>\nTitre : Veggie en famille, femme enceinte, b\u00e9b\u00e9, enfant, adulte, s\u00e9nior, tous les secrets d&rsquo;une vie healhty<br \/>\n\u00c9diteur : Leduc Pratique, 2018<br \/>\nInclus 1 cahier de recettes gourmandes<br \/>\nExcellent \u00e9tat<br \/>\nDim. 15 x 21<br \/>\n254 pages<\/p>\n<p>LE V\u00c9G\u00c9TARISME SELON LES BESOINS DE CHACUN !<br \/>\nFemme enceinte, b\u00e9b\u00e9, enfant, adulte, senior : tous les secrets d&rsquo;une vie healthy<br \/>\nQui a dit qu&rsquo;\u00eatre v\u00e9g\u00e9tarien \u00e9tait un simple effet de mode ? S\u00fbrement pas H\u00e9l\u00e8ne ni Lise ! V\u00e9g\u00e9tariennes depuis de nombreuses ann\u00e9es, elles partagent avec vous leur enthousiasme pour ce mode de vie sain, g\u00e9n\u00e9reux et \u00e9cologique. Elles vous confient tous leurs bons plans pour \u00eatre v\u00e9g\u00e9tarien au quotidien et vous r\u00e9galer en famille.<br \/>\nVous trouverez dans cet ouvrage clair et pratique :<br \/>\n&#8211; Les bases d&rsquo;une alimentation v\u00e9g\u00e9tarienne \u00e9quilibr\u00e9e.<br \/>\n&#8211; Les superaliments \u00e0 privil\u00e9gier.<br \/>\n&#8211; Tous les conseils pour \u00eatre v\u00e9g\u00e9tarien \u00e0 tout \u00e2ge et \u00e0 chaque \u00e9tape de la vie.<br \/>\n&#8211; Des t\u00e9moignages et les astuces de blogueurs et d&rsquo;influenceurs.<br \/>\n&#8211; En bonus, un carnet de recettes tr\u00e8s gourmandes.<br \/>\nL&rsquo;ouvrage indispensable pour \u00eatre veggie en famille et vous faire plaisir !<\/p>\n","protected":false},"excerpt":{"rendered":"<p>Auteur : H\u00e9l\u00e8ne DEFOSSEZ &#8211; Lise LEBRUN, nutritioniste<br \/>\nTitre : Veggie en famille, femme enceinte, b\u00e9b\u00e9, enfant, adulte, s\u00e9nior, tous les secrets d&rsquo;une vie healhty<br \/>\n\u00c9diteur : Leduc Pratique, 2018<br \/>\nInclus 1 cahier de recettes gourmandes<br \/>\nExcellent \u00e9tat<br \/>\nDim. 15 x 21<br \/>\n254 pages<\/p>\n","protected":false},"featured_media":1269,"template":"","meta":[],"product_brand":[],"product_cat":[21],"product_tag":[238,68,136],"class_list":{"0":"post-1268","1":"product","2":"type-product","3":"status-publish","4":"has-post-thumbnail","6":"product_cat-sante","7":"product_tag-alimentation","8":"product_tag-forme","9":"product_tag-regime","11":"first","12":"instock","13":"featured","14":"shipping-taxable","15":"product-type-simple"},"yoast_head":"<!-- This site is optimized with the Yoast SEO plugin v27.4 - https:\/\/yoast.com\/product\/yoast-seo-wordpress\/ -->\n<title>Veggie en famille - H. DEFOSSEZ - L. LEBRUN - Equilibre de Vie<\/title>\n<meta name=\"description\" content=\"Auteur : H\u00e9l\u00e8ne DEFOSSEZ - Lise LEBRUN, nutritioniste Titre : Veggie en famille, \u00c9diteur : Leduc Pratique, 2018 Dim. 15 x 21 254 pages\" \/>\n<meta name=\"robots\" content=\"index, follow, max-snippet:-1, max-image-preview:large, max-video-preview:-1\" \/>\n<link rel=\"canonical\" href=\"https:\/\/www.verdieditions.com\/equilibre-de-vie\/produit\/veggie-famille-defossez\/\" \/>\n<meta property=\"og:locale\" content=\"fr_FR\" \/>\n<meta property=\"og:type\" content=\"article\" \/>\n<meta property=\"og:title\" content=\"Veggie en famille - H. DEFOSSEZ - L. LEBRUN - Equilibre de Vie\" \/>\n<meta property=\"og:description\" content=\"Auteur : H\u00e9l\u00e8ne DEFOSSEZ - Lise LEBRUN, nutritioniste Titre : Veggie en famille, \u00c9diteur : Leduc Pratique, 2018 Dim. 15 x 21 254 pages\" \/>\n<meta property=\"og:url\" content=\"https:\/\/www.verdieditions.com\/equilibre-de-vie\/produit\/veggie-famille-defossez\/\" \/>\n<meta property=\"og:site_name\" content=\"Equilibre de Vie\" \/>\n<meta property=\"article:modified_time\" content=\"2024-02-06T13:04:40+00:00\" \/>\n<meta property=\"og:image\" content=\"https:\/\/www.verdieditions.com\/equilibre-de-vie\/wp-content\/uploads\/2020\/08\/veggie-famille-defossez-lebrun.jpg\" \/>\n\t<meta property=\"og:image:width\" content=\"806\" \/>\n\t<meta property=\"og:image:height\" content=\"1075\" \/>\n\t<meta property=\"og:image:type\" content=\"image\/jpeg\" \/>\n<meta name=\"twitter:card\" content=\"summary_large_image\" \/>\n<meta name=\"twitter:label1\" content=\"Dur\u00e9e de lecture estim\u00e9e\" \/>\n\t<meta name=\"twitter:data1\" content=\"1 minute\" \/>\n<script type=\"application\/ld+json\" class=\"yoast-schema-graph\">{\"@context\":\"https:\\\/\\\/schema.org\",\"@graph\":[{\"@type\":\"WebPage\",\"@id\":\"https:\\\/\\\/www.verdieditions.com\\\/equilibre-de-vie\\\/produit\\\/veggie-famille-defossez\\\/\",\"url\":\"https:\\\/\\\/www.verdieditions.com\\\/equilibre-de-vie\\\/produit\\\/veggie-famille-defossez\\\/\",\"name\":\"Veggie en famille - H. DEFOSSEZ - L. LEBRUN - Equilibre de Vie\",\"isPartOf\":{\"@id\":\"https:\\\/\\\/www.verdieditions.com\\\/equilibre-de-vie\\\/#website\"},\"primaryImageOfPage\":{\"@id\":\"https:\\\/\\\/www.verdieditions.com\\\/equilibre-de-vie\\\/produit\\\/veggie-famille-defossez\\\/#primaryimage\"},\"image\":{\"@id\":\"https:\\\/\\\/www.verdieditions.com\\\/equilibre-de-vie\\\/produit\\\/veggie-famille-defossez\\\/#primaryimage\"},\"thumbnailUrl\":\"https:\\\/\\\/www.verdieditions.com\\\/equilibre-de-vie\\\/wp-content\\\/uploads\\\/2020\\\/08\\\/veggie-famille-defossez-lebrun.jpg\",\"datePublished\":\"2020-08-06T08:34:57+00:00\",\"dateModified\":\"2024-02-06T13:04:40+00:00\",\"description\":\"Auteur : H\u00e9l\u00e8ne DEFOSSEZ - Lise LEBRUN, nutritioniste Titre : Veggie en famille, \u00c9diteur : Leduc Pratique, 2018 Dim. 15 x 21 254 pages\",\"breadcrumb\":{\"@id\":\"https:\\\/\\\/www.verdieditions.com\\\/equilibre-de-vie\\\/produit\\\/veggie-famille-defossez\\\/#breadcrumb\"},\"inLanguage\":\"fr-FR\",\"potentialAction\":[{\"@type\":\"ReadAction\",\"target\":[\"https:\\\/\\\/www.verdieditions.com\\\/equilibre-de-vie\\\/produit\\\/veggie-famille-defossez\\\/\"]}]},{\"@type\":\"ImageObject\",\"inLanguage\":\"fr-FR\",\"@id\":\"https:\\\/\\\/www.verdieditions.com\\\/equilibre-de-vie\\\/produit\\\/veggie-famille-defossez\\\/#primaryimage\",\"url\":\"https:\\\/\\\/www.verdieditions.com\\\/equilibre-de-vie\\\/wp-content\\\/uploads\\\/2020\\\/08\\\/veggie-famille-defossez-lebrun.jpg\",\"contentUrl\":\"https:\\\/\\\/www.verdieditions.com\\\/equilibre-de-vie\\\/wp-content\\\/uploads\\\/2020\\\/08\\\/veggie-famille-defossez-lebrun.jpg\",\"width\":806,\"height\":1075,\"caption\":\"veggie-famille-defossez-lebrun\"},{\"@type\":\"BreadcrumbList\",\"@id\":\"https:\\\/\\\/www.verdieditions.com\\\/equilibre-de-vie\\\/produit\\\/veggie-famille-defossez\\\/#breadcrumb\",\"itemListElement\":[{\"@type\":\"ListItem\",\"position\":1,\"name\":\"Accueil\",\"item\":\"https:\\\/\\\/www.verdieditions.com\\\/equilibre-de-vie\\\/\"},{\"@type\":\"ListItem\",\"position\":2,\"name\":\"La boutique\",\"item\":\"https:\\\/\\\/www.verdieditions.com\\\/equilibre-de-vie\\\/boutique\\\/\"},{\"@type\":\"ListItem\",\"position\":3,\"name\":\"Veggie en famille &#8211; H. DEFOSSEZ &#8211; L. LEBRUN\"}]},{\"@type\":\"WebSite\",\"@id\":\"https:\\\/\\\/www.verdieditions.com\\\/equilibre-de-vie\\\/#website\",\"url\":\"https:\\\/\\\/www.verdieditions.com\\\/equilibre-de-vie\\\/\",\"name\":\"Equilibre de Vie\",\"description\":\"Ma boutique livres sant\u00e9, \u00e9sot\u00e9risme et d\u00e9veloppement personnel\",\"publisher\":{\"@id\":\"https:\\\/\\\/www.verdieditions.com\\\/equilibre-de-vie\\\/#\\\/schema\\\/person\\\/9dcb2a6759f2f5fbf43ac0b44649cecb\"},\"potentialAction\":[{\"@type\":\"SearchAction\",\"target\":{\"@type\":\"EntryPoint\",\"urlTemplate\":\"https:\\\/\\\/www.verdieditions.com\\\/equilibre-de-vie\\\/?s={search_term_string}\"},\"query-input\":{\"@type\":\"PropertyValueSpecification\",\"valueRequired\":true,\"valueName\":\"search_term_string\"}}],\"inLanguage\":\"fr-FR\"},{\"@type\":[\"Person\",\"Organization\"],\"@id\":\"https:\\\/\\\/www.verdieditions.com\\\/equilibre-de-vie\\\/#\\\/schema\\\/person\\\/9dcb2a6759f2f5fbf43ac0b44649cecb\",\"name\":\"Sylvie VERDI\",\"image\":{\"@type\":\"ImageObject\",\"inLanguage\":\"fr-FR\",\"@id\":\"https:\\\/\\\/www.verdieditions.com\\\/equilibre-de-vie\\\/wp-content\\\/uploads\\\/2020\\\/04\\\/livres-occasion-sante-esoterisme-developpement-personnel-2.jpg\",\"url\":\"https:\\\/\\\/www.verdieditions.com\\\/equilibre-de-vie\\\/wp-content\\\/uploads\\\/2020\\\/04\\\/livres-occasion-sante-esoterisme-developpement-personnel-2.jpg\",\"contentUrl\":\"https:\\\/\\\/www.verdieditions.com\\\/equilibre-de-vie\\\/wp-content\\\/uploads\\\/2020\\\/04\\\/livres-occasion-sante-esoterisme-developpement-personnel-2.jpg\",\"width\":800,\"height\":572,\"caption\":\"Sylvie VERDI\"},\"logo\":{\"@id\":\"https:\\\/\\\/www.verdieditions.com\\\/equilibre-de-vie\\\/wp-content\\\/uploads\\\/2020\\\/04\\\/livres-occasion-sante-esoterisme-developpement-personnel-2.jpg\"},\"sameAs\":[\"https:\\\/\\\/www.verdieditions.com\\\/equilibre-de-vie\"]}]}<\/script>\n<!-- \/ Yoast SEO plugin. -->","yoast_head_json":{"title":"Veggie en famille - H. DEFOSSEZ - L. LEBRUN - Equilibre de Vie","description":"Auteur : H\u00e9l\u00e8ne DEFOSSEZ - Lise LEBRUN, nutritioniste Titre : Veggie en famille, \u00c9diteur : Leduc Pratique, 2018 Dim. 15 x 21 254 pages","robots":{"index":"index","follow":"follow","max-snippet":"max-snippet:-1","max-image-preview":"max-image-preview:large","max-video-preview":"max-video-preview:-1"},"canonical":"https:\/\/www.verdieditions.com\/equilibre-de-vie\/produit\/veggie-famille-defossez\/","og_locale":"fr_FR","og_type":"article","og_title":"Veggie en famille - H. DEFOSSEZ - L. LEBRUN - Equilibre de Vie","og_description":"Auteur : H\u00e9l\u00e8ne DEFOSSEZ - Lise LEBRUN, nutritioniste Titre : Veggie en famille, \u00c9diteur : Leduc Pratique, 2018 Dim. 15 x 21 254 pages","og_url":"https:\/\/www.verdieditions.com\/equilibre-de-vie\/produit\/veggie-famille-defossez\/","og_site_name":"Equilibre de Vie","article_modified_time":"2024-02-06T13:04:40+00:00","og_image":[{"width":806,"height":1075,"url":"https:\/\/www.verdieditions.com\/equilibre-de-vie\/wp-content\/uploads\/2020\/08\/veggie-famille-defossez-lebrun.jpg","type":"image\/jpeg"}],"twitter_card":"summary_large_image","twitter_misc":{"Dur\u00e9e de lecture estim\u00e9e":"1 minute"},"schema":{"@context":"https:\/\/schema.org","@graph":[{"@type":"WebPage","@id":"https:\/\/www.verdieditions.com\/equilibre-de-vie\/produit\/veggie-famille-defossez\/","url":"https:\/\/www.verdieditions.com\/equilibre-de-vie\/produit\/veggie-famille-defossez\/","name":"Veggie en famille - H. DEFOSSEZ - L. LEBRUN - Equilibre de Vie","isPartOf":{"@id":"https:\/\/www.verdieditions.com\/equilibre-de-vie\/#website"},"primaryImageOfPage":{"@id":"https:\/\/www.verdieditions.com\/equilibre-de-vie\/produit\/veggie-famille-defossez\/#primaryimage"},"image":{"@id":"https:\/\/www.verdieditions.com\/equilibre-de-vie\/produit\/veggie-famille-defossez\/#primaryimage"},"thumbnailUrl":"https:\/\/www.verdieditions.com\/equilibre-de-vie\/wp-content\/uploads\/2020\/08\/veggie-famille-defossez-lebrun.jpg","datePublished":"2020-08-06T08:34:57+00:00","dateModified":"2024-02-06T13:04:40+00:00","description":"Auteur : H\u00e9l\u00e8ne DEFOSSEZ - Lise LEBRUN, nutritioniste Titre : Veggie en famille, \u00c9diteur : Leduc Pratique, 2018 Dim. 15 x 21 254 pages","breadcrumb":{"@id":"https:\/\/www.verdieditions.com\/equilibre-de-vie\/produit\/veggie-famille-defossez\/#breadcrumb"},"inLanguage":"fr-FR","potentialAction":[{"@type":"ReadAction","target":["https:\/\/www.verdieditions.com\/equilibre-de-vie\/produit\/veggie-famille-defossez\/"]}]},{"@type":"ImageObject","inLanguage":"fr-FR","@id":"https:\/\/www.verdieditions.com\/equilibre-de-vie\/produit\/veggie-famille-defossez\/#primaryimage","url":"https:\/\/www.verdieditions.com\/equilibre-de-vie\/wp-content\/uploads\/2020\/08\/veggie-famille-defossez-lebrun.jpg","contentUrl":"https:\/\/www.verdieditions.com\/equilibre-de-vie\/wp-content\/uploads\/2020\/08\/veggie-famille-defossez-lebrun.jpg","width":806,"height":1075,"caption":"veggie-famille-defossez-lebrun"},{"@type":"BreadcrumbList","@id":"https:\/\/www.verdieditions.com\/equilibre-de-vie\/produit\/veggie-famille-defossez\/#breadcrumb","itemListElement":[{"@type":"ListItem","position":1,"name":"Accueil","item":"https:\/\/www.verdieditions.com\/equilibre-de-vie\/"},{"@type":"ListItem","position":2,"name":"La boutique","item":"https:\/\/www.verdieditions.com\/equilibre-de-vie\/boutique\/"},{"@type":"ListItem","position":3,"name":"Veggie en famille &#8211; H. DEFOSSEZ &#8211; L. LEBRUN"}]},{"@type":"WebSite","@id":"https:\/\/www.verdieditions.com\/equilibre-de-vie\/#website","url":"https:\/\/www.verdieditions.com\/equilibre-de-vie\/","name":"Equilibre de Vie","description":"Ma boutique livres sant\u00e9, \u00e9sot\u00e9risme et d\u00e9veloppement personnel","publisher":{"@id":"https:\/\/www.verdieditions.com\/equilibre-de-vie\/#\/schema\/person\/9dcb2a6759f2f5fbf43ac0b44649cecb"},"potentialAction":[{"@type":"SearchAction","target":{"@type":"EntryPoint","urlTemplate":"https:\/\/www.verdieditions.com\/equilibre-de-vie\/?s={search_term_string}"},"query-input":{"@type":"PropertyValueSpecification","valueRequired":true,"valueName":"search_term_string"}}],"inLanguage":"fr-FR"},{"@type":["Person","Organization"],"@id":"https:\/\/www.verdieditions.com\/equilibre-de-vie\/#\/schema\/person\/9dcb2a6759f2f5fbf43ac0b44649cecb","name":"Sylvie VERDI","image":{"@type":"ImageObject","inLanguage":"fr-FR","@id":"https:\/\/www.verdieditions.com\/equilibre-de-vie\/wp-content\/uploads\/2020\/04\/livres-occasion-sante-esoterisme-developpement-personnel-2.jpg","url":"https:\/\/www.verdieditions.com\/equilibre-de-vie\/wp-content\/uploads\/2020\/04\/livres-occasion-sante-esoterisme-developpement-personnel-2.jpg","contentUrl":"https:\/\/www.verdieditions.com\/equilibre-de-vie\/wp-content\/uploads\/2020\/04\/livres-occasion-sante-esoterisme-developpement-personnel-2.jpg","width":800,"height":572,"caption":"Sylvie VERDI"},"logo":{"@id":"https:\/\/www.verdieditions.com\/equilibre-de-vie\/wp-content\/uploads\/2020\/04\/livres-occasion-sante-esoterisme-developpement-personnel-2.jpg"},"sameAs":["https:\/\/www.verdieditions.com\/equilibre-de-vie"]}]}},"_links":{"self":[{"href":"https:\/\/www.verdieditions.com\/equilibre-de-vie\/wp-json\/wp\/v2\/product\/1268","targetHints":{"allow":["GET"]}}],"collection":[{"href":"https:\/\/www.verdieditions.com\/equilibre-de-vie\/wp-json\/wp\/v2\/product"}],"about":[{"href":"https:\/\/www.verdieditions.com\/equilibre-de-vie\/wp-json\/wp\/v2\/types\/product"}],"wp:featuredmedia":[{"embeddable":true,"href":"https:\/\/www.verdieditions.com\/equilibre-de-vie\/wp-json\/wp\/v2\/media\/1269"}],"wp:attachment":[{"href":"https:\/\/www.verdieditions.com\/equilibre-de-vie\/wp-json\/wp\/v2\/media?parent=1268"}],"wp:term":[{"taxonomy":"product_brand","embeddable":true,"href":"https:\/\/www.verdieditions.com\/equilibre-de-vie\/wp-json\/wp\/v2\/product_brand?post=1268"},{"taxonomy":"product_cat","embeddable":true,"href":"https:\/\/www.verdieditions.com\/equilibre-de-vie\/wp-json\/wp\/v2\/product_cat?post=1268"},{"taxonomy":"product_tag","embeddable":true,"href":"https:\/\/www.verdieditions.com\/equilibre-de-vie\/wp-json\/wp\/v2\/product_tag?post=1268"}],"curies":[{"name":"wp","href":"https:\/\/api.w.org\/{rel}","templated":true}]}}