{"id":123,"date":"2020-04-22T13:51:07","date_gmt":"2020-04-22T11:51:07","guid":{"rendered":"https:\/\/www.verdieditions.com\/equilibre-de-vie\/?post_type=product&#038;p=123"},"modified":"2024-02-06T13:15:52","modified_gmt":"2024-02-06T12:15:52","slug":"astrologie-karma-rythmes-cosmiques-holley","status":"publish","type":"product","link":"https:\/\/www.verdieditions.com\/equilibre-de-vie\/produit\/astrologie-karma-rythmes-cosmiques-holley\/","title":{"rendered":"Astrologie, karma et rythmes cosmiques &#8211; Germaine HOLLEY"},"content":{"rendered":"<p>Auteur : Germaine HOLLEY<br \/>\nTitre : Astrologie, karma et rythmes cosmiques<br \/>\n\u00c9diteur : Le Rocher, 1983, collection Gnose<br \/>\n\u00c9dition originale (textes violets)<br \/>\nDim. 13,5 x 20<br \/>\n160 pages<\/p>\n<p>Que r\u00e9v\u00e8le un HOROSCOPE ? Comment percevoir l&rsquo;astrologie, \u00ab\u00a0science des temps\u00a0\u00bb ? Que signifient, pour l&rsquo;astrologue, les notions de KARMA et d&rsquo;h\u00e9r\u00e9dit\u00e9 ? De quelle mani\u00e8re des rythmes cosmiques influencent-ils la destin\u00e9e humaine ?<\/p>\n<p>L&rsquo;auteure, Germaine HOLLEY \u00e9claire d&rsquo;un regard nouveau ces questions, \u00e9l\u00e9vant l&rsquo;astrologie \u00e0 sa v\u00e9ritable dignit\u00e9 de science humaine.<\/p>\n","protected":false},"excerpt":{"rendered":"<p>Auteur : Germaine HOLLEY<br \/>\nTitre : Astrologie, karma et rythmes cosmiques<br \/>\n\u00c9diteur : Le Rocher, 1983, collection Gnose<br \/>\n\u00c9dition originale (textes violets)<br \/>\nDim. 13,5 x 20<br \/>\n160 pages<\/p>\n","protected":false},"featured_media":124,"template":"","meta":[],"product_brand":[],"product_cat":[23],"product_tag":[34,184,85,111,172],"class_list":{"0":"post-123","1":"product","2":"type-product","3":"status-publish","4":"has-post-thumbnail","6":"product_cat-esoterisme","7":"product_tag-astrologie","8":"product_tag-horoscope","9":"product_tag-karma","10":"product_tag-noeuds-lunaires","11":"product_tag-vie-anterieure","13":"first","14":"instock","15":"featured","16":"shipping-taxable","17":"product-type-simple"},"yoast_head":"<!-- This site is optimized with the Yoast SEO plugin v27.4 - https:\/\/yoast.com\/product\/yoast-seo-wordpress\/ -->\n<title>Astrologie, karma et rythmes cosmiques - Germaine HOLLEY - Equilibre de Vie<\/title>\n<meta name=\"description\" content=\"Auteur : Germaine HOLLEY Titre : Astrologie, karma et rythmes cosmiques \u00c9diteur : Le Rocher, 1983, collection Gnose \u00c9dition originale (textes violets) Dim. 13,5 x 20 160 pages\" \/>\n<meta name=\"robots\" content=\"index, follow, max-snippet:-1, max-image-preview:large, max-video-preview:-1\" \/>\n<link rel=\"canonical\" href=\"https:\/\/www.verdieditions.com\/equilibre-de-vie\/produit\/astrologie-karma-rythmes-cosmiques-holley\/\" \/>\n<meta property=\"og:locale\" content=\"fr_FR\" \/>\n<meta property=\"og:type\" content=\"article\" \/>\n<meta property=\"og:title\" content=\"Astrologie, karma et rythmes cosmiques - Germaine HOLLEY - Equilibre de Vie\" \/>\n<meta property=\"og:description\" content=\"Auteur : Germaine HOLLEY Titre : Astrologie, karma et rythmes cosmiques \u00c9diteur : Le Rocher, 1983, collection Gnose \u00c9dition originale (textes violets) Dim. 13,5 x 20 160 pages\" \/>\n<meta property=\"og:url\" content=\"https:\/\/www.verdieditions.com\/equilibre-de-vie\/produit\/astrologie-karma-rythmes-cosmiques-holley\/\" \/>\n<meta property=\"og:site_name\" content=\"Equilibre de Vie\" \/>\n<meta property=\"article:modified_time\" content=\"2024-02-06T12:15:52+00:00\" \/>\n<meta property=\"og:image\" content=\"https:\/\/www.verdieditions.com\/equilibre-de-vie\/wp-content\/uploads\/2020\/04\/Astrologie-Karma-rythmes-Cosmiques-Germaine-Holey.jpg\" \/>\n\t<meta property=\"og:image:width\" content=\"838\" \/>\n\t<meta property=\"og:image:height\" content=\"1232\" \/>\n\t<meta property=\"og:image:type\" content=\"image\/jpeg\" \/>\n<meta name=\"twitter:card\" content=\"summary_large_image\" \/>\n<script type=\"application\/ld+json\" class=\"yoast-schema-graph\">{\"@context\":\"https:\\\/\\\/schema.org\",\"@graph\":[{\"@type\":\"WebPage\",\"@id\":\"https:\\\/\\\/www.verdieditions.com\\\/equilibre-de-vie\\\/produit\\\/astrologie-karma-rythmes-cosmiques-holley\\\/\",\"url\":\"https:\\\/\\\/www.verdieditions.com\\\/equilibre-de-vie\\\/produit\\\/astrologie-karma-rythmes-cosmiques-holley\\\/\",\"name\":\"Astrologie, karma et rythmes cosmiques - Germaine HOLLEY - Equilibre de Vie\",\"isPartOf\":{\"@id\":\"https:\\\/\\\/www.verdieditions.com\\\/equilibre-de-vie\\\/#website\"},\"primaryImageOfPage\":{\"@id\":\"https:\\\/\\\/www.verdieditions.com\\\/equilibre-de-vie\\\/produit\\\/astrologie-karma-rythmes-cosmiques-holley\\\/#primaryimage\"},\"image\":{\"@id\":\"https:\\\/\\\/www.verdieditions.com\\\/equilibre-de-vie\\\/produit\\\/astrologie-karma-rythmes-cosmiques-holley\\\/#primaryimage\"},\"thumbnailUrl\":\"https:\\\/\\\/www.verdieditions.com\\\/equilibre-de-vie\\\/wp-content\\\/uploads\\\/2020\\\/04\\\/Astrologie-Karma-rythmes-Cosmiques-Germaine-Holey.jpg\",\"datePublished\":\"2020-04-22T11:51:07+00:00\",\"dateModified\":\"2024-02-06T12:15:52+00:00\",\"description\":\"Auteur : Germaine HOLLEY Titre : Astrologie, karma et rythmes cosmiques \u00c9diteur : Le Rocher, 1983, collection Gnose \u00c9dition originale (textes violets) Dim. 13,5 x 20 160 pages\",\"breadcrumb\":{\"@id\":\"https:\\\/\\\/www.verdieditions.com\\\/equilibre-de-vie\\\/produit\\\/astrologie-karma-rythmes-cosmiques-holley\\\/#breadcrumb\"},\"inLanguage\":\"fr-FR\",\"potentialAction\":[{\"@type\":\"ReadAction\",\"target\":[\"https:\\\/\\\/www.verdieditions.com\\\/equilibre-de-vie\\\/produit\\\/astrologie-karma-rythmes-cosmiques-holley\\\/\"]}]},{\"@type\":\"ImageObject\",\"inLanguage\":\"fr-FR\",\"@id\":\"https:\\\/\\\/www.verdieditions.com\\\/equilibre-de-vie\\\/produit\\\/astrologie-karma-rythmes-cosmiques-holley\\\/#primaryimage\",\"url\":\"https:\\\/\\\/www.verdieditions.com\\\/equilibre-de-vie\\\/wp-content\\\/uploads\\\/2020\\\/04\\\/Astrologie-Karma-rythmes-Cosmiques-Germaine-Holey.jpg\",\"contentUrl\":\"https:\\\/\\\/www.verdieditions.com\\\/equilibre-de-vie\\\/wp-content\\\/uploads\\\/2020\\\/04\\\/Astrologie-Karma-rythmes-Cosmiques-Germaine-Holey.jpg\",\"width\":838,\"height\":1232,\"caption\":\"Astrologie-Karma-rythmes-Cosmiques-Germaine-Holey\"},{\"@type\":\"BreadcrumbList\",\"@id\":\"https:\\\/\\\/www.verdieditions.com\\\/equilibre-de-vie\\\/produit\\\/astrologie-karma-rythmes-cosmiques-holley\\\/#breadcrumb\",\"itemListElement\":[{\"@type\":\"ListItem\",\"position\":1,\"name\":\"Accueil\",\"item\":\"https:\\\/\\\/www.verdieditions.com\\\/equilibre-de-vie\\\/\"},{\"@type\":\"ListItem\",\"position\":2,\"name\":\"La boutique\",\"item\":\"https:\\\/\\\/www.verdieditions.com\\\/equilibre-de-vie\\\/boutique\\\/\"},{\"@type\":\"ListItem\",\"position\":3,\"name\":\"Astrologie, karma et rythmes cosmiques &#8211; Germaine HOLLEY\"}]},{\"@type\":\"WebSite\",\"@id\":\"https:\\\/\\\/www.verdieditions.com\\\/equilibre-de-vie\\\/#website\",\"url\":\"https:\\\/\\\/www.verdieditions.com\\\/equilibre-de-vie\\\/\",\"name\":\"Equilibre de Vie\",\"description\":\"Ma boutique livres sant\u00e9, \u00e9sot\u00e9risme et d\u00e9veloppement personnel\",\"publisher\":{\"@id\":\"https:\\\/\\\/www.verdieditions.com\\\/equilibre-de-vie\\\/#\\\/schema\\\/person\\\/9dcb2a6759f2f5fbf43ac0b44649cecb\"},\"potentialAction\":[{\"@type\":\"SearchAction\",\"target\":{\"@type\":\"EntryPoint\",\"urlTemplate\":\"https:\\\/\\\/www.verdieditions.com\\\/equilibre-de-vie\\\/?s={search_term_string}\"},\"query-input\":{\"@type\":\"PropertyValueSpecification\",\"valueRequired\":true,\"valueName\":\"search_term_string\"}}],\"inLanguage\":\"fr-FR\"},{\"@type\":[\"Person\",\"Organization\"],\"@id\":\"https:\\\/\\\/www.verdieditions.com\\\/equilibre-de-vie\\\/#\\\/schema\\\/person\\\/9dcb2a6759f2f5fbf43ac0b44649cecb\",\"name\":\"Sylvie VERDI\",\"image\":{\"@type\":\"ImageObject\",\"inLanguage\":\"fr-FR\",\"@id\":\"https:\\\/\\\/www.verdieditions.com\\\/equilibre-de-vie\\\/wp-content\\\/uploads\\\/2020\\\/04\\\/livres-occasion-sante-esoterisme-developpement-personnel-2.jpg\",\"url\":\"https:\\\/\\\/www.verdieditions.com\\\/equilibre-de-vie\\\/wp-content\\\/uploads\\\/2020\\\/04\\\/livres-occasion-sante-esoterisme-developpement-personnel-2.jpg\",\"contentUrl\":\"https:\\\/\\\/www.verdieditions.com\\\/equilibre-de-vie\\\/wp-content\\\/uploads\\\/2020\\\/04\\\/livres-occasion-sante-esoterisme-developpement-personnel-2.jpg\",\"width\":800,\"height\":572,\"caption\":\"Sylvie VERDI\"},\"logo\":{\"@id\":\"https:\\\/\\\/www.verdieditions.com\\\/equilibre-de-vie\\\/wp-content\\\/uploads\\\/2020\\\/04\\\/livres-occasion-sante-esoterisme-developpement-personnel-2.jpg\"},\"sameAs\":[\"https:\\\/\\\/www.verdieditions.com\\\/equilibre-de-vie\"]}]}<\/script>\n<!-- \/ Yoast SEO plugin. -->","yoast_head_json":{"title":"Astrologie, karma et rythmes cosmiques - Germaine HOLLEY - Equilibre de Vie","description":"Auteur : Germaine HOLLEY Titre : Astrologie, karma et rythmes cosmiques \u00c9diteur : Le Rocher, 1983, collection Gnose \u00c9dition originale (textes violets) Dim. 13,5 x 20 160 pages","robots":{"index":"index","follow":"follow","max-snippet":"max-snippet:-1","max-image-preview":"max-image-preview:large","max-video-preview":"max-video-preview:-1"},"canonical":"https:\/\/www.verdieditions.com\/equilibre-de-vie\/produit\/astrologie-karma-rythmes-cosmiques-holley\/","og_locale":"fr_FR","og_type":"article","og_title":"Astrologie, karma et rythmes cosmiques - Germaine HOLLEY - Equilibre de Vie","og_description":"Auteur : Germaine HOLLEY Titre : Astrologie, karma et rythmes cosmiques \u00c9diteur : Le Rocher, 1983, collection Gnose \u00c9dition originale (textes violets) Dim. 13,5 x 20 160 pages","og_url":"https:\/\/www.verdieditions.com\/equilibre-de-vie\/produit\/astrologie-karma-rythmes-cosmiques-holley\/","og_site_name":"Equilibre de Vie","article_modified_time":"2024-02-06T12:15:52+00:00","og_image":[{"width":838,"height":1232,"url":"https:\/\/www.verdieditions.com\/equilibre-de-vie\/wp-content\/uploads\/2020\/04\/Astrologie-Karma-rythmes-Cosmiques-Germaine-Holey.jpg","type":"image\/jpeg"}],"twitter_card":"summary_large_image","schema":{"@context":"https:\/\/schema.org","@graph":[{"@type":"WebPage","@id":"https:\/\/www.verdieditions.com\/equilibre-de-vie\/produit\/astrologie-karma-rythmes-cosmiques-holley\/","url":"https:\/\/www.verdieditions.com\/equilibre-de-vie\/produit\/astrologie-karma-rythmes-cosmiques-holley\/","name":"Astrologie, karma et rythmes cosmiques - Germaine HOLLEY - Equilibre de Vie","isPartOf":{"@id":"https:\/\/www.verdieditions.com\/equilibre-de-vie\/#website"},"primaryImageOfPage":{"@id":"https:\/\/www.verdieditions.com\/equilibre-de-vie\/produit\/astrologie-karma-rythmes-cosmiques-holley\/#primaryimage"},"image":{"@id":"https:\/\/www.verdieditions.com\/equilibre-de-vie\/produit\/astrologie-karma-rythmes-cosmiques-holley\/#primaryimage"},"thumbnailUrl":"https:\/\/www.verdieditions.com\/equilibre-de-vie\/wp-content\/uploads\/2020\/04\/Astrologie-Karma-rythmes-Cosmiques-Germaine-Holey.jpg","datePublished":"2020-04-22T11:51:07+00:00","dateModified":"2024-02-06T12:15:52+00:00","description":"Auteur : Germaine HOLLEY Titre : Astrologie, karma et rythmes cosmiques \u00c9diteur : Le Rocher, 1983, collection Gnose \u00c9dition originale (textes violets) Dim. 13,5 x 20 160 pages","breadcrumb":{"@id":"https:\/\/www.verdieditions.com\/equilibre-de-vie\/produit\/astrologie-karma-rythmes-cosmiques-holley\/#breadcrumb"},"inLanguage":"fr-FR","potentialAction":[{"@type":"ReadAction","target":["https:\/\/www.verdieditions.com\/equilibre-de-vie\/produit\/astrologie-karma-rythmes-cosmiques-holley\/"]}]},{"@type":"ImageObject","inLanguage":"fr-FR","@id":"https:\/\/www.verdieditions.com\/equilibre-de-vie\/produit\/astrologie-karma-rythmes-cosmiques-holley\/#primaryimage","url":"https:\/\/www.verdieditions.com\/equilibre-de-vie\/wp-content\/uploads\/2020\/04\/Astrologie-Karma-rythmes-Cosmiques-Germaine-Holey.jpg","contentUrl":"https:\/\/www.verdieditions.com\/equilibre-de-vie\/wp-content\/uploads\/2020\/04\/Astrologie-Karma-rythmes-Cosmiques-Germaine-Holey.jpg","width":838,"height":1232,"caption":"Astrologie-Karma-rythmes-Cosmiques-Germaine-Holey"},{"@type":"BreadcrumbList","@id":"https:\/\/www.verdieditions.com\/equilibre-de-vie\/produit\/astrologie-karma-rythmes-cosmiques-holley\/#breadcrumb","itemListElement":[{"@type":"ListItem","position":1,"name":"Accueil","item":"https:\/\/www.verdieditions.com\/equilibre-de-vie\/"},{"@type":"ListItem","position":2,"name":"La boutique","item":"https:\/\/www.verdieditions.com\/equilibre-de-vie\/boutique\/"},{"@type":"ListItem","position":3,"name":"Astrologie, karma et rythmes cosmiques &#8211; Germaine HOLLEY"}]},{"@type":"WebSite","@id":"https:\/\/www.verdieditions.com\/equilibre-de-vie\/#website","url":"https:\/\/www.verdieditions.com\/equilibre-de-vie\/","name":"Equilibre de Vie","description":"Ma boutique livres sant\u00e9, \u00e9sot\u00e9risme et d\u00e9veloppement personnel","publisher":{"@id":"https:\/\/www.verdieditions.com\/equilibre-de-vie\/#\/schema\/person\/9dcb2a6759f2f5fbf43ac0b44649cecb"},"potentialAction":[{"@type":"SearchAction","target":{"@type":"EntryPoint","urlTemplate":"https:\/\/www.verdieditions.com\/equilibre-de-vie\/?s={search_term_string}"},"query-input":{"@type":"PropertyValueSpecification","valueRequired":true,"valueName":"search_term_string"}}],"inLanguage":"fr-FR"},{"@type":["Person","Organization"],"@id":"https:\/\/www.verdieditions.com\/equilibre-de-vie\/#\/schema\/person\/9dcb2a6759f2f5fbf43ac0b44649cecb","name":"Sylvie VERDI","image":{"@type":"ImageObject","inLanguage":"fr-FR","@id":"https:\/\/www.verdieditions.com\/equilibre-de-vie\/wp-content\/uploads\/2020\/04\/livres-occasion-sante-esoterisme-developpement-personnel-2.jpg","url":"https:\/\/www.verdieditions.com\/equilibre-de-vie\/wp-content\/uploads\/2020\/04\/livres-occasion-sante-esoterisme-developpement-personnel-2.jpg","contentUrl":"https:\/\/www.verdieditions.com\/equilibre-de-vie\/wp-content\/uploads\/2020\/04\/livres-occasion-sante-esoterisme-developpement-personnel-2.jpg","width":800,"height":572,"caption":"Sylvie VERDI"},"logo":{"@id":"https:\/\/www.verdieditions.com\/equilibre-de-vie\/wp-content\/uploads\/2020\/04\/livres-occasion-sante-esoterisme-developpement-personnel-2.jpg"},"sameAs":["https:\/\/www.verdieditions.com\/equilibre-de-vie"]}]}},"_links":{"self":[{"href":"https:\/\/www.verdieditions.com\/equilibre-de-vie\/wp-json\/wp\/v2\/product\/123","targetHints":{"allow":["GET"]}}],"collection":[{"href":"https:\/\/www.verdieditions.com\/equilibre-de-vie\/wp-json\/wp\/v2\/product"}],"about":[{"href":"https:\/\/www.verdieditions.com\/equilibre-de-vie\/wp-json\/wp\/v2\/types\/product"}],"wp:featuredmedia":[{"embeddable":true,"href":"https:\/\/www.verdieditions.com\/equilibre-de-vie\/wp-json\/wp\/v2\/media\/124"}],"wp:attachment":[{"href":"https:\/\/www.verdieditions.com\/equilibre-de-vie\/wp-json\/wp\/v2\/media?parent=123"}],"wp:term":[{"taxonomy":"product_brand","embeddable":true,"href":"https:\/\/www.verdieditions.com\/equilibre-de-vie\/wp-json\/wp\/v2\/product_brand?post=123"},{"taxonomy":"product_cat","embeddable":true,"href":"https:\/\/www.verdieditions.com\/equilibre-de-vie\/wp-json\/wp\/v2\/product_cat?post=123"},{"taxonomy":"product_tag","embeddable":true,"href":"https:\/\/www.verdieditions.com\/equilibre-de-vie\/wp-json\/wp\/v2\/product_tag?post=123"}],"curies":[{"name":"wp","href":"https:\/\/api.w.org\/{rel}","templated":true}]}}