{"id":1221,"date":"2020-07-28T11:02:04","date_gmt":"2020-07-28T09:02:04","guid":{"rendered":"https:\/\/www.verdieditions.com\/equilibre-de-vie\/?post_type=product&#038;p=1221"},"modified":"2024-02-07T16:02:12","modified_gmt":"2024-02-07T15:02:12","slug":"guide-amour-heureux-hahusseau","status":"publish","type":"product","link":"https:\/\/www.verdieditions.com\/equilibre-de-vie\/produit\/guide-amour-heureux-hahusseau\/","title":{"rendered":"Petit guide de l&rsquo;amour heureux &#8211; St\u00e9phanie HAHUSSEAU"},"content":{"rendered":"<p>Auteur : St\u00e9phanie HAHUSSEAU<br \/>\nTitre : Petit guide de l&rsquo;amour heureux, \u00e0 l&rsquo;usage des gens (un peu) compliqu\u00e9s<br \/>\n\u00c9diteur : Odile Jacob poches, 2016<br \/>\nFormat poche<br \/>\nDim. 11 x 18<br \/>\n272 pages<\/p>\n<p>Quelle est votre fa\u00e7on d\u2019aimer ? Qu\u2019est-ce qui vous fait craquer ? Quel est le partenaire id\u00e9al ? Comment s\u00e9duire ? Comment vivre la passion ? Comment r\u00e9ussir sa vie sexuelle ? Comment passer de la passion \u00e0 l\u2019amour qui dure ? Comment rompre ? Profiter de sa libert\u00e9 ? Et retomber amoureux sans r\u00e9p\u00e9ter les m\u00eames erreurs ?<br \/>\nAvec sensibilit\u00e9 et humour, St\u00e9phanie Hahusseau nous aide \u00e0 d\u00e9passer nos doutes, nos insatisfactions et nos peurs \u00e0 toutes les \u00e9tapes d\u2019une histoire d\u2019amour.<br \/>\nUn livre pour se d\u00e9couvrir, se d\u00e9passer, apprendre \u00e0 aimer et enfin r\u00e9ussir son parcours amoureux.<br \/>\nSt\u00e9phanie Hahusseau est m\u00e9decin psychiatre et psychoth\u00e9rapeute \u00e0 Toulouse, sp\u00e9cialiste des \u00e9motions. Ses livres connaissent un grand succ\u00e8s aupr\u00e8s du public : Comment ne pas se g\u00e2cher la vie et Tristesse, peur, col\u00e8re. Agir sur ses \u00e9motions.<\/p>\n","protected":false},"excerpt":{"rendered":"<p>Auteur : St\u00e9phanie HAHUSSEAU<br \/>\nTitre : Petit guide de l&rsquo;amour heureux, \u00e0 l&rsquo;usage des gens (un peu) compliqu\u00e9s<br \/>\n\u00c9diteur : Odile Jacob poches, 2016<br \/>\nFormat poche<br \/>\nDim. 11 x 18<br \/>\n272 pages<\/p>\n","protected":false},"featured_media":1222,"template":"","meta":[],"product_brand":[],"product_cat":[22],"product_tag":[30,135,139],"class_list":{"0":"post-1221","1":"product","2":"type-product","3":"status-publish","4":"has-post-thumbnail","6":"product_cat-developpement-personnel","7":"product_tag-amour","8":"product_tag-psychologie","9":"product_tag-relations-humaines","11":"first","12":"instock","13":"shipping-taxable","14":"product-type-simple"},"yoast_head":"<!-- This site is optimized with the Yoast SEO plugin v27.4 - https:\/\/yoast.com\/product\/yoast-seo-wordpress\/ -->\n<title>Petit guide de l&#039;amour heureux - St\u00e9phanie HAHUSSEAU - Equilibre de Vie<\/title>\n<meta name=\"description\" content=\"Auteur : St\u00e9phanie HAHUSSEAU Titre : Petit guide de l&#039;amour heureux, \u00e0 l&#039;usage des gens (un peu) compliqu\u00e9s \u00c9diteur : Odile Jacob poches, 2016 Format poche Dim. 11 x 18 272 pages\" \/>\n<meta name=\"robots\" content=\"index, follow, max-snippet:-1, max-image-preview:large, max-video-preview:-1\" \/>\n<link rel=\"canonical\" href=\"https:\/\/www.verdieditions.com\/equilibre-de-vie\/produit\/guide-amour-heureux-hahusseau\/\" \/>\n<meta property=\"og:locale\" content=\"fr_FR\" \/>\n<meta property=\"og:type\" content=\"article\" \/>\n<meta property=\"og:title\" content=\"Petit guide de l&#039;amour heureux - St\u00e9phanie HAHUSSEAU - Equilibre de Vie\" \/>\n<meta property=\"og:description\" content=\"Auteur : St\u00e9phanie HAHUSSEAU Titre : Petit guide de l&#039;amour heureux, \u00e0 l&#039;usage des gens (un peu) compliqu\u00e9s \u00c9diteur : Odile Jacob poches, 2016 Format poche Dim. 11 x 18 272 pages\" \/>\n<meta property=\"og:url\" content=\"https:\/\/www.verdieditions.com\/equilibre-de-vie\/produit\/guide-amour-heureux-hahusseau\/\" \/>\n<meta property=\"og:site_name\" content=\"Equilibre de Vie\" \/>\n<meta property=\"article:modified_time\" content=\"2024-02-07T15:02:12+00:00\" \/>\n<meta property=\"og:image\" content=\"https:\/\/www.verdieditions.com\/equilibre-de-vie\/wp-content\/uploads\/2020\/07\/guide-amour-heureux-hahusseau.jpg\" \/>\n\t<meta property=\"og:image:width\" content=\"800\" \/>\n\t<meta property=\"og:image:height\" content=\"1248\" \/>\n\t<meta property=\"og:image:type\" content=\"image\/jpeg\" \/>\n<meta name=\"twitter:card\" content=\"summary_large_image\" \/>\n<meta name=\"twitter:label1\" content=\"Dur\u00e9e de lecture estim\u00e9e\" \/>\n\t<meta name=\"twitter:data1\" content=\"1 minute\" \/>\n<script type=\"application\/ld+json\" class=\"yoast-schema-graph\">{\"@context\":\"https:\\\/\\\/schema.org\",\"@graph\":[{\"@type\":\"WebPage\",\"@id\":\"https:\\\/\\\/www.verdieditions.com\\\/equilibre-de-vie\\\/produit\\\/guide-amour-heureux-hahusseau\\\/\",\"url\":\"https:\\\/\\\/www.verdieditions.com\\\/equilibre-de-vie\\\/produit\\\/guide-amour-heureux-hahusseau\\\/\",\"name\":\"Petit guide de l'amour heureux - St\u00e9phanie HAHUSSEAU - Equilibre de Vie\",\"isPartOf\":{\"@id\":\"https:\\\/\\\/www.verdieditions.com\\\/equilibre-de-vie\\\/#website\"},\"primaryImageOfPage\":{\"@id\":\"https:\\\/\\\/www.verdieditions.com\\\/equilibre-de-vie\\\/produit\\\/guide-amour-heureux-hahusseau\\\/#primaryimage\"},\"image\":{\"@id\":\"https:\\\/\\\/www.verdieditions.com\\\/equilibre-de-vie\\\/produit\\\/guide-amour-heureux-hahusseau\\\/#primaryimage\"},\"thumbnailUrl\":\"https:\\\/\\\/www.verdieditions.com\\\/equilibre-de-vie\\\/wp-content\\\/uploads\\\/2020\\\/07\\\/guide-amour-heureux-hahusseau.jpg\",\"datePublished\":\"2020-07-28T09:02:04+00:00\",\"dateModified\":\"2024-02-07T15:02:12+00:00\",\"description\":\"Auteur : St\u00e9phanie HAHUSSEAU Titre : Petit guide de l'amour heureux, \u00e0 l'usage des gens (un peu) compliqu\u00e9s \u00c9diteur : Odile Jacob poches, 2016 Format poche Dim. 11 x 18 272 pages\",\"breadcrumb\":{\"@id\":\"https:\\\/\\\/www.verdieditions.com\\\/equilibre-de-vie\\\/produit\\\/guide-amour-heureux-hahusseau\\\/#breadcrumb\"},\"inLanguage\":\"fr-FR\",\"potentialAction\":[{\"@type\":\"ReadAction\",\"target\":[\"https:\\\/\\\/www.verdieditions.com\\\/equilibre-de-vie\\\/produit\\\/guide-amour-heureux-hahusseau\\\/\"]}]},{\"@type\":\"ImageObject\",\"inLanguage\":\"fr-FR\",\"@id\":\"https:\\\/\\\/www.verdieditions.com\\\/equilibre-de-vie\\\/produit\\\/guide-amour-heureux-hahusseau\\\/#primaryimage\",\"url\":\"https:\\\/\\\/www.verdieditions.com\\\/equilibre-de-vie\\\/wp-content\\\/uploads\\\/2020\\\/07\\\/guide-amour-heureux-hahusseau.jpg\",\"contentUrl\":\"https:\\\/\\\/www.verdieditions.com\\\/equilibre-de-vie\\\/wp-content\\\/uploads\\\/2020\\\/07\\\/guide-amour-heureux-hahusseau.jpg\",\"width\":800,\"height\":1248,\"caption\":\"guide-amour-heureux-hahusseau\"},{\"@type\":\"BreadcrumbList\",\"@id\":\"https:\\\/\\\/www.verdieditions.com\\\/equilibre-de-vie\\\/produit\\\/guide-amour-heureux-hahusseau\\\/#breadcrumb\",\"itemListElement\":[{\"@type\":\"ListItem\",\"position\":1,\"name\":\"Accueil\",\"item\":\"https:\\\/\\\/www.verdieditions.com\\\/equilibre-de-vie\\\/\"},{\"@type\":\"ListItem\",\"position\":2,\"name\":\"La boutique\",\"item\":\"https:\\\/\\\/www.verdieditions.com\\\/equilibre-de-vie\\\/boutique\\\/\"},{\"@type\":\"ListItem\",\"position\":3,\"name\":\"Petit guide de l&#8217;amour heureux &#8211; St\u00e9phanie HAHUSSEAU\"}]},{\"@type\":\"WebSite\",\"@id\":\"https:\\\/\\\/www.verdieditions.com\\\/equilibre-de-vie\\\/#website\",\"url\":\"https:\\\/\\\/www.verdieditions.com\\\/equilibre-de-vie\\\/\",\"name\":\"Equilibre de Vie\",\"description\":\"Ma boutique livres sant\u00e9, \u00e9sot\u00e9risme et d\u00e9veloppement personnel\",\"publisher\":{\"@id\":\"https:\\\/\\\/www.verdieditions.com\\\/equilibre-de-vie\\\/#\\\/schema\\\/person\\\/9dcb2a6759f2f5fbf43ac0b44649cecb\"},\"potentialAction\":[{\"@type\":\"SearchAction\",\"target\":{\"@type\":\"EntryPoint\",\"urlTemplate\":\"https:\\\/\\\/www.verdieditions.com\\\/equilibre-de-vie\\\/?s={search_term_string}\"},\"query-input\":{\"@type\":\"PropertyValueSpecification\",\"valueRequired\":true,\"valueName\":\"search_term_string\"}}],\"inLanguage\":\"fr-FR\"},{\"@type\":[\"Person\",\"Organization\"],\"@id\":\"https:\\\/\\\/www.verdieditions.com\\\/equilibre-de-vie\\\/#\\\/schema\\\/person\\\/9dcb2a6759f2f5fbf43ac0b44649cecb\",\"name\":\"Sylvie VERDI\",\"image\":{\"@type\":\"ImageObject\",\"inLanguage\":\"fr-FR\",\"@id\":\"https:\\\/\\\/www.verdieditions.com\\\/equilibre-de-vie\\\/wp-content\\\/uploads\\\/2020\\\/04\\\/livres-occasion-sante-esoterisme-developpement-personnel-2.jpg\",\"url\":\"https:\\\/\\\/www.verdieditions.com\\\/equilibre-de-vie\\\/wp-content\\\/uploads\\\/2020\\\/04\\\/livres-occasion-sante-esoterisme-developpement-personnel-2.jpg\",\"contentUrl\":\"https:\\\/\\\/www.verdieditions.com\\\/equilibre-de-vie\\\/wp-content\\\/uploads\\\/2020\\\/04\\\/livres-occasion-sante-esoterisme-developpement-personnel-2.jpg\",\"width\":800,\"height\":572,\"caption\":\"Sylvie VERDI\"},\"logo\":{\"@id\":\"https:\\\/\\\/www.verdieditions.com\\\/equilibre-de-vie\\\/wp-content\\\/uploads\\\/2020\\\/04\\\/livres-occasion-sante-esoterisme-developpement-personnel-2.jpg\"},\"sameAs\":[\"https:\\\/\\\/www.verdieditions.com\\\/equilibre-de-vie\"]}]}<\/script>\n<!-- \/ Yoast SEO plugin. -->","yoast_head_json":{"title":"Petit guide de l'amour heureux - St\u00e9phanie HAHUSSEAU - Equilibre de Vie","description":"Auteur : St\u00e9phanie HAHUSSEAU Titre : Petit guide de l'amour heureux, \u00e0 l'usage des gens (un peu) compliqu\u00e9s \u00c9diteur : Odile Jacob poches, 2016 Format poche Dim. 11 x 18 272 pages","robots":{"index":"index","follow":"follow","max-snippet":"max-snippet:-1","max-image-preview":"max-image-preview:large","max-video-preview":"max-video-preview:-1"},"canonical":"https:\/\/www.verdieditions.com\/equilibre-de-vie\/produit\/guide-amour-heureux-hahusseau\/","og_locale":"fr_FR","og_type":"article","og_title":"Petit guide de l'amour heureux - St\u00e9phanie HAHUSSEAU - Equilibre de Vie","og_description":"Auteur : St\u00e9phanie HAHUSSEAU Titre : Petit guide de l'amour heureux, \u00e0 l'usage des gens (un peu) compliqu\u00e9s \u00c9diteur : Odile Jacob poches, 2016 Format poche Dim. 11 x 18 272 pages","og_url":"https:\/\/www.verdieditions.com\/equilibre-de-vie\/produit\/guide-amour-heureux-hahusseau\/","og_site_name":"Equilibre de Vie","article_modified_time":"2024-02-07T15:02:12+00:00","og_image":[{"width":800,"height":1248,"url":"https:\/\/www.verdieditions.com\/equilibre-de-vie\/wp-content\/uploads\/2020\/07\/guide-amour-heureux-hahusseau.jpg","type":"image\/jpeg"}],"twitter_card":"summary_large_image","twitter_misc":{"Dur\u00e9e de lecture estim\u00e9e":"1 minute"},"schema":{"@context":"https:\/\/schema.org","@graph":[{"@type":"WebPage","@id":"https:\/\/www.verdieditions.com\/equilibre-de-vie\/produit\/guide-amour-heureux-hahusseau\/","url":"https:\/\/www.verdieditions.com\/equilibre-de-vie\/produit\/guide-amour-heureux-hahusseau\/","name":"Petit guide de l'amour heureux - St\u00e9phanie HAHUSSEAU - Equilibre de Vie","isPartOf":{"@id":"https:\/\/www.verdieditions.com\/equilibre-de-vie\/#website"},"primaryImageOfPage":{"@id":"https:\/\/www.verdieditions.com\/equilibre-de-vie\/produit\/guide-amour-heureux-hahusseau\/#primaryimage"},"image":{"@id":"https:\/\/www.verdieditions.com\/equilibre-de-vie\/produit\/guide-amour-heureux-hahusseau\/#primaryimage"},"thumbnailUrl":"https:\/\/www.verdieditions.com\/equilibre-de-vie\/wp-content\/uploads\/2020\/07\/guide-amour-heureux-hahusseau.jpg","datePublished":"2020-07-28T09:02:04+00:00","dateModified":"2024-02-07T15:02:12+00:00","description":"Auteur : St\u00e9phanie HAHUSSEAU Titre : Petit guide de l'amour heureux, \u00e0 l'usage des gens (un peu) compliqu\u00e9s \u00c9diteur : Odile Jacob poches, 2016 Format poche Dim. 11 x 18 272 pages","breadcrumb":{"@id":"https:\/\/www.verdieditions.com\/equilibre-de-vie\/produit\/guide-amour-heureux-hahusseau\/#breadcrumb"},"inLanguage":"fr-FR","potentialAction":[{"@type":"ReadAction","target":["https:\/\/www.verdieditions.com\/equilibre-de-vie\/produit\/guide-amour-heureux-hahusseau\/"]}]},{"@type":"ImageObject","inLanguage":"fr-FR","@id":"https:\/\/www.verdieditions.com\/equilibre-de-vie\/produit\/guide-amour-heureux-hahusseau\/#primaryimage","url":"https:\/\/www.verdieditions.com\/equilibre-de-vie\/wp-content\/uploads\/2020\/07\/guide-amour-heureux-hahusseau.jpg","contentUrl":"https:\/\/www.verdieditions.com\/equilibre-de-vie\/wp-content\/uploads\/2020\/07\/guide-amour-heureux-hahusseau.jpg","width":800,"height":1248,"caption":"guide-amour-heureux-hahusseau"},{"@type":"BreadcrumbList","@id":"https:\/\/www.verdieditions.com\/equilibre-de-vie\/produit\/guide-amour-heureux-hahusseau\/#breadcrumb","itemListElement":[{"@type":"ListItem","position":1,"name":"Accueil","item":"https:\/\/www.verdieditions.com\/equilibre-de-vie\/"},{"@type":"ListItem","position":2,"name":"La boutique","item":"https:\/\/www.verdieditions.com\/equilibre-de-vie\/boutique\/"},{"@type":"ListItem","position":3,"name":"Petit guide de l&#8217;amour heureux &#8211; St\u00e9phanie HAHUSSEAU"}]},{"@type":"WebSite","@id":"https:\/\/www.verdieditions.com\/equilibre-de-vie\/#website","url":"https:\/\/www.verdieditions.com\/equilibre-de-vie\/","name":"Equilibre de Vie","description":"Ma boutique livres sant\u00e9, \u00e9sot\u00e9risme et d\u00e9veloppement personnel","publisher":{"@id":"https:\/\/www.verdieditions.com\/equilibre-de-vie\/#\/schema\/person\/9dcb2a6759f2f5fbf43ac0b44649cecb"},"potentialAction":[{"@type":"SearchAction","target":{"@type":"EntryPoint","urlTemplate":"https:\/\/www.verdieditions.com\/equilibre-de-vie\/?s={search_term_string}"},"query-input":{"@type":"PropertyValueSpecification","valueRequired":true,"valueName":"search_term_string"}}],"inLanguage":"fr-FR"},{"@type":["Person","Organization"],"@id":"https:\/\/www.verdieditions.com\/equilibre-de-vie\/#\/schema\/person\/9dcb2a6759f2f5fbf43ac0b44649cecb","name":"Sylvie VERDI","image":{"@type":"ImageObject","inLanguage":"fr-FR","@id":"https:\/\/www.verdieditions.com\/equilibre-de-vie\/wp-content\/uploads\/2020\/04\/livres-occasion-sante-esoterisme-developpement-personnel-2.jpg","url":"https:\/\/www.verdieditions.com\/equilibre-de-vie\/wp-content\/uploads\/2020\/04\/livres-occasion-sante-esoterisme-developpement-personnel-2.jpg","contentUrl":"https:\/\/www.verdieditions.com\/equilibre-de-vie\/wp-content\/uploads\/2020\/04\/livres-occasion-sante-esoterisme-developpement-personnel-2.jpg","width":800,"height":572,"caption":"Sylvie VERDI"},"logo":{"@id":"https:\/\/www.verdieditions.com\/equilibre-de-vie\/wp-content\/uploads\/2020\/04\/livres-occasion-sante-esoterisme-developpement-personnel-2.jpg"},"sameAs":["https:\/\/www.verdieditions.com\/equilibre-de-vie"]}]}},"_links":{"self":[{"href":"https:\/\/www.verdieditions.com\/equilibre-de-vie\/wp-json\/wp\/v2\/product\/1221","targetHints":{"allow":["GET"]}}],"collection":[{"href":"https:\/\/www.verdieditions.com\/equilibre-de-vie\/wp-json\/wp\/v2\/product"}],"about":[{"href":"https:\/\/www.verdieditions.com\/equilibre-de-vie\/wp-json\/wp\/v2\/types\/product"}],"wp:featuredmedia":[{"embeddable":true,"href":"https:\/\/www.verdieditions.com\/equilibre-de-vie\/wp-json\/wp\/v2\/media\/1222"}],"wp:attachment":[{"href":"https:\/\/www.verdieditions.com\/equilibre-de-vie\/wp-json\/wp\/v2\/media?parent=1221"}],"wp:term":[{"taxonomy":"product_brand","embeddable":true,"href":"https:\/\/www.verdieditions.com\/equilibre-de-vie\/wp-json\/wp\/v2\/product_brand?post=1221"},{"taxonomy":"product_cat","embeddable":true,"href":"https:\/\/www.verdieditions.com\/equilibre-de-vie\/wp-json\/wp\/v2\/product_cat?post=1221"},{"taxonomy":"product_tag","embeddable":true,"href":"https:\/\/www.verdieditions.com\/equilibre-de-vie\/wp-json\/wp\/v2\/product_tag?post=1221"}],"curies":[{"name":"wp","href":"https:\/\/api.w.org\/{rel}","templated":true}]}}