{"id":1193,"date":"2020-07-20T14:55:46","date_gmt":"2020-07-20T12:55:46","guid":{"rendered":"https:\/\/www.verdieditions.com\/equilibre-de-vie\/?post_type=product&#038;p=1193"},"modified":"2024-02-06T12:46:09","modified_gmt":"2024-02-06T11:46:09","slug":"science-non-scientifiques-albert-jacquard","status":"publish","type":"product","link":"https:\/\/www.verdieditions.com\/equilibre-de-vie\/produit\/science-non-scientifiques-albert-jacquard\/","title":{"rendered":"La science \u00e0 l&rsquo;usage des non-scientifiques &#8211; Albert JACQUARD"},"content":{"rendered":"<p>Auteur :  Albert JACQUARD<br \/>\nTitre : La science \u00e0 l&rsquo;usage des non-scientifiques<br \/>\n\u00c9diteur : Calmann-L\u00e9vy, 2001<br \/>\nEdition originale, excellent \u00e9tat<br \/>\nDim. 14 x 21<br \/>\n226 pages<\/p>\n<p>\u00ab\u00a0J&rsquo;ai pass\u00e9 l&rsquo;an dernier un apr\u00e8s-midi dans un coll\u00e8ge de la banlieue nord. Les \u00e9l\u00e8ves m&rsquo;ont rappel\u00e9 qu&rsquo;ils n&rsquo;\u00e9taient pas faits pour les sciences. Mais, s&rsquo;il y a bien in\u00e9galit\u00e9 dans les performances intellectuelles des jeunes de quinze ans, la nature, sauf cas pathologique, n&rsquo;y est pour rien. A ces banlieusards, j&rsquo;en ai apport\u00e9 la preuve avec leur propre cas. Nous avons fait des maths, ou plut\u00f4t nous avons jou\u00e9 aux maths ensemble et ils ont \u00e9t\u00e9 passionn\u00e9s par les divers\u00a0\u00bb infinis \u00a0\u00bb de Cantor. Nous avons fait un d\u00e9tour par le th\u00e9or\u00e8me de G\u00f6del et l&rsquo;attention ne s&rsquo;est pas rel\u00e2ch\u00e9e. Je pense qu&rsquo;ils m&rsquo;ont cru lorsque je leur ai affirm\u00e9 qu&rsquo;ils \u00e9taient capable de comprendre tout ce que le \u00ab\u00a0polytechnicien moyen\u00a0\u00bb est capable de comprendre.<br \/>\nCe livre ne pr\u00e9tend pas indiquer comment faire l&rsquo;ascension de cet Himalaya qu&rsquo;est la science. Il aura atteint son but s&rsquo;il a prouv\u00e9 \u00e0 chacun qu&rsquo;il est apte \u00e0 explorer certaines voies menant \u00e0 quelques \u00ab\u00a0camps de base\u00a0\u00bb. De l\u00e0, la progression pourra se poursuivre.<br \/>\nA. J.<\/p>\n<p>Apr\u00e8s l&rsquo;immense succ\u00e8s de L&rsquo;Equation du n\u00e9nuphar, dans lequel le g\u00e9n\u00e9ticien reconnu nous montrait que la science est avant tout un plaisir, Albert Jacquard entre ici dans le vif du sujet, clarifie pour nous certains concepts obscurs et met l&rsquo;accent sur quelques outils au maniement souvent mal enseign\u00e9.<br \/>\nEt notre m\u00e9tamorphose en scientifiques peut commencer&#8230;<\/p>\n<p>Polytechnicien et \u00e9minent g\u00e9n\u00e9ticien, Albert Jacquard a \u00e9crit de nombreux ouvrages sur la science et la soci\u00e9t\u00e9 qui sont autant de best-sellers.<br \/>\nIl a publi\u00e9 chez Calmann-L\u00e9vy : J&rsquo;accuse l&rsquo;\u00e9conomie triomphante (1995),<br \/>\nLe Souci des pauvres (1996), Petite Philosophie \u00e0 l&rsquo;usage des non-philosophes (1997), L&rsquo;Equation du n\u00e9nuphar (1998) et A toi qui n&rsquo;est pas encore n\u00e9 (2000).<\/p>\n","protected":false},"excerpt":{"rendered":"<p>Auteur :  Albert JACQUARD<br \/>\nTitre : La science \u00e0 l&rsquo;usage des non-scientifiques<br \/>\n\u00c9diteur : Calmann-L\u00e9vy, 2001<br \/>\nEdition originale, excellent \u00e9tat<br \/>\nDim. 14 x 21<br \/>\n226 pages<\/p>\n","protected":false},"featured_media":1195,"template":"","meta":[],"product_brand":[],"product_cat":[22],"product_tag":[265,143,147,171],"class_list":{"0":"post-1193","1":"product","2":"type-product","3":"status-publish","4":"has-post-thumbnail","6":"product_cat-developpement-personnel","7":"product_tag-philosophie","8":"product_tag-reussite","9":"product_tag-science","10":"product_tag-vie","12":"first","13":"instock","14":"shipping-taxable","15":"product-type-simple"},"yoast_head":"<!-- This site is optimized with the Yoast SEO plugin v27.4 - https:\/\/yoast.com\/product\/yoast-seo-wordpress\/ -->\n<title>La science \u00e0 l&#039;usage des non-scientifiques - Albert JACQUARD - Equilibre de Vie<\/title>\n<meta name=\"description\" content=\"Auteur : Albert JACQUARD Titre : La science \u00e0 l&#039;usage des non-scientifiques \u00c9diteur : Calmann-L\u00e9vy, 2001 Edition originale, excellent \u00e9tat Dim. 14 x 21 226 pages\" \/>\n<meta name=\"robots\" content=\"index, follow, max-snippet:-1, max-image-preview:large, max-video-preview:-1\" \/>\n<link rel=\"canonical\" href=\"https:\/\/www.verdieditions.com\/equilibre-de-vie\/produit\/science-non-scientifiques-albert-jacquard\/\" \/>\n<meta property=\"og:locale\" content=\"fr_FR\" \/>\n<meta property=\"og:type\" content=\"article\" \/>\n<meta property=\"og:title\" content=\"La science \u00e0 l&#039;usage des non-scientifiques - Albert JACQUARD - Equilibre de Vie\" \/>\n<meta property=\"og:description\" content=\"Auteur : Albert JACQUARD Titre : La science \u00e0 l&#039;usage des non-scientifiques \u00c9diteur : Calmann-L\u00e9vy, 2001 Edition originale, excellent \u00e9tat Dim. 14 x 21 226 pages\" \/>\n<meta property=\"og:url\" content=\"https:\/\/www.verdieditions.com\/equilibre-de-vie\/produit\/science-non-scientifiques-albert-jacquard\/\" \/>\n<meta property=\"og:site_name\" content=\"Equilibre de Vie\" \/>\n<meta property=\"article:modified_time\" content=\"2024-02-06T11:46:09+00:00\" \/>\n<meta property=\"og:image\" content=\"https:\/\/www.verdieditions.com\/equilibre-de-vie\/wp-content\/uploads\/2020\/07\/science-usage-scientifiques-albert-jacquard.jpg\" \/>\n\t<meta property=\"og:image:width\" content=\"800\" \/>\n\t<meta property=\"og:image:height\" content=\"1178\" \/>\n\t<meta property=\"og:image:type\" content=\"image\/jpeg\" \/>\n<meta name=\"twitter:card\" content=\"summary_large_image\" \/>\n<meta name=\"twitter:label1\" content=\"Dur\u00e9e de lecture estim\u00e9e\" \/>\n\t<meta name=\"twitter:data1\" content=\"2 minutes\" \/>\n<script type=\"application\/ld+json\" class=\"yoast-schema-graph\">{\"@context\":\"https:\\\/\\\/schema.org\",\"@graph\":[{\"@type\":\"WebPage\",\"@id\":\"https:\\\/\\\/www.verdieditions.com\\\/equilibre-de-vie\\\/produit\\\/science-non-scientifiques-albert-jacquard\\\/\",\"url\":\"https:\\\/\\\/www.verdieditions.com\\\/equilibre-de-vie\\\/produit\\\/science-non-scientifiques-albert-jacquard\\\/\",\"name\":\"La science \u00e0 l'usage des non-scientifiques - Albert JACQUARD - Equilibre de Vie\",\"isPartOf\":{\"@id\":\"https:\\\/\\\/www.verdieditions.com\\\/equilibre-de-vie\\\/#website\"},\"primaryImageOfPage\":{\"@id\":\"https:\\\/\\\/www.verdieditions.com\\\/equilibre-de-vie\\\/produit\\\/science-non-scientifiques-albert-jacquard\\\/#primaryimage\"},\"image\":{\"@id\":\"https:\\\/\\\/www.verdieditions.com\\\/equilibre-de-vie\\\/produit\\\/science-non-scientifiques-albert-jacquard\\\/#primaryimage\"},\"thumbnailUrl\":\"https:\\\/\\\/www.verdieditions.com\\\/equilibre-de-vie\\\/wp-content\\\/uploads\\\/2020\\\/07\\\/science-usage-scientifiques-albert-jacquard.jpg\",\"datePublished\":\"2020-07-20T12:55:46+00:00\",\"dateModified\":\"2024-02-06T11:46:09+00:00\",\"description\":\"Auteur : Albert JACQUARD Titre : La science \u00e0 l'usage des non-scientifiques \u00c9diteur : Calmann-L\u00e9vy, 2001 Edition originale, excellent \u00e9tat Dim. 14 x 21 226 pages\",\"breadcrumb\":{\"@id\":\"https:\\\/\\\/www.verdieditions.com\\\/equilibre-de-vie\\\/produit\\\/science-non-scientifiques-albert-jacquard\\\/#breadcrumb\"},\"inLanguage\":\"fr-FR\",\"potentialAction\":[{\"@type\":\"ReadAction\",\"target\":[\"https:\\\/\\\/www.verdieditions.com\\\/equilibre-de-vie\\\/produit\\\/science-non-scientifiques-albert-jacquard\\\/\"]}]},{\"@type\":\"ImageObject\",\"inLanguage\":\"fr-FR\",\"@id\":\"https:\\\/\\\/www.verdieditions.com\\\/equilibre-de-vie\\\/produit\\\/science-non-scientifiques-albert-jacquard\\\/#primaryimage\",\"url\":\"https:\\\/\\\/www.verdieditions.com\\\/equilibre-de-vie\\\/wp-content\\\/uploads\\\/2020\\\/07\\\/science-usage-scientifiques-albert-jacquard.jpg\",\"contentUrl\":\"https:\\\/\\\/www.verdieditions.com\\\/equilibre-de-vie\\\/wp-content\\\/uploads\\\/2020\\\/07\\\/science-usage-scientifiques-albert-jacquard.jpg\",\"width\":800,\"height\":1178,\"caption\":\"science-usage-scientifiques-albert-jacquard\"},{\"@type\":\"BreadcrumbList\",\"@id\":\"https:\\\/\\\/www.verdieditions.com\\\/equilibre-de-vie\\\/produit\\\/science-non-scientifiques-albert-jacquard\\\/#breadcrumb\",\"itemListElement\":[{\"@type\":\"ListItem\",\"position\":1,\"name\":\"Accueil\",\"item\":\"https:\\\/\\\/www.verdieditions.com\\\/equilibre-de-vie\\\/\"},{\"@type\":\"ListItem\",\"position\":2,\"name\":\"La boutique\",\"item\":\"https:\\\/\\\/www.verdieditions.com\\\/equilibre-de-vie\\\/boutique\\\/\"},{\"@type\":\"ListItem\",\"position\":3,\"name\":\"La science \u00e0 l&#8217;usage des non-scientifiques &#8211; Albert JACQUARD\"}]},{\"@type\":\"WebSite\",\"@id\":\"https:\\\/\\\/www.verdieditions.com\\\/equilibre-de-vie\\\/#website\",\"url\":\"https:\\\/\\\/www.verdieditions.com\\\/equilibre-de-vie\\\/\",\"name\":\"Equilibre de Vie\",\"description\":\"Ma boutique livres sant\u00e9, \u00e9sot\u00e9risme et d\u00e9veloppement personnel\",\"publisher\":{\"@id\":\"https:\\\/\\\/www.verdieditions.com\\\/equilibre-de-vie\\\/#\\\/schema\\\/person\\\/9dcb2a6759f2f5fbf43ac0b44649cecb\"},\"potentialAction\":[{\"@type\":\"SearchAction\",\"target\":{\"@type\":\"EntryPoint\",\"urlTemplate\":\"https:\\\/\\\/www.verdieditions.com\\\/equilibre-de-vie\\\/?s={search_term_string}\"},\"query-input\":{\"@type\":\"PropertyValueSpecification\",\"valueRequired\":true,\"valueName\":\"search_term_string\"}}],\"inLanguage\":\"fr-FR\"},{\"@type\":[\"Person\",\"Organization\"],\"@id\":\"https:\\\/\\\/www.verdieditions.com\\\/equilibre-de-vie\\\/#\\\/schema\\\/person\\\/9dcb2a6759f2f5fbf43ac0b44649cecb\",\"name\":\"Sylvie VERDI\",\"image\":{\"@type\":\"ImageObject\",\"inLanguage\":\"fr-FR\",\"@id\":\"https:\\\/\\\/www.verdieditions.com\\\/equilibre-de-vie\\\/wp-content\\\/uploads\\\/2020\\\/04\\\/livres-occasion-sante-esoterisme-developpement-personnel-2.jpg\",\"url\":\"https:\\\/\\\/www.verdieditions.com\\\/equilibre-de-vie\\\/wp-content\\\/uploads\\\/2020\\\/04\\\/livres-occasion-sante-esoterisme-developpement-personnel-2.jpg\",\"contentUrl\":\"https:\\\/\\\/www.verdieditions.com\\\/equilibre-de-vie\\\/wp-content\\\/uploads\\\/2020\\\/04\\\/livres-occasion-sante-esoterisme-developpement-personnel-2.jpg\",\"width\":800,\"height\":572,\"caption\":\"Sylvie VERDI\"},\"logo\":{\"@id\":\"https:\\\/\\\/www.verdieditions.com\\\/equilibre-de-vie\\\/wp-content\\\/uploads\\\/2020\\\/04\\\/livres-occasion-sante-esoterisme-developpement-personnel-2.jpg\"},\"sameAs\":[\"https:\\\/\\\/www.verdieditions.com\\\/equilibre-de-vie\"]}]}<\/script>\n<!-- \/ Yoast SEO plugin. -->","yoast_head_json":{"title":"La science \u00e0 l'usage des non-scientifiques - Albert JACQUARD - Equilibre de Vie","description":"Auteur : Albert JACQUARD Titre : La science \u00e0 l'usage des non-scientifiques \u00c9diteur : Calmann-L\u00e9vy, 2001 Edition originale, excellent \u00e9tat Dim. 14 x 21 226 pages","robots":{"index":"index","follow":"follow","max-snippet":"max-snippet:-1","max-image-preview":"max-image-preview:large","max-video-preview":"max-video-preview:-1"},"canonical":"https:\/\/www.verdieditions.com\/equilibre-de-vie\/produit\/science-non-scientifiques-albert-jacquard\/","og_locale":"fr_FR","og_type":"article","og_title":"La science \u00e0 l'usage des non-scientifiques - Albert JACQUARD - Equilibre de Vie","og_description":"Auteur : Albert JACQUARD Titre : La science \u00e0 l'usage des non-scientifiques \u00c9diteur : Calmann-L\u00e9vy, 2001 Edition originale, excellent \u00e9tat Dim. 14 x 21 226 pages","og_url":"https:\/\/www.verdieditions.com\/equilibre-de-vie\/produit\/science-non-scientifiques-albert-jacquard\/","og_site_name":"Equilibre de Vie","article_modified_time":"2024-02-06T11:46:09+00:00","og_image":[{"width":800,"height":1178,"url":"https:\/\/www.verdieditions.com\/equilibre-de-vie\/wp-content\/uploads\/2020\/07\/science-usage-scientifiques-albert-jacquard.jpg","type":"image\/jpeg"}],"twitter_card":"summary_large_image","twitter_misc":{"Dur\u00e9e de lecture estim\u00e9e":"2 minutes"},"schema":{"@context":"https:\/\/schema.org","@graph":[{"@type":"WebPage","@id":"https:\/\/www.verdieditions.com\/equilibre-de-vie\/produit\/science-non-scientifiques-albert-jacquard\/","url":"https:\/\/www.verdieditions.com\/equilibre-de-vie\/produit\/science-non-scientifiques-albert-jacquard\/","name":"La science \u00e0 l'usage des non-scientifiques - Albert JACQUARD - Equilibre de Vie","isPartOf":{"@id":"https:\/\/www.verdieditions.com\/equilibre-de-vie\/#website"},"primaryImageOfPage":{"@id":"https:\/\/www.verdieditions.com\/equilibre-de-vie\/produit\/science-non-scientifiques-albert-jacquard\/#primaryimage"},"image":{"@id":"https:\/\/www.verdieditions.com\/equilibre-de-vie\/produit\/science-non-scientifiques-albert-jacquard\/#primaryimage"},"thumbnailUrl":"https:\/\/www.verdieditions.com\/equilibre-de-vie\/wp-content\/uploads\/2020\/07\/science-usage-scientifiques-albert-jacquard.jpg","datePublished":"2020-07-20T12:55:46+00:00","dateModified":"2024-02-06T11:46:09+00:00","description":"Auteur : Albert JACQUARD Titre : La science \u00e0 l'usage des non-scientifiques \u00c9diteur : Calmann-L\u00e9vy, 2001 Edition originale, excellent \u00e9tat Dim. 14 x 21 226 pages","breadcrumb":{"@id":"https:\/\/www.verdieditions.com\/equilibre-de-vie\/produit\/science-non-scientifiques-albert-jacquard\/#breadcrumb"},"inLanguage":"fr-FR","potentialAction":[{"@type":"ReadAction","target":["https:\/\/www.verdieditions.com\/equilibre-de-vie\/produit\/science-non-scientifiques-albert-jacquard\/"]}]},{"@type":"ImageObject","inLanguage":"fr-FR","@id":"https:\/\/www.verdieditions.com\/equilibre-de-vie\/produit\/science-non-scientifiques-albert-jacquard\/#primaryimage","url":"https:\/\/www.verdieditions.com\/equilibre-de-vie\/wp-content\/uploads\/2020\/07\/science-usage-scientifiques-albert-jacquard.jpg","contentUrl":"https:\/\/www.verdieditions.com\/equilibre-de-vie\/wp-content\/uploads\/2020\/07\/science-usage-scientifiques-albert-jacquard.jpg","width":800,"height":1178,"caption":"science-usage-scientifiques-albert-jacquard"},{"@type":"BreadcrumbList","@id":"https:\/\/www.verdieditions.com\/equilibre-de-vie\/produit\/science-non-scientifiques-albert-jacquard\/#breadcrumb","itemListElement":[{"@type":"ListItem","position":1,"name":"Accueil","item":"https:\/\/www.verdieditions.com\/equilibre-de-vie\/"},{"@type":"ListItem","position":2,"name":"La boutique","item":"https:\/\/www.verdieditions.com\/equilibre-de-vie\/boutique\/"},{"@type":"ListItem","position":3,"name":"La science \u00e0 l&#8217;usage des non-scientifiques &#8211; Albert JACQUARD"}]},{"@type":"WebSite","@id":"https:\/\/www.verdieditions.com\/equilibre-de-vie\/#website","url":"https:\/\/www.verdieditions.com\/equilibre-de-vie\/","name":"Equilibre de Vie","description":"Ma boutique livres sant\u00e9, \u00e9sot\u00e9risme et d\u00e9veloppement personnel","publisher":{"@id":"https:\/\/www.verdieditions.com\/equilibre-de-vie\/#\/schema\/person\/9dcb2a6759f2f5fbf43ac0b44649cecb"},"potentialAction":[{"@type":"SearchAction","target":{"@type":"EntryPoint","urlTemplate":"https:\/\/www.verdieditions.com\/equilibre-de-vie\/?s={search_term_string}"},"query-input":{"@type":"PropertyValueSpecification","valueRequired":true,"valueName":"search_term_string"}}],"inLanguage":"fr-FR"},{"@type":["Person","Organization"],"@id":"https:\/\/www.verdieditions.com\/equilibre-de-vie\/#\/schema\/person\/9dcb2a6759f2f5fbf43ac0b44649cecb","name":"Sylvie VERDI","image":{"@type":"ImageObject","inLanguage":"fr-FR","@id":"https:\/\/www.verdieditions.com\/equilibre-de-vie\/wp-content\/uploads\/2020\/04\/livres-occasion-sante-esoterisme-developpement-personnel-2.jpg","url":"https:\/\/www.verdieditions.com\/equilibre-de-vie\/wp-content\/uploads\/2020\/04\/livres-occasion-sante-esoterisme-developpement-personnel-2.jpg","contentUrl":"https:\/\/www.verdieditions.com\/equilibre-de-vie\/wp-content\/uploads\/2020\/04\/livres-occasion-sante-esoterisme-developpement-personnel-2.jpg","width":800,"height":572,"caption":"Sylvie VERDI"},"logo":{"@id":"https:\/\/www.verdieditions.com\/equilibre-de-vie\/wp-content\/uploads\/2020\/04\/livres-occasion-sante-esoterisme-developpement-personnel-2.jpg"},"sameAs":["https:\/\/www.verdieditions.com\/equilibre-de-vie"]}]}},"_links":{"self":[{"href":"https:\/\/www.verdieditions.com\/equilibre-de-vie\/wp-json\/wp\/v2\/product\/1193","targetHints":{"allow":["GET"]}}],"collection":[{"href":"https:\/\/www.verdieditions.com\/equilibre-de-vie\/wp-json\/wp\/v2\/product"}],"about":[{"href":"https:\/\/www.verdieditions.com\/equilibre-de-vie\/wp-json\/wp\/v2\/types\/product"}],"wp:featuredmedia":[{"embeddable":true,"href":"https:\/\/www.verdieditions.com\/equilibre-de-vie\/wp-json\/wp\/v2\/media\/1195"}],"wp:attachment":[{"href":"https:\/\/www.verdieditions.com\/equilibre-de-vie\/wp-json\/wp\/v2\/media?parent=1193"}],"wp:term":[{"taxonomy":"product_brand","embeddable":true,"href":"https:\/\/www.verdieditions.com\/equilibre-de-vie\/wp-json\/wp\/v2\/product_brand?post=1193"},{"taxonomy":"product_cat","embeddable":true,"href":"https:\/\/www.verdieditions.com\/equilibre-de-vie\/wp-json\/wp\/v2\/product_cat?post=1193"},{"taxonomy":"product_tag","embeddable":true,"href":"https:\/\/www.verdieditions.com\/equilibre-de-vie\/wp-json\/wp\/v2\/product_tag?post=1193"}],"curies":[{"name":"wp","href":"https:\/\/api.w.org\/{rel}","templated":true}]}}