{"id":1182,"date":"2020-07-20T14:21:33","date_gmt":"2020-07-20T12:21:33","guid":{"rendered":"https:\/\/www.verdieditions.com\/equilibre-de-vie\/?post_type=product&#038;p=1182"},"modified":"2024-02-06T13:56:43","modified_gmt":"2024-02-06T12:56:43","slug":"civilisations-mysterieuses-lissner","status":"publish","type":"product","link":"https:\/\/www.verdieditions.com\/equilibre-de-vie\/produit\/civilisations-mysterieuses-lissner\/","title":{"rendered":"Civilisations myst\u00e9rieuses &#8211; Ivar LISSNER"},"content":{"rendered":"<p>Auteur : Ivar LISSNER<br \/>\nTitre : Civilisations myst\u00e9rieuses<br \/>\n\u00c9diteur : Robert Laffont, 1970<br \/>\nDim. 15,5 x 24<br \/>\n345 pages<\/p>\n<p>\u200eCivilisations Myst\u00e9rieuses : J\u00e9richo, Ugarit, Canaan, Tyr et Sydon, Malte, Stonehenge, Mari, La Sardaigne, La Cr\u00e8te, Myc\u00e8nes, Delphes, Dodone, Tartessos, Les Canaries, Gandhara, Tun-huang, La Route De La Soie, Les Scythes, Zimbabwe, Le B\u00e9nin, etc&#8230;\u200e<\/p>\n<p>\u00ab Toute civilisation du pass\u00e9, m\u00eame si elle demeure ensevelie sous des tonnes et des tonnes de sable et de pierres, vit en nous \u00bb, dit Ivar Lissner. Nos plus secr\u00e8tes racines plongent dans le terreau de ces civilisations mal connues et notre esprit se nourrit de leur substance. Les d\u00e9couvrir, c\u2019est d\u00e9-couvrir l\u2019homme, partout semblable, par-tout habit\u00e9 par la m\u00eame exigence, partout tourn\u00e9 vers le m\u00eame ciel, aujourd\u2019hui comme hier. Cette qu\u00eate, Ivar Lissner ne cesse de la poursuivre \u00e0 travers tous les continents et \u00e0 travers tous ses livres. Pour rendre sensible \u00e0 tous l\u2019apport des civilisations disparues, il se comporte en grand reporter. II nous emm\u00e8ne avec lui \u00e0 travers les ruines immenses et fait se lever devant nous, vivantes, les villes mortes, avec leurs hommes, leurs travaux et leurs dieux. De J\u00e9richo, la plus ancienne ville du monde, \u00e0 Zimbabwe, la cit\u00e9 myst\u00e9rieuse du Zamb\u00e8ze, des steppes russes aux for\u00eats de l\u2019Am\u00e9rique Centrale, les pierres s\u2019animent et livrent leurs secrets.<\/p>\n","protected":false},"excerpt":{"rendered":"<p>Auteur : Ivar LISSNER<br \/>\nTitre : Civilisations myst\u00e9rieuses<br \/>\n\u00c9diteur : Robert Laffont, 1970<br \/>\nDim. 15,5 x 24<br \/>\n345 pages<\/p>\n","protected":false},"featured_media":1184,"template":"","meta":[],"product_brand":[],"product_cat":[23],"product_tag":[108,147,203],"class_list":{"0":"post-1182","1":"product","2":"type-product","3":"status-publish","4":"has-post-thumbnail","6":"product_cat-esoterisme","7":"product_tag-mysteres","8":"product_tag-science","9":"product_tag-spiritualite","11":"first","12":"instock","13":"shipping-taxable","14":"product-type-simple"},"yoast_head":"<!-- This site is optimized with the Yoast SEO plugin v27.4 - https:\/\/yoast.com\/product\/yoast-seo-wordpress\/ -->\n<title>Civilisations myst\u00e9rieuses - Ivar LISSNER - Equilibre de Vie<\/title>\n<meta name=\"description\" content=\"Auteur : Ivar LISSNER Titre : Civilisations myst\u00e9rieuses \u00c9diteur : Robert Laffont, 1970 Dim. 15,5 x 24 345 pages\" \/>\n<meta name=\"robots\" content=\"index, follow, max-snippet:-1, max-image-preview:large, max-video-preview:-1\" \/>\n<link rel=\"canonical\" href=\"https:\/\/www.verdieditions.com\/equilibre-de-vie\/produit\/civilisations-mysterieuses-lissner\/\" \/>\n<meta property=\"og:locale\" content=\"fr_FR\" \/>\n<meta property=\"og:type\" content=\"article\" \/>\n<meta property=\"og:title\" content=\"Civilisations myst\u00e9rieuses - Ivar LISSNER - Equilibre de Vie\" \/>\n<meta property=\"og:description\" content=\"Auteur : Ivar LISSNER Titre : Civilisations myst\u00e9rieuses \u00c9diteur : Robert Laffont, 1970 Dim. 15,5 x 24 345 pages\" \/>\n<meta property=\"og:url\" content=\"https:\/\/www.verdieditions.com\/equilibre-de-vie\/produit\/civilisations-mysterieuses-lissner\/\" \/>\n<meta property=\"og:site_name\" content=\"Equilibre de Vie\" \/>\n<meta property=\"article:modified_time\" content=\"2024-02-06T12:56:43+00:00\" \/>\n<meta property=\"og:image\" content=\"https:\/\/www.verdieditions.com\/equilibre-de-vie\/wp-content\/uploads\/2020\/07\/Ivar-lissner-civilisations-mysterieuses.jpg\" \/>\n\t<meta property=\"og:image:width\" content=\"828\" \/>\n\t<meta property=\"og:image:height\" content=\"1235\" \/>\n\t<meta property=\"og:image:type\" content=\"image\/jpeg\" \/>\n<meta name=\"twitter:card\" content=\"summary_large_image\" \/>\n<meta name=\"twitter:label1\" content=\"Dur\u00e9e de lecture estim\u00e9e\" \/>\n\t<meta name=\"twitter:data1\" content=\"1 minute\" \/>\n<script type=\"application\/ld+json\" class=\"yoast-schema-graph\">{\"@context\":\"https:\\\/\\\/schema.org\",\"@graph\":[{\"@type\":\"WebPage\",\"@id\":\"https:\\\/\\\/www.verdieditions.com\\\/equilibre-de-vie\\\/produit\\\/civilisations-mysterieuses-lissner\\\/\",\"url\":\"https:\\\/\\\/www.verdieditions.com\\\/equilibre-de-vie\\\/produit\\\/civilisations-mysterieuses-lissner\\\/\",\"name\":\"Civilisations myst\u00e9rieuses - Ivar LISSNER - Equilibre de Vie\",\"isPartOf\":{\"@id\":\"https:\\\/\\\/www.verdieditions.com\\\/equilibre-de-vie\\\/#website\"},\"primaryImageOfPage\":{\"@id\":\"https:\\\/\\\/www.verdieditions.com\\\/equilibre-de-vie\\\/produit\\\/civilisations-mysterieuses-lissner\\\/#primaryimage\"},\"image\":{\"@id\":\"https:\\\/\\\/www.verdieditions.com\\\/equilibre-de-vie\\\/produit\\\/civilisations-mysterieuses-lissner\\\/#primaryimage\"},\"thumbnailUrl\":\"https:\\\/\\\/www.verdieditions.com\\\/equilibre-de-vie\\\/wp-content\\\/uploads\\\/2020\\\/07\\\/Ivar-lissner-civilisations-mysterieuses.jpg\",\"datePublished\":\"2020-07-20T12:21:33+00:00\",\"dateModified\":\"2024-02-06T12:56:43+00:00\",\"description\":\"Auteur : Ivar LISSNER Titre : Civilisations myst\u00e9rieuses \u00c9diteur : Robert Laffont, 1970 Dim. 15,5 x 24 345 pages\",\"breadcrumb\":{\"@id\":\"https:\\\/\\\/www.verdieditions.com\\\/equilibre-de-vie\\\/produit\\\/civilisations-mysterieuses-lissner\\\/#breadcrumb\"},\"inLanguage\":\"fr-FR\",\"potentialAction\":[{\"@type\":\"ReadAction\",\"target\":[\"https:\\\/\\\/www.verdieditions.com\\\/equilibre-de-vie\\\/produit\\\/civilisations-mysterieuses-lissner\\\/\"]}]},{\"@type\":\"ImageObject\",\"inLanguage\":\"fr-FR\",\"@id\":\"https:\\\/\\\/www.verdieditions.com\\\/equilibre-de-vie\\\/produit\\\/civilisations-mysterieuses-lissner\\\/#primaryimage\",\"url\":\"https:\\\/\\\/www.verdieditions.com\\\/equilibre-de-vie\\\/wp-content\\\/uploads\\\/2020\\\/07\\\/Ivar-lissner-civilisations-mysterieuses.jpg\",\"contentUrl\":\"https:\\\/\\\/www.verdieditions.com\\\/equilibre-de-vie\\\/wp-content\\\/uploads\\\/2020\\\/07\\\/Ivar-lissner-civilisations-mysterieuses.jpg\",\"width\":828,\"height\":1235,\"caption\":\"Ivar-lissner-civilisations-mysterieuses\"},{\"@type\":\"BreadcrumbList\",\"@id\":\"https:\\\/\\\/www.verdieditions.com\\\/equilibre-de-vie\\\/produit\\\/civilisations-mysterieuses-lissner\\\/#breadcrumb\",\"itemListElement\":[{\"@type\":\"ListItem\",\"position\":1,\"name\":\"Accueil\",\"item\":\"https:\\\/\\\/www.verdieditions.com\\\/equilibre-de-vie\\\/\"},{\"@type\":\"ListItem\",\"position\":2,\"name\":\"La boutique\",\"item\":\"https:\\\/\\\/www.verdieditions.com\\\/equilibre-de-vie\\\/boutique\\\/\"},{\"@type\":\"ListItem\",\"position\":3,\"name\":\"Civilisations myst\u00e9rieuses &#8211; Ivar LISSNER\"}]},{\"@type\":\"WebSite\",\"@id\":\"https:\\\/\\\/www.verdieditions.com\\\/equilibre-de-vie\\\/#website\",\"url\":\"https:\\\/\\\/www.verdieditions.com\\\/equilibre-de-vie\\\/\",\"name\":\"Equilibre de Vie\",\"description\":\"Ma boutique livres sant\u00e9, \u00e9sot\u00e9risme et d\u00e9veloppement personnel\",\"publisher\":{\"@id\":\"https:\\\/\\\/www.verdieditions.com\\\/equilibre-de-vie\\\/#\\\/schema\\\/person\\\/9dcb2a6759f2f5fbf43ac0b44649cecb\"},\"potentialAction\":[{\"@type\":\"SearchAction\",\"target\":{\"@type\":\"EntryPoint\",\"urlTemplate\":\"https:\\\/\\\/www.verdieditions.com\\\/equilibre-de-vie\\\/?s={search_term_string}\"},\"query-input\":{\"@type\":\"PropertyValueSpecification\",\"valueRequired\":true,\"valueName\":\"search_term_string\"}}],\"inLanguage\":\"fr-FR\"},{\"@type\":[\"Person\",\"Organization\"],\"@id\":\"https:\\\/\\\/www.verdieditions.com\\\/equilibre-de-vie\\\/#\\\/schema\\\/person\\\/9dcb2a6759f2f5fbf43ac0b44649cecb\",\"name\":\"Sylvie VERDI\",\"image\":{\"@type\":\"ImageObject\",\"inLanguage\":\"fr-FR\",\"@id\":\"https:\\\/\\\/www.verdieditions.com\\\/equilibre-de-vie\\\/wp-content\\\/uploads\\\/2020\\\/04\\\/livres-occasion-sante-esoterisme-developpement-personnel-2.jpg\",\"url\":\"https:\\\/\\\/www.verdieditions.com\\\/equilibre-de-vie\\\/wp-content\\\/uploads\\\/2020\\\/04\\\/livres-occasion-sante-esoterisme-developpement-personnel-2.jpg\",\"contentUrl\":\"https:\\\/\\\/www.verdieditions.com\\\/equilibre-de-vie\\\/wp-content\\\/uploads\\\/2020\\\/04\\\/livres-occasion-sante-esoterisme-developpement-personnel-2.jpg\",\"width\":800,\"height\":572,\"caption\":\"Sylvie VERDI\"},\"logo\":{\"@id\":\"https:\\\/\\\/www.verdieditions.com\\\/equilibre-de-vie\\\/wp-content\\\/uploads\\\/2020\\\/04\\\/livres-occasion-sante-esoterisme-developpement-personnel-2.jpg\"},\"sameAs\":[\"https:\\\/\\\/www.verdieditions.com\\\/equilibre-de-vie\"]}]}<\/script>\n<!-- \/ Yoast SEO plugin. -->","yoast_head_json":{"title":"Civilisations myst\u00e9rieuses - Ivar LISSNER - Equilibre de Vie","description":"Auteur : Ivar LISSNER Titre : Civilisations myst\u00e9rieuses \u00c9diteur : Robert Laffont, 1970 Dim. 15,5 x 24 345 pages","robots":{"index":"index","follow":"follow","max-snippet":"max-snippet:-1","max-image-preview":"max-image-preview:large","max-video-preview":"max-video-preview:-1"},"canonical":"https:\/\/www.verdieditions.com\/equilibre-de-vie\/produit\/civilisations-mysterieuses-lissner\/","og_locale":"fr_FR","og_type":"article","og_title":"Civilisations myst\u00e9rieuses - Ivar LISSNER - Equilibre de Vie","og_description":"Auteur : Ivar LISSNER Titre : Civilisations myst\u00e9rieuses \u00c9diteur : Robert Laffont, 1970 Dim. 15,5 x 24 345 pages","og_url":"https:\/\/www.verdieditions.com\/equilibre-de-vie\/produit\/civilisations-mysterieuses-lissner\/","og_site_name":"Equilibre de Vie","article_modified_time":"2024-02-06T12:56:43+00:00","og_image":[{"width":828,"height":1235,"url":"https:\/\/www.verdieditions.com\/equilibre-de-vie\/wp-content\/uploads\/2020\/07\/Ivar-lissner-civilisations-mysterieuses.jpg","type":"image\/jpeg"}],"twitter_card":"summary_large_image","twitter_misc":{"Dur\u00e9e de lecture estim\u00e9e":"1 minute"},"schema":{"@context":"https:\/\/schema.org","@graph":[{"@type":"WebPage","@id":"https:\/\/www.verdieditions.com\/equilibre-de-vie\/produit\/civilisations-mysterieuses-lissner\/","url":"https:\/\/www.verdieditions.com\/equilibre-de-vie\/produit\/civilisations-mysterieuses-lissner\/","name":"Civilisations myst\u00e9rieuses - Ivar LISSNER - Equilibre de Vie","isPartOf":{"@id":"https:\/\/www.verdieditions.com\/equilibre-de-vie\/#website"},"primaryImageOfPage":{"@id":"https:\/\/www.verdieditions.com\/equilibre-de-vie\/produit\/civilisations-mysterieuses-lissner\/#primaryimage"},"image":{"@id":"https:\/\/www.verdieditions.com\/equilibre-de-vie\/produit\/civilisations-mysterieuses-lissner\/#primaryimage"},"thumbnailUrl":"https:\/\/www.verdieditions.com\/equilibre-de-vie\/wp-content\/uploads\/2020\/07\/Ivar-lissner-civilisations-mysterieuses.jpg","datePublished":"2020-07-20T12:21:33+00:00","dateModified":"2024-02-06T12:56:43+00:00","description":"Auteur : Ivar LISSNER Titre : Civilisations myst\u00e9rieuses \u00c9diteur : Robert Laffont, 1970 Dim. 15,5 x 24 345 pages","breadcrumb":{"@id":"https:\/\/www.verdieditions.com\/equilibre-de-vie\/produit\/civilisations-mysterieuses-lissner\/#breadcrumb"},"inLanguage":"fr-FR","potentialAction":[{"@type":"ReadAction","target":["https:\/\/www.verdieditions.com\/equilibre-de-vie\/produit\/civilisations-mysterieuses-lissner\/"]}]},{"@type":"ImageObject","inLanguage":"fr-FR","@id":"https:\/\/www.verdieditions.com\/equilibre-de-vie\/produit\/civilisations-mysterieuses-lissner\/#primaryimage","url":"https:\/\/www.verdieditions.com\/equilibre-de-vie\/wp-content\/uploads\/2020\/07\/Ivar-lissner-civilisations-mysterieuses.jpg","contentUrl":"https:\/\/www.verdieditions.com\/equilibre-de-vie\/wp-content\/uploads\/2020\/07\/Ivar-lissner-civilisations-mysterieuses.jpg","width":828,"height":1235,"caption":"Ivar-lissner-civilisations-mysterieuses"},{"@type":"BreadcrumbList","@id":"https:\/\/www.verdieditions.com\/equilibre-de-vie\/produit\/civilisations-mysterieuses-lissner\/#breadcrumb","itemListElement":[{"@type":"ListItem","position":1,"name":"Accueil","item":"https:\/\/www.verdieditions.com\/equilibre-de-vie\/"},{"@type":"ListItem","position":2,"name":"La boutique","item":"https:\/\/www.verdieditions.com\/equilibre-de-vie\/boutique\/"},{"@type":"ListItem","position":3,"name":"Civilisations myst\u00e9rieuses &#8211; Ivar LISSNER"}]},{"@type":"WebSite","@id":"https:\/\/www.verdieditions.com\/equilibre-de-vie\/#website","url":"https:\/\/www.verdieditions.com\/equilibre-de-vie\/","name":"Equilibre de Vie","description":"Ma boutique livres sant\u00e9, \u00e9sot\u00e9risme et d\u00e9veloppement personnel","publisher":{"@id":"https:\/\/www.verdieditions.com\/equilibre-de-vie\/#\/schema\/person\/9dcb2a6759f2f5fbf43ac0b44649cecb"},"potentialAction":[{"@type":"SearchAction","target":{"@type":"EntryPoint","urlTemplate":"https:\/\/www.verdieditions.com\/equilibre-de-vie\/?s={search_term_string}"},"query-input":{"@type":"PropertyValueSpecification","valueRequired":true,"valueName":"search_term_string"}}],"inLanguage":"fr-FR"},{"@type":["Person","Organization"],"@id":"https:\/\/www.verdieditions.com\/equilibre-de-vie\/#\/schema\/person\/9dcb2a6759f2f5fbf43ac0b44649cecb","name":"Sylvie VERDI","image":{"@type":"ImageObject","inLanguage":"fr-FR","@id":"https:\/\/www.verdieditions.com\/equilibre-de-vie\/wp-content\/uploads\/2020\/04\/livres-occasion-sante-esoterisme-developpement-personnel-2.jpg","url":"https:\/\/www.verdieditions.com\/equilibre-de-vie\/wp-content\/uploads\/2020\/04\/livres-occasion-sante-esoterisme-developpement-personnel-2.jpg","contentUrl":"https:\/\/www.verdieditions.com\/equilibre-de-vie\/wp-content\/uploads\/2020\/04\/livres-occasion-sante-esoterisme-developpement-personnel-2.jpg","width":800,"height":572,"caption":"Sylvie VERDI"},"logo":{"@id":"https:\/\/www.verdieditions.com\/equilibre-de-vie\/wp-content\/uploads\/2020\/04\/livres-occasion-sante-esoterisme-developpement-personnel-2.jpg"},"sameAs":["https:\/\/www.verdieditions.com\/equilibre-de-vie"]}]}},"_links":{"self":[{"href":"https:\/\/www.verdieditions.com\/equilibre-de-vie\/wp-json\/wp\/v2\/product\/1182","targetHints":{"allow":["GET"]}}],"collection":[{"href":"https:\/\/www.verdieditions.com\/equilibre-de-vie\/wp-json\/wp\/v2\/product"}],"about":[{"href":"https:\/\/www.verdieditions.com\/equilibre-de-vie\/wp-json\/wp\/v2\/types\/product"}],"wp:featuredmedia":[{"embeddable":true,"href":"https:\/\/www.verdieditions.com\/equilibre-de-vie\/wp-json\/wp\/v2\/media\/1184"}],"wp:attachment":[{"href":"https:\/\/www.verdieditions.com\/equilibre-de-vie\/wp-json\/wp\/v2\/media?parent=1182"}],"wp:term":[{"taxonomy":"product_brand","embeddable":true,"href":"https:\/\/www.verdieditions.com\/equilibre-de-vie\/wp-json\/wp\/v2\/product_brand?post=1182"},{"taxonomy":"product_cat","embeddable":true,"href":"https:\/\/www.verdieditions.com\/equilibre-de-vie\/wp-json\/wp\/v2\/product_cat?post=1182"},{"taxonomy":"product_tag","embeddable":true,"href":"https:\/\/www.verdieditions.com\/equilibre-de-vie\/wp-json\/wp\/v2\/product_tag?post=1182"}],"curies":[{"name":"wp","href":"https:\/\/api.w.org\/{rel}","templated":true}]}}