{"id":1179,"date":"2020-07-20T14:14:02","date_gmt":"2020-07-20T12:14:02","guid":{"rendered":"https:\/\/www.verdieditions.com\/equilibre-de-vie\/?post_type=product&#038;p=1179"},"modified":"2024-02-06T13:55:03","modified_gmt":"2024-02-06T12:55:03","slug":"cosmos-lotus-thuan","status":"publish","type":"product","link":"https:\/\/www.verdieditions.com\/equilibre-de-vie\/produit\/cosmos-lotus-thuan\/","title":{"rendered":"Le cosmos et le Lotus &#8211; TRINH XUAN THUAN"},"content":{"rendered":"<p>Auteur : TRINH XUAN THUAN<br \/>\nTitre : Le cosmos et le Lotus<br \/>\n\u00c9diteur : Albin Michel, 2011<br \/>\nDim. 14,5 x 22,5<br \/>\nEtat neuf<br \/>\n260 pages<\/p>\n<p>Que nous dit vraiment la science sur la nature de l&rsquo;univers, sur son origine et son avenir ? Par quel myst\u00e8re le langage math\u00e9matique, pure cr\u00e9ation de l&rsquo;esprit humain, se r\u00e9v\u00e8le t-il aussi performant pour nous d\u00e9crire les ph\u00e9nom\u00e8nes physiques, de l&rsquo;infiniment petit \u00e0 l&rsquo;infiniment grand ? S&rsquo;il existe un ordre du monde, ce que nous en disent la physique quantique et la th\u00e9orie de la relativit\u00e9 est-il compatible avec ce qu&rsquo;enseigne le bouddhisme ? Et que peut-on en conclure concernant notre propre vie ?<\/p>\n<p>A ces questions passionnantes et \u00e0 beaucoup d&rsquo;autres, le c\u00e9l\u00e8bre astrophysicien Trinh Xuan Thuan r\u00e9pond ici d&rsquo;une fa\u00e7on personnelle, en s&rsquo;appuyant sur son exp\u00e9rience.<\/p>\n<p>Son itin\u00e9raire l&rsquo;a plac\u00e9 d&#8217;embl\u00e9e \u00e0 la confluence de trois cultures : issu d&rsquo;une famille de lettr\u00e9s vietnamiens impr\u00e9gn\u00e9e de traditions bouddhiste et confuc\u00e9enne, il a re\u00e7u une \u00e9ducation \u00e0 la fran\u00e7aise puis une formation scientifique \u00e0 l&rsquo;am\u00e9ricaine. Une telle richesse de points de vue lui permet d&rsquo;apporter, non pas des r\u00e9ponses toutes faites du haut de son savoir, mais des \u00e9l\u00e9ments de r\u00e9flexion accessibles \u00e0 tous, qui nous font participer \u00e0 la grande aventure de l&rsquo;astrophysique depuis un si\u00e8cle. Entre le Cosmos que nous d\u00e9voile chaque jour la science et le \u00ab Lotus \u00bb de la sagesse orientale, Trinh Xuan Thuan nous invite \u00e0 emprunter une voie d&rsquo;intelligence ouverte.<\/p>\n","protected":false},"excerpt":{"rendered":"<p>Auteur : TRINH XUAN THUAN<br \/>\nTitre : Le cosmos et le Lotus<br \/>\n\u00c9diteur : Albin Michel, 2011<br \/>\nDim. 14,5 x 22,5<br \/>\nEtat neuf<br \/>\n260 pages<\/p>\n","protected":false},"featured_media":1181,"template":"","meta":[],"product_brand":[],"product_cat":[23],"product_tag":[41,54,108,141,171],"class_list":{"0":"post-1179","1":"product","2":"type-product","3":"status-publish","4":"has-post-thumbnail","6":"product_cat-esoterisme","7":"product_tag-bouddhisme","8":"product_tag-croyances","9":"product_tag-mysteres","10":"product_tag-religion","11":"product_tag-vie","13":"first","14":"instock","15":"shipping-taxable","16":"product-type-simple"},"yoast_head":"<!-- This site is optimized with the Yoast SEO plugin v27.4 - https:\/\/yoast.com\/product\/yoast-seo-wordpress\/ -->\n<title>Le cosmos et le Lotus - TRINH XUAN THUAN - Equilibre de Vie<\/title>\n<meta name=\"description\" content=\"Auteur : TRINH XUAN THUAN Titre : Le cosmos et le Lotus \u00c9diteur : Albin Michel, 2011 Dim. 14,5 x 22,5 Etat neuf 260 pages\" \/>\n<meta name=\"robots\" content=\"index, follow, max-snippet:-1, max-image-preview:large, max-video-preview:-1\" \/>\n<link rel=\"canonical\" href=\"https:\/\/www.verdieditions.com\/equilibre-de-vie\/produit\/cosmos-lotus-thuan\/\" \/>\n<meta property=\"og:locale\" content=\"fr_FR\" \/>\n<meta property=\"og:type\" content=\"article\" \/>\n<meta property=\"og:title\" content=\"Le cosmos et le Lotus - TRINH XUAN THUAN - Equilibre de Vie\" \/>\n<meta property=\"og:description\" content=\"Auteur : TRINH XUAN THUAN Titre : Le cosmos et le Lotus \u00c9diteur : Albin Michel, 2011 Dim. 14,5 x 22,5 Etat neuf 260 pages\" \/>\n<meta property=\"og:url\" content=\"https:\/\/www.verdieditions.com\/equilibre-de-vie\/produit\/cosmos-lotus-thuan\/\" \/>\n<meta property=\"og:site_name\" content=\"Equilibre de Vie\" \/>\n<meta property=\"article:modified_time\" content=\"2024-02-06T12:55:03+00:00\" \/>\n<meta property=\"og:image\" content=\"https:\/\/www.verdieditions.com\/equilibre-de-vie\/wp-content\/uploads\/2020\/07\/Trinh-xuan-thuan-cosmos-lotus.jpg\" \/>\n\t<meta property=\"og:image:width\" content=\"800\" \/>\n\t<meta property=\"og:image:height\" content=\"1218\" \/>\n\t<meta property=\"og:image:type\" content=\"image\/jpeg\" \/>\n<meta name=\"twitter:card\" content=\"summary_large_image\" \/>\n<meta name=\"twitter:label1\" content=\"Dur\u00e9e de lecture estim\u00e9e\" \/>\n\t<meta name=\"twitter:data1\" content=\"1 minute\" \/>\n<script type=\"application\/ld+json\" class=\"yoast-schema-graph\">{\"@context\":\"https:\\\/\\\/schema.org\",\"@graph\":[{\"@type\":\"WebPage\",\"@id\":\"https:\\\/\\\/www.verdieditions.com\\\/equilibre-de-vie\\\/produit\\\/cosmos-lotus-thuan\\\/\",\"url\":\"https:\\\/\\\/www.verdieditions.com\\\/equilibre-de-vie\\\/produit\\\/cosmos-lotus-thuan\\\/\",\"name\":\"Le cosmos et le Lotus - TRINH XUAN THUAN - Equilibre de Vie\",\"isPartOf\":{\"@id\":\"https:\\\/\\\/www.verdieditions.com\\\/equilibre-de-vie\\\/#website\"},\"primaryImageOfPage\":{\"@id\":\"https:\\\/\\\/www.verdieditions.com\\\/equilibre-de-vie\\\/produit\\\/cosmos-lotus-thuan\\\/#primaryimage\"},\"image\":{\"@id\":\"https:\\\/\\\/www.verdieditions.com\\\/equilibre-de-vie\\\/produit\\\/cosmos-lotus-thuan\\\/#primaryimage\"},\"thumbnailUrl\":\"https:\\\/\\\/www.verdieditions.com\\\/equilibre-de-vie\\\/wp-content\\\/uploads\\\/2020\\\/07\\\/Trinh-xuan-thuan-cosmos-lotus.jpg\",\"datePublished\":\"2020-07-20T12:14:02+00:00\",\"dateModified\":\"2024-02-06T12:55:03+00:00\",\"description\":\"Auteur : TRINH XUAN THUAN Titre : Le cosmos et le Lotus \u00c9diteur : Albin Michel, 2011 Dim. 14,5 x 22,5 Etat neuf 260 pages\",\"breadcrumb\":{\"@id\":\"https:\\\/\\\/www.verdieditions.com\\\/equilibre-de-vie\\\/produit\\\/cosmos-lotus-thuan\\\/#breadcrumb\"},\"inLanguage\":\"fr-FR\",\"potentialAction\":[{\"@type\":\"ReadAction\",\"target\":[\"https:\\\/\\\/www.verdieditions.com\\\/equilibre-de-vie\\\/produit\\\/cosmos-lotus-thuan\\\/\"]}]},{\"@type\":\"ImageObject\",\"inLanguage\":\"fr-FR\",\"@id\":\"https:\\\/\\\/www.verdieditions.com\\\/equilibre-de-vie\\\/produit\\\/cosmos-lotus-thuan\\\/#primaryimage\",\"url\":\"https:\\\/\\\/www.verdieditions.com\\\/equilibre-de-vie\\\/wp-content\\\/uploads\\\/2020\\\/07\\\/Trinh-xuan-thuan-cosmos-lotus.jpg\",\"contentUrl\":\"https:\\\/\\\/www.verdieditions.com\\\/equilibre-de-vie\\\/wp-content\\\/uploads\\\/2020\\\/07\\\/Trinh-xuan-thuan-cosmos-lotus.jpg\",\"width\":800,\"height\":1218,\"caption\":\"Trinh-xuan-thuan-cosmos-lotus\"},{\"@type\":\"BreadcrumbList\",\"@id\":\"https:\\\/\\\/www.verdieditions.com\\\/equilibre-de-vie\\\/produit\\\/cosmos-lotus-thuan\\\/#breadcrumb\",\"itemListElement\":[{\"@type\":\"ListItem\",\"position\":1,\"name\":\"Accueil\",\"item\":\"https:\\\/\\\/www.verdieditions.com\\\/equilibre-de-vie\\\/\"},{\"@type\":\"ListItem\",\"position\":2,\"name\":\"La boutique\",\"item\":\"https:\\\/\\\/www.verdieditions.com\\\/equilibre-de-vie\\\/boutique\\\/\"},{\"@type\":\"ListItem\",\"position\":3,\"name\":\"Le cosmos et le Lotus &#8211; TRINH XUAN THUAN\"}]},{\"@type\":\"WebSite\",\"@id\":\"https:\\\/\\\/www.verdieditions.com\\\/equilibre-de-vie\\\/#website\",\"url\":\"https:\\\/\\\/www.verdieditions.com\\\/equilibre-de-vie\\\/\",\"name\":\"Equilibre de Vie\",\"description\":\"Ma boutique livres sant\u00e9, \u00e9sot\u00e9risme et d\u00e9veloppement personnel\",\"publisher\":{\"@id\":\"https:\\\/\\\/www.verdieditions.com\\\/equilibre-de-vie\\\/#\\\/schema\\\/person\\\/9dcb2a6759f2f5fbf43ac0b44649cecb\"},\"potentialAction\":[{\"@type\":\"SearchAction\",\"target\":{\"@type\":\"EntryPoint\",\"urlTemplate\":\"https:\\\/\\\/www.verdieditions.com\\\/equilibre-de-vie\\\/?s={search_term_string}\"},\"query-input\":{\"@type\":\"PropertyValueSpecification\",\"valueRequired\":true,\"valueName\":\"search_term_string\"}}],\"inLanguage\":\"fr-FR\"},{\"@type\":[\"Person\",\"Organization\"],\"@id\":\"https:\\\/\\\/www.verdieditions.com\\\/equilibre-de-vie\\\/#\\\/schema\\\/person\\\/9dcb2a6759f2f5fbf43ac0b44649cecb\",\"name\":\"Sylvie VERDI\",\"image\":{\"@type\":\"ImageObject\",\"inLanguage\":\"fr-FR\",\"@id\":\"https:\\\/\\\/www.verdieditions.com\\\/equilibre-de-vie\\\/wp-content\\\/uploads\\\/2020\\\/04\\\/livres-occasion-sante-esoterisme-developpement-personnel-2.jpg\",\"url\":\"https:\\\/\\\/www.verdieditions.com\\\/equilibre-de-vie\\\/wp-content\\\/uploads\\\/2020\\\/04\\\/livres-occasion-sante-esoterisme-developpement-personnel-2.jpg\",\"contentUrl\":\"https:\\\/\\\/www.verdieditions.com\\\/equilibre-de-vie\\\/wp-content\\\/uploads\\\/2020\\\/04\\\/livres-occasion-sante-esoterisme-developpement-personnel-2.jpg\",\"width\":800,\"height\":572,\"caption\":\"Sylvie VERDI\"},\"logo\":{\"@id\":\"https:\\\/\\\/www.verdieditions.com\\\/equilibre-de-vie\\\/wp-content\\\/uploads\\\/2020\\\/04\\\/livres-occasion-sante-esoterisme-developpement-personnel-2.jpg\"},\"sameAs\":[\"https:\\\/\\\/www.verdieditions.com\\\/equilibre-de-vie\"]}]}<\/script>\n<!-- \/ Yoast SEO plugin. -->","yoast_head_json":{"title":"Le cosmos et le Lotus - TRINH XUAN THUAN - Equilibre de Vie","description":"Auteur : TRINH XUAN THUAN Titre : Le cosmos et le Lotus \u00c9diteur : Albin Michel, 2011 Dim. 14,5 x 22,5 Etat neuf 260 pages","robots":{"index":"index","follow":"follow","max-snippet":"max-snippet:-1","max-image-preview":"max-image-preview:large","max-video-preview":"max-video-preview:-1"},"canonical":"https:\/\/www.verdieditions.com\/equilibre-de-vie\/produit\/cosmos-lotus-thuan\/","og_locale":"fr_FR","og_type":"article","og_title":"Le cosmos et le Lotus - TRINH XUAN THUAN - Equilibre de Vie","og_description":"Auteur : TRINH XUAN THUAN Titre : Le cosmos et le Lotus \u00c9diteur : Albin Michel, 2011 Dim. 14,5 x 22,5 Etat neuf 260 pages","og_url":"https:\/\/www.verdieditions.com\/equilibre-de-vie\/produit\/cosmos-lotus-thuan\/","og_site_name":"Equilibre de Vie","article_modified_time":"2024-02-06T12:55:03+00:00","og_image":[{"width":800,"height":1218,"url":"https:\/\/www.verdieditions.com\/equilibre-de-vie\/wp-content\/uploads\/2020\/07\/Trinh-xuan-thuan-cosmos-lotus.jpg","type":"image\/jpeg"}],"twitter_card":"summary_large_image","twitter_misc":{"Dur\u00e9e de lecture estim\u00e9e":"1 minute"},"schema":{"@context":"https:\/\/schema.org","@graph":[{"@type":"WebPage","@id":"https:\/\/www.verdieditions.com\/equilibre-de-vie\/produit\/cosmos-lotus-thuan\/","url":"https:\/\/www.verdieditions.com\/equilibre-de-vie\/produit\/cosmos-lotus-thuan\/","name":"Le cosmos et le Lotus - TRINH XUAN THUAN - Equilibre de Vie","isPartOf":{"@id":"https:\/\/www.verdieditions.com\/equilibre-de-vie\/#website"},"primaryImageOfPage":{"@id":"https:\/\/www.verdieditions.com\/equilibre-de-vie\/produit\/cosmos-lotus-thuan\/#primaryimage"},"image":{"@id":"https:\/\/www.verdieditions.com\/equilibre-de-vie\/produit\/cosmos-lotus-thuan\/#primaryimage"},"thumbnailUrl":"https:\/\/www.verdieditions.com\/equilibre-de-vie\/wp-content\/uploads\/2020\/07\/Trinh-xuan-thuan-cosmos-lotus.jpg","datePublished":"2020-07-20T12:14:02+00:00","dateModified":"2024-02-06T12:55:03+00:00","description":"Auteur : TRINH XUAN THUAN Titre : Le cosmos et le Lotus \u00c9diteur : Albin Michel, 2011 Dim. 14,5 x 22,5 Etat neuf 260 pages","breadcrumb":{"@id":"https:\/\/www.verdieditions.com\/equilibre-de-vie\/produit\/cosmos-lotus-thuan\/#breadcrumb"},"inLanguage":"fr-FR","potentialAction":[{"@type":"ReadAction","target":["https:\/\/www.verdieditions.com\/equilibre-de-vie\/produit\/cosmos-lotus-thuan\/"]}]},{"@type":"ImageObject","inLanguage":"fr-FR","@id":"https:\/\/www.verdieditions.com\/equilibre-de-vie\/produit\/cosmos-lotus-thuan\/#primaryimage","url":"https:\/\/www.verdieditions.com\/equilibre-de-vie\/wp-content\/uploads\/2020\/07\/Trinh-xuan-thuan-cosmos-lotus.jpg","contentUrl":"https:\/\/www.verdieditions.com\/equilibre-de-vie\/wp-content\/uploads\/2020\/07\/Trinh-xuan-thuan-cosmos-lotus.jpg","width":800,"height":1218,"caption":"Trinh-xuan-thuan-cosmos-lotus"},{"@type":"BreadcrumbList","@id":"https:\/\/www.verdieditions.com\/equilibre-de-vie\/produit\/cosmos-lotus-thuan\/#breadcrumb","itemListElement":[{"@type":"ListItem","position":1,"name":"Accueil","item":"https:\/\/www.verdieditions.com\/equilibre-de-vie\/"},{"@type":"ListItem","position":2,"name":"La boutique","item":"https:\/\/www.verdieditions.com\/equilibre-de-vie\/boutique\/"},{"@type":"ListItem","position":3,"name":"Le cosmos et le Lotus &#8211; TRINH XUAN THUAN"}]},{"@type":"WebSite","@id":"https:\/\/www.verdieditions.com\/equilibre-de-vie\/#website","url":"https:\/\/www.verdieditions.com\/equilibre-de-vie\/","name":"Equilibre de Vie","description":"Ma boutique livres sant\u00e9, \u00e9sot\u00e9risme et d\u00e9veloppement personnel","publisher":{"@id":"https:\/\/www.verdieditions.com\/equilibre-de-vie\/#\/schema\/person\/9dcb2a6759f2f5fbf43ac0b44649cecb"},"potentialAction":[{"@type":"SearchAction","target":{"@type":"EntryPoint","urlTemplate":"https:\/\/www.verdieditions.com\/equilibre-de-vie\/?s={search_term_string}"},"query-input":{"@type":"PropertyValueSpecification","valueRequired":true,"valueName":"search_term_string"}}],"inLanguage":"fr-FR"},{"@type":["Person","Organization"],"@id":"https:\/\/www.verdieditions.com\/equilibre-de-vie\/#\/schema\/person\/9dcb2a6759f2f5fbf43ac0b44649cecb","name":"Sylvie VERDI","image":{"@type":"ImageObject","inLanguage":"fr-FR","@id":"https:\/\/www.verdieditions.com\/equilibre-de-vie\/wp-content\/uploads\/2020\/04\/livres-occasion-sante-esoterisme-developpement-personnel-2.jpg","url":"https:\/\/www.verdieditions.com\/equilibre-de-vie\/wp-content\/uploads\/2020\/04\/livres-occasion-sante-esoterisme-developpement-personnel-2.jpg","contentUrl":"https:\/\/www.verdieditions.com\/equilibre-de-vie\/wp-content\/uploads\/2020\/04\/livres-occasion-sante-esoterisme-developpement-personnel-2.jpg","width":800,"height":572,"caption":"Sylvie VERDI"},"logo":{"@id":"https:\/\/www.verdieditions.com\/equilibre-de-vie\/wp-content\/uploads\/2020\/04\/livres-occasion-sante-esoterisme-developpement-personnel-2.jpg"},"sameAs":["https:\/\/www.verdieditions.com\/equilibre-de-vie"]}]}},"_links":{"self":[{"href":"https:\/\/www.verdieditions.com\/equilibre-de-vie\/wp-json\/wp\/v2\/product\/1179","targetHints":{"allow":["GET"]}}],"collection":[{"href":"https:\/\/www.verdieditions.com\/equilibre-de-vie\/wp-json\/wp\/v2\/product"}],"about":[{"href":"https:\/\/www.verdieditions.com\/equilibre-de-vie\/wp-json\/wp\/v2\/types\/product"}],"wp:featuredmedia":[{"embeddable":true,"href":"https:\/\/www.verdieditions.com\/equilibre-de-vie\/wp-json\/wp\/v2\/media\/1181"}],"wp:attachment":[{"href":"https:\/\/www.verdieditions.com\/equilibre-de-vie\/wp-json\/wp\/v2\/media?parent=1179"}],"wp:term":[{"taxonomy":"product_brand","embeddable":true,"href":"https:\/\/www.verdieditions.com\/equilibre-de-vie\/wp-json\/wp\/v2\/product_brand?post=1179"},{"taxonomy":"product_cat","embeddable":true,"href":"https:\/\/www.verdieditions.com\/equilibre-de-vie\/wp-json\/wp\/v2\/product_cat?post=1179"},{"taxonomy":"product_tag","embeddable":true,"href":"https:\/\/www.verdieditions.com\/equilibre-de-vie\/wp-json\/wp\/v2\/product_tag?post=1179"}],"curies":[{"name":"wp","href":"https:\/\/api.w.org\/{rel}","templated":true}]}}