{"id":1175,"date":"2020-07-20T14:06:30","date_gmt":"2020-07-20T12:06:30","guid":{"rendered":"https:\/\/www.verdieditions.com\/equilibre-de-vie\/?post_type=product&#038;p=1175"},"modified":"2024-02-06T14:03:48","modified_gmt":"2024-02-06T13:03:48","slug":"naissance-dieu-bottero","status":"publish","type":"product","link":"https:\/\/www.verdieditions.com\/equilibre-de-vie\/produit\/naissance-dieu-bottero\/","title":{"rendered":"Naissance de Dieu &#8211; Jean BOTT\u00c9RO"},"content":{"rendered":"<p>Auteur : Jean BOTT\u00c9RO<br \/>\nTitre : Naissance de Dieu, la Bible et l&rsquo;historien<br \/>\n\u00c9diteur : Grand Livre du mois, Gallimard, 1986<br \/>\nDim. 14,5 x 23<br \/>\n255 pages<\/p>\n<p>La Bible n&rsquo;est pas seulement le r\u00e9ceptacle de la parole de Dieu adress\u00e9e \u00e0 des multitudes de croyants : elle est aussi, elle est d&rsquo;abord un opulent recueil de documents \u00e9crits et compil\u00e9s par des hommes du deuxi\u00e8me et surtout du premier mill\u00e9naire avant notre \u00e8re, dont elle convoie jusqu&rsquo;\u00e0 nous la vieille aventure. Longue histoire au cours de laquelle se sont form\u00e9es, pour une large part, notre propre vision des choses, notre hi\u00e9rarchie des valeurs, notre r\u00e8gles de comportement, notre mentalit\u00e9, notre conscience. Comme tous les vestiges du Pass\u00e9, la Bible rel\u00e8ve donc de l&rsquo;Histoire, ce qu&rsquo;on a trop longtemps ignor\u00e9 et ce que l&rsquo;on oublie trop souvent encore. Jeter sur elle un regard d&rsquo;historien, tel est, dans ce livre, le propos de Jean Bott\u00e9ro, sp\u00e9cialiste des religions s\u00e9mitiques anciennes et qui tient, depuis 1958, \u00e0 la section de philologie et d&rsquo;histoire de l&rsquo;Ecole pratique des Hautes Etudes, une chaire d&rsquo;assyriologie. Il d\u00e9couvre, avant tout, dans la Bible ainsi consid\u00e9r\u00e9e, parmi d&rsquo;archa\u00efques r\u00e9flexions, parfois na\u00efves, souvent profondes, touchant les grands probl\u00e8mes qui hantent toujours notre esprit, de la raison d&rsquo;\u00eatre ultime des choses, du sens dernier de notre existence et du pourquoi du Mal universel, le lent cheminement qui a men\u00e9 les vieux Isral\u00e9ites \u00e0 la conviction de l&rsquo;unicit\u00e9 absolue et de la totale transcendance de Dieu &#8211; la seule id\u00e9e vraiment neuve et puissante qu&rsquo;ils aient laiss\u00e9e derri\u00e8re eux, et dont nous ne pouvons qu&rsquo;admirer et louer la hauteur et la noblesse, m\u00eame si elle n&rsquo;est pour nous qu&rsquo;une des plus brillantes et inattendues trouvailles de notre esprit.<\/p>\n","protected":false},"excerpt":{"rendered":"<p>Auteur : Jean BOTT\u00c9RO<br \/>\nTitre : Naissance de Dieu, la Bible et l&rsquo;historien<br \/>\n\u00c9diteur : Grand Livre du mois, Gallimard, 1986<br \/>\nDim. 14,5 x 23<br \/>\n255 pages<\/p>\n","protected":false},"featured_media":1178,"template":"","meta":[],"product_brand":[],"product_cat":[22],"product_tag":[54,234,141],"class_list":{"0":"post-1175","1":"product","2":"type-product","3":"status-publish","4":"has-post-thumbnail","6":"product_cat-developpement-personnel","7":"product_tag-croyances","8":"product_tag-histoire","9":"product_tag-religion","11":"first","12":"instock","13":"shipping-taxable","14":"product-type-simple"},"yoast_head":"<!-- This site is optimized with the Yoast SEO plugin v27.4 - https:\/\/yoast.com\/product\/yoast-seo-wordpress\/ -->\n<title>Naissance de Dieu - Jean BOTT\u00c9RO - Equilibre de Vie<\/title>\n<meta name=\"description\" content=\"Auteur : Jean BOTT\u00c9RO Titre : Naissance de Dieu, la Bible et l&#039;historien \u00c9diteur : Grand Livre du mois, Gallimard, 1986 Dim. 14,5 x 23 255 pages\" \/>\n<meta name=\"robots\" content=\"index, follow, max-snippet:-1, max-image-preview:large, max-video-preview:-1\" \/>\n<link rel=\"canonical\" href=\"https:\/\/www.verdieditions.com\/equilibre-de-vie\/produit\/naissance-dieu-bottero\/\" \/>\n<meta property=\"og:locale\" content=\"fr_FR\" \/>\n<meta property=\"og:type\" content=\"article\" \/>\n<meta property=\"og:title\" content=\"Naissance de Dieu - Jean BOTT\u00c9RO - Equilibre de Vie\" \/>\n<meta property=\"og:description\" content=\"Auteur : Jean BOTT\u00c9RO Titre : Naissance de Dieu, la Bible et l&#039;historien \u00c9diteur : Grand Livre du mois, Gallimard, 1986 Dim. 14,5 x 23 255 pages\" \/>\n<meta property=\"og:url\" content=\"https:\/\/www.verdieditions.com\/equilibre-de-vie\/produit\/naissance-dieu-bottero\/\" \/>\n<meta property=\"og:site_name\" content=\"Equilibre de Vie\" \/>\n<meta property=\"article:modified_time\" content=\"2024-02-06T13:03:48+00:00\" \/>\n<meta property=\"og:image\" content=\"https:\/\/www.verdieditions.com\/equilibre-de-vie\/wp-content\/uploads\/2020\/07\/naissance-dieu-bottero-bible-historien.jpg\" \/>\n\t<meta property=\"og:image:width\" content=\"800\" \/>\n\t<meta property=\"og:image:height\" content=\"1265\" \/>\n\t<meta property=\"og:image:type\" content=\"image\/jpeg\" \/>\n<meta name=\"twitter:card\" content=\"summary_large_image\" \/>\n<meta name=\"twitter:label1\" content=\"Dur\u00e9e de lecture estim\u00e9e\" \/>\n\t<meta name=\"twitter:data1\" content=\"2 minutes\" \/>\n<script type=\"application\/ld+json\" class=\"yoast-schema-graph\">{\"@context\":\"https:\\\/\\\/schema.org\",\"@graph\":[{\"@type\":\"WebPage\",\"@id\":\"https:\\\/\\\/www.verdieditions.com\\\/equilibre-de-vie\\\/produit\\\/naissance-dieu-bottero\\\/\",\"url\":\"https:\\\/\\\/www.verdieditions.com\\\/equilibre-de-vie\\\/produit\\\/naissance-dieu-bottero\\\/\",\"name\":\"Naissance de Dieu - Jean BOTT\u00c9RO - Equilibre de Vie\",\"isPartOf\":{\"@id\":\"https:\\\/\\\/www.verdieditions.com\\\/equilibre-de-vie\\\/#website\"},\"primaryImageOfPage\":{\"@id\":\"https:\\\/\\\/www.verdieditions.com\\\/equilibre-de-vie\\\/produit\\\/naissance-dieu-bottero\\\/#primaryimage\"},\"image\":{\"@id\":\"https:\\\/\\\/www.verdieditions.com\\\/equilibre-de-vie\\\/produit\\\/naissance-dieu-bottero\\\/#primaryimage\"},\"thumbnailUrl\":\"https:\\\/\\\/www.verdieditions.com\\\/equilibre-de-vie\\\/wp-content\\\/uploads\\\/2020\\\/07\\\/naissance-dieu-bottero-bible-historien.jpg\",\"datePublished\":\"2020-07-20T12:06:30+00:00\",\"dateModified\":\"2024-02-06T13:03:48+00:00\",\"description\":\"Auteur : Jean BOTT\u00c9RO Titre : Naissance de Dieu, la Bible et l'historien \u00c9diteur : Grand Livre du mois, Gallimard, 1986 Dim. 14,5 x 23 255 pages\",\"breadcrumb\":{\"@id\":\"https:\\\/\\\/www.verdieditions.com\\\/equilibre-de-vie\\\/produit\\\/naissance-dieu-bottero\\\/#breadcrumb\"},\"inLanguage\":\"fr-FR\",\"potentialAction\":[{\"@type\":\"ReadAction\",\"target\":[\"https:\\\/\\\/www.verdieditions.com\\\/equilibre-de-vie\\\/produit\\\/naissance-dieu-bottero\\\/\"]}]},{\"@type\":\"ImageObject\",\"inLanguage\":\"fr-FR\",\"@id\":\"https:\\\/\\\/www.verdieditions.com\\\/equilibre-de-vie\\\/produit\\\/naissance-dieu-bottero\\\/#primaryimage\",\"url\":\"https:\\\/\\\/www.verdieditions.com\\\/equilibre-de-vie\\\/wp-content\\\/uploads\\\/2020\\\/07\\\/naissance-dieu-bottero-bible-historien.jpg\",\"contentUrl\":\"https:\\\/\\\/www.verdieditions.com\\\/equilibre-de-vie\\\/wp-content\\\/uploads\\\/2020\\\/07\\\/naissance-dieu-bottero-bible-historien.jpg\",\"width\":800,\"height\":1265,\"caption\":\"naissance-dieu-bottero-bible-historien\"},{\"@type\":\"BreadcrumbList\",\"@id\":\"https:\\\/\\\/www.verdieditions.com\\\/equilibre-de-vie\\\/produit\\\/naissance-dieu-bottero\\\/#breadcrumb\",\"itemListElement\":[{\"@type\":\"ListItem\",\"position\":1,\"name\":\"Accueil\",\"item\":\"https:\\\/\\\/www.verdieditions.com\\\/equilibre-de-vie\\\/\"},{\"@type\":\"ListItem\",\"position\":2,\"name\":\"La boutique\",\"item\":\"https:\\\/\\\/www.verdieditions.com\\\/equilibre-de-vie\\\/boutique\\\/\"},{\"@type\":\"ListItem\",\"position\":3,\"name\":\"Naissance de Dieu &#8211; Jean BOTT\u00c9RO\"}]},{\"@type\":\"WebSite\",\"@id\":\"https:\\\/\\\/www.verdieditions.com\\\/equilibre-de-vie\\\/#website\",\"url\":\"https:\\\/\\\/www.verdieditions.com\\\/equilibre-de-vie\\\/\",\"name\":\"Equilibre de Vie\",\"description\":\"Ma boutique livres sant\u00e9, \u00e9sot\u00e9risme et d\u00e9veloppement personnel\",\"publisher\":{\"@id\":\"https:\\\/\\\/www.verdieditions.com\\\/equilibre-de-vie\\\/#\\\/schema\\\/person\\\/9dcb2a6759f2f5fbf43ac0b44649cecb\"},\"potentialAction\":[{\"@type\":\"SearchAction\",\"target\":{\"@type\":\"EntryPoint\",\"urlTemplate\":\"https:\\\/\\\/www.verdieditions.com\\\/equilibre-de-vie\\\/?s={search_term_string}\"},\"query-input\":{\"@type\":\"PropertyValueSpecification\",\"valueRequired\":true,\"valueName\":\"search_term_string\"}}],\"inLanguage\":\"fr-FR\"},{\"@type\":[\"Person\",\"Organization\"],\"@id\":\"https:\\\/\\\/www.verdieditions.com\\\/equilibre-de-vie\\\/#\\\/schema\\\/person\\\/9dcb2a6759f2f5fbf43ac0b44649cecb\",\"name\":\"Sylvie VERDI\",\"image\":{\"@type\":\"ImageObject\",\"inLanguage\":\"fr-FR\",\"@id\":\"https:\\\/\\\/www.verdieditions.com\\\/equilibre-de-vie\\\/wp-content\\\/uploads\\\/2020\\\/04\\\/livres-occasion-sante-esoterisme-developpement-personnel-2.jpg\",\"url\":\"https:\\\/\\\/www.verdieditions.com\\\/equilibre-de-vie\\\/wp-content\\\/uploads\\\/2020\\\/04\\\/livres-occasion-sante-esoterisme-developpement-personnel-2.jpg\",\"contentUrl\":\"https:\\\/\\\/www.verdieditions.com\\\/equilibre-de-vie\\\/wp-content\\\/uploads\\\/2020\\\/04\\\/livres-occasion-sante-esoterisme-developpement-personnel-2.jpg\",\"width\":800,\"height\":572,\"caption\":\"Sylvie VERDI\"},\"logo\":{\"@id\":\"https:\\\/\\\/www.verdieditions.com\\\/equilibre-de-vie\\\/wp-content\\\/uploads\\\/2020\\\/04\\\/livres-occasion-sante-esoterisme-developpement-personnel-2.jpg\"},\"sameAs\":[\"https:\\\/\\\/www.verdieditions.com\\\/equilibre-de-vie\"]}]}<\/script>\n<!-- \/ Yoast SEO plugin. -->","yoast_head_json":{"title":"Naissance de Dieu - Jean BOTT\u00c9RO - Equilibre de Vie","description":"Auteur : Jean BOTT\u00c9RO Titre : Naissance de Dieu, la Bible et l'historien \u00c9diteur : Grand Livre du mois, Gallimard, 1986 Dim. 14,5 x 23 255 pages","robots":{"index":"index","follow":"follow","max-snippet":"max-snippet:-1","max-image-preview":"max-image-preview:large","max-video-preview":"max-video-preview:-1"},"canonical":"https:\/\/www.verdieditions.com\/equilibre-de-vie\/produit\/naissance-dieu-bottero\/","og_locale":"fr_FR","og_type":"article","og_title":"Naissance de Dieu - Jean BOTT\u00c9RO - Equilibre de Vie","og_description":"Auteur : Jean BOTT\u00c9RO Titre : Naissance de Dieu, la Bible et l'historien \u00c9diteur : Grand Livre du mois, Gallimard, 1986 Dim. 14,5 x 23 255 pages","og_url":"https:\/\/www.verdieditions.com\/equilibre-de-vie\/produit\/naissance-dieu-bottero\/","og_site_name":"Equilibre de Vie","article_modified_time":"2024-02-06T13:03:48+00:00","og_image":[{"width":800,"height":1265,"url":"https:\/\/www.verdieditions.com\/equilibre-de-vie\/wp-content\/uploads\/2020\/07\/naissance-dieu-bottero-bible-historien.jpg","type":"image\/jpeg"}],"twitter_card":"summary_large_image","twitter_misc":{"Dur\u00e9e de lecture estim\u00e9e":"2 minutes"},"schema":{"@context":"https:\/\/schema.org","@graph":[{"@type":"WebPage","@id":"https:\/\/www.verdieditions.com\/equilibre-de-vie\/produit\/naissance-dieu-bottero\/","url":"https:\/\/www.verdieditions.com\/equilibre-de-vie\/produit\/naissance-dieu-bottero\/","name":"Naissance de Dieu - Jean BOTT\u00c9RO - Equilibre de Vie","isPartOf":{"@id":"https:\/\/www.verdieditions.com\/equilibre-de-vie\/#website"},"primaryImageOfPage":{"@id":"https:\/\/www.verdieditions.com\/equilibre-de-vie\/produit\/naissance-dieu-bottero\/#primaryimage"},"image":{"@id":"https:\/\/www.verdieditions.com\/equilibre-de-vie\/produit\/naissance-dieu-bottero\/#primaryimage"},"thumbnailUrl":"https:\/\/www.verdieditions.com\/equilibre-de-vie\/wp-content\/uploads\/2020\/07\/naissance-dieu-bottero-bible-historien.jpg","datePublished":"2020-07-20T12:06:30+00:00","dateModified":"2024-02-06T13:03:48+00:00","description":"Auteur : Jean BOTT\u00c9RO Titre : Naissance de Dieu, la Bible et l'historien \u00c9diteur : Grand Livre du mois, Gallimard, 1986 Dim. 14,5 x 23 255 pages","breadcrumb":{"@id":"https:\/\/www.verdieditions.com\/equilibre-de-vie\/produit\/naissance-dieu-bottero\/#breadcrumb"},"inLanguage":"fr-FR","potentialAction":[{"@type":"ReadAction","target":["https:\/\/www.verdieditions.com\/equilibre-de-vie\/produit\/naissance-dieu-bottero\/"]}]},{"@type":"ImageObject","inLanguage":"fr-FR","@id":"https:\/\/www.verdieditions.com\/equilibre-de-vie\/produit\/naissance-dieu-bottero\/#primaryimage","url":"https:\/\/www.verdieditions.com\/equilibre-de-vie\/wp-content\/uploads\/2020\/07\/naissance-dieu-bottero-bible-historien.jpg","contentUrl":"https:\/\/www.verdieditions.com\/equilibre-de-vie\/wp-content\/uploads\/2020\/07\/naissance-dieu-bottero-bible-historien.jpg","width":800,"height":1265,"caption":"naissance-dieu-bottero-bible-historien"},{"@type":"BreadcrumbList","@id":"https:\/\/www.verdieditions.com\/equilibre-de-vie\/produit\/naissance-dieu-bottero\/#breadcrumb","itemListElement":[{"@type":"ListItem","position":1,"name":"Accueil","item":"https:\/\/www.verdieditions.com\/equilibre-de-vie\/"},{"@type":"ListItem","position":2,"name":"La boutique","item":"https:\/\/www.verdieditions.com\/equilibre-de-vie\/boutique\/"},{"@type":"ListItem","position":3,"name":"Naissance de Dieu &#8211; Jean BOTT\u00c9RO"}]},{"@type":"WebSite","@id":"https:\/\/www.verdieditions.com\/equilibre-de-vie\/#website","url":"https:\/\/www.verdieditions.com\/equilibre-de-vie\/","name":"Equilibre de Vie","description":"Ma boutique livres sant\u00e9, \u00e9sot\u00e9risme et d\u00e9veloppement personnel","publisher":{"@id":"https:\/\/www.verdieditions.com\/equilibre-de-vie\/#\/schema\/person\/9dcb2a6759f2f5fbf43ac0b44649cecb"},"potentialAction":[{"@type":"SearchAction","target":{"@type":"EntryPoint","urlTemplate":"https:\/\/www.verdieditions.com\/equilibre-de-vie\/?s={search_term_string}"},"query-input":{"@type":"PropertyValueSpecification","valueRequired":true,"valueName":"search_term_string"}}],"inLanguage":"fr-FR"},{"@type":["Person","Organization"],"@id":"https:\/\/www.verdieditions.com\/equilibre-de-vie\/#\/schema\/person\/9dcb2a6759f2f5fbf43ac0b44649cecb","name":"Sylvie VERDI","image":{"@type":"ImageObject","inLanguage":"fr-FR","@id":"https:\/\/www.verdieditions.com\/equilibre-de-vie\/wp-content\/uploads\/2020\/04\/livres-occasion-sante-esoterisme-developpement-personnel-2.jpg","url":"https:\/\/www.verdieditions.com\/equilibre-de-vie\/wp-content\/uploads\/2020\/04\/livres-occasion-sante-esoterisme-developpement-personnel-2.jpg","contentUrl":"https:\/\/www.verdieditions.com\/equilibre-de-vie\/wp-content\/uploads\/2020\/04\/livres-occasion-sante-esoterisme-developpement-personnel-2.jpg","width":800,"height":572,"caption":"Sylvie VERDI"},"logo":{"@id":"https:\/\/www.verdieditions.com\/equilibre-de-vie\/wp-content\/uploads\/2020\/04\/livres-occasion-sante-esoterisme-developpement-personnel-2.jpg"},"sameAs":["https:\/\/www.verdieditions.com\/equilibre-de-vie"]}]}},"_links":{"self":[{"href":"https:\/\/www.verdieditions.com\/equilibre-de-vie\/wp-json\/wp\/v2\/product\/1175","targetHints":{"allow":["GET"]}}],"collection":[{"href":"https:\/\/www.verdieditions.com\/equilibre-de-vie\/wp-json\/wp\/v2\/product"}],"about":[{"href":"https:\/\/www.verdieditions.com\/equilibre-de-vie\/wp-json\/wp\/v2\/types\/product"}],"wp:featuredmedia":[{"embeddable":true,"href":"https:\/\/www.verdieditions.com\/equilibre-de-vie\/wp-json\/wp\/v2\/media\/1178"}],"wp:attachment":[{"href":"https:\/\/www.verdieditions.com\/equilibre-de-vie\/wp-json\/wp\/v2\/media?parent=1175"}],"wp:term":[{"taxonomy":"product_brand","embeddable":true,"href":"https:\/\/www.verdieditions.com\/equilibre-de-vie\/wp-json\/wp\/v2\/product_brand?post=1175"},{"taxonomy":"product_cat","embeddable":true,"href":"https:\/\/www.verdieditions.com\/equilibre-de-vie\/wp-json\/wp\/v2\/product_cat?post=1175"},{"taxonomy":"product_tag","embeddable":true,"href":"https:\/\/www.verdieditions.com\/equilibre-de-vie\/wp-json\/wp\/v2\/product_tag?post=1175"}],"curies":[{"name":"wp","href":"https:\/\/api.w.org\/{rel}","templated":true}]}}