{"id":1100,"date":"2020-05-04T09:33:04","date_gmt":"2020-05-04T07:33:04","guid":{"rendered":"https:\/\/www.verdieditions.com\/equilibre-de-vie\/?post_type=product&#038;p=1100"},"modified":"2024-02-06T14:05:29","modified_gmt":"2024-02-06T13:05:29","slug":"savoir-vivre-nuls-caracalla","status":"publish","type":"product","link":"https:\/\/www.verdieditions.com\/equilibre-de-vie\/produit\/savoir-vivre-nuls-caracalla\/","title":{"rendered":"Le savoir-vivre pour les nuls &#8211; Laurence CARACALLA"},"content":{"rendered":"<p>Auteur : Laurence CARACALLA<br \/>\nTitre : Le savoir-vivre pour les nuls<br \/>\n\u00c9diteur : First, 2011<br \/>\nEtat excellent<br \/>\nDim. 19 x 23<br \/>\n0,990 kg<br \/>\n452 pages<\/p>\n<p>Vous \u00eates pris d&rsquo;angoisse \u00e0 l&rsquo;id\u00e9e d&rsquo;inviter \u00e0 d\u00eener votre belle-m\u00e8re, au moment de passer un entretien d&#8217;embauche ou de participer \u00e0 un d\u00e9jeuner d&rsquo;affaires ? Envoyer un mot de remerciement ou de condol\u00e9ances, ce n&rsquo;est pas votre \u00ab\u00a0truc\u00a0\u00bb ? Saviez-vous qu&rsquo;on ne dit pas : \u00ab\u00a0je m&rsquo;excuse\u00a0\u00bb mais \u00ab\u00a0je vous prie de m&rsquo;excuser\u00a0\u00bb, \u00ab\u00a0on va manger\u00a0\u00bb mais \u00ab\u00a0on va d\u00e9jeuner\u00a0\u00bb, \u00ab\u00a0des fois\u00a0\u00bb mais \u00ab\u00a0parfois\u00a0\u00bb ? Lorsque vous faites des pr\u00e9sentations, saviez-vous qu&rsquo;il faut toujours pr\u00e9senter le plus jeune au plus \u00e2g\u00e9, l&rsquo;homme \u00e0 la femme ?<\/p>\n<p>Toutes ces petites choses n&rsquo;ont l&rsquo;air de rien mais nuisent gravement \u00e0 la s\u00e9r\u00e9nit\u00e9 de chacun, et peuvent vous jouer des tours sans m\u00eame que vous ne vous en aperceviez. Le savoir-vivre n&rsquo;est pas une notion obsol\u00e8te ! Au contraire, pour r\u00e9ussir sa vie personnelle et professionnelle, avoir les bons r\u00e9flexes et conna\u00eetre les bon usages n&rsquo;a jamais \u00e9t\u00e9 aussi indispensable. R\u00e9veillez la baronne (ou le baron) qui est en vous !<\/p>\n<p>Avec Le Savoir-vivre pour les Nuls, vous saurez toujours comment r\u00e9agir dans toutes les situations et ne commettrez plus d&rsquo;impairs : en soci\u00e9t\u00e9, en famille, \u00e0 l&rsquo;\u00e9tranger, au quotidien mais aussi dans les situations exceptionnelles, vous saurez tout sur l&rsquo;\u00e9tiquette, les usages et le protocole.<\/p>\n","protected":false},"excerpt":{"rendered":"<p>Auteur : Laurence CARACALLA<br \/>\nTitre : Le savoir-vivre pour les nuls<br \/>\n\u00c9diteur : First, 2011<br \/>\nEtat excellent<br \/>\nDim. 19 x 23<br \/>\n0,990 kg<br \/>\n452 pages<\/p>\n","protected":false},"featured_media":1102,"template":"","meta":[],"product_brand":[],"product_cat":[22],"product_tag":[132,135,139,169],"class_list":{"0":"post-1100","1":"product","2":"type-product","3":"status-publish","4":"has-post-thumbnail","6":"product_cat-developpement-personnel","7":"product_tag-professionnel","8":"product_tag-psychologie","9":"product_tag-relations-humaines","10":"product_tag-travail","12":"first","13":"instock","14":"shipping-taxable","15":"product-type-simple"},"yoast_head":"<!-- This site is optimized with the Yoast SEO plugin v27.4 - https:\/\/yoast.com\/product\/yoast-seo-wordpress\/ -->\n<title>Le savoir-vivre pour les nuls - Laurence CARACALLA - Equilibre de Vie<\/title>\n<meta name=\"description\" content=\"Auteur : Laurence CARACALLA Titre : Le savoir-vivre pour les nuls \u00c9diteur : First, 2011 Etat excellent Dim. 19 x 23 452 pages\" \/>\n<meta name=\"robots\" content=\"index, follow, max-snippet:-1, max-image-preview:large, max-video-preview:-1\" \/>\n<link rel=\"canonical\" href=\"https:\/\/www.verdieditions.com\/equilibre-de-vie\/produit\/savoir-vivre-nuls-caracalla\/\" \/>\n<meta property=\"og:locale\" content=\"fr_FR\" \/>\n<meta property=\"og:type\" content=\"article\" \/>\n<meta property=\"og:title\" content=\"Le savoir-vivre pour les nuls - Laurence CARACALLA - Equilibre de Vie\" \/>\n<meta property=\"og:description\" content=\"Auteur : Laurence CARACALLA Titre : Le savoir-vivre pour les nuls \u00c9diteur : First, 2011 Etat excellent Dim. 19 x 23 452 pages\" \/>\n<meta property=\"og:url\" content=\"https:\/\/www.verdieditions.com\/equilibre-de-vie\/produit\/savoir-vivre-nuls-caracalla\/\" \/>\n<meta property=\"og:site_name\" content=\"Equilibre de Vie\" \/>\n<meta property=\"article:modified_time\" content=\"2024-02-06T13:05:29+00:00\" \/>\n<meta property=\"og:image\" content=\"https:\/\/www.verdieditions.com\/equilibre-de-vie\/wp-content\/uploads\/2020\/05\/Savoir-vivre-pour-les-nuls-Caracalla-1.jpg\" \/>\n\t<meta property=\"og:image:width\" content=\"921\" \/>\n\t<meta property=\"og:image:height\" content=\"1078\" \/>\n\t<meta property=\"og:image:type\" content=\"image\/jpeg\" \/>\n<meta name=\"twitter:card\" content=\"summary_large_image\" \/>\n<meta name=\"twitter:label1\" content=\"Dur\u00e9e de lecture estim\u00e9e\" \/>\n\t<meta name=\"twitter:data1\" content=\"1 minute\" \/>\n<script type=\"application\/ld+json\" class=\"yoast-schema-graph\">{\"@context\":\"https:\\\/\\\/schema.org\",\"@graph\":[{\"@type\":\"WebPage\",\"@id\":\"https:\\\/\\\/www.verdieditions.com\\\/equilibre-de-vie\\\/produit\\\/savoir-vivre-nuls-caracalla\\\/\",\"url\":\"https:\\\/\\\/www.verdieditions.com\\\/equilibre-de-vie\\\/produit\\\/savoir-vivre-nuls-caracalla\\\/\",\"name\":\"Le savoir-vivre pour les nuls - Laurence CARACALLA - Equilibre de Vie\",\"isPartOf\":{\"@id\":\"https:\\\/\\\/www.verdieditions.com\\\/equilibre-de-vie\\\/#website\"},\"primaryImageOfPage\":{\"@id\":\"https:\\\/\\\/www.verdieditions.com\\\/equilibre-de-vie\\\/produit\\\/savoir-vivre-nuls-caracalla\\\/#primaryimage\"},\"image\":{\"@id\":\"https:\\\/\\\/www.verdieditions.com\\\/equilibre-de-vie\\\/produit\\\/savoir-vivre-nuls-caracalla\\\/#primaryimage\"},\"thumbnailUrl\":\"https:\\\/\\\/www.verdieditions.com\\\/equilibre-de-vie\\\/wp-content\\\/uploads\\\/2020\\\/05\\\/Savoir-vivre-pour-les-nuls-Caracalla-1.jpg\",\"datePublished\":\"2020-05-04T07:33:04+00:00\",\"dateModified\":\"2024-02-06T13:05:29+00:00\",\"description\":\"Auteur : Laurence CARACALLA Titre : Le savoir-vivre pour les nuls \u00c9diteur : First, 2011 Etat excellent Dim. 19 x 23 452 pages\",\"breadcrumb\":{\"@id\":\"https:\\\/\\\/www.verdieditions.com\\\/equilibre-de-vie\\\/produit\\\/savoir-vivre-nuls-caracalla\\\/#breadcrumb\"},\"inLanguage\":\"fr-FR\",\"potentialAction\":[{\"@type\":\"ReadAction\",\"target\":[\"https:\\\/\\\/www.verdieditions.com\\\/equilibre-de-vie\\\/produit\\\/savoir-vivre-nuls-caracalla\\\/\"]}]},{\"@type\":\"ImageObject\",\"inLanguage\":\"fr-FR\",\"@id\":\"https:\\\/\\\/www.verdieditions.com\\\/equilibre-de-vie\\\/produit\\\/savoir-vivre-nuls-caracalla\\\/#primaryimage\",\"url\":\"https:\\\/\\\/www.verdieditions.com\\\/equilibre-de-vie\\\/wp-content\\\/uploads\\\/2020\\\/05\\\/Savoir-vivre-pour-les-nuls-Caracalla-1.jpg\",\"contentUrl\":\"https:\\\/\\\/www.verdieditions.com\\\/equilibre-de-vie\\\/wp-content\\\/uploads\\\/2020\\\/05\\\/Savoir-vivre-pour-les-nuls-Caracalla-1.jpg\",\"width\":921,\"height\":1078,\"caption\":\"Savoir-vivre-pour-les-nuls-Caracalla-1\"},{\"@type\":\"BreadcrumbList\",\"@id\":\"https:\\\/\\\/www.verdieditions.com\\\/equilibre-de-vie\\\/produit\\\/savoir-vivre-nuls-caracalla\\\/#breadcrumb\",\"itemListElement\":[{\"@type\":\"ListItem\",\"position\":1,\"name\":\"Accueil\",\"item\":\"https:\\\/\\\/www.verdieditions.com\\\/equilibre-de-vie\\\/\"},{\"@type\":\"ListItem\",\"position\":2,\"name\":\"La boutique\",\"item\":\"https:\\\/\\\/www.verdieditions.com\\\/equilibre-de-vie\\\/boutique\\\/\"},{\"@type\":\"ListItem\",\"position\":3,\"name\":\"Le savoir-vivre pour les nuls &#8211; Laurence CARACALLA\"}]},{\"@type\":\"WebSite\",\"@id\":\"https:\\\/\\\/www.verdieditions.com\\\/equilibre-de-vie\\\/#website\",\"url\":\"https:\\\/\\\/www.verdieditions.com\\\/equilibre-de-vie\\\/\",\"name\":\"Equilibre de Vie\",\"description\":\"Ma boutique livres sant\u00e9, \u00e9sot\u00e9risme et d\u00e9veloppement personnel\",\"publisher\":{\"@id\":\"https:\\\/\\\/www.verdieditions.com\\\/equilibre-de-vie\\\/#\\\/schema\\\/person\\\/9dcb2a6759f2f5fbf43ac0b44649cecb\"},\"potentialAction\":[{\"@type\":\"SearchAction\",\"target\":{\"@type\":\"EntryPoint\",\"urlTemplate\":\"https:\\\/\\\/www.verdieditions.com\\\/equilibre-de-vie\\\/?s={search_term_string}\"},\"query-input\":{\"@type\":\"PropertyValueSpecification\",\"valueRequired\":true,\"valueName\":\"search_term_string\"}}],\"inLanguage\":\"fr-FR\"},{\"@type\":[\"Person\",\"Organization\"],\"@id\":\"https:\\\/\\\/www.verdieditions.com\\\/equilibre-de-vie\\\/#\\\/schema\\\/person\\\/9dcb2a6759f2f5fbf43ac0b44649cecb\",\"name\":\"Sylvie VERDI\",\"image\":{\"@type\":\"ImageObject\",\"inLanguage\":\"fr-FR\",\"@id\":\"https:\\\/\\\/www.verdieditions.com\\\/equilibre-de-vie\\\/wp-content\\\/uploads\\\/2020\\\/04\\\/livres-occasion-sante-esoterisme-developpement-personnel-2.jpg\",\"url\":\"https:\\\/\\\/www.verdieditions.com\\\/equilibre-de-vie\\\/wp-content\\\/uploads\\\/2020\\\/04\\\/livres-occasion-sante-esoterisme-developpement-personnel-2.jpg\",\"contentUrl\":\"https:\\\/\\\/www.verdieditions.com\\\/equilibre-de-vie\\\/wp-content\\\/uploads\\\/2020\\\/04\\\/livres-occasion-sante-esoterisme-developpement-personnel-2.jpg\",\"width\":800,\"height\":572,\"caption\":\"Sylvie VERDI\"},\"logo\":{\"@id\":\"https:\\\/\\\/www.verdieditions.com\\\/equilibre-de-vie\\\/wp-content\\\/uploads\\\/2020\\\/04\\\/livres-occasion-sante-esoterisme-developpement-personnel-2.jpg\"},\"sameAs\":[\"https:\\\/\\\/www.verdieditions.com\\\/equilibre-de-vie\"]}]}<\/script>\n<!-- \/ Yoast SEO plugin. -->","yoast_head_json":{"title":"Le savoir-vivre pour les nuls - Laurence CARACALLA - Equilibre de Vie","description":"Auteur : Laurence CARACALLA Titre : Le savoir-vivre pour les nuls \u00c9diteur : First, 2011 Etat excellent Dim. 19 x 23 452 pages","robots":{"index":"index","follow":"follow","max-snippet":"max-snippet:-1","max-image-preview":"max-image-preview:large","max-video-preview":"max-video-preview:-1"},"canonical":"https:\/\/www.verdieditions.com\/equilibre-de-vie\/produit\/savoir-vivre-nuls-caracalla\/","og_locale":"fr_FR","og_type":"article","og_title":"Le savoir-vivre pour les nuls - Laurence CARACALLA - Equilibre de Vie","og_description":"Auteur : Laurence CARACALLA Titre : Le savoir-vivre pour les nuls \u00c9diteur : First, 2011 Etat excellent Dim. 19 x 23 452 pages","og_url":"https:\/\/www.verdieditions.com\/equilibre-de-vie\/produit\/savoir-vivre-nuls-caracalla\/","og_site_name":"Equilibre de Vie","article_modified_time":"2024-02-06T13:05:29+00:00","og_image":[{"width":921,"height":1078,"url":"https:\/\/www.verdieditions.com\/equilibre-de-vie\/wp-content\/uploads\/2020\/05\/Savoir-vivre-pour-les-nuls-Caracalla-1.jpg","type":"image\/jpeg"}],"twitter_card":"summary_large_image","twitter_misc":{"Dur\u00e9e de lecture estim\u00e9e":"1 minute"},"schema":{"@context":"https:\/\/schema.org","@graph":[{"@type":"WebPage","@id":"https:\/\/www.verdieditions.com\/equilibre-de-vie\/produit\/savoir-vivre-nuls-caracalla\/","url":"https:\/\/www.verdieditions.com\/equilibre-de-vie\/produit\/savoir-vivre-nuls-caracalla\/","name":"Le savoir-vivre pour les nuls - Laurence CARACALLA - Equilibre de Vie","isPartOf":{"@id":"https:\/\/www.verdieditions.com\/equilibre-de-vie\/#website"},"primaryImageOfPage":{"@id":"https:\/\/www.verdieditions.com\/equilibre-de-vie\/produit\/savoir-vivre-nuls-caracalla\/#primaryimage"},"image":{"@id":"https:\/\/www.verdieditions.com\/equilibre-de-vie\/produit\/savoir-vivre-nuls-caracalla\/#primaryimage"},"thumbnailUrl":"https:\/\/www.verdieditions.com\/equilibre-de-vie\/wp-content\/uploads\/2020\/05\/Savoir-vivre-pour-les-nuls-Caracalla-1.jpg","datePublished":"2020-05-04T07:33:04+00:00","dateModified":"2024-02-06T13:05:29+00:00","description":"Auteur : Laurence CARACALLA Titre : Le savoir-vivre pour les nuls \u00c9diteur : First, 2011 Etat excellent Dim. 19 x 23 452 pages","breadcrumb":{"@id":"https:\/\/www.verdieditions.com\/equilibre-de-vie\/produit\/savoir-vivre-nuls-caracalla\/#breadcrumb"},"inLanguage":"fr-FR","potentialAction":[{"@type":"ReadAction","target":["https:\/\/www.verdieditions.com\/equilibre-de-vie\/produit\/savoir-vivre-nuls-caracalla\/"]}]},{"@type":"ImageObject","inLanguage":"fr-FR","@id":"https:\/\/www.verdieditions.com\/equilibre-de-vie\/produit\/savoir-vivre-nuls-caracalla\/#primaryimage","url":"https:\/\/www.verdieditions.com\/equilibre-de-vie\/wp-content\/uploads\/2020\/05\/Savoir-vivre-pour-les-nuls-Caracalla-1.jpg","contentUrl":"https:\/\/www.verdieditions.com\/equilibre-de-vie\/wp-content\/uploads\/2020\/05\/Savoir-vivre-pour-les-nuls-Caracalla-1.jpg","width":921,"height":1078,"caption":"Savoir-vivre-pour-les-nuls-Caracalla-1"},{"@type":"BreadcrumbList","@id":"https:\/\/www.verdieditions.com\/equilibre-de-vie\/produit\/savoir-vivre-nuls-caracalla\/#breadcrumb","itemListElement":[{"@type":"ListItem","position":1,"name":"Accueil","item":"https:\/\/www.verdieditions.com\/equilibre-de-vie\/"},{"@type":"ListItem","position":2,"name":"La boutique","item":"https:\/\/www.verdieditions.com\/equilibre-de-vie\/boutique\/"},{"@type":"ListItem","position":3,"name":"Le savoir-vivre pour les nuls &#8211; Laurence CARACALLA"}]},{"@type":"WebSite","@id":"https:\/\/www.verdieditions.com\/equilibre-de-vie\/#website","url":"https:\/\/www.verdieditions.com\/equilibre-de-vie\/","name":"Equilibre de Vie","description":"Ma boutique livres sant\u00e9, \u00e9sot\u00e9risme et d\u00e9veloppement personnel","publisher":{"@id":"https:\/\/www.verdieditions.com\/equilibre-de-vie\/#\/schema\/person\/9dcb2a6759f2f5fbf43ac0b44649cecb"},"potentialAction":[{"@type":"SearchAction","target":{"@type":"EntryPoint","urlTemplate":"https:\/\/www.verdieditions.com\/equilibre-de-vie\/?s={search_term_string}"},"query-input":{"@type":"PropertyValueSpecification","valueRequired":true,"valueName":"search_term_string"}}],"inLanguage":"fr-FR"},{"@type":["Person","Organization"],"@id":"https:\/\/www.verdieditions.com\/equilibre-de-vie\/#\/schema\/person\/9dcb2a6759f2f5fbf43ac0b44649cecb","name":"Sylvie VERDI","image":{"@type":"ImageObject","inLanguage":"fr-FR","@id":"https:\/\/www.verdieditions.com\/equilibre-de-vie\/wp-content\/uploads\/2020\/04\/livres-occasion-sante-esoterisme-developpement-personnel-2.jpg","url":"https:\/\/www.verdieditions.com\/equilibre-de-vie\/wp-content\/uploads\/2020\/04\/livres-occasion-sante-esoterisme-developpement-personnel-2.jpg","contentUrl":"https:\/\/www.verdieditions.com\/equilibre-de-vie\/wp-content\/uploads\/2020\/04\/livres-occasion-sante-esoterisme-developpement-personnel-2.jpg","width":800,"height":572,"caption":"Sylvie VERDI"},"logo":{"@id":"https:\/\/www.verdieditions.com\/equilibre-de-vie\/wp-content\/uploads\/2020\/04\/livres-occasion-sante-esoterisme-developpement-personnel-2.jpg"},"sameAs":["https:\/\/www.verdieditions.com\/equilibre-de-vie"]}]}},"_links":{"self":[{"href":"https:\/\/www.verdieditions.com\/equilibre-de-vie\/wp-json\/wp\/v2\/product\/1100","targetHints":{"allow":["GET"]}}],"collection":[{"href":"https:\/\/www.verdieditions.com\/equilibre-de-vie\/wp-json\/wp\/v2\/product"}],"about":[{"href":"https:\/\/www.verdieditions.com\/equilibre-de-vie\/wp-json\/wp\/v2\/types\/product"}],"wp:featuredmedia":[{"embeddable":true,"href":"https:\/\/www.verdieditions.com\/equilibre-de-vie\/wp-json\/wp\/v2\/media\/1102"}],"wp:attachment":[{"href":"https:\/\/www.verdieditions.com\/equilibre-de-vie\/wp-json\/wp\/v2\/media?parent=1100"}],"wp:term":[{"taxonomy":"product_brand","embeddable":true,"href":"https:\/\/www.verdieditions.com\/equilibre-de-vie\/wp-json\/wp\/v2\/product_brand?post=1100"},{"taxonomy":"product_cat","embeddable":true,"href":"https:\/\/www.verdieditions.com\/equilibre-de-vie\/wp-json\/wp\/v2\/product_cat?post=1100"},{"taxonomy":"product_tag","embeddable":true,"href":"https:\/\/www.verdieditions.com\/equilibre-de-vie\/wp-json\/wp\/v2\/product_tag?post=1100"}],"curies":[{"name":"wp","href":"https:\/\/api.w.org\/{rel}","templated":true}]}}