{"id":106,"date":"2020-04-22T13:18:01","date_gmt":"2020-04-22T11:18:01","guid":{"rendered":"https:\/\/www.verdieditions.com\/equilibre-de-vie\/?post_type=product&#038;p=106"},"modified":"2024-02-06T13:14:04","modified_gmt":"2024-02-06T12:14:04","slug":"astrologie-psychologie-qutre-elements-arroyo","status":"publish","type":"product","link":"https:\/\/www.verdieditions.com\/equilibre-de-vie\/produit\/astrologie-psychologie-qutre-elements-arroyo\/","title":{"rendered":"L&rsquo;astrologie, la psychologie et les quatre \u00e9l\u00e9ments &#8211; Stephen ARROYO"},"content":{"rendered":"<p>Auteur : Stephen ARROYO<br \/>\nTitre : L&rsquo;astrologie, la psychologie et les quatre \u00e9l\u00e9ments<br \/>\n\u00c9diteur : Le Rocher, 1984, collection Gnose<br \/>\n\u00c9dition originale france (textes violets)<br \/>\nDim. 13,5 x 20<br \/>\n254 pages<\/p>\n<p>\u00ab\u00a0Le ph\u00e9nom\u00e8ne humain doit \u00eatre mesur\u00e9 sur une \u00e9chelle cosmique\u00a0\u00bb, \u00e9crivait Teilhard de Chardin. Stephen Arroyo, psychologue et astrologue, a travaill\u00e9 dans cette direction pour \u00e9claircir les fondements des th\u00e9ories astrologiques comprises en terme d&rsquo;\u00e9nergie. Son travail, pr\u00e9sent\u00e9 \u00e0 la California State University, s&rsquo;adresse \u00e0 la fois au public int\u00e9ress\u00e9 par l&rsquo;astrologie s\u00e9rieuse et approfondie, et aux praticiens. Les preuves de la validit\u00e9 du \u00ab\u00a0mod\u00e8le astrologique\u00a0\u00bb sont aujourd&rsquo;hui ind\u00e9niables. Elles sont expos\u00e9es ici avec clart\u00e9, l&rsquo;auteur montrant comment l&rsquo;astrologie peut \u00eatre efficacement utilis\u00e9e dans les arts de conseils, \u00e0 condition que l&rsquo;astrologue re\u00e7oive une formation psychologique. La symbolique des quatre \u00e9l\u00e9ments est particuli\u00e8rement pr\u00e9cieuse dans ce domaine ; aspects, relations plan\u00e9taires, maisons, comparaisons de th\u00e8mes prennent une signification globale, facilitant une interpr\u00e9tation synth\u00e9tique qui est la cl\u00e9 de l&rsquo;art de l&rsquo;astrologue. L&rsquo;ouvrage de Stephen Arroyo est repr\u00e9sentatif du courant de \u00ab\u00a0l&rsquo;astrologie humaniste\u00a0\u00bb dont le plus c\u00e9l\u00e8bre repr\u00e9sentant est Dane Rudhyar, auquel ce livre est d\u00e9di\u00e9.<\/p>\n","protected":false},"excerpt":{"rendered":"<p>Auteur : Stephen ARROYO<br \/>\nTitre : L&rsquo;astrologie, la psychologie et les quatre \u00e9l\u00e9ments<br \/>\n\u00c9diteur : Le Rocher, 1984, collection Gnose<br \/>\n\u00c9dition originale france (textes violets)<br \/>\nDim. 13,5 x 20<br \/>\n254 pages<\/p>\n","protected":false},"featured_media":107,"template":"","meta":[],"product_brand":[],"product_cat":[23],"product_tag":[34,79,135,163],"class_list":{"0":"post-106","1":"product","2":"type-product","3":"status-publish","4":"has-post-thumbnail","6":"product_cat-esoterisme","7":"product_tag-astrologie","8":"product_tag-humaniste","9":"product_tag-psychologie","10":"product_tag-theme-astral","12":"first","13":"instock","14":"shipping-taxable","15":"product-type-simple"},"yoast_head":"<!-- This site is optimized with the Yoast SEO plugin v27.4 - https:\/\/yoast.com\/product\/yoast-seo-wordpress\/ -->\n<title>L&#039;astrologie, la psychologie et les quatre \u00e9l\u00e9ments - Stephen ARROYO - Equilibre de Vie<\/title>\n<meta name=\"description\" content=\"Auteur : Stephen ARROYO Titre : L\u2019astrologie, la psychologie et les quatre \u00e9l\u00e9ments \u00c9diteur : Le Rocher, 1984, collection Gnose \u00c9dition originale france (textes violets) Dim. 13,5 x 20 254 pages\" \/>\n<meta name=\"robots\" content=\"index, follow, max-snippet:-1, max-image-preview:large, max-video-preview:-1\" \/>\n<link rel=\"canonical\" href=\"https:\/\/www.verdieditions.com\/equilibre-de-vie\/produit\/astrologie-psychologie-qutre-elements-arroyo\/\" \/>\n<meta property=\"og:locale\" content=\"fr_FR\" \/>\n<meta property=\"og:type\" content=\"article\" \/>\n<meta property=\"og:title\" content=\"L&#039;astrologie, la psychologie et les quatre \u00e9l\u00e9ments - Stephen ARROYO - Equilibre de Vie\" \/>\n<meta property=\"og:description\" content=\"Auteur : Stephen ARROYO Titre : L\u2019astrologie, la psychologie et les quatre \u00e9l\u00e9ments \u00c9diteur : Le Rocher, 1984, collection Gnose \u00c9dition originale france (textes violets) Dim. 13,5 x 20 254 pages\" \/>\n<meta property=\"og:url\" content=\"https:\/\/www.verdieditions.com\/equilibre-de-vie\/produit\/astrologie-psychologie-qutre-elements-arroyo\/\" \/>\n<meta property=\"og:site_name\" content=\"Equilibre de Vie\" \/>\n<meta property=\"article:modified_time\" content=\"2024-02-06T12:14:04+00:00\" \/>\n<meta property=\"og:image\" content=\"https:\/\/www.verdieditions.com\/equilibre-de-vie\/wp-content\/uploads\/2020\/04\/Astrologie-Psychologie-4-elements-Arroyo.jpg\" \/>\n\t<meta property=\"og:image:width\" content=\"841\" \/>\n\t<meta property=\"og:image:height\" content=\"1224\" \/>\n\t<meta property=\"og:image:type\" content=\"image\/jpeg\" \/>\n<meta name=\"twitter:card\" content=\"summary_large_image\" \/>\n<meta name=\"twitter:label1\" content=\"Dur\u00e9e de lecture estim\u00e9e\" \/>\n\t<meta name=\"twitter:data1\" content=\"1 minute\" \/>\n<script type=\"application\/ld+json\" class=\"yoast-schema-graph\">{\"@context\":\"https:\\\/\\\/schema.org\",\"@graph\":[{\"@type\":\"WebPage\",\"@id\":\"https:\\\/\\\/www.verdieditions.com\\\/equilibre-de-vie\\\/produit\\\/astrologie-psychologie-qutre-elements-arroyo\\\/\",\"url\":\"https:\\\/\\\/www.verdieditions.com\\\/equilibre-de-vie\\\/produit\\\/astrologie-psychologie-qutre-elements-arroyo\\\/\",\"name\":\"L'astrologie, la psychologie et les quatre \u00e9l\u00e9ments - Stephen ARROYO - Equilibre de Vie\",\"isPartOf\":{\"@id\":\"https:\\\/\\\/www.verdieditions.com\\\/equilibre-de-vie\\\/#website\"},\"primaryImageOfPage\":{\"@id\":\"https:\\\/\\\/www.verdieditions.com\\\/equilibre-de-vie\\\/produit\\\/astrologie-psychologie-qutre-elements-arroyo\\\/#primaryimage\"},\"image\":{\"@id\":\"https:\\\/\\\/www.verdieditions.com\\\/equilibre-de-vie\\\/produit\\\/astrologie-psychologie-qutre-elements-arroyo\\\/#primaryimage\"},\"thumbnailUrl\":\"https:\\\/\\\/www.verdieditions.com\\\/equilibre-de-vie\\\/wp-content\\\/uploads\\\/2020\\\/04\\\/Astrologie-Psychologie-4-elements-Arroyo.jpg\",\"datePublished\":\"2020-04-22T11:18:01+00:00\",\"dateModified\":\"2024-02-06T12:14:04+00:00\",\"description\":\"Auteur : Stephen ARROYO Titre : L\u2019astrologie, la psychologie et les quatre \u00e9l\u00e9ments \u00c9diteur : Le Rocher, 1984, collection Gnose \u00c9dition originale france (textes violets) Dim. 13,5 x 20 254 pages\",\"breadcrumb\":{\"@id\":\"https:\\\/\\\/www.verdieditions.com\\\/equilibre-de-vie\\\/produit\\\/astrologie-psychologie-qutre-elements-arroyo\\\/#breadcrumb\"},\"inLanguage\":\"fr-FR\",\"potentialAction\":[{\"@type\":\"ReadAction\",\"target\":[\"https:\\\/\\\/www.verdieditions.com\\\/equilibre-de-vie\\\/produit\\\/astrologie-psychologie-qutre-elements-arroyo\\\/\"]}]},{\"@type\":\"ImageObject\",\"inLanguage\":\"fr-FR\",\"@id\":\"https:\\\/\\\/www.verdieditions.com\\\/equilibre-de-vie\\\/produit\\\/astrologie-psychologie-qutre-elements-arroyo\\\/#primaryimage\",\"url\":\"https:\\\/\\\/www.verdieditions.com\\\/equilibre-de-vie\\\/wp-content\\\/uploads\\\/2020\\\/04\\\/Astrologie-Psychologie-4-elements-Arroyo.jpg\",\"contentUrl\":\"https:\\\/\\\/www.verdieditions.com\\\/equilibre-de-vie\\\/wp-content\\\/uploads\\\/2020\\\/04\\\/Astrologie-Psychologie-4-elements-Arroyo.jpg\",\"width\":841,\"height\":1224,\"caption\":\"Astrologie-Psychologie-4 elements-Arroyo\"},{\"@type\":\"BreadcrumbList\",\"@id\":\"https:\\\/\\\/www.verdieditions.com\\\/equilibre-de-vie\\\/produit\\\/astrologie-psychologie-qutre-elements-arroyo\\\/#breadcrumb\",\"itemListElement\":[{\"@type\":\"ListItem\",\"position\":1,\"name\":\"Accueil\",\"item\":\"https:\\\/\\\/www.verdieditions.com\\\/equilibre-de-vie\\\/\"},{\"@type\":\"ListItem\",\"position\":2,\"name\":\"La boutique\",\"item\":\"https:\\\/\\\/www.verdieditions.com\\\/equilibre-de-vie\\\/boutique\\\/\"},{\"@type\":\"ListItem\",\"position\":3,\"name\":\"L&#8217;astrologie, la psychologie et les quatre \u00e9l\u00e9ments &#8211; Stephen ARROYO\"}]},{\"@type\":\"WebSite\",\"@id\":\"https:\\\/\\\/www.verdieditions.com\\\/equilibre-de-vie\\\/#website\",\"url\":\"https:\\\/\\\/www.verdieditions.com\\\/equilibre-de-vie\\\/\",\"name\":\"Equilibre de Vie\",\"description\":\"Ma boutique livres sant\u00e9, \u00e9sot\u00e9risme et d\u00e9veloppement personnel\",\"publisher\":{\"@id\":\"https:\\\/\\\/www.verdieditions.com\\\/equilibre-de-vie\\\/#\\\/schema\\\/person\\\/9dcb2a6759f2f5fbf43ac0b44649cecb\"},\"potentialAction\":[{\"@type\":\"SearchAction\",\"target\":{\"@type\":\"EntryPoint\",\"urlTemplate\":\"https:\\\/\\\/www.verdieditions.com\\\/equilibre-de-vie\\\/?s={search_term_string}\"},\"query-input\":{\"@type\":\"PropertyValueSpecification\",\"valueRequired\":true,\"valueName\":\"search_term_string\"}}],\"inLanguage\":\"fr-FR\"},{\"@type\":[\"Person\",\"Organization\"],\"@id\":\"https:\\\/\\\/www.verdieditions.com\\\/equilibre-de-vie\\\/#\\\/schema\\\/person\\\/9dcb2a6759f2f5fbf43ac0b44649cecb\",\"name\":\"Sylvie VERDI\",\"image\":{\"@type\":\"ImageObject\",\"inLanguage\":\"fr-FR\",\"@id\":\"https:\\\/\\\/www.verdieditions.com\\\/equilibre-de-vie\\\/wp-content\\\/uploads\\\/2020\\\/04\\\/livres-occasion-sante-esoterisme-developpement-personnel-2.jpg\",\"url\":\"https:\\\/\\\/www.verdieditions.com\\\/equilibre-de-vie\\\/wp-content\\\/uploads\\\/2020\\\/04\\\/livres-occasion-sante-esoterisme-developpement-personnel-2.jpg\",\"contentUrl\":\"https:\\\/\\\/www.verdieditions.com\\\/equilibre-de-vie\\\/wp-content\\\/uploads\\\/2020\\\/04\\\/livres-occasion-sante-esoterisme-developpement-personnel-2.jpg\",\"width\":800,\"height\":572,\"caption\":\"Sylvie VERDI\"},\"logo\":{\"@id\":\"https:\\\/\\\/www.verdieditions.com\\\/equilibre-de-vie\\\/wp-content\\\/uploads\\\/2020\\\/04\\\/livres-occasion-sante-esoterisme-developpement-personnel-2.jpg\"},\"sameAs\":[\"https:\\\/\\\/www.verdieditions.com\\\/equilibre-de-vie\"]}]}<\/script>\n<!-- \/ Yoast SEO plugin. -->","yoast_head_json":{"title":"L'astrologie, la psychologie et les quatre \u00e9l\u00e9ments - Stephen ARROYO - Equilibre de Vie","description":"Auteur : Stephen ARROYO Titre : L\u2019astrologie, la psychologie et les quatre \u00e9l\u00e9ments \u00c9diteur : Le Rocher, 1984, collection Gnose \u00c9dition originale france (textes violets) Dim. 13,5 x 20 254 pages","robots":{"index":"index","follow":"follow","max-snippet":"max-snippet:-1","max-image-preview":"max-image-preview:large","max-video-preview":"max-video-preview:-1"},"canonical":"https:\/\/www.verdieditions.com\/equilibre-de-vie\/produit\/astrologie-psychologie-qutre-elements-arroyo\/","og_locale":"fr_FR","og_type":"article","og_title":"L'astrologie, la psychologie et les quatre \u00e9l\u00e9ments - Stephen ARROYO - Equilibre de Vie","og_description":"Auteur : Stephen ARROYO Titre : L\u2019astrologie, la psychologie et les quatre \u00e9l\u00e9ments \u00c9diteur : Le Rocher, 1984, collection Gnose \u00c9dition originale france (textes violets) Dim. 13,5 x 20 254 pages","og_url":"https:\/\/www.verdieditions.com\/equilibre-de-vie\/produit\/astrologie-psychologie-qutre-elements-arroyo\/","og_site_name":"Equilibre de Vie","article_modified_time":"2024-02-06T12:14:04+00:00","og_image":[{"width":841,"height":1224,"url":"https:\/\/www.verdieditions.com\/equilibre-de-vie\/wp-content\/uploads\/2020\/04\/Astrologie-Psychologie-4-elements-Arroyo.jpg","type":"image\/jpeg"}],"twitter_card":"summary_large_image","twitter_misc":{"Dur\u00e9e de lecture estim\u00e9e":"1 minute"},"schema":{"@context":"https:\/\/schema.org","@graph":[{"@type":"WebPage","@id":"https:\/\/www.verdieditions.com\/equilibre-de-vie\/produit\/astrologie-psychologie-qutre-elements-arroyo\/","url":"https:\/\/www.verdieditions.com\/equilibre-de-vie\/produit\/astrologie-psychologie-qutre-elements-arroyo\/","name":"L'astrologie, la psychologie et les quatre \u00e9l\u00e9ments - Stephen ARROYO - Equilibre de Vie","isPartOf":{"@id":"https:\/\/www.verdieditions.com\/equilibre-de-vie\/#website"},"primaryImageOfPage":{"@id":"https:\/\/www.verdieditions.com\/equilibre-de-vie\/produit\/astrologie-psychologie-qutre-elements-arroyo\/#primaryimage"},"image":{"@id":"https:\/\/www.verdieditions.com\/equilibre-de-vie\/produit\/astrologie-psychologie-qutre-elements-arroyo\/#primaryimage"},"thumbnailUrl":"https:\/\/www.verdieditions.com\/equilibre-de-vie\/wp-content\/uploads\/2020\/04\/Astrologie-Psychologie-4-elements-Arroyo.jpg","datePublished":"2020-04-22T11:18:01+00:00","dateModified":"2024-02-06T12:14:04+00:00","description":"Auteur : Stephen ARROYO Titre : L\u2019astrologie, la psychologie et les quatre \u00e9l\u00e9ments \u00c9diteur : Le Rocher, 1984, collection Gnose \u00c9dition originale france (textes violets) Dim. 13,5 x 20 254 pages","breadcrumb":{"@id":"https:\/\/www.verdieditions.com\/equilibre-de-vie\/produit\/astrologie-psychologie-qutre-elements-arroyo\/#breadcrumb"},"inLanguage":"fr-FR","potentialAction":[{"@type":"ReadAction","target":["https:\/\/www.verdieditions.com\/equilibre-de-vie\/produit\/astrologie-psychologie-qutre-elements-arroyo\/"]}]},{"@type":"ImageObject","inLanguage":"fr-FR","@id":"https:\/\/www.verdieditions.com\/equilibre-de-vie\/produit\/astrologie-psychologie-qutre-elements-arroyo\/#primaryimage","url":"https:\/\/www.verdieditions.com\/equilibre-de-vie\/wp-content\/uploads\/2020\/04\/Astrologie-Psychologie-4-elements-Arroyo.jpg","contentUrl":"https:\/\/www.verdieditions.com\/equilibre-de-vie\/wp-content\/uploads\/2020\/04\/Astrologie-Psychologie-4-elements-Arroyo.jpg","width":841,"height":1224,"caption":"Astrologie-Psychologie-4 elements-Arroyo"},{"@type":"BreadcrumbList","@id":"https:\/\/www.verdieditions.com\/equilibre-de-vie\/produit\/astrologie-psychologie-qutre-elements-arroyo\/#breadcrumb","itemListElement":[{"@type":"ListItem","position":1,"name":"Accueil","item":"https:\/\/www.verdieditions.com\/equilibre-de-vie\/"},{"@type":"ListItem","position":2,"name":"La boutique","item":"https:\/\/www.verdieditions.com\/equilibre-de-vie\/boutique\/"},{"@type":"ListItem","position":3,"name":"L&#8217;astrologie, la psychologie et les quatre \u00e9l\u00e9ments &#8211; Stephen ARROYO"}]},{"@type":"WebSite","@id":"https:\/\/www.verdieditions.com\/equilibre-de-vie\/#website","url":"https:\/\/www.verdieditions.com\/equilibre-de-vie\/","name":"Equilibre de Vie","description":"Ma boutique livres sant\u00e9, \u00e9sot\u00e9risme et d\u00e9veloppement personnel","publisher":{"@id":"https:\/\/www.verdieditions.com\/equilibre-de-vie\/#\/schema\/person\/9dcb2a6759f2f5fbf43ac0b44649cecb"},"potentialAction":[{"@type":"SearchAction","target":{"@type":"EntryPoint","urlTemplate":"https:\/\/www.verdieditions.com\/equilibre-de-vie\/?s={search_term_string}"},"query-input":{"@type":"PropertyValueSpecification","valueRequired":true,"valueName":"search_term_string"}}],"inLanguage":"fr-FR"},{"@type":["Person","Organization"],"@id":"https:\/\/www.verdieditions.com\/equilibre-de-vie\/#\/schema\/person\/9dcb2a6759f2f5fbf43ac0b44649cecb","name":"Sylvie VERDI","image":{"@type":"ImageObject","inLanguage":"fr-FR","@id":"https:\/\/www.verdieditions.com\/equilibre-de-vie\/wp-content\/uploads\/2020\/04\/livres-occasion-sante-esoterisme-developpement-personnel-2.jpg","url":"https:\/\/www.verdieditions.com\/equilibre-de-vie\/wp-content\/uploads\/2020\/04\/livres-occasion-sante-esoterisme-developpement-personnel-2.jpg","contentUrl":"https:\/\/www.verdieditions.com\/equilibre-de-vie\/wp-content\/uploads\/2020\/04\/livres-occasion-sante-esoterisme-developpement-personnel-2.jpg","width":800,"height":572,"caption":"Sylvie VERDI"},"logo":{"@id":"https:\/\/www.verdieditions.com\/equilibre-de-vie\/wp-content\/uploads\/2020\/04\/livres-occasion-sante-esoterisme-developpement-personnel-2.jpg"},"sameAs":["https:\/\/www.verdieditions.com\/equilibre-de-vie"]}]}},"_links":{"self":[{"href":"https:\/\/www.verdieditions.com\/equilibre-de-vie\/wp-json\/wp\/v2\/product\/106","targetHints":{"allow":["GET"]}}],"collection":[{"href":"https:\/\/www.verdieditions.com\/equilibre-de-vie\/wp-json\/wp\/v2\/product"}],"about":[{"href":"https:\/\/www.verdieditions.com\/equilibre-de-vie\/wp-json\/wp\/v2\/types\/product"}],"wp:featuredmedia":[{"embeddable":true,"href":"https:\/\/www.verdieditions.com\/equilibre-de-vie\/wp-json\/wp\/v2\/media\/107"}],"wp:attachment":[{"href":"https:\/\/www.verdieditions.com\/equilibre-de-vie\/wp-json\/wp\/v2\/media?parent=106"}],"wp:term":[{"taxonomy":"product_brand","embeddable":true,"href":"https:\/\/www.verdieditions.com\/equilibre-de-vie\/wp-json\/wp\/v2\/product_brand?post=106"},{"taxonomy":"product_cat","embeddable":true,"href":"https:\/\/www.verdieditions.com\/equilibre-de-vie\/wp-json\/wp\/v2\/product_cat?post=106"},{"taxonomy":"product_tag","embeddable":true,"href":"https:\/\/www.verdieditions.com\/equilibre-de-vie\/wp-json\/wp\/v2\/product_tag?post=106"}],"curies":[{"name":"wp","href":"https:\/\/api.w.org\/{rel}","templated":true}]}}