{"id":104,"date":"2020-04-22T13:11:21","date_gmt":"2020-04-22T11:11:21","guid":{"rendered":"https:\/\/www.verdieditions.com\/equilibre-de-vie\/?post_type=product&#038;p=104"},"modified":"2024-02-06T13:14:35","modified_gmt":"2024-02-06T12:14:35","slug":"noeuds-lune-cles-interpretation-astrologique-atalane","status":"publish","type":"product","link":"https:\/\/www.verdieditions.com\/equilibre-de-vie\/produit\/noeuds-lune-cles-interpretation-astrologique-atalane\/","title":{"rendered":"Les noeuds de la lune, cl\u00e9s de l&rsquo;interpr\u00e9tation astrologique &#8211; ATALANE"},"content":{"rendered":"<p>Auteur : ATALANE<br \/>\nTitre : Les noeuds de la lune, cl\u00e9s de l&rsquo;interpr\u00e9tation astrologique<br \/>\n\u00c9diteur : Le Rocher, Jean Paul Bertrand, 1987, collection Gnose<br \/>\n\u00c9dition originale (textes violets)<br \/>\nDim. 13,5 x 20<br \/>\n245 pages<\/p>\n<p>Rudhyar d\u00e9j\u00e0 liait l&rsquo;axe des noeuds lunaires \u00e0 l&rsquo;orientation d\u00e9sirable de chaque destin\u00e9e. Atalane va plus loin. Il nous montre pourquoi et comment les noeuds lunaires sont les cl\u00e9s v\u00e9ritables qui ouvrent toutes les portes de la personnalit\u00e9 dans ses fondements les plus secrets. L&rsquo;axe des noeuds est bien l&rsquo;axe karmique de notre destin\u00e9e, celui qui r\u00e9v\u00e8le notre \u00a0\u00bb mission de vie \u00ab\u00a0. Il en est, en quelque sorte, la colonne vert\u00e9brale. Au-del\u00e0 de l&rsquo;analyse didactique, cet ouvrage nous r\u00e9v\u00e8le nos points faibles avec une pr\u00e9cision \u00e9tonnante mais nous enseigne surtout comment les corriger. Car, si le noeud sud montre le travers \u00e9vident, le noeud nord indique la solution, le chemin \u00e0 emprunter. L&rsquo;auteur envisage tous les cas de figures possibles en signes et en maisons et offre au lecteur profane comme \u00e0 l&rsquo;initi\u00e9 une interpr\u00e9tation jusqu&rsquo;alors in\u00e9dite du transit des noeuds dans les douze champs d&rsquo;exp\u00e9rience qu&rsquo;il nous est donn\u00e9 de pratiquer. Un ouvrage qui nous propose une v\u00e9ritable philosophie de vie et un enthousiasme pour se mettre \u00e0 l&rsquo;oeuvre.<\/p>\n","protected":false},"excerpt":{"rendered":"<p>Auteur : ATALANE<br \/>\nTitre : Les noeuds de la lune, cl\u00e9s de l&rsquo;interpr\u00e9tation astrologique<br \/>\n\u00c9diteur : Le Rocher, Jean Paul Bertrand, 1987, collection Gnose<br \/>\n\u00c9dition originale (textes violets)<br \/>\nDim. 13,5 x 20<br \/>\n245 pages<\/p>\n","protected":false},"featured_media":105,"template":"","meta":[],"product_brand":[],"product_cat":[23],"product_tag":[34,85,111,172],"class_list":{"0":"post-104","1":"product","2":"type-product","3":"status-publish","4":"has-post-thumbnail","6":"product_cat-esoterisme","7":"product_tag-astrologie","8":"product_tag-karma","9":"product_tag-noeuds-lunaires","10":"product_tag-vie-anterieure","12":"first","13":"instock","14":"featured","15":"shipping-taxable","16":"product-type-simple"},"yoast_head":"<!-- This site is optimized with the Yoast SEO plugin v27.4 - https:\/\/yoast.com\/product\/yoast-seo-wordpress\/ -->\n<title>Les noeuds de la lune, cl\u00e9s de l&#039;interpr\u00e9tation astrologique - ATALANE - Equilibre de Vie<\/title>\n<meta name=\"description\" content=\"Auteur : ATALANE Titre : Les noeuds de la lune, cl\u00e9s de l\u2019interpr\u00e9tation astrologique \u00c9diteur : Le Rocher, Jean Paul Bertrand, 1987, collection Gnose \u00c9dition originale (textes violets) Dim. 13,5 x 20 245 pages\" \/>\n<meta name=\"robots\" content=\"index, follow, max-snippet:-1, max-image-preview:large, max-video-preview:-1\" \/>\n<link rel=\"canonical\" href=\"https:\/\/www.verdieditions.com\/equilibre-de-vie\/produit\/noeuds-lune-cles-interpretation-astrologique-atalane\/\" \/>\n<meta property=\"og:locale\" content=\"fr_FR\" \/>\n<meta property=\"og:type\" content=\"article\" \/>\n<meta property=\"og:title\" content=\"Les noeuds de la lune, cl\u00e9s de l&#039;interpr\u00e9tation astrologique - ATALANE - Equilibre de Vie\" \/>\n<meta property=\"og:description\" content=\"Auteur : ATALANE Titre : Les noeuds de la lune, cl\u00e9s de l\u2019interpr\u00e9tation astrologique \u00c9diteur : Le Rocher, Jean Paul Bertrand, 1987, collection Gnose \u00c9dition originale (textes violets) Dim. 13,5 x 20 245 pages\" \/>\n<meta property=\"og:url\" content=\"https:\/\/www.verdieditions.com\/equilibre-de-vie\/produit\/noeuds-lune-cles-interpretation-astrologique-atalane\/\" \/>\n<meta property=\"og:site_name\" content=\"Equilibre de Vie\" \/>\n<meta property=\"article:modified_time\" content=\"2024-02-06T12:14:35+00:00\" \/>\n<meta property=\"og:image\" content=\"https:\/\/www.verdieditions.com\/equilibre-de-vie\/wp-content\/uploads\/2020\/04\/noeuds-lune-cle-interpretation-astro-atalane.jpg\" \/>\n\t<meta property=\"og:image:width\" content=\"869\" \/>\n\t<meta property=\"og:image:height\" content=\"1244\" \/>\n\t<meta property=\"og:image:type\" content=\"image\/jpeg\" \/>\n<meta name=\"twitter:card\" content=\"summary_large_image\" \/>\n<meta name=\"twitter:label1\" content=\"Dur\u00e9e de lecture estim\u00e9e\" \/>\n\t<meta name=\"twitter:data1\" content=\"1 minute\" \/>\n<script type=\"application\/ld+json\" class=\"yoast-schema-graph\">{\"@context\":\"https:\\\/\\\/schema.org\",\"@graph\":[{\"@type\":\"WebPage\",\"@id\":\"https:\\\/\\\/www.verdieditions.com\\\/equilibre-de-vie\\\/produit\\\/noeuds-lune-cles-interpretation-astrologique-atalane\\\/\",\"url\":\"https:\\\/\\\/www.verdieditions.com\\\/equilibre-de-vie\\\/produit\\\/noeuds-lune-cles-interpretation-astrologique-atalane\\\/\",\"name\":\"Les noeuds de la lune, cl\u00e9s de l'interpr\u00e9tation astrologique - ATALANE - Equilibre de Vie\",\"isPartOf\":{\"@id\":\"https:\\\/\\\/www.verdieditions.com\\\/equilibre-de-vie\\\/#website\"},\"primaryImageOfPage\":{\"@id\":\"https:\\\/\\\/www.verdieditions.com\\\/equilibre-de-vie\\\/produit\\\/noeuds-lune-cles-interpretation-astrologique-atalane\\\/#primaryimage\"},\"image\":{\"@id\":\"https:\\\/\\\/www.verdieditions.com\\\/equilibre-de-vie\\\/produit\\\/noeuds-lune-cles-interpretation-astrologique-atalane\\\/#primaryimage\"},\"thumbnailUrl\":\"https:\\\/\\\/www.verdieditions.com\\\/equilibre-de-vie\\\/wp-content\\\/uploads\\\/2020\\\/04\\\/noeuds-lune-cle-interpretation-astro-atalane.jpg\",\"datePublished\":\"2020-04-22T11:11:21+00:00\",\"dateModified\":\"2024-02-06T12:14:35+00:00\",\"description\":\"Auteur : ATALANE Titre : Les noeuds de la lune, cl\u00e9s de l\u2019interpr\u00e9tation astrologique \u00c9diteur : Le Rocher, Jean Paul Bertrand, 1987, collection Gnose \u00c9dition originale (textes violets) Dim. 13,5 x 20 245 pages\",\"breadcrumb\":{\"@id\":\"https:\\\/\\\/www.verdieditions.com\\\/equilibre-de-vie\\\/produit\\\/noeuds-lune-cles-interpretation-astrologique-atalane\\\/#breadcrumb\"},\"inLanguage\":\"fr-FR\",\"potentialAction\":[{\"@type\":\"ReadAction\",\"target\":[\"https:\\\/\\\/www.verdieditions.com\\\/equilibre-de-vie\\\/produit\\\/noeuds-lune-cles-interpretation-astrologique-atalane\\\/\"]}]},{\"@type\":\"ImageObject\",\"inLanguage\":\"fr-FR\",\"@id\":\"https:\\\/\\\/www.verdieditions.com\\\/equilibre-de-vie\\\/produit\\\/noeuds-lune-cles-interpretation-astrologique-atalane\\\/#primaryimage\",\"url\":\"https:\\\/\\\/www.verdieditions.com\\\/equilibre-de-vie\\\/wp-content\\\/uploads\\\/2020\\\/04\\\/noeuds-lune-cle-interpretation-astro-atalane.jpg\",\"contentUrl\":\"https:\\\/\\\/www.verdieditions.com\\\/equilibre-de-vie\\\/wp-content\\\/uploads\\\/2020\\\/04\\\/noeuds-lune-cle-interpretation-astro-atalane.jpg\",\"width\":869,\"height\":1244,\"caption\":\"noeuds-lune-cle-interpretation-astrologique-atalane\"},{\"@type\":\"BreadcrumbList\",\"@id\":\"https:\\\/\\\/www.verdieditions.com\\\/equilibre-de-vie\\\/produit\\\/noeuds-lune-cles-interpretation-astrologique-atalane\\\/#breadcrumb\",\"itemListElement\":[{\"@type\":\"ListItem\",\"position\":1,\"name\":\"Accueil\",\"item\":\"https:\\\/\\\/www.verdieditions.com\\\/equilibre-de-vie\\\/\"},{\"@type\":\"ListItem\",\"position\":2,\"name\":\"La boutique\",\"item\":\"https:\\\/\\\/www.verdieditions.com\\\/equilibre-de-vie\\\/boutique\\\/\"},{\"@type\":\"ListItem\",\"position\":3,\"name\":\"Les noeuds de la lune, cl\u00e9s de l&#8217;interpr\u00e9tation astrologique &#8211; ATALANE\"}]},{\"@type\":\"WebSite\",\"@id\":\"https:\\\/\\\/www.verdieditions.com\\\/equilibre-de-vie\\\/#website\",\"url\":\"https:\\\/\\\/www.verdieditions.com\\\/equilibre-de-vie\\\/\",\"name\":\"Equilibre de Vie\",\"description\":\"Ma boutique livres sant\u00e9, \u00e9sot\u00e9risme et d\u00e9veloppement personnel\",\"publisher\":{\"@id\":\"https:\\\/\\\/www.verdieditions.com\\\/equilibre-de-vie\\\/#\\\/schema\\\/person\\\/9dcb2a6759f2f5fbf43ac0b44649cecb\"},\"potentialAction\":[{\"@type\":\"SearchAction\",\"target\":{\"@type\":\"EntryPoint\",\"urlTemplate\":\"https:\\\/\\\/www.verdieditions.com\\\/equilibre-de-vie\\\/?s={search_term_string}\"},\"query-input\":{\"@type\":\"PropertyValueSpecification\",\"valueRequired\":true,\"valueName\":\"search_term_string\"}}],\"inLanguage\":\"fr-FR\"},{\"@type\":[\"Person\",\"Organization\"],\"@id\":\"https:\\\/\\\/www.verdieditions.com\\\/equilibre-de-vie\\\/#\\\/schema\\\/person\\\/9dcb2a6759f2f5fbf43ac0b44649cecb\",\"name\":\"Sylvie VERDI\",\"image\":{\"@type\":\"ImageObject\",\"inLanguage\":\"fr-FR\",\"@id\":\"https:\\\/\\\/www.verdieditions.com\\\/equilibre-de-vie\\\/wp-content\\\/uploads\\\/2020\\\/04\\\/livres-occasion-sante-esoterisme-developpement-personnel-2.jpg\",\"url\":\"https:\\\/\\\/www.verdieditions.com\\\/equilibre-de-vie\\\/wp-content\\\/uploads\\\/2020\\\/04\\\/livres-occasion-sante-esoterisme-developpement-personnel-2.jpg\",\"contentUrl\":\"https:\\\/\\\/www.verdieditions.com\\\/equilibre-de-vie\\\/wp-content\\\/uploads\\\/2020\\\/04\\\/livres-occasion-sante-esoterisme-developpement-personnel-2.jpg\",\"width\":800,\"height\":572,\"caption\":\"Sylvie VERDI\"},\"logo\":{\"@id\":\"https:\\\/\\\/www.verdieditions.com\\\/equilibre-de-vie\\\/wp-content\\\/uploads\\\/2020\\\/04\\\/livres-occasion-sante-esoterisme-developpement-personnel-2.jpg\"},\"sameAs\":[\"https:\\\/\\\/www.verdieditions.com\\\/equilibre-de-vie\"]}]}<\/script>\n<!-- \/ Yoast SEO plugin. -->","yoast_head_json":{"title":"Les noeuds de la lune, cl\u00e9s de l'interpr\u00e9tation astrologique - ATALANE - Equilibre de Vie","description":"Auteur : ATALANE Titre : Les noeuds de la lune, cl\u00e9s de l\u2019interpr\u00e9tation astrologique \u00c9diteur : Le Rocher, Jean Paul Bertrand, 1987, collection Gnose \u00c9dition originale (textes violets) Dim. 13,5 x 20 245 pages","robots":{"index":"index","follow":"follow","max-snippet":"max-snippet:-1","max-image-preview":"max-image-preview:large","max-video-preview":"max-video-preview:-1"},"canonical":"https:\/\/www.verdieditions.com\/equilibre-de-vie\/produit\/noeuds-lune-cles-interpretation-astrologique-atalane\/","og_locale":"fr_FR","og_type":"article","og_title":"Les noeuds de la lune, cl\u00e9s de l'interpr\u00e9tation astrologique - ATALANE - Equilibre de Vie","og_description":"Auteur : ATALANE Titre : Les noeuds de la lune, cl\u00e9s de l\u2019interpr\u00e9tation astrologique \u00c9diteur : Le Rocher, Jean Paul Bertrand, 1987, collection Gnose \u00c9dition originale (textes violets) Dim. 13,5 x 20 245 pages","og_url":"https:\/\/www.verdieditions.com\/equilibre-de-vie\/produit\/noeuds-lune-cles-interpretation-astrologique-atalane\/","og_site_name":"Equilibre de Vie","article_modified_time":"2024-02-06T12:14:35+00:00","og_image":[{"width":869,"height":1244,"url":"https:\/\/www.verdieditions.com\/equilibre-de-vie\/wp-content\/uploads\/2020\/04\/noeuds-lune-cle-interpretation-astro-atalane.jpg","type":"image\/jpeg"}],"twitter_card":"summary_large_image","twitter_misc":{"Dur\u00e9e de lecture estim\u00e9e":"1 minute"},"schema":{"@context":"https:\/\/schema.org","@graph":[{"@type":"WebPage","@id":"https:\/\/www.verdieditions.com\/equilibre-de-vie\/produit\/noeuds-lune-cles-interpretation-astrologique-atalane\/","url":"https:\/\/www.verdieditions.com\/equilibre-de-vie\/produit\/noeuds-lune-cles-interpretation-astrologique-atalane\/","name":"Les noeuds de la lune, cl\u00e9s de l'interpr\u00e9tation astrologique - ATALANE - Equilibre de Vie","isPartOf":{"@id":"https:\/\/www.verdieditions.com\/equilibre-de-vie\/#website"},"primaryImageOfPage":{"@id":"https:\/\/www.verdieditions.com\/equilibre-de-vie\/produit\/noeuds-lune-cles-interpretation-astrologique-atalane\/#primaryimage"},"image":{"@id":"https:\/\/www.verdieditions.com\/equilibre-de-vie\/produit\/noeuds-lune-cles-interpretation-astrologique-atalane\/#primaryimage"},"thumbnailUrl":"https:\/\/www.verdieditions.com\/equilibre-de-vie\/wp-content\/uploads\/2020\/04\/noeuds-lune-cle-interpretation-astro-atalane.jpg","datePublished":"2020-04-22T11:11:21+00:00","dateModified":"2024-02-06T12:14:35+00:00","description":"Auteur : ATALANE Titre : Les noeuds de la lune, cl\u00e9s de l\u2019interpr\u00e9tation astrologique \u00c9diteur : Le Rocher, Jean Paul Bertrand, 1987, collection Gnose \u00c9dition originale (textes violets) Dim. 13,5 x 20 245 pages","breadcrumb":{"@id":"https:\/\/www.verdieditions.com\/equilibre-de-vie\/produit\/noeuds-lune-cles-interpretation-astrologique-atalane\/#breadcrumb"},"inLanguage":"fr-FR","potentialAction":[{"@type":"ReadAction","target":["https:\/\/www.verdieditions.com\/equilibre-de-vie\/produit\/noeuds-lune-cles-interpretation-astrologique-atalane\/"]}]},{"@type":"ImageObject","inLanguage":"fr-FR","@id":"https:\/\/www.verdieditions.com\/equilibre-de-vie\/produit\/noeuds-lune-cles-interpretation-astrologique-atalane\/#primaryimage","url":"https:\/\/www.verdieditions.com\/equilibre-de-vie\/wp-content\/uploads\/2020\/04\/noeuds-lune-cle-interpretation-astro-atalane.jpg","contentUrl":"https:\/\/www.verdieditions.com\/equilibre-de-vie\/wp-content\/uploads\/2020\/04\/noeuds-lune-cle-interpretation-astro-atalane.jpg","width":869,"height":1244,"caption":"noeuds-lune-cle-interpretation-astrologique-atalane"},{"@type":"BreadcrumbList","@id":"https:\/\/www.verdieditions.com\/equilibre-de-vie\/produit\/noeuds-lune-cles-interpretation-astrologique-atalane\/#breadcrumb","itemListElement":[{"@type":"ListItem","position":1,"name":"Accueil","item":"https:\/\/www.verdieditions.com\/equilibre-de-vie\/"},{"@type":"ListItem","position":2,"name":"La boutique","item":"https:\/\/www.verdieditions.com\/equilibre-de-vie\/boutique\/"},{"@type":"ListItem","position":3,"name":"Les noeuds de la lune, cl\u00e9s de l&#8217;interpr\u00e9tation astrologique &#8211; ATALANE"}]},{"@type":"WebSite","@id":"https:\/\/www.verdieditions.com\/equilibre-de-vie\/#website","url":"https:\/\/www.verdieditions.com\/equilibre-de-vie\/","name":"Equilibre de Vie","description":"Ma boutique livres sant\u00e9, \u00e9sot\u00e9risme et d\u00e9veloppement personnel","publisher":{"@id":"https:\/\/www.verdieditions.com\/equilibre-de-vie\/#\/schema\/person\/9dcb2a6759f2f5fbf43ac0b44649cecb"},"potentialAction":[{"@type":"SearchAction","target":{"@type":"EntryPoint","urlTemplate":"https:\/\/www.verdieditions.com\/equilibre-de-vie\/?s={search_term_string}"},"query-input":{"@type":"PropertyValueSpecification","valueRequired":true,"valueName":"search_term_string"}}],"inLanguage":"fr-FR"},{"@type":["Person","Organization"],"@id":"https:\/\/www.verdieditions.com\/equilibre-de-vie\/#\/schema\/person\/9dcb2a6759f2f5fbf43ac0b44649cecb","name":"Sylvie VERDI","image":{"@type":"ImageObject","inLanguage":"fr-FR","@id":"https:\/\/www.verdieditions.com\/equilibre-de-vie\/wp-content\/uploads\/2020\/04\/livres-occasion-sante-esoterisme-developpement-personnel-2.jpg","url":"https:\/\/www.verdieditions.com\/equilibre-de-vie\/wp-content\/uploads\/2020\/04\/livres-occasion-sante-esoterisme-developpement-personnel-2.jpg","contentUrl":"https:\/\/www.verdieditions.com\/equilibre-de-vie\/wp-content\/uploads\/2020\/04\/livres-occasion-sante-esoterisme-developpement-personnel-2.jpg","width":800,"height":572,"caption":"Sylvie VERDI"},"logo":{"@id":"https:\/\/www.verdieditions.com\/equilibre-de-vie\/wp-content\/uploads\/2020\/04\/livres-occasion-sante-esoterisme-developpement-personnel-2.jpg"},"sameAs":["https:\/\/www.verdieditions.com\/equilibre-de-vie"]}]}},"_links":{"self":[{"href":"https:\/\/www.verdieditions.com\/equilibre-de-vie\/wp-json\/wp\/v2\/product\/104","targetHints":{"allow":["GET"]}}],"collection":[{"href":"https:\/\/www.verdieditions.com\/equilibre-de-vie\/wp-json\/wp\/v2\/product"}],"about":[{"href":"https:\/\/www.verdieditions.com\/equilibre-de-vie\/wp-json\/wp\/v2\/types\/product"}],"wp:featuredmedia":[{"embeddable":true,"href":"https:\/\/www.verdieditions.com\/equilibre-de-vie\/wp-json\/wp\/v2\/media\/105"}],"wp:attachment":[{"href":"https:\/\/www.verdieditions.com\/equilibre-de-vie\/wp-json\/wp\/v2\/media?parent=104"}],"wp:term":[{"taxonomy":"product_brand","embeddable":true,"href":"https:\/\/www.verdieditions.com\/equilibre-de-vie\/wp-json\/wp\/v2\/product_brand?post=104"},{"taxonomy":"product_cat","embeddable":true,"href":"https:\/\/www.verdieditions.com\/equilibre-de-vie\/wp-json\/wp\/v2\/product_cat?post=104"},{"taxonomy":"product_tag","embeddable":true,"href":"https:\/\/www.verdieditions.com\/equilibre-de-vie\/wp-json\/wp\/v2\/product_tag?post=104"}],"curies":[{"name":"wp","href":"https:\/\/api.w.org\/{rel}","templated":true}]}}