{"id":2418,"date":"2025-07-26T21:11:17","date_gmt":"2025-07-26T19:11:17","guid":{"rendered":"https:\/\/www.verdieditions.com\/equilibre-de-vie\/?page_id=2418"},"modified":"2025-07-26T21:40:44","modified_gmt":"2025-07-26T19:40:44","slug":"cgv","status":"publish","type":"page","link":"https:\/\/www.verdieditions.com\/equilibre-de-vie\/cgv\/","title":{"rendered":"CGV"},"content":{"rendered":"<h2>Conditions G\u00e9n\u00e9rales de Vente de ma Boutique Equilibre de Vie<\/h2>\n<h3>1 &#8211; D\u00e9finir clairement les modalit\u00e9s de notre \u00e9change<\/h3>\n<p>Ma Boutique Verdi Editions Equilibre de Vie est une boutique personnelle de vente de mes livres d&rsquo;occasion, de Particulier \u00e0 Particulier. Toutefois, en raison du caract\u00e8re sp\u00e9cifique des livres, il me para\u00eet important, comme pour toute vente, de d\u00e9finir clairement les modalit\u00e9s de notre \u00e9change. Je suis webmaster, alors, au lieu de mettre mes livres en vente sur les gros mastodontes o\u00f9 ils seraient noy\u00e9s dans la masse, j&rsquo;ai pr\u00e9f\u00e9r\u00e9 cr\u00e9er ma propre Boutique th\u00e9matique.<br \/>\nEt comme pour mes trois autres Boutiques (<a href=\"https:\/\/www.verdieditions.com\/cd-pop-rock\/\">La Boutique CD Pop Rock<\/a>, la <a href=\"https:\/\/www.verdieditions.com\/politique-societe\/boutique\/\">Boutique Politique et Soci\u00e9t\u00e9<\/a> et <a href=\"https:\/\/www.verdieditions.com\/\"> la Boutique Verdi Editions<\/a>), les articles sont authentiques, les images originales &#038; conformes, et <strong>les retours et remboursements ne sont pas accept\u00e9s<\/strong>.<\/p>\n<h3>2 &#8211; Tous les articles sont authentiques <\/h3>\n<p>Tous les articles en vente dans ma Boutique sont authentiques. Pas une seule copie ni contrefa\u00e7on ! En effet, en raison des progr\u00e8s de la technique actuelle, il est facile de \u00ab\u00a0copier\u00a0\u00bb un livre ou de le \u00ab\u00a0r\u00e9\u00e9diter\u00a0\u00bb. Tous mes articles en vente sont authentiques : vous achetez les livres d&rsquo;\u00e9poque, des collectors, souvent \u00e9puis\u00e9s.<\/p>\n<h3>3 &#8211; Les Photos sont r\u00e9elles : vous achetez ce que vous voyez !<\/h3>\n<p><strong>Toutes les photos des livres sont r\u00e9elles.<\/strong><br \/>\nJe prends moi-m\u00eame les photos de tous mes articles : <strong>vous achetez ce que vous voyez !<\/strong><br \/>\nLes descriptions sont faites au plus juste et comprennent les dates d&rsquo;\u00e9dition ou d&rsquo;impression. En cas de besoin de d&rsquo;informations ou de photos suppl\u00e9mentaires, vous pouvez me contacter <em>avant la commande<\/em>, mes coordonn\u00e9es sont en pied de page du site. Pour une r\u00e9ponse rapide, me contacter par mail ou via le <a href=\"https:\/\/www.verdieditions.com\/contact\/\">formulaire de contact<\/a>.<\/p>\n<h3>4 &#8211; Exp\u00e9ditions : des emballages soign\u00e9s<\/h3>\n<p>Tous les livres sont exp\u00e9di\u00e9s dans un emballage adapt\u00e9, \u00e0 bulles ou rigide pour que vous receviez votre commande en bon \u00e9tat. En cas de r\u00e9ception d&rsquo;un colis ab\u00eem\u00e9, vous pouvez poser une r\u00e9clamation \u00e0 La Poste ou \u00e0 Mondial Relay.<\/p>\n<h3>5 &#8211; Payez en toute s\u00e9curit\u00e9<\/h3>\n<p>Pour vos achats, la Boutique vous propose trois types de paiement : paiement par <strong>virement<\/strong> (livraison \u00e0 r\u00e9ception du virement), paiement via votre compte <strong>PayPal<\/strong> et paiement par <strong>CB s\u00e9curis\u00e9 3D Secure<\/strong>.<\/p>\n<h3>6 &#8211; Exp\u00e9ditions avec Suivi<\/h3>\n<p>La Boutique Verdi Editions Equilibre de Vie propose des formules d&rsquo;exp\u00e9dition selon le type d&rsquo;article : <strong>Lettre avec Suivi<\/strong>, <strong>Colissimo<\/strong>, <strong>Mondial Relay en Point relay<\/strong> et <strong>Mondial Relay \u00e0 Domicile<\/strong>.<br \/>\nTous les envois sont tra\u00e7ables, je vous communique votre \u00ab\u00a0Num\u00e9ro de Suivi\u00a0\u00bb pour la Poste. Pour les livraisons Mondial Relay, je vous communique votre num\u00e9ro sur demande par mail. Vous pouvez vous informer en temps r\u00e9el de l&rsquo;avancement de la livraison de votre commande sur le site du transporteur.<\/p>\n<h3>7 &#8211; Des livraisons rapides<\/h3>\n<p>Rien n&rsquo;est plus insupportable d&rsquo;attendre plusieurs semaines avant de recevoir son achat&#8230;. et pourtant, c&rsquo;est monnaie courante ! Les achats que vous faites dans la journ\u00e9e avant 16H et pay\u00e9s imm\u00e9diatement sont post\u00e9s le soir m\u00eame. Je vous communique le num\u00e9ro de Suivi par mail. Pour les livraisons Mondial Relay, je vous communique votre num\u00e9ro sur demande par mail.<\/p>\n<h3>8 &#8211; Retours &#038; R\u00e9clamations<\/h3>\n<p>Afin de dissuader les plaisantins qui \u00e9changeraient les livres et qui poseraient une r\u00e9clamation pour un \u00e9change, un remboursement ou un retour, veuillez noter que <strong>les retours et remboursements ne sont pas accept\u00e9s<\/strong>. Je g\u00e8re deux autres Boutiques sans aucun probl\u00e8me et mon int\u00e9r\u00eat est de vous livrer un produit conforme  et que vous soyez satisfait. Lors de la commande, vous validez la Politique de Confidentialit\u00e9 et les Conditions G\u00e9n\u00e9rales de Vente (CGV).<br \/>\nRappel : les livres sont d&rsquo;occasion et uniques. Ce ne sont pas des produits neufs.<br \/>\nToutes les exp\u00e9ditions poss\u00e8dent un Num\u00e9ro de Suivi (Lettre avec Suivi, Colissimo ou Mondial Relay).<\/p>\n<p>Besoin d&rsquo;un renseignement avant la commande ? N&rsquo;h\u00e9sitez pas \u00e0 me <a href=\"https:\/\/www.verdieditions.com\/equilibre-de-vie\/contact\/\">contacter<\/a>.<\/p>\n<p>Bonne visite sur ma Boutique !<br \/>\nCordialement.<br \/>\nSylvie<\/p>\n<p>&nbsp;<br \/>\n<a href=\"https:\/\/www.verdieditions.com\/boutique\/\" class=\"su-button su-button-style-default\" style=\"color:#FFFFFF;background-color:000000;border-color:000000;border-radius:4px\" target=\"_self\"><span style=\"color:#FFFFFF;padding:6px 18px;font-size:14px;line-height:21px;border-color:000000;border-radius:4px;text-shadow:none\"><i class=\"sui sui-shopping-cart\" style=\"font-size:14px;color:#FFFFFF\"><\/i> Retour \u00e0 la Boutique<\/span><\/a>\n&nbsp;<\/p>\n","protected":false},"excerpt":{"rendered":"<p>Conditions G\u00e9n\u00e9rales de Vente de ma Boutique Equilibre de Vie 1 &#8211; D\u00e9finir clairement les modalit\u00e9s de notre \u00e9change Ma Boutique Verdi Editions Equilibre de Vie est une boutique personnelle de vente de mes livres d&rsquo;occasion, de Particulier \u00e0 Particulier. &hellip; <a class=\"kt-excerpt-readmore\" href=\"https:\/\/www.verdieditions.com\/equilibre-de-vie\/cgv\/\" aria-label=\"CGV\">Lire la suite<\/a><\/p>\n","protected":false},"author":1,"featured_media":1061,"parent":0,"menu_order":0,"comment_status":"closed","ping_status":"closed","template":"","meta":{"footnotes":""},"class_list":["post-2418","page","type-page","status-publish","has-post-thumbnail","hentry"],"yoast_head":"<!-- This site is optimized with the Yoast SEO plugin v27.4 - https:\/\/yoast.com\/product\/yoast-seo-wordpress\/ -->\n<title>CGV - Equilibre de Vie<\/title>\n<meta name=\"robots\" content=\"noindex, follow\" \/>\n<meta property=\"og:locale\" content=\"fr_FR\" \/>\n<meta property=\"og:type\" content=\"article\" \/>\n<meta property=\"og:title\" content=\"CGV - Equilibre de Vie\" \/>\n<meta property=\"og:description\" content=\"Conditions G\u00e9n\u00e9rales de Vente de ma Boutique Equilibre de Vie 1 &#8211; D\u00e9finir clairement les modalit\u00e9s de notre \u00e9change Ma Boutique Verdi Editions Equilibre de Vie est une boutique personnelle de vente de mes livres d&rsquo;occasion, de Particulier \u00e0 Particulier. &hellip; Lire la suite\" \/>\n<meta property=\"og:url\" content=\"https:\/\/www.verdieditions.com\/equilibre-de-vie\/cgv\/\" \/>\n<meta property=\"og:site_name\" content=\"Equilibre de Vie\" \/>\n<meta property=\"article:modified_time\" content=\"2025-07-26T19:40:44+00:00\" \/>\n<meta property=\"og:image\" content=\"https:\/\/www.verdieditions.com\/equilibre-de-vie\/wp-content\/uploads\/2020\/04\/boutique-esoterisme-livres-occasion-1.png\" \/>\n\t<meta property=\"og:image:width\" content=\"1920\" \/>\n\t<meta property=\"og:image:height\" content=\"1080\" \/>\n\t<meta property=\"og:image:type\" content=\"image\/png\" \/>\n<meta name=\"twitter:card\" content=\"summary_large_image\" \/>\n<meta name=\"twitter:label1\" content=\"Dur\u00e9e de lecture estim\u00e9e\" \/>\n\t<meta name=\"twitter:data1\" content=\"3 minutes\" \/>\n<script type=\"application\/ld+json\" class=\"yoast-schema-graph\">{\"@context\":\"https:\\\/\\\/schema.org\",\"@graph\":[{\"@type\":\"WebPage\",\"@id\":\"https:\\\/\\\/www.verdieditions.com\\\/equilibre-de-vie\\\/cgv\\\/\",\"url\":\"https:\\\/\\\/www.verdieditions.com\\\/equilibre-de-vie\\\/cgv\\\/\",\"name\":\"CGV - Equilibre de Vie\",\"isPartOf\":{\"@id\":\"https:\\\/\\\/www.verdieditions.com\\\/equilibre-de-vie\\\/#website\"},\"primaryImageOfPage\":{\"@id\":\"https:\\\/\\\/www.verdieditions.com\\\/equilibre-de-vie\\\/cgv\\\/#primaryimage\"},\"image\":{\"@id\":\"https:\\\/\\\/www.verdieditions.com\\\/equilibre-de-vie\\\/cgv\\\/#primaryimage\"},\"thumbnailUrl\":\"https:\\\/\\\/www.verdieditions.com\\\/equilibre-de-vie\\\/wp-content\\\/uploads\\\/2020\\\/04\\\/boutique-esoterisme-livres-occasion-1.png\",\"datePublished\":\"2025-07-26T19:11:17+00:00\",\"dateModified\":\"2025-07-26T19:40:44+00:00\",\"breadcrumb\":{\"@id\":\"https:\\\/\\\/www.verdieditions.com\\\/equilibre-de-vie\\\/cgv\\\/#breadcrumb\"},\"inLanguage\":\"fr-FR\",\"potentialAction\":[{\"@type\":\"ReadAction\",\"target\":[\"https:\\\/\\\/www.verdieditions.com\\\/equilibre-de-vie\\\/cgv\\\/\"]}]},{\"@type\":\"ImageObject\",\"inLanguage\":\"fr-FR\",\"@id\":\"https:\\\/\\\/www.verdieditions.com\\\/equilibre-de-vie\\\/cgv\\\/#primaryimage\",\"url\":\"https:\\\/\\\/www.verdieditions.com\\\/equilibre-de-vie\\\/wp-content\\\/uploads\\\/2020\\\/04\\\/boutique-esoterisme-livres-occasion-1.png\",\"contentUrl\":\"https:\\\/\\\/www.verdieditions.com\\\/equilibre-de-vie\\\/wp-content\\\/uploads\\\/2020\\\/04\\\/boutique-esoterisme-livres-occasion-1.png\",\"width\":1920,\"height\":1080,\"caption\":\"boutique-esoterisme-livres-occasion-contact-wishlist\"},{\"@type\":\"BreadcrumbList\",\"@id\":\"https:\\\/\\\/www.verdieditions.com\\\/equilibre-de-vie\\\/cgv\\\/#breadcrumb\",\"itemListElement\":[{\"@type\":\"ListItem\",\"position\":1,\"name\":\"Accueil\",\"item\":\"https:\\\/\\\/www.verdieditions.com\\\/equilibre-de-vie\\\/\"},{\"@type\":\"ListItem\",\"position\":2,\"name\":\"CGV\"}]},{\"@type\":\"WebSite\",\"@id\":\"https:\\\/\\\/www.verdieditions.com\\\/equilibre-de-vie\\\/#website\",\"url\":\"https:\\\/\\\/www.verdieditions.com\\\/equilibre-de-vie\\\/\",\"name\":\"Equilibre de Vie\",\"description\":\"Ma boutique livres sant\u00e9, \u00e9sot\u00e9risme et d\u00e9veloppement personnel\",\"publisher\":{\"@id\":\"https:\\\/\\\/www.verdieditions.com\\\/equilibre-de-vie\\\/#\\\/schema\\\/person\\\/9dcb2a6759f2f5fbf43ac0b44649cecb\"},\"potentialAction\":[{\"@type\":\"SearchAction\",\"target\":{\"@type\":\"EntryPoint\",\"urlTemplate\":\"https:\\\/\\\/www.verdieditions.com\\\/equilibre-de-vie\\\/?s={search_term_string}\"},\"query-input\":{\"@type\":\"PropertyValueSpecification\",\"valueRequired\":true,\"valueName\":\"search_term_string\"}}],\"inLanguage\":\"fr-FR\"},{\"@type\":[\"Person\",\"Organization\"],\"@id\":\"https:\\\/\\\/www.verdieditions.com\\\/equilibre-de-vie\\\/#\\\/schema\\\/person\\\/9dcb2a6759f2f5fbf43ac0b44649cecb\",\"name\":\"Sylvie VERDI\",\"image\":{\"@type\":\"ImageObject\",\"inLanguage\":\"fr-FR\",\"@id\":\"https:\\\/\\\/www.verdieditions.com\\\/equilibre-de-vie\\\/wp-content\\\/uploads\\\/2020\\\/04\\\/livres-occasion-sante-esoterisme-developpement-personnel-2.jpg\",\"url\":\"https:\\\/\\\/www.verdieditions.com\\\/equilibre-de-vie\\\/wp-content\\\/uploads\\\/2020\\\/04\\\/livres-occasion-sante-esoterisme-developpement-personnel-2.jpg\",\"contentUrl\":\"https:\\\/\\\/www.verdieditions.com\\\/equilibre-de-vie\\\/wp-content\\\/uploads\\\/2020\\\/04\\\/livres-occasion-sante-esoterisme-developpement-personnel-2.jpg\",\"width\":800,\"height\":572,\"caption\":\"Sylvie VERDI\"},\"logo\":{\"@id\":\"https:\\\/\\\/www.verdieditions.com\\\/equilibre-de-vie\\\/wp-content\\\/uploads\\\/2020\\\/04\\\/livres-occasion-sante-esoterisme-developpement-personnel-2.jpg\"},\"sameAs\":[\"https:\\\/\\\/www.verdieditions.com\\\/equilibre-de-vie\"]}]}<\/script>\n<!-- \/ Yoast SEO plugin. -->","yoast_head_json":{"title":"CGV - Equilibre de Vie","robots":{"index":"noindex","follow":"follow"},"og_locale":"fr_FR","og_type":"article","og_title":"CGV - Equilibre de Vie","og_description":"Conditions G\u00e9n\u00e9rales de Vente de ma Boutique Equilibre de Vie 1 &#8211; D\u00e9finir clairement les modalit\u00e9s de notre \u00e9change Ma Boutique Verdi Editions Equilibre de Vie est une boutique personnelle de vente de mes livres d&rsquo;occasion, de Particulier \u00e0 Particulier. &hellip; Lire la suite","og_url":"https:\/\/www.verdieditions.com\/equilibre-de-vie\/cgv\/","og_site_name":"Equilibre de Vie","article_modified_time":"2025-07-26T19:40:44+00:00","og_image":[{"width":1920,"height":1080,"url":"https:\/\/www.verdieditions.com\/equilibre-de-vie\/wp-content\/uploads\/2020\/04\/boutique-esoterisme-livres-occasion-1.png","type":"image\/png"}],"twitter_card":"summary_large_image","twitter_misc":{"Dur\u00e9e de lecture estim\u00e9e":"3 minutes"},"schema":{"@context":"https:\/\/schema.org","@graph":[{"@type":"WebPage","@id":"https:\/\/www.verdieditions.com\/equilibre-de-vie\/cgv\/","url":"https:\/\/www.verdieditions.com\/equilibre-de-vie\/cgv\/","name":"CGV - Equilibre de Vie","isPartOf":{"@id":"https:\/\/www.verdieditions.com\/equilibre-de-vie\/#website"},"primaryImageOfPage":{"@id":"https:\/\/www.verdieditions.com\/equilibre-de-vie\/cgv\/#primaryimage"},"image":{"@id":"https:\/\/www.verdieditions.com\/equilibre-de-vie\/cgv\/#primaryimage"},"thumbnailUrl":"https:\/\/www.verdieditions.com\/equilibre-de-vie\/wp-content\/uploads\/2020\/04\/boutique-esoterisme-livres-occasion-1.png","datePublished":"2025-07-26T19:11:17+00:00","dateModified":"2025-07-26T19:40:44+00:00","breadcrumb":{"@id":"https:\/\/www.verdieditions.com\/equilibre-de-vie\/cgv\/#breadcrumb"},"inLanguage":"fr-FR","potentialAction":[{"@type":"ReadAction","target":["https:\/\/www.verdieditions.com\/equilibre-de-vie\/cgv\/"]}]},{"@type":"ImageObject","inLanguage":"fr-FR","@id":"https:\/\/www.verdieditions.com\/equilibre-de-vie\/cgv\/#primaryimage","url":"https:\/\/www.verdieditions.com\/equilibre-de-vie\/wp-content\/uploads\/2020\/04\/boutique-esoterisme-livres-occasion-1.png","contentUrl":"https:\/\/www.verdieditions.com\/equilibre-de-vie\/wp-content\/uploads\/2020\/04\/boutique-esoterisme-livres-occasion-1.png","width":1920,"height":1080,"caption":"boutique-esoterisme-livres-occasion-contact-wishlist"},{"@type":"BreadcrumbList","@id":"https:\/\/www.verdieditions.com\/equilibre-de-vie\/cgv\/#breadcrumb","itemListElement":[{"@type":"ListItem","position":1,"name":"Accueil","item":"https:\/\/www.verdieditions.com\/equilibre-de-vie\/"},{"@type":"ListItem","position":2,"name":"CGV"}]},{"@type":"WebSite","@id":"https:\/\/www.verdieditions.com\/equilibre-de-vie\/#website","url":"https:\/\/www.verdieditions.com\/equilibre-de-vie\/","name":"Equilibre de Vie","description":"Ma boutique livres sant\u00e9, \u00e9sot\u00e9risme et d\u00e9veloppement personnel","publisher":{"@id":"https:\/\/www.verdieditions.com\/equilibre-de-vie\/#\/schema\/person\/9dcb2a6759f2f5fbf43ac0b44649cecb"},"potentialAction":[{"@type":"SearchAction","target":{"@type":"EntryPoint","urlTemplate":"https:\/\/www.verdieditions.com\/equilibre-de-vie\/?s={search_term_string}"},"query-input":{"@type":"PropertyValueSpecification","valueRequired":true,"valueName":"search_term_string"}}],"inLanguage":"fr-FR"},{"@type":["Person","Organization"],"@id":"https:\/\/www.verdieditions.com\/equilibre-de-vie\/#\/schema\/person\/9dcb2a6759f2f5fbf43ac0b44649cecb","name":"Sylvie VERDI","image":{"@type":"ImageObject","inLanguage":"fr-FR","@id":"https:\/\/www.verdieditions.com\/equilibre-de-vie\/wp-content\/uploads\/2020\/04\/livres-occasion-sante-esoterisme-developpement-personnel-2.jpg","url":"https:\/\/www.verdieditions.com\/equilibre-de-vie\/wp-content\/uploads\/2020\/04\/livres-occasion-sante-esoterisme-developpement-personnel-2.jpg","contentUrl":"https:\/\/www.verdieditions.com\/equilibre-de-vie\/wp-content\/uploads\/2020\/04\/livres-occasion-sante-esoterisme-developpement-personnel-2.jpg","width":800,"height":572,"caption":"Sylvie VERDI"},"logo":{"@id":"https:\/\/www.verdieditions.com\/equilibre-de-vie\/wp-content\/uploads\/2020\/04\/livres-occasion-sante-esoterisme-developpement-personnel-2.jpg"},"sameAs":["https:\/\/www.verdieditions.com\/equilibre-de-vie"]}]}},"_links":{"self":[{"href":"https:\/\/www.verdieditions.com\/equilibre-de-vie\/wp-json\/wp\/v2\/pages\/2418","targetHints":{"allow":["GET"]}}],"collection":[{"href":"https:\/\/www.verdieditions.com\/equilibre-de-vie\/wp-json\/wp\/v2\/pages"}],"about":[{"href":"https:\/\/www.verdieditions.com\/equilibre-de-vie\/wp-json\/wp\/v2\/types\/page"}],"author":[{"embeddable":true,"href":"https:\/\/www.verdieditions.com\/equilibre-de-vie\/wp-json\/wp\/v2\/users\/1"}],"replies":[{"embeddable":true,"href":"https:\/\/www.verdieditions.com\/equilibre-de-vie\/wp-json\/wp\/v2\/comments?post=2418"}],"version-history":[{"count":3,"href":"https:\/\/www.verdieditions.com\/equilibre-de-vie\/wp-json\/wp\/v2\/pages\/2418\/revisions"}],"predecessor-version":[{"id":2427,"href":"https:\/\/www.verdieditions.com\/equilibre-de-vie\/wp-json\/wp\/v2\/pages\/2418\/revisions\/2427"}],"wp:featuredmedia":[{"embeddable":true,"href":"https:\/\/www.verdieditions.com\/equilibre-de-vie\/wp-json\/wp\/v2\/media\/1061"}],"wp:attachment":[{"href":"https:\/\/www.verdieditions.com\/equilibre-de-vie\/wp-json\/wp\/v2\/media?parent=2418"}],"curies":[{"name":"wp","href":"https:\/\/api.w.org\/{rel}","templated":true}]}}